{"id":74682,"date":"2024-04-24T09:20:55","date_gmt":"2024-04-24T07:20:55","guid":{"rendered":"https:\/\/www.iskreni.net\/trgovina\/?post_type=product&#038;p=74682"},"modified":"2024-05-06T12:56:23","modified_gmt":"2024-05-06T10:56:23","slug":"kje-najti-sreco","status":"publish","type":"product","link":"https:\/\/www.iskreni.net\/trgovina\/product\/kje-najti-sreco\/","title":{"rendered":"Kje najti sre\u010do?"},"content":{"rendered":"<h4>O knjigi Kje najti sre\u010do?:<\/h4>\n<p>Kaj nam prina\u0161a resni\u010dno in trajno sre\u010do?<\/p>\n<p>\u010ceprav vsaka televizijska reklama, vsak priro\u010dnik za samopomo\u010d, pravzaprav skoraj vsak na\u0161 sogovornik ponuja svoj odgovor, v resnici le redko kdo (\u010de sploh) razume, kaj je prava sre\u010da, ki ne izvira iz mo\u010di ali oblasti, u\u017eitka, slave, imetja \u2026 Kaj nas torej resni\u010dno osre\u010duje in kako naj to najdemo?<\/p>\n<p>\u00bbBralci te knjige bodo najbr\u017e prijetno presene\u010deni, da je zasnovana na iskanju sre\u010de, \u010desar obi\u010dajno ne povezujejo z Akvinskim in kr\u0161\u010danstvom. \u017de to nakazuje, koliko smo se oddaljili od svojih korenin in srednjeve\u0161kih privezov. Ta knjiga pa nam ponuja pot k pristni sre\u010di. Med branjem sem ob\u010dutil veselje, ki je sad kreposti in darovanjske ljubezni. To je edina modrost, ki je vredna ljubezni.\u00ab (Scott Hahn v spremni besedi)<\/p>\n<p><strong>Odlomek iz knjige:<\/strong><\/p>\n<p>&#8220;To ni knjiga Fraddovih nasvetov o tem, kako postati sre\u010den \u2013 Bog ne daj! Sam sem, tako kot verjetno tudi vi, preizkusil razne poti k sre\u010di. Med drugim sem jo iskal v \u010dlove\u0161ki naklonjenosti, u\u017eivanju in srkanju koktajlov na pla\u017ei (kjer sem se ji \u0161e najbolj pribli\u017eal). Zaman sem jo iskal pri raznih gurujih, vplivne\u017eih in drugih \u226bstrokovnjakih\u226a, ki si domi\u0161ljajo, da imajo klju\u010d do sre\u010de v \u017eepu (\u010deprav se z nekaterimi od njih strinjam glede posameznih stvari, ki \u010dloveka osre\u010dujejo).<\/p>\n<p>Pa\u010d pa vam \u017eelim v tej knjigi predstaviti to, kar je o sre\u010di in poti do nje povedal eden najve\u010djih mislecev v zgodovini, Toma\u017e Akvinski. Ne glede na to, kaj si mislite o Bogu ali veri, sem prepri\u010dan, da se vam bodo \u2013 ko ga boste malo bolje spoznali \u2013 njegove misli zdele vsaj zanimive, \u010de \u017ee ne dragocene.&#8221;<\/p>\n<h4>O avtorju:<\/h4>\n<p>Matt Fradd je avstralski filozof, pisec in priljubljen ustvarjalec podkasta Pints with Aquinas; navdihujeta ga filozofsko delo in svetni\u0161ki zgled sv. Toma\u017ea Akvinskega, ki mu je posvetil ve\u010d svojih del. Tudi v Kje najti sre\u010do? sku\u0161a misel \u00bbangelskega u\u010ditelja\u00ab predstaviti v dostopnem, presenetljivo preprostem jeziku.<\/p>\n","protected":false},"excerpt":{"rendered":"<p><strong>Leto izdaje:<\/strong> 2024<br \/>\n<strong>\u0160tevilo strani:<\/strong> 172<br \/>\n<strong>Mere:<\/strong> 140 x 210 mm<\/p>\n<p><a href=\"https:\/\/www.druzina.si\/storage\/app\/media\/Spletna%20trgovina%20-%20Jo%C5%A1t\/Kje%20najti%20sreco-vzorcne%20strani.pdf\">Prelistaj knjigo<\/a><\/p>\n","protected":false},"featured_media":74684,"comment_status":"open","ping_status":"closed","template":"","meta":[],"product_brand":[],"product_cat":[2324,63],"product_tag":[],"avtor":[2757],"zalozba":[2311],"vezava":[2307],"class_list":{"0":"post-74682","1":"product","2":"type-product","3":"status-publish","4":"has-post-thumbnail","6":"product_cat-duhovnost-in-osebna-rast","7":"product_cat-knjige","8":"avtor-matt-fradd","9":"zalozba-druzina","10":"vezava-mehka","12":"first","13":"instock","14":"taxable","15":"shipping-taxable","16":"purchasable","17":"product-type-simple"},"yoast_head":"<!-- This site is optimized with the Yoast SEO plugin v26.3 - https:\/\/yoast.com\/wordpress\/plugins\/seo\/ -->\n<title>Kje najti sre\u010do?-iskreni<\/title>\n<meta name=\"description\" content=\"Ali nam angelski u\u010ditelj, srednjeve\u0161ki teolog in filozof tudi za 21. stoletje ponuja u\u010dinkovite odgovore na vpra\u0161anje, kaj je resni\u010dna sre\u010da?\" \/>\n<meta name=\"robots\" content=\"index, follow, max-snippet:-1, max-image-preview:large, max-video-preview:-1\" \/>\n<link rel=\"canonical\" href=\"https:\/\/www.iskreni.net\/trgovina\/product\/kje-najti-sreco\/\" \/>\n<meta property=\"og:locale\" content=\"sl_SI\" \/>\n<meta property=\"og:type\" content=\"article\" \/>\n<meta property=\"og:title\" content=\"Kje najti sre\u010do?\" \/>\n<meta property=\"og:description\" content=\"Ali nam angelski u\u010ditelj, srednjeve\u0161ki teolog in filozof tudi za 21. stoletje ponuja u\u010dinkovite odgovore na vpra\u0161anje, kaj je resni\u010dna sre\u010da?\" \/>\n<meta property=\"og:url\" content=\"https:\/\/www.iskreni.net\/trgovina\/product\/kje-najti-sreco\/\" \/>\n<meta property=\"og:site_name\" content=\"Zavod Iskreni\" \/>\n<meta property=\"article:modified_time\" content=\"2024-05-06T10:56:23+00:00\" \/>\n<meta property=\"og:image\" content=\"https:\/\/www.iskreni.net\/trgovina\/wp-content\/uploads\/2024\/04\/Slike-za-v-spletno-trgovino-33.jpg\" \/>\n\t<meta property=\"og:image:width\" content=\"600\" \/>\n\t<meta property=\"og:image:height\" content=\"600\" \/>\n\t<meta property=\"og:image:type\" content=\"image\/jpeg\" \/>\n<meta name=\"twitter:card\" content=\"summary_large_image\" \/>\n<meta name=\"twitter:label1\" content=\"Est. reading time\" \/>\n\t<meta name=\"twitter:data1\" content=\"2 minuti\" \/>\n<script type=\"application\/ld+json\" class=\"yoast-schema-graph\">{\"@context\":\"https:\/\/schema.org\",\"@graph\":[{\"@type\":\"WebPage\",\"@id\":\"https:\/\/www.iskreni.net\/trgovina\/product\/kje-najti-sreco\/\",\"url\":\"https:\/\/www.iskreni.net\/trgovina\/product\/kje-najti-sreco\/\",\"name\":\"Kje najti sre\u010do?-iskreni\",\"isPartOf\":{\"@id\":\"https:\/\/www.iskreni.net\/trgovina\/#website\"},\"primaryImageOfPage\":{\"@id\":\"https:\/\/www.iskreni.net\/trgovina\/product\/kje-najti-sreco\/#primaryimage\"},\"image\":{\"@id\":\"https:\/\/www.iskreni.net\/trgovina\/product\/kje-najti-sreco\/#primaryimage\"},\"thumbnailUrl\":\"https:\/\/www.iskreni.net\/trgovina\/wp-content\/uploads\/2024\/04\/Slike-za-v-spletno-trgovino-33.jpg\",\"datePublished\":\"2024-04-24T07:20:55+00:00\",\"dateModified\":\"2024-05-06T10:56:23+00:00\",\"description\":\"Ali nam angelski u\u010ditelj, srednjeve\u0161ki teolog in filozof tudi za 21. stoletje ponuja u\u010dinkovite odgovore na vpra\u0161anje, kaj je resni\u010dna sre\u010da?\",\"breadcrumb\":{\"@id\":\"https:\/\/www.iskreni.net\/trgovina\/product\/kje-najti-sreco\/#breadcrumb\"},\"inLanguage\":\"sl-SI\",\"potentialAction\":[{\"@type\":\"ReadAction\",\"target\":[\"https:\/\/www.iskreni.net\/trgovina\/product\/kje-najti-sreco\/\"]}]},{\"@type\":\"ImageObject\",\"inLanguage\":\"sl-SI\",\"@id\":\"https:\/\/www.iskreni.net\/trgovina\/product\/kje-najti-sreco\/#primaryimage\",\"url\":\"https:\/\/www.iskreni.net\/trgovina\/wp-content\/uploads\/2024\/04\/Slike-za-v-spletno-trgovino-33.jpg\",\"contentUrl\":\"https:\/\/www.iskreni.net\/trgovina\/wp-content\/uploads\/2024\/04\/Slike-za-v-spletno-trgovino-33.jpg\",\"width\":600,\"height\":600},{\"@type\":\"BreadcrumbList\",\"@id\":\"https:\/\/www.iskreni.net\/trgovina\/product\/kje-najti-sreco\/#breadcrumb\",\"itemListElement\":[{\"@type\":\"ListItem\",\"position\":1,\"name\":\"Home\",\"item\":\"https:\/\/www.iskreni.net\/trgovina\/\"},{\"@type\":\"ListItem\",\"position\":2,\"name\":\"Trgovina\",\"item\":\"https:\/\/www.iskreni.net\/trgovina\/trgovina\/\"},{\"@type\":\"ListItem\",\"position\":3,\"name\":\"Kje najti sre\u010do?\"}]},{\"@type\":\"WebSite\",\"@id\":\"https:\/\/www.iskreni.net\/trgovina\/#website\",\"url\":\"https:\/\/www.iskreni.net\/trgovina\/\",\"name\":\"Zavod Iskreni\",\"description\":\"trgovina\",\"potentialAction\":[{\"@type\":\"SearchAction\",\"target\":{\"@type\":\"EntryPoint\",\"urlTemplate\":\"https:\/\/www.iskreni.net\/trgovina\/?s={search_term_string}\"},\"query-input\":{\"@type\":\"PropertyValueSpecification\",\"valueRequired\":true,\"valueName\":\"search_term_string\"}}],\"inLanguage\":\"sl-SI\"}]}<\/script>\n<!-- \/ Yoast SEO plugin. -->","yoast_head_json":{"title":"Kje najti sre\u010do?-iskreni","description":"Ali nam angelski u\u010ditelj, srednjeve\u0161ki teolog in filozof tudi za 21. stoletje ponuja u\u010dinkovite odgovore na vpra\u0161anje, kaj je resni\u010dna sre\u010da?","robots":{"index":"index","follow":"follow","max-snippet":"max-snippet:-1","max-image-preview":"max-image-preview:large","max-video-preview":"max-video-preview:-1"},"canonical":"https:\/\/www.iskreni.net\/trgovina\/product\/kje-najti-sreco\/","og_locale":"sl_SI","og_type":"article","og_title":"Kje najti sre\u010do?","og_description":"Ali nam angelski u\u010ditelj, srednjeve\u0161ki teolog in filozof tudi za 21. stoletje ponuja u\u010dinkovite odgovore na vpra\u0161anje, kaj je resni\u010dna sre\u010da?","og_url":"https:\/\/www.iskreni.net\/trgovina\/product\/kje-najti-sreco\/","og_site_name":"Zavod Iskreni","article_modified_time":"2024-05-06T10:56:23+00:00","og_image":[{"width":600,"height":600,"url":"https:\/\/www.iskreni.net\/trgovina\/wp-content\/uploads\/2024\/04\/Slike-za-v-spletno-trgovino-33.jpg","type":"image\/jpeg"}],"twitter_card":"summary_large_image","twitter_misc":{"Est. reading time":"2 minuti"},"schema":{"@context":"https:\/\/schema.org","@graph":[{"@type":"WebPage","@id":"https:\/\/www.iskreni.net\/trgovina\/product\/kje-najti-sreco\/","url":"https:\/\/www.iskreni.net\/trgovina\/product\/kje-najti-sreco\/","name":"Kje najti sre\u010do?-iskreni","isPartOf":{"@id":"https:\/\/www.iskreni.net\/trgovina\/#website"},"primaryImageOfPage":{"@id":"https:\/\/www.iskreni.net\/trgovina\/product\/kje-najti-sreco\/#primaryimage"},"image":{"@id":"https:\/\/www.iskreni.net\/trgovina\/product\/kje-najti-sreco\/#primaryimage"},"thumbnailUrl":"https:\/\/www.iskreni.net\/trgovina\/wp-content\/uploads\/2024\/04\/Slike-za-v-spletno-trgovino-33.jpg","datePublished":"2024-04-24T07:20:55+00:00","dateModified":"2024-05-06T10:56:23+00:00","description":"Ali nam angelski u\u010ditelj, srednjeve\u0161ki teolog in filozof tudi za 21. stoletje ponuja u\u010dinkovite odgovore na vpra\u0161anje, kaj je resni\u010dna sre\u010da?","breadcrumb":{"@id":"https:\/\/www.iskreni.net\/trgovina\/product\/kje-najti-sreco\/#breadcrumb"},"inLanguage":"sl-SI","potentialAction":[{"@type":"ReadAction","target":["https:\/\/www.iskreni.net\/trgovina\/product\/kje-najti-sreco\/"]}]},{"@type":"ImageObject","inLanguage":"sl-SI","@id":"https:\/\/www.iskreni.net\/trgovina\/product\/kje-najti-sreco\/#primaryimage","url":"https:\/\/www.iskreni.net\/trgovina\/wp-content\/uploads\/2024\/04\/Slike-za-v-spletno-trgovino-33.jpg","contentUrl":"https:\/\/www.iskreni.net\/trgovina\/wp-content\/uploads\/2024\/04\/Slike-za-v-spletno-trgovino-33.jpg","width":600,"height":600},{"@type":"BreadcrumbList","@id":"https:\/\/www.iskreni.net\/trgovina\/product\/kje-najti-sreco\/#breadcrumb","itemListElement":[{"@type":"ListItem","position":1,"name":"Home","item":"https:\/\/www.iskreni.net\/trgovina\/"},{"@type":"ListItem","position":2,"name":"Trgovina","item":"https:\/\/www.iskreni.net\/trgovina\/trgovina\/"},{"@type":"ListItem","position":3,"name":"Kje najti sre\u010do?"}]},{"@type":"WebSite","@id":"https:\/\/www.iskreni.net\/trgovina\/#website","url":"https:\/\/www.iskreni.net\/trgovina\/","name":"Zavod Iskreni","description":"trgovina","potentialAction":[{"@type":"SearchAction","target":{"@type":"EntryPoint","urlTemplate":"https:\/\/www.iskreni.net\/trgovina\/?s={search_term_string}"},"query-input":{"@type":"PropertyValueSpecification","valueRequired":true,"valueName":"search_term_string"}}],"inLanguage":"sl-SI"}]}},"_links":{"self":[{"href":"https:\/\/www.iskreni.net\/trgovina\/wp-json\/wp\/v2\/product\/74682","targetHints":{"allow":["GET"]}}],"collection":[{"href":"https:\/\/www.iskreni.net\/trgovina\/wp-json\/wp\/v2\/product"}],"about":[{"href":"https:\/\/www.iskreni.net\/trgovina\/wp-json\/wp\/v2\/types\/product"}],"replies":[{"embeddable":true,"href":"https:\/\/www.iskreni.net\/trgovina\/wp-json\/wp\/v2\/comments?post=74682"}],"version-history":[{"count":2,"href":"https:\/\/www.iskreni.net\/trgovina\/wp-json\/wp\/v2\/product\/74682\/revisions"}],"predecessor-version":[{"id":74685,"href":"https:\/\/www.iskreni.net\/trgovina\/wp-json\/wp\/v2\/product\/74682\/revisions\/74685"}],"wp:featuredmedia":[{"embeddable":true,"href":"https:\/\/www.iskreni.net\/trgovina\/wp-json\/wp\/v2\/media\/74684"}],"wp:attachment":[{"href":"https:\/\/www.iskreni.net\/trgovina\/wp-json\/wp\/v2\/media?parent=74682"}],"wp:term":[{"taxonomy":"product_brand","embeddable":true,"href":"https:\/\/www.iskreni.net\/trgovina\/wp-json\/wp\/v2\/product_brand?post=74682"},{"taxonomy":"product_cat","embeddable":true,"href":"https:\/\/www.iskreni.net\/trgovina\/wp-json\/wp\/v2\/product_cat?post=74682"},{"taxonomy":"product_tag","embeddable":true,"href":"https:\/\/www.iskreni.net\/trgovina\/wp-json\/wp\/v2\/product_tag?post=74682"},{"taxonomy":"avtor","embeddable":true,"href":"https:\/\/www.iskreni.net\/trgovina\/wp-json\/wp\/v2\/avtor?post=74682"},{"taxonomy":"zalozba","embeddable":true,"href":"https:\/\/www.iskreni.net\/trgovina\/wp-json\/wp\/v2\/zalozba?post=74682"},{"taxonomy":"vezava","embeddable":true,"href":"https:\/\/www.iskreni.net\/trgovina\/wp-json\/wp\/v2\/vezava?post=74682"}],"curies":[{"name":"wp","href":"https:\/\/api.w.org\/{rel}","templated":true}]}}