{"id":74671,"date":"2024-04-24T08:30:02","date_gmt":"2024-04-24T06:30:02","guid":{"rendered":"https:\/\/www.iskreni.net\/trgovina\/?post_type=product&#038;p=74671"},"modified":"2024-04-26T11:21:12","modified_gmt":"2024-04-26T09:21:12","slug":"na-poti","status":"publish","type":"product","link":"https:\/\/www.iskreni.net\/trgovina\/product\/na-poti\/","title":{"rendered":"Na poti"},"content":{"rendered":"<h4>O knjigi Na poti:<\/h4>\n<p>Na poti je kronika tritedenskega romanja po starodavni Via Francigena, ki ga je na konjskem hrbtu in v dru\u017ebi prijateljev opravil svetovno znani tenorist Andrea Bocelli. Dnevnik razkriva dragocene avtorjeve izku\u0161nje z velike romarske poti, ki se imenuje \u017eivljenje, in bralca opominja k zavedanju o pomenu bistvenih vrednot, ki v hrupu vsakdanjega \u017eivljenja pogosto ostanejo neopa\u017eene: miru, iskrene intimnosti, molitve, dru\u017eine in dedi\u0161\u010dine v vsakdanjem \u017eivljenju. Ob tem pa je bila romarska pot od Rima do dru\u017einskega posestva Bocellijev v okolici toskanskega mesta Lajatica, ki jo je pevec opravil v dru\u017ebi \u017eene Veronice, posuta z biseri italijanske kulture in zgodovine, ki so jih na enkraten na\u010din o\u017eivljali romarjevi sopotniki, izvrstni glasbeni interpreti iz vseh koncev sveta.<\/p>\n<h4>O avtorju:<\/h4>\n<p>Tenorist Andrea Bocelli (1958) je eden najbolj znanih italijanskih pevcev, \u010digar priljubljenost je naglo rasla od zmage na sanremskem glasbenem festivalu leta 1994. Doslej je posnel 15 samostojnih studijskih albumov in jih prodal v ve\u010d kot 75 milijonih izvodov. Po vsem svetu navdu\u0161uje poslu\u0161alce z ob\u010dutenimi \u00bbcrossover\u00ab izvedbami, torej s kakovostnim prepletom klasi\u010dne in popularne glasbe. Njegova pesem Con te partir\u00f2 je npr. eden najbolj uspe\u0161nih singlov vseh \u010dasov.<br \/>\nZaradi otro\u0161kega glavkoma je bil njegov vid oslabljen \u017ee od rojstva, popolnoma pa je oslepel pri 12. letih, a ga to ni oviralo pri doseganju pomembnih \u017eivljenjskih ciljev tako na podro\u010dju ustvarjanja glasbe kot tudi pri \u0161tudiju prava in dru\u017einskem \u017eivljenju. Tudi zato je \u0161tevilnim zgled vztrajnosti in strastnega iskanja lepote, dobrote in sre\u010de.<\/p>\n","protected":false},"excerpt":{"rendered":"<p><strong>Leto izdaje:<\/strong> 2024<br \/>\n<strong>\u0160tevilo strani:<\/strong> 224<\/p>\n<p><a href=\"https:\/\/www.druzina.si\/storage\/app\/media\/Jo%C5%A1t\/AA%20OGLEDNE%20STRANI\/Na%20poti-vzorcne%20strani.pdf\">Prelistajte knjigo<\/a><\/p>\n<p>Romar na konjskem hrbtu<\/p>\n","protected":false},"featured_media":74673,"comment_status":"open","ping_status":"closed","template":"","meta":[],"product_brand":[],"product_cat":[2324,63],"product_tag":[],"avtor":[2755],"zalozba":[2311],"vezava":[2635],"class_list":{"0":"post-74671","1":"product","2":"type-product","3":"status-publish","4":"has-post-thumbnail","6":"product_cat-duhovnost-in-osebna-rast","7":"product_cat-knjige","8":"avtor-andrea-bocelli","9":"zalozba-druzina","10":"vezava-mehka-z-zavihki","12":"first","13":"instock","14":"taxable","15":"shipping-taxable","16":"purchasable","17":"product-type-simple"},"yoast_head":"<!-- This site is optimized with the Yoast SEO plugin v26.3 - https:\/\/yoast.com\/wordpress\/plugins\/seo\/ -->\n<title>Na poti-iskreni<\/title>\n<meta name=\"description\" content=\"Svetovno znani tenorist Andrea Bocelli se je na konjskem hrbtu odpravil na romanje po starodavni romarski poti in na njej razmi\u0161ljal o dru\u017eini.\" \/>\n<meta name=\"robots\" content=\"index, follow, max-snippet:-1, max-image-preview:large, max-video-preview:-1\" \/>\n<link rel=\"canonical\" href=\"https:\/\/www.iskreni.net\/trgovina\/product\/na-poti\/\" \/>\n<meta property=\"og:locale\" content=\"sl_SI\" \/>\n<meta property=\"og:type\" content=\"article\" \/>\n<meta property=\"og:title\" content=\"Na poti\" \/>\n<meta property=\"og:description\" content=\"Svetovno znani tenorist Andrea Bocelli se je na konjskem hrbtu odpravil na romanje po starodavni romarski poti in na njej razmi\u0161ljal o dru\u017eini\" \/>\n<meta property=\"og:url\" content=\"https:\/\/www.iskreni.net\/trgovina\/product\/na-poti\/\" \/>\n<meta property=\"og:site_name\" content=\"Zavod Iskreni\" \/>\n<meta property=\"article:modified_time\" content=\"2024-04-26T09:21:12+00:00\" \/>\n<meta property=\"og:image\" content=\"https:\/\/www.iskreni.net\/trgovina\/wp-content\/uploads\/2024\/04\/Slike-za-v-spletno-trgovino-31.jpg\" \/>\n\t<meta property=\"og:image:width\" content=\"600\" \/>\n\t<meta property=\"og:image:height\" content=\"600\" \/>\n\t<meta property=\"og:image:type\" content=\"image\/jpeg\" \/>\n<meta name=\"twitter:card\" content=\"summary_large_image\" \/>\n<meta name=\"twitter:label1\" content=\"Est. reading time\" \/>\n\t<meta name=\"twitter:data1\" content=\"2 minuti\" \/>\n<script type=\"application\/ld+json\" class=\"yoast-schema-graph\">{\"@context\":\"https:\/\/schema.org\",\"@graph\":[{\"@type\":\"WebPage\",\"@id\":\"https:\/\/www.iskreni.net\/trgovina\/product\/na-poti\/\",\"url\":\"https:\/\/www.iskreni.net\/trgovina\/product\/na-poti\/\",\"name\":\"Na poti-iskreni\",\"isPartOf\":{\"@id\":\"https:\/\/www.iskreni.net\/trgovina\/#website\"},\"primaryImageOfPage\":{\"@id\":\"https:\/\/www.iskreni.net\/trgovina\/product\/na-poti\/#primaryimage\"},\"image\":{\"@id\":\"https:\/\/www.iskreni.net\/trgovina\/product\/na-poti\/#primaryimage\"},\"thumbnailUrl\":\"https:\/\/www.iskreni.net\/trgovina\/wp-content\/uploads\/2024\/04\/Slike-za-v-spletno-trgovino-31.jpg\",\"datePublished\":\"2024-04-24T06:30:02+00:00\",\"dateModified\":\"2024-04-26T09:21:12+00:00\",\"description\":\"Svetovno znani tenorist Andrea Bocelli se je na konjskem hrbtu odpravil na romanje po starodavni romarski poti in na njej razmi\u0161ljal o dru\u017eini.\",\"breadcrumb\":{\"@id\":\"https:\/\/www.iskreni.net\/trgovina\/product\/na-poti\/#breadcrumb\"},\"inLanguage\":\"sl-SI\",\"potentialAction\":[{\"@type\":\"ReadAction\",\"target\":[\"https:\/\/www.iskreni.net\/trgovina\/product\/na-poti\/\"]}]},{\"@type\":\"ImageObject\",\"inLanguage\":\"sl-SI\",\"@id\":\"https:\/\/www.iskreni.net\/trgovina\/product\/na-poti\/#primaryimage\",\"url\":\"https:\/\/www.iskreni.net\/trgovina\/wp-content\/uploads\/2024\/04\/Slike-za-v-spletno-trgovino-31.jpg\",\"contentUrl\":\"https:\/\/www.iskreni.net\/trgovina\/wp-content\/uploads\/2024\/04\/Slike-za-v-spletno-trgovino-31.jpg\",\"width\":600,\"height\":600},{\"@type\":\"BreadcrumbList\",\"@id\":\"https:\/\/www.iskreni.net\/trgovina\/product\/na-poti\/#breadcrumb\",\"itemListElement\":[{\"@type\":\"ListItem\",\"position\":1,\"name\":\"Home\",\"item\":\"https:\/\/www.iskreni.net\/trgovina\/\"},{\"@type\":\"ListItem\",\"position\":2,\"name\":\"Trgovina\",\"item\":\"https:\/\/www.iskreni.net\/trgovina\/trgovina\/\"},{\"@type\":\"ListItem\",\"position\":3,\"name\":\"Na poti\"}]},{\"@type\":\"WebSite\",\"@id\":\"https:\/\/www.iskreni.net\/trgovina\/#website\",\"url\":\"https:\/\/www.iskreni.net\/trgovina\/\",\"name\":\"Zavod Iskreni\",\"description\":\"trgovina\",\"potentialAction\":[{\"@type\":\"SearchAction\",\"target\":{\"@type\":\"EntryPoint\",\"urlTemplate\":\"https:\/\/www.iskreni.net\/trgovina\/?s={search_term_string}\"},\"query-input\":{\"@type\":\"PropertyValueSpecification\",\"valueRequired\":true,\"valueName\":\"search_term_string\"}}],\"inLanguage\":\"sl-SI\"}]}<\/script>\n<!-- \/ Yoast SEO plugin. -->","yoast_head_json":{"title":"Na poti-iskreni","description":"Svetovno znani tenorist Andrea Bocelli se je na konjskem hrbtu odpravil na romanje po starodavni romarski poti in na njej razmi\u0161ljal o dru\u017eini.","robots":{"index":"index","follow":"follow","max-snippet":"max-snippet:-1","max-image-preview":"max-image-preview:large","max-video-preview":"max-video-preview:-1"},"canonical":"https:\/\/www.iskreni.net\/trgovina\/product\/na-poti\/","og_locale":"sl_SI","og_type":"article","og_title":"Na poti","og_description":"Svetovno znani tenorist Andrea Bocelli se je na konjskem hrbtu odpravil na romanje po starodavni romarski poti in na njej razmi\u0161ljal o dru\u017eini","og_url":"https:\/\/www.iskreni.net\/trgovina\/product\/na-poti\/","og_site_name":"Zavod Iskreni","article_modified_time":"2024-04-26T09:21:12+00:00","og_image":[{"width":600,"height":600,"url":"https:\/\/www.iskreni.net\/trgovina\/wp-content\/uploads\/2024\/04\/Slike-za-v-spletno-trgovino-31.jpg","type":"image\/jpeg"}],"twitter_card":"summary_large_image","twitter_misc":{"Est. reading time":"2 minuti"},"schema":{"@context":"https:\/\/schema.org","@graph":[{"@type":"WebPage","@id":"https:\/\/www.iskreni.net\/trgovina\/product\/na-poti\/","url":"https:\/\/www.iskreni.net\/trgovina\/product\/na-poti\/","name":"Na poti-iskreni","isPartOf":{"@id":"https:\/\/www.iskreni.net\/trgovina\/#website"},"primaryImageOfPage":{"@id":"https:\/\/www.iskreni.net\/trgovina\/product\/na-poti\/#primaryimage"},"image":{"@id":"https:\/\/www.iskreni.net\/trgovina\/product\/na-poti\/#primaryimage"},"thumbnailUrl":"https:\/\/www.iskreni.net\/trgovina\/wp-content\/uploads\/2024\/04\/Slike-za-v-spletno-trgovino-31.jpg","datePublished":"2024-04-24T06:30:02+00:00","dateModified":"2024-04-26T09:21:12+00:00","description":"Svetovno znani tenorist Andrea Bocelli se je na konjskem hrbtu odpravil na romanje po starodavni romarski poti in na njej razmi\u0161ljal o dru\u017eini.","breadcrumb":{"@id":"https:\/\/www.iskreni.net\/trgovina\/product\/na-poti\/#breadcrumb"},"inLanguage":"sl-SI","potentialAction":[{"@type":"ReadAction","target":["https:\/\/www.iskreni.net\/trgovina\/product\/na-poti\/"]}]},{"@type":"ImageObject","inLanguage":"sl-SI","@id":"https:\/\/www.iskreni.net\/trgovina\/product\/na-poti\/#primaryimage","url":"https:\/\/www.iskreni.net\/trgovina\/wp-content\/uploads\/2024\/04\/Slike-za-v-spletno-trgovino-31.jpg","contentUrl":"https:\/\/www.iskreni.net\/trgovina\/wp-content\/uploads\/2024\/04\/Slike-za-v-spletno-trgovino-31.jpg","width":600,"height":600},{"@type":"BreadcrumbList","@id":"https:\/\/www.iskreni.net\/trgovina\/product\/na-poti\/#breadcrumb","itemListElement":[{"@type":"ListItem","position":1,"name":"Home","item":"https:\/\/www.iskreni.net\/trgovina\/"},{"@type":"ListItem","position":2,"name":"Trgovina","item":"https:\/\/www.iskreni.net\/trgovina\/trgovina\/"},{"@type":"ListItem","position":3,"name":"Na poti"}]},{"@type":"WebSite","@id":"https:\/\/www.iskreni.net\/trgovina\/#website","url":"https:\/\/www.iskreni.net\/trgovina\/","name":"Zavod Iskreni","description":"trgovina","potentialAction":[{"@type":"SearchAction","target":{"@type":"EntryPoint","urlTemplate":"https:\/\/www.iskreni.net\/trgovina\/?s={search_term_string}"},"query-input":{"@type":"PropertyValueSpecification","valueRequired":true,"valueName":"search_term_string"}}],"inLanguage":"sl-SI"}]}},"_links":{"self":[{"href":"https:\/\/www.iskreni.net\/trgovina\/wp-json\/wp\/v2\/product\/74671","targetHints":{"allow":["GET"]}}],"collection":[{"href":"https:\/\/www.iskreni.net\/trgovina\/wp-json\/wp\/v2\/product"}],"about":[{"href":"https:\/\/www.iskreni.net\/trgovina\/wp-json\/wp\/v2\/types\/product"}],"replies":[{"embeddable":true,"href":"https:\/\/www.iskreni.net\/trgovina\/wp-json\/wp\/v2\/comments?post=74671"}],"version-history":[{"count":3,"href":"https:\/\/www.iskreni.net\/trgovina\/wp-json\/wp\/v2\/product\/74671\/revisions"}],"predecessor-version":[{"id":74676,"href":"https:\/\/www.iskreni.net\/trgovina\/wp-json\/wp\/v2\/product\/74671\/revisions\/74676"}],"wp:featuredmedia":[{"embeddable":true,"href":"https:\/\/www.iskreni.net\/trgovina\/wp-json\/wp\/v2\/media\/74673"}],"wp:attachment":[{"href":"https:\/\/www.iskreni.net\/trgovina\/wp-json\/wp\/v2\/media?parent=74671"}],"wp:term":[{"taxonomy":"product_brand","embeddable":true,"href":"https:\/\/www.iskreni.net\/trgovina\/wp-json\/wp\/v2\/product_brand?post=74671"},{"taxonomy":"product_cat","embeddable":true,"href":"https:\/\/www.iskreni.net\/trgovina\/wp-json\/wp\/v2\/product_cat?post=74671"},{"taxonomy":"product_tag","embeddable":true,"href":"https:\/\/www.iskreni.net\/trgovina\/wp-json\/wp\/v2\/product_tag?post=74671"},{"taxonomy":"avtor","embeddable":true,"href":"https:\/\/www.iskreni.net\/trgovina\/wp-json\/wp\/v2\/avtor?post=74671"},{"taxonomy":"zalozba","embeddable":true,"href":"https:\/\/www.iskreni.net\/trgovina\/wp-json\/wp\/v2\/zalozba?post=74671"},{"taxonomy":"vezava","embeddable":true,"href":"https:\/\/www.iskreni.net\/trgovina\/wp-json\/wp\/v2\/vezava?post=74671"}],"curies":[{"name":"wp","href":"https:\/\/api.w.org\/{rel}","templated":true}]}}