{"id":74229,"date":"2024-04-04T08:10:56","date_gmt":"2024-04-04T06:10:56","guid":{"rendered":"https:\/\/www.iskreni.net\/trgovina\/?post_type=product&#038;p=74229"},"modified":"2026-04-01T01:08:03","modified_gmt":"2026-03-31T23:08:03","slug":"nasa-koroska-mati","status":"publish","type":"product","link":"https:\/\/www.iskreni.net\/trgovina\/product\/nasa-koroska-mati\/","title":{"rendered":"Na\u0161a koro\u0161ka mati"},"content":{"rendered":"<h3><strong>O knjigi:<\/strong><\/h3>\n<p>Knjiga\u00a0<strong>Na\u0161a koro\u0161ka mati<\/strong> predstavlja \u017eivljenje in delo prve slovenske svetnice Eme Kr\u0161ke (980\u20131045). Sveta Ema je sicer v primerjavi z nekaterimi drugimi slovenci, ki so dosegli \u010dast oltarja ali pa so kandidati za to (bl. Anton Martin Slom\u0161ek, bl. Alojzij Grozde, Anton Vovk, Irenej Friderik Baraga), precej manj poznana. Vendar pa to ne pomeni, da sodobnemu \u010dloveku njen zgled nima kaj povedati.<\/p>\n<h5>Zaupanje v Bo\u017ejo previdnost<\/h5>\n<p>Podobno kot mi, je sveta Ema \u017eivela in delovala na prelomu tiso\u010dletja, v t. i. prelomnih \u010dasih, v katerih so si ljudje zastavljali podobna vpra\u0161anja kot pred \u010detrt stoletja mi. Na\u0161a so bila morda bolj vezana na sodobno tehnologijo, a se v bistvu niso dosti razlikovala od tistih tiso\u010d let prej. Nas bo doletela velika nesre\u010da? Prihaja propad dru\u017ebe? Se bli\u017ea celo konec sveta? S temi vpra\u0161anji se je soo\u010dala pogumno in z zaupanjem v Bo\u017ejo previdnost.<\/p>\n<p>\u010ceprav so ji mo\u017ea, kot je bilo tedaj v navadi, izbrali star\u0161i, ga je iz vsega srca ljubila. Tudi ko je bilo to te\u017eko, je vztrajala in mu ostala zvesta vse do konca \u017eivljenja.<\/p>\n<p>Obenem nam je lahko zgled ljubezni do bli\u017enjega. \u017de v mladosti se je zavzemala za uboge, jih hranila, obla\u010dila in jim nudila streho nad glavo. Temu poslanstvu je ostala zvesta vse svoje \u017eivljenje. In \u010deprav je imela veliko premo\u017eenje, je ob koncu svojega \u017eivljenja tega v celoti razdelila.<\/p>\n<p>Pri vsem tem pa jo je vodila ljubezen do Boga. Tudi v najte\u017ejih \u017eivljenjskih preizku\u0161njah je sv. Ema Kr\u0161ka ohranila zaupanje v Bo\u017ejo previdnost in s tem vodilom v srcu zaznamovala vse svoje delovanje in vse svoje odlo\u010ditve.<\/p>\n<p>Da jo je Cerkev uradno razglasila za svetnico, je trajalo skoraj devetsto let. Vendar pa se ji je ljudstvo za\u010delo priporo\u010dati \u017ee takoj po smrti. In povsem zaslu\u017eeno so jo tisti, ki so jo poznali, in tisti, ki so se je po smrti priporo\u010dali, poimenovali <em>na\u0161a koro\u0161ka mati<\/em>.<\/p>\n<h5>Sledi sv. Eme<\/h5>\n<p>Knjiga <strong>Na\u0161a koro\u0161ka mati<\/strong> svetnico predstavi na sve\u017e in berljiv na\u010din. Pisatelj Ivan Sivec pred nami naslika Emino \u017eivljenjsko zgodbo z vsemi lepimi in te\u017ekimi dogodki. Prek njih prika\u017ee njene zna\u010dajske poteze, predvsem pa njeno neomajno predanost Bogu. Ob koncu knjige Sivec predstavi tudi to, kak\u0161ne sledi je \u017eivljenje sv. Eme pustilo na koro\u0161kih in slovenskih tleh, ter povzame, kaj so o njej \u017ee zapisali drugi avtorji.<\/p>\n<p>Knjiga <strong>Na\u0161a koro\u0161ka mati <\/strong>je opremljena tudi z <strong>bogato barvno slikovno prilogo na 32 straneh<\/strong>.<\/p>\n<p>&nbsp;<\/p>\n<p><strong><span style=\"color: #ff0000;\">Bi \u017eeleli brati tudi \u0161marnice za otroke?<\/span>\u00a0<\/strong><a href=\"https:\/\/www.iskreni.net\/trgovina\/product\/tukaj-sem-jezus\/\">Tule<\/a> dobite knjigo\u00a0<strong>Tukaj sem, Jezus\u00a0<\/strong>izpod peresa Lucije \u010cak\u0161.<\/p>\n<p>&nbsp;<\/p>\n<h3><strong>O avtorju:<\/strong><\/h3>\n<p>Pisatelj Ivan Sivec je najbolj plodovit slovenski pisatelj in \u017ee ve\u010d kot dve desetletji med najbolj branimi slovenskimi knji\u017enimi ustvarjalci. Rodil se je 23. maja 1949 v Mostah pri Komendi, od leta 1972 naprej pa \u017eivi in ustvarja v Meng\u0161u. Na Univerzi v Ljubljani je na Filozofski fakulteti diplomiral iz slovenistike, na Oddelku za etnologijo pa si je pridobil naslov magister znanosti.<\/p>\n<p>Napisal je 184 knjig in ve\u010d kot tri tiso\u010d besedil za glasbene izvajalce. Pri zalo\u017ebi Iskreni so iz\u0161le njegove knjige o tretje\u0161olki Piki, ki obiskuje razli\u010dne zanimive kraje in jih v potopisih predstavlja svojim vrstnikom: <a href=\"https:\/\/www.iskreni.net\/trgovina\/product\/pika-pri-bozicku\/\">Pika pri Bo\u017ei\u010dku<\/a>, <a href=\"https:\/\/www.iskreni.net\/trgovina\/product\/pika-pri-heidi\/\">Pika pri Heidi<\/a> in <a href=\"https:\/\/www.iskreni.net\/trgovina\/product\/pika-pri-kekcu\/\">Pika pri Kekcu<\/a>, poleg teh pa tudi biografija izvrstnega slovenskega pevca Rafka Irgoli\u010da <a href=\"https:\/\/www.iskreni.net\/trgovina\/product\/nepozabno-zivljenje\/\">Nepozabno \u017eivljenje<\/a> in \u0161marnice za leto 2023 z naslovom <a href=\"https:\/\/www.iskreni.net\/trgovina\/product\/o-srecni-dom-nad-zvezdami\/\">O, sre\u010dni dom nad zvezdami<\/a>, ki predstavljajo \u017eivljenje primorskega duhovnika Filipa Ter\u010delja. <strong>Na\u0161a koro\u0161ka mati<\/strong> so druge \u0161marnice, ki jih je izdal pri na\u0161i zalo\u017ebi.<\/p>\n<p>Leta 2019 je prejel eno najve\u010djih odlikovanj, Red za zasluge za slovenski narod, za, kot je zapisano, izjemno obse\u017een, raznolik in odmeven avtorski opus, ki neguje narodno zavest. Je \u010dastni ob\u010dan Ob\u010dine Kostel in \u010dastni \u010dlan Dru\u0161tva pesnikov slovenske glasbe.<\/p>\n","protected":false},"excerpt":{"rendered":"<p><strong>Leto izdaje:<\/strong> 2024<br \/>\n<strong>\u0160tevilo strani:<\/strong> 168<strong><br \/>\n<\/strong><strong>Mere: <\/strong>145 x 200 mm<\/p>\n<p><span style=\"font-size: 14pt;\"><em><strong>\u017divljenje in \u010dude\u017ei svete Eme Kr\u0161ke<\/strong><\/em><\/span><\/p>\n<p><span style=\"color: #339966; font-size: 14pt;\"><strong>\u0160marnice za leto 2024!<\/strong><\/span><\/p>\n","protected":false},"featured_media":74335,"comment_status":"open","ping_status":"closed","template":"","meta":[],"product_brand":[],"product_cat":[2324,1430,63],"product_tag":[793,2751,1619,1429],"avtor":[2304],"zalozba":[2305],"vezava":[2307],"class_list":{"0":"post-74229","1":"product","2":"type-product","3":"status-publish","4":"has-post-thumbnail","6":"product_cat-duhovnost-in-osebna-rast","7":"product_cat-iz-nase-zalozbe","8":"product_cat-knjige","9":"product_tag-biografija","10":"product_tag-smarnice","11":"product_tag-svetniki","12":"product_tag-zavod-iskreni","13":"avtor-ivan-sivec","14":"zalozba-zavod-iskreni","15":"vezava-mehka","17":"first","18":"instock","19":"sale","20":"taxable","21":"shipping-taxable","22":"purchasable","23":"product-type-simple"},"yoast_head":"<!-- This site is optimized with the Yoast SEO plugin v26.3 - https:\/\/yoast.com\/wordpress\/plugins\/seo\/ -->\n<title>Ivan Sivec: Na\u0161a koro\u0161ka mati - \u017divljenjepis sv. Eme Kr\u0161ke - Iskreni<\/title>\n<meta name=\"description\" content=\"Na\u0161a koro\u0161ka mati je knjiga o \u017eivljenju in delu prve slovenske svetnice Eme Kr\u0161ke (980\u20131045), katere zgled je kljub \u010dasovni oddaljenosti \u0161e vedno aktualen.\" \/>\n<meta name=\"robots\" content=\"index, follow, max-snippet:-1, max-image-preview:large, max-video-preview:-1\" \/>\n<link rel=\"canonical\" href=\"https:\/\/www.iskreni.net\/trgovina\/product\/nasa-koroska-mati\/\" \/>\n<meta property=\"og:locale\" content=\"sl_SI\" \/>\n<meta property=\"og:type\" content=\"article\" \/>\n<meta property=\"og:title\" content=\"Ivan Sivec: Na\u0161a koro\u0161ka mati - \u017divljenjepis sv. Eme Kr\u0161ke - Iskreni\" \/>\n<meta property=\"og:description\" content=\"Na\u0161a koro\u0161ka mati je knjiga o \u017eivljenju in delu prve slovenske svetnice Eme Kr\u0161ke (980\u20131045), katere zgled je kljub \u010dasovni oddaljenosti \u0161e vedno aktualen.\" \/>\n<meta property=\"og:url\" content=\"https:\/\/www.iskreni.net\/trgovina\/product\/nasa-koroska-mati\/\" \/>\n<meta property=\"og:site_name\" content=\"Zavod Iskreni\" \/>\n<meta property=\"article:modified_time\" content=\"2026-03-31T23:08:03+00:00\" \/>\n<meta property=\"og:image\" content=\"https:\/\/www.iskreni.net\/trgovina\/wp-content\/uploads\/2024\/04\/nasa-koroska-mati-3d-scaled.jpg\" \/>\n\t<meta property=\"og:image:width\" content=\"2560\" \/>\n\t<meta property=\"og:image:height\" content=\"2560\" \/>\n\t<meta property=\"og:image:type\" content=\"image\/jpeg\" \/>\n<meta name=\"twitter:card\" content=\"summary_large_image\" \/>\n<meta name=\"twitter:label1\" content=\"Est. reading time\" \/>\n\t<meta name=\"twitter:data1\" content=\"4 minute\" \/>\n<script type=\"application\/ld+json\" class=\"yoast-schema-graph\">{\"@context\":\"https:\/\/schema.org\",\"@graph\":[{\"@type\":\"WebPage\",\"@id\":\"https:\/\/www.iskreni.net\/trgovina\/product\/nasa-koroska-mati\/\",\"url\":\"https:\/\/www.iskreni.net\/trgovina\/product\/nasa-koroska-mati\/\",\"name\":\"Ivan Sivec: Na\u0161a koro\u0161ka mati - \u017divljenjepis sv. Eme Kr\u0161ke - Iskreni\",\"isPartOf\":{\"@id\":\"https:\/\/www.iskreni.net\/trgovina\/#website\"},\"primaryImageOfPage\":{\"@id\":\"https:\/\/www.iskreni.net\/trgovina\/product\/nasa-koroska-mati\/#primaryimage\"},\"image\":{\"@id\":\"https:\/\/www.iskreni.net\/trgovina\/product\/nasa-koroska-mati\/#primaryimage\"},\"thumbnailUrl\":\"https:\/\/www.iskreni.net\/trgovina\/wp-content\/uploads\/2024\/04\/nasa-koroska-mati-3d-scaled.jpg\",\"datePublished\":\"2024-04-04T06:10:56+00:00\",\"dateModified\":\"2026-03-31T23:08:03+00:00\",\"description\":\"Na\u0161a koro\u0161ka mati je knjiga o \u017eivljenju in delu prve slovenske svetnice Eme Kr\u0161ke (980\u20131045), katere zgled je kljub \u010dasovni oddaljenosti \u0161e vedno aktualen.\",\"breadcrumb\":{\"@id\":\"https:\/\/www.iskreni.net\/trgovina\/product\/nasa-koroska-mati\/#breadcrumb\"},\"inLanguage\":\"sl-SI\",\"potentialAction\":[{\"@type\":\"ReadAction\",\"target\":[\"https:\/\/www.iskreni.net\/trgovina\/product\/nasa-koroska-mati\/\"]}]},{\"@type\":\"ImageObject\",\"inLanguage\":\"sl-SI\",\"@id\":\"https:\/\/www.iskreni.net\/trgovina\/product\/nasa-koroska-mati\/#primaryimage\",\"url\":\"https:\/\/www.iskreni.net\/trgovina\/wp-content\/uploads\/2024\/04\/nasa-koroska-mati-3d-scaled.jpg\",\"contentUrl\":\"https:\/\/www.iskreni.net\/trgovina\/wp-content\/uploads\/2024\/04\/nasa-koroska-mati-3d-scaled.jpg\",\"width\":2560,\"height\":2560,\"caption\":\"Blank white standing softcover book or magazine mockup template. Isolated on gray and white background with shadow. Ready to use for your business. Vector illustration.\"},{\"@type\":\"BreadcrumbList\",\"@id\":\"https:\/\/www.iskreni.net\/trgovina\/product\/nasa-koroska-mati\/#breadcrumb\",\"itemListElement\":[{\"@type\":\"ListItem\",\"position\":1,\"name\":\"Home\",\"item\":\"https:\/\/www.iskreni.net\/trgovina\/\"},{\"@type\":\"ListItem\",\"position\":2,\"name\":\"Trgovina\",\"item\":\"https:\/\/www.iskreni.net\/trgovina\/trgovina\/\"},{\"@type\":\"ListItem\",\"position\":3,\"name\":\"Na\u0161a koro\u0161ka mati\"}]},{\"@type\":\"WebSite\",\"@id\":\"https:\/\/www.iskreni.net\/trgovina\/#website\",\"url\":\"https:\/\/www.iskreni.net\/trgovina\/\",\"name\":\"Zavod Iskreni\",\"description\":\"trgovina\",\"potentialAction\":[{\"@type\":\"SearchAction\",\"target\":{\"@type\":\"EntryPoint\",\"urlTemplate\":\"https:\/\/www.iskreni.net\/trgovina\/?s={search_term_string}\"},\"query-input\":{\"@type\":\"PropertyValueSpecification\",\"valueRequired\":true,\"valueName\":\"search_term_string\"}}],\"inLanguage\":\"sl-SI\"}]}<\/script>\n<!-- \/ Yoast SEO plugin. -->","yoast_head_json":{"title":"Ivan Sivec: Na\u0161a koro\u0161ka mati - \u017divljenjepis sv. Eme Kr\u0161ke - Iskreni","description":"Na\u0161a koro\u0161ka mati je knjiga o \u017eivljenju in delu prve slovenske svetnice Eme Kr\u0161ke (980\u20131045), katere zgled je kljub \u010dasovni oddaljenosti \u0161e vedno aktualen.","robots":{"index":"index","follow":"follow","max-snippet":"max-snippet:-1","max-image-preview":"max-image-preview:large","max-video-preview":"max-video-preview:-1"},"canonical":"https:\/\/www.iskreni.net\/trgovina\/product\/nasa-koroska-mati\/","og_locale":"sl_SI","og_type":"article","og_title":"Ivan Sivec: Na\u0161a koro\u0161ka mati - \u017divljenjepis sv. Eme Kr\u0161ke - Iskreni","og_description":"Na\u0161a koro\u0161ka mati je knjiga o \u017eivljenju in delu prve slovenske svetnice Eme Kr\u0161ke (980\u20131045), katere zgled je kljub \u010dasovni oddaljenosti \u0161e vedno aktualen.","og_url":"https:\/\/www.iskreni.net\/trgovina\/product\/nasa-koroska-mati\/","og_site_name":"Zavod Iskreni","article_modified_time":"2026-03-31T23:08:03+00:00","og_image":[{"width":2560,"height":2560,"url":"https:\/\/www.iskreni.net\/trgovina\/wp-content\/uploads\/2024\/04\/nasa-koroska-mati-3d-scaled.jpg","type":"image\/jpeg"}],"twitter_card":"summary_large_image","twitter_misc":{"Est. reading time":"4 minute"},"schema":{"@context":"https:\/\/schema.org","@graph":[{"@type":"WebPage","@id":"https:\/\/www.iskreni.net\/trgovina\/product\/nasa-koroska-mati\/","url":"https:\/\/www.iskreni.net\/trgovina\/product\/nasa-koroska-mati\/","name":"Ivan Sivec: Na\u0161a koro\u0161ka mati - \u017divljenjepis sv. Eme Kr\u0161ke - Iskreni","isPartOf":{"@id":"https:\/\/www.iskreni.net\/trgovina\/#website"},"primaryImageOfPage":{"@id":"https:\/\/www.iskreni.net\/trgovina\/product\/nasa-koroska-mati\/#primaryimage"},"image":{"@id":"https:\/\/www.iskreni.net\/trgovina\/product\/nasa-koroska-mati\/#primaryimage"},"thumbnailUrl":"https:\/\/www.iskreni.net\/trgovina\/wp-content\/uploads\/2024\/04\/nasa-koroska-mati-3d-scaled.jpg","datePublished":"2024-04-04T06:10:56+00:00","dateModified":"2026-03-31T23:08:03+00:00","description":"Na\u0161a koro\u0161ka mati je knjiga o \u017eivljenju in delu prve slovenske svetnice Eme Kr\u0161ke (980\u20131045), katere zgled je kljub \u010dasovni oddaljenosti \u0161e vedno aktualen.","breadcrumb":{"@id":"https:\/\/www.iskreni.net\/trgovina\/product\/nasa-koroska-mati\/#breadcrumb"},"inLanguage":"sl-SI","potentialAction":[{"@type":"ReadAction","target":["https:\/\/www.iskreni.net\/trgovina\/product\/nasa-koroska-mati\/"]}]},{"@type":"ImageObject","inLanguage":"sl-SI","@id":"https:\/\/www.iskreni.net\/trgovina\/product\/nasa-koroska-mati\/#primaryimage","url":"https:\/\/www.iskreni.net\/trgovina\/wp-content\/uploads\/2024\/04\/nasa-koroska-mati-3d-scaled.jpg","contentUrl":"https:\/\/www.iskreni.net\/trgovina\/wp-content\/uploads\/2024\/04\/nasa-koroska-mati-3d-scaled.jpg","width":2560,"height":2560,"caption":"Blank white standing softcover book or magazine mockup template. Isolated on gray and white background with shadow. Ready to use for your business. Vector illustration."},{"@type":"BreadcrumbList","@id":"https:\/\/www.iskreni.net\/trgovina\/product\/nasa-koroska-mati\/#breadcrumb","itemListElement":[{"@type":"ListItem","position":1,"name":"Home","item":"https:\/\/www.iskreni.net\/trgovina\/"},{"@type":"ListItem","position":2,"name":"Trgovina","item":"https:\/\/www.iskreni.net\/trgovina\/trgovina\/"},{"@type":"ListItem","position":3,"name":"Na\u0161a koro\u0161ka mati"}]},{"@type":"WebSite","@id":"https:\/\/www.iskreni.net\/trgovina\/#website","url":"https:\/\/www.iskreni.net\/trgovina\/","name":"Zavod Iskreni","description":"trgovina","potentialAction":[{"@type":"SearchAction","target":{"@type":"EntryPoint","urlTemplate":"https:\/\/www.iskreni.net\/trgovina\/?s={search_term_string}"},"query-input":{"@type":"PropertyValueSpecification","valueRequired":true,"valueName":"search_term_string"}}],"inLanguage":"sl-SI"}]}},"_links":{"self":[{"href":"https:\/\/www.iskreni.net\/trgovina\/wp-json\/wp\/v2\/product\/74229","targetHints":{"allow":["GET"]}}],"collection":[{"href":"https:\/\/www.iskreni.net\/trgovina\/wp-json\/wp\/v2\/product"}],"about":[{"href":"https:\/\/www.iskreni.net\/trgovina\/wp-json\/wp\/v2\/types\/product"}],"replies":[{"embeddable":true,"href":"https:\/\/www.iskreni.net\/trgovina\/wp-json\/wp\/v2\/comments?post=74229"}],"version-history":[{"count":13,"href":"https:\/\/www.iskreni.net\/trgovina\/wp-json\/wp\/v2\/product\/74229\/revisions"}],"predecessor-version":[{"id":78520,"href":"https:\/\/www.iskreni.net\/trgovina\/wp-json\/wp\/v2\/product\/74229\/revisions\/78520"}],"wp:featuredmedia":[{"embeddable":true,"href":"https:\/\/www.iskreni.net\/trgovina\/wp-json\/wp\/v2\/media\/74335"}],"wp:attachment":[{"href":"https:\/\/www.iskreni.net\/trgovina\/wp-json\/wp\/v2\/media?parent=74229"}],"wp:term":[{"taxonomy":"product_brand","embeddable":true,"href":"https:\/\/www.iskreni.net\/trgovina\/wp-json\/wp\/v2\/product_brand?post=74229"},{"taxonomy":"product_cat","embeddable":true,"href":"https:\/\/www.iskreni.net\/trgovina\/wp-json\/wp\/v2\/product_cat?post=74229"},{"taxonomy":"product_tag","embeddable":true,"href":"https:\/\/www.iskreni.net\/trgovina\/wp-json\/wp\/v2\/product_tag?post=74229"},{"taxonomy":"avtor","embeddable":true,"href":"https:\/\/www.iskreni.net\/trgovina\/wp-json\/wp\/v2\/avtor?post=74229"},{"taxonomy":"zalozba","embeddable":true,"href":"https:\/\/www.iskreni.net\/trgovina\/wp-json\/wp\/v2\/zalozba?post=74229"},{"taxonomy":"vezava","embeddable":true,"href":"https:\/\/www.iskreni.net\/trgovina\/wp-json\/wp\/v2\/vezava?post=74229"}],"curies":[{"name":"wp","href":"https:\/\/api.w.org\/{rel}","templated":true}]}}