{"id":7418,"date":"2020-03-18T15:19:56","date_gmt":"2020-03-18T14:19:56","guid":{"rendered":"https:\/\/www.iskreni.net\/trgovina\/?post_type=product&#038;p=7418"},"modified":"2026-04-21T09:25:59","modified_gmt":"2026-04-21T07:25:59","slug":"scitnik-perila-eko-bombaz","status":"publish","type":"product","link":"https:\/\/www.iskreni.net\/trgovina\/product\/scitnik-perila-eko-bombaz\/","title":{"rendered":"Dnevni vlo\u017eek S (eko bomba\u017e)"},"content":{"rendered":"<h4>Opis izdelka:<\/h4>\n<p>Dnevni vlo\u017eek (\u0161\u010ditnik perila) je pravzaprav pralni vlo\u017eek brez nepremo\u010dljive plasti, zato bolje diha in je bolj udoben za uporabnice, ko te potrebujejo malce dodatne za\u0161\u010dite perila. Ni pa zato primeren za dneve krvavitve (tudi ko je ta zelo blaga).<\/p>\n<div class=\"tabbed\">\n<div id=\"tab11111\" class=\"tab active_tab\">\n<ul>\n<li>pralni vlo\u017eek brez nepremo\u010dljive plasti<\/li>\n<li>s krilci in pritiska\u010di se pritrdi na spodnjice<\/li>\n<li>dol\u017eina: 18 cm<\/li>\n<li>zgornja plast: 100 % bomba\u017e, ekolo\u0161ko pridelan<\/li>\n<li>spodnja plast: 100 % bomba\u017e<\/li>\n<li>deklarirano za temperaturo pranja pri 95\u00a0<sup>o<\/sup>C<\/li>\n<li>lahko se su\u0161ijo v su\u0161ilnem stroju<\/li>\n<li>ne obarvajo belega perila<\/li>\n<\/ul>\n<h4>Uporaba:<\/h4>\n<ul>\n<li>za vsakodnevno uporabo (npr. ob belem toku)<\/li>\n<li>v dneh pred pri\u010dakovano menstruacijo<\/li>\n<li>za zadnje dni menstruacije in v kombinaciji z menstrualno skodelico pa bolj priporo\u010damo\u00a0<a href=\"https:\/\/www.iskreni.net\/trgovina\/product\/vlozek-s-krilci-pisan\/\">vlo\u017eek velikosti S<\/a>, ker ima tudi nepremo\u010dljivo plast<\/li>\n<\/ul>\n<\/div>\n<\/div>\n","protected":false},"excerpt":{"rendered":"<p>\u0160\u010ditnik perila je pravzaprav pralni vlo\u017eek brez nepremo\u010dljive plasti, zato bolje diha in je bolj udoben za uporabnice, ko te potrebujejo malce dodatne za\u0161\u010dite perila. Ni pa zato primeren za dneve krvavitve (tudi ko je ta zelo blaga).<\/p>\n","protected":false},"featured_media":40989,"comment_status":"open","ping_status":"closed","template":"","meta":[],"product_brand":[],"product_cat":[83,370],"product_tag":[371,1536,926],"avtor":[],"zalozba":[],"vezava":[],"class_list":{"0":"post-7418","1":"product","2":"type-product","3":"status-publish","4":"has-post-thumbnail","6":"product_cat-izdelki-za-menstruacijo","7":"product_cat-scitniki-perila","8":"product_tag-dnevni-vlozki-scitniki","9":"product_tag-dom-brez-odpadkov","10":"product_tag-pralni-vlozki","12":"first","13":"instock","14":"taxable","15":"shipping-taxable","16":"purchasable","17":"product-type-simple"},"yoast_head":"<!-- This site is optimized with the Yoast SEO plugin v26.3 - https:\/\/yoast.com\/wordpress\/plugins\/seo\/ -->\n<title>Dnevni vlo\u017eek S (eko bomba\u017e) - dodatna za\u0161\u010dita - Trgovina Iskreni<\/title>\n<meta name=\"description\" content=\"\u0160\u010ditnik perila je pravzaprav pralni vlo\u017eek brez nepremo\u010dljive plasti, zato bolje diha in je bolj udoben za uporabnice, ko potrebujejo malce dodatne za\u0161\u010dite.\" \/>\n<meta name=\"robots\" content=\"index, follow, max-snippet:-1, max-image-preview:large, max-video-preview:-1\" \/>\n<link rel=\"canonical\" href=\"https:\/\/www.iskreni.net\/trgovina\/product\/scitnik-perila-eko-bombaz\/\" \/>\n<meta property=\"og:locale\" content=\"sl_SI\" \/>\n<meta property=\"og:type\" content=\"article\" \/>\n<meta property=\"og:title\" content=\"Dnevni vlo\u017eek S (eko bomba\u017e) - dodatna za\u0161\u010dita - Trgovina Iskreni\" \/>\n<meta property=\"og:description\" content=\"\u0160\u010ditnik perila je pravzaprav pralni vlo\u017eek brez nepremo\u010dljive plasti, zato bolje diha in je bolj udoben za uporabnice, ko potrebujejo malce dodatne za\u0161\u010dite.\" \/>\n<meta property=\"og:url\" content=\"https:\/\/www.iskreni.net\/trgovina\/product\/scitnik-perila-eko-bombaz\/\" \/>\n<meta property=\"og:site_name\" content=\"Zavod Iskreni\" \/>\n<meta property=\"article:modified_time\" content=\"2026-04-21T07:25:59+00:00\" \/>\n<meta property=\"og:image\" content=\"https:\/\/www.iskreni.net\/trgovina\/wp-content\/uploads\/2020\/03\/Scitnik-oranzen.jpeg\" \/>\n\t<meta property=\"og:image:width\" content=\"505\" \/>\n\t<meta property=\"og:image:height\" content=\"370\" \/>\n\t<meta property=\"og:image:type\" content=\"image\/jpeg\" \/>\n<meta name=\"twitter:card\" content=\"summary_large_image\" \/>\n<meta name=\"twitter:label1\" content=\"Est. reading time\" \/>\n\t<meta name=\"twitter:data1\" content=\"1 minuta\" \/>\n<script type=\"application\/ld+json\" class=\"yoast-schema-graph\">{\"@context\":\"https:\/\/schema.org\",\"@graph\":[{\"@type\":\"WebPage\",\"@id\":\"https:\/\/www.iskreni.net\/trgovina\/product\/scitnik-perila-eko-bombaz\/\",\"url\":\"https:\/\/www.iskreni.net\/trgovina\/product\/scitnik-perila-eko-bombaz\/\",\"name\":\"Dnevni vlo\u017eek S (eko bomba\u017e) - dodatna za\u0161\u010dita - Trgovina Iskreni\",\"isPartOf\":{\"@id\":\"https:\/\/www.iskreni.net\/trgovina\/#website\"},\"primaryImageOfPage\":{\"@id\":\"https:\/\/www.iskreni.net\/trgovina\/product\/scitnik-perila-eko-bombaz\/#primaryimage\"},\"image\":{\"@id\":\"https:\/\/www.iskreni.net\/trgovina\/product\/scitnik-perila-eko-bombaz\/#primaryimage\"},\"thumbnailUrl\":\"https:\/\/www.iskreni.net\/trgovina\/wp-content\/uploads\/2020\/03\/Scitnik-oranzen.jpeg\",\"datePublished\":\"2020-03-18T14:19:56+00:00\",\"dateModified\":\"2026-04-21T07:25:59+00:00\",\"description\":\"\u0160\u010ditnik perila je pravzaprav pralni vlo\u017eek brez nepremo\u010dljive plasti, zato bolje diha in je bolj udoben za uporabnice, ko potrebujejo malce dodatne za\u0161\u010dite.\",\"breadcrumb\":{\"@id\":\"https:\/\/www.iskreni.net\/trgovina\/product\/scitnik-perila-eko-bombaz\/#breadcrumb\"},\"inLanguage\":\"sl-SI\",\"potentialAction\":[{\"@type\":\"ReadAction\",\"target\":[\"https:\/\/www.iskreni.net\/trgovina\/product\/scitnik-perila-eko-bombaz\/\"]}]},{\"@type\":\"ImageObject\",\"inLanguage\":\"sl-SI\",\"@id\":\"https:\/\/www.iskreni.net\/trgovina\/product\/scitnik-perila-eko-bombaz\/#primaryimage\",\"url\":\"https:\/\/www.iskreni.net\/trgovina\/wp-content\/uploads\/2020\/03\/Scitnik-oranzen.jpeg\",\"contentUrl\":\"https:\/\/www.iskreni.net\/trgovina\/wp-content\/uploads\/2020\/03\/Scitnik-oranzen.jpeg\",\"width\":505,\"height\":370},{\"@type\":\"BreadcrumbList\",\"@id\":\"https:\/\/www.iskreni.net\/trgovina\/product\/scitnik-perila-eko-bombaz\/#breadcrumb\",\"itemListElement\":[{\"@type\":\"ListItem\",\"position\":1,\"name\":\"Home\",\"item\":\"https:\/\/www.iskreni.net\/trgovina\/\"},{\"@type\":\"ListItem\",\"position\":2,\"name\":\"Trgovina\",\"item\":\"https:\/\/www.iskreni.net\/trgovina\/trgovina\/\"},{\"@type\":\"ListItem\",\"position\":3,\"name\":\"Dnevni vlo\u017eek S (eko bomba\u017e)\"}]},{\"@type\":\"WebSite\",\"@id\":\"https:\/\/www.iskreni.net\/trgovina\/#website\",\"url\":\"https:\/\/www.iskreni.net\/trgovina\/\",\"name\":\"Zavod Iskreni\",\"description\":\"trgovina\",\"potentialAction\":[{\"@type\":\"SearchAction\",\"target\":{\"@type\":\"EntryPoint\",\"urlTemplate\":\"https:\/\/www.iskreni.net\/trgovina\/?s={search_term_string}\"},\"query-input\":{\"@type\":\"PropertyValueSpecification\",\"valueRequired\":true,\"valueName\":\"search_term_string\"}}],\"inLanguage\":\"sl-SI\"}]}<\/script>\n<!-- \/ Yoast SEO plugin. -->","yoast_head_json":{"title":"Dnevni vlo\u017eek S (eko bomba\u017e) - dodatna za\u0161\u010dita - Trgovina Iskreni","description":"\u0160\u010ditnik perila je pravzaprav pralni vlo\u017eek brez nepremo\u010dljive plasti, zato bolje diha in je bolj udoben za uporabnice, ko potrebujejo malce dodatne za\u0161\u010dite.","robots":{"index":"index","follow":"follow","max-snippet":"max-snippet:-1","max-image-preview":"max-image-preview:large","max-video-preview":"max-video-preview:-1"},"canonical":"https:\/\/www.iskreni.net\/trgovina\/product\/scitnik-perila-eko-bombaz\/","og_locale":"sl_SI","og_type":"article","og_title":"Dnevni vlo\u017eek S (eko bomba\u017e) - dodatna za\u0161\u010dita - Trgovina Iskreni","og_description":"\u0160\u010ditnik perila je pravzaprav pralni vlo\u017eek brez nepremo\u010dljive plasti, zato bolje diha in je bolj udoben za uporabnice, ko potrebujejo malce dodatne za\u0161\u010dite.","og_url":"https:\/\/www.iskreni.net\/trgovina\/product\/scitnik-perila-eko-bombaz\/","og_site_name":"Zavod Iskreni","article_modified_time":"2026-04-21T07:25:59+00:00","og_image":[{"width":505,"height":370,"url":"https:\/\/www.iskreni.net\/trgovina\/wp-content\/uploads\/2020\/03\/Scitnik-oranzen.jpeg","type":"image\/jpeg"}],"twitter_card":"summary_large_image","twitter_misc":{"Est. reading time":"1 minuta"},"schema":{"@context":"https:\/\/schema.org","@graph":[{"@type":"WebPage","@id":"https:\/\/www.iskreni.net\/trgovina\/product\/scitnik-perila-eko-bombaz\/","url":"https:\/\/www.iskreni.net\/trgovina\/product\/scitnik-perila-eko-bombaz\/","name":"Dnevni vlo\u017eek S (eko bomba\u017e) - dodatna za\u0161\u010dita - Trgovina Iskreni","isPartOf":{"@id":"https:\/\/www.iskreni.net\/trgovina\/#website"},"primaryImageOfPage":{"@id":"https:\/\/www.iskreni.net\/trgovina\/product\/scitnik-perila-eko-bombaz\/#primaryimage"},"image":{"@id":"https:\/\/www.iskreni.net\/trgovina\/product\/scitnik-perila-eko-bombaz\/#primaryimage"},"thumbnailUrl":"https:\/\/www.iskreni.net\/trgovina\/wp-content\/uploads\/2020\/03\/Scitnik-oranzen.jpeg","datePublished":"2020-03-18T14:19:56+00:00","dateModified":"2026-04-21T07:25:59+00:00","description":"\u0160\u010ditnik perila je pravzaprav pralni vlo\u017eek brez nepremo\u010dljive plasti, zato bolje diha in je bolj udoben za uporabnice, ko potrebujejo malce dodatne za\u0161\u010dite.","breadcrumb":{"@id":"https:\/\/www.iskreni.net\/trgovina\/product\/scitnik-perila-eko-bombaz\/#breadcrumb"},"inLanguage":"sl-SI","potentialAction":[{"@type":"ReadAction","target":["https:\/\/www.iskreni.net\/trgovina\/product\/scitnik-perila-eko-bombaz\/"]}]},{"@type":"ImageObject","inLanguage":"sl-SI","@id":"https:\/\/www.iskreni.net\/trgovina\/product\/scitnik-perila-eko-bombaz\/#primaryimage","url":"https:\/\/www.iskreni.net\/trgovina\/wp-content\/uploads\/2020\/03\/Scitnik-oranzen.jpeg","contentUrl":"https:\/\/www.iskreni.net\/trgovina\/wp-content\/uploads\/2020\/03\/Scitnik-oranzen.jpeg","width":505,"height":370},{"@type":"BreadcrumbList","@id":"https:\/\/www.iskreni.net\/trgovina\/product\/scitnik-perila-eko-bombaz\/#breadcrumb","itemListElement":[{"@type":"ListItem","position":1,"name":"Home","item":"https:\/\/www.iskreni.net\/trgovina\/"},{"@type":"ListItem","position":2,"name":"Trgovina","item":"https:\/\/www.iskreni.net\/trgovina\/trgovina\/"},{"@type":"ListItem","position":3,"name":"Dnevni vlo\u017eek S (eko bomba\u017e)"}]},{"@type":"WebSite","@id":"https:\/\/www.iskreni.net\/trgovina\/#website","url":"https:\/\/www.iskreni.net\/trgovina\/","name":"Zavod Iskreni","description":"trgovina","potentialAction":[{"@type":"SearchAction","target":{"@type":"EntryPoint","urlTemplate":"https:\/\/www.iskreni.net\/trgovina\/?s={search_term_string}"},"query-input":{"@type":"PropertyValueSpecification","valueRequired":true,"valueName":"search_term_string"}}],"inLanguage":"sl-SI"}]}},"_links":{"self":[{"href":"https:\/\/www.iskreni.net\/trgovina\/wp-json\/wp\/v2\/product\/7418","targetHints":{"allow":["GET"]}}],"collection":[{"href":"https:\/\/www.iskreni.net\/trgovina\/wp-json\/wp\/v2\/product"}],"about":[{"href":"https:\/\/www.iskreni.net\/trgovina\/wp-json\/wp\/v2\/types\/product"}],"replies":[{"embeddable":true,"href":"https:\/\/www.iskreni.net\/trgovina\/wp-json\/wp\/v2\/comments?post=7418"}],"version-history":[{"count":4,"href":"https:\/\/www.iskreni.net\/trgovina\/wp-json\/wp\/v2\/product\/7418\/revisions"}],"predecessor-version":[{"id":63608,"href":"https:\/\/www.iskreni.net\/trgovina\/wp-json\/wp\/v2\/product\/7418\/revisions\/63608"}],"wp:featuredmedia":[{"embeddable":true,"href":"https:\/\/www.iskreni.net\/trgovina\/wp-json\/wp\/v2\/media\/40989"}],"wp:attachment":[{"href":"https:\/\/www.iskreni.net\/trgovina\/wp-json\/wp\/v2\/media?parent=7418"}],"wp:term":[{"taxonomy":"product_brand","embeddable":true,"href":"https:\/\/www.iskreni.net\/trgovina\/wp-json\/wp\/v2\/product_brand?post=7418"},{"taxonomy":"product_cat","embeddable":true,"href":"https:\/\/www.iskreni.net\/trgovina\/wp-json\/wp\/v2\/product_cat?post=7418"},{"taxonomy":"product_tag","embeddable":true,"href":"https:\/\/www.iskreni.net\/trgovina\/wp-json\/wp\/v2\/product_tag?post=7418"},{"taxonomy":"avtor","embeddable":true,"href":"https:\/\/www.iskreni.net\/trgovina\/wp-json\/wp\/v2\/avtor?post=7418"},{"taxonomy":"zalozba","embeddable":true,"href":"https:\/\/www.iskreni.net\/trgovina\/wp-json\/wp\/v2\/zalozba?post=7418"},{"taxonomy":"vezava","embeddable":true,"href":"https:\/\/www.iskreni.net\/trgovina\/wp-json\/wp\/v2\/vezava?post=7418"}],"curies":[{"name":"wp","href":"https:\/\/api.w.org\/{rel}","templated":true}]}}