{"id":74084,"date":"2024-03-27T16:20:24","date_gmt":"2024-03-27T15:20:24","guid":{"rendered":"https:\/\/www.iskreni.net\/trgovina\/?post_type=product&#038;p=74084"},"modified":"2024-04-02T08:39:19","modified_gmt":"2024-04-02T06:39:19","slug":"dnevnik-zupnijske-gospodinje","status":"publish","type":"product","link":"https:\/\/www.iskreni.net\/trgovina\/product\/dnevnik-zupnijske-gospodinje\/","title":{"rendered":"Dnevnik \u017eupnijske gospodinje"},"content":{"rendered":"<h4>O knjigi Dnevnik \u017eupnijske gospodinje:<\/h4>\n<div>\n<p>Diego Goso, priljubljeni italijanski duhovnik, predavatelj in pisatelj, z utrinki iz \u017eivljenja mladega \u017eupnika, kakor jih do\u017eivlja njegova izku\u0161ena gospodinja, pred nami razgrne vsakodnevne peripetije nekega italijanskega pode\u017eelskega mesteca. Gospa, ki se sprva namerava upokojiti skupaj z odhajajo\u010dim \u017eupnikom, nekoliko zadr\u017eano ustre\u017ee \u017eelji o\u010deta Marca, naj vendarle ostane vsaj toliko, da ga uvede v \u017eivljenje \u017eupnije.<\/p>\n<p>Kmalu pa se med njima vzpostavi trdna vez medsebojnega spo\u0161tovanja in prijateljstva \u2013in navsezadnje, kaj bi \u017eupnik brez njenih slovitih \u00bbtagliatel\u00ab? Vsak zapis junakinje, ki predano slu\u017ei Cerkvi \u00bbs preprostostjo, humorjem in \u0161\u010depcem pikantnosti\u00ab, se prile\u017ee kot po\u017eirek toplega \u010daja \u2013 seveda tak\u0161nega, kot ga postre\u017ee \u017eupnijska gospodinja.<\/p>\n<div id=\"product-17074-description\">\n<section>\n<div>\n<section>\n<div>\n<h4>O avtorju:<\/h4>\n<p>Diego Goso\u00a0(1975) je italijanski duhovnik, ki deluje v torinski nad\u0161kofiji (\u0161kofiji Ventimiglia \u2013 San Remo). V svojih \u0161tevilnih knjigah pi\u0161e predvsem o duhovnosti, informacijski tehnologiji, vzgoji in katehezi, h kateri pristopa z zna\u010dilno domi\u0161ljijo in humorjem.\u00a0Dnevnik \u017eupnijske gospodinje\u00a0je njegova trideseta objavljena knjiga, pri Zalo\u017ebi Dru\u017eina pa je \u017ee iz\u0161el njegov\u00a0Priro\u010dnik za popolnega ministranta.<\/p>\n<h4>Odlomek iz knjige:<\/h4>\n<p>Vsakoletni \u017eupnikov obisk je za \u017eupljane poseben praznik, ki pa je lahko nevaren za duhovnikovo zdravje. Brez \u0161ale. O\u010de Marco se mora dr\u017eati nazaj, ker ga med obiskom vsi radi pogostijo. Te\u017eava je v tem, da ga na naslednjem domu \u010daka nova pojedina. Prigrizek tukaj, kava tam, najprej ko\u0161\u010dek salame, nato rezina peciva &#8230; Zato se po vsakem dnevu po\u010duti kot nekdo, ki se vra\u010da s poro\u010dne gostije. Toda kaj lahko stori? Za na\u0161e dru\u017eine je to praznik: znamenje Gospodove ne\u017ene skrbi za na\u0161e domove.<\/p>\n<p>Zato se zve\u010der mladi duhovnik za mizo \u00bbposti\u00ab. Namesto ve\u010derje v bele\u017enico zapi\u0161e, katere domove je obiskal, in doda nekaj opomb, ki jih prikli\u010de iz spomina: na tem naslovu stanuje bolnik, ki mu je treba prinesti obhajilo, na drugem gospa, ki ob nedeljah bere v cerkvi, na tretjem pa dru\u017eina z denarnimi te\u017eavami, ki ji je treba poslati prostovoljce Karitas. Poleg takih opomb ob\u010dasno napi\u0161e tudi povsem druga\u010dne: tukaj stanujejo Jehovove pri\u010de, tukaj so me u\u017ealili, tukaj mi niso \u017eeleli odpreti vrat, \u010deprav so bili doma \u2026 Skratka, dnevnik uspehov in majhnih porazov. Za naslednji dan je \u017ee pripravljena nova stran bele\u017enice, ki je \u0161e prazna. O\u010de Marco z menoj preverja ulice in priimke stanovalcev ter mi postavlja razna vpra\u0161anja o stavbah in obmo\u010dju, ki ga namerava obiskati.<\/p>\n<\/div>\n<\/section>\n<\/div>\n<\/section>\n<\/div>\n<\/div>\n","protected":false},"excerpt":{"rendered":"<p><strong>Avtor:<\/strong> Diego Goso<br \/>\n<strong>Leto Izdaje:<\/strong> 2024<br \/>\n<strong>\u0160tevilo strani:<\/strong> 190<br \/>\n<strong>Mere:<\/strong> 145 x 210 mm<\/p>\n<p>&nbsp;<\/p>\n","protected":false},"featured_media":74086,"comment_status":"open","ping_status":"closed","template":"","meta":[],"product_brand":[],"product_cat":[2325,63],"product_tag":[468],"avtor":[2746],"zalozba":[2311],"vezava":[2307],"class_list":{"0":"post-74084","1":"product","2":"type-product","3":"status-publish","4":"has-post-thumbnail","6":"product_cat-leposlovje","7":"product_cat-knjige","8":"product_tag-hrana","9":"avtor-diego-goso","10":"zalozba-druzina","11":"vezava-mehka","13":"first","14":"instock","15":"taxable","16":"shipping-taxable","17":"purchasable","18":"product-type-simple"},"yoast_head":"<!-- This site is optimized with the Yoast SEO plugin v26.3 - https:\/\/yoast.com\/wordpress\/plugins\/seo\/ -->\n<title>Dnevnik \u017eupnijske gospodinje - Iskreni<\/title>\n<meta name=\"description\" content=\"Prijazna in duhovita zbirka zgodb iz \u017eupnijskega vsakdana, ki jih je duhovnik Goso zapisal skozi o\u010di \u017eupnijske gospodinje.\" \/>\n<meta name=\"robots\" content=\"index, follow, max-snippet:-1, max-image-preview:large, max-video-preview:-1\" \/>\n<link rel=\"canonical\" href=\"https:\/\/www.iskreni.net\/trgovina\/product\/dnevnik-zupnijske-gospodinje\/\" \/>\n<meta property=\"og:locale\" content=\"sl_SI\" \/>\n<meta property=\"og:type\" content=\"article\" \/>\n<meta property=\"og:title\" content=\"Dnevnik \u017eupnijske gospodinjev\" \/>\n<meta property=\"og:description\" content=\"Prijazna in duhovita zbirka zgodb iz \u017eupnijskega vsakdana, ki jih je duhovnik Goso zapisal skozi o\u010di \u017eupnijske gospodinje.\" \/>\n<meta property=\"og:url\" content=\"https:\/\/www.iskreni.net\/trgovina\/product\/dnevnik-zupnijske-gospodinje\/\" \/>\n<meta property=\"og:site_name\" content=\"Zavod Iskreni\" \/>\n<meta property=\"article:modified_time\" content=\"2024-04-02T06:39:19+00:00\" \/>\n<meta property=\"og:image\" content=\"https:\/\/www.iskreni.net\/trgovina\/wp-content\/uploads\/2024\/03\/Slike-za-v-spletno-trgovino-21.jpg\" \/>\n\t<meta property=\"og:image:width\" content=\"600\" \/>\n\t<meta property=\"og:image:height\" content=\"600\" \/>\n\t<meta property=\"og:image:type\" content=\"image\/jpeg\" \/>\n<meta name=\"twitter:card\" content=\"summary_large_image\" \/>\n<meta name=\"twitter:label1\" content=\"Est. reading time\" \/>\n\t<meta name=\"twitter:data1\" content=\"3 minute\" \/>\n<script type=\"application\/ld+json\" class=\"yoast-schema-graph\">{\"@context\":\"https:\/\/schema.org\",\"@graph\":[{\"@type\":\"WebPage\",\"@id\":\"https:\/\/www.iskreni.net\/trgovina\/product\/dnevnik-zupnijske-gospodinje\/\",\"url\":\"https:\/\/www.iskreni.net\/trgovina\/product\/dnevnik-zupnijske-gospodinje\/\",\"name\":\"Dnevnik \u017eupnijske gospodinje - Iskreni\",\"isPartOf\":{\"@id\":\"https:\/\/www.iskreni.net\/trgovina\/#website\"},\"primaryImageOfPage\":{\"@id\":\"https:\/\/www.iskreni.net\/trgovina\/product\/dnevnik-zupnijske-gospodinje\/#primaryimage\"},\"image\":{\"@id\":\"https:\/\/www.iskreni.net\/trgovina\/product\/dnevnik-zupnijske-gospodinje\/#primaryimage\"},\"thumbnailUrl\":\"https:\/\/www.iskreni.net\/trgovina\/wp-content\/uploads\/2024\/03\/Slike-za-v-spletno-trgovino-21.jpg\",\"datePublished\":\"2024-03-27T15:20:24+00:00\",\"dateModified\":\"2024-04-02T06:39:19+00:00\",\"description\":\"Prijazna in duhovita zbirka zgodb iz \u017eupnijskega vsakdana, ki jih je duhovnik Goso zapisal skozi o\u010di \u017eupnijske gospodinje.\",\"breadcrumb\":{\"@id\":\"https:\/\/www.iskreni.net\/trgovina\/product\/dnevnik-zupnijske-gospodinje\/#breadcrumb\"},\"inLanguage\":\"sl-SI\",\"potentialAction\":[{\"@type\":\"ReadAction\",\"target\":[\"https:\/\/www.iskreni.net\/trgovina\/product\/dnevnik-zupnijske-gospodinje\/\"]}]},{\"@type\":\"ImageObject\",\"inLanguage\":\"sl-SI\",\"@id\":\"https:\/\/www.iskreni.net\/trgovina\/product\/dnevnik-zupnijske-gospodinje\/#primaryimage\",\"url\":\"https:\/\/www.iskreni.net\/trgovina\/wp-content\/uploads\/2024\/03\/Slike-za-v-spletno-trgovino-21.jpg\",\"contentUrl\":\"https:\/\/www.iskreni.net\/trgovina\/wp-content\/uploads\/2024\/03\/Slike-za-v-spletno-trgovino-21.jpg\",\"width\":600,\"height\":600},{\"@type\":\"BreadcrumbList\",\"@id\":\"https:\/\/www.iskreni.net\/trgovina\/product\/dnevnik-zupnijske-gospodinje\/#breadcrumb\",\"itemListElement\":[{\"@type\":\"ListItem\",\"position\":1,\"name\":\"Home\",\"item\":\"https:\/\/www.iskreni.net\/trgovina\/\"},{\"@type\":\"ListItem\",\"position\":2,\"name\":\"Trgovina\",\"item\":\"https:\/\/www.iskreni.net\/trgovina\/trgovina\/\"},{\"@type\":\"ListItem\",\"position\":3,\"name\":\"Dnevnik \u017eupnijske gospodinje\"}]},{\"@type\":\"WebSite\",\"@id\":\"https:\/\/www.iskreni.net\/trgovina\/#website\",\"url\":\"https:\/\/www.iskreni.net\/trgovina\/\",\"name\":\"Zavod Iskreni\",\"description\":\"trgovina\",\"potentialAction\":[{\"@type\":\"SearchAction\",\"target\":{\"@type\":\"EntryPoint\",\"urlTemplate\":\"https:\/\/www.iskreni.net\/trgovina\/?s={search_term_string}\"},\"query-input\":{\"@type\":\"PropertyValueSpecification\",\"valueRequired\":true,\"valueName\":\"search_term_string\"}}],\"inLanguage\":\"sl-SI\"}]}<\/script>\n<!-- \/ Yoast SEO plugin. -->","yoast_head_json":{"title":"Dnevnik \u017eupnijske gospodinje - Iskreni","description":"Prijazna in duhovita zbirka zgodb iz \u017eupnijskega vsakdana, ki jih je duhovnik Goso zapisal skozi o\u010di \u017eupnijske gospodinje.","robots":{"index":"index","follow":"follow","max-snippet":"max-snippet:-1","max-image-preview":"max-image-preview:large","max-video-preview":"max-video-preview:-1"},"canonical":"https:\/\/www.iskreni.net\/trgovina\/product\/dnevnik-zupnijske-gospodinje\/","og_locale":"sl_SI","og_type":"article","og_title":"Dnevnik \u017eupnijske gospodinjev","og_description":"Prijazna in duhovita zbirka zgodb iz \u017eupnijskega vsakdana, ki jih je duhovnik Goso zapisal skozi o\u010di \u017eupnijske gospodinje.","og_url":"https:\/\/www.iskreni.net\/trgovina\/product\/dnevnik-zupnijske-gospodinje\/","og_site_name":"Zavod Iskreni","article_modified_time":"2024-04-02T06:39:19+00:00","og_image":[{"width":600,"height":600,"url":"https:\/\/www.iskreni.net\/trgovina\/wp-content\/uploads\/2024\/03\/Slike-za-v-spletno-trgovino-21.jpg","type":"image\/jpeg"}],"twitter_card":"summary_large_image","twitter_misc":{"Est. reading time":"3 minute"},"schema":{"@context":"https:\/\/schema.org","@graph":[{"@type":"WebPage","@id":"https:\/\/www.iskreni.net\/trgovina\/product\/dnevnik-zupnijske-gospodinje\/","url":"https:\/\/www.iskreni.net\/trgovina\/product\/dnevnik-zupnijske-gospodinje\/","name":"Dnevnik \u017eupnijske gospodinje - Iskreni","isPartOf":{"@id":"https:\/\/www.iskreni.net\/trgovina\/#website"},"primaryImageOfPage":{"@id":"https:\/\/www.iskreni.net\/trgovina\/product\/dnevnik-zupnijske-gospodinje\/#primaryimage"},"image":{"@id":"https:\/\/www.iskreni.net\/trgovina\/product\/dnevnik-zupnijske-gospodinje\/#primaryimage"},"thumbnailUrl":"https:\/\/www.iskreni.net\/trgovina\/wp-content\/uploads\/2024\/03\/Slike-za-v-spletno-trgovino-21.jpg","datePublished":"2024-03-27T15:20:24+00:00","dateModified":"2024-04-02T06:39:19+00:00","description":"Prijazna in duhovita zbirka zgodb iz \u017eupnijskega vsakdana, ki jih je duhovnik Goso zapisal skozi o\u010di \u017eupnijske gospodinje.","breadcrumb":{"@id":"https:\/\/www.iskreni.net\/trgovina\/product\/dnevnik-zupnijske-gospodinje\/#breadcrumb"},"inLanguage":"sl-SI","potentialAction":[{"@type":"ReadAction","target":["https:\/\/www.iskreni.net\/trgovina\/product\/dnevnik-zupnijske-gospodinje\/"]}]},{"@type":"ImageObject","inLanguage":"sl-SI","@id":"https:\/\/www.iskreni.net\/trgovina\/product\/dnevnik-zupnijske-gospodinje\/#primaryimage","url":"https:\/\/www.iskreni.net\/trgovina\/wp-content\/uploads\/2024\/03\/Slike-za-v-spletno-trgovino-21.jpg","contentUrl":"https:\/\/www.iskreni.net\/trgovina\/wp-content\/uploads\/2024\/03\/Slike-za-v-spletno-trgovino-21.jpg","width":600,"height":600},{"@type":"BreadcrumbList","@id":"https:\/\/www.iskreni.net\/trgovina\/product\/dnevnik-zupnijske-gospodinje\/#breadcrumb","itemListElement":[{"@type":"ListItem","position":1,"name":"Home","item":"https:\/\/www.iskreni.net\/trgovina\/"},{"@type":"ListItem","position":2,"name":"Trgovina","item":"https:\/\/www.iskreni.net\/trgovina\/trgovina\/"},{"@type":"ListItem","position":3,"name":"Dnevnik \u017eupnijske gospodinje"}]},{"@type":"WebSite","@id":"https:\/\/www.iskreni.net\/trgovina\/#website","url":"https:\/\/www.iskreni.net\/trgovina\/","name":"Zavod Iskreni","description":"trgovina","potentialAction":[{"@type":"SearchAction","target":{"@type":"EntryPoint","urlTemplate":"https:\/\/www.iskreni.net\/trgovina\/?s={search_term_string}"},"query-input":{"@type":"PropertyValueSpecification","valueRequired":true,"valueName":"search_term_string"}}],"inLanguage":"sl-SI"}]}},"_links":{"self":[{"href":"https:\/\/www.iskreni.net\/trgovina\/wp-json\/wp\/v2\/product\/74084","targetHints":{"allow":["GET"]}}],"collection":[{"href":"https:\/\/www.iskreni.net\/trgovina\/wp-json\/wp\/v2\/product"}],"about":[{"href":"https:\/\/www.iskreni.net\/trgovina\/wp-json\/wp\/v2\/types\/product"}],"replies":[{"embeddable":true,"href":"https:\/\/www.iskreni.net\/trgovina\/wp-json\/wp\/v2\/comments?post=74084"}],"version-history":[{"count":11,"href":"https:\/\/www.iskreni.net\/trgovina\/wp-json\/wp\/v2\/product\/74084\/revisions"}],"predecessor-version":[{"id":74127,"href":"https:\/\/www.iskreni.net\/trgovina\/wp-json\/wp\/v2\/product\/74084\/revisions\/74127"}],"wp:featuredmedia":[{"embeddable":true,"href":"https:\/\/www.iskreni.net\/trgovina\/wp-json\/wp\/v2\/media\/74086"}],"wp:attachment":[{"href":"https:\/\/www.iskreni.net\/trgovina\/wp-json\/wp\/v2\/media?parent=74084"}],"wp:term":[{"taxonomy":"product_brand","embeddable":true,"href":"https:\/\/www.iskreni.net\/trgovina\/wp-json\/wp\/v2\/product_brand?post=74084"},{"taxonomy":"product_cat","embeddable":true,"href":"https:\/\/www.iskreni.net\/trgovina\/wp-json\/wp\/v2\/product_cat?post=74084"},{"taxonomy":"product_tag","embeddable":true,"href":"https:\/\/www.iskreni.net\/trgovina\/wp-json\/wp\/v2\/product_tag?post=74084"},{"taxonomy":"avtor","embeddable":true,"href":"https:\/\/www.iskreni.net\/trgovina\/wp-json\/wp\/v2\/avtor?post=74084"},{"taxonomy":"zalozba","embeddable":true,"href":"https:\/\/www.iskreni.net\/trgovina\/wp-json\/wp\/v2\/zalozba?post=74084"},{"taxonomy":"vezava","embeddable":true,"href":"https:\/\/www.iskreni.net\/trgovina\/wp-json\/wp\/v2\/vezava?post=74084"}],"curies":[{"name":"wp","href":"https:\/\/api.w.org\/{rel}","templated":true}]}}