{"id":73995,"date":"2024-03-22T15:35:52","date_gmt":"2024-03-22T14:35:52","guid":{"rendered":"https:\/\/www.iskreni.net\/trgovina\/?post_type=product&#038;p=73995"},"modified":"2024-03-28T11:13:24","modified_gmt":"2024-03-28T10:13:24","slug":"vrnitev-kako-pripeljati-svoje-otroke-nazaj-v-cerkev","status":"publish","type":"product","link":"https:\/\/www.iskreni.net\/trgovina\/product\/vrnitev-kako-pripeljati-svoje-otroke-nazaj-v-cerkev\/","title":{"rendered":"Vrnitev &#8211; Kako pripeljati svoje otroke nazaj v cerkev"},"content":{"rendered":"<h4 class=\"title\">O knjigi Vrnitev:<\/h4>\n<div class=\"tab-description js-tab-singleProduct-description content-tab\">\n<p>\u010ce ste vzeli v roke to knjigo, je zelo verjetno, da ste star\u0161i ali stari star\u0161i, ki vas skrbi, da se je va\u0161 otrok oddaljil od vere. Verjetno se spra\u0161ujete: Kaj je \u0161lo narobe? Sem storil dovolj? Kaj bi \u0161e lahko naredil? Lahko zdaj kaj storim? Kako popraviti skrhan odnos s Kristusom in Cerkvijo?<\/p>\n<p>Knjiga Vrnitev ponuja izjemno in mo\u010dno potrebno podporo ter odgovore na ta vpra\u0161anja. V njej boste na\u0161li oprijemljive in prakti\u010dne nasvete. Avtor namesto k obupu poziva k izvirnosti in pogumu, novim pristopom, pre\u017eetim z \u017eivostjo nove evangelizacije.<\/p>\n<p>Vrnitev vsebuje jasna spoznanja, zakaj ljudje opu\u0161\u010dajo vero Cerkve. Nikogar ne graja niti obto\u017euje in se izogiba iskanju gre\u0161nih kozlov. Namesto tega se posve\u010da re\u0161itvi. Ta knjiga ne ponuja \u010darobnega zagotovila, da bo va\u0161 otrok spet sprejel vero in Cerkev, vendar boste v njej na\u0161li pomo\u010d in nasvete, da boste ustvarili najbolj\u0161e mogo\u010de okolje, v katerem boste otroka znova pripeljali h Kristusu in v njegovo Cerkev.<\/p>\n<\/div>\n<div id=\"product-17074-description\" class=\"single-product__content\">\n<section class=\"single-product__tabs\">\n<div class=\"top-8\">\n<section class=\"product-list-similar product-list slider\">\n<div class=\"description\">\n<p class=\"title font-bold\">\n<\/div>\n<\/section>\n<\/div>\n<\/section>\n<\/div>\n","protected":false},"excerpt":{"rendered":"<p><strong>Avtorica:<\/strong> Brandon Vogt<\/p>\n<p><strong>Leto izdaje:<\/strong> 2024<br \/>\n<strong>\u0160tevilo strani:<\/strong> 232<\/p>\n<p><strong>Mere:\u00a0<\/strong>145 mm x 230 mm<\/p>\n<p>&nbsp;<\/p>\n<p>&nbsp;<\/p>\n<p><a href=\"https:\/\/www.druzina.si\/storage\/app\/media\/Jo%C5%A1t\/stvari-ki-bi-jih-zelel-vedeti-pred-porokovzorcne-strani.pdf\">Prelistaj knjigo<\/a><\/p>\n","protected":false},"featured_media":73997,"comment_status":"open","ping_status":"closed","template":"","meta":[],"product_brand":[],"product_cat":[2327,63],"product_tag":[468],"avtor":[2745],"zalozba":[2311],"vezava":[2307],"class_list":{"0":"post-73995","1":"product","2":"type-product","3":"status-publish","4":"has-post-thumbnail","6":"product_cat-prirocniki-in-vodniki","7":"product_cat-knjige","8":"product_tag-hrana","9":"avtor-brandon-vogt","10":"zalozba-druzina","11":"vezava-mehka","13":"first","14":"instock","15":"taxable","16":"shipping-taxable","17":"purchasable","18":"product-type-simple"},"yoast_head":"<!-- This site is optimized with the Yoast SEO plugin v26.3 - https:\/\/yoast.com\/wordpress\/plugins\/seo\/ -->\n<title>Vrnitev - Iskreni<\/title>\n<meta name=\"description\" content=\"Pomo\u010d in nasveti, ki bodo pomagali ustvariti okolje, v katerem boste otroka znova pripeljali h Kristusu in v njegovo Cerkev.\" \/>\n<meta name=\"robots\" content=\"index, follow, max-snippet:-1, max-image-preview:large, max-video-preview:-1\" \/>\n<link rel=\"canonical\" href=\"https:\/\/www.iskreni.net\/trgovina\/product\/vrnitev-kako-pripeljati-svoje-otroke-nazaj-v-cerkev\/\" \/>\n<meta property=\"og:locale\" content=\"sl_SI\" \/>\n<meta property=\"og:type\" content=\"article\" \/>\n<meta property=\"og:title\" content=\"Vrnitev\" \/>\n<meta property=\"og:description\" content=\"Pomo\u010d in nasveti, ki bodo pomagali ustvariti okolje, v katerem boste otroka znova pripeljali h Kristusu in v njegovo Cerkev.\" \/>\n<meta property=\"og:url\" content=\"https:\/\/www.iskreni.net\/trgovina\/product\/vrnitev-kako-pripeljati-svoje-otroke-nazaj-v-cerkev\/\" \/>\n<meta property=\"og:site_name\" content=\"Zavod Iskreni\" \/>\n<meta property=\"article:modified_time\" content=\"2024-03-28T10:13:24+00:00\" \/>\n<meta property=\"og:image\" content=\"https:\/\/www.iskreni.net\/trgovina\/wp-content\/uploads\/2024\/03\/Slike-za-v-spletno-trgovino-20.jpg\" \/>\n\t<meta property=\"og:image:width\" content=\"600\" \/>\n\t<meta property=\"og:image:height\" content=\"600\" \/>\n\t<meta property=\"og:image:type\" content=\"image\/jpeg\" \/>\n<meta name=\"twitter:card\" content=\"summary_large_image\" \/>\n<meta name=\"twitter:label1\" content=\"Est. reading time\" \/>\n\t<meta name=\"twitter:data1\" content=\"2 minuti\" \/>\n<script type=\"application\/ld+json\" class=\"yoast-schema-graph\">{\"@context\":\"https:\/\/schema.org\",\"@graph\":[{\"@type\":\"WebPage\",\"@id\":\"https:\/\/www.iskreni.net\/trgovina\/product\/vrnitev-kako-pripeljati-svoje-otroke-nazaj-v-cerkev\/\",\"url\":\"https:\/\/www.iskreni.net\/trgovina\/product\/vrnitev-kako-pripeljati-svoje-otroke-nazaj-v-cerkev\/\",\"name\":\"Vrnitev - Iskreni\",\"isPartOf\":{\"@id\":\"https:\/\/www.iskreni.net\/trgovina\/#website\"},\"primaryImageOfPage\":{\"@id\":\"https:\/\/www.iskreni.net\/trgovina\/product\/vrnitev-kako-pripeljati-svoje-otroke-nazaj-v-cerkev\/#primaryimage\"},\"image\":{\"@id\":\"https:\/\/www.iskreni.net\/trgovina\/product\/vrnitev-kako-pripeljati-svoje-otroke-nazaj-v-cerkev\/#primaryimage\"},\"thumbnailUrl\":\"https:\/\/www.iskreni.net\/trgovina\/wp-content\/uploads\/2024\/03\/Slike-za-v-spletno-trgovino-20.jpg\",\"datePublished\":\"2024-03-22T14:35:52+00:00\",\"dateModified\":\"2024-03-28T10:13:24+00:00\",\"description\":\"Pomo\u010d in nasveti, ki bodo pomagali ustvariti okolje, v katerem boste otroka znova pripeljali h Kristusu in v njegovo Cerkev.\",\"breadcrumb\":{\"@id\":\"https:\/\/www.iskreni.net\/trgovina\/product\/vrnitev-kako-pripeljati-svoje-otroke-nazaj-v-cerkev\/#breadcrumb\"},\"inLanguage\":\"sl-SI\",\"potentialAction\":[{\"@type\":\"ReadAction\",\"target\":[\"https:\/\/www.iskreni.net\/trgovina\/product\/vrnitev-kako-pripeljati-svoje-otroke-nazaj-v-cerkev\/\"]}]},{\"@type\":\"ImageObject\",\"inLanguage\":\"sl-SI\",\"@id\":\"https:\/\/www.iskreni.net\/trgovina\/product\/vrnitev-kako-pripeljati-svoje-otroke-nazaj-v-cerkev\/#primaryimage\",\"url\":\"https:\/\/www.iskreni.net\/trgovina\/wp-content\/uploads\/2024\/03\/Slike-za-v-spletno-trgovino-20.jpg\",\"contentUrl\":\"https:\/\/www.iskreni.net\/trgovina\/wp-content\/uploads\/2024\/03\/Slike-za-v-spletno-trgovino-20.jpg\",\"width\":600,\"height\":600},{\"@type\":\"BreadcrumbList\",\"@id\":\"https:\/\/www.iskreni.net\/trgovina\/product\/vrnitev-kako-pripeljati-svoje-otroke-nazaj-v-cerkev\/#breadcrumb\",\"itemListElement\":[{\"@type\":\"ListItem\",\"position\":1,\"name\":\"Home\",\"item\":\"https:\/\/www.iskreni.net\/trgovina\/\"},{\"@type\":\"ListItem\",\"position\":2,\"name\":\"Trgovina\",\"item\":\"https:\/\/www.iskreni.net\/trgovina\/trgovina\/\"},{\"@type\":\"ListItem\",\"position\":3,\"name\":\"Vrnitev &#8211; Kako pripeljati svoje otroke nazaj v cerkev\"}]},{\"@type\":\"WebSite\",\"@id\":\"https:\/\/www.iskreni.net\/trgovina\/#website\",\"url\":\"https:\/\/www.iskreni.net\/trgovina\/\",\"name\":\"Zavod Iskreni\",\"description\":\"trgovina\",\"potentialAction\":[{\"@type\":\"SearchAction\",\"target\":{\"@type\":\"EntryPoint\",\"urlTemplate\":\"https:\/\/www.iskreni.net\/trgovina\/?s={search_term_string}\"},\"query-input\":{\"@type\":\"PropertyValueSpecification\",\"valueRequired\":true,\"valueName\":\"search_term_string\"}}],\"inLanguage\":\"sl-SI\"}]}<\/script>\n<!-- \/ Yoast SEO plugin. -->","yoast_head_json":{"title":"Vrnitev - Iskreni","description":"Pomo\u010d in nasveti, ki bodo pomagali ustvariti okolje, v katerem boste otroka znova pripeljali h Kristusu in v njegovo Cerkev.","robots":{"index":"index","follow":"follow","max-snippet":"max-snippet:-1","max-image-preview":"max-image-preview:large","max-video-preview":"max-video-preview:-1"},"canonical":"https:\/\/www.iskreni.net\/trgovina\/product\/vrnitev-kako-pripeljati-svoje-otroke-nazaj-v-cerkev\/","og_locale":"sl_SI","og_type":"article","og_title":"Vrnitev","og_description":"Pomo\u010d in nasveti, ki bodo pomagali ustvariti okolje, v katerem boste otroka znova pripeljali h Kristusu in v njegovo Cerkev.","og_url":"https:\/\/www.iskreni.net\/trgovina\/product\/vrnitev-kako-pripeljati-svoje-otroke-nazaj-v-cerkev\/","og_site_name":"Zavod Iskreni","article_modified_time":"2024-03-28T10:13:24+00:00","og_image":[{"width":600,"height":600,"url":"https:\/\/www.iskreni.net\/trgovina\/wp-content\/uploads\/2024\/03\/Slike-za-v-spletno-trgovino-20.jpg","type":"image\/jpeg"}],"twitter_card":"summary_large_image","twitter_misc":{"Est. reading time":"2 minuti"},"schema":{"@context":"https:\/\/schema.org","@graph":[{"@type":"WebPage","@id":"https:\/\/www.iskreni.net\/trgovina\/product\/vrnitev-kako-pripeljati-svoje-otroke-nazaj-v-cerkev\/","url":"https:\/\/www.iskreni.net\/trgovina\/product\/vrnitev-kako-pripeljati-svoje-otroke-nazaj-v-cerkev\/","name":"Vrnitev - Iskreni","isPartOf":{"@id":"https:\/\/www.iskreni.net\/trgovina\/#website"},"primaryImageOfPage":{"@id":"https:\/\/www.iskreni.net\/trgovina\/product\/vrnitev-kako-pripeljati-svoje-otroke-nazaj-v-cerkev\/#primaryimage"},"image":{"@id":"https:\/\/www.iskreni.net\/trgovina\/product\/vrnitev-kako-pripeljati-svoje-otroke-nazaj-v-cerkev\/#primaryimage"},"thumbnailUrl":"https:\/\/www.iskreni.net\/trgovina\/wp-content\/uploads\/2024\/03\/Slike-za-v-spletno-trgovino-20.jpg","datePublished":"2024-03-22T14:35:52+00:00","dateModified":"2024-03-28T10:13:24+00:00","description":"Pomo\u010d in nasveti, ki bodo pomagali ustvariti okolje, v katerem boste otroka znova pripeljali h Kristusu in v njegovo Cerkev.","breadcrumb":{"@id":"https:\/\/www.iskreni.net\/trgovina\/product\/vrnitev-kako-pripeljati-svoje-otroke-nazaj-v-cerkev\/#breadcrumb"},"inLanguage":"sl-SI","potentialAction":[{"@type":"ReadAction","target":["https:\/\/www.iskreni.net\/trgovina\/product\/vrnitev-kako-pripeljati-svoje-otroke-nazaj-v-cerkev\/"]}]},{"@type":"ImageObject","inLanguage":"sl-SI","@id":"https:\/\/www.iskreni.net\/trgovina\/product\/vrnitev-kako-pripeljati-svoje-otroke-nazaj-v-cerkev\/#primaryimage","url":"https:\/\/www.iskreni.net\/trgovina\/wp-content\/uploads\/2024\/03\/Slike-za-v-spletno-trgovino-20.jpg","contentUrl":"https:\/\/www.iskreni.net\/trgovina\/wp-content\/uploads\/2024\/03\/Slike-za-v-spletno-trgovino-20.jpg","width":600,"height":600},{"@type":"BreadcrumbList","@id":"https:\/\/www.iskreni.net\/trgovina\/product\/vrnitev-kako-pripeljati-svoje-otroke-nazaj-v-cerkev\/#breadcrumb","itemListElement":[{"@type":"ListItem","position":1,"name":"Home","item":"https:\/\/www.iskreni.net\/trgovina\/"},{"@type":"ListItem","position":2,"name":"Trgovina","item":"https:\/\/www.iskreni.net\/trgovina\/trgovina\/"},{"@type":"ListItem","position":3,"name":"Vrnitev &#8211; Kako pripeljati svoje otroke nazaj v cerkev"}]},{"@type":"WebSite","@id":"https:\/\/www.iskreni.net\/trgovina\/#website","url":"https:\/\/www.iskreni.net\/trgovina\/","name":"Zavod Iskreni","description":"trgovina","potentialAction":[{"@type":"SearchAction","target":{"@type":"EntryPoint","urlTemplate":"https:\/\/www.iskreni.net\/trgovina\/?s={search_term_string}"},"query-input":{"@type":"PropertyValueSpecification","valueRequired":true,"valueName":"search_term_string"}}],"inLanguage":"sl-SI"}]}},"_links":{"self":[{"href":"https:\/\/www.iskreni.net\/trgovina\/wp-json\/wp\/v2\/product\/73995","targetHints":{"allow":["GET"]}}],"collection":[{"href":"https:\/\/www.iskreni.net\/trgovina\/wp-json\/wp\/v2\/product"}],"about":[{"href":"https:\/\/www.iskreni.net\/trgovina\/wp-json\/wp\/v2\/types\/product"}],"replies":[{"embeddable":true,"href":"https:\/\/www.iskreni.net\/trgovina\/wp-json\/wp\/v2\/comments?post=73995"}],"version-history":[{"count":3,"href":"https:\/\/www.iskreni.net\/trgovina\/wp-json\/wp\/v2\/product\/73995\/revisions"}],"predecessor-version":[{"id":73999,"href":"https:\/\/www.iskreni.net\/trgovina\/wp-json\/wp\/v2\/product\/73995\/revisions\/73999"}],"wp:featuredmedia":[{"embeddable":true,"href":"https:\/\/www.iskreni.net\/trgovina\/wp-json\/wp\/v2\/media\/73997"}],"wp:attachment":[{"href":"https:\/\/www.iskreni.net\/trgovina\/wp-json\/wp\/v2\/media?parent=73995"}],"wp:term":[{"taxonomy":"product_brand","embeddable":true,"href":"https:\/\/www.iskreni.net\/trgovina\/wp-json\/wp\/v2\/product_brand?post=73995"},{"taxonomy":"product_cat","embeddable":true,"href":"https:\/\/www.iskreni.net\/trgovina\/wp-json\/wp\/v2\/product_cat?post=73995"},{"taxonomy":"product_tag","embeddable":true,"href":"https:\/\/www.iskreni.net\/trgovina\/wp-json\/wp\/v2\/product_tag?post=73995"},{"taxonomy":"avtor","embeddable":true,"href":"https:\/\/www.iskreni.net\/trgovina\/wp-json\/wp\/v2\/avtor?post=73995"},{"taxonomy":"zalozba","embeddable":true,"href":"https:\/\/www.iskreni.net\/trgovina\/wp-json\/wp\/v2\/zalozba?post=73995"},{"taxonomy":"vezava","embeddable":true,"href":"https:\/\/www.iskreni.net\/trgovina\/wp-json\/wp\/v2\/vezava?post=73995"}],"curies":[{"name":"wp","href":"https:\/\/api.w.org\/{rel}","templated":true}]}}