{"id":73991,"date":"2024-03-22T15:26:36","date_gmt":"2024-03-22T14:26:36","guid":{"rendered":"https:\/\/www.iskreni.net\/trgovina\/?post_type=product&#038;p=73991"},"modified":"2025-09-11T10:26:49","modified_gmt":"2025-09-11T08:26:49","slug":"stvari-ki-bi-jih-zeleli-vedeti-pred-poroko","status":"publish","type":"product","link":"https:\/\/www.iskreni.net\/trgovina\/product\/stvari-ki-bi-jih-zeleli-vedeti-pred-poroko\/","title":{"rendered":"Stvari, ki bi jih \u017eeleli vedeti pred poroko"},"content":{"rendered":"<h4 class=\"title\">O knjigi Stvari, ki bi jih \u017eeleli vedeti pred poroko:<\/h4>\n<div class=\"tab-description js-tab-singleProduct-description content-tab\">\n<p>Ko se oziram na prva leta svojega zakona, si \u017eelim, da bi mi kdo povedal to, kar bom jaz povedal vam. Iskreno mislim, da bi ga poslu\u0161al. Toda v moji mladosti pojem \u00bbpriprave na zakon\u00ab ni obstajal. Upam, da vam bo moja odprtost glede mojega zakona pomagala, da se boste izognili trpljenju in razo\u010daranju, ki sva ju do\u017eivljala z \u017eeno.<\/p>\n<p>Zaljubljenost je \u010dustvena in obsedena izku\u0161nja. Toda \u010dustva se spreminjajo in obsedenost zbledi. Raziskave nakazujejo, da povpre\u010dna \u017eivljenjska doba \u00bbzaljubljenosti\u00ab traja dve leti. Pri nekaterih morda traja nekoliko dlje, pri drugih manj. Povpre\u010dje pa je dve leti. Nato \u010dustvena vznesenost popusti in pomembne postanejo tiste plati \u017eivljenja, ki smo jih med zaljubljenostjo prezrli. Pojavljati se za\u010dnejo razlike in pogosto se zalotimo, da se prepiramo z osebo, ki smo jo neko\u010d imeli za popolno.<\/p>\n<p>Sami odkrijemo, da zaljubljenost ni temelj za sre\u010den zakon.<\/p>\n<\/div>\n<div id=\"product-17074-description\" class=\"single-product__content\">\n<section class=\"single-product__accordions\">\n<div class=\"product-content col-span-9\">\n<div class=\"tab-description js-tab-singleProduct-description content-tab\"><a href=\"https:\/\/www.druzina.si\/storage\/app\/media\/Jo%C5%A1t\/stvari-ki-bi-jih-zelel-vedeti-pred-porokovzorcne-strani.pdf\">Prelistaj knjigo<\/a><\/div>\n<\/div>\n<\/section>\n<\/div>\n","protected":false},"excerpt":{"rendered":"<p><strong>Leto izdaje:<\/strong> 2024<br \/>\n<strong>\u0160tevilo strani:<\/strong> 128<\/p>\n<p><strong>Mere:\u00a0<\/strong>140 mm x 205 mm<\/p>\n<p><a href=\"https:\/\/www.druzina.si\/storage\/app\/media\/Jo%C5%A1t\/stvari-ki-bi-jih-zelel-vedeti-pred-porokovzorcne-strani.pdf\">Prelistaj knjigo<\/a><\/p>\n","protected":false},"featured_media":73993,"comment_status":"open","ping_status":"closed","template":"","meta":[],"product_brand":[],"product_cat":[2350,63],"product_tag":[468,410],"avtor":[2366],"zalozba":[2311],"vezava":[2635],"class_list":{"0":"post-73991","1":"product","2":"type-product","3":"status-publish","4":"has-post-thumbnail","6":"product_cat-za-mlade","7":"product_cat-knjige","8":"product_tag-hrana","9":"product_tag-poroka","10":"avtor-gary-chapman","11":"zalozba-druzina","12":"vezava-mehka-z-zavihki","14":"first","15":"onbackorder","16":"taxable","17":"shipping-taxable","18":"purchasable","19":"product-type-simple"},"yoast_head":"<!-- This site is optimized with the Yoast SEO plugin v26.3 - https:\/\/yoast.com\/wordpress\/plugins\/seo\/ -->\n<title>Stvari, ki bi jih \u017eeleli vedeti pred poroko - Iskreni<\/title>\n<meta name=\"description\" content=\"Sami odkrijemo, da zaljubljenost ni temelj za sre\u010den zakon.\" \/>\n<meta name=\"robots\" content=\"index, follow, max-snippet:-1, max-image-preview:large, max-video-preview:-1\" \/>\n<link rel=\"canonical\" href=\"https:\/\/www.iskreni.net\/trgovina\/product\/stvari-ki-bi-jih-zeleli-vedeti-pred-poroko\/\" \/>\n<meta property=\"og:locale\" content=\"sl_SI\" \/>\n<meta property=\"og:type\" content=\"article\" \/>\n<meta property=\"og:title\" content=\"Stvari, ki bi jih \u017eeleli vedeti pred poroko\" \/>\n<meta property=\"og:description\" content=\"Sami odkrijemo, da zaljubljenost ni temelj za sre\u010den zakon.\" \/>\n<meta property=\"og:url\" content=\"https:\/\/www.iskreni.net\/trgovina\/product\/stvari-ki-bi-jih-zeleli-vedeti-pred-poroko\/\" \/>\n<meta property=\"og:site_name\" content=\"Zavod Iskreni\" \/>\n<meta property=\"article:modified_time\" content=\"2025-09-11T08:26:49+00:00\" \/>\n<meta property=\"og:image\" content=\"https:\/\/www.iskreni.net\/trgovina\/wp-content\/uploads\/2024\/03\/Slike-za-v-spletno-trgovino-19.jpg\" \/>\n\t<meta property=\"og:image:width\" content=\"600\" \/>\n\t<meta property=\"og:image:height\" content=\"600\" \/>\n\t<meta property=\"og:image:type\" content=\"image\/jpeg\" \/>\n<meta name=\"twitter:card\" content=\"summary_large_image\" \/>\n<meta name=\"twitter:label1\" content=\"Est. reading time\" \/>\n\t<meta name=\"twitter:data1\" content=\"2 minuti\" \/>\n<script type=\"application\/ld+json\" class=\"yoast-schema-graph\">{\"@context\":\"https:\/\/schema.org\",\"@graph\":[{\"@type\":\"WebPage\",\"@id\":\"https:\/\/www.iskreni.net\/trgovina\/product\/stvari-ki-bi-jih-zeleli-vedeti-pred-poroko\/\",\"url\":\"https:\/\/www.iskreni.net\/trgovina\/product\/stvari-ki-bi-jih-zeleli-vedeti-pred-poroko\/\",\"name\":\"Stvari, ki bi jih \u017eeleli vedeti pred poroko - Iskreni\",\"isPartOf\":{\"@id\":\"https:\/\/www.iskreni.net\/trgovina\/#website\"},\"primaryImageOfPage\":{\"@id\":\"https:\/\/www.iskreni.net\/trgovina\/product\/stvari-ki-bi-jih-zeleli-vedeti-pred-poroko\/#primaryimage\"},\"image\":{\"@id\":\"https:\/\/www.iskreni.net\/trgovina\/product\/stvari-ki-bi-jih-zeleli-vedeti-pred-poroko\/#primaryimage\"},\"thumbnailUrl\":\"https:\/\/www.iskreni.net\/trgovina\/wp-content\/uploads\/2024\/03\/Slike-za-v-spletno-trgovino-19.jpg\",\"datePublished\":\"2024-03-22T14:26:36+00:00\",\"dateModified\":\"2025-09-11T08:26:49+00:00\",\"description\":\"Sami odkrijemo, da zaljubljenost ni temelj za sre\u010den zakon.\",\"breadcrumb\":{\"@id\":\"https:\/\/www.iskreni.net\/trgovina\/product\/stvari-ki-bi-jih-zeleli-vedeti-pred-poroko\/#breadcrumb\"},\"inLanguage\":\"sl-SI\",\"potentialAction\":[{\"@type\":\"ReadAction\",\"target\":[\"https:\/\/www.iskreni.net\/trgovina\/product\/stvari-ki-bi-jih-zeleli-vedeti-pred-poroko\/\"]}]},{\"@type\":\"ImageObject\",\"inLanguage\":\"sl-SI\",\"@id\":\"https:\/\/www.iskreni.net\/trgovina\/product\/stvari-ki-bi-jih-zeleli-vedeti-pred-poroko\/#primaryimage\",\"url\":\"https:\/\/www.iskreni.net\/trgovina\/wp-content\/uploads\/2024\/03\/Slike-za-v-spletno-trgovino-19.jpg\",\"contentUrl\":\"https:\/\/www.iskreni.net\/trgovina\/wp-content\/uploads\/2024\/03\/Slike-za-v-spletno-trgovino-19.jpg\",\"width\":600,\"height\":600},{\"@type\":\"BreadcrumbList\",\"@id\":\"https:\/\/www.iskreni.net\/trgovina\/product\/stvari-ki-bi-jih-zeleli-vedeti-pred-poroko\/#breadcrumb\",\"itemListElement\":[{\"@type\":\"ListItem\",\"position\":1,\"name\":\"Home\",\"item\":\"https:\/\/www.iskreni.net\/trgovina\/\"},{\"@type\":\"ListItem\",\"position\":2,\"name\":\"Trgovina\",\"item\":\"https:\/\/www.iskreni.net\/trgovina\/trgovina\/\"},{\"@type\":\"ListItem\",\"position\":3,\"name\":\"Stvari, ki bi jih \u017eeleli vedeti pred poroko\"}]},{\"@type\":\"WebSite\",\"@id\":\"https:\/\/www.iskreni.net\/trgovina\/#website\",\"url\":\"https:\/\/www.iskreni.net\/trgovina\/\",\"name\":\"Zavod Iskreni\",\"description\":\"trgovina\",\"potentialAction\":[{\"@type\":\"SearchAction\",\"target\":{\"@type\":\"EntryPoint\",\"urlTemplate\":\"https:\/\/www.iskreni.net\/trgovina\/?s={search_term_string}\"},\"query-input\":{\"@type\":\"PropertyValueSpecification\",\"valueRequired\":true,\"valueName\":\"search_term_string\"}}],\"inLanguage\":\"sl-SI\"}]}<\/script>\n<!-- \/ Yoast SEO plugin. -->","yoast_head_json":{"title":"Stvari, ki bi jih \u017eeleli vedeti pred poroko - Iskreni","description":"Sami odkrijemo, da zaljubljenost ni temelj za sre\u010den zakon.","robots":{"index":"index","follow":"follow","max-snippet":"max-snippet:-1","max-image-preview":"max-image-preview:large","max-video-preview":"max-video-preview:-1"},"canonical":"https:\/\/www.iskreni.net\/trgovina\/product\/stvari-ki-bi-jih-zeleli-vedeti-pred-poroko\/","og_locale":"sl_SI","og_type":"article","og_title":"Stvari, ki bi jih \u017eeleli vedeti pred poroko","og_description":"Sami odkrijemo, da zaljubljenost ni temelj za sre\u010den zakon.","og_url":"https:\/\/www.iskreni.net\/trgovina\/product\/stvari-ki-bi-jih-zeleli-vedeti-pred-poroko\/","og_site_name":"Zavod Iskreni","article_modified_time":"2025-09-11T08:26:49+00:00","og_image":[{"width":600,"height":600,"url":"https:\/\/www.iskreni.net\/trgovina\/wp-content\/uploads\/2024\/03\/Slike-za-v-spletno-trgovino-19.jpg","type":"image\/jpeg"}],"twitter_card":"summary_large_image","twitter_misc":{"Est. reading time":"2 minuti"},"schema":{"@context":"https:\/\/schema.org","@graph":[{"@type":"WebPage","@id":"https:\/\/www.iskreni.net\/trgovina\/product\/stvari-ki-bi-jih-zeleli-vedeti-pred-poroko\/","url":"https:\/\/www.iskreni.net\/trgovina\/product\/stvari-ki-bi-jih-zeleli-vedeti-pred-poroko\/","name":"Stvari, ki bi jih \u017eeleli vedeti pred poroko - Iskreni","isPartOf":{"@id":"https:\/\/www.iskreni.net\/trgovina\/#website"},"primaryImageOfPage":{"@id":"https:\/\/www.iskreni.net\/trgovina\/product\/stvari-ki-bi-jih-zeleli-vedeti-pred-poroko\/#primaryimage"},"image":{"@id":"https:\/\/www.iskreni.net\/trgovina\/product\/stvari-ki-bi-jih-zeleli-vedeti-pred-poroko\/#primaryimage"},"thumbnailUrl":"https:\/\/www.iskreni.net\/trgovina\/wp-content\/uploads\/2024\/03\/Slike-za-v-spletno-trgovino-19.jpg","datePublished":"2024-03-22T14:26:36+00:00","dateModified":"2025-09-11T08:26:49+00:00","description":"Sami odkrijemo, da zaljubljenost ni temelj za sre\u010den zakon.","breadcrumb":{"@id":"https:\/\/www.iskreni.net\/trgovina\/product\/stvari-ki-bi-jih-zeleli-vedeti-pred-poroko\/#breadcrumb"},"inLanguage":"sl-SI","potentialAction":[{"@type":"ReadAction","target":["https:\/\/www.iskreni.net\/trgovina\/product\/stvari-ki-bi-jih-zeleli-vedeti-pred-poroko\/"]}]},{"@type":"ImageObject","inLanguage":"sl-SI","@id":"https:\/\/www.iskreni.net\/trgovina\/product\/stvari-ki-bi-jih-zeleli-vedeti-pred-poroko\/#primaryimage","url":"https:\/\/www.iskreni.net\/trgovina\/wp-content\/uploads\/2024\/03\/Slike-za-v-spletno-trgovino-19.jpg","contentUrl":"https:\/\/www.iskreni.net\/trgovina\/wp-content\/uploads\/2024\/03\/Slike-za-v-spletno-trgovino-19.jpg","width":600,"height":600},{"@type":"BreadcrumbList","@id":"https:\/\/www.iskreni.net\/trgovina\/product\/stvari-ki-bi-jih-zeleli-vedeti-pred-poroko\/#breadcrumb","itemListElement":[{"@type":"ListItem","position":1,"name":"Home","item":"https:\/\/www.iskreni.net\/trgovina\/"},{"@type":"ListItem","position":2,"name":"Trgovina","item":"https:\/\/www.iskreni.net\/trgovina\/trgovina\/"},{"@type":"ListItem","position":3,"name":"Stvari, ki bi jih \u017eeleli vedeti pred poroko"}]},{"@type":"WebSite","@id":"https:\/\/www.iskreni.net\/trgovina\/#website","url":"https:\/\/www.iskreni.net\/trgovina\/","name":"Zavod Iskreni","description":"trgovina","potentialAction":[{"@type":"SearchAction","target":{"@type":"EntryPoint","urlTemplate":"https:\/\/www.iskreni.net\/trgovina\/?s={search_term_string}"},"query-input":{"@type":"PropertyValueSpecification","valueRequired":true,"valueName":"search_term_string"}}],"inLanguage":"sl-SI"}]}},"_links":{"self":[{"href":"https:\/\/www.iskreni.net\/trgovina\/wp-json\/wp\/v2\/product\/73991","targetHints":{"allow":["GET"]}}],"collection":[{"href":"https:\/\/www.iskreni.net\/trgovina\/wp-json\/wp\/v2\/product"}],"about":[{"href":"https:\/\/www.iskreni.net\/trgovina\/wp-json\/wp\/v2\/types\/product"}],"replies":[{"embeddable":true,"href":"https:\/\/www.iskreni.net\/trgovina\/wp-json\/wp\/v2\/comments?post=73991"}],"version-history":[{"count":7,"href":"https:\/\/www.iskreni.net\/trgovina\/wp-json\/wp\/v2\/product\/73991\/revisions"}],"predecessor-version":[{"id":74169,"href":"https:\/\/www.iskreni.net\/trgovina\/wp-json\/wp\/v2\/product\/73991\/revisions\/74169"}],"wp:featuredmedia":[{"embeddable":true,"href":"https:\/\/www.iskreni.net\/trgovina\/wp-json\/wp\/v2\/media\/73993"}],"wp:attachment":[{"href":"https:\/\/www.iskreni.net\/trgovina\/wp-json\/wp\/v2\/media?parent=73991"}],"wp:term":[{"taxonomy":"product_brand","embeddable":true,"href":"https:\/\/www.iskreni.net\/trgovina\/wp-json\/wp\/v2\/product_brand?post=73991"},{"taxonomy":"product_cat","embeddable":true,"href":"https:\/\/www.iskreni.net\/trgovina\/wp-json\/wp\/v2\/product_cat?post=73991"},{"taxonomy":"product_tag","embeddable":true,"href":"https:\/\/www.iskreni.net\/trgovina\/wp-json\/wp\/v2\/product_tag?post=73991"},{"taxonomy":"avtor","embeddable":true,"href":"https:\/\/www.iskreni.net\/trgovina\/wp-json\/wp\/v2\/avtor?post=73991"},{"taxonomy":"zalozba","embeddable":true,"href":"https:\/\/www.iskreni.net\/trgovina\/wp-json\/wp\/v2\/zalozba?post=73991"},{"taxonomy":"vezava","embeddable":true,"href":"https:\/\/www.iskreni.net\/trgovina\/wp-json\/wp\/v2\/vezava?post=73991"}],"curies":[{"name":"wp","href":"https:\/\/api.w.org\/{rel}","templated":true}]}}