{"id":73856,"date":"2024-03-15T14:40:22","date_gmt":"2024-03-15T13:40:22","guid":{"rendered":"https:\/\/www.iskreni.net\/trgovina\/?post_type=product&#038;p=73856"},"modified":"2024-04-02T08:53:11","modified_gmt":"2024-04-02T06:53:11","slug":"kako-postanes-sampion","status":"publish","type":"product","link":"https:\/\/www.iskreni.net\/trgovina\/product\/kako-postanes-sampion\/","title":{"rendered":"Kako postane\u0161 \u0161ampion"},"content":{"rendered":"<h4 id=\"anchor-o-izdelku\" class=\"title\">O knjigi Kako postane\u0161 \u0161ampion:<\/h4>\n<div class=\"tab-description js-tab-singleProduct-description content-tab\">\n<p>Prisluhnimo \u0161ahovskim napotkom Judit Polga\u0301r. Kot najmlaj\u0161a velemojstrica in najuspe\u0161nej\u0161a \u0161ahistka v zgodovini v knjigi mladim bralcem in njihovim mentorjem razgrne svoj pogled na \u0161ah, razkrije svoje najljub\u0161e taktike in zaupa svoje izku\u0161nje. Nazorna knjiga, ki nam pomaga raziskovati \u010darobni svet \u0161aha. Postani \u0161ampion tudi ti!<\/p>\n<\/div>\n<div id=\"product-17074-description\" class=\"single-product__content\">\n<section class=\"single-product__accordions\">\n<div class=\"product-content col-span-9\">\n<div class=\"tab-description js-tab-singleProduct-description content-tab\">\n<h4>O avtorici:<\/h4>\n<p>Judit Polg\u00e1r v \u0161ahovskem svetu velja za edinstven fenomen. Leta 1991 je pri 15 letih osvojila naslov mednarodne velemojstrice, s \u010dimer je izbolj\u0161ala rekord legendarnega Bobbyja Fischerja in postala najmlaj\u0161a velemojstrica vseh \u010dasov. Do leta 2004 je Polg\u00e1r napredovala na 8. mesto absolutne svetovne lestvice. Polg\u00e1r je na mednarodnih tekmovanjih premagala enajst od skupno dvajsetih svetovnih prvakov v \u0161ahovski zgodovini, npr. Borisa Spaskega, Anatolija Karpova, Garija Kasparova, Viswanathana Ananda in Magnusa Carlsena. Po \u0161ahovski olimpijadi v Troms\u00f8ju leta 2014 je \u0161ahovsko uro postavila na stran, tako v dobesednem kot v prenesenem pomenu. Zdaj se posve\u010da dru\u017eini, mednarodni promociji \u0161porta, pisanju knjig in Fundaciji Judit Polg\u00e1r.Ena izmed najpomembnej\u0161ih zmag \u0161ahovske \u0161ampionke, ki je ve\u010dino svoje kariere igrala z mo\u0161kimi nasprotniki, je zagotovo ta, da je s svojo edinstveno igro premagovala meje med spoloma. Postala je simbol \u017eenskega opolnomo\u010denja in preseganja spolnih stereotipov, svoje delovanje pa je nadgradila z neprofitnim podjetjem Judit Polgar Chess Fundation, ki spodbuja izobra\u017eevanje, vse\u017eivljenjsko u\u010denje ter razvoj ustvarjalnosti, talentov in spretnosti. Polg\u00e1r verjame, da je njena zgodba lahko navdih za dekleta po vsem svetu kot primer vztrajnosti, doseganja in preseganja ciljev. Ko so jo Zdru\u017eeni narodi leta 2016 povabili, naj kot prva Evropejka postane \u010dlanica \u00bbEkipe UN WOMEN Planet 50-50\u00ab in zastopa \u017eenske v mednarodnem dru\u017ebenem \u017eivljenju, je z veseljem sprejela povabilo. Leta 2018 je postala \u010dastna podpredsednica Mednarodne \u0161ahovske zveze in delala kot strokovna komentatorka na velikih mednarodnih turnirjih ter svetovnih prvenstvih.<\/p>\n<p><a href=\"https:\/\/www.druzina.si\/storage\/app\/media\/Jo%C5%A1t\/KPS_wwwstrani.pdf\">Prelistaj knjigo<\/a><\/p>\n<\/div>\n<\/div>\n<\/section>\n<\/div>\n","protected":false},"excerpt":{"rendered":"<p><strong>Avtorica:<\/strong> Judit Polg\u00e1r<\/p>\n<p><strong>Leto izdaje:<\/strong> 2024<br \/>\n<strong>\u0160tevilo strani:<\/strong> 240<\/p>\n<p><a href=\"https:\/\/www.druzina.si\/storage\/app\/media\/Jo%C5%A1t\/KPS_wwwstrani.pdf\">Prelistaj knjigo<\/a><\/p>\n","protected":false},"featured_media":73858,"comment_status":"open","ping_status":"closed","template":"","meta":[],"product_brand":[],"product_cat":[2350,63],"product_tag":[468],"avtor":[],"zalozba":[2311],"vezava":[2307],"class_list":{"0":"post-73856","1":"product","2":"type-product","3":"status-publish","4":"has-post-thumbnail","6":"product_cat-za-mlade","7":"product_cat-knjige","8":"product_tag-hrana","9":"zalozba-druzina","10":"vezava-mehka","12":"first","13":"instock","14":"taxable","15":"shipping-taxable","16":"purchasable","17":"product-type-simple"},"yoast_head":"<!-- This site is optimized with the Yoast SEO plugin v26.3 - https:\/\/yoast.com\/wordpress\/plugins\/seo\/ -->\n<title>Kako postane\u0161 \u0161ampion - Iskreni<\/title>\n<meta name=\"description\" content=\"Avtorica kot najmlaj\u0161a velemojstrica in najuspe\u0161nej\u0161a \u0161ahistka v zgodovini v knjigi mladim bralcem in njihovim mentorjem razgrne svoj pogled na \u0161ah, razkrije svoje najljub\u0161e taktike in zaupa svoje izku\u0161nje.\" \/>\n<meta name=\"robots\" content=\"index, follow, max-snippet:-1, max-image-preview:large, max-video-preview:-1\" \/>\n<link rel=\"canonical\" href=\"https:\/\/www.iskreni.net\/trgovina\/product\/kako-postanes-sampion\/\" \/>\n<meta property=\"og:locale\" content=\"sl_SI\" \/>\n<meta property=\"og:type\" content=\"article\" \/>\n<meta property=\"og:title\" content=\"Kako postane\u0161 \u0161ampion\" \/>\n<meta property=\"og:description\" content=\"Avtorica kot najmlaj\u0161a velemojstrica in najuspe\u0161nej\u0161a \u0161ahistka v zgodovini v knjigi mladim bralcem in njihovim mentorjem razgrne svoj pogled na \u0161ah, razkrije svoje najljub\u0161e taktike in zaupa svoje izku\u0161nje.\" \/>\n<meta property=\"og:url\" content=\"https:\/\/www.iskreni.net\/trgovina\/product\/kako-postanes-sampion\/\" \/>\n<meta property=\"og:site_name\" content=\"Zavod Iskreni\" \/>\n<meta property=\"article:modified_time\" content=\"2024-04-02T06:53:11+00:00\" \/>\n<meta property=\"og:image\" content=\"https:\/\/www.iskreni.net\/trgovina\/wp-content\/uploads\/2024\/03\/Slike-za-v-spletno-trgovino-13.jpg\" \/>\n\t<meta property=\"og:image:width\" content=\"600\" \/>\n\t<meta property=\"og:image:height\" content=\"600\" \/>\n\t<meta property=\"og:image:type\" content=\"image\/jpeg\" \/>\n<meta name=\"twitter:card\" content=\"summary_large_image\" \/>\n<meta name=\"twitter:label1\" content=\"Est. reading time\" \/>\n\t<meta name=\"twitter:data1\" content=\"2 minuti\" \/>\n<script type=\"application\/ld+json\" class=\"yoast-schema-graph\">{\"@context\":\"https:\/\/schema.org\",\"@graph\":[{\"@type\":\"WebPage\",\"@id\":\"https:\/\/www.iskreni.net\/trgovina\/product\/kako-postanes-sampion\/\",\"url\":\"https:\/\/www.iskreni.net\/trgovina\/product\/kako-postanes-sampion\/\",\"name\":\"Kako postane\u0161 \u0161ampion - Iskreni\",\"isPartOf\":{\"@id\":\"https:\/\/www.iskreni.net\/trgovina\/#website\"},\"primaryImageOfPage\":{\"@id\":\"https:\/\/www.iskreni.net\/trgovina\/product\/kako-postanes-sampion\/#primaryimage\"},\"image\":{\"@id\":\"https:\/\/www.iskreni.net\/trgovina\/product\/kako-postanes-sampion\/#primaryimage\"},\"thumbnailUrl\":\"https:\/\/www.iskreni.net\/trgovina\/wp-content\/uploads\/2024\/03\/Slike-za-v-spletno-trgovino-13.jpg\",\"datePublished\":\"2024-03-15T13:40:22+00:00\",\"dateModified\":\"2024-04-02T06:53:11+00:00\",\"description\":\"Avtorica kot najmlaj\u0161a velemojstrica in najuspe\u0161nej\u0161a \u0161ahistka v zgodovini v knjigi mladim bralcem in njihovim mentorjem razgrne svoj pogled na \u0161ah, razkrije svoje najljub\u0161e taktike in zaupa svoje izku\u0161nje.\",\"breadcrumb\":{\"@id\":\"https:\/\/www.iskreni.net\/trgovina\/product\/kako-postanes-sampion\/#breadcrumb\"},\"inLanguage\":\"sl-SI\",\"potentialAction\":[{\"@type\":\"ReadAction\",\"target\":[\"https:\/\/www.iskreni.net\/trgovina\/product\/kako-postanes-sampion\/\"]}]},{\"@type\":\"ImageObject\",\"inLanguage\":\"sl-SI\",\"@id\":\"https:\/\/www.iskreni.net\/trgovina\/product\/kako-postanes-sampion\/#primaryimage\",\"url\":\"https:\/\/www.iskreni.net\/trgovina\/wp-content\/uploads\/2024\/03\/Slike-za-v-spletno-trgovino-13.jpg\",\"contentUrl\":\"https:\/\/www.iskreni.net\/trgovina\/wp-content\/uploads\/2024\/03\/Slike-za-v-spletno-trgovino-13.jpg\",\"width\":600,\"height\":600},{\"@type\":\"BreadcrumbList\",\"@id\":\"https:\/\/www.iskreni.net\/trgovina\/product\/kako-postanes-sampion\/#breadcrumb\",\"itemListElement\":[{\"@type\":\"ListItem\",\"position\":1,\"name\":\"Home\",\"item\":\"https:\/\/www.iskreni.net\/trgovina\/\"},{\"@type\":\"ListItem\",\"position\":2,\"name\":\"Trgovina\",\"item\":\"https:\/\/www.iskreni.net\/trgovina\/trgovina\/\"},{\"@type\":\"ListItem\",\"position\":3,\"name\":\"Kako postane\u0161 \u0161ampion\"}]},{\"@type\":\"WebSite\",\"@id\":\"https:\/\/www.iskreni.net\/trgovina\/#website\",\"url\":\"https:\/\/www.iskreni.net\/trgovina\/\",\"name\":\"Zavod Iskreni\",\"description\":\"trgovina\",\"potentialAction\":[{\"@type\":\"SearchAction\",\"target\":{\"@type\":\"EntryPoint\",\"urlTemplate\":\"https:\/\/www.iskreni.net\/trgovina\/?s={search_term_string}\"},\"query-input\":{\"@type\":\"PropertyValueSpecification\",\"valueRequired\":true,\"valueName\":\"search_term_string\"}}],\"inLanguage\":\"sl-SI\"}]}<\/script>\n<!-- \/ Yoast SEO plugin. -->","yoast_head_json":{"title":"Kako postane\u0161 \u0161ampion - Iskreni","description":"Avtorica kot najmlaj\u0161a velemojstrica in najuspe\u0161nej\u0161a \u0161ahistka v zgodovini v knjigi mladim bralcem in njihovim mentorjem razgrne svoj pogled na \u0161ah, razkrije svoje najljub\u0161e taktike in zaupa svoje izku\u0161nje.","robots":{"index":"index","follow":"follow","max-snippet":"max-snippet:-1","max-image-preview":"max-image-preview:large","max-video-preview":"max-video-preview:-1"},"canonical":"https:\/\/www.iskreni.net\/trgovina\/product\/kako-postanes-sampion\/","og_locale":"sl_SI","og_type":"article","og_title":"Kako postane\u0161 \u0161ampion","og_description":"Avtorica kot najmlaj\u0161a velemojstrica in najuspe\u0161nej\u0161a \u0161ahistka v zgodovini v knjigi mladim bralcem in njihovim mentorjem razgrne svoj pogled na \u0161ah, razkrije svoje najljub\u0161e taktike in zaupa svoje izku\u0161nje.","og_url":"https:\/\/www.iskreni.net\/trgovina\/product\/kako-postanes-sampion\/","og_site_name":"Zavod Iskreni","article_modified_time":"2024-04-02T06:53:11+00:00","og_image":[{"width":600,"height":600,"url":"https:\/\/www.iskreni.net\/trgovina\/wp-content\/uploads\/2024\/03\/Slike-za-v-spletno-trgovino-13.jpg","type":"image\/jpeg"}],"twitter_card":"summary_large_image","twitter_misc":{"Est. reading time":"2 minuti"},"schema":{"@context":"https:\/\/schema.org","@graph":[{"@type":"WebPage","@id":"https:\/\/www.iskreni.net\/trgovina\/product\/kako-postanes-sampion\/","url":"https:\/\/www.iskreni.net\/trgovina\/product\/kako-postanes-sampion\/","name":"Kako postane\u0161 \u0161ampion - Iskreni","isPartOf":{"@id":"https:\/\/www.iskreni.net\/trgovina\/#website"},"primaryImageOfPage":{"@id":"https:\/\/www.iskreni.net\/trgovina\/product\/kako-postanes-sampion\/#primaryimage"},"image":{"@id":"https:\/\/www.iskreni.net\/trgovina\/product\/kako-postanes-sampion\/#primaryimage"},"thumbnailUrl":"https:\/\/www.iskreni.net\/trgovina\/wp-content\/uploads\/2024\/03\/Slike-za-v-spletno-trgovino-13.jpg","datePublished":"2024-03-15T13:40:22+00:00","dateModified":"2024-04-02T06:53:11+00:00","description":"Avtorica kot najmlaj\u0161a velemojstrica in najuspe\u0161nej\u0161a \u0161ahistka v zgodovini v knjigi mladim bralcem in njihovim mentorjem razgrne svoj pogled na \u0161ah, razkrije svoje najljub\u0161e taktike in zaupa svoje izku\u0161nje.","breadcrumb":{"@id":"https:\/\/www.iskreni.net\/trgovina\/product\/kako-postanes-sampion\/#breadcrumb"},"inLanguage":"sl-SI","potentialAction":[{"@type":"ReadAction","target":["https:\/\/www.iskreni.net\/trgovina\/product\/kako-postanes-sampion\/"]}]},{"@type":"ImageObject","inLanguage":"sl-SI","@id":"https:\/\/www.iskreni.net\/trgovina\/product\/kako-postanes-sampion\/#primaryimage","url":"https:\/\/www.iskreni.net\/trgovina\/wp-content\/uploads\/2024\/03\/Slike-za-v-spletno-trgovino-13.jpg","contentUrl":"https:\/\/www.iskreni.net\/trgovina\/wp-content\/uploads\/2024\/03\/Slike-za-v-spletno-trgovino-13.jpg","width":600,"height":600},{"@type":"BreadcrumbList","@id":"https:\/\/www.iskreni.net\/trgovina\/product\/kako-postanes-sampion\/#breadcrumb","itemListElement":[{"@type":"ListItem","position":1,"name":"Home","item":"https:\/\/www.iskreni.net\/trgovina\/"},{"@type":"ListItem","position":2,"name":"Trgovina","item":"https:\/\/www.iskreni.net\/trgovina\/trgovina\/"},{"@type":"ListItem","position":3,"name":"Kako postane\u0161 \u0161ampion"}]},{"@type":"WebSite","@id":"https:\/\/www.iskreni.net\/trgovina\/#website","url":"https:\/\/www.iskreni.net\/trgovina\/","name":"Zavod Iskreni","description":"trgovina","potentialAction":[{"@type":"SearchAction","target":{"@type":"EntryPoint","urlTemplate":"https:\/\/www.iskreni.net\/trgovina\/?s={search_term_string}"},"query-input":{"@type":"PropertyValueSpecification","valueRequired":true,"valueName":"search_term_string"}}],"inLanguage":"sl-SI"}]}},"_links":{"self":[{"href":"https:\/\/www.iskreni.net\/trgovina\/wp-json\/wp\/v2\/product\/73856","targetHints":{"allow":["GET"]}}],"collection":[{"href":"https:\/\/www.iskreni.net\/trgovina\/wp-json\/wp\/v2\/product"}],"about":[{"href":"https:\/\/www.iskreni.net\/trgovina\/wp-json\/wp\/v2\/types\/product"}],"replies":[{"embeddable":true,"href":"https:\/\/www.iskreni.net\/trgovina\/wp-json\/wp\/v2\/comments?post=73856"}],"version-history":[{"count":6,"href":"https:\/\/www.iskreni.net\/trgovina\/wp-json\/wp\/v2\/product\/73856\/revisions"}],"predecessor-version":[{"id":74176,"href":"https:\/\/www.iskreni.net\/trgovina\/wp-json\/wp\/v2\/product\/73856\/revisions\/74176"}],"wp:featuredmedia":[{"embeddable":true,"href":"https:\/\/www.iskreni.net\/trgovina\/wp-json\/wp\/v2\/media\/73858"}],"wp:attachment":[{"href":"https:\/\/www.iskreni.net\/trgovina\/wp-json\/wp\/v2\/media?parent=73856"}],"wp:term":[{"taxonomy":"product_brand","embeddable":true,"href":"https:\/\/www.iskreni.net\/trgovina\/wp-json\/wp\/v2\/product_brand?post=73856"},{"taxonomy":"product_cat","embeddable":true,"href":"https:\/\/www.iskreni.net\/trgovina\/wp-json\/wp\/v2\/product_cat?post=73856"},{"taxonomy":"product_tag","embeddable":true,"href":"https:\/\/www.iskreni.net\/trgovina\/wp-json\/wp\/v2\/product_tag?post=73856"},{"taxonomy":"avtor","embeddable":true,"href":"https:\/\/www.iskreni.net\/trgovina\/wp-json\/wp\/v2\/avtor?post=73856"},{"taxonomy":"zalozba","embeddable":true,"href":"https:\/\/www.iskreni.net\/trgovina\/wp-json\/wp\/v2\/zalozba?post=73856"},{"taxonomy":"vezava","embeddable":true,"href":"https:\/\/www.iskreni.net\/trgovina\/wp-json\/wp\/v2\/vezava?post=73856"}],"curies":[{"name":"wp","href":"https:\/\/api.w.org\/{rel}","templated":true}]}}