{"id":73848,"date":"2024-03-15T14:26:54","date_gmt":"2024-03-15T13:26:54","guid":{"rendered":"https:\/\/www.iskreni.net\/trgovina\/?post_type=product&#038;p=73848"},"modified":"2024-04-02T08:56:36","modified_gmt":"2024-04-02T06:56:36","slug":"na-krizpotju-oblik","status":"publish","type":"product","link":"https:\/\/www.iskreni.net\/trgovina\/product\/na-krizpotju-oblik\/","title":{"rendered":"Na kri\u017epotju oblik"},"content":{"rendered":"<h4 id=\"anchor-o-izdelku\" class=\"title\">O knjigi Na kri\u017epotju oblik:<\/h4>\n<div class=\"tab-description js-tab-singleProduct-description content-tab\">\n<p>V knjigi Na kri\u017epotju oblik nas profesor matematike Gregor Pavli\u010d popelje po prostranem polju geometrije: od za\u010detkov geometrijskega razmi\u0161ljanja v davni paleolitski in neolitski preteklosti ter vloge geometrije v starih klinopisnih in hieroglifnih pisavah preko klasi\u010dnega obdobja velikega Evklida do njenega slu\u017eenja v stavbarskih, voja\u0161kih in drugih prakti\u010dnih nalogah. Spoznamo jo v umetnosti na primerih japonskega origamija, perspektive in dekorativnih vzorcev ter kon\u010dno kot raziskovalko nepravilnih oblik v naravi, kot so oblaki in drevesne kro\u0161nje ali re\u010dne delte in nevihtne strele.<\/p>\n<\/div>\n<div id=\"product-17074-description\" class=\"single-product__content\">\n<section class=\"single-product__accordions\">\n<div class=\"product-content col-span-9\">\n<div class=\"tab-description js-tab-singleProduct-description content-tab\">\n<h4>O avtorju:<\/h4>\n<p>Gregor Pavli\u010d (1954) se je rodil in \u0161olal v Ljubljani. Poleg osnovne \u0161ole in gimnazije je kon\u010dal tudi srednjo glasbeno \u0161olo iz klavirja in kitare. Po uspe\u0161no zaklju\u010denem \u0161tudiju matematike leta 1977 se je zaposlil na gimnaziji Vi\u010d. Svoje izobra\u017eevanje je leta 1996 dopolnil z magisterijem iz matematike. Od leta 1993 do upokojitve je deloval na \u0160kofijski klasi\u010dni gimnaziji, kjer je bil poleg pou\u010devanja deset let pomo\u010dnik ravnatelja. \u0160est let je bil samostojni svetovalec na Zavodu za \u0161olstvo, odgovoren za zaklju\u010dne izpite in maturo iz matematike, in \u0161tiri leta strokovni tajnik Republi\u0161ke maturitetne komisije za matematiko. Deloval je tudi kot organizator in predavatelj na seminarjih za u\u010ditelje in sodeloval v \u0161tevilnih mednarodnih projektih. Njegovo drugo najpomembnej\u0161e podro\u010dje dela je bilo pisanje recenzij, u\u010dbenikov in priro\u010dnikov. Skupaj z avtorsko skupino je napisal kar 17 u\u010dbenikov za srednje \u0161ole in gimnazije. Za svoje delo je leta 1994 dobil naziv sv\u00e9tnik, leta 1997 pa je prejel dr\u017eavno nagrado za podro\u010dje \u0161olstva. Ob upokojitvi leta 2019 je iz\u0161la njegova knjiga o \u0161tevilih, Na vrtiljaku \u0161tevil, \u010das do danes pa je \u0161el v veliki meri za vnuke, poslanstvo diakonata in pisanje knjige, ki jo dr\u017eite v rokah.<\/p>\n<p>&nbsp;<\/p>\n<p>&nbsp;<\/p>\n<\/div>\n<\/div>\n<\/section>\n<\/div>\n","protected":false},"excerpt":{"rendered":"<p><strong>Avtor:<\/strong> Gregor Pavli\u010d<br \/>\n<strong>Leto izdaje:<\/strong> 2024<br \/>\n<strong>\u0160tevilo strani:<\/strong> 320<\/p>\n","protected":false},"featured_media":73850,"comment_status":"open","ping_status":"closed","template":"","meta":[],"product_brand":[],"product_cat":[2350,63],"product_tag":[468],"avtor":[2742],"zalozba":[2311],"vezava":[2306],"class_list":{"0":"post-73848","1":"product","2":"type-product","3":"status-publish","4":"has-post-thumbnail","6":"product_cat-za-mlade","7":"product_cat-knjige","8":"product_tag-hrana","9":"avtor-gregor-pavlic","10":"zalozba-druzina","11":"vezava-trda","13":"first","14":"instock","15":"taxable","16":"shipping-taxable","17":"purchasable","18":"product-type-simple"},"yoast_head":"<!-- This site is optimized with the Yoast SEO plugin v26.3 - https:\/\/yoast.com\/wordpress\/plugins\/seo\/ -->\n<title>Na kri\u017epotju oblik - Iskreni<\/title>\n<meta name=\"description\" content=\"Enciklopedi\u010dno delo, nepogre\u0161ljivo v doma\u010di knji\u017enici. Odpirali ga bomo vedno znova: pri pisanju, raziskovanju in \u0161irjenju obzorij.\" \/>\n<meta name=\"robots\" content=\"index, follow, max-snippet:-1, max-image-preview:large, max-video-preview:-1\" \/>\n<link rel=\"canonical\" href=\"https:\/\/www.iskreni.net\/trgovina\/product\/na-krizpotju-oblik\/\" \/>\n<meta property=\"og:locale\" content=\"sl_SI\" \/>\n<meta property=\"og:type\" content=\"article\" \/>\n<meta property=\"og:title\" content=\"Na kri\u017epotju oblik\" \/>\n<meta property=\"og:description\" content=\"Enciklopedi\u010dno delo, nepogre\u0161ljivo v doma\u010di knji\u017enici. Odpirali ga bomo vedno znova: pri pisanju, raziskovanju in \u0161irjenju obzorij\" \/>\n<meta property=\"og:url\" content=\"https:\/\/www.iskreni.net\/trgovina\/product\/na-krizpotju-oblik\/\" \/>\n<meta property=\"og:site_name\" content=\"Zavod Iskreni\" \/>\n<meta property=\"article:modified_time\" content=\"2024-04-02T06:56:36+00:00\" \/>\n<meta property=\"og:image\" content=\"https:\/\/www.iskreni.net\/trgovina\/wp-content\/uploads\/2024\/03\/Slike-za-v-spletno-trgovino-12.jpg\" \/>\n\t<meta property=\"og:image:width\" content=\"600\" \/>\n\t<meta property=\"og:image:height\" content=\"600\" \/>\n\t<meta property=\"og:image:type\" content=\"image\/jpeg\" \/>\n<meta name=\"twitter:card\" content=\"summary_large_image\" \/>\n<meta name=\"twitter:label1\" content=\"Est. reading time\" \/>\n\t<meta name=\"twitter:data1\" content=\"2 minuti\" \/>\n<script type=\"application\/ld+json\" class=\"yoast-schema-graph\">{\"@context\":\"https:\/\/schema.org\",\"@graph\":[{\"@type\":\"WebPage\",\"@id\":\"https:\/\/www.iskreni.net\/trgovina\/product\/na-krizpotju-oblik\/\",\"url\":\"https:\/\/www.iskreni.net\/trgovina\/product\/na-krizpotju-oblik\/\",\"name\":\"Na kri\u017epotju oblik - Iskreni\",\"isPartOf\":{\"@id\":\"https:\/\/www.iskreni.net\/trgovina\/#website\"},\"primaryImageOfPage\":{\"@id\":\"https:\/\/www.iskreni.net\/trgovina\/product\/na-krizpotju-oblik\/#primaryimage\"},\"image\":{\"@id\":\"https:\/\/www.iskreni.net\/trgovina\/product\/na-krizpotju-oblik\/#primaryimage\"},\"thumbnailUrl\":\"https:\/\/www.iskreni.net\/trgovina\/wp-content\/uploads\/2024\/03\/Slike-za-v-spletno-trgovino-12.jpg\",\"datePublished\":\"2024-03-15T13:26:54+00:00\",\"dateModified\":\"2024-04-02T06:56:36+00:00\",\"description\":\"Enciklopedi\u010dno delo, nepogre\u0161ljivo v doma\u010di knji\u017enici. Odpirali ga bomo vedno znova: pri pisanju, raziskovanju in \u0161irjenju obzorij.\",\"breadcrumb\":{\"@id\":\"https:\/\/www.iskreni.net\/trgovina\/product\/na-krizpotju-oblik\/#breadcrumb\"},\"inLanguage\":\"sl-SI\",\"potentialAction\":[{\"@type\":\"ReadAction\",\"target\":[\"https:\/\/www.iskreni.net\/trgovina\/product\/na-krizpotju-oblik\/\"]}]},{\"@type\":\"ImageObject\",\"inLanguage\":\"sl-SI\",\"@id\":\"https:\/\/www.iskreni.net\/trgovina\/product\/na-krizpotju-oblik\/#primaryimage\",\"url\":\"https:\/\/www.iskreni.net\/trgovina\/wp-content\/uploads\/2024\/03\/Slike-za-v-spletno-trgovino-12.jpg\",\"contentUrl\":\"https:\/\/www.iskreni.net\/trgovina\/wp-content\/uploads\/2024\/03\/Slike-za-v-spletno-trgovino-12.jpg\",\"width\":600,\"height\":600},{\"@type\":\"BreadcrumbList\",\"@id\":\"https:\/\/www.iskreni.net\/trgovina\/product\/na-krizpotju-oblik\/#breadcrumb\",\"itemListElement\":[{\"@type\":\"ListItem\",\"position\":1,\"name\":\"Home\",\"item\":\"https:\/\/www.iskreni.net\/trgovina\/\"},{\"@type\":\"ListItem\",\"position\":2,\"name\":\"Trgovina\",\"item\":\"https:\/\/www.iskreni.net\/trgovina\/trgovina\/\"},{\"@type\":\"ListItem\",\"position\":3,\"name\":\"Na kri\u017epotju oblik\"}]},{\"@type\":\"WebSite\",\"@id\":\"https:\/\/www.iskreni.net\/trgovina\/#website\",\"url\":\"https:\/\/www.iskreni.net\/trgovina\/\",\"name\":\"Zavod Iskreni\",\"description\":\"trgovina\",\"potentialAction\":[{\"@type\":\"SearchAction\",\"target\":{\"@type\":\"EntryPoint\",\"urlTemplate\":\"https:\/\/www.iskreni.net\/trgovina\/?s={search_term_string}\"},\"query-input\":{\"@type\":\"PropertyValueSpecification\",\"valueRequired\":true,\"valueName\":\"search_term_string\"}}],\"inLanguage\":\"sl-SI\"}]}<\/script>\n<!-- \/ Yoast SEO plugin. -->","yoast_head_json":{"title":"Na kri\u017epotju oblik - Iskreni","description":"Enciklopedi\u010dno delo, nepogre\u0161ljivo v doma\u010di knji\u017enici. Odpirali ga bomo vedno znova: pri pisanju, raziskovanju in \u0161irjenju obzorij.","robots":{"index":"index","follow":"follow","max-snippet":"max-snippet:-1","max-image-preview":"max-image-preview:large","max-video-preview":"max-video-preview:-1"},"canonical":"https:\/\/www.iskreni.net\/trgovina\/product\/na-krizpotju-oblik\/","og_locale":"sl_SI","og_type":"article","og_title":"Na kri\u017epotju oblik","og_description":"Enciklopedi\u010dno delo, nepogre\u0161ljivo v doma\u010di knji\u017enici. Odpirali ga bomo vedno znova: pri pisanju, raziskovanju in \u0161irjenju obzorij","og_url":"https:\/\/www.iskreni.net\/trgovina\/product\/na-krizpotju-oblik\/","og_site_name":"Zavod Iskreni","article_modified_time":"2024-04-02T06:56:36+00:00","og_image":[{"width":600,"height":600,"url":"https:\/\/www.iskreni.net\/trgovina\/wp-content\/uploads\/2024\/03\/Slike-za-v-spletno-trgovino-12.jpg","type":"image\/jpeg"}],"twitter_card":"summary_large_image","twitter_misc":{"Est. reading time":"2 minuti"},"schema":{"@context":"https:\/\/schema.org","@graph":[{"@type":"WebPage","@id":"https:\/\/www.iskreni.net\/trgovina\/product\/na-krizpotju-oblik\/","url":"https:\/\/www.iskreni.net\/trgovina\/product\/na-krizpotju-oblik\/","name":"Na kri\u017epotju oblik - Iskreni","isPartOf":{"@id":"https:\/\/www.iskreni.net\/trgovina\/#website"},"primaryImageOfPage":{"@id":"https:\/\/www.iskreni.net\/trgovina\/product\/na-krizpotju-oblik\/#primaryimage"},"image":{"@id":"https:\/\/www.iskreni.net\/trgovina\/product\/na-krizpotju-oblik\/#primaryimage"},"thumbnailUrl":"https:\/\/www.iskreni.net\/trgovina\/wp-content\/uploads\/2024\/03\/Slike-za-v-spletno-trgovino-12.jpg","datePublished":"2024-03-15T13:26:54+00:00","dateModified":"2024-04-02T06:56:36+00:00","description":"Enciklopedi\u010dno delo, nepogre\u0161ljivo v doma\u010di knji\u017enici. Odpirali ga bomo vedno znova: pri pisanju, raziskovanju in \u0161irjenju obzorij.","breadcrumb":{"@id":"https:\/\/www.iskreni.net\/trgovina\/product\/na-krizpotju-oblik\/#breadcrumb"},"inLanguage":"sl-SI","potentialAction":[{"@type":"ReadAction","target":["https:\/\/www.iskreni.net\/trgovina\/product\/na-krizpotju-oblik\/"]}]},{"@type":"ImageObject","inLanguage":"sl-SI","@id":"https:\/\/www.iskreni.net\/trgovina\/product\/na-krizpotju-oblik\/#primaryimage","url":"https:\/\/www.iskreni.net\/trgovina\/wp-content\/uploads\/2024\/03\/Slike-za-v-spletno-trgovino-12.jpg","contentUrl":"https:\/\/www.iskreni.net\/trgovina\/wp-content\/uploads\/2024\/03\/Slike-za-v-spletno-trgovino-12.jpg","width":600,"height":600},{"@type":"BreadcrumbList","@id":"https:\/\/www.iskreni.net\/trgovina\/product\/na-krizpotju-oblik\/#breadcrumb","itemListElement":[{"@type":"ListItem","position":1,"name":"Home","item":"https:\/\/www.iskreni.net\/trgovina\/"},{"@type":"ListItem","position":2,"name":"Trgovina","item":"https:\/\/www.iskreni.net\/trgovina\/trgovina\/"},{"@type":"ListItem","position":3,"name":"Na kri\u017epotju oblik"}]},{"@type":"WebSite","@id":"https:\/\/www.iskreni.net\/trgovina\/#website","url":"https:\/\/www.iskreni.net\/trgovina\/","name":"Zavod Iskreni","description":"trgovina","potentialAction":[{"@type":"SearchAction","target":{"@type":"EntryPoint","urlTemplate":"https:\/\/www.iskreni.net\/trgovina\/?s={search_term_string}"},"query-input":{"@type":"PropertyValueSpecification","valueRequired":true,"valueName":"search_term_string"}}],"inLanguage":"sl-SI"}]}},"_links":{"self":[{"href":"https:\/\/www.iskreni.net\/trgovina\/wp-json\/wp\/v2\/product\/73848","targetHints":{"allow":["GET"]}}],"collection":[{"href":"https:\/\/www.iskreni.net\/trgovina\/wp-json\/wp\/v2\/product"}],"about":[{"href":"https:\/\/www.iskreni.net\/trgovina\/wp-json\/wp\/v2\/types\/product"}],"replies":[{"embeddable":true,"href":"https:\/\/www.iskreni.net\/trgovina\/wp-json\/wp\/v2\/comments?post=73848"}],"version-history":[{"count":8,"href":"https:\/\/www.iskreni.net\/trgovina\/wp-json\/wp\/v2\/product\/73848\/revisions"}],"predecessor-version":[{"id":73853,"href":"https:\/\/www.iskreni.net\/trgovina\/wp-json\/wp\/v2\/product\/73848\/revisions\/73853"}],"wp:featuredmedia":[{"embeddable":true,"href":"https:\/\/www.iskreni.net\/trgovina\/wp-json\/wp\/v2\/media\/73850"}],"wp:attachment":[{"href":"https:\/\/www.iskreni.net\/trgovina\/wp-json\/wp\/v2\/media?parent=73848"}],"wp:term":[{"taxonomy":"product_brand","embeddable":true,"href":"https:\/\/www.iskreni.net\/trgovina\/wp-json\/wp\/v2\/product_brand?post=73848"},{"taxonomy":"product_cat","embeddable":true,"href":"https:\/\/www.iskreni.net\/trgovina\/wp-json\/wp\/v2\/product_cat?post=73848"},{"taxonomy":"product_tag","embeddable":true,"href":"https:\/\/www.iskreni.net\/trgovina\/wp-json\/wp\/v2\/product_tag?post=73848"},{"taxonomy":"avtor","embeddable":true,"href":"https:\/\/www.iskreni.net\/trgovina\/wp-json\/wp\/v2\/avtor?post=73848"},{"taxonomy":"zalozba","embeddable":true,"href":"https:\/\/www.iskreni.net\/trgovina\/wp-json\/wp\/v2\/zalozba?post=73848"},{"taxonomy":"vezava","embeddable":true,"href":"https:\/\/www.iskreni.net\/trgovina\/wp-json\/wp\/v2\/vezava?post=73848"}],"curies":[{"name":"wp","href":"https:\/\/api.w.org\/{rel}","templated":true}]}}