{"id":73819,"date":"2024-03-14T13:42:09","date_gmt":"2024-03-14T12:42:09","guid":{"rendered":"https:\/\/www.iskreni.net\/trgovina\/?post_type=product&#038;p=73819"},"modified":"2025-01-07T07:59:21","modified_gmt":"2025-01-07T06:59:21","slug":"glukozna-revolucija-metoda-glukozne-boginje","status":"publish","type":"product","link":"https:\/\/www.iskreni.net\/trgovina\/product\/glukozna-revolucija-metoda-glukozne-boginje\/","title":{"rendered":"Glukozna revolucija: metoda glukozne boginje"},"content":{"rendered":"<h4>O knjigi Glukozna revolucija:<\/h4>\n<p>Ve\u010d kot 100 preprostih in dostopnih receptov, vsi predstavljeni s fotografijami.<\/p>\n<p>4 tedenski na\u010drt, korak po koraku.<\/p>\n<p>Kratke in jasne razlage in napotki.<\/p>\n<h4>O avtorici:<\/h4>\n<p>Jessie inchauspe\u0301 je biokemic\u030carka in ustanoviteljica spletne skupnosti Glukozna boginja (z dvema milijonoma sledilcev na Instagramu). S svojo prvo knjigo Glukozna revolucija, ki je postala mednarodna uspes\u030cnica s\u030ctevilka 1, je zac\u030cela prouc\u030cevati pomen in vpliv krvnega sladkorja na zdravje in poc\u030cutje<\/p>\n<p>ter odkrila preproste trike za njegovo uravnavanje.<\/p>\n<p>V svoji Metodi Glukozne boginje bralcem in sledilcem ponuja s\u030ctiritedenski nac\u030crt korak za korakom, kako vkljuc\u030citi preproste, znanstveno dokazane strategije za uravnavanje krvnega sladkorja v svoje vsakdanje z\u030civljenje. Poleg navodil je na voljo vec\u030c kot 100 okusnih receptov, interaktivni delovni zvezek<\/p>\n<p>in veliko nasvetov ter izkus\u030cenj skupnosti Glukozne boginje.<\/p>\n<p>Metodo je preskusilo z\u030ce na tisoc\u030ce ljudi, ki so osupljivo uspes\u030cno obvladali<\/p>\n<p>svoj krvni sladkor in so bili navdus\u030ceni nad rezultati. Pridobili so energijo, omejili hrepenenje po hrani, izboljs\u030cali videz koz\u030ce, upoc\u030casnili proces staranja, zmanjs\u030cali vnetja, uravnotez\u030cili hormone, popravili razpoloz\u030cenje in spali bolje kot kdajkoli prej. Z njeno metodo boste tudi vi ustvarili dobre vsez\u030civljenjske navade. In kaj je najboljs\u030ce od vsega? Ne boste s\u030cteli kalorij in jedli boste lahko vse, kar imate radi!<\/p>\n","protected":false},"excerpt":{"rendered":"<p><strong>Avtor prevoda:<\/strong> Brigita Orel<br \/>\n<strong>Leto izdaje:<\/strong> 2023<br \/>\n<strong>\u0160tevilo strani:<\/strong> 292<br \/>\n<strong>Mere:<\/strong> 196 x 254 mm<\/p>\n<p>&nbsp;<\/p>\n","protected":false},"featured_media":73821,"comment_status":"open","ping_status":"closed","template":"","meta":[],"product_brand":[],"product_cat":[2327,63],"product_tag":[468],"avtor":[2728],"zalozba":[2311],"vezava":[2306],"class_list":{"0":"post-73819","1":"product","2":"type-product","3":"status-publish","4":"has-post-thumbnail","6":"product_cat-prirocniki-in-vodniki","7":"product_cat-knjige","8":"product_tag-hrana","9":"avtor-jessie-inchauspe","10":"zalozba-druzina","11":"vezava-trda","13":"first","14":"instock","15":"taxable","16":"shipping-taxable","17":"purchasable","18":"product-type-simple"},"yoast_head":"<!-- This site is optimized with the Yoast SEO plugin v26.3 - https:\/\/yoast.com\/wordpress\/plugins\/seo\/ -->\n<title>Glukozna revolucija: metoda glukozne boginje - Iskreni<\/title>\n<meta name=\"description\" content=\"Prakti\u010dno nadaljevanje uspe\u0161nice Glukozna revolucija. Razlo\u017eeni triki za obvladovanje ravni krvnega sladkorja.\" \/>\n<meta name=\"robots\" content=\"index, follow, max-snippet:-1, max-image-preview:large, max-video-preview:-1\" \/>\n<link rel=\"canonical\" href=\"https:\/\/www.iskreni.net\/trgovina\/product\/glukozna-revolucija-metoda-glukozne-boginje\/\" \/>\n<meta property=\"og:locale\" content=\"sl_SI\" \/>\n<meta property=\"og:type\" content=\"article\" \/>\n<meta property=\"og:title\" content=\"Glukozna revolucija: metoda glukozne boginje\" \/>\n<meta property=\"og:description\" content=\"Prakti\u010dno nadaljevanje uspe\u0161nice Glukozna revolucija. Razlo\u017eeni triki za obvladovanje ravni krvnega sladkorja.\" \/>\n<meta property=\"og:url\" content=\"https:\/\/www.iskreni.net\/trgovina\/product\/glukozna-revolucija-metoda-glukozne-boginje\/\" \/>\n<meta property=\"og:site_name\" content=\"Zavod Iskreni\" \/>\n<meta property=\"article:modified_time\" content=\"2025-01-07T06:59:21+00:00\" \/>\n<meta property=\"og:image\" content=\"https:\/\/www.iskreni.net\/trgovina\/wp-content\/uploads\/2024\/03\/Slike-za-v-spletno-trgovino-42.jpg\" \/>\n\t<meta property=\"og:image:width\" content=\"600\" \/>\n\t<meta property=\"og:image:height\" content=\"600\" \/>\n\t<meta property=\"og:image:type\" content=\"image\/jpeg\" \/>\n<meta name=\"twitter:card\" content=\"summary_large_image\" \/>\n<meta name=\"twitter:label1\" content=\"Est. reading time\" \/>\n\t<meta name=\"twitter:data1\" content=\"2 minuti\" \/>\n<script type=\"application\/ld+json\" class=\"yoast-schema-graph\">{\"@context\":\"https:\/\/schema.org\",\"@graph\":[{\"@type\":\"WebPage\",\"@id\":\"https:\/\/www.iskreni.net\/trgovina\/product\/glukozna-revolucija-metoda-glukozne-boginje\/\",\"url\":\"https:\/\/www.iskreni.net\/trgovina\/product\/glukozna-revolucija-metoda-glukozne-boginje\/\",\"name\":\"Glukozna revolucija: metoda glukozne boginje - Iskreni\",\"isPartOf\":{\"@id\":\"https:\/\/www.iskreni.net\/trgovina\/#website\"},\"primaryImageOfPage\":{\"@id\":\"https:\/\/www.iskreni.net\/trgovina\/product\/glukozna-revolucija-metoda-glukozne-boginje\/#primaryimage\"},\"image\":{\"@id\":\"https:\/\/www.iskreni.net\/trgovina\/product\/glukozna-revolucija-metoda-glukozne-boginje\/#primaryimage\"},\"thumbnailUrl\":\"https:\/\/www.iskreni.net\/trgovina\/wp-content\/uploads\/2024\/03\/Slike-za-v-spletno-trgovino-42.jpg\",\"datePublished\":\"2024-03-14T12:42:09+00:00\",\"dateModified\":\"2025-01-07T06:59:21+00:00\",\"description\":\"Prakti\u010dno nadaljevanje uspe\u0161nice Glukozna revolucija. Razlo\u017eeni triki za obvladovanje ravni krvnega sladkorja.\",\"breadcrumb\":{\"@id\":\"https:\/\/www.iskreni.net\/trgovina\/product\/glukozna-revolucija-metoda-glukozne-boginje\/#breadcrumb\"},\"inLanguage\":\"sl-SI\",\"potentialAction\":[{\"@type\":\"ReadAction\",\"target\":[\"https:\/\/www.iskreni.net\/trgovina\/product\/glukozna-revolucija-metoda-glukozne-boginje\/\"]}]},{\"@type\":\"ImageObject\",\"inLanguage\":\"sl-SI\",\"@id\":\"https:\/\/www.iskreni.net\/trgovina\/product\/glukozna-revolucija-metoda-glukozne-boginje\/#primaryimage\",\"url\":\"https:\/\/www.iskreni.net\/trgovina\/wp-content\/uploads\/2024\/03\/Slike-za-v-spletno-trgovino-42.jpg\",\"contentUrl\":\"https:\/\/www.iskreni.net\/trgovina\/wp-content\/uploads\/2024\/03\/Slike-za-v-spletno-trgovino-42.jpg\",\"width\":600,\"height\":600},{\"@type\":\"BreadcrumbList\",\"@id\":\"https:\/\/www.iskreni.net\/trgovina\/product\/glukozna-revolucija-metoda-glukozne-boginje\/#breadcrumb\",\"itemListElement\":[{\"@type\":\"ListItem\",\"position\":1,\"name\":\"Home\",\"item\":\"https:\/\/www.iskreni.net\/trgovina\/\"},{\"@type\":\"ListItem\",\"position\":2,\"name\":\"Trgovina\",\"item\":\"https:\/\/www.iskreni.net\/trgovina\/trgovina\/\"},{\"@type\":\"ListItem\",\"position\":3,\"name\":\"Glukozna revolucija: metoda glukozne boginje\"}]},{\"@type\":\"WebSite\",\"@id\":\"https:\/\/www.iskreni.net\/trgovina\/#website\",\"url\":\"https:\/\/www.iskreni.net\/trgovina\/\",\"name\":\"Zavod Iskreni\",\"description\":\"trgovina\",\"potentialAction\":[{\"@type\":\"SearchAction\",\"target\":{\"@type\":\"EntryPoint\",\"urlTemplate\":\"https:\/\/www.iskreni.net\/trgovina\/?s={search_term_string}\"},\"query-input\":{\"@type\":\"PropertyValueSpecification\",\"valueRequired\":true,\"valueName\":\"search_term_string\"}}],\"inLanguage\":\"sl-SI\"}]}<\/script>\n<!-- \/ Yoast SEO plugin. -->","yoast_head_json":{"title":"Glukozna revolucija: metoda glukozne boginje - Iskreni","description":"Prakti\u010dno nadaljevanje uspe\u0161nice Glukozna revolucija. Razlo\u017eeni triki za obvladovanje ravni krvnega sladkorja.","robots":{"index":"index","follow":"follow","max-snippet":"max-snippet:-1","max-image-preview":"max-image-preview:large","max-video-preview":"max-video-preview:-1"},"canonical":"https:\/\/www.iskreni.net\/trgovina\/product\/glukozna-revolucija-metoda-glukozne-boginje\/","og_locale":"sl_SI","og_type":"article","og_title":"Glukozna revolucija: metoda glukozne boginje","og_description":"Prakti\u010dno nadaljevanje uspe\u0161nice Glukozna revolucija. Razlo\u017eeni triki za obvladovanje ravni krvnega sladkorja.","og_url":"https:\/\/www.iskreni.net\/trgovina\/product\/glukozna-revolucija-metoda-glukozne-boginje\/","og_site_name":"Zavod Iskreni","article_modified_time":"2025-01-07T06:59:21+00:00","og_image":[{"width":600,"height":600,"url":"https:\/\/www.iskreni.net\/trgovina\/wp-content\/uploads\/2024\/03\/Slike-za-v-spletno-trgovino-42.jpg","type":"image\/jpeg"}],"twitter_card":"summary_large_image","twitter_misc":{"Est. reading time":"2 minuti"},"schema":{"@context":"https:\/\/schema.org","@graph":[{"@type":"WebPage","@id":"https:\/\/www.iskreni.net\/trgovina\/product\/glukozna-revolucija-metoda-glukozne-boginje\/","url":"https:\/\/www.iskreni.net\/trgovina\/product\/glukozna-revolucija-metoda-glukozne-boginje\/","name":"Glukozna revolucija: metoda glukozne boginje - Iskreni","isPartOf":{"@id":"https:\/\/www.iskreni.net\/trgovina\/#website"},"primaryImageOfPage":{"@id":"https:\/\/www.iskreni.net\/trgovina\/product\/glukozna-revolucija-metoda-glukozne-boginje\/#primaryimage"},"image":{"@id":"https:\/\/www.iskreni.net\/trgovina\/product\/glukozna-revolucija-metoda-glukozne-boginje\/#primaryimage"},"thumbnailUrl":"https:\/\/www.iskreni.net\/trgovina\/wp-content\/uploads\/2024\/03\/Slike-za-v-spletno-trgovino-42.jpg","datePublished":"2024-03-14T12:42:09+00:00","dateModified":"2025-01-07T06:59:21+00:00","description":"Prakti\u010dno nadaljevanje uspe\u0161nice Glukozna revolucija. Razlo\u017eeni triki za obvladovanje ravni krvnega sladkorja.","breadcrumb":{"@id":"https:\/\/www.iskreni.net\/trgovina\/product\/glukozna-revolucija-metoda-glukozne-boginje\/#breadcrumb"},"inLanguage":"sl-SI","potentialAction":[{"@type":"ReadAction","target":["https:\/\/www.iskreni.net\/trgovina\/product\/glukozna-revolucija-metoda-glukozne-boginje\/"]}]},{"@type":"ImageObject","inLanguage":"sl-SI","@id":"https:\/\/www.iskreni.net\/trgovina\/product\/glukozna-revolucija-metoda-glukozne-boginje\/#primaryimage","url":"https:\/\/www.iskreni.net\/trgovina\/wp-content\/uploads\/2024\/03\/Slike-za-v-spletno-trgovino-42.jpg","contentUrl":"https:\/\/www.iskreni.net\/trgovina\/wp-content\/uploads\/2024\/03\/Slike-za-v-spletno-trgovino-42.jpg","width":600,"height":600},{"@type":"BreadcrumbList","@id":"https:\/\/www.iskreni.net\/trgovina\/product\/glukozna-revolucija-metoda-glukozne-boginje\/#breadcrumb","itemListElement":[{"@type":"ListItem","position":1,"name":"Home","item":"https:\/\/www.iskreni.net\/trgovina\/"},{"@type":"ListItem","position":2,"name":"Trgovina","item":"https:\/\/www.iskreni.net\/trgovina\/trgovina\/"},{"@type":"ListItem","position":3,"name":"Glukozna revolucija: metoda glukozne boginje"}]},{"@type":"WebSite","@id":"https:\/\/www.iskreni.net\/trgovina\/#website","url":"https:\/\/www.iskreni.net\/trgovina\/","name":"Zavod Iskreni","description":"trgovina","potentialAction":[{"@type":"SearchAction","target":{"@type":"EntryPoint","urlTemplate":"https:\/\/www.iskreni.net\/trgovina\/?s={search_term_string}"},"query-input":{"@type":"PropertyValueSpecification","valueRequired":true,"valueName":"search_term_string"}}],"inLanguage":"sl-SI"}]}},"_links":{"self":[{"href":"https:\/\/www.iskreni.net\/trgovina\/wp-json\/wp\/v2\/product\/73819","targetHints":{"allow":["GET"]}}],"collection":[{"href":"https:\/\/www.iskreni.net\/trgovina\/wp-json\/wp\/v2\/product"}],"about":[{"href":"https:\/\/www.iskreni.net\/trgovina\/wp-json\/wp\/v2\/types\/product"}],"replies":[{"embeddable":true,"href":"https:\/\/www.iskreni.net\/trgovina\/wp-json\/wp\/v2\/comments?post=73819"}],"version-history":[{"count":5,"href":"https:\/\/www.iskreni.net\/trgovina\/wp-json\/wp\/v2\/product\/73819\/revisions"}],"predecessor-version":[{"id":74627,"href":"https:\/\/www.iskreni.net\/trgovina\/wp-json\/wp\/v2\/product\/73819\/revisions\/74627"}],"wp:featuredmedia":[{"embeddable":true,"href":"https:\/\/www.iskreni.net\/trgovina\/wp-json\/wp\/v2\/media\/73821"}],"wp:attachment":[{"href":"https:\/\/www.iskreni.net\/trgovina\/wp-json\/wp\/v2\/media?parent=73819"}],"wp:term":[{"taxonomy":"product_brand","embeddable":true,"href":"https:\/\/www.iskreni.net\/trgovina\/wp-json\/wp\/v2\/product_brand?post=73819"},{"taxonomy":"product_cat","embeddable":true,"href":"https:\/\/www.iskreni.net\/trgovina\/wp-json\/wp\/v2\/product_cat?post=73819"},{"taxonomy":"product_tag","embeddable":true,"href":"https:\/\/www.iskreni.net\/trgovina\/wp-json\/wp\/v2\/product_tag?post=73819"},{"taxonomy":"avtor","embeddable":true,"href":"https:\/\/www.iskreni.net\/trgovina\/wp-json\/wp\/v2\/avtor?post=73819"},{"taxonomy":"zalozba","embeddable":true,"href":"https:\/\/www.iskreni.net\/trgovina\/wp-json\/wp\/v2\/zalozba?post=73819"},{"taxonomy":"vezava","embeddable":true,"href":"https:\/\/www.iskreni.net\/trgovina\/wp-json\/wp\/v2\/vezava?post=73819"}],"curies":[{"name":"wp","href":"https:\/\/api.w.org\/{rel}","templated":true}]}}