{"id":73791,"date":"2024-03-12T15:33:15","date_gmt":"2024-03-12T14:33:15","guid":{"rendered":"https:\/\/www.iskreni.net\/trgovina\/?post_type=product&#038;p=73791"},"modified":"2024-03-15T09:54:44","modified_gmt":"2024-03-15T08:54:44","slug":"s-svetim-jozefom-se-okrepimo-v-prepuscanju-bozji-previdnosti","status":"publish","type":"product","link":"https:\/\/www.iskreni.net\/trgovina\/product\/s-svetim-jozefom-se-okrepimo-v-prepuscanju-bozji-previdnosti\/","title":{"rendered":"S svetim Jo\u017eefom se okrepimo v prepu\u0161\u010danju Bo\u017eji previdnosti"},"content":{"rendered":"<h4>O knjigi S svetim Jo\u017eefom se okrepimo v prepu\u0161\u010danju Bo\u017eji previdnosti:<\/h4>\n<p>Na svetega Jo\u017eefa se pogosto\u00a0obra\u010damo in mu zaupamo vse\u00a0vrste materialnih skrbi: finan\u010dne\u00a0stiske, iskanje domovanja ali dela \u2026\u00a0\u0160tevilna pri\u010devanja o usli\u0161anih molitvah,\u00a0povezana s svetim Jo\u017eefom, so utrdila njegov\u00a0sloves svetnika, ki lahko razre\u0161i tudi najbolj\u00a0zapletene \u010dlove\u0161ke situacije.<\/p>\n<p>Vendar je sveti Jo\u017eef tudi velik duhovni u\u010ditelj.\u00a0Pri\u010dujo\u010da knji\u017eica se naslanja na razmi\u0161ljanja\u00a0pape\u017ea Fran\u010di\u0161ka, vzeta iz apostolskega\u00a0pisma\u00a0<em>Patris Corde<\/em>\u00a0(Z O\u010detovskim srcem)\u00a0z dne 8. decembra 2020. Vabi nas, naj\u00a0devet dni sledimo svetemu Jo\u017eefu, njemu,\u00a0ki je bil vreden, da postane o\u010de\u00a0in vzgojitelj Bo\u017ejega sina.<\/p>\n<h3>Opis zbirke<\/h3>\n<div>\n<p>Zbirka \u00bb<strong><em>V 9. dneh \u2026<\/em><\/strong>\u00ab prina\u0161a kratke duhovne vaje, ki jih lahko opravljamo doma, na po\u010ditnicah, na avtobusu ali vlaku \u2026 Namenjene so ljudem, ki se kljub pomanjkanju \u010dasa odlo\u010dijo, da bodo predlaganim vsebinam posvetili deset minut na dan.<\/p>\n<p>Devet dni navdihujo\u010dih razmi\u0161ljanj na to\u010dno dolo\u010deno temo prina\u0161a napredek v duhovnem \u017eivljenju. So \u0161ola molitve in obenem resni\u010dni pripomo\u010dek za spreminjanje samega sebe.<\/p>\n<p>Za vsak dan sta predlagani dve meditaciji. \u010ce je le mo\u017eno, se prvi posvetite zjutraj, drugi pa v primernem trenutku \u010dez dan ali zve\u010der.<\/p>\n<p>Kratke duhovne vaje sestavljajo: vaje za zbranost, Bo\u017eja beseda, misli svetnikov ali v\u00e9likih duhovnih piscev, dnevna odlo\u010ditev \u2026 Vse to nam pomaga vstopiti globoko v pristno duhovno izkustvo.<\/p>\n<p>V sedmi knjigi v zbirki,<em><strong>\u00a0S svetim Jo\u017eefom se okrepimo v prepu\u0161\u010danju Bo\u017eji previdnosti<\/strong>,<\/em>\u00a0vas\u00a0pape\u017e Fran\u010di\u0161ek popelje na pot\u00a0skupaj s Svetim Jo\u017eefom s pomo\u010djo naslednjih razmi\u0161ljanj:<\/p>\n<ol>\n<li>dan: Spoznajmo\u00a0sv. Jo\u017eefa<\/li>\n<li>dan:\u00a0Veli\u010dina sv. Jo\u017eefa<\/li>\n<li>dan:\u00a0V \u0161oli sv. Jo\u017eefa sprejemamo svojo krhkost<\/li>\n<li>dan:\u00a0V \u0161oli sv. Jo\u017eefa se u\u010dimo poslu\u0161nosti<\/li>\n<li>dan:\u00a0V \u0161oli sv. Jo\u017eefa sprejemamo svoje \u017eivljenje tak\u0161no, kot je<\/li>\n<li>dan:\u00a0V \u0161oli sv. Jo\u017eefa se pogumno spoprijemamo z \u017eivljenjem<\/li>\n<li>dan: V\u00a0\u0161oli sv. Jo\u017eefa ljubimo Cerkev in svoje brate<\/li>\n<li>dan:\u00a0V \u0161oli sv. Jo\u017eefa ponovno odkrivamo pomen dela<\/li>\n<li>dan:\u00a0V \u0161oli sv. Jo\u017eefa odkrivamo pravo o\u010detovstvo<\/li>\n<\/ol>\n<\/div>\n<div>\n<h3><a href=\"https:\/\/zalozba-emanuel.si\/wp-content\/uploads\/2024\/03\/3K-S-Svetim-Jozefom-WEB.pdf\">Vpogled v knjigo<\/a><\/h3>\n<p>&nbsp;<\/p>\n<\/div>\n","protected":false},"excerpt":{"rendered":"<p><b>Avtor:\u00a0<\/b>Pape\u017e Fran\u010di\u0161ek<br \/>\n<strong>Mere: <\/strong>10,5 x 15 cm<br \/>\n<strong>Leto izdaje:<\/strong> 2024<\/p>\n<h4><\/h4>\n","protected":false},"featured_media":73800,"comment_status":"open","ping_status":"closed","template":"","meta":[],"product_brand":[],"product_cat":[2324,2325,63],"product_tag":[],"avtor":[],"zalozba":[2335],"vezava":[2307],"class_list":{"0":"post-73791","1":"product","2":"type-product","3":"status-publish","4":"has-post-thumbnail","6":"product_cat-duhovnost-in-osebna-rast","7":"product_cat-leposlovje","8":"product_cat-knjige","9":"zalozba-zalozba-emanuel","10":"vezava-mehka","12":"first","13":"instock","14":"taxable","15":"shipping-taxable","16":"purchasable","17":"product-type-simple"},"yoast_head":"<!-- This site is optimized with the Yoast SEO plugin v26.3 - https:\/\/yoast.com\/wordpress\/plugins\/seo\/ -->\n<title>S svetim Jo\u017eefom se okrepimo v prepu\u0161\u010danju Bo\u017eji previdnosti-trgovina Iskreni<\/title>\n<meta name=\"description\" content=\"Na svetega Jo\u017eefa se pogosto obra\u010damo in mu zaupamo vse vrste materialnih skrbi: finan\u010dne stiske, iskanje domovanja ali dela \u2026 \u0160tevilna pri\u010devanja o usli\u0161anih molitvah, povezana s svetim Jo\u017eefom, so utrdila njegov sloves svetnika, ki lahko razre\u0161i tudi najbolj zapletene \u010dlove\u0161ke situacije.\" \/>\n<meta name=\"robots\" content=\"index, follow, max-snippet:-1, max-image-preview:large, max-video-preview:-1\" \/>\n<link rel=\"canonical\" href=\"https:\/\/www.iskreni.net\/trgovina\/product\/s-svetim-jozefom-se-okrepimo-v-prepuscanju-bozji-previdnosti\/\" \/>\n<meta property=\"og:locale\" content=\"sl_SI\" \/>\n<meta property=\"og:type\" content=\"article\" \/>\n<meta property=\"og:title\" content=\"S svetim Jo\u017eefom se okrepimo v prepu\u0161\u010danju Bo\u017eji previdnosti\" \/>\n<meta property=\"og:description\" content=\"Na svetega Jo\u017eefa se pogosto obra\u010damo in mu zaupamo vse vrste materialnih skrbi: finan\u010dne stiske, iskanje domovanja ali dela \u2026 \u0160tevilna pri\u010devanja o usli\u0161anih molitvah, povezana s svetim Jo\u017eefom, so utrdila njegov sloves svetnika, ki lahko razre\u0161i tudi najbolj zapletene \u010dlove\u0161ke situacije.\" \/>\n<meta property=\"og:url\" content=\"https:\/\/www.iskreni.net\/trgovina\/product\/s-svetim-jozefom-se-okrepimo-v-prepuscanju-bozji-previdnosti\/\" \/>\n<meta property=\"og:site_name\" content=\"Zavod Iskreni\" \/>\n<meta property=\"article:modified_time\" content=\"2024-03-15T08:54:44+00:00\" \/>\n<meta property=\"og:image\" content=\"https:\/\/www.iskreni.net\/trgovina\/wp-content\/uploads\/2024\/03\/Slike-za-v-spletno-trgovino-10.jpg\" \/>\n\t<meta property=\"og:image:width\" content=\"600\" \/>\n\t<meta property=\"og:image:height\" content=\"600\" \/>\n\t<meta property=\"og:image:type\" content=\"image\/jpeg\" \/>\n<meta name=\"twitter:card\" content=\"summary_large_image\" \/>\n<meta name=\"twitter:label1\" content=\"Est. reading time\" \/>\n\t<meta name=\"twitter:data1\" content=\"2 minuti\" \/>\n<script type=\"application\/ld+json\" class=\"yoast-schema-graph\">{\"@context\":\"https:\/\/schema.org\",\"@graph\":[{\"@type\":\"WebPage\",\"@id\":\"https:\/\/www.iskreni.net\/trgovina\/product\/s-svetim-jozefom-se-okrepimo-v-prepuscanju-bozji-previdnosti\/\",\"url\":\"https:\/\/www.iskreni.net\/trgovina\/product\/s-svetim-jozefom-se-okrepimo-v-prepuscanju-bozji-previdnosti\/\",\"name\":\"S svetim Jo\u017eefom se okrepimo v prepu\u0161\u010danju Bo\u017eji previdnosti-trgovina Iskreni\",\"isPartOf\":{\"@id\":\"https:\/\/www.iskreni.net\/trgovina\/#website\"},\"primaryImageOfPage\":{\"@id\":\"https:\/\/www.iskreni.net\/trgovina\/product\/s-svetim-jozefom-se-okrepimo-v-prepuscanju-bozji-previdnosti\/#primaryimage\"},\"image\":{\"@id\":\"https:\/\/www.iskreni.net\/trgovina\/product\/s-svetim-jozefom-se-okrepimo-v-prepuscanju-bozji-previdnosti\/#primaryimage\"},\"thumbnailUrl\":\"https:\/\/www.iskreni.net\/trgovina\/wp-content\/uploads\/2024\/03\/Slike-za-v-spletno-trgovino-10.jpg\",\"datePublished\":\"2024-03-12T14:33:15+00:00\",\"dateModified\":\"2024-03-15T08:54:44+00:00\",\"description\":\"Na svetega Jo\u017eefa se pogosto obra\u010damo in mu zaupamo vse vrste materialnih skrbi: finan\u010dne stiske, iskanje domovanja ali dela \u2026 \u0160tevilna pri\u010devanja o usli\u0161anih molitvah, povezana s svetim Jo\u017eefom, so utrdila njegov sloves svetnika, ki lahko razre\u0161i tudi najbolj zapletene \u010dlove\u0161ke situacije.\",\"breadcrumb\":{\"@id\":\"https:\/\/www.iskreni.net\/trgovina\/product\/s-svetim-jozefom-se-okrepimo-v-prepuscanju-bozji-previdnosti\/#breadcrumb\"},\"inLanguage\":\"sl-SI\",\"potentialAction\":[{\"@type\":\"ReadAction\",\"target\":[\"https:\/\/www.iskreni.net\/trgovina\/product\/s-svetim-jozefom-se-okrepimo-v-prepuscanju-bozji-previdnosti\/\"]}]},{\"@type\":\"ImageObject\",\"inLanguage\":\"sl-SI\",\"@id\":\"https:\/\/www.iskreni.net\/trgovina\/product\/s-svetim-jozefom-se-okrepimo-v-prepuscanju-bozji-previdnosti\/#primaryimage\",\"url\":\"https:\/\/www.iskreni.net\/trgovina\/wp-content\/uploads\/2024\/03\/Slike-za-v-spletno-trgovino-10.jpg\",\"contentUrl\":\"https:\/\/www.iskreni.net\/trgovina\/wp-content\/uploads\/2024\/03\/Slike-za-v-spletno-trgovino-10.jpg\",\"width\":600,\"height\":600},{\"@type\":\"BreadcrumbList\",\"@id\":\"https:\/\/www.iskreni.net\/trgovina\/product\/s-svetim-jozefom-se-okrepimo-v-prepuscanju-bozji-previdnosti\/#breadcrumb\",\"itemListElement\":[{\"@type\":\"ListItem\",\"position\":1,\"name\":\"Home\",\"item\":\"https:\/\/www.iskreni.net\/trgovina\/\"},{\"@type\":\"ListItem\",\"position\":2,\"name\":\"Trgovina\",\"item\":\"https:\/\/www.iskreni.net\/trgovina\/trgovina\/\"},{\"@type\":\"ListItem\",\"position\":3,\"name\":\"S svetim Jo\u017eefom se okrepimo v prepu\u0161\u010danju Bo\u017eji previdnosti\"}]},{\"@type\":\"WebSite\",\"@id\":\"https:\/\/www.iskreni.net\/trgovina\/#website\",\"url\":\"https:\/\/www.iskreni.net\/trgovina\/\",\"name\":\"Zavod Iskreni\",\"description\":\"trgovina\",\"potentialAction\":[{\"@type\":\"SearchAction\",\"target\":{\"@type\":\"EntryPoint\",\"urlTemplate\":\"https:\/\/www.iskreni.net\/trgovina\/?s={search_term_string}\"},\"query-input\":{\"@type\":\"PropertyValueSpecification\",\"valueRequired\":true,\"valueName\":\"search_term_string\"}}],\"inLanguage\":\"sl-SI\"}]}<\/script>\n<!-- \/ Yoast SEO plugin. -->","yoast_head_json":{"title":"S svetim Jo\u017eefom se okrepimo v prepu\u0161\u010danju Bo\u017eji previdnosti-trgovina Iskreni","description":"Na svetega Jo\u017eefa se pogosto obra\u010damo in mu zaupamo vse vrste materialnih skrbi: finan\u010dne stiske, iskanje domovanja ali dela \u2026 \u0160tevilna pri\u010devanja o usli\u0161anih molitvah, povezana s svetim Jo\u017eefom, so utrdila njegov sloves svetnika, ki lahko razre\u0161i tudi najbolj zapletene \u010dlove\u0161ke situacije.","robots":{"index":"index","follow":"follow","max-snippet":"max-snippet:-1","max-image-preview":"max-image-preview:large","max-video-preview":"max-video-preview:-1"},"canonical":"https:\/\/www.iskreni.net\/trgovina\/product\/s-svetim-jozefom-se-okrepimo-v-prepuscanju-bozji-previdnosti\/","og_locale":"sl_SI","og_type":"article","og_title":"S svetim Jo\u017eefom se okrepimo v prepu\u0161\u010danju Bo\u017eji previdnosti","og_description":"Na svetega Jo\u017eefa se pogosto obra\u010damo in mu zaupamo vse vrste materialnih skrbi: finan\u010dne stiske, iskanje domovanja ali dela \u2026 \u0160tevilna pri\u010devanja o usli\u0161anih molitvah, povezana s svetim Jo\u017eefom, so utrdila njegov sloves svetnika, ki lahko razre\u0161i tudi najbolj zapletene \u010dlove\u0161ke situacije.","og_url":"https:\/\/www.iskreni.net\/trgovina\/product\/s-svetim-jozefom-se-okrepimo-v-prepuscanju-bozji-previdnosti\/","og_site_name":"Zavod Iskreni","article_modified_time":"2024-03-15T08:54:44+00:00","og_image":[{"width":600,"height":600,"url":"https:\/\/www.iskreni.net\/trgovina\/wp-content\/uploads\/2024\/03\/Slike-za-v-spletno-trgovino-10.jpg","type":"image\/jpeg"}],"twitter_card":"summary_large_image","twitter_misc":{"Est. reading time":"2 minuti"},"schema":{"@context":"https:\/\/schema.org","@graph":[{"@type":"WebPage","@id":"https:\/\/www.iskreni.net\/trgovina\/product\/s-svetim-jozefom-se-okrepimo-v-prepuscanju-bozji-previdnosti\/","url":"https:\/\/www.iskreni.net\/trgovina\/product\/s-svetim-jozefom-se-okrepimo-v-prepuscanju-bozji-previdnosti\/","name":"S svetim Jo\u017eefom se okrepimo v prepu\u0161\u010danju Bo\u017eji previdnosti-trgovina Iskreni","isPartOf":{"@id":"https:\/\/www.iskreni.net\/trgovina\/#website"},"primaryImageOfPage":{"@id":"https:\/\/www.iskreni.net\/trgovina\/product\/s-svetim-jozefom-se-okrepimo-v-prepuscanju-bozji-previdnosti\/#primaryimage"},"image":{"@id":"https:\/\/www.iskreni.net\/trgovina\/product\/s-svetim-jozefom-se-okrepimo-v-prepuscanju-bozji-previdnosti\/#primaryimage"},"thumbnailUrl":"https:\/\/www.iskreni.net\/trgovina\/wp-content\/uploads\/2024\/03\/Slike-za-v-spletno-trgovino-10.jpg","datePublished":"2024-03-12T14:33:15+00:00","dateModified":"2024-03-15T08:54:44+00:00","description":"Na svetega Jo\u017eefa se pogosto obra\u010damo in mu zaupamo vse vrste materialnih skrbi: finan\u010dne stiske, iskanje domovanja ali dela \u2026 \u0160tevilna pri\u010devanja o usli\u0161anih molitvah, povezana s svetim Jo\u017eefom, so utrdila njegov sloves svetnika, ki lahko razre\u0161i tudi najbolj zapletene \u010dlove\u0161ke situacije.","breadcrumb":{"@id":"https:\/\/www.iskreni.net\/trgovina\/product\/s-svetim-jozefom-se-okrepimo-v-prepuscanju-bozji-previdnosti\/#breadcrumb"},"inLanguage":"sl-SI","potentialAction":[{"@type":"ReadAction","target":["https:\/\/www.iskreni.net\/trgovina\/product\/s-svetim-jozefom-se-okrepimo-v-prepuscanju-bozji-previdnosti\/"]}]},{"@type":"ImageObject","inLanguage":"sl-SI","@id":"https:\/\/www.iskreni.net\/trgovina\/product\/s-svetim-jozefom-se-okrepimo-v-prepuscanju-bozji-previdnosti\/#primaryimage","url":"https:\/\/www.iskreni.net\/trgovina\/wp-content\/uploads\/2024\/03\/Slike-za-v-spletno-trgovino-10.jpg","contentUrl":"https:\/\/www.iskreni.net\/trgovina\/wp-content\/uploads\/2024\/03\/Slike-za-v-spletno-trgovino-10.jpg","width":600,"height":600},{"@type":"BreadcrumbList","@id":"https:\/\/www.iskreni.net\/trgovina\/product\/s-svetim-jozefom-se-okrepimo-v-prepuscanju-bozji-previdnosti\/#breadcrumb","itemListElement":[{"@type":"ListItem","position":1,"name":"Home","item":"https:\/\/www.iskreni.net\/trgovina\/"},{"@type":"ListItem","position":2,"name":"Trgovina","item":"https:\/\/www.iskreni.net\/trgovina\/trgovina\/"},{"@type":"ListItem","position":3,"name":"S svetim Jo\u017eefom se okrepimo v prepu\u0161\u010danju Bo\u017eji previdnosti"}]},{"@type":"WebSite","@id":"https:\/\/www.iskreni.net\/trgovina\/#website","url":"https:\/\/www.iskreni.net\/trgovina\/","name":"Zavod Iskreni","description":"trgovina","potentialAction":[{"@type":"SearchAction","target":{"@type":"EntryPoint","urlTemplate":"https:\/\/www.iskreni.net\/trgovina\/?s={search_term_string}"},"query-input":{"@type":"PropertyValueSpecification","valueRequired":true,"valueName":"search_term_string"}}],"inLanguage":"sl-SI"}]}},"_links":{"self":[{"href":"https:\/\/www.iskreni.net\/trgovina\/wp-json\/wp\/v2\/product\/73791","targetHints":{"allow":["GET"]}}],"collection":[{"href":"https:\/\/www.iskreni.net\/trgovina\/wp-json\/wp\/v2\/product"}],"about":[{"href":"https:\/\/www.iskreni.net\/trgovina\/wp-json\/wp\/v2\/types\/product"}],"replies":[{"embeddable":true,"href":"https:\/\/www.iskreni.net\/trgovina\/wp-json\/wp\/v2\/comments?post=73791"}],"version-history":[{"count":2,"href":"https:\/\/www.iskreni.net\/trgovina\/wp-json\/wp\/v2\/product\/73791\/revisions"}],"predecessor-version":[{"id":73795,"href":"https:\/\/www.iskreni.net\/trgovina\/wp-json\/wp\/v2\/product\/73791\/revisions\/73795"}],"wp:featuredmedia":[{"embeddable":true,"href":"https:\/\/www.iskreni.net\/trgovina\/wp-json\/wp\/v2\/media\/73800"}],"wp:attachment":[{"href":"https:\/\/www.iskreni.net\/trgovina\/wp-json\/wp\/v2\/media?parent=73791"}],"wp:term":[{"taxonomy":"product_brand","embeddable":true,"href":"https:\/\/www.iskreni.net\/trgovina\/wp-json\/wp\/v2\/product_brand?post=73791"},{"taxonomy":"product_cat","embeddable":true,"href":"https:\/\/www.iskreni.net\/trgovina\/wp-json\/wp\/v2\/product_cat?post=73791"},{"taxonomy":"product_tag","embeddable":true,"href":"https:\/\/www.iskreni.net\/trgovina\/wp-json\/wp\/v2\/product_tag?post=73791"},{"taxonomy":"avtor","embeddable":true,"href":"https:\/\/www.iskreni.net\/trgovina\/wp-json\/wp\/v2\/avtor?post=73791"},{"taxonomy":"zalozba","embeddable":true,"href":"https:\/\/www.iskreni.net\/trgovina\/wp-json\/wp\/v2\/zalozba?post=73791"},{"taxonomy":"vezava","embeddable":true,"href":"https:\/\/www.iskreni.net\/trgovina\/wp-json\/wp\/v2\/vezava?post=73791"}],"curies":[{"name":"wp","href":"https:\/\/api.w.org\/{rel}","templated":true}]}}