{"id":73778,"date":"2024-03-12T14:58:41","date_gmt":"2024-03-12T13:58:41","guid":{"rendered":"https:\/\/www.iskreni.net\/trgovina\/?post_type=product&#038;p=73778"},"modified":"2024-03-14T14:32:19","modified_gmt":"2024-03-14T13:32:19","slug":"izvoljeni-stirideset-dni-z-jezusom","status":"publish","type":"product","link":"https:\/\/www.iskreni.net\/trgovina\/product\/izvoljeni-stirideset-dni-z-jezusom\/","title":{"rendered":"Izvoljeni : \u0160tirideset dni z Jezusom"},"content":{"rendered":"<h4>O knjigi Izvoljeni : \u0160tirideset dni z Jezusom:<\/h4>\n<p>Ko je Bo\u017eji Sin v na\u0161ih \u010devljih hodil po zemlji, se je z zgodbami povezoval z ljudmi. Na\u0161e zgodbe je uporabljal, da nam je pomagal razumeti Bo\u017eje resnice. Nespremenljiva na\u010dela nebes je posredoval s prilikami o znanih zemeljskih okoli\u0161\u010dinah in likih, v katere so se lahko v\u017eiveli vsi njegovi poslu\u0161alci. Anekdote, kronike in pripovedi so postale du\u0161na hrana vsem, ki jih je sre\u010deval. Tako se Bog O\u010de razodeva \u010dlove\u0161tvu od za\u010detka stvarjenja vesoljstva. Z zgodbo, kajti Bog je in je vedno bil prvi Stvarnik: \u00bbV za\u010detku je bila Beseda in Beseda je bila pri Bogu in Beseda je bila Bog\u00ab (Jn 1,1). Bog ve, da bodo takrat, ko smo duhovno najbolj la\u010dni, t\u00e9me nebes \u2013 milost, odpu\u0161\u010danje, darovanje, odre\u0161enje, sprava in vstajenje \u2013 najbolj odmevale v na\u0161em srcu in nas zbli\u017eale z njim. Te t\u00e9me so kot violinske strune v na\u0161i du\u0161i. Kadar ravno prav z lokom potegnemo po njih, zazvenijo v pravem tonu Bo\u017eje resnice.<\/p>\n<h4>O avtorjih:<\/h4>\n<p><strong>Amanda Jenkins<\/strong>\u00a0je govornica in pisateljica. Napisala je \u0161tiri knjige, med drugim\u00a0<em>Confessions of a Raging Perfectionist<\/em>\u00a0(<em>Izpoved besne perfekcionistke<\/em>), spomine, ki so navdihnili \u017eenske bibli\u010dne skupine in konference po vsej Ameriki. Zlasti se posve\u010da pisanju in pou\u010devanju neponarejene pristnosti v veri, kar je bil tudi namen teh molitvenih premi\u0161ljevanj. \u017divi v Chicagu z mo\u017eem Dallasom in \u0161tirimi otroki.<\/p>\n<p><strong>Kristen Hendricks<\/strong>\u00a0je pisateljica, umetnica in ustanoviteljica podjetja\u00a0<em>Small Girl Design<\/em>. Preden je (dobesedno) upodobila, kako lahko Veliki Bog deluje po Mali deklici, je bila vedno znova pri\u010da tej resnici, medtem ko je bila direktorica ustanove za prepre\u010devanje trgovanja z ljudmi v vzhodni Afriki. Kristen \u017eivi v Chicagu s h\u010derkama in mo\u017eem Joejem. Zavzema se za \u017eenske in jih usmerja h Kristusu.<\/p>\n<p><strong>Dallas Jenkins<\/strong>\u00a0\u017ee ve\u010d kot dvajset let ustvarja filme. Poleg tega je iskan govornik, bloger in gost v oddajah o popularni kulturi in verskih temah. Bil je producent oziroma re\u017eiser ve\u010d kot ducata filmov, med njimi\u00a0<em>What If &#8230;<\/em>\u00a0(<em>Kaj, \u010de &#8230;<\/em>) in\u00a0<em>The Resurrection of Gavin Stone<\/em>\u00a0(<em>Vstajenje Gavina Stona<\/em>). Spletni uspeh njegovih kratkih filmov o evangelijih z druga\u010dnega zornega kota je spodbudil nastanek trenutne nadaljevanke\u00a0<em>Izvoljeni\u00a0<\/em>in tega molitvenega premi\u0161ljevanja.<\/p>\n<p>&nbsp;<\/p>\n<h4><strong>Odlomek iz knjige:<\/strong><\/h4>\n<blockquote><p>&#8220;Te\u017eave. Vsak dan jih je poln in jutri jih bo \u0161e ve\u010d. Ta del nauka so u\u010denci zlahka sprejeli. \u00bbNe skrbite\u00ab se je izkazal za zahtevnej\u0161ega. Pravzaprav so se ves \u010das njegovega javnega delovanja trudili razumeti Jezusovo zmagoslavje nad vsakr\u0161nimi te\u017eavami. Jezus bi svoja znamenja in \u010dude\u017ee lahko za\u010del s \u010dude\u017eem v slogu razdelitve Rde\u010dega morja, vendar je izbral preprostej\u0161i pristop: spremenil je vodo v vino, ker ga je zmanjkalo. To je bila razmeroma majhna te\u017eava, ki naj bi jo re\u0161il. Njegovo mater je skrbelo za gostitelje svatbe in \u017eelela je, da bi posredoval \u2013 in je. To pomeni, da je Jezus sklenil, da bo u\u010dencem prvi\u010d razodel svojo slavo med zabavo. To je bila prva javna zmaga nad te\u017eavo. Vsaka zadrega je prilo\u017enost za Bo\u017eje posredovanje in nadaljevanje praznovanja.&#8221;<\/p><\/blockquote>\n<p>&nbsp;<\/p>\n","protected":false},"excerpt":{"rendered":"<p><strong>Leto izdaje:<\/strong> 2024<br \/>\n<strong>\u0160tevilo strani:<\/strong> 192<br \/>\n<strong>Mere: <\/strong>120 x 170 mm<\/p>\n","protected":false},"featured_media":73779,"comment_status":"open","ping_status":"closed","template":"","meta":[],"product_brand":[],"product_cat":[2324,63],"product_tag":[2070],"avtor":[2738,2739,2740],"zalozba":[2311],"vezava":[2307],"class_list":{"0":"post-73778","1":"product","2":"type-product","3":"status-publish","4":"has-post-thumbnail","6":"product_cat-duhovnost-in-osebna-rast","7":"product_cat-knjige","8":"product_tag-zgodovina","9":"avtor-amanda-jenkins","10":"avtor-dallas-jenkins","11":"avtor-kristen-hendricks","12":"zalozba-druzina","13":"vezava-mehka","15":"first","16":"instock","17":"taxable","18":"shipping-taxable","19":"purchasable","20":"product-type-simple"},"yoast_head":"<!-- This site is optimized with the Yoast SEO plugin v26.3 - https:\/\/yoast.com\/wordpress\/plugins\/seo\/ -->\n<title>Izvoljeni : \u0160tirideset dni z Jezusom<\/title>\n<meta name=\"description\" content=\"Knjiga temelji na priljubljeni televizijski nadaljevanki in knjigi Izvoljeni.\" \/>\n<meta name=\"robots\" content=\"index, follow, max-snippet:-1, max-image-preview:large, max-video-preview:-1\" \/>\n<link rel=\"canonical\" href=\"https:\/\/www.iskreni.net\/trgovina\/product\/izvoljeni-stirideset-dni-z-jezusom\/\" \/>\n<meta property=\"og:locale\" content=\"sl_SI\" \/>\n<meta property=\"og:type\" content=\"article\" \/>\n<meta property=\"og:title\" content=\"Izvoljeni : \u0160tirideset dni z Jezusom\" \/>\n<meta property=\"og:description\" content=\"Knjiga temelji na priljubljeni televizijski nadaljevanki in knjigi Izvoljeni.\" \/>\n<meta property=\"og:url\" content=\"https:\/\/www.iskreni.net\/trgovina\/product\/izvoljeni-stirideset-dni-z-jezusom\/\" \/>\n<meta property=\"og:site_name\" content=\"Zavod Iskreni\" \/>\n<meta property=\"article:modified_time\" content=\"2024-03-14T13:32:19+00:00\" \/>\n<meta property=\"og:image\" content=\"https:\/\/www.iskreni.net\/trgovina\/wp-content\/uploads\/2024\/03\/Slike-za-v-spletno-trgovino-5.jpg\" \/>\n\t<meta property=\"og:image:width\" content=\"600\" \/>\n\t<meta property=\"og:image:height\" content=\"600\" \/>\n\t<meta property=\"og:image:type\" content=\"image\/jpeg\" \/>\n<meta name=\"twitter:card\" content=\"summary_large_image\" \/>\n<meta name=\"twitter:label1\" content=\"Est. reading time\" \/>\n\t<meta name=\"twitter:data1\" content=\"3 minute\" \/>\n<script type=\"application\/ld+json\" class=\"yoast-schema-graph\">{\"@context\":\"https:\/\/schema.org\",\"@graph\":[{\"@type\":\"WebPage\",\"@id\":\"https:\/\/www.iskreni.net\/trgovina\/product\/izvoljeni-stirideset-dni-z-jezusom\/\",\"url\":\"https:\/\/www.iskreni.net\/trgovina\/product\/izvoljeni-stirideset-dni-z-jezusom\/\",\"name\":\"Izvoljeni : \u0160tirideset dni z Jezusom\",\"isPartOf\":{\"@id\":\"https:\/\/www.iskreni.net\/trgovina\/#website\"},\"primaryImageOfPage\":{\"@id\":\"https:\/\/www.iskreni.net\/trgovina\/product\/izvoljeni-stirideset-dni-z-jezusom\/#primaryimage\"},\"image\":{\"@id\":\"https:\/\/www.iskreni.net\/trgovina\/product\/izvoljeni-stirideset-dni-z-jezusom\/#primaryimage\"},\"thumbnailUrl\":\"https:\/\/www.iskreni.net\/trgovina\/wp-content\/uploads\/2024\/03\/Slike-za-v-spletno-trgovino-5.jpg\",\"datePublished\":\"2024-03-12T13:58:41+00:00\",\"dateModified\":\"2024-03-14T13:32:19+00:00\",\"description\":\"Knjiga temelji na priljubljeni televizijski nadaljevanki in knjigi Izvoljeni.\",\"breadcrumb\":{\"@id\":\"https:\/\/www.iskreni.net\/trgovina\/product\/izvoljeni-stirideset-dni-z-jezusom\/#breadcrumb\"},\"inLanguage\":\"sl-SI\",\"potentialAction\":[{\"@type\":\"ReadAction\",\"target\":[\"https:\/\/www.iskreni.net\/trgovina\/product\/izvoljeni-stirideset-dni-z-jezusom\/\"]}]},{\"@type\":\"ImageObject\",\"inLanguage\":\"sl-SI\",\"@id\":\"https:\/\/www.iskreni.net\/trgovina\/product\/izvoljeni-stirideset-dni-z-jezusom\/#primaryimage\",\"url\":\"https:\/\/www.iskreni.net\/trgovina\/wp-content\/uploads\/2024\/03\/Slike-za-v-spletno-trgovino-5.jpg\",\"contentUrl\":\"https:\/\/www.iskreni.net\/trgovina\/wp-content\/uploads\/2024\/03\/Slike-za-v-spletno-trgovino-5.jpg\",\"width\":600,\"height\":600},{\"@type\":\"BreadcrumbList\",\"@id\":\"https:\/\/www.iskreni.net\/trgovina\/product\/izvoljeni-stirideset-dni-z-jezusom\/#breadcrumb\",\"itemListElement\":[{\"@type\":\"ListItem\",\"position\":1,\"name\":\"Home\",\"item\":\"https:\/\/www.iskreni.net\/trgovina\/\"},{\"@type\":\"ListItem\",\"position\":2,\"name\":\"Trgovina\",\"item\":\"https:\/\/www.iskreni.net\/trgovina\/trgovina\/\"},{\"@type\":\"ListItem\",\"position\":3,\"name\":\"Izvoljeni : \u0160tirideset dni z Jezusom\"}]},{\"@type\":\"WebSite\",\"@id\":\"https:\/\/www.iskreni.net\/trgovina\/#website\",\"url\":\"https:\/\/www.iskreni.net\/trgovina\/\",\"name\":\"Zavod Iskreni\",\"description\":\"trgovina\",\"potentialAction\":[{\"@type\":\"SearchAction\",\"target\":{\"@type\":\"EntryPoint\",\"urlTemplate\":\"https:\/\/www.iskreni.net\/trgovina\/?s={search_term_string}\"},\"query-input\":{\"@type\":\"PropertyValueSpecification\",\"valueRequired\":true,\"valueName\":\"search_term_string\"}}],\"inLanguage\":\"sl-SI\"}]}<\/script>\n<!-- \/ Yoast SEO plugin. -->","yoast_head_json":{"title":"Izvoljeni : \u0160tirideset dni z Jezusom","description":"Knjiga temelji na priljubljeni televizijski nadaljevanki in knjigi Izvoljeni.","robots":{"index":"index","follow":"follow","max-snippet":"max-snippet:-1","max-image-preview":"max-image-preview:large","max-video-preview":"max-video-preview:-1"},"canonical":"https:\/\/www.iskreni.net\/trgovina\/product\/izvoljeni-stirideset-dni-z-jezusom\/","og_locale":"sl_SI","og_type":"article","og_title":"Izvoljeni : \u0160tirideset dni z Jezusom","og_description":"Knjiga temelji na priljubljeni televizijski nadaljevanki in knjigi Izvoljeni.","og_url":"https:\/\/www.iskreni.net\/trgovina\/product\/izvoljeni-stirideset-dni-z-jezusom\/","og_site_name":"Zavod Iskreni","article_modified_time":"2024-03-14T13:32:19+00:00","og_image":[{"width":600,"height":600,"url":"https:\/\/www.iskreni.net\/trgovina\/wp-content\/uploads\/2024\/03\/Slike-za-v-spletno-trgovino-5.jpg","type":"image\/jpeg"}],"twitter_card":"summary_large_image","twitter_misc":{"Est. reading time":"3 minute"},"schema":{"@context":"https:\/\/schema.org","@graph":[{"@type":"WebPage","@id":"https:\/\/www.iskreni.net\/trgovina\/product\/izvoljeni-stirideset-dni-z-jezusom\/","url":"https:\/\/www.iskreni.net\/trgovina\/product\/izvoljeni-stirideset-dni-z-jezusom\/","name":"Izvoljeni : \u0160tirideset dni z Jezusom","isPartOf":{"@id":"https:\/\/www.iskreni.net\/trgovina\/#website"},"primaryImageOfPage":{"@id":"https:\/\/www.iskreni.net\/trgovina\/product\/izvoljeni-stirideset-dni-z-jezusom\/#primaryimage"},"image":{"@id":"https:\/\/www.iskreni.net\/trgovina\/product\/izvoljeni-stirideset-dni-z-jezusom\/#primaryimage"},"thumbnailUrl":"https:\/\/www.iskreni.net\/trgovina\/wp-content\/uploads\/2024\/03\/Slike-za-v-spletno-trgovino-5.jpg","datePublished":"2024-03-12T13:58:41+00:00","dateModified":"2024-03-14T13:32:19+00:00","description":"Knjiga temelji na priljubljeni televizijski nadaljevanki in knjigi Izvoljeni.","breadcrumb":{"@id":"https:\/\/www.iskreni.net\/trgovina\/product\/izvoljeni-stirideset-dni-z-jezusom\/#breadcrumb"},"inLanguage":"sl-SI","potentialAction":[{"@type":"ReadAction","target":["https:\/\/www.iskreni.net\/trgovina\/product\/izvoljeni-stirideset-dni-z-jezusom\/"]}]},{"@type":"ImageObject","inLanguage":"sl-SI","@id":"https:\/\/www.iskreni.net\/trgovina\/product\/izvoljeni-stirideset-dni-z-jezusom\/#primaryimage","url":"https:\/\/www.iskreni.net\/trgovina\/wp-content\/uploads\/2024\/03\/Slike-za-v-spletno-trgovino-5.jpg","contentUrl":"https:\/\/www.iskreni.net\/trgovina\/wp-content\/uploads\/2024\/03\/Slike-za-v-spletno-trgovino-5.jpg","width":600,"height":600},{"@type":"BreadcrumbList","@id":"https:\/\/www.iskreni.net\/trgovina\/product\/izvoljeni-stirideset-dni-z-jezusom\/#breadcrumb","itemListElement":[{"@type":"ListItem","position":1,"name":"Home","item":"https:\/\/www.iskreni.net\/trgovina\/"},{"@type":"ListItem","position":2,"name":"Trgovina","item":"https:\/\/www.iskreni.net\/trgovina\/trgovina\/"},{"@type":"ListItem","position":3,"name":"Izvoljeni : \u0160tirideset dni z Jezusom"}]},{"@type":"WebSite","@id":"https:\/\/www.iskreni.net\/trgovina\/#website","url":"https:\/\/www.iskreni.net\/trgovina\/","name":"Zavod Iskreni","description":"trgovina","potentialAction":[{"@type":"SearchAction","target":{"@type":"EntryPoint","urlTemplate":"https:\/\/www.iskreni.net\/trgovina\/?s={search_term_string}"},"query-input":{"@type":"PropertyValueSpecification","valueRequired":true,"valueName":"search_term_string"}}],"inLanguage":"sl-SI"}]}},"_links":{"self":[{"href":"https:\/\/www.iskreni.net\/trgovina\/wp-json\/wp\/v2\/product\/73778","targetHints":{"allow":["GET"]}}],"collection":[{"href":"https:\/\/www.iskreni.net\/trgovina\/wp-json\/wp\/v2\/product"}],"about":[{"href":"https:\/\/www.iskreni.net\/trgovina\/wp-json\/wp\/v2\/types\/product"}],"replies":[{"embeddable":true,"href":"https:\/\/www.iskreni.net\/trgovina\/wp-json\/wp\/v2\/comments?post=73778"}],"version-history":[{"count":2,"href":"https:\/\/www.iskreni.net\/trgovina\/wp-json\/wp\/v2\/product\/73778\/revisions"}],"predecessor-version":[{"id":73781,"href":"https:\/\/www.iskreni.net\/trgovina\/wp-json\/wp\/v2\/product\/73778\/revisions\/73781"}],"wp:featuredmedia":[{"embeddable":true,"href":"https:\/\/www.iskreni.net\/trgovina\/wp-json\/wp\/v2\/media\/73779"}],"wp:attachment":[{"href":"https:\/\/www.iskreni.net\/trgovina\/wp-json\/wp\/v2\/media?parent=73778"}],"wp:term":[{"taxonomy":"product_brand","embeddable":true,"href":"https:\/\/www.iskreni.net\/trgovina\/wp-json\/wp\/v2\/product_brand?post=73778"},{"taxonomy":"product_cat","embeddable":true,"href":"https:\/\/www.iskreni.net\/trgovina\/wp-json\/wp\/v2\/product_cat?post=73778"},{"taxonomy":"product_tag","embeddable":true,"href":"https:\/\/www.iskreni.net\/trgovina\/wp-json\/wp\/v2\/product_tag?post=73778"},{"taxonomy":"avtor","embeddable":true,"href":"https:\/\/www.iskreni.net\/trgovina\/wp-json\/wp\/v2\/avtor?post=73778"},{"taxonomy":"zalozba","embeddable":true,"href":"https:\/\/www.iskreni.net\/trgovina\/wp-json\/wp\/v2\/zalozba?post=73778"},{"taxonomy":"vezava","embeddable":true,"href":"https:\/\/www.iskreni.net\/trgovina\/wp-json\/wp\/v2\/vezava?post=73778"}],"curies":[{"name":"wp","href":"https:\/\/api.w.org\/{rel}","templated":true}]}}