{"id":72859,"date":"2024-01-24T13:48:39","date_gmt":"2024-01-24T12:48:39","guid":{"rendered":"https:\/\/www.iskreni.net\/trgovina\/?post_type=product&#038;p=72859"},"modified":"2024-02-12T10:53:11","modified_gmt":"2024-02-12T09:53:11","slug":"velika-punca","status":"publish","type":"product","link":"https:\/\/www.iskreni.net\/trgovina\/product\/velika-punca\/","title":{"rendered":"Velika punca"},"content":{"rendered":"<h3 id=\"anchor-o-izdelku\" class=\"title\">O knjigi Velika punca<\/h3>\n<p>Pun\u010dka<\/p>\n<p><em>\u0160pela je visoka, zelo visoka. Prevelika za igranje s pun\u010dkami. Tako velika, da ima pogosto glavo v oblakih in da je tudi malo nerodna &#8230; Te\u017eko najde svoje mesto, v \u0161oli in doma. Vsi ji re\u010dejo \u00bbvelika punca\u00ab, a v sebi je samo majhen otrok, ki se spra\u0161uje, kak\u0161en ob\u010dutek je, \u010de te kdo pokli\u010de \u00bbmoja mala pun\u010dka\u00ab.<\/em><\/p>\n<p>\u0160pela si \u017eeli, da bi jo opazili \u0161e zaradi \u010desa drugega kot le zaradi njenega videza. Res, velika je, tako zelo, da se celo stranem slikanice komajda prilega. Nekega popoldneva, ko jo babica prosi za pomo\u010d, pa \u0160pela spozna, da njena velikost ni le slabost.<br \/>\nPreprosto lepa slikanica z veliko ob\u010dutljivostjo in natan\u010dnostjo pi\u0161e o ob\u010dutjih otroka, ki odstopa od norme in standardiziranih kalupov ter pri\u010dakovanj dru\u017ebe. Do\u017eivljamo \u0160pelina ob\u010dutja, ko i\u0161\u010de svoje mesto in si \u017eeli biti preprosto sprejeta, \u010deprav ni videti kot vsi drugi otroci njene starosti.<br \/>\nZaradi njene nesorazmerne velikosti ljudje z njo te\u017eko ravnajo kot z malo deklico. A vsebi je zgolj to: pun\u010dka. Ne\u017eno se premika po straneh slikanice, kjer je utesnjena, njeno veliko telo je v\u010dasih okorno. Avtorica dobro premi\u0161ljeno besedilo podpre z veli\u010dastnimi ilustracijami, ki se razprostirajo tudi \u010dez dve strani. Slikanica iz\u017eareva poeti\u010dnost in ljubkost, njene prepoznavne okrogle linije razkrivajo vedrino in ne\u017enost, barve v sivih in losos tonih pa krepijo ob\u010dutek umirjenosti.<br \/>\nKnjiga premi\u0161ljeno poudarja bogastvo na\u0161ih razlik in edinstvenosti vsakega \u010dloveka ter nas vabi, da sebe in drug drugega sprejemamo tak\u0161ne, kot smo, ob na\u0161ih posebnostih pa \u017eeli krepiti samozavest in ob\u010dutek identitete.<\/p>\n<p><a href=\"https:\/\/www.iskreni.net\/trgovina\/wp-content\/uploads\/2024\/01\/Delacroix-Sybille-2024-Velika-punca_Prelistaj-knjigo.pdf\" target=\"_blank\" rel=\"noopener\">Prelistajte knjigo&gt;&gt;<\/a><\/p>\n<p>&nbsp;<\/p>\n","protected":false},"excerpt":{"rendered":"<div id=\"tab-opis_tab\" class=\"tab-pane active\">\n<p><strong>Avtorica prevoda: <\/strong>Vesna Velkovrh Bukilica<br \/>\n<strong>Leto izdaje:<\/strong> 2024<br \/>\n<strong>\u0160tevilo strani:<\/strong> 24<br \/>\n<strong>Format:<\/strong> 233 x 312 mm<\/p>\n<\/div>\n<p><a href=\"https:\/\/www.iskreni.net\/trgovina\/wp-content\/uploads\/2024\/01\/Delacroix-Sybille-2024-Velika-punca_Prelistaj-knjigo.pdf\" target=\"_blank\" rel=\"noopener\">Prelistajte knjigo&gt;&gt;<\/a><\/p>\n","protected":false},"featured_media":72641,"comment_status":"open","ping_status":"closed","template":"","meta":[],"product_brand":[],"product_cat":[63,135],"product_tag":[],"avtor":[2729],"zalozba":[2337],"vezava":[2306],"class_list":{"0":"post-72859","1":"product","2":"type-product","3":"status-publish","4":"has-post-thumbnail","6":"product_cat-knjige","7":"product_cat-za-otroke","8":"avtor-sibylle-delacroix","9":"zalozba-celjska-mohorjeva-druzba","10":"vezava-trda","12":"first","13":"instock","14":"taxable","15":"shipping-taxable","16":"purchasable","17":"product-type-simple"},"yoast_head":"<!-- This site is optimized with the Yoast SEO plugin v26.3 - https:\/\/yoast.com\/wordpress\/plugins\/seo\/ -->\n<title>Velika punca - trgovina Iskreni<\/title>\n<meta name=\"description\" content=\"Velika punca: Pun\u010dka \u0160pela je visoka, zelo visoka. Prevelika za igranje s pun\u010dkami. Tako velika, da ima pogosto glavo v oblakih in da je tudi malo nerodna \u2026\" \/>\n<meta name=\"robots\" content=\"index, follow, max-snippet:-1, max-image-preview:large, max-video-preview:-1\" \/>\n<link rel=\"canonical\" href=\"https:\/\/www.iskreni.net\/trgovina\/product\/velika-punca\/\" \/>\n<meta property=\"og:locale\" content=\"sl_SI\" \/>\n<meta property=\"og:type\" content=\"article\" \/>\n<meta property=\"og:title\" content=\"Velika punca\" \/>\n<meta property=\"og:description\" content=\"Velika punca: Pun\u010dka \u0160pela je visoka, zelo visoka. Prevelika za igranje s pun\u010dkami. Tako velika, da ima pogosto glavo v oblakih in da je tudi malo nerodna \u2026\" \/>\n<meta property=\"og:url\" content=\"https:\/\/www.iskreni.net\/trgovina\/product\/velika-punca\/\" \/>\n<meta property=\"og:site_name\" content=\"Zavod Iskreni\" \/>\n<meta property=\"article:modified_time\" content=\"2024-02-12T09:53:11+00:00\" \/>\n<meta property=\"og:image\" content=\"https:\/\/www.iskreni.net\/trgovina\/wp-content\/uploads\/2024\/01\/Slike-za-v-spletno-trgovino-52.jpg\" \/>\n\t<meta property=\"og:image:width\" content=\"600\" \/>\n\t<meta property=\"og:image:height\" content=\"600\" \/>\n\t<meta property=\"og:image:type\" content=\"image\/jpeg\" \/>\n<meta name=\"twitter:card\" content=\"summary_large_image\" \/>\n<meta name=\"twitter:label1\" content=\"Est. reading time\" \/>\n\t<meta name=\"twitter:data1\" content=\"2 minuti\" \/>\n<script type=\"application\/ld+json\" class=\"yoast-schema-graph\">{\"@context\":\"https:\/\/schema.org\",\"@graph\":[{\"@type\":\"WebPage\",\"@id\":\"https:\/\/www.iskreni.net\/trgovina\/product\/velika-punca\/\",\"url\":\"https:\/\/www.iskreni.net\/trgovina\/product\/velika-punca\/\",\"name\":\"Velika punca - trgovina Iskreni\",\"isPartOf\":{\"@id\":\"https:\/\/www.iskreni.net\/trgovina\/#website\"},\"primaryImageOfPage\":{\"@id\":\"https:\/\/www.iskreni.net\/trgovina\/product\/velika-punca\/#primaryimage\"},\"image\":{\"@id\":\"https:\/\/www.iskreni.net\/trgovina\/product\/velika-punca\/#primaryimage\"},\"thumbnailUrl\":\"https:\/\/www.iskreni.net\/trgovina\/wp-content\/uploads\/2024\/01\/Slike-za-v-spletno-trgovino-52.jpg\",\"datePublished\":\"2024-01-24T12:48:39+00:00\",\"dateModified\":\"2024-02-12T09:53:11+00:00\",\"description\":\"Velika punca: Pun\u010dka \u0160pela je visoka, zelo visoka. Prevelika za igranje s pun\u010dkami. Tako velika, da ima pogosto glavo v oblakih in da je tudi malo nerodna \u2026\",\"breadcrumb\":{\"@id\":\"https:\/\/www.iskreni.net\/trgovina\/product\/velika-punca\/#breadcrumb\"},\"inLanguage\":\"sl-SI\",\"potentialAction\":[{\"@type\":\"ReadAction\",\"target\":[\"https:\/\/www.iskreni.net\/trgovina\/product\/velika-punca\/\"]}]},{\"@type\":\"ImageObject\",\"inLanguage\":\"sl-SI\",\"@id\":\"https:\/\/www.iskreni.net\/trgovina\/product\/velika-punca\/#primaryimage\",\"url\":\"https:\/\/www.iskreni.net\/trgovina\/wp-content\/uploads\/2024\/01\/Slike-za-v-spletno-trgovino-52.jpg\",\"contentUrl\":\"https:\/\/www.iskreni.net\/trgovina\/wp-content\/uploads\/2024\/01\/Slike-za-v-spletno-trgovino-52.jpg\",\"width\":600,\"height\":600},{\"@type\":\"BreadcrumbList\",\"@id\":\"https:\/\/www.iskreni.net\/trgovina\/product\/velika-punca\/#breadcrumb\",\"itemListElement\":[{\"@type\":\"ListItem\",\"position\":1,\"name\":\"Home\",\"item\":\"https:\/\/www.iskreni.net\/trgovina\/\"},{\"@type\":\"ListItem\",\"position\":2,\"name\":\"Trgovina\",\"item\":\"https:\/\/www.iskreni.net\/trgovina\/trgovina\/\"},{\"@type\":\"ListItem\",\"position\":3,\"name\":\"Velika punca\"}]},{\"@type\":\"WebSite\",\"@id\":\"https:\/\/www.iskreni.net\/trgovina\/#website\",\"url\":\"https:\/\/www.iskreni.net\/trgovina\/\",\"name\":\"Zavod Iskreni\",\"description\":\"trgovina\",\"potentialAction\":[{\"@type\":\"SearchAction\",\"target\":{\"@type\":\"EntryPoint\",\"urlTemplate\":\"https:\/\/www.iskreni.net\/trgovina\/?s={search_term_string}\"},\"query-input\":{\"@type\":\"PropertyValueSpecification\",\"valueRequired\":true,\"valueName\":\"search_term_string\"}}],\"inLanguage\":\"sl-SI\"}]}<\/script>\n<!-- \/ Yoast SEO plugin. -->","yoast_head_json":{"title":"Velika punca - trgovina Iskreni","description":"Velika punca: Pun\u010dka \u0160pela je visoka, zelo visoka. Prevelika za igranje s pun\u010dkami. Tako velika, da ima pogosto glavo v oblakih in da je tudi malo nerodna \u2026","robots":{"index":"index","follow":"follow","max-snippet":"max-snippet:-1","max-image-preview":"max-image-preview:large","max-video-preview":"max-video-preview:-1"},"canonical":"https:\/\/www.iskreni.net\/trgovina\/product\/velika-punca\/","og_locale":"sl_SI","og_type":"article","og_title":"Velika punca","og_description":"Velika punca: Pun\u010dka \u0160pela je visoka, zelo visoka. Prevelika za igranje s pun\u010dkami. Tako velika, da ima pogosto glavo v oblakih in da je tudi malo nerodna \u2026","og_url":"https:\/\/www.iskreni.net\/trgovina\/product\/velika-punca\/","og_site_name":"Zavod Iskreni","article_modified_time":"2024-02-12T09:53:11+00:00","og_image":[{"width":600,"height":600,"url":"https:\/\/www.iskreni.net\/trgovina\/wp-content\/uploads\/2024\/01\/Slike-za-v-spletno-trgovino-52.jpg","type":"image\/jpeg"}],"twitter_card":"summary_large_image","twitter_misc":{"Est. reading time":"2 minuti"},"schema":{"@context":"https:\/\/schema.org","@graph":[{"@type":"WebPage","@id":"https:\/\/www.iskreni.net\/trgovina\/product\/velika-punca\/","url":"https:\/\/www.iskreni.net\/trgovina\/product\/velika-punca\/","name":"Velika punca - trgovina Iskreni","isPartOf":{"@id":"https:\/\/www.iskreni.net\/trgovina\/#website"},"primaryImageOfPage":{"@id":"https:\/\/www.iskreni.net\/trgovina\/product\/velika-punca\/#primaryimage"},"image":{"@id":"https:\/\/www.iskreni.net\/trgovina\/product\/velika-punca\/#primaryimage"},"thumbnailUrl":"https:\/\/www.iskreni.net\/trgovina\/wp-content\/uploads\/2024\/01\/Slike-za-v-spletno-trgovino-52.jpg","datePublished":"2024-01-24T12:48:39+00:00","dateModified":"2024-02-12T09:53:11+00:00","description":"Velika punca: Pun\u010dka \u0160pela je visoka, zelo visoka. Prevelika za igranje s pun\u010dkami. Tako velika, da ima pogosto glavo v oblakih in da je tudi malo nerodna \u2026","breadcrumb":{"@id":"https:\/\/www.iskreni.net\/trgovina\/product\/velika-punca\/#breadcrumb"},"inLanguage":"sl-SI","potentialAction":[{"@type":"ReadAction","target":["https:\/\/www.iskreni.net\/trgovina\/product\/velika-punca\/"]}]},{"@type":"ImageObject","inLanguage":"sl-SI","@id":"https:\/\/www.iskreni.net\/trgovina\/product\/velika-punca\/#primaryimage","url":"https:\/\/www.iskreni.net\/trgovina\/wp-content\/uploads\/2024\/01\/Slike-za-v-spletno-trgovino-52.jpg","contentUrl":"https:\/\/www.iskreni.net\/trgovina\/wp-content\/uploads\/2024\/01\/Slike-za-v-spletno-trgovino-52.jpg","width":600,"height":600},{"@type":"BreadcrumbList","@id":"https:\/\/www.iskreni.net\/trgovina\/product\/velika-punca\/#breadcrumb","itemListElement":[{"@type":"ListItem","position":1,"name":"Home","item":"https:\/\/www.iskreni.net\/trgovina\/"},{"@type":"ListItem","position":2,"name":"Trgovina","item":"https:\/\/www.iskreni.net\/trgovina\/trgovina\/"},{"@type":"ListItem","position":3,"name":"Velika punca"}]},{"@type":"WebSite","@id":"https:\/\/www.iskreni.net\/trgovina\/#website","url":"https:\/\/www.iskreni.net\/trgovina\/","name":"Zavod Iskreni","description":"trgovina","potentialAction":[{"@type":"SearchAction","target":{"@type":"EntryPoint","urlTemplate":"https:\/\/www.iskreni.net\/trgovina\/?s={search_term_string}"},"query-input":{"@type":"PropertyValueSpecification","valueRequired":true,"valueName":"search_term_string"}}],"inLanguage":"sl-SI"}]}},"_links":{"self":[{"href":"https:\/\/www.iskreni.net\/trgovina\/wp-json\/wp\/v2\/product\/72859","targetHints":{"allow":["GET"]}}],"collection":[{"href":"https:\/\/www.iskreni.net\/trgovina\/wp-json\/wp\/v2\/product"}],"about":[{"href":"https:\/\/www.iskreni.net\/trgovina\/wp-json\/wp\/v2\/types\/product"}],"replies":[{"embeddable":true,"href":"https:\/\/www.iskreni.net\/trgovina\/wp-json\/wp\/v2\/comments?post=72859"}],"version-history":[{"count":2,"href":"https:\/\/www.iskreni.net\/trgovina\/wp-json\/wp\/v2\/product\/72859\/revisions"}],"predecessor-version":[{"id":72862,"href":"https:\/\/www.iskreni.net\/trgovina\/wp-json\/wp\/v2\/product\/72859\/revisions\/72862"}],"wp:featuredmedia":[{"embeddable":true,"href":"https:\/\/www.iskreni.net\/trgovina\/wp-json\/wp\/v2\/media\/72641"}],"wp:attachment":[{"href":"https:\/\/www.iskreni.net\/trgovina\/wp-json\/wp\/v2\/media?parent=72859"}],"wp:term":[{"taxonomy":"product_brand","embeddable":true,"href":"https:\/\/www.iskreni.net\/trgovina\/wp-json\/wp\/v2\/product_brand?post=72859"},{"taxonomy":"product_cat","embeddable":true,"href":"https:\/\/www.iskreni.net\/trgovina\/wp-json\/wp\/v2\/product_cat?post=72859"},{"taxonomy":"product_tag","embeddable":true,"href":"https:\/\/www.iskreni.net\/trgovina\/wp-json\/wp\/v2\/product_tag?post=72859"},{"taxonomy":"avtor","embeddable":true,"href":"https:\/\/www.iskreni.net\/trgovina\/wp-json\/wp\/v2\/avtor?post=72859"},{"taxonomy":"zalozba","embeddable":true,"href":"https:\/\/www.iskreni.net\/trgovina\/wp-json\/wp\/v2\/zalozba?post=72859"},{"taxonomy":"vezava","embeddable":true,"href":"https:\/\/www.iskreni.net\/trgovina\/wp-json\/wp\/v2\/vezava?post=72859"}],"curies":[{"name":"wp","href":"https:\/\/api.w.org\/{rel}","templated":true}]}}