{"id":7265,"date":"2020-03-02T14:23:40","date_gmt":"2020-03-02T13:23:40","guid":{"rendered":"https:\/\/www.iskreni.net\/trgovina\/?post_type=product&#038;p=7265"},"modified":"2025-09-11T10:27:27","modified_gmt":"2025-09-11T08:27:27","slug":"ujeti-trenutki","status":"publish","type":"product","link":"https:\/\/www.iskreni.net\/trgovina\/product\/ujeti-trenutki\/","title":{"rendered":"Ujeti trenutki: Dnevnik najinih do\u017eivetij"},"content":{"rendered":"<p>Ubrana razmerja vklju\u010dujejo prizadevanje obeh, tako mo\u0161kega kot \u017eenske, da v odnosu skupaj ohranjata ob\u010dutke privla\u010dnosti in predanosti, ki se porajajo v obdobju zaljubljenosti. Dnevnik Ujeti trenutki pot do nepozabnih trenutkov v dvoje poenostavlja, saj z izto\u010dnicami za pomenke in idejami za zmenke par podpira, da si vzame ve\u010d \u010dasa za veselje, strast in partnerski odnos.<\/p>\n<p>12 tematskih poglavij paru omogo\u010da, da si vsak mesec v letu zavestno vzame \u010das zase in z rednimi zmenki do\u017eivi \u0161e ve\u010d intimnosti, zaupanja in veselja. Vsako poglavje z uvodno inspiracijo spodbuja k osebnemu razmisleku, nato ponuja \u0161tiri navdihe za spro\u0161\u010den in poglobljen pogovor, v zaklju\u010dku pa par preseneti s \u0161tirimi predlogi za druga\u010den zmenek. Skupaj z dodatnimi predlogi za zmenke, ki dopolnjujejo tematska poglavja, pa dnevnik ponuja kar 168 izjemnih prilo\u017enosti za (st)rast in hvale\u017enost v partnerskem odnosu.<\/p>\n<p>Ujeti trenutki z zmenkov v sebi skrivajo dragocen zaklad. V obdobjih, ko je partnerski odnos na preizku\u0161nji ali ko nekdo v paru drugemu te\u017eje izrazi naklonjenost, so lahko ravno dnevni\u0161ki zapisi odli\u010den temelj za obuditev medsebojne povezanosti. Ob branju utrinkov si par v spomin prikli\u010de pozitivne ob\u010dutke njune ljubezni in se spomni, kaj vse lepega sta kot par \u017ee do\u017eivela skupaj. Z dnevnikom do\u017eivetij par ohranja njune spomine \u017eive!<\/p>\n<p>Morda se sli\u0161i preve\u010d preprosto, a redni zmenki resni\u010dno po\u017eivijo vsako razmerje. Z vsakim zmenkom se mo\u0161ki in \u017eenska odzoveta na njuno notranjo \u017eeljo po medsebojnem ob\u010dudovanju, ki vklju\u010duje \u0161e obilo sprostitve in skupne zabave. Na njem si privo\u0161\u010dita \u010das za vse tiste stvari, ki ju povezujejo in veselijo, prekineta rutino in odmislita dnevne skrbi. Zmenki v njuno \u017eivljenje prinesejo nova do\u017eivetja, izjemne izku\u0161nje ter obilje prilo\u017enosti za intimnost, u\u017eitek in radost.<\/p>\n<p>Ujeti trenutki je prava knjiga za vse pare, ki ne \u017eelijo prepustiti svojega partnerskega odnosa naklju\u010dju ali obi\u010dajnemu toku \u017eivljenja, ampak so dovolj pogumni, da zavestno ustvarjajo harmonijo in sr\u010dnost v njem.<\/p>\n<h4>O knjigi\u00a0<em>Ujeti trenutki:<\/em><\/h4>\n<p>Knjiga Ujeti trenutki obsega 168 prilo\u017enosti za (st)rast in hvale\u017enost v partnerskem odnosu, saj vklju\u010duje:<\/p>\n<ul>\n<li>12 tematskih poglavij, ki par spodbujajo k razmisleku o pre\u017eivljanju prostega \u010dasa, novih do\u017eivetjih in izvirnih zmenkih, njunih koreninah, \u010daru romantike, \u010dutnosti in intimnosti, pa tudi o hvale\u017enosti, komunikaciji in uresni\u010devanju sanj;<\/li>\n<li>48 raznolikih izto\u010dnic za pogovor, s katerimi se par uri v izra\u017eanju svojih \u017eelja, mnenj in ob\u010dutkov;<\/li>\n<li>48 izzivov in idej za \u010disto prave in edinstvene zmenke, ki po\u017eivijo vsak partnerski odnos.<\/li>\n<li>10 zanimivih predlogov za zmenke skozi vse leto;<\/li>\n<li>40 izvirnih predlogov za spro\u0161\u010dene trenutke v dvoje glede na posamezni letni \u010das;<\/li>\n<li>10 unikatnih predlogov za zmenke doma, ki so \u0161e posebej priro\u010dni za star\u0161e z majhnimi otroki;<\/li>\n<li>Poleg tega je knjiga zasnovana kot dnevnik in ponuja kar 76 strani za zapis utrinkov in do\u017eivetij para.<\/li>\n<\/ul>\n<p>Skozi celotno knjigo se prepletajo trije klju\u010dni elementi dolgotrajne ljubezni: spo\u0161tljiva in odkrita komunikacija, \u010das za \u010dutna razvajanja in zabavne dogodiv\u0161\u010dine ter prostor za ujete spomine z zmenkov.<br \/>\nUjeti trenutki je izvirno in unikatno darilo za obletnico, poroko, valentinovo, rojstni dan ali ob drugi posebni prilo\u017enosti. Je \u010dudovito darilo za prav vse pare, tako tiste, ki so \u0161ele dobro za\u010deli hoditi skupaj, kot tiste, ki se poznajo \u017ee leta. Prav tako knjiga podpira vse star\u0161e z majhnimi in tudi malo ve\u010djimi otroki, ki nimajo varstva zanje, a si \u017eelijo novih do\u017eivetij v dvoje.<\/p>\n<h4>Majhne podrobnosti o knjigi:<\/h4>\n<p>\u2022 Trda vezava, \u0161ivano z nitjo in unikatnim dizajnom.<br \/>\n\u2022 Knjiga ima 156 barvnih strani na 100 g papirju.<br \/>\n\u2022 Knjiga je zasnovana kot dnevnik in ponuja kar 76 strani za zapis utrinkov in do\u017eivetij para.<br \/>\n\u2022 Dnevnik je primeren prav za vse pare, tako tiste, ki so \u0161ele dobro za\u010deli hoditi skupaj, kot tiste, ki se poznajo \u017ee leta.<br \/>\n\u2022 Izvirno in unikatno darilo za obletnico, poroko, valentinovo, rojstni dan ali ob drugi posebni prilo\u017enosti.<br \/>\n\u2022 Unikaten izdelek, pripravljen in tiskan v Sloveniji.<br \/>\n\u2022 Ilustracije so avtorske in jih je pripravila slovenska ilustratorka Mateja Pivk.<br \/>\n\u2022 Dnevnik pare spodbuja, da korak za korakom spoznavajo en drugega in v svojo prvo knjigo zapi\u0161ejo vse tiste dragocene trenutke v dvoje, ki v \u017eivljenju resni\u010dno \u0161tejejo.<\/p>\n","protected":false},"excerpt":{"rendered":"<p><strong>Avtor:<\/strong> Ana Grbec<br \/>\n<strong>Zalo\u017eba:\u00a0<\/strong>samozalo\u017eba<br \/>\n<strong>\u0160tevilo strani:\u00a0<\/strong>155<br \/>\n<strong>Leto izdaje:<\/strong> 2019<\/p>\n<p>&nbsp;<\/p>\n<p><em>Ujeti trenutki je prava knjiga za vse pare, ki ne \u017eelijo prepustiti svojega partnerskega odnosa naklju\u010dju ali obi\u010dajnemu toku \u017eivljenja, ampak so dovolj pogumni, da zavestno ustvarjajo harmonijo in sr\u010dnost v njem.<\/em><\/p>\n","protected":false},"featured_media":7275,"comment_status":"open","ping_status":"closed","template":"","meta":[],"product_brand":[],"product_cat":[2322,63],"product_tag":[410],"avtor":[],"zalozba":[],"vezava":[],"class_list":{"0":"post-7265","1":"product","2":"type-product","3":"status-publish","4":"has-post-thumbnail","6":"product_cat-druzina-in-odnosi","7":"product_cat-knjige","8":"product_tag-poroka","10":"first","11":"onbackorder","12":"taxable","13":"shipping-taxable","14":"purchasable","15":"product-type-simple"},"yoast_head":"<!-- This site is optimized with the Yoast SEO plugin v26.3 - https:\/\/yoast.com\/wordpress\/plugins\/seo\/ -->\n<title>Ujeti trenutki: Dnevnik najinih do\u017eivetij - trgovina Iskreni<\/title>\n<meta name=\"description\" content=\"Ujeti trenutki je knjiga za vse pare, ki so dovolj pogumni, da zavestno ustvarjajo harmonijo in sr\u010dnost v partnerskem odnosu.\" \/>\n<meta name=\"robots\" content=\"index, follow, max-snippet:-1, max-image-preview:large, max-video-preview:-1\" \/>\n<link rel=\"canonical\" href=\"https:\/\/www.iskreni.net\/trgovina\/product\/ujeti-trenutki\/\" \/>\n<meta property=\"og:locale\" content=\"sl_SI\" \/>\n<meta property=\"og:type\" content=\"article\" \/>\n<meta property=\"og:title\" content=\"Ujeti trenutki: Dnevnik najinih do\u017eivetij - trgovina Iskreni\" \/>\n<meta property=\"og:description\" content=\"Ujeti trenutki je knjiga za vse pare, ki so dovolj pogumni, da zavestno ustvarjajo harmonijo in sr\u010dnost v partnerskem odnosu.\" \/>\n<meta property=\"og:url\" content=\"https:\/\/www.iskreni.net\/trgovina\/product\/ujeti-trenutki\/\" \/>\n<meta property=\"og:site_name\" content=\"Zavod Iskreni\" \/>\n<meta property=\"article:modified_time\" content=\"2025-09-11T08:27:27+00:00\" \/>\n<meta property=\"og:image\" content=\"https:\/\/www.iskreni.net\/trgovina\/wp-content\/uploads\/2020\/03\/MMMM3749.jpg\" \/>\n\t<meta property=\"og:image:width\" content=\"1242\" \/>\n\t<meta property=\"og:image:height\" content=\"829\" \/>\n\t<meta property=\"og:image:type\" content=\"image\/jpeg\" \/>\n<meta name=\"twitter:card\" content=\"summary_large_image\" \/>\n<meta name=\"twitter:label1\" content=\"Est. reading time\" \/>\n\t<meta name=\"twitter:data1\" content=\"4 minute\" \/>\n<script type=\"application\/ld+json\" class=\"yoast-schema-graph\">{\"@context\":\"https:\/\/schema.org\",\"@graph\":[{\"@type\":\"WebPage\",\"@id\":\"https:\/\/www.iskreni.net\/trgovina\/product\/ujeti-trenutki\/\",\"url\":\"https:\/\/www.iskreni.net\/trgovina\/product\/ujeti-trenutki\/\",\"name\":\"Ujeti trenutki: Dnevnik najinih do\u017eivetij - trgovina Iskreni\",\"isPartOf\":{\"@id\":\"https:\/\/www.iskreni.net\/trgovina\/#website\"},\"primaryImageOfPage\":{\"@id\":\"https:\/\/www.iskreni.net\/trgovina\/product\/ujeti-trenutki\/#primaryimage\"},\"image\":{\"@id\":\"https:\/\/www.iskreni.net\/trgovina\/product\/ujeti-trenutki\/#primaryimage\"},\"thumbnailUrl\":\"https:\/\/www.iskreni.net\/trgovina\/wp-content\/uploads\/2020\/03\/MMMM3749.jpg\",\"datePublished\":\"2020-03-02T13:23:40+00:00\",\"dateModified\":\"2025-09-11T08:27:27+00:00\",\"description\":\"Ujeti trenutki je knjiga za vse pare, ki so dovolj pogumni, da zavestno ustvarjajo harmonijo in sr\u010dnost v partnerskem odnosu.\",\"breadcrumb\":{\"@id\":\"https:\/\/www.iskreni.net\/trgovina\/product\/ujeti-trenutki\/#breadcrumb\"},\"inLanguage\":\"sl-SI\",\"potentialAction\":[{\"@type\":\"ReadAction\",\"target\":[\"https:\/\/www.iskreni.net\/trgovina\/product\/ujeti-trenutki\/\"]}]},{\"@type\":\"ImageObject\",\"inLanguage\":\"sl-SI\",\"@id\":\"https:\/\/www.iskreni.net\/trgovina\/product\/ujeti-trenutki\/#primaryimage\",\"url\":\"https:\/\/www.iskreni.net\/trgovina\/wp-content\/uploads\/2020\/03\/MMMM3749.jpg\",\"contentUrl\":\"https:\/\/www.iskreni.net\/trgovina\/wp-content\/uploads\/2020\/03\/MMMM3749.jpg\",\"width\":1242,\"height\":829,\"caption\":\"Ujeti trenutki\"},{\"@type\":\"BreadcrumbList\",\"@id\":\"https:\/\/www.iskreni.net\/trgovina\/product\/ujeti-trenutki\/#breadcrumb\",\"itemListElement\":[{\"@type\":\"ListItem\",\"position\":1,\"name\":\"Home\",\"item\":\"https:\/\/www.iskreni.net\/trgovina\/\"},{\"@type\":\"ListItem\",\"position\":2,\"name\":\"Trgovina\",\"item\":\"https:\/\/www.iskreni.net\/trgovina\/trgovina\/\"},{\"@type\":\"ListItem\",\"position\":3,\"name\":\"Ujeti trenutki: Dnevnik najinih do\u017eivetij\"}]},{\"@type\":\"WebSite\",\"@id\":\"https:\/\/www.iskreni.net\/trgovina\/#website\",\"url\":\"https:\/\/www.iskreni.net\/trgovina\/\",\"name\":\"Zavod Iskreni\",\"description\":\"trgovina\",\"potentialAction\":[{\"@type\":\"SearchAction\",\"target\":{\"@type\":\"EntryPoint\",\"urlTemplate\":\"https:\/\/www.iskreni.net\/trgovina\/?s={search_term_string}\"},\"query-input\":{\"@type\":\"PropertyValueSpecification\",\"valueRequired\":true,\"valueName\":\"search_term_string\"}}],\"inLanguage\":\"sl-SI\"}]}<\/script>\n<!-- \/ Yoast SEO plugin. -->","yoast_head_json":{"title":"Ujeti trenutki: Dnevnik najinih do\u017eivetij - trgovina Iskreni","description":"Ujeti trenutki je knjiga za vse pare, ki so dovolj pogumni, da zavestno ustvarjajo harmonijo in sr\u010dnost v partnerskem odnosu.","robots":{"index":"index","follow":"follow","max-snippet":"max-snippet:-1","max-image-preview":"max-image-preview:large","max-video-preview":"max-video-preview:-1"},"canonical":"https:\/\/www.iskreni.net\/trgovina\/product\/ujeti-trenutki\/","og_locale":"sl_SI","og_type":"article","og_title":"Ujeti trenutki: Dnevnik najinih do\u017eivetij - trgovina Iskreni","og_description":"Ujeti trenutki je knjiga za vse pare, ki so dovolj pogumni, da zavestno ustvarjajo harmonijo in sr\u010dnost v partnerskem odnosu.","og_url":"https:\/\/www.iskreni.net\/trgovina\/product\/ujeti-trenutki\/","og_site_name":"Zavod Iskreni","article_modified_time":"2025-09-11T08:27:27+00:00","og_image":[{"width":1242,"height":829,"url":"https:\/\/www.iskreni.net\/trgovina\/wp-content\/uploads\/2020\/03\/MMMM3749.jpg","type":"image\/jpeg"}],"twitter_card":"summary_large_image","twitter_misc":{"Est. reading time":"4 minute"},"schema":{"@context":"https:\/\/schema.org","@graph":[{"@type":"WebPage","@id":"https:\/\/www.iskreni.net\/trgovina\/product\/ujeti-trenutki\/","url":"https:\/\/www.iskreni.net\/trgovina\/product\/ujeti-trenutki\/","name":"Ujeti trenutki: Dnevnik najinih do\u017eivetij - trgovina Iskreni","isPartOf":{"@id":"https:\/\/www.iskreni.net\/trgovina\/#website"},"primaryImageOfPage":{"@id":"https:\/\/www.iskreni.net\/trgovina\/product\/ujeti-trenutki\/#primaryimage"},"image":{"@id":"https:\/\/www.iskreni.net\/trgovina\/product\/ujeti-trenutki\/#primaryimage"},"thumbnailUrl":"https:\/\/www.iskreni.net\/trgovina\/wp-content\/uploads\/2020\/03\/MMMM3749.jpg","datePublished":"2020-03-02T13:23:40+00:00","dateModified":"2025-09-11T08:27:27+00:00","description":"Ujeti trenutki je knjiga za vse pare, ki so dovolj pogumni, da zavestno ustvarjajo harmonijo in sr\u010dnost v partnerskem odnosu.","breadcrumb":{"@id":"https:\/\/www.iskreni.net\/trgovina\/product\/ujeti-trenutki\/#breadcrumb"},"inLanguage":"sl-SI","potentialAction":[{"@type":"ReadAction","target":["https:\/\/www.iskreni.net\/trgovina\/product\/ujeti-trenutki\/"]}]},{"@type":"ImageObject","inLanguage":"sl-SI","@id":"https:\/\/www.iskreni.net\/trgovina\/product\/ujeti-trenutki\/#primaryimage","url":"https:\/\/www.iskreni.net\/trgovina\/wp-content\/uploads\/2020\/03\/MMMM3749.jpg","contentUrl":"https:\/\/www.iskreni.net\/trgovina\/wp-content\/uploads\/2020\/03\/MMMM3749.jpg","width":1242,"height":829,"caption":"Ujeti trenutki"},{"@type":"BreadcrumbList","@id":"https:\/\/www.iskreni.net\/trgovina\/product\/ujeti-trenutki\/#breadcrumb","itemListElement":[{"@type":"ListItem","position":1,"name":"Home","item":"https:\/\/www.iskreni.net\/trgovina\/"},{"@type":"ListItem","position":2,"name":"Trgovina","item":"https:\/\/www.iskreni.net\/trgovina\/trgovina\/"},{"@type":"ListItem","position":3,"name":"Ujeti trenutki: Dnevnik najinih do\u017eivetij"}]},{"@type":"WebSite","@id":"https:\/\/www.iskreni.net\/trgovina\/#website","url":"https:\/\/www.iskreni.net\/trgovina\/","name":"Zavod Iskreni","description":"trgovina","potentialAction":[{"@type":"SearchAction","target":{"@type":"EntryPoint","urlTemplate":"https:\/\/www.iskreni.net\/trgovina\/?s={search_term_string}"},"query-input":{"@type":"PropertyValueSpecification","valueRequired":true,"valueName":"search_term_string"}}],"inLanguage":"sl-SI"}]}},"_links":{"self":[{"href":"https:\/\/www.iskreni.net\/trgovina\/wp-json\/wp\/v2\/product\/7265","targetHints":{"allow":["GET"]}}],"collection":[{"href":"https:\/\/www.iskreni.net\/trgovina\/wp-json\/wp\/v2\/product"}],"about":[{"href":"https:\/\/www.iskreni.net\/trgovina\/wp-json\/wp\/v2\/types\/product"}],"replies":[{"embeddable":true,"href":"https:\/\/www.iskreni.net\/trgovina\/wp-json\/wp\/v2\/comments?post=7265"}],"version-history":[{"count":2,"href":"https:\/\/www.iskreni.net\/trgovina\/wp-json\/wp\/v2\/product\/7265\/revisions"}],"predecessor-version":[{"id":88998,"href":"https:\/\/www.iskreni.net\/trgovina\/wp-json\/wp\/v2\/product\/7265\/revisions\/88998"}],"wp:featuredmedia":[{"embeddable":true,"href":"https:\/\/www.iskreni.net\/trgovina\/wp-json\/wp\/v2\/media\/7275"}],"wp:attachment":[{"href":"https:\/\/www.iskreni.net\/trgovina\/wp-json\/wp\/v2\/media?parent=7265"}],"wp:term":[{"taxonomy":"product_brand","embeddable":true,"href":"https:\/\/www.iskreni.net\/trgovina\/wp-json\/wp\/v2\/product_brand?post=7265"},{"taxonomy":"product_cat","embeddable":true,"href":"https:\/\/www.iskreni.net\/trgovina\/wp-json\/wp\/v2\/product_cat?post=7265"},{"taxonomy":"product_tag","embeddable":true,"href":"https:\/\/www.iskreni.net\/trgovina\/wp-json\/wp\/v2\/product_tag?post=7265"},{"taxonomy":"avtor","embeddable":true,"href":"https:\/\/www.iskreni.net\/trgovina\/wp-json\/wp\/v2\/avtor?post=7265"},{"taxonomy":"zalozba","embeddable":true,"href":"https:\/\/www.iskreni.net\/trgovina\/wp-json\/wp\/v2\/zalozba?post=7265"},{"taxonomy":"vezava","embeddable":true,"href":"https:\/\/www.iskreni.net\/trgovina\/wp-json\/wp\/v2\/vezava?post=7265"}],"curies":[{"name":"wp","href":"https:\/\/api.w.org\/{rel}","templated":true}]}}