{"id":72637,"date":"2024-01-17T15:51:41","date_gmt":"2024-01-17T14:51:41","guid":{"rendered":"https:\/\/www.iskreni.net\/trgovina\/?post_type=product&#038;p=72637"},"modified":"2024-03-19T13:46:55","modified_gmt":"2024-03-19T12:46:55","slug":"pod-kraljicinim-zezlom","status":"publish","type":"product","link":"https:\/\/www.iskreni.net\/trgovina\/product\/pod-kraljicinim-zezlom\/","title":{"rendered":"Pod kralji\u010dinim \u017eezlom"},"content":{"rendered":"<h4>O knjigi Pod kralji\u010dinim \u017eezlom:<\/h4>\n<p>\u010cez vse in vsakogar za sina in krono<\/p>\n<p>Pod kralji\u010dinim \u017eezlom\u00a0<em>je naslov prvega dela trilogije\u00a0<\/em>Nekronani kralj,<em>\u00a0ki je posve\u010dena Ulriku II. Celjskemu. Po dramati\u010dnih dru\u017einskih zapletih med Hermanom II. in njegovim sinom Friderikom se kot up rodbine na \u010delo Celjskih dvigne vnuk, Ulrik. Karizmati\u010den, ambiciozen in sposoben aristokrat, ne\u010dak kraljice Barbare Celjske in bratranec kraljice Elizabete Luksembur\u0161ke, se vrti v najvi\u0161jih dru\u017ebenih slojih ter velja za enega najvplivnej\u0161ih ljudi svojega \u010dasa.<\/em><\/p>\n<p>Pri\u010dujo\u010da knjiga je prolog njegove zgodbe in hkrati pretresljiv opis enega najbolj dramati\u010dnih obdobij evropskega srednjega veka. Po smrti o\u010deta, kralja Sigismunda Luksembur\u0161kega, in mo\u017ea, kralja Albrehta II. Habsbur\u0161kega, se nose\u010da tridesetletna vdova Elizabeta z neslutenim pogumom poda v boj za kraljevsko krono in nasledstveno pravico svojega sina. Avtorica na podlagi \u0161tevilnih virov slikovito opi\u0161e \u010das od Sigismundove smrti leta 1437 do Elizabetinega tragi\u010dnega konca leta 1442.<br \/>\nNa kratko ori\u0161e zgodovino Celjskih, ki se s premi\u0161ljeno poro\u010dno politiko Hermana II. dvigujejo proti vrhu svojih dinasti\u010dnih ambicij. Povabi nas na vite\u0161ko potovanje z njegovim vnukom Ulrikom II., vzhajajo\u010do aristokratsko zvezdo tistega \u010dasa. Medtem je njegova teta, kraljica Barbara, vse bolj v nemilosti svojega zeta Albrehta, ki se po smrti cesarja Sigismunda zavihti na kraljevski prestol. Cena zanj je visoka, \u017eivljenje v bli\u0161\u010du krone pa kratko. Za Albrehtom ostane tridesetletna kraljica vdova, ki pod srcem nosi sina. Ladislav V. Posmrtnik je za ogrskega kralja okronan \u017ee kot dojen\u010dek. Bo de\u017eeli kdaj tudi v resnici zavladal? Njegova mati se je za to pripravljena boriti do zadnje kaplje krvi. Neusmiljeni spopadi med privr\u017eenci Elizabete Luksembur\u0161ke in poljskega pretendenta na prestol, Vladislava Jagelonskega, dramati\u010dno zaznamujejo ves stari svet. Na koncu zmagata oba. Vendar oba tudi izgubita. Na pogori\u0161\u010du krvavega boja za prevlado pa se iz pepela znova dvigne Ulrik Celjski. Za trenutek se zdi, da ga ni\u010d ne more ustaviti \u2026<\/p>\n<h5><a href=\"https:\/\/www.iskreni.net\/trgovina\/wp-content\/uploads\/2024\/01\/Dvorakova-Daniela-Pod-kraljicinim-zezlom-Prelistaj-knjigo.pdf\">Prelistaj&gt;&gt;<\/a><\/h5>\n<p>&nbsp;<\/p>\n<h5><\/h5>\n<h5><\/h5>\n<h4><\/h4>\n","protected":false},"excerpt":{"rendered":"<p><strong>Drugi sodelujo\u010di avtorji:<\/strong> Igor Grdina<br \/>\n<strong>Prevod:<\/strong> Andrej Rozman<br \/>\n<strong>\u0160tevilo strani:<\/strong> 392<br \/>\n<strong>Leto izdaje:<\/strong> 2023<br \/>\n<strong>Format:<\/strong> 170 x 240 mm<\/p>\n<h5><a href=\"https:\/\/www.iskreni.net\/trgovina\/wp-content\/uploads\/2024\/01\/Dvorakova-Daniela-Pod-kraljicinim-zezlom-Prelistaj-knjigo.pdf\">Prelistaj&gt;&gt;<\/a><\/h5>\n","protected":false},"featured_media":72640,"comment_status":"open","ping_status":"closed","template":"","meta":[],"product_brand":[],"product_cat":[2325,63],"product_tag":[],"avtor":[2677],"zalozba":[2337],"vezava":[2306],"class_list":{"0":"post-72637","1":"product","2":"type-product","3":"status-publish","4":"has-post-thumbnail","6":"product_cat-leposlovje","7":"product_cat-knjige","8":"avtor-daniela-dvorakova","9":"zalozba-celjska-mohorjeva-druzba","10":"vezava-trda","12":"first","13":"instock","14":"taxable","15":"shipping-taxable","16":"purchasable","17":"product-type-simple"},"yoast_head":"<!-- This site is optimized with the Yoast SEO plugin v26.3 - https:\/\/yoast.com\/wordpress\/plugins\/seo\/ -->\n<title>Pod kralji\u010dinim \u017eezlom - trgovina Iskreni<\/title>\n<meta name=\"description\" content=\"Pod kralji\u010dinim \u017eezlom je naslov prvega dela trilogije Nekronani kralj, ki je posve\u010dena Ulriku II. Celjskemu izpod peresa Daniele Dvo\u0159\u00e1kove.\" \/>\n<meta name=\"robots\" content=\"index, follow, max-snippet:-1, max-image-preview:large, max-video-preview:-1\" \/>\n<link rel=\"canonical\" href=\"https:\/\/www.iskreni.net\/trgovina\/product\/pod-kraljicinim-zezlom\/\" \/>\n<meta property=\"og:locale\" content=\"sl_SI\" \/>\n<meta property=\"og:type\" content=\"article\" \/>\n<meta property=\"og:title\" content=\"Pod kralji\u010dinim \u017eezlom\" \/>\n<meta property=\"og:description\" content=\"Pod kralji\u010dinim \u017eezlom je naslov prvega dela trilogije Nekronani kralj, ki je posve\u010dena Ulriku II. Celjskemu izpod peresa Daniele Dvo\u0159\u00e1kove.\" \/>\n<meta property=\"og:url\" content=\"https:\/\/www.iskreni.net\/trgovina\/product\/pod-kraljicinim-zezlom\/\" \/>\n<meta property=\"og:site_name\" content=\"Zavod Iskreni\" \/>\n<meta property=\"article:modified_time\" content=\"2024-03-19T12:46:55+00:00\" \/>\n<meta property=\"og:image\" content=\"https:\/\/www.iskreni.net\/trgovina\/wp-content\/uploads\/2024\/01\/Slike-za-v-spletno-trgovino-53.jpg\" \/>\n\t<meta property=\"og:image:width\" content=\"600\" \/>\n\t<meta property=\"og:image:height\" content=\"600\" \/>\n\t<meta property=\"og:image:type\" content=\"image\/jpeg\" \/>\n<meta name=\"twitter:card\" content=\"summary_large_image\" \/>\n<meta name=\"twitter:label1\" content=\"Est. reading time\" \/>\n\t<meta name=\"twitter:data1\" content=\"2 minuti\" \/>\n<script type=\"application\/ld+json\" class=\"yoast-schema-graph\">{\"@context\":\"https:\/\/schema.org\",\"@graph\":[{\"@type\":\"WebPage\",\"@id\":\"https:\/\/www.iskreni.net\/trgovina\/product\/pod-kraljicinim-zezlom\/\",\"url\":\"https:\/\/www.iskreni.net\/trgovina\/product\/pod-kraljicinim-zezlom\/\",\"name\":\"Pod kralji\u010dinim \u017eezlom - trgovina Iskreni\",\"isPartOf\":{\"@id\":\"https:\/\/www.iskreni.net\/trgovina\/#website\"},\"primaryImageOfPage\":{\"@id\":\"https:\/\/www.iskreni.net\/trgovina\/product\/pod-kraljicinim-zezlom\/#primaryimage\"},\"image\":{\"@id\":\"https:\/\/www.iskreni.net\/trgovina\/product\/pod-kraljicinim-zezlom\/#primaryimage\"},\"thumbnailUrl\":\"https:\/\/www.iskreni.net\/trgovina\/wp-content\/uploads\/2024\/01\/Slike-za-v-spletno-trgovino-53.jpg\",\"datePublished\":\"2024-01-17T14:51:41+00:00\",\"dateModified\":\"2024-03-19T12:46:55+00:00\",\"description\":\"Pod kralji\u010dinim \u017eezlom je naslov prvega dela trilogije Nekronani kralj, ki je posve\u010dena Ulriku II. Celjskemu izpod peresa Daniele Dvo\u0159\u00e1kove.\",\"breadcrumb\":{\"@id\":\"https:\/\/www.iskreni.net\/trgovina\/product\/pod-kraljicinim-zezlom\/#breadcrumb\"},\"inLanguage\":\"sl-SI\",\"potentialAction\":[{\"@type\":\"ReadAction\",\"target\":[\"https:\/\/www.iskreni.net\/trgovina\/product\/pod-kraljicinim-zezlom\/\"]}]},{\"@type\":\"ImageObject\",\"inLanguage\":\"sl-SI\",\"@id\":\"https:\/\/www.iskreni.net\/trgovina\/product\/pod-kraljicinim-zezlom\/#primaryimage\",\"url\":\"https:\/\/www.iskreni.net\/trgovina\/wp-content\/uploads\/2024\/01\/Slike-za-v-spletno-trgovino-53.jpg\",\"contentUrl\":\"https:\/\/www.iskreni.net\/trgovina\/wp-content\/uploads\/2024\/01\/Slike-za-v-spletno-trgovino-53.jpg\",\"width\":600,\"height\":600},{\"@type\":\"BreadcrumbList\",\"@id\":\"https:\/\/www.iskreni.net\/trgovina\/product\/pod-kraljicinim-zezlom\/#breadcrumb\",\"itemListElement\":[{\"@type\":\"ListItem\",\"position\":1,\"name\":\"Home\",\"item\":\"https:\/\/www.iskreni.net\/trgovina\/\"},{\"@type\":\"ListItem\",\"position\":2,\"name\":\"Trgovina\",\"item\":\"https:\/\/www.iskreni.net\/trgovina\/trgovina\/\"},{\"@type\":\"ListItem\",\"position\":3,\"name\":\"Pod kralji\u010dinim \u017eezlom\"}]},{\"@type\":\"WebSite\",\"@id\":\"https:\/\/www.iskreni.net\/trgovina\/#website\",\"url\":\"https:\/\/www.iskreni.net\/trgovina\/\",\"name\":\"Zavod Iskreni\",\"description\":\"trgovina\",\"potentialAction\":[{\"@type\":\"SearchAction\",\"target\":{\"@type\":\"EntryPoint\",\"urlTemplate\":\"https:\/\/www.iskreni.net\/trgovina\/?s={search_term_string}\"},\"query-input\":{\"@type\":\"PropertyValueSpecification\",\"valueRequired\":true,\"valueName\":\"search_term_string\"}}],\"inLanguage\":\"sl-SI\"}]}<\/script>\n<!-- \/ Yoast SEO plugin. -->","yoast_head_json":{"title":"Pod kralji\u010dinim \u017eezlom - trgovina Iskreni","description":"Pod kralji\u010dinim \u017eezlom je naslov prvega dela trilogije Nekronani kralj, ki je posve\u010dena Ulriku II. Celjskemu izpod peresa Daniele Dvo\u0159\u00e1kove.","robots":{"index":"index","follow":"follow","max-snippet":"max-snippet:-1","max-image-preview":"max-image-preview:large","max-video-preview":"max-video-preview:-1"},"canonical":"https:\/\/www.iskreni.net\/trgovina\/product\/pod-kraljicinim-zezlom\/","og_locale":"sl_SI","og_type":"article","og_title":"Pod kralji\u010dinim \u017eezlom","og_description":"Pod kralji\u010dinim \u017eezlom je naslov prvega dela trilogije Nekronani kralj, ki je posve\u010dena Ulriku II. Celjskemu izpod peresa Daniele Dvo\u0159\u00e1kove.","og_url":"https:\/\/www.iskreni.net\/trgovina\/product\/pod-kraljicinim-zezlom\/","og_site_name":"Zavod Iskreni","article_modified_time":"2024-03-19T12:46:55+00:00","og_image":[{"width":600,"height":600,"url":"https:\/\/www.iskreni.net\/trgovina\/wp-content\/uploads\/2024\/01\/Slike-za-v-spletno-trgovino-53.jpg","type":"image\/jpeg"}],"twitter_card":"summary_large_image","twitter_misc":{"Est. reading time":"2 minuti"},"schema":{"@context":"https:\/\/schema.org","@graph":[{"@type":"WebPage","@id":"https:\/\/www.iskreni.net\/trgovina\/product\/pod-kraljicinim-zezlom\/","url":"https:\/\/www.iskreni.net\/trgovina\/product\/pod-kraljicinim-zezlom\/","name":"Pod kralji\u010dinim \u017eezlom - trgovina Iskreni","isPartOf":{"@id":"https:\/\/www.iskreni.net\/trgovina\/#website"},"primaryImageOfPage":{"@id":"https:\/\/www.iskreni.net\/trgovina\/product\/pod-kraljicinim-zezlom\/#primaryimage"},"image":{"@id":"https:\/\/www.iskreni.net\/trgovina\/product\/pod-kraljicinim-zezlom\/#primaryimage"},"thumbnailUrl":"https:\/\/www.iskreni.net\/trgovina\/wp-content\/uploads\/2024\/01\/Slike-za-v-spletno-trgovino-53.jpg","datePublished":"2024-01-17T14:51:41+00:00","dateModified":"2024-03-19T12:46:55+00:00","description":"Pod kralji\u010dinim \u017eezlom je naslov prvega dela trilogije Nekronani kralj, ki je posve\u010dena Ulriku II. Celjskemu izpod peresa Daniele Dvo\u0159\u00e1kove.","breadcrumb":{"@id":"https:\/\/www.iskreni.net\/trgovina\/product\/pod-kraljicinim-zezlom\/#breadcrumb"},"inLanguage":"sl-SI","potentialAction":[{"@type":"ReadAction","target":["https:\/\/www.iskreni.net\/trgovina\/product\/pod-kraljicinim-zezlom\/"]}]},{"@type":"ImageObject","inLanguage":"sl-SI","@id":"https:\/\/www.iskreni.net\/trgovina\/product\/pod-kraljicinim-zezlom\/#primaryimage","url":"https:\/\/www.iskreni.net\/trgovina\/wp-content\/uploads\/2024\/01\/Slike-za-v-spletno-trgovino-53.jpg","contentUrl":"https:\/\/www.iskreni.net\/trgovina\/wp-content\/uploads\/2024\/01\/Slike-za-v-spletno-trgovino-53.jpg","width":600,"height":600},{"@type":"BreadcrumbList","@id":"https:\/\/www.iskreni.net\/trgovina\/product\/pod-kraljicinim-zezlom\/#breadcrumb","itemListElement":[{"@type":"ListItem","position":1,"name":"Home","item":"https:\/\/www.iskreni.net\/trgovina\/"},{"@type":"ListItem","position":2,"name":"Trgovina","item":"https:\/\/www.iskreni.net\/trgovina\/trgovina\/"},{"@type":"ListItem","position":3,"name":"Pod kralji\u010dinim \u017eezlom"}]},{"@type":"WebSite","@id":"https:\/\/www.iskreni.net\/trgovina\/#website","url":"https:\/\/www.iskreni.net\/trgovina\/","name":"Zavod Iskreni","description":"trgovina","potentialAction":[{"@type":"SearchAction","target":{"@type":"EntryPoint","urlTemplate":"https:\/\/www.iskreni.net\/trgovina\/?s={search_term_string}"},"query-input":{"@type":"PropertyValueSpecification","valueRequired":true,"valueName":"search_term_string"}}],"inLanguage":"sl-SI"}]}},"_links":{"self":[{"href":"https:\/\/www.iskreni.net\/trgovina\/wp-json\/wp\/v2\/product\/72637","targetHints":{"allow":["GET"]}}],"collection":[{"href":"https:\/\/www.iskreni.net\/trgovina\/wp-json\/wp\/v2\/product"}],"about":[{"href":"https:\/\/www.iskreni.net\/trgovina\/wp-json\/wp\/v2\/types\/product"}],"replies":[{"embeddable":true,"href":"https:\/\/www.iskreni.net\/trgovina\/wp-json\/wp\/v2\/comments?post=72637"}],"version-history":[{"count":2,"href":"https:\/\/www.iskreni.net\/trgovina\/wp-json\/wp\/v2\/product\/72637\/revisions"}],"predecessor-version":[{"id":72642,"href":"https:\/\/www.iskreni.net\/trgovina\/wp-json\/wp\/v2\/product\/72637\/revisions\/72642"}],"wp:featuredmedia":[{"embeddable":true,"href":"https:\/\/www.iskreni.net\/trgovina\/wp-json\/wp\/v2\/media\/72640"}],"wp:attachment":[{"href":"https:\/\/www.iskreni.net\/trgovina\/wp-json\/wp\/v2\/media?parent=72637"}],"wp:term":[{"taxonomy":"product_brand","embeddable":true,"href":"https:\/\/www.iskreni.net\/trgovina\/wp-json\/wp\/v2\/product_brand?post=72637"},{"taxonomy":"product_cat","embeddable":true,"href":"https:\/\/www.iskreni.net\/trgovina\/wp-json\/wp\/v2\/product_cat?post=72637"},{"taxonomy":"product_tag","embeddable":true,"href":"https:\/\/www.iskreni.net\/trgovina\/wp-json\/wp\/v2\/product_tag?post=72637"},{"taxonomy":"avtor","embeddable":true,"href":"https:\/\/www.iskreni.net\/trgovina\/wp-json\/wp\/v2\/avtor?post=72637"},{"taxonomy":"zalozba","embeddable":true,"href":"https:\/\/www.iskreni.net\/trgovina\/wp-json\/wp\/v2\/zalozba?post=72637"},{"taxonomy":"vezava","embeddable":true,"href":"https:\/\/www.iskreni.net\/trgovina\/wp-json\/wp\/v2\/vezava?post=72637"}],"curies":[{"name":"wp","href":"https:\/\/api.w.org\/{rel}","templated":true}]}}