{"id":72634,"date":"2024-01-17T15:37:36","date_gmt":"2024-01-17T14:37:36","guid":{"rendered":"https:\/\/www.iskreni.net\/trgovina\/?post_type=product&#038;p=72634"},"modified":"2024-01-17T15:43:56","modified_gmt":"2024-01-17T14:43:56","slug":"skozi-barvo-in-svetlobo","status":"publish","type":"product","link":"https:\/\/www.iskreni.net\/trgovina\/product\/skozi-barvo-in-svetlobo\/","title":{"rendered":"Skozi barvo in svetlobo"},"content":{"rendered":"<h4><strong>O izdelku Skozi barvo in svetlobo:<\/strong><\/h4>\n<p>Stane Kregar je ustvaril kakovosten in obse\u017een tako posvetni kot sakralni opus, ki obsega okrog 600 slik, likovno opremo za okrog sto cerkva na celotnem slovenskem ozemlju in \u0161tevilne knji\u017ene ilustracije ter umetnoobrtne izdelke. Tako \u0161irokega tehni\u010dnega znanja in obvladovanja razli\u010dnih zvrsti slikarstva ni imel noben Kregarjev sodobnik. Ustvarjal je v razli\u010dnih likovnih slogih (nadrealizem, poeti\u010dni barvni realizem, abstrakcija in nova figuralika), ki pa jih kljub raznolikosti povezujeta slikarjeva prepoznavna liri\u010dnost in bogata barvna paleta.<\/p>\n<p>Leta 1993 je bila v obnovljenem\u00a0<em>Zavodu sv. Stanislava<\/em>\u00a0na osnovi del, ki so jih darovali slikarjevi dedi\u010di, ustanovljena najve\u010dja zbirka njegovega slikarstva. V letu 2023, v katerem obele\u017eujemo 50-letnico slikarjeve smrti in 30-letnico ustanovitve\u00a0<em>Galerije Staneta Kregarja<\/em>, je zavod izdal slikanico, za katero je besedilo prispevala Emilia Vene, ilustrirala pa jo je alumna\u00a0<em>\u0160kofijske klasi\u010dne gimnazije<\/em>\u00a0Marija Bobi\u010d.<\/p>\n<h4><strong>O avtorjih:<\/strong><\/h4>\n<p><strong>Stane Kregar<\/strong>\u00a0(1905\u20131973) je eden osrednjih slovenskih likovnih umetnikov 20. stoletja, ki je v slikarstvo na Slovenskem pionirsko uvedel ve\u010d likovnih smeri; leta 1971 je prejel\u00a0<em>Pre\u0161ernovo nagrado za \u017eivljenjsko delo<\/em>.<\/p>\n<p>Z\u00a0<em>Zavodom sv. Stanislava<\/em>\u00a0je tesno povezan, saj je bil rojen v bli\u017enjih Zapu\u017eah istega leta, kot je bil zavod ustanovljen, tu je obiskoval klasi\u010dno gimnazijo, kasneje pa postal profesor risanja; po maturi je sicer nadaljeval \u0161tudij teologije in bil leta 1929 posve\u010den v duhovnika, nato pa je \u0161tudiral slikarstvo na akademiji v Pragi (pri prof. Maxu \u0160vabinskem). Po drugi svetovni vojni je bil zavod ukinjen, zato je Kregar opustil pedago\u0161ki poklic, kot duhovnik in svobodni umetnik pa je ustvarjal vse do smrti.<\/p>\n<p><strong>Marija Bobi\u010d<\/strong>\u00a0(2000) se je po kon\u010dani osnovni \u0161oli vpisala na \u0160kofijsko klasi\u010dno gimnazijo, kjer je obiskovala tudi\u00a0<em>Likovno \u0161olo<\/em>\u00a0in s svojimi ilustracijami sodelovala v literarnem zborniku\u00a0<em>Doma\u010de vaje<\/em>. Po maturi je nadaljevala \u0161olanje na\u00a0<em>Akademiji za likovno umetnost in oblikovanje Univerze v Ljubljani<\/em>, smer Ilustracija, kjer je leta 2022 diplomirala z nazivom oblikovalke vizualnih komunikacij in za\u010dela z magistrskim \u0161tudijem na isti smeri. Njene ilustracije se nahajajo v zbirki pravljic\u00a0<em>Pravlji\u010dni vrtiljak<\/em>\u00a0(2020) Martine \u0160tunf \u0160elhaus, ilustrirala pa je tudi njeno slikanico\u00a0<em>\u010carovnica \u0160vedra me\u0161a svoj \u010darovni\u0161ki napoj<\/em> (2022). Njena umetni\u0161ka dela se pojavljajo na \u0161tudentskih razstavah in dru\u017eabnih omre\u017ejih.<\/p>\n<h4>Odlomek iz knjige:<\/h4>\n<p>Skozi barvo in svetlobo<\/p>\n<p>slikarjev duh naprej \u017eari,<\/p>\n<p>a svet ima nespolnjene obrise,<\/p>\n<p>da jih dopolni\u0161 s tem, kar ima\u0161, \u0161e ti.<\/p>\n<p>&nbsp;<\/p>\n","protected":false},"excerpt":{"rendered":"<p><strong>Leto izdaje:<\/strong>\u00a02023<br \/>\n<strong>\u0160tevilo strani:<\/strong> 40<\/p>\n","protected":false},"featured_media":71794,"comment_status":"open","ping_status":"closed","template":"","meta":[],"product_brand":[],"product_cat":[63,135],"product_tag":[],"avtor":[2676],"zalozba":[2311],"vezava":[2306],"class_list":{"0":"post-72634","1":"product","2":"type-product","3":"status-publish","4":"has-post-thumbnail","6":"product_cat-knjige","7":"product_cat-za-otroke","8":"avtor-emilia-vene","9":"zalozba-druzina","10":"vezava-trda","12":"first","13":"onbackorder","14":"taxable","15":"shipping-taxable","16":"purchasable","17":"product-type-simple"},"yoast_head":"<!-- This site is optimized with the Yoast SEO plugin v26.3 - https:\/\/yoast.com\/wordpress\/plugins\/seo\/ -->\n<title>Skozi barvo in svetlobo - trgovina Iskreni<\/title>\n<meta name=\"description\" content=\"Skozi barvo in svetlobo je avtorska slikanica z besedilom v verzih ob 50-letnici smrti akademskega slikarja in duhovnika Staneta Kregarja (1905\u20131973).\" \/>\n<meta name=\"robots\" content=\"index, follow, max-snippet:-1, max-image-preview:large, max-video-preview:-1\" \/>\n<link rel=\"canonical\" href=\"https:\/\/www.iskreni.net\/trgovina\/product\/skozi-barvo-in-svetlobo\/\" \/>\n<meta property=\"og:locale\" content=\"sl_SI\" \/>\n<meta property=\"og:type\" content=\"article\" \/>\n<meta property=\"og:title\" content=\"Skozi barvo in svetlobo\" \/>\n<meta property=\"og:description\" content=\"Skozi barvo in svetlobo je avtorska slikanica z besedilom v verzih ob 50-letnici smrti akademskega slikarja in duhovnika Staneta Kregarja (1905\u20131973).\" \/>\n<meta property=\"og:url\" content=\"https:\/\/www.iskreni.net\/trgovina\/product\/skozi-barvo-in-svetlobo\/\" \/>\n<meta property=\"og:site_name\" content=\"Zavod Iskreni\" \/>\n<meta property=\"article:modified_time\" content=\"2024-01-17T14:43:56+00:00\" \/>\n<meta property=\"og:image\" content=\"https:\/\/www.iskreni.net\/trgovina\/wp-content\/uploads\/2023\/12\/5-2.jpg\" \/>\n\t<meta property=\"og:image:width\" content=\"600\" \/>\n\t<meta property=\"og:image:height\" content=\"600\" \/>\n\t<meta property=\"og:image:type\" content=\"image\/jpeg\" \/>\n<meta name=\"twitter:card\" content=\"summary_large_image\" \/>\n<meta name=\"twitter:label1\" content=\"Est. reading time\" \/>\n\t<meta name=\"twitter:data1\" content=\"3 minute\" \/>\n<script type=\"application\/ld+json\" class=\"yoast-schema-graph\">{\"@context\":\"https:\/\/schema.org\",\"@graph\":[{\"@type\":\"WebPage\",\"@id\":\"https:\/\/www.iskreni.net\/trgovina\/product\/skozi-barvo-in-svetlobo\/\",\"url\":\"https:\/\/www.iskreni.net\/trgovina\/product\/skozi-barvo-in-svetlobo\/\",\"name\":\"Skozi barvo in svetlobo - trgovina Iskreni\",\"isPartOf\":{\"@id\":\"https:\/\/www.iskreni.net\/trgovina\/#website\"},\"primaryImageOfPage\":{\"@id\":\"https:\/\/www.iskreni.net\/trgovina\/product\/skozi-barvo-in-svetlobo\/#primaryimage\"},\"image\":{\"@id\":\"https:\/\/www.iskreni.net\/trgovina\/product\/skozi-barvo-in-svetlobo\/#primaryimage\"},\"thumbnailUrl\":\"https:\/\/www.iskreni.net\/trgovina\/wp-content\/uploads\/2023\/12\/5-2.jpg\",\"datePublished\":\"2024-01-17T14:37:36+00:00\",\"dateModified\":\"2024-01-17T14:43:56+00:00\",\"description\":\"Skozi barvo in svetlobo je avtorska slikanica z besedilom v verzih ob 50-letnici smrti akademskega slikarja in duhovnika Staneta Kregarja (1905\u20131973).\",\"breadcrumb\":{\"@id\":\"https:\/\/www.iskreni.net\/trgovina\/product\/skozi-barvo-in-svetlobo\/#breadcrumb\"},\"inLanguage\":\"sl-SI\",\"potentialAction\":[{\"@type\":\"ReadAction\",\"target\":[\"https:\/\/www.iskreni.net\/trgovina\/product\/skozi-barvo-in-svetlobo\/\"]}]},{\"@type\":\"ImageObject\",\"inLanguage\":\"sl-SI\",\"@id\":\"https:\/\/www.iskreni.net\/trgovina\/product\/skozi-barvo-in-svetlobo\/#primaryimage\",\"url\":\"https:\/\/www.iskreni.net\/trgovina\/wp-content\/uploads\/2023\/12\/5-2.jpg\",\"contentUrl\":\"https:\/\/www.iskreni.net\/trgovina\/wp-content\/uploads\/2023\/12\/5-2.jpg\",\"width\":600,\"height\":600},{\"@type\":\"BreadcrumbList\",\"@id\":\"https:\/\/www.iskreni.net\/trgovina\/product\/skozi-barvo-in-svetlobo\/#breadcrumb\",\"itemListElement\":[{\"@type\":\"ListItem\",\"position\":1,\"name\":\"Home\",\"item\":\"https:\/\/www.iskreni.net\/trgovina\/\"},{\"@type\":\"ListItem\",\"position\":2,\"name\":\"Trgovina\",\"item\":\"https:\/\/www.iskreni.net\/trgovina\/trgovina\/\"},{\"@type\":\"ListItem\",\"position\":3,\"name\":\"Skozi barvo in svetlobo\"}]},{\"@type\":\"WebSite\",\"@id\":\"https:\/\/www.iskreni.net\/trgovina\/#website\",\"url\":\"https:\/\/www.iskreni.net\/trgovina\/\",\"name\":\"Zavod Iskreni\",\"description\":\"trgovina\",\"potentialAction\":[{\"@type\":\"SearchAction\",\"target\":{\"@type\":\"EntryPoint\",\"urlTemplate\":\"https:\/\/www.iskreni.net\/trgovina\/?s={search_term_string}\"},\"query-input\":{\"@type\":\"PropertyValueSpecification\",\"valueRequired\":true,\"valueName\":\"search_term_string\"}}],\"inLanguage\":\"sl-SI\"}]}<\/script>\n<!-- \/ Yoast SEO plugin. -->","yoast_head_json":{"title":"Skozi barvo in svetlobo - trgovina Iskreni","description":"Skozi barvo in svetlobo je avtorska slikanica z besedilom v verzih ob 50-letnici smrti akademskega slikarja in duhovnika Staneta Kregarja (1905\u20131973).","robots":{"index":"index","follow":"follow","max-snippet":"max-snippet:-1","max-image-preview":"max-image-preview:large","max-video-preview":"max-video-preview:-1"},"canonical":"https:\/\/www.iskreni.net\/trgovina\/product\/skozi-barvo-in-svetlobo\/","og_locale":"sl_SI","og_type":"article","og_title":"Skozi barvo in svetlobo","og_description":"Skozi barvo in svetlobo je avtorska slikanica z besedilom v verzih ob 50-letnici smrti akademskega slikarja in duhovnika Staneta Kregarja (1905\u20131973).","og_url":"https:\/\/www.iskreni.net\/trgovina\/product\/skozi-barvo-in-svetlobo\/","og_site_name":"Zavod Iskreni","article_modified_time":"2024-01-17T14:43:56+00:00","og_image":[{"width":600,"height":600,"url":"https:\/\/www.iskreni.net\/trgovina\/wp-content\/uploads\/2023\/12\/5-2.jpg","type":"image\/jpeg"}],"twitter_card":"summary_large_image","twitter_misc":{"Est. reading time":"3 minute"},"schema":{"@context":"https:\/\/schema.org","@graph":[{"@type":"WebPage","@id":"https:\/\/www.iskreni.net\/trgovina\/product\/skozi-barvo-in-svetlobo\/","url":"https:\/\/www.iskreni.net\/trgovina\/product\/skozi-barvo-in-svetlobo\/","name":"Skozi barvo in svetlobo - trgovina Iskreni","isPartOf":{"@id":"https:\/\/www.iskreni.net\/trgovina\/#website"},"primaryImageOfPage":{"@id":"https:\/\/www.iskreni.net\/trgovina\/product\/skozi-barvo-in-svetlobo\/#primaryimage"},"image":{"@id":"https:\/\/www.iskreni.net\/trgovina\/product\/skozi-barvo-in-svetlobo\/#primaryimage"},"thumbnailUrl":"https:\/\/www.iskreni.net\/trgovina\/wp-content\/uploads\/2023\/12\/5-2.jpg","datePublished":"2024-01-17T14:37:36+00:00","dateModified":"2024-01-17T14:43:56+00:00","description":"Skozi barvo in svetlobo je avtorska slikanica z besedilom v verzih ob 50-letnici smrti akademskega slikarja in duhovnika Staneta Kregarja (1905\u20131973).","breadcrumb":{"@id":"https:\/\/www.iskreni.net\/trgovina\/product\/skozi-barvo-in-svetlobo\/#breadcrumb"},"inLanguage":"sl-SI","potentialAction":[{"@type":"ReadAction","target":["https:\/\/www.iskreni.net\/trgovina\/product\/skozi-barvo-in-svetlobo\/"]}]},{"@type":"ImageObject","inLanguage":"sl-SI","@id":"https:\/\/www.iskreni.net\/trgovina\/product\/skozi-barvo-in-svetlobo\/#primaryimage","url":"https:\/\/www.iskreni.net\/trgovina\/wp-content\/uploads\/2023\/12\/5-2.jpg","contentUrl":"https:\/\/www.iskreni.net\/trgovina\/wp-content\/uploads\/2023\/12\/5-2.jpg","width":600,"height":600},{"@type":"BreadcrumbList","@id":"https:\/\/www.iskreni.net\/trgovina\/product\/skozi-barvo-in-svetlobo\/#breadcrumb","itemListElement":[{"@type":"ListItem","position":1,"name":"Home","item":"https:\/\/www.iskreni.net\/trgovina\/"},{"@type":"ListItem","position":2,"name":"Trgovina","item":"https:\/\/www.iskreni.net\/trgovina\/trgovina\/"},{"@type":"ListItem","position":3,"name":"Skozi barvo in svetlobo"}]},{"@type":"WebSite","@id":"https:\/\/www.iskreni.net\/trgovina\/#website","url":"https:\/\/www.iskreni.net\/trgovina\/","name":"Zavod Iskreni","description":"trgovina","potentialAction":[{"@type":"SearchAction","target":{"@type":"EntryPoint","urlTemplate":"https:\/\/www.iskreni.net\/trgovina\/?s={search_term_string}"},"query-input":{"@type":"PropertyValueSpecification","valueRequired":true,"valueName":"search_term_string"}}],"inLanguage":"sl-SI"}]}},"_links":{"self":[{"href":"https:\/\/www.iskreni.net\/trgovina\/wp-json\/wp\/v2\/product\/72634","targetHints":{"allow":["GET"]}}],"collection":[{"href":"https:\/\/www.iskreni.net\/trgovina\/wp-json\/wp\/v2\/product"}],"about":[{"href":"https:\/\/www.iskreni.net\/trgovina\/wp-json\/wp\/v2\/types\/product"}],"replies":[{"embeddable":true,"href":"https:\/\/www.iskreni.net\/trgovina\/wp-json\/wp\/v2\/comments?post=72634"}],"version-history":[{"count":2,"href":"https:\/\/www.iskreni.net\/trgovina\/wp-json\/wp\/v2\/product\/72634\/revisions"}],"predecessor-version":[{"id":72636,"href":"https:\/\/www.iskreni.net\/trgovina\/wp-json\/wp\/v2\/product\/72634\/revisions\/72636"}],"wp:featuredmedia":[{"embeddable":true,"href":"https:\/\/www.iskreni.net\/trgovina\/wp-json\/wp\/v2\/media\/71794"}],"wp:attachment":[{"href":"https:\/\/www.iskreni.net\/trgovina\/wp-json\/wp\/v2\/media?parent=72634"}],"wp:term":[{"taxonomy":"product_brand","embeddable":true,"href":"https:\/\/www.iskreni.net\/trgovina\/wp-json\/wp\/v2\/product_brand?post=72634"},{"taxonomy":"product_cat","embeddable":true,"href":"https:\/\/www.iskreni.net\/trgovina\/wp-json\/wp\/v2\/product_cat?post=72634"},{"taxonomy":"product_tag","embeddable":true,"href":"https:\/\/www.iskreni.net\/trgovina\/wp-json\/wp\/v2\/product_tag?post=72634"},{"taxonomy":"avtor","embeddable":true,"href":"https:\/\/www.iskreni.net\/trgovina\/wp-json\/wp\/v2\/avtor?post=72634"},{"taxonomy":"zalozba","embeddable":true,"href":"https:\/\/www.iskreni.net\/trgovina\/wp-json\/wp\/v2\/zalozba?post=72634"},{"taxonomy":"vezava","embeddable":true,"href":"https:\/\/www.iskreni.net\/trgovina\/wp-json\/wp\/v2\/vezava?post=72634"}],"curies":[{"name":"wp","href":"https:\/\/api.w.org\/{rel}","templated":true}]}}