{"id":72619,"date":"2024-01-17T14:59:15","date_gmt":"2024-01-17T13:59:15","guid":{"rendered":"https:\/\/www.iskreni.net\/trgovina\/?post_type=product&#038;p=72619"},"modified":"2024-01-17T15:03:39","modified_gmt":"2024-01-17T14:03:39","slug":"povsod-boga","status":"publish","type":"product","link":"https:\/\/www.iskreni.net\/trgovina\/product\/povsod-boga\/","title":{"rendered":"Povsod Boga"},"content":{"rendered":"<h4>O knjigi Povsod Boga:<\/h4>\n<p>Strletov u\u010denec in naslednik na stolici za dogmatiko na Teolo\u0161ki fakulteti UL dr. Anton \u0160trukelj je pripravil najbolj iz\u010drpno biografijo s pregledom dela in zapu\u0161\u010dine Bo\u017ejega slu\u017eabnika Antona Strleta doslej.<\/p>\n<p>Besedilo spremljajo uvodna beseda zgodovinarja mag. Bla\u017ea Otrina, molitev za beatifikacijo ter kratek zapis pape\u017ea Benedikta XVI., kjer med drugim pi\u0161e: \u00bbPrav v sedanjem polo\u017eaju, ko teologija v\u010dasih bolj vodi pro\u010d od vere kakor k veri, je posebno pomembno, da celotnemu kr\u0161\u010danstvu prika\u017eemo odli\u010dne osebnosti teologov, v katerih je izpolnjeno dejansko bistvo teologije.\u00ab<\/p>\n<p>&nbsp;<\/p>\n","protected":false},"excerpt":{"rendered":"<p><strong>Leto izdaje:<\/strong> 2023<br \/>\n<strong>\u0160tevilo strani:<\/strong> 440<br \/>\n<strong>Mere:<\/strong> 155 x 230 mm<\/p>\n","protected":false},"featured_media":71790,"comment_status":"open","ping_status":"closed","template":"","meta":[],"product_brand":[],"product_cat":[2324,63],"product_tag":[1619],"avtor":[2672],"zalozba":[2311],"vezava":[2306],"class_list":{"0":"post-72619","1":"product","2":"type-product","3":"status-publish","4":"has-post-thumbnail","6":"product_cat-duhovnost-in-osebna-rast","7":"product_cat-knjige","8":"product_tag-svetniki","9":"avtor-anton-strukelj","10":"zalozba-druzina","11":"vezava-trda","13":"first","14":"onbackorder","15":"taxable","16":"shipping-taxable","17":"purchasable","18":"product-type-simple"},"yoast_head":"<!-- This site is optimized with the Yoast SEO plugin v26.3 - https:\/\/yoast.com\/wordpress\/plugins\/seo\/ -->\n<title>Povsod Boga - trgovina Iskreni<\/title>\n<meta name=\"description\" content=\"Povsod Boga je iz\u010drpna biografija Bo\u017ejega slu\u017eabnika dr. Antona Strleta s pregledom njegovega znanstvenega dela ter pregledno bibliografijo.\" \/>\n<meta name=\"robots\" content=\"index, follow, max-snippet:-1, max-image-preview:large, max-video-preview:-1\" \/>\n<link rel=\"canonical\" href=\"https:\/\/www.iskreni.net\/trgovina\/product\/povsod-boga\/\" \/>\n<meta property=\"og:locale\" content=\"sl_SI\" \/>\n<meta property=\"og:type\" content=\"article\" \/>\n<meta property=\"og:title\" content=\"Povsod Boga\" \/>\n<meta property=\"og:description\" content=\"Povsod Boga je iz\u010drpna biografija Bo\u017ejega slu\u017eabnika dr. Antona Strleta s pregledom njegovega znanstvenega dela ter pregledno bibliografijo.\" \/>\n<meta property=\"og:url\" content=\"https:\/\/www.iskreni.net\/trgovina\/product\/povsod-boga\/\" \/>\n<meta property=\"og:site_name\" content=\"Zavod Iskreni\" \/>\n<meta property=\"article:modified_time\" content=\"2024-01-17T14:03:39+00:00\" \/>\n<meta property=\"og:image\" content=\"https:\/\/www.iskreni.net\/trgovina\/wp-content\/uploads\/2023\/12\/1-1.jpg\" \/>\n\t<meta property=\"og:image:width\" content=\"600\" \/>\n\t<meta property=\"og:image:height\" content=\"600\" \/>\n\t<meta property=\"og:image:type\" content=\"image\/jpeg\" \/>\n<meta name=\"twitter:card\" content=\"summary_large_image\" \/>\n<meta name=\"twitter:label1\" content=\"Est. reading time\" \/>\n\t<meta name=\"twitter:data1\" content=\"1 minuta\" \/>\n<script type=\"application\/ld+json\" class=\"yoast-schema-graph\">{\"@context\":\"https:\/\/schema.org\",\"@graph\":[{\"@type\":\"WebPage\",\"@id\":\"https:\/\/www.iskreni.net\/trgovina\/product\/povsod-boga\/\",\"url\":\"https:\/\/www.iskreni.net\/trgovina\/product\/povsod-boga\/\",\"name\":\"Povsod Boga - trgovina Iskreni\",\"isPartOf\":{\"@id\":\"https:\/\/www.iskreni.net\/trgovina\/#website\"},\"primaryImageOfPage\":{\"@id\":\"https:\/\/www.iskreni.net\/trgovina\/product\/povsod-boga\/#primaryimage\"},\"image\":{\"@id\":\"https:\/\/www.iskreni.net\/trgovina\/product\/povsod-boga\/#primaryimage\"},\"thumbnailUrl\":\"https:\/\/www.iskreni.net\/trgovina\/wp-content\/uploads\/2023\/12\/1-1.jpg\",\"datePublished\":\"2024-01-17T13:59:15+00:00\",\"dateModified\":\"2024-01-17T14:03:39+00:00\",\"description\":\"Povsod Boga je iz\u010drpna biografija Bo\u017ejega slu\u017eabnika dr. Antona Strleta s pregledom njegovega znanstvenega dela ter pregledno bibliografijo.\",\"breadcrumb\":{\"@id\":\"https:\/\/www.iskreni.net\/trgovina\/product\/povsod-boga\/#breadcrumb\"},\"inLanguage\":\"sl-SI\",\"potentialAction\":[{\"@type\":\"ReadAction\",\"target\":[\"https:\/\/www.iskreni.net\/trgovina\/product\/povsod-boga\/\"]}]},{\"@type\":\"ImageObject\",\"inLanguage\":\"sl-SI\",\"@id\":\"https:\/\/www.iskreni.net\/trgovina\/product\/povsod-boga\/#primaryimage\",\"url\":\"https:\/\/www.iskreni.net\/trgovina\/wp-content\/uploads\/2023\/12\/1-1.jpg\",\"contentUrl\":\"https:\/\/www.iskreni.net\/trgovina\/wp-content\/uploads\/2023\/12\/1-1.jpg\",\"width\":600,\"height\":600},{\"@type\":\"BreadcrumbList\",\"@id\":\"https:\/\/www.iskreni.net\/trgovina\/product\/povsod-boga\/#breadcrumb\",\"itemListElement\":[{\"@type\":\"ListItem\",\"position\":1,\"name\":\"Home\",\"item\":\"https:\/\/www.iskreni.net\/trgovina\/\"},{\"@type\":\"ListItem\",\"position\":2,\"name\":\"Trgovina\",\"item\":\"https:\/\/www.iskreni.net\/trgovina\/trgovina\/\"},{\"@type\":\"ListItem\",\"position\":3,\"name\":\"Povsod Boga\"}]},{\"@type\":\"WebSite\",\"@id\":\"https:\/\/www.iskreni.net\/trgovina\/#website\",\"url\":\"https:\/\/www.iskreni.net\/trgovina\/\",\"name\":\"Zavod Iskreni\",\"description\":\"trgovina\",\"potentialAction\":[{\"@type\":\"SearchAction\",\"target\":{\"@type\":\"EntryPoint\",\"urlTemplate\":\"https:\/\/www.iskreni.net\/trgovina\/?s={search_term_string}\"},\"query-input\":{\"@type\":\"PropertyValueSpecification\",\"valueRequired\":true,\"valueName\":\"search_term_string\"}}],\"inLanguage\":\"sl-SI\"}]}<\/script>\n<!-- \/ Yoast SEO plugin. -->","yoast_head_json":{"title":"Povsod Boga - trgovina Iskreni","description":"Povsod Boga je iz\u010drpna biografija Bo\u017ejega slu\u017eabnika dr. Antona Strleta s pregledom njegovega znanstvenega dela ter pregledno bibliografijo.","robots":{"index":"index","follow":"follow","max-snippet":"max-snippet:-1","max-image-preview":"max-image-preview:large","max-video-preview":"max-video-preview:-1"},"canonical":"https:\/\/www.iskreni.net\/trgovina\/product\/povsod-boga\/","og_locale":"sl_SI","og_type":"article","og_title":"Povsod Boga","og_description":"Povsod Boga je iz\u010drpna biografija Bo\u017ejega slu\u017eabnika dr. Antona Strleta s pregledom njegovega znanstvenega dela ter pregledno bibliografijo.","og_url":"https:\/\/www.iskreni.net\/trgovina\/product\/povsod-boga\/","og_site_name":"Zavod Iskreni","article_modified_time":"2024-01-17T14:03:39+00:00","og_image":[{"width":600,"height":600,"url":"https:\/\/www.iskreni.net\/trgovina\/wp-content\/uploads\/2023\/12\/1-1.jpg","type":"image\/jpeg"}],"twitter_card":"summary_large_image","twitter_misc":{"Est. reading time":"1 minuta"},"schema":{"@context":"https:\/\/schema.org","@graph":[{"@type":"WebPage","@id":"https:\/\/www.iskreni.net\/trgovina\/product\/povsod-boga\/","url":"https:\/\/www.iskreni.net\/trgovina\/product\/povsod-boga\/","name":"Povsod Boga - trgovina Iskreni","isPartOf":{"@id":"https:\/\/www.iskreni.net\/trgovina\/#website"},"primaryImageOfPage":{"@id":"https:\/\/www.iskreni.net\/trgovina\/product\/povsod-boga\/#primaryimage"},"image":{"@id":"https:\/\/www.iskreni.net\/trgovina\/product\/povsod-boga\/#primaryimage"},"thumbnailUrl":"https:\/\/www.iskreni.net\/trgovina\/wp-content\/uploads\/2023\/12\/1-1.jpg","datePublished":"2024-01-17T13:59:15+00:00","dateModified":"2024-01-17T14:03:39+00:00","description":"Povsod Boga je iz\u010drpna biografija Bo\u017ejega slu\u017eabnika dr. Antona Strleta s pregledom njegovega znanstvenega dela ter pregledno bibliografijo.","breadcrumb":{"@id":"https:\/\/www.iskreni.net\/trgovina\/product\/povsod-boga\/#breadcrumb"},"inLanguage":"sl-SI","potentialAction":[{"@type":"ReadAction","target":["https:\/\/www.iskreni.net\/trgovina\/product\/povsod-boga\/"]}]},{"@type":"ImageObject","inLanguage":"sl-SI","@id":"https:\/\/www.iskreni.net\/trgovina\/product\/povsod-boga\/#primaryimage","url":"https:\/\/www.iskreni.net\/trgovina\/wp-content\/uploads\/2023\/12\/1-1.jpg","contentUrl":"https:\/\/www.iskreni.net\/trgovina\/wp-content\/uploads\/2023\/12\/1-1.jpg","width":600,"height":600},{"@type":"BreadcrumbList","@id":"https:\/\/www.iskreni.net\/trgovina\/product\/povsod-boga\/#breadcrumb","itemListElement":[{"@type":"ListItem","position":1,"name":"Home","item":"https:\/\/www.iskreni.net\/trgovina\/"},{"@type":"ListItem","position":2,"name":"Trgovina","item":"https:\/\/www.iskreni.net\/trgovina\/trgovina\/"},{"@type":"ListItem","position":3,"name":"Povsod Boga"}]},{"@type":"WebSite","@id":"https:\/\/www.iskreni.net\/trgovina\/#website","url":"https:\/\/www.iskreni.net\/trgovina\/","name":"Zavod Iskreni","description":"trgovina","potentialAction":[{"@type":"SearchAction","target":{"@type":"EntryPoint","urlTemplate":"https:\/\/www.iskreni.net\/trgovina\/?s={search_term_string}"},"query-input":{"@type":"PropertyValueSpecification","valueRequired":true,"valueName":"search_term_string"}}],"inLanguage":"sl-SI"}]}},"_links":{"self":[{"href":"https:\/\/www.iskreni.net\/trgovina\/wp-json\/wp\/v2\/product\/72619","targetHints":{"allow":["GET"]}}],"collection":[{"href":"https:\/\/www.iskreni.net\/trgovina\/wp-json\/wp\/v2\/product"}],"about":[{"href":"https:\/\/www.iskreni.net\/trgovina\/wp-json\/wp\/v2\/types\/product"}],"replies":[{"embeddable":true,"href":"https:\/\/www.iskreni.net\/trgovina\/wp-json\/wp\/v2\/comments?post=72619"}],"version-history":[{"count":2,"href":"https:\/\/www.iskreni.net\/trgovina\/wp-json\/wp\/v2\/product\/72619\/revisions"}],"predecessor-version":[{"id":72621,"href":"https:\/\/www.iskreni.net\/trgovina\/wp-json\/wp\/v2\/product\/72619\/revisions\/72621"}],"wp:featuredmedia":[{"embeddable":true,"href":"https:\/\/www.iskreni.net\/trgovina\/wp-json\/wp\/v2\/media\/71790"}],"wp:attachment":[{"href":"https:\/\/www.iskreni.net\/trgovina\/wp-json\/wp\/v2\/media?parent=72619"}],"wp:term":[{"taxonomy":"product_brand","embeddable":true,"href":"https:\/\/www.iskreni.net\/trgovina\/wp-json\/wp\/v2\/product_brand?post=72619"},{"taxonomy":"product_cat","embeddable":true,"href":"https:\/\/www.iskreni.net\/trgovina\/wp-json\/wp\/v2\/product_cat?post=72619"},{"taxonomy":"product_tag","embeddable":true,"href":"https:\/\/www.iskreni.net\/trgovina\/wp-json\/wp\/v2\/product_tag?post=72619"},{"taxonomy":"avtor","embeddable":true,"href":"https:\/\/www.iskreni.net\/trgovina\/wp-json\/wp\/v2\/avtor?post=72619"},{"taxonomy":"zalozba","embeddable":true,"href":"https:\/\/www.iskreni.net\/trgovina\/wp-json\/wp\/v2\/zalozba?post=72619"},{"taxonomy":"vezava","embeddable":true,"href":"https:\/\/www.iskreni.net\/trgovina\/wp-json\/wp\/v2\/vezava?post=72619"}],"curies":[{"name":"wp","href":"https:\/\/api.w.org\/{rel}","templated":true}]}}