{"id":72606,"date":"2024-01-17T13:19:00","date_gmt":"2024-01-17T12:19:00","guid":{"rendered":"https:\/\/www.iskreni.net\/trgovina\/?post_type=product&#038;p=72606"},"modified":"2024-08-09T09:22:59","modified_gmt":"2024-08-09T07:22:59","slug":"eksistencialno-potovanje-viktor-frankl-in-lev-tolstoj-o-trpljenju-smrti-in-iskanju-smisla","status":"publish","type":"product","link":"https:\/\/www.iskreni.net\/trgovina\/product\/eksistencialno-potovanje-viktor-frankl-in-lev-tolstoj-o-trpljenju-smrti-in-iskanju-smisla\/","title":{"rendered":"Eksistencialno potovanje: Viktor Frankl in Lev Tolstoj o trpljenju, smrti in iskanju smisla"},"content":{"rendered":"<h4>O knjigi Eksistencialno potovanje:<\/h4>\n<p><strong>Na koncu smo to, kar sami izberemo<\/strong><\/p>\n<p><em>Ivan Ilji\u010d je v svojem \u017eivljenju naredil vse prav. Sledil je pisanim in nepisanim pravilom. Zlezel je na pediestal dru\u017ebene pomembnosti, se poro\u010dil, dobil otroke, poskrbel, da je bilo pohi\u0161tvo v novem stanovanju usklajeno s draperijami \u2026 Ob soo\u010denju z minljivostjo pa se naenkrat znajde na robu neskon\u010dnega \u010drnega brezna brez vsakr\u0161nega smisla ali kakr\u0161ne koli tola\u017ebe. V \u010dem je torej sploh smisel \u017eivljenja?<\/em><\/p>\n<p>Ve\u010dna eksistencialna vpra\u0161anja nas zadenejo prej ali slej, pa naj se v bli\u0161\u010du in hrupu sodobnega potro\u0161ni\u0161tva ta notranji glas \u0161e tako trudimo uti\u0161ati. Kdo sem? Kam grem? Kak\u0161en smisel ima moje \u017eivljenje? Dunajski psihiater Viktor Frankl in ruski literarni klasik Lev Tolstoj sta tem razmislekom posvetila vse \u017eivljenje. Micah R. Sadigh o njunih spoznanjih pi\u0161e v razumljivem jeziku, zahtevne filozofske principe pa sleherniku pribli\u017ea skozi \u010dlovekove osebne stiske in dileme.<\/p>\n<p>S Franklovo logoterapevtsko mislijo in Tolstojevim \u010dutom za najgloblje v \u010dloveku nagovori vpra\u0161anja trpljenja, smrti in \u017eivljenjskega smisla. Do\u017eivimo jih skozi sodnika iz ene Tolstojevih najbolj\u0161ih novel vseh \u010dasov\u00a0<em>Smrt Ivana Ilji\u010da<\/em>. Knjiga bralcu odstira eksistencialna obzorja ter jih opremlja s trdnimi oprimki, upanjem in svetlobo.<\/p>\n<p>&nbsp;<\/p>\n<h4>Iz knjige:<\/h4>\n<p>V dru\u017ebi, ki jo \u017eene \u00bb\u010dredna miselnost\u00ab, je vsak zamenljiv; ena mravlja navsezadnje ni ni\u010d druga\u010dna od druge mravlje, torej je zamenljiva. V svetu, kjer ljudi resni\u010dno dojemamo kot posameznike z vsem, kar njihova posameznost pomeni, pa so vsi nenadomestljivi. Lahko sicer zaposlimo drugega \u010dloveka s podobno izobrazbo ali podobnimi delovnimi izku\u0161njami, vendar ta nikoli ne bo mogel prej\u0161njega nadomestiti v polnem pomenu besede. Nenadomestljivi smo, pa \u010deprav nam dana\u0161nji zbirokratizirani svet morda dopoveduje nasprotno. Vendar nam zato sveta okrog nas \u0161e ni treba obsojati, ni se nam treba po vsej sili boriti proti sistemu, ki v ljudeh gleda zgolj identifikacijske \u0161tevilke, \u010dine, range, etikete ipd. Tak\u0161no ob\u010dutenje velikokrat odzvanja v besedah Frankla, ki so mu identifikacijsko \u0161tevilko dobesedno vtetovirali v letih internacije v koncentracijskih tabori\u0161\u010dih. Njegove besede pa niso zgolj abstraktno pametovanje; prihajajo iz srca in uma \u010dloveka, ki v ljudeh ni videl etiket in rangov, ampak enkratne posameznike. Podobno je pisal tudi Tolstoj, prizadeval si je za \u010dlove\u0161tvo, znotraj katerega bi bil vsak posameznik nenadomestljiv, enkraten in svet \u2013 kjer bi bil vsak posameznik zmo\u017een prese\u010di samega sebe, kar je predpogoj za izra\u017eanje prave ljubezni in so\u010dutja.<br \/>\nNa koncu smo spet pred neizogibnim, ve\u010dnim eksistencialnim vpra\u0161anjem: kdo sem? Sem bitje, vr\u017eeno v svet, na kar nisem mogel sam z ni\u010dimer vplivati. Sem ime, sem svoje dru\u017einsko poreklo, sem kultura, v kateri sem odra\u0161\u010dal, sem cel seznam nazivov in oznak, ki sem jih pridobil v razli\u010dnih fazah \u017eivljenja, pa vendar ni\u010d od tega zares ne opredeljuje tega, kdo sem. Kdo torej sem? Sem to, kar izberem, to, za kar se zavestno odlo\u010dim in kar raste iz svobode, ki prebiva v meni in od mene terja, da naj za te izbire odgovarjam. Sem \u010dlovek z zmo\u017enostjo, da vsak trenutek samega sebe definiram. Zmo\u017een sem \u017eiveti bodisi tako, da stre\u017eem sam sebi, ali pa tako, da s svojim \u017eivljenjem slu\u017eim drugim, slu\u017eim ne\u010demu ve\u010djemu od sebe. Sem \u00bbsvoboden kipar svojega lastnega bitja\u00ab, lahko se odlo\u010dim \u017eiveti za vi\u0161je vrednote, ali pa se spustim na raven \u00bbni\u017ejega, brezumnega bitja\u00ab.<br \/>\n(Str. 238)<\/p>\n<h5><\/h5>\n","protected":false},"excerpt":{"rendered":"<p><strong>Avtor prevoda:<\/strong> Rudi Meden<br \/>\n<strong>\u0160tevilo strani:<\/strong> 252<br \/>\n<strong>Leto izdaje:<\/strong> 2023<br \/>\n<strong>Format:<\/strong> 135 x 210 mm<\/p>\n","protected":false},"featured_media":71798,"comment_status":"open","ping_status":"closed","template":"","meta":[],"product_brand":[],"product_cat":[2326,2324,63],"product_tag":[],"avtor":[2674],"zalozba":[2337],"vezava":[2307],"class_list":{"0":"post-72606","1":"product","2":"type-product","3":"status-publish","4":"has-post-thumbnail","6":"product_cat-druzbena-vprasanja-in-humanistika","7":"product_cat-duhovnost-in-osebna-rast","8":"product_cat-knjige","9":"avtor-micah-r-sadigh","10":"zalozba-celjska-mohorjeva-druzba","11":"vezava-mehka","13":"first","14":"instock","15":"taxable","16":"shipping-taxable","17":"purchasable","18":"product-type-simple"},"yoast_head":"<!-- This site is optimized with the Yoast SEO plugin v26.3 - https:\/\/yoast.com\/wordpress\/plugins\/seo\/ -->\n<title>Eksistencialno potovanje - trgovina Iskreni<\/title>\n<meta name=\"description\" content=\"Eksistencialno potovanje s Franklovo logoterapevtsko mislijo in Tolstojevim \u010dutom za najgloblje v \u010dloveku nagovori vpra\u0161anja trpljenja, smrti in \u017eivljenjskega smisla.\" \/>\n<meta name=\"robots\" content=\"index, follow, max-snippet:-1, max-image-preview:large, max-video-preview:-1\" \/>\n<link rel=\"canonical\" href=\"https:\/\/www.iskreni.net\/trgovina\/product\/eksistencialno-potovanje-viktor-frankl-in-lev-tolstoj-o-trpljenju-smrti-in-iskanju-smisla\/\" \/>\n<meta property=\"og:locale\" content=\"sl_SI\" \/>\n<meta property=\"og:type\" content=\"article\" \/>\n<meta property=\"og:title\" content=\"Eksistencialno potovanje\" \/>\n<meta property=\"og:description\" content=\"Eksistencialno potovanje s Franklovo logoterapevtsko mislijo in Tolstojevim \u010dutom za najgloblje v \u010dloveku nagovori vpra\u0161anja trpljenja, smrti in \u017eivljenjskega smisla.\" \/>\n<meta property=\"og:url\" content=\"https:\/\/www.iskreni.net\/trgovina\/product\/eksistencialno-potovanje-viktor-frankl-in-lev-tolstoj-o-trpljenju-smrti-in-iskanju-smisla\/\" \/>\n<meta property=\"og:site_name\" content=\"Zavod Iskreni\" \/>\n<meta property=\"article:modified_time\" content=\"2024-08-09T07:22:59+00:00\" \/>\n<meta property=\"og:image\" content=\"https:\/\/www.iskreni.net\/trgovina\/wp-content\/uploads\/2023\/12\/1-2.jpg\" \/>\n\t<meta property=\"og:image:width\" content=\"600\" \/>\n\t<meta property=\"og:image:height\" content=\"600\" \/>\n\t<meta property=\"og:image:type\" content=\"image\/jpeg\" \/>\n<meta name=\"twitter:card\" content=\"summary_large_image\" \/>\n<meta name=\"twitter:label1\" content=\"Est. reading time\" \/>\n\t<meta name=\"twitter:data1\" content=\"3 minute\" \/>\n<script type=\"application\/ld+json\" class=\"yoast-schema-graph\">{\"@context\":\"https:\/\/schema.org\",\"@graph\":[{\"@type\":\"WebPage\",\"@id\":\"https:\/\/www.iskreni.net\/trgovina\/product\/eksistencialno-potovanje-viktor-frankl-in-lev-tolstoj-o-trpljenju-smrti-in-iskanju-smisla\/\",\"url\":\"https:\/\/www.iskreni.net\/trgovina\/product\/eksistencialno-potovanje-viktor-frankl-in-lev-tolstoj-o-trpljenju-smrti-in-iskanju-smisla\/\",\"name\":\"Eksistencialno potovanje - trgovina Iskreni\",\"isPartOf\":{\"@id\":\"https:\/\/www.iskreni.net\/trgovina\/#website\"},\"primaryImageOfPage\":{\"@id\":\"https:\/\/www.iskreni.net\/trgovina\/product\/eksistencialno-potovanje-viktor-frankl-in-lev-tolstoj-o-trpljenju-smrti-in-iskanju-smisla\/#primaryimage\"},\"image\":{\"@id\":\"https:\/\/www.iskreni.net\/trgovina\/product\/eksistencialno-potovanje-viktor-frankl-in-lev-tolstoj-o-trpljenju-smrti-in-iskanju-smisla\/#primaryimage\"},\"thumbnailUrl\":\"https:\/\/www.iskreni.net\/trgovina\/wp-content\/uploads\/2023\/12\/1-2.jpg\",\"datePublished\":\"2024-01-17T12:19:00+00:00\",\"dateModified\":\"2024-08-09T07:22:59+00:00\",\"description\":\"Eksistencialno potovanje s Franklovo logoterapevtsko mislijo in Tolstojevim \u010dutom za najgloblje v \u010dloveku nagovori vpra\u0161anja trpljenja, smrti in \u017eivljenjskega smisla.\",\"breadcrumb\":{\"@id\":\"https:\/\/www.iskreni.net\/trgovina\/product\/eksistencialno-potovanje-viktor-frankl-in-lev-tolstoj-o-trpljenju-smrti-in-iskanju-smisla\/#breadcrumb\"},\"inLanguage\":\"sl-SI\",\"potentialAction\":[{\"@type\":\"ReadAction\",\"target\":[\"https:\/\/www.iskreni.net\/trgovina\/product\/eksistencialno-potovanje-viktor-frankl-in-lev-tolstoj-o-trpljenju-smrti-in-iskanju-smisla\/\"]}]},{\"@type\":\"ImageObject\",\"inLanguage\":\"sl-SI\",\"@id\":\"https:\/\/www.iskreni.net\/trgovina\/product\/eksistencialno-potovanje-viktor-frankl-in-lev-tolstoj-o-trpljenju-smrti-in-iskanju-smisla\/#primaryimage\",\"url\":\"https:\/\/www.iskreni.net\/trgovina\/wp-content\/uploads\/2023\/12\/1-2.jpg\",\"contentUrl\":\"https:\/\/www.iskreni.net\/trgovina\/wp-content\/uploads\/2023\/12\/1-2.jpg\",\"width\":600,\"height\":600},{\"@type\":\"BreadcrumbList\",\"@id\":\"https:\/\/www.iskreni.net\/trgovina\/product\/eksistencialno-potovanje-viktor-frankl-in-lev-tolstoj-o-trpljenju-smrti-in-iskanju-smisla\/#breadcrumb\",\"itemListElement\":[{\"@type\":\"ListItem\",\"position\":1,\"name\":\"Home\",\"item\":\"https:\/\/www.iskreni.net\/trgovina\/\"},{\"@type\":\"ListItem\",\"position\":2,\"name\":\"Trgovina\",\"item\":\"https:\/\/www.iskreni.net\/trgovina\/trgovina\/\"},{\"@type\":\"ListItem\",\"position\":3,\"name\":\"Eksistencialno potovanje: Viktor Frankl in Lev Tolstoj o trpljenju, smrti in iskanju smisla\"}]},{\"@type\":\"WebSite\",\"@id\":\"https:\/\/www.iskreni.net\/trgovina\/#website\",\"url\":\"https:\/\/www.iskreni.net\/trgovina\/\",\"name\":\"Zavod Iskreni\",\"description\":\"trgovina\",\"potentialAction\":[{\"@type\":\"SearchAction\",\"target\":{\"@type\":\"EntryPoint\",\"urlTemplate\":\"https:\/\/www.iskreni.net\/trgovina\/?s={search_term_string}\"},\"query-input\":{\"@type\":\"PropertyValueSpecification\",\"valueRequired\":true,\"valueName\":\"search_term_string\"}}],\"inLanguage\":\"sl-SI\"}]}<\/script>\n<!-- \/ Yoast SEO plugin. -->","yoast_head_json":{"title":"Eksistencialno potovanje - trgovina Iskreni","description":"Eksistencialno potovanje s Franklovo logoterapevtsko mislijo in Tolstojevim \u010dutom za najgloblje v \u010dloveku nagovori vpra\u0161anja trpljenja, smrti in \u017eivljenjskega smisla.","robots":{"index":"index","follow":"follow","max-snippet":"max-snippet:-1","max-image-preview":"max-image-preview:large","max-video-preview":"max-video-preview:-1"},"canonical":"https:\/\/www.iskreni.net\/trgovina\/product\/eksistencialno-potovanje-viktor-frankl-in-lev-tolstoj-o-trpljenju-smrti-in-iskanju-smisla\/","og_locale":"sl_SI","og_type":"article","og_title":"Eksistencialno potovanje","og_description":"Eksistencialno potovanje s Franklovo logoterapevtsko mislijo in Tolstojevim \u010dutom za najgloblje v \u010dloveku nagovori vpra\u0161anja trpljenja, smrti in \u017eivljenjskega smisla.","og_url":"https:\/\/www.iskreni.net\/trgovina\/product\/eksistencialno-potovanje-viktor-frankl-in-lev-tolstoj-o-trpljenju-smrti-in-iskanju-smisla\/","og_site_name":"Zavod Iskreni","article_modified_time":"2024-08-09T07:22:59+00:00","og_image":[{"width":600,"height":600,"url":"https:\/\/www.iskreni.net\/trgovina\/wp-content\/uploads\/2023\/12\/1-2.jpg","type":"image\/jpeg"}],"twitter_card":"summary_large_image","twitter_misc":{"Est. reading time":"3 minute"},"schema":{"@context":"https:\/\/schema.org","@graph":[{"@type":"WebPage","@id":"https:\/\/www.iskreni.net\/trgovina\/product\/eksistencialno-potovanje-viktor-frankl-in-lev-tolstoj-o-trpljenju-smrti-in-iskanju-smisla\/","url":"https:\/\/www.iskreni.net\/trgovina\/product\/eksistencialno-potovanje-viktor-frankl-in-lev-tolstoj-o-trpljenju-smrti-in-iskanju-smisla\/","name":"Eksistencialno potovanje - trgovina Iskreni","isPartOf":{"@id":"https:\/\/www.iskreni.net\/trgovina\/#website"},"primaryImageOfPage":{"@id":"https:\/\/www.iskreni.net\/trgovina\/product\/eksistencialno-potovanje-viktor-frankl-in-lev-tolstoj-o-trpljenju-smrti-in-iskanju-smisla\/#primaryimage"},"image":{"@id":"https:\/\/www.iskreni.net\/trgovina\/product\/eksistencialno-potovanje-viktor-frankl-in-lev-tolstoj-o-trpljenju-smrti-in-iskanju-smisla\/#primaryimage"},"thumbnailUrl":"https:\/\/www.iskreni.net\/trgovina\/wp-content\/uploads\/2023\/12\/1-2.jpg","datePublished":"2024-01-17T12:19:00+00:00","dateModified":"2024-08-09T07:22:59+00:00","description":"Eksistencialno potovanje s Franklovo logoterapevtsko mislijo in Tolstojevim \u010dutom za najgloblje v \u010dloveku nagovori vpra\u0161anja trpljenja, smrti in \u017eivljenjskega smisla.","breadcrumb":{"@id":"https:\/\/www.iskreni.net\/trgovina\/product\/eksistencialno-potovanje-viktor-frankl-in-lev-tolstoj-o-trpljenju-smrti-in-iskanju-smisla\/#breadcrumb"},"inLanguage":"sl-SI","potentialAction":[{"@type":"ReadAction","target":["https:\/\/www.iskreni.net\/trgovina\/product\/eksistencialno-potovanje-viktor-frankl-in-lev-tolstoj-o-trpljenju-smrti-in-iskanju-smisla\/"]}]},{"@type":"ImageObject","inLanguage":"sl-SI","@id":"https:\/\/www.iskreni.net\/trgovina\/product\/eksistencialno-potovanje-viktor-frankl-in-lev-tolstoj-o-trpljenju-smrti-in-iskanju-smisla\/#primaryimage","url":"https:\/\/www.iskreni.net\/trgovina\/wp-content\/uploads\/2023\/12\/1-2.jpg","contentUrl":"https:\/\/www.iskreni.net\/trgovina\/wp-content\/uploads\/2023\/12\/1-2.jpg","width":600,"height":600},{"@type":"BreadcrumbList","@id":"https:\/\/www.iskreni.net\/trgovina\/product\/eksistencialno-potovanje-viktor-frankl-in-lev-tolstoj-o-trpljenju-smrti-in-iskanju-smisla\/#breadcrumb","itemListElement":[{"@type":"ListItem","position":1,"name":"Home","item":"https:\/\/www.iskreni.net\/trgovina\/"},{"@type":"ListItem","position":2,"name":"Trgovina","item":"https:\/\/www.iskreni.net\/trgovina\/trgovina\/"},{"@type":"ListItem","position":3,"name":"Eksistencialno potovanje: Viktor Frankl in Lev Tolstoj o trpljenju, smrti in iskanju smisla"}]},{"@type":"WebSite","@id":"https:\/\/www.iskreni.net\/trgovina\/#website","url":"https:\/\/www.iskreni.net\/trgovina\/","name":"Zavod Iskreni","description":"trgovina","potentialAction":[{"@type":"SearchAction","target":{"@type":"EntryPoint","urlTemplate":"https:\/\/www.iskreni.net\/trgovina\/?s={search_term_string}"},"query-input":{"@type":"PropertyValueSpecification","valueRequired":true,"valueName":"search_term_string"}}],"inLanguage":"sl-SI"}]}},"_links":{"self":[{"href":"https:\/\/www.iskreni.net\/trgovina\/wp-json\/wp\/v2\/product\/72606","targetHints":{"allow":["GET"]}}],"collection":[{"href":"https:\/\/www.iskreni.net\/trgovina\/wp-json\/wp\/v2\/product"}],"about":[{"href":"https:\/\/www.iskreni.net\/trgovina\/wp-json\/wp\/v2\/types\/product"}],"replies":[{"embeddable":true,"href":"https:\/\/www.iskreni.net\/trgovina\/wp-json\/wp\/v2\/comments?post=72606"}],"version-history":[{"count":5,"href":"https:\/\/www.iskreni.net\/trgovina\/wp-json\/wp\/v2\/product\/72606\/revisions"}],"predecessor-version":[{"id":72633,"href":"https:\/\/www.iskreni.net\/trgovina\/wp-json\/wp\/v2\/product\/72606\/revisions\/72633"}],"wp:featuredmedia":[{"embeddable":true,"href":"https:\/\/www.iskreni.net\/trgovina\/wp-json\/wp\/v2\/media\/71798"}],"wp:attachment":[{"href":"https:\/\/www.iskreni.net\/trgovina\/wp-json\/wp\/v2\/media?parent=72606"}],"wp:term":[{"taxonomy":"product_brand","embeddable":true,"href":"https:\/\/www.iskreni.net\/trgovina\/wp-json\/wp\/v2\/product_brand?post=72606"},{"taxonomy":"product_cat","embeddable":true,"href":"https:\/\/www.iskreni.net\/trgovina\/wp-json\/wp\/v2\/product_cat?post=72606"},{"taxonomy":"product_tag","embeddable":true,"href":"https:\/\/www.iskreni.net\/trgovina\/wp-json\/wp\/v2\/product_tag?post=72606"},{"taxonomy":"avtor","embeddable":true,"href":"https:\/\/www.iskreni.net\/trgovina\/wp-json\/wp\/v2\/avtor?post=72606"},{"taxonomy":"zalozba","embeddable":true,"href":"https:\/\/www.iskreni.net\/trgovina\/wp-json\/wp\/v2\/zalozba?post=72606"},{"taxonomy":"vezava","embeddable":true,"href":"https:\/\/www.iskreni.net\/trgovina\/wp-json\/wp\/v2\/vezava?post=72606"}],"curies":[{"name":"wp","href":"https:\/\/api.w.org\/{rel}","templated":true}]}}