{"id":7257,"date":"2020-03-02T14:21:47","date_gmt":"2020-03-02T13:21:47","guid":{"rendered":"https:\/\/www.iskreni.net\/trgovina\/?post_type=product&#038;p=7257"},"modified":"2024-09-13T13:35:47","modified_gmt":"2024-09-13T11:35:47","slug":"pogovorne-kartice-vprasanja","status":"publish","type":"product","link":"https:\/\/www.iskreni.net\/trgovina\/product\/pogovorne-kartice-vprasanja\/","title":{"rendered":"Pogovorne kartice, Vpra\u0161anja"},"content":{"rendered":"<p>Igra <strong>Pogovorne kartice, vpra\u0161anja 1. del\u00a0<\/strong>vsebuje 69 kartic z zanimivi vpra\u0161anji za spoznavanje, zabavo in povezovanje med soigralci.<\/p>\n<p>Igra poteka tako, da udele\u017eenec igre izbere kartico z vpra\u0161anjem, vpra\u0161anje prebere in svoj odgovor pove drugim udele\u017eencem. Nato na isto ali na drugo izbrano vpra\u0161anje odgovorijo \u0161e drugi udele\u017eenci igre.\u00a0 Udele\u017eenci igre v zvezi z izbranimi vpra\u0161anji povejo toliko, kot sami \u017eelijo. \u010ce kateri od igralcev ne \u017eeli odgovarjati na posamezno vpra\u0161anje, je potrebno to upo\u0161tevati. V tem primeru udele\u017eenec igre izbere drugo vpra\u0161anje ali pa se igra nadaljuje pri naslednjem igralcu. Mo\u017eni so tudi drugi na\u010dini igranja, ki so opisani v navodilih, ki so prilo\u017eena igri.<\/p>\n<p><strong>Pogovorne kartice<\/strong>\u00a0so simpati\u010dna dru\u017eabno-pogovorna igra, namenjena spodbujanju zanimivih, prijaznih in zabavnih pogovorov med soigralci. Uporaba\u00a0<strong>pogovornih kartic<\/strong>\u00a0razvija komunikacije ve\u0161\u010dine, omogo\u010da, da se igralci bolje spoznajo, krepijo empatijo in povezanost med seboj ter se pri tem tudi zabavajo.<\/p>\n<p><strong>Pogovorne kartice <\/strong>se lahko uporabljajo v \u0161oli, doma, na izobra\u017eevanjih, delavnicah, izletih, piknikih, potovanjih, po\u010ditnicah, taborih, dru\u017eabnih sre\u010danjih, \u2026 skratka ob vseh prilo\u017enostih, ko se ljudje dru\u017eijo in pogovarjajo!<\/p>\n<p>&nbsp;<\/p>\n<p><strong>Fizi\u010dne zna\u010dilnosti izdelka:<\/strong><\/p>\n<p>Dimenzija pogovornih kartic je 8 x 8 cm. Natisnjene so na 350-gramski papir in obdelane z mat plastifikacijo, kar jim daje ve\u010djo trdnost in odpornost na umazanijo in vlago. V posameznem kompletu je 69 kartic, ki so spravljene v dvodelni \u0161katlici. Poleg je prilo\u017eena tudi 8-stranska knji\u017eica z navodili za uporabo in opisi razli\u010dnih na\u010dinov igranja. Te\u017ea posameznega izdelka je pribli\u017eno 180 g.<\/p>\n","protected":false},"excerpt":{"rendered":"<p><strong>Pogovorne kartice<\/strong>\u00a0so simpati\u010dna dru\u017eabno-pogovorna igra, namenjena spodbujanju zanimivih, prijaznih in zabavnih pogovorov med soigralci. Uporaba\u00a0<strong>pogovornih kartic<\/strong>\u00a0razvija komunikacije ve\u0161\u010dine, omogo\u010da, da se igralci bolje spoznajo, krepijo empatijo in povezanost med seboj ter se pri tem tudi zabavajo.<\/p>\n","protected":false},"featured_media":7264,"comment_status":"open","ping_status":"closed","template":"","meta":[],"product_brand":[],"product_cat":[668,855],"product_tag":[],"avtor":[],"zalozba":[],"vezava":[],"class_list":{"0":"post-7257","1":"product","2":"type-product","3":"status-publish","4":"has-post-thumbnail","6":"product_cat-darilni-program","7":"product_cat-druzabne-igre-ostala-ponudba","9":"first","10":"instock","11":"taxable","12":"shipping-taxable","13":"purchasable","14":"product-type-simple"},"yoast_head":"<!-- This site is optimized with the Yoast SEO plugin v26.3 - https:\/\/yoast.com\/wordpress\/plugins\/seo\/ -->\n<title>Pogovorne kartice - vpra\u0161anja za otroke - 1. del - trgovina Iskreni<\/title>\n<meta name=\"description\" content=\"Pogovorne kartice\u00a0so simpati\u010dna dru\u017eabno-pogovorna igra, namenjena spodbujanju zanimivih, prijaznih in zabavnih pogovorov med soigralci.\" \/>\n<meta name=\"robots\" content=\"index, follow, max-snippet:-1, max-image-preview:large, max-video-preview:-1\" \/>\n<link rel=\"canonical\" href=\"https:\/\/www.iskreni.net\/trgovina\/product\/pogovorne-kartice-vprasanja\/\" \/>\n<meta property=\"og:locale\" content=\"sl_SI\" \/>\n<meta property=\"og:type\" content=\"article\" \/>\n<meta property=\"og:title\" content=\"Pogovorne kartice - vpra\u0161anja za otroke - 1. del - trgovina Iskreni\" \/>\n<meta property=\"og:description\" content=\"Pogovorne kartice\u00a0so simpati\u010dna dru\u017eabno-pogovorna igra, namenjena spodbujanju zanimivih, prijaznih in zabavnih pogovorov med soigralci.\" \/>\n<meta property=\"og:url\" content=\"https:\/\/www.iskreni.net\/trgovina\/product\/pogovorne-kartice-vprasanja\/\" \/>\n<meta property=\"og:site_name\" content=\"Zavod Iskreni\" \/>\n<meta property=\"article:modified_time\" content=\"2024-09-13T11:35:47+00:00\" \/>\n<meta property=\"og:image\" content=\"https:\/\/www.iskreni.net\/trgovina\/wp-content\/uploads\/2020\/03\/skatlica-pogovorne-kartice-1-1.jpg\" \/>\n\t<meta property=\"og:image:width\" content=\"802\" \/>\n\t<meta property=\"og:image:height\" content=\"801\" \/>\n\t<meta property=\"og:image:type\" content=\"image\/jpeg\" \/>\n<meta name=\"twitter:card\" content=\"summary_large_image\" \/>\n<meta name=\"twitter:label1\" content=\"Est. reading time\" \/>\n\t<meta name=\"twitter:data1\" content=\"2 minuti\" \/>\n<script type=\"application\/ld+json\" class=\"yoast-schema-graph\">{\"@context\":\"https:\/\/schema.org\",\"@graph\":[{\"@type\":\"WebPage\",\"@id\":\"https:\/\/www.iskreni.net\/trgovina\/product\/pogovorne-kartice-vprasanja\/\",\"url\":\"https:\/\/www.iskreni.net\/trgovina\/product\/pogovorne-kartice-vprasanja\/\",\"name\":\"Pogovorne kartice - vpra\u0161anja za otroke - 1. del - trgovina Iskreni\",\"isPartOf\":{\"@id\":\"https:\/\/www.iskreni.net\/trgovina\/#website\"},\"primaryImageOfPage\":{\"@id\":\"https:\/\/www.iskreni.net\/trgovina\/product\/pogovorne-kartice-vprasanja\/#primaryimage\"},\"image\":{\"@id\":\"https:\/\/www.iskreni.net\/trgovina\/product\/pogovorne-kartice-vprasanja\/#primaryimage\"},\"thumbnailUrl\":\"https:\/\/www.iskreni.net\/trgovina\/wp-content\/uploads\/2020\/03\/skatlica-pogovorne-kartice-1-1.jpg\",\"datePublished\":\"2020-03-02T13:21:47+00:00\",\"dateModified\":\"2024-09-13T11:35:47+00:00\",\"description\":\"Pogovorne kartice\u00a0so simpati\u010dna dru\u017eabno-pogovorna igra, namenjena spodbujanju zanimivih, prijaznih in zabavnih pogovorov med soigralci.\",\"breadcrumb\":{\"@id\":\"https:\/\/www.iskreni.net\/trgovina\/product\/pogovorne-kartice-vprasanja\/#breadcrumb\"},\"inLanguage\":\"sl-SI\",\"potentialAction\":[{\"@type\":\"ReadAction\",\"target\":[\"https:\/\/www.iskreni.net\/trgovina\/product\/pogovorne-kartice-vprasanja\/\"]}]},{\"@type\":\"ImageObject\",\"inLanguage\":\"sl-SI\",\"@id\":\"https:\/\/www.iskreni.net\/trgovina\/product\/pogovorne-kartice-vprasanja\/#primaryimage\",\"url\":\"https:\/\/www.iskreni.net\/trgovina\/wp-content\/uploads\/2020\/03\/skatlica-pogovorne-kartice-1-1.jpg\",\"contentUrl\":\"https:\/\/www.iskreni.net\/trgovina\/wp-content\/uploads\/2020\/03\/skatlica-pogovorne-kartice-1-1.jpg\",\"width\":802,\"height\":801,\"caption\":\"Pogovorne kartice\"},{\"@type\":\"BreadcrumbList\",\"@id\":\"https:\/\/www.iskreni.net\/trgovina\/product\/pogovorne-kartice-vprasanja\/#breadcrumb\",\"itemListElement\":[{\"@type\":\"ListItem\",\"position\":1,\"name\":\"Home\",\"item\":\"https:\/\/www.iskreni.net\/trgovina\/\"},{\"@type\":\"ListItem\",\"position\":2,\"name\":\"Trgovina\",\"item\":\"https:\/\/www.iskreni.net\/trgovina\/trgovina\/\"},{\"@type\":\"ListItem\",\"position\":3,\"name\":\"Pogovorne kartice, Vpra\u0161anja\"}]},{\"@type\":\"WebSite\",\"@id\":\"https:\/\/www.iskreni.net\/trgovina\/#website\",\"url\":\"https:\/\/www.iskreni.net\/trgovina\/\",\"name\":\"Zavod Iskreni\",\"description\":\"trgovina\",\"potentialAction\":[{\"@type\":\"SearchAction\",\"target\":{\"@type\":\"EntryPoint\",\"urlTemplate\":\"https:\/\/www.iskreni.net\/trgovina\/?s={search_term_string}\"},\"query-input\":{\"@type\":\"PropertyValueSpecification\",\"valueRequired\":true,\"valueName\":\"search_term_string\"}}],\"inLanguage\":\"sl-SI\"}]}<\/script>\n<!-- \/ Yoast SEO plugin. -->","yoast_head_json":{"title":"Pogovorne kartice - vpra\u0161anja za otroke - 1. del - trgovina Iskreni","description":"Pogovorne kartice\u00a0so simpati\u010dna dru\u017eabno-pogovorna igra, namenjena spodbujanju zanimivih, prijaznih in zabavnih pogovorov med soigralci.","robots":{"index":"index","follow":"follow","max-snippet":"max-snippet:-1","max-image-preview":"max-image-preview:large","max-video-preview":"max-video-preview:-1"},"canonical":"https:\/\/www.iskreni.net\/trgovina\/product\/pogovorne-kartice-vprasanja\/","og_locale":"sl_SI","og_type":"article","og_title":"Pogovorne kartice - vpra\u0161anja za otroke - 1. del - trgovina Iskreni","og_description":"Pogovorne kartice\u00a0so simpati\u010dna dru\u017eabno-pogovorna igra, namenjena spodbujanju zanimivih, prijaznih in zabavnih pogovorov med soigralci.","og_url":"https:\/\/www.iskreni.net\/trgovina\/product\/pogovorne-kartice-vprasanja\/","og_site_name":"Zavod Iskreni","article_modified_time":"2024-09-13T11:35:47+00:00","og_image":[{"width":802,"height":801,"url":"https:\/\/www.iskreni.net\/trgovina\/wp-content\/uploads\/2020\/03\/skatlica-pogovorne-kartice-1-1.jpg","type":"image\/jpeg"}],"twitter_card":"summary_large_image","twitter_misc":{"Est. reading time":"2 minuti"},"schema":{"@context":"https:\/\/schema.org","@graph":[{"@type":"WebPage","@id":"https:\/\/www.iskreni.net\/trgovina\/product\/pogovorne-kartice-vprasanja\/","url":"https:\/\/www.iskreni.net\/trgovina\/product\/pogovorne-kartice-vprasanja\/","name":"Pogovorne kartice - vpra\u0161anja za otroke - 1. del - trgovina Iskreni","isPartOf":{"@id":"https:\/\/www.iskreni.net\/trgovina\/#website"},"primaryImageOfPage":{"@id":"https:\/\/www.iskreni.net\/trgovina\/product\/pogovorne-kartice-vprasanja\/#primaryimage"},"image":{"@id":"https:\/\/www.iskreni.net\/trgovina\/product\/pogovorne-kartice-vprasanja\/#primaryimage"},"thumbnailUrl":"https:\/\/www.iskreni.net\/trgovina\/wp-content\/uploads\/2020\/03\/skatlica-pogovorne-kartice-1-1.jpg","datePublished":"2020-03-02T13:21:47+00:00","dateModified":"2024-09-13T11:35:47+00:00","description":"Pogovorne kartice\u00a0so simpati\u010dna dru\u017eabno-pogovorna igra, namenjena spodbujanju zanimivih, prijaznih in zabavnih pogovorov med soigralci.","breadcrumb":{"@id":"https:\/\/www.iskreni.net\/trgovina\/product\/pogovorne-kartice-vprasanja\/#breadcrumb"},"inLanguage":"sl-SI","potentialAction":[{"@type":"ReadAction","target":["https:\/\/www.iskreni.net\/trgovina\/product\/pogovorne-kartice-vprasanja\/"]}]},{"@type":"ImageObject","inLanguage":"sl-SI","@id":"https:\/\/www.iskreni.net\/trgovina\/product\/pogovorne-kartice-vprasanja\/#primaryimage","url":"https:\/\/www.iskreni.net\/trgovina\/wp-content\/uploads\/2020\/03\/skatlica-pogovorne-kartice-1-1.jpg","contentUrl":"https:\/\/www.iskreni.net\/trgovina\/wp-content\/uploads\/2020\/03\/skatlica-pogovorne-kartice-1-1.jpg","width":802,"height":801,"caption":"Pogovorne kartice"},{"@type":"BreadcrumbList","@id":"https:\/\/www.iskreni.net\/trgovina\/product\/pogovorne-kartice-vprasanja\/#breadcrumb","itemListElement":[{"@type":"ListItem","position":1,"name":"Home","item":"https:\/\/www.iskreni.net\/trgovina\/"},{"@type":"ListItem","position":2,"name":"Trgovina","item":"https:\/\/www.iskreni.net\/trgovina\/trgovina\/"},{"@type":"ListItem","position":3,"name":"Pogovorne kartice, Vpra\u0161anja"}]},{"@type":"WebSite","@id":"https:\/\/www.iskreni.net\/trgovina\/#website","url":"https:\/\/www.iskreni.net\/trgovina\/","name":"Zavod Iskreni","description":"trgovina","potentialAction":[{"@type":"SearchAction","target":{"@type":"EntryPoint","urlTemplate":"https:\/\/www.iskreni.net\/trgovina\/?s={search_term_string}"},"query-input":{"@type":"PropertyValueSpecification","valueRequired":true,"valueName":"search_term_string"}}],"inLanguage":"sl-SI"}]}},"_links":{"self":[{"href":"https:\/\/www.iskreni.net\/trgovina\/wp-json\/wp\/v2\/product\/7257","targetHints":{"allow":["GET"]}}],"collection":[{"href":"https:\/\/www.iskreni.net\/trgovina\/wp-json\/wp\/v2\/product"}],"about":[{"href":"https:\/\/www.iskreni.net\/trgovina\/wp-json\/wp\/v2\/types\/product"}],"replies":[{"embeddable":true,"href":"https:\/\/www.iskreni.net\/trgovina\/wp-json\/wp\/v2\/comments?post=7257"}],"version-history":[{"count":1,"href":"https:\/\/www.iskreni.net\/trgovina\/wp-json\/wp\/v2\/product\/7257\/revisions"}],"predecessor-version":[{"id":52914,"href":"https:\/\/www.iskreni.net\/trgovina\/wp-json\/wp\/v2\/product\/7257\/revisions\/52914"}],"wp:featuredmedia":[{"embeddable":true,"href":"https:\/\/www.iskreni.net\/trgovina\/wp-json\/wp\/v2\/media\/7264"}],"wp:attachment":[{"href":"https:\/\/www.iskreni.net\/trgovina\/wp-json\/wp\/v2\/media?parent=7257"}],"wp:term":[{"taxonomy":"product_brand","embeddable":true,"href":"https:\/\/www.iskreni.net\/trgovina\/wp-json\/wp\/v2\/product_brand?post=7257"},{"taxonomy":"product_cat","embeddable":true,"href":"https:\/\/www.iskreni.net\/trgovina\/wp-json\/wp\/v2\/product_cat?post=7257"},{"taxonomy":"product_tag","embeddable":true,"href":"https:\/\/www.iskreni.net\/trgovina\/wp-json\/wp\/v2\/product_tag?post=7257"},{"taxonomy":"avtor","embeddable":true,"href":"https:\/\/www.iskreni.net\/trgovina\/wp-json\/wp\/v2\/avtor?post=7257"},{"taxonomy":"zalozba","embeddable":true,"href":"https:\/\/www.iskreni.net\/trgovina\/wp-json\/wp\/v2\/zalozba?post=7257"},{"taxonomy":"vezava","embeddable":true,"href":"https:\/\/www.iskreni.net\/trgovina\/wp-json\/wp\/v2\/vezava?post=7257"}],"curies":[{"name":"wp","href":"https:\/\/api.w.org\/{rel}","templated":true}]}}