{"id":71922,"date":"2023-12-27T15:21:08","date_gmt":"2023-12-27T14:21:08","guid":{"rendered":"https:\/\/www.iskreni.net\/trgovina\/?post_type=product&#038;p=71922"},"modified":"2024-09-18T08:53:59","modified_gmt":"2024-09-18T06:53:59","slug":"druzina-je-sveta","status":"publish","type":"product","link":"https:\/\/www.iskreni.net\/trgovina\/product\/druzina-je-sveta\/","title":{"rendered":"Dru\u017eina je sveta"},"content":{"rendered":"<h3 id=\"anchor-o-izdelku\" class=\"title\">O knjigi Dru\u017eina je sveta<em><br \/>\n<\/em><\/h3>\n<p><em>Dru\u017eina so sanje, ki nam jih zaupa Bog<\/em><\/p>\n<p><em>Profesor kanonskega prava na Katoli\u0161kem in\u0161titutu v Parizu svoje delo posve\u010da obravnavi dru\u017eine v tem nemirnem svetu. Knjiga predstavi avtorjev pogled na dru\u017eino po sinodi o dru\u017eini oktobra 2014 v Rimu, poudarja pomen obrnitve Cerkve k dru\u017eini in besede pape\u017ea Fran\u010di\u0161ka: \u00bbDru\u017eina je pomembna, potrebna je za pre\u017eivetje \u010dlove\u0161tva. \u010ce ni dru\u017eine, je ogro\u017eeno pre\u017eivetje \u010dlove\u0161ke kulture. Dru\u017eina je temelj!\u00ab Pred nami je knjiga, ki nam bo bistveno pomagala pri razumevanju nujne potrebe po ohranitvi dru\u017eine. Kajti \u00bb\u010de \u010dlove\u0161tvu vzamemo zakon in dru\u017eino, bo na\u0161 svet izgubil svojo du\u0161o!\u00ab In ne, Cerkev ni v krizi \u2013 Cerkev je sodobna v svetu, ki je v krizi.<\/em><\/p>\n<p>V tej kulturi razuma lahko pridemo do to\u010dke, ko korenine ne \u0161tejejo ve\u010d. Kultura se ima za popolno v danem trenutku, ne glede na preteklost. Sekularna kultura, ki se lo\u010di od svojih korenin, postane dogmati\u010dna in izgubi svojo moralno mo\u010d.<br \/>\nRazum postane funkcionalen, tehni\u010den in nima moralnih sposobnosti. Kot je v knjigi iz leta 2005 upravi\u010deno zapisal kardinal Ratzinger: \u00bbBrez moralnih sposobnosti svoboda postane karikatura same sebe.\u00ab Danes mislimo, da \u010de je nekaj mogo\u010de storiti, je to tudi treba storiti. \u010ce je tako, je svoboda absolutna in nima ve\u010d nobenih moralnih meril. \u010ce mo\u010d narediti postane dol\u017enost narediti, je \u010dlove\u0161ko dostojanstvo izgubljeno.<\/p>\n<p>Avtorjev pogled na dru\u017eino v resni\u010dnosti njene lepote in Bo\u017ejega klica (zlasti v zvezi z zakonskim \u017eivljenjem) po sinodi o dru\u017eini oktobra 2014 v Rimu poudarja pomen spreobrnjenja Cerkve k dru\u017eini. Poudarja tudi dru\u017einsko pastoralo, ki ne sme biti le ena od mnogih. Postati mora nujen del \u00bbnove evangelizacije\u00ab. Sinoda to natan\u010dno opredeli: \u00bbOznanjevanje evangelija dru\u017eine predstavlja nujnost za novo evangelizacijo. Cerkev je poklicana, da jo udejanja z ne\u017enostjo matere in jasnostjo u\u010diteljice, v zvestobi do usmiljene kenoze Kristusa. Resnica se utele\u0161a v \u010dlove\u0161ki slabosti, ne da bi jo obsojala, ampak re\u0161evala.\u00ab<\/p>\n<h3>Iz knjige:<\/h3>\n<p>Mu\u010deni\u0161tvo 21. stoletja bo \u00bbmedijsko\u00ab mu\u010deni\u0161tvo. Obto\u017ebe bodo de\u017eevale z vseh strani. \/\u2026\/ S prstom ne ka\u017eem predvsem na \u00bbmedije\u00ab, ampak na vse tiste, ki tako ali druga\u010de sodelujejo pri teh novih blatenjih. Takoj ko odpremo usta, se najde mislec, ki nas opomni, da smo homofobi, ekstremisti, \u00bbmladi idioti in fa\u0161isti\u00ab, \u010de na\u0161tejem le nekaj izrazov. (Str. 130)<\/p>\n<p>Med kristjani, ki si domi\u0161ljajo, da \u00bbre\u0161ujejo\u00ab svet z lepimi govori in zelo prepri\u010dljivimi besedami, je v\u010dasih prisotna naivnost glede dru\u017einskih vpra\u0161anj in dogajanja. Namen te knji\u017eice je spomniti nas, da je spreobrnjenje v dru\u017eini nekaj, kar je treba \u017eiveti ad intra, kar pomeni, da se vpra\u0161amo: kaj se lahko nau\u010dimo od dru\u017eine, predvsem od svoje? Od otrok, od tistih, ki so mi podarjeni, kaj se lahko nau\u010dimo v svojih dru\u017einskih odnosih? Spreobrnjenje v dru\u017eini pa je treba \u017eiveti tudi ad extra, saj se mednarodne politike globoko zoperstavljajo temu, kar dru\u017eina je, v svoji \u00bbizvirni\u00ab, naravni, bo\u017eanski obliki. \u010ceprav ne bomo re\u0161ili sveta, ker je to Bo\u017eje delo, ne na\u0161e, ne moremo prezreti tega, kar se dogaja, in ostati naivni. Ne bomo \u017eiveli ni\u010desar drugega kot Kristusa, \u010detudi pogosto sanjarimo o novem kr\u0161\u010danskem politi\u010dnem re\u017eimu, ki bi nam nudil dolo\u010deno ugodje. (Str. 129\u2013130)<\/p>\n<p>Od trenutka, ko zakoni ne bodo ve\u010d slu\u017eili varovanju temeljev dru\u017ebene ustanove, temve\u010d le zagotavljanju pravic posameznika, se bo zakonska zveza ali katera koli druga civilna zveza neizogibno skr\u010dila na zasebno pogodbo, v kateri lahko sklenem, kar ho\u010dem. In kaj bomo \u017eeleli skleniti jutri? (Str. 64)<\/p>\n<p>Pri resni\u010dni ljubezni gre za velikodu\u0161no dajanje, ko podarimo po svojih najbolj\u0161ih zmo\u017enostih, kar je v nasprotju z uveljavljanjem popolne svobode. Edina radikalna enakopravnost za vse je v zahtevi, da se podarjamo drugemu. Odpu\u0161\u010danje in upanje sta temeljnega pomena pri prevzgoji mlaj\u0161ih generacij v kulturo \u00bbdajanja\u00ab in ne v kulturo egalitarizma. (Str. 32)<\/p>\n<p>Izziv za na\u0161o dru\u017einsko pastoralo ni ve\u010d izobra\u017eevanje in intelektualno oblikovanje. Nau\u010diti jih moramo, da se sredi krize ne spreminjajo, ampak da znajo premagati krizo. (Str. 28)<\/p>\n<p><a href=\"https:\/\/www.iskreni.net\/trgovina\/wp-content\/uploads\/2023\/12\/Burgun-Cedric-Druzina-je-sveta-Prelistaj-knjigo.pdf\" target=\"_blank\" rel=\"noopener\">Prelistajte knjigo:\u00a0<\/a><\/p>\n","protected":false},"excerpt":{"rendered":"<div><strong>Prevod:<\/strong> Jana Okorn<br \/>\n<strong>Leto izdaje:<\/strong> 2023<br \/>\n<strong>\u0160tevilo strani:<\/strong> 144<br \/>\n<strong>Format:<\/strong> 135 x 210 mm<\/div>\n<div><\/div>\n<div><a href=\"https:\/\/www.iskreni.net\/trgovina\/wp-content\/uploads\/2023\/12\/Burgun-Cedric-Druzina-je-sveta-Prelistaj-knjigo.pdf\" target=\"_blank\" rel=\"noopener\">Prelistajte knjigo:\u00a0<\/a><\/div>\n<div>\n<h5><\/h5>\n<\/div>\n<p>&nbsp;<\/p>\n","protected":false},"featured_media":71796,"comment_status":"open","ping_status":"closed","template":"","meta":[],"product_brand":[],"product_cat":[2324,2327,2350,63],"product_tag":[1799],"avtor":[2649],"zalozba":[2337],"vezava":[2307],"class_list":{"0":"post-71922","1":"product","2":"type-product","3":"status-publish","4":"has-post-thumbnail","6":"product_cat-duhovnost-in-osebna-rast","7":"product_cat-prirocniki-in-vodniki","8":"product_cat-za-mlade","9":"product_cat-knjige","10":"product_tag-teologija-telesa","11":"avtor-cedric-burgun","12":"zalozba-celjska-mohorjeva-druzba","13":"vezava-mehka","15":"first","16":"instock","17":"taxable","18":"shipping-taxable","19":"purchasable","20":"product-type-simple"},"yoast_head":"<!-- This site is optimized with the Yoast SEO plugin v26.3 - https:\/\/yoast.com\/wordpress\/plugins\/seo\/ -->\n<title>Dru\u017eina je sveta - trgovina Iskreni<\/title>\n<meta name=\"description\" content=\"Dru\u017eina je sveta\" \/>\n<meta name=\"robots\" content=\"index, follow, max-snippet:-1, max-image-preview:large, max-video-preview:-1\" \/>\n<link rel=\"canonical\" href=\"https:\/\/www.iskreni.net\/trgovina\/product\/druzina-je-sveta\/\" \/>\n<meta property=\"og:locale\" content=\"sl_SI\" \/>\n<meta property=\"og:type\" content=\"article\" \/>\n<meta property=\"og:title\" content=\"Dru\u017eina je sveta\" \/>\n<meta property=\"og:description\" content=\"Dru\u017eina je sveta\" \/>\n<meta property=\"og:url\" content=\"https:\/\/www.iskreni.net\/trgovina\/product\/druzina-je-sveta\/\" \/>\n<meta property=\"og:site_name\" content=\"Zavod Iskreni\" \/>\n<meta property=\"article:modified_time\" content=\"2024-09-18T06:53:59+00:00\" \/>\n<meta property=\"og:image\" content=\"https:\/\/www.iskreni.net\/trgovina\/wp-content\/uploads\/2023\/12\/2-2.jpg\" \/>\n\t<meta property=\"og:image:width\" content=\"600\" \/>\n\t<meta property=\"og:image:height\" content=\"600\" \/>\n\t<meta property=\"og:image:type\" content=\"image\/jpeg\" \/>\n<meta name=\"twitter:card\" content=\"summary_large_image\" \/>\n<meta name=\"twitter:label1\" content=\"Est. reading time\" \/>\n\t<meta name=\"twitter:data1\" content=\"4 minute\" \/>\n<script type=\"application\/ld+json\" class=\"yoast-schema-graph\">{\"@context\":\"https:\/\/schema.org\",\"@graph\":[{\"@type\":\"WebPage\",\"@id\":\"https:\/\/www.iskreni.net\/trgovina\/product\/druzina-je-sveta\/\",\"url\":\"https:\/\/www.iskreni.net\/trgovina\/product\/druzina-je-sveta\/\",\"name\":\"Dru\u017eina je sveta - trgovina Iskreni\",\"isPartOf\":{\"@id\":\"https:\/\/www.iskreni.net\/trgovina\/#website\"},\"primaryImageOfPage\":{\"@id\":\"https:\/\/www.iskreni.net\/trgovina\/product\/druzina-je-sveta\/#primaryimage\"},\"image\":{\"@id\":\"https:\/\/www.iskreni.net\/trgovina\/product\/druzina-je-sveta\/#primaryimage\"},\"thumbnailUrl\":\"https:\/\/www.iskreni.net\/trgovina\/wp-content\/uploads\/2023\/12\/2-2.jpg\",\"datePublished\":\"2023-12-27T14:21:08+00:00\",\"dateModified\":\"2024-09-18T06:53:59+00:00\",\"description\":\"Dru\u017eina je sveta\",\"breadcrumb\":{\"@id\":\"https:\/\/www.iskreni.net\/trgovina\/product\/druzina-je-sveta\/#breadcrumb\"},\"inLanguage\":\"sl-SI\",\"potentialAction\":[{\"@type\":\"ReadAction\",\"target\":[\"https:\/\/www.iskreni.net\/trgovina\/product\/druzina-je-sveta\/\"]}]},{\"@type\":\"ImageObject\",\"inLanguage\":\"sl-SI\",\"@id\":\"https:\/\/www.iskreni.net\/trgovina\/product\/druzina-je-sveta\/#primaryimage\",\"url\":\"https:\/\/www.iskreni.net\/trgovina\/wp-content\/uploads\/2023\/12\/2-2.jpg\",\"contentUrl\":\"https:\/\/www.iskreni.net\/trgovina\/wp-content\/uploads\/2023\/12\/2-2.jpg\",\"width\":600,\"height\":600},{\"@type\":\"BreadcrumbList\",\"@id\":\"https:\/\/www.iskreni.net\/trgovina\/product\/druzina-je-sveta\/#breadcrumb\",\"itemListElement\":[{\"@type\":\"ListItem\",\"position\":1,\"name\":\"Home\",\"item\":\"https:\/\/www.iskreni.net\/trgovina\/\"},{\"@type\":\"ListItem\",\"position\":2,\"name\":\"Trgovina\",\"item\":\"https:\/\/www.iskreni.net\/trgovina\/trgovina\/\"},{\"@type\":\"ListItem\",\"position\":3,\"name\":\"Dru\u017eina je sveta\"}]},{\"@type\":\"WebSite\",\"@id\":\"https:\/\/www.iskreni.net\/trgovina\/#website\",\"url\":\"https:\/\/www.iskreni.net\/trgovina\/\",\"name\":\"Zavod Iskreni\",\"description\":\"trgovina\",\"potentialAction\":[{\"@type\":\"SearchAction\",\"target\":{\"@type\":\"EntryPoint\",\"urlTemplate\":\"https:\/\/www.iskreni.net\/trgovina\/?s={search_term_string}\"},\"query-input\":{\"@type\":\"PropertyValueSpecification\",\"valueRequired\":true,\"valueName\":\"search_term_string\"}}],\"inLanguage\":\"sl-SI\"}]}<\/script>\n<!-- \/ Yoast SEO plugin. -->","yoast_head_json":{"title":"Dru\u017eina je sveta - trgovina Iskreni","description":"Dru\u017eina je sveta","robots":{"index":"index","follow":"follow","max-snippet":"max-snippet:-1","max-image-preview":"max-image-preview:large","max-video-preview":"max-video-preview:-1"},"canonical":"https:\/\/www.iskreni.net\/trgovina\/product\/druzina-je-sveta\/","og_locale":"sl_SI","og_type":"article","og_title":"Dru\u017eina je sveta","og_description":"Dru\u017eina je sveta","og_url":"https:\/\/www.iskreni.net\/trgovina\/product\/druzina-je-sveta\/","og_site_name":"Zavod Iskreni","article_modified_time":"2024-09-18T06:53:59+00:00","og_image":[{"width":600,"height":600,"url":"https:\/\/www.iskreni.net\/trgovina\/wp-content\/uploads\/2023\/12\/2-2.jpg","type":"image\/jpeg"}],"twitter_card":"summary_large_image","twitter_misc":{"Est. reading time":"4 minute"},"schema":{"@context":"https:\/\/schema.org","@graph":[{"@type":"WebPage","@id":"https:\/\/www.iskreni.net\/trgovina\/product\/druzina-je-sveta\/","url":"https:\/\/www.iskreni.net\/trgovina\/product\/druzina-je-sveta\/","name":"Dru\u017eina je sveta - trgovina Iskreni","isPartOf":{"@id":"https:\/\/www.iskreni.net\/trgovina\/#website"},"primaryImageOfPage":{"@id":"https:\/\/www.iskreni.net\/trgovina\/product\/druzina-je-sveta\/#primaryimage"},"image":{"@id":"https:\/\/www.iskreni.net\/trgovina\/product\/druzina-je-sveta\/#primaryimage"},"thumbnailUrl":"https:\/\/www.iskreni.net\/trgovina\/wp-content\/uploads\/2023\/12\/2-2.jpg","datePublished":"2023-12-27T14:21:08+00:00","dateModified":"2024-09-18T06:53:59+00:00","description":"Dru\u017eina je sveta","breadcrumb":{"@id":"https:\/\/www.iskreni.net\/trgovina\/product\/druzina-je-sveta\/#breadcrumb"},"inLanguage":"sl-SI","potentialAction":[{"@type":"ReadAction","target":["https:\/\/www.iskreni.net\/trgovina\/product\/druzina-je-sveta\/"]}]},{"@type":"ImageObject","inLanguage":"sl-SI","@id":"https:\/\/www.iskreni.net\/trgovina\/product\/druzina-je-sveta\/#primaryimage","url":"https:\/\/www.iskreni.net\/trgovina\/wp-content\/uploads\/2023\/12\/2-2.jpg","contentUrl":"https:\/\/www.iskreni.net\/trgovina\/wp-content\/uploads\/2023\/12\/2-2.jpg","width":600,"height":600},{"@type":"BreadcrumbList","@id":"https:\/\/www.iskreni.net\/trgovina\/product\/druzina-je-sveta\/#breadcrumb","itemListElement":[{"@type":"ListItem","position":1,"name":"Home","item":"https:\/\/www.iskreni.net\/trgovina\/"},{"@type":"ListItem","position":2,"name":"Trgovina","item":"https:\/\/www.iskreni.net\/trgovina\/trgovina\/"},{"@type":"ListItem","position":3,"name":"Dru\u017eina je sveta"}]},{"@type":"WebSite","@id":"https:\/\/www.iskreni.net\/trgovina\/#website","url":"https:\/\/www.iskreni.net\/trgovina\/","name":"Zavod Iskreni","description":"trgovina","potentialAction":[{"@type":"SearchAction","target":{"@type":"EntryPoint","urlTemplate":"https:\/\/www.iskreni.net\/trgovina\/?s={search_term_string}"},"query-input":{"@type":"PropertyValueSpecification","valueRequired":true,"valueName":"search_term_string"}}],"inLanguage":"sl-SI"}]}},"_links":{"self":[{"href":"https:\/\/www.iskreni.net\/trgovina\/wp-json\/wp\/v2\/product\/71922","targetHints":{"allow":["GET"]}}],"collection":[{"href":"https:\/\/www.iskreni.net\/trgovina\/wp-json\/wp\/v2\/product"}],"about":[{"href":"https:\/\/www.iskreni.net\/trgovina\/wp-json\/wp\/v2\/types\/product"}],"replies":[{"embeddable":true,"href":"https:\/\/www.iskreni.net\/trgovina\/wp-json\/wp\/v2\/comments?post=71922"}],"version-history":[{"count":3,"href":"https:\/\/www.iskreni.net\/trgovina\/wp-json\/wp\/v2\/product\/71922\/revisions"}],"predecessor-version":[{"id":71926,"href":"https:\/\/www.iskreni.net\/trgovina\/wp-json\/wp\/v2\/product\/71922\/revisions\/71926"}],"wp:featuredmedia":[{"embeddable":true,"href":"https:\/\/www.iskreni.net\/trgovina\/wp-json\/wp\/v2\/media\/71796"}],"wp:attachment":[{"href":"https:\/\/www.iskreni.net\/trgovina\/wp-json\/wp\/v2\/media?parent=71922"}],"wp:term":[{"taxonomy":"product_brand","embeddable":true,"href":"https:\/\/www.iskreni.net\/trgovina\/wp-json\/wp\/v2\/product_brand?post=71922"},{"taxonomy":"product_cat","embeddable":true,"href":"https:\/\/www.iskreni.net\/trgovina\/wp-json\/wp\/v2\/product_cat?post=71922"},{"taxonomy":"product_tag","embeddable":true,"href":"https:\/\/www.iskreni.net\/trgovina\/wp-json\/wp\/v2\/product_tag?post=71922"},{"taxonomy":"avtor","embeddable":true,"href":"https:\/\/www.iskreni.net\/trgovina\/wp-json\/wp\/v2\/avtor?post=71922"},{"taxonomy":"zalozba","embeddable":true,"href":"https:\/\/www.iskreni.net\/trgovina\/wp-json\/wp\/v2\/zalozba?post=71922"},{"taxonomy":"vezava","embeddable":true,"href":"https:\/\/www.iskreni.net\/trgovina\/wp-json\/wp\/v2\/vezava?post=71922"}],"curies":[{"name":"wp","href":"https:\/\/api.w.org\/{rel}","templated":true}]}}