{"id":71918,"date":"2023-12-27T15:12:17","date_gmt":"2023-12-27T14:12:17","guid":{"rendered":"https:\/\/www.iskreni.net\/trgovina\/?post_type=product&#038;p=71918"},"modified":"2024-01-05T10:08:42","modified_gmt":"2024-01-05T09:08:42","slug":"ti-si-dar","status":"publish","type":"product","link":"https:\/\/www.iskreni.net\/trgovina\/product\/ti-si-dar\/","title":{"rendered":"Ti si dar"},"content":{"rendered":"<h3 id=\"anchor-o-izdelku\" class=\"title\">O knjigi Ti si dar:<em><br \/>\n<\/em><\/h3>\n<p><em><strong>Postani to, kar si<\/strong><\/em><\/p>\n<p><em>Knjiga\u00a0<\/em>Ti si dar\u00a0<em>je dragocen vodi\u010d mlademu \u010dloveku pri iskanju poti in poslanstva. Osvetli povsem temeljna vpra\u0161anja \u010dlove\u0161kega obstoja, njegovega \u017eivljenja ter do\u017eivljanja spolnosti in ljubezni, ki jih predstavi v lu\u010di svetopisemskega <\/em><em>sporo\u010dila, zlasti pa v kontekstu teologije telesa Janeza Pavla II. Dotakne se tudi bolj pere\u010dih tem, kot so pasti pornografije, problem \u010dlovekove samopodobe ter rane iz otro\u0161tva. Knjiga prihaja k bralcu s povabilom, da postane to, kar je.<\/em><\/p>\n<p>Z velikim \u017earom in prepri\u010danjem, da nas Bog ljubi tak\u0161ne, kakr\u0161ni smo, avtor polaga mlademu bralcu na srce vseskozi prisotno zagotovilo, da smo v Bo\u017ejih o\u010deh dar, edinstven in neponovljiv. Razumevanje te glavne premise knjige osmisli<br \/>\nvse druge ideje, ki jih posreduje avtor: zakaj je smotrno stopati v odnose brez \u00bbprtljage\u00ab, kot je zasvojenost s pornografijo, kako spo\u0161tovati svoje telo in telo bli\u017enjega ter \u010dem\u00fa v sodobnem svetu \u017eiveti v \u010distosti. Misli, podrobneje raz\u010dlenjene v lu\u010di svetopisemskega izro\u010dila in podprte tudi z avtorjevo osebno \u017eivljenjsko izku\u0161njo, so pospremljene z navdihujo\u010dimi citati in izto\u010dnicami za osebno refleksijo, ob tem pa pu\u0161\u010dajo prostor tudi za molitev kot prilo\u017enost za sre\u010danje z Bogom. Teologija telesa svetega Janeza Pavla II. tako prihaja med mlade na na\u010din, ki jih zmore nagovoriti \u2013 iskreno, dobrohotno in neobsojajo\u010de \u2013, ter jih opogumlja za sprejemanje odlo\u010ditev o svojem poslanstvu in telesu, ki na prvi pogled niso lahke, a vodijo do izpolnjujo\u010dega \u017eivljenja.<\/p>\n<h3>Iz knjige:<\/h3>\n<p>Kdo si? Morda si si \u017ee zastavil to vpra\u0161anje. Morda si se kdaj spra\u0161eval, katero je tvoje mesto v tem ogromnem vesolju, med dobrimi sedmimi milijardami ljudi na zemlji, od katerih si vsak prizadeva za sre\u010do, vsak oblikuje svoje \u017eivljenje, vsak posku\u0161a najti mir? \u010cemu jaz? Zakaj sem tukaj, v tej de\u017eeli, v tem trenutku zgodovine? Resnica je, da tvoje \u017eivljenje ni ne naklju\u010dje ne nezgoda, ampak DAR!<br \/>\nOd trenutka, ko si se rodil \u2013 pravzaprav od spo\u010detja \u2013 si dar svetu. Nikoli prej ni bilo nobenega drugega ti. In potem ne bo nikoli ve\u010d kak\u0161nega drugega ti. Zaradi tega si tako dragocen, tako pomemben. Lep si, lepa si v svoji edinstvenosti! In tvoja edinstvena lepota je del na\u010drta. Vsi smo udele\u017eeni v epski pustolov\u0161\u010dini!<br \/>\n(Str. 19)<\/p>\n<p>Kdo je Bog? Zakaj si na zemlji? Kaj je cilj tvojega \u017eivljenja? Mnogi mislijo, da na ta vpra\u0161anja ni odgovorov ali da zanje ni absolutne resnice. Ne samo, da resnica obstaja, ampak je tudi dostopna. Bila nam je dana. Jezus je o sebi rekel: \u00bbJaz sem pot, resnica in \u017eivljenje.\u00ab V njem je bilo razodeto vse, v njem vidimo pot, po kateri moramo hoditi, in v njem najdemo \u017eivljenje. Samo resnica nam lahko omogo\u010da \u017eivljenje v polnosti in brez ob\u017ealovanj.<br \/>\n(Str. 119)<\/p>\n","protected":false},"excerpt":{"rendered":"<div><strong>Drugi sodelujo\u010di avtorji:<\/strong> Benjamin Toma\u017ei\u010d<br \/>\n<strong>Prevod:<\/strong> Drago K. Ocvirk<br \/>\n<strong>Leto izdaje:<\/strong> 2023<br \/>\n<strong>\u0160tevilo strani:<\/strong> 228<br \/>\n<strong>Format:<\/strong> 135 x 210 mm<\/div>\n<div><\/div>\n<div>\n<h5><\/h5>\n<\/div>\n<p>&nbsp;<\/p>\n","protected":false},"featured_media":71797,"comment_status":"open","ping_status":"closed","template":"","meta":[],"product_brand":[],"product_cat":[2324,2327,2350,63],"product_tag":[1799],"avtor":[2648],"zalozba":[2337],"vezava":[2307],"class_list":{"0":"post-71918","1":"product","2":"type-product","3":"status-publish","4":"has-post-thumbnail","6":"product_cat-duhovnost-in-osebna-rast","7":"product_cat-prirocniki-in-vodniki","8":"product_cat-za-mlade","9":"product_cat-knjige","10":"product_tag-teologija-telesa","11":"avtor-alex-deschenes","12":"zalozba-celjska-mohorjeva-druzba","13":"vezava-mehka","15":"first","16":"instock","17":"taxable","18":"shipping-taxable","19":"purchasable","20":"product-type-simple"},"yoast_head":"<!-- This site is optimized with the Yoast SEO plugin v26.3 - https:\/\/yoast.com\/wordpress\/plugins\/seo\/ -->\n<title>Ti si dar - trgovina Iskreni<\/title>\n<meta name=\"description\" content=\"Ti si dar - dragocen vodi\u010d mlademu \u010dloveku pri iskanju poslanstva. Osvetli temeljna vpra\u0161anja \u010dlove\u0161kega obstoja, \u017eivljenja ter do\u017eivljanja spolnosti in ljubezni\" \/>\n<meta name=\"robots\" content=\"index, follow, max-snippet:-1, max-image-preview:large, max-video-preview:-1\" \/>\n<link rel=\"canonical\" href=\"https:\/\/www.iskreni.net\/trgovina\/product\/ti-si-dar\/\" \/>\n<meta property=\"og:locale\" content=\"sl_SI\" \/>\n<meta property=\"og:type\" content=\"article\" \/>\n<meta property=\"og:title\" content=\"Ti si dar\" \/>\n<meta property=\"og:description\" content=\"Ti si dar - dragocen vodi\u010d mlademu \u010dloveku pri iskanju poslanstva. Osvetli temeljna vpra\u0161anja \u010dlove\u0161kega obstoja, \u017eivljenja ter do\u017eivljanja spolnosti in ljubezni\" \/>\n<meta property=\"og:url\" content=\"https:\/\/www.iskreni.net\/trgovina\/product\/ti-si-dar\/\" \/>\n<meta property=\"og:site_name\" content=\"Zavod Iskreni\" \/>\n<meta property=\"article:modified_time\" content=\"2024-01-05T09:08:42+00:00\" \/>\n<meta property=\"og:image\" content=\"https:\/\/www.iskreni.net\/trgovina\/wp-content\/uploads\/2023\/12\/3-2.jpg\" \/>\n\t<meta property=\"og:image:width\" content=\"600\" \/>\n\t<meta property=\"og:image:height\" content=\"600\" \/>\n\t<meta property=\"og:image:type\" content=\"image\/jpeg\" \/>\n<meta name=\"twitter:card\" content=\"summary_large_image\" \/>\n<meta name=\"twitter:label1\" content=\"Est. reading time\" \/>\n\t<meta name=\"twitter:data1\" content=\"3 minute\" \/>\n<script type=\"application\/ld+json\" class=\"yoast-schema-graph\">{\"@context\":\"https:\/\/schema.org\",\"@graph\":[{\"@type\":\"WebPage\",\"@id\":\"https:\/\/www.iskreni.net\/trgovina\/product\/ti-si-dar\/\",\"url\":\"https:\/\/www.iskreni.net\/trgovina\/product\/ti-si-dar\/\",\"name\":\"Ti si dar - trgovina Iskreni\",\"isPartOf\":{\"@id\":\"https:\/\/www.iskreni.net\/trgovina\/#website\"},\"primaryImageOfPage\":{\"@id\":\"https:\/\/www.iskreni.net\/trgovina\/product\/ti-si-dar\/#primaryimage\"},\"image\":{\"@id\":\"https:\/\/www.iskreni.net\/trgovina\/product\/ti-si-dar\/#primaryimage\"},\"thumbnailUrl\":\"https:\/\/www.iskreni.net\/trgovina\/wp-content\/uploads\/2023\/12\/3-2.jpg\",\"datePublished\":\"2023-12-27T14:12:17+00:00\",\"dateModified\":\"2024-01-05T09:08:42+00:00\",\"description\":\"Ti si dar - dragocen vodi\u010d mlademu \u010dloveku pri iskanju poslanstva. Osvetli temeljna vpra\u0161anja \u010dlove\u0161kega obstoja, \u017eivljenja ter do\u017eivljanja spolnosti in ljubezni\",\"breadcrumb\":{\"@id\":\"https:\/\/www.iskreni.net\/trgovina\/product\/ti-si-dar\/#breadcrumb\"},\"inLanguage\":\"sl-SI\",\"potentialAction\":[{\"@type\":\"ReadAction\",\"target\":[\"https:\/\/www.iskreni.net\/trgovina\/product\/ti-si-dar\/\"]}]},{\"@type\":\"ImageObject\",\"inLanguage\":\"sl-SI\",\"@id\":\"https:\/\/www.iskreni.net\/trgovina\/product\/ti-si-dar\/#primaryimage\",\"url\":\"https:\/\/www.iskreni.net\/trgovina\/wp-content\/uploads\/2023\/12\/3-2.jpg\",\"contentUrl\":\"https:\/\/www.iskreni.net\/trgovina\/wp-content\/uploads\/2023\/12\/3-2.jpg\",\"width\":600,\"height\":600},{\"@type\":\"BreadcrumbList\",\"@id\":\"https:\/\/www.iskreni.net\/trgovina\/product\/ti-si-dar\/#breadcrumb\",\"itemListElement\":[{\"@type\":\"ListItem\",\"position\":1,\"name\":\"Home\",\"item\":\"https:\/\/www.iskreni.net\/trgovina\/\"},{\"@type\":\"ListItem\",\"position\":2,\"name\":\"Trgovina\",\"item\":\"https:\/\/www.iskreni.net\/trgovina\/trgovina\/\"},{\"@type\":\"ListItem\",\"position\":3,\"name\":\"Ti si dar\"}]},{\"@type\":\"WebSite\",\"@id\":\"https:\/\/www.iskreni.net\/trgovina\/#website\",\"url\":\"https:\/\/www.iskreni.net\/trgovina\/\",\"name\":\"Zavod Iskreni\",\"description\":\"trgovina\",\"potentialAction\":[{\"@type\":\"SearchAction\",\"target\":{\"@type\":\"EntryPoint\",\"urlTemplate\":\"https:\/\/www.iskreni.net\/trgovina\/?s={search_term_string}\"},\"query-input\":{\"@type\":\"PropertyValueSpecification\",\"valueRequired\":true,\"valueName\":\"search_term_string\"}}],\"inLanguage\":\"sl-SI\"}]}<\/script>\n<!-- \/ Yoast SEO plugin. -->","yoast_head_json":{"title":"Ti si dar - trgovina Iskreni","description":"Ti si dar - dragocen vodi\u010d mlademu \u010dloveku pri iskanju poslanstva. Osvetli temeljna vpra\u0161anja \u010dlove\u0161kega obstoja, \u017eivljenja ter do\u017eivljanja spolnosti in ljubezni","robots":{"index":"index","follow":"follow","max-snippet":"max-snippet:-1","max-image-preview":"max-image-preview:large","max-video-preview":"max-video-preview:-1"},"canonical":"https:\/\/www.iskreni.net\/trgovina\/product\/ti-si-dar\/","og_locale":"sl_SI","og_type":"article","og_title":"Ti si dar","og_description":"Ti si dar - dragocen vodi\u010d mlademu \u010dloveku pri iskanju poslanstva. Osvetli temeljna vpra\u0161anja \u010dlove\u0161kega obstoja, \u017eivljenja ter do\u017eivljanja spolnosti in ljubezni","og_url":"https:\/\/www.iskreni.net\/trgovina\/product\/ti-si-dar\/","og_site_name":"Zavod Iskreni","article_modified_time":"2024-01-05T09:08:42+00:00","og_image":[{"width":600,"height":600,"url":"https:\/\/www.iskreni.net\/trgovina\/wp-content\/uploads\/2023\/12\/3-2.jpg","type":"image\/jpeg"}],"twitter_card":"summary_large_image","twitter_misc":{"Est. reading time":"3 minute"},"schema":{"@context":"https:\/\/schema.org","@graph":[{"@type":"WebPage","@id":"https:\/\/www.iskreni.net\/trgovina\/product\/ti-si-dar\/","url":"https:\/\/www.iskreni.net\/trgovina\/product\/ti-si-dar\/","name":"Ti si dar - trgovina Iskreni","isPartOf":{"@id":"https:\/\/www.iskreni.net\/trgovina\/#website"},"primaryImageOfPage":{"@id":"https:\/\/www.iskreni.net\/trgovina\/product\/ti-si-dar\/#primaryimage"},"image":{"@id":"https:\/\/www.iskreni.net\/trgovina\/product\/ti-si-dar\/#primaryimage"},"thumbnailUrl":"https:\/\/www.iskreni.net\/trgovina\/wp-content\/uploads\/2023\/12\/3-2.jpg","datePublished":"2023-12-27T14:12:17+00:00","dateModified":"2024-01-05T09:08:42+00:00","description":"Ti si dar - dragocen vodi\u010d mlademu \u010dloveku pri iskanju poslanstva. Osvetli temeljna vpra\u0161anja \u010dlove\u0161kega obstoja, \u017eivljenja ter do\u017eivljanja spolnosti in ljubezni","breadcrumb":{"@id":"https:\/\/www.iskreni.net\/trgovina\/product\/ti-si-dar\/#breadcrumb"},"inLanguage":"sl-SI","potentialAction":[{"@type":"ReadAction","target":["https:\/\/www.iskreni.net\/trgovina\/product\/ti-si-dar\/"]}]},{"@type":"ImageObject","inLanguage":"sl-SI","@id":"https:\/\/www.iskreni.net\/trgovina\/product\/ti-si-dar\/#primaryimage","url":"https:\/\/www.iskreni.net\/trgovina\/wp-content\/uploads\/2023\/12\/3-2.jpg","contentUrl":"https:\/\/www.iskreni.net\/trgovina\/wp-content\/uploads\/2023\/12\/3-2.jpg","width":600,"height":600},{"@type":"BreadcrumbList","@id":"https:\/\/www.iskreni.net\/trgovina\/product\/ti-si-dar\/#breadcrumb","itemListElement":[{"@type":"ListItem","position":1,"name":"Home","item":"https:\/\/www.iskreni.net\/trgovina\/"},{"@type":"ListItem","position":2,"name":"Trgovina","item":"https:\/\/www.iskreni.net\/trgovina\/trgovina\/"},{"@type":"ListItem","position":3,"name":"Ti si dar"}]},{"@type":"WebSite","@id":"https:\/\/www.iskreni.net\/trgovina\/#website","url":"https:\/\/www.iskreni.net\/trgovina\/","name":"Zavod Iskreni","description":"trgovina","potentialAction":[{"@type":"SearchAction","target":{"@type":"EntryPoint","urlTemplate":"https:\/\/www.iskreni.net\/trgovina\/?s={search_term_string}"},"query-input":{"@type":"PropertyValueSpecification","valueRequired":true,"valueName":"search_term_string"}}],"inLanguage":"sl-SI"}]}},"_links":{"self":[{"href":"https:\/\/www.iskreni.net\/trgovina\/wp-json\/wp\/v2\/product\/71918","targetHints":{"allow":["GET"]}}],"collection":[{"href":"https:\/\/www.iskreni.net\/trgovina\/wp-json\/wp\/v2\/product"}],"about":[{"href":"https:\/\/www.iskreni.net\/trgovina\/wp-json\/wp\/v2\/types\/product"}],"replies":[{"embeddable":true,"href":"https:\/\/www.iskreni.net\/trgovina\/wp-json\/wp\/v2\/comments?post=71918"}],"version-history":[{"count":5,"href":"https:\/\/www.iskreni.net\/trgovina\/wp-json\/wp\/v2\/product\/71918\/revisions"}],"predecessor-version":[{"id":74846,"href":"https:\/\/www.iskreni.net\/trgovina\/wp-json\/wp\/v2\/product\/71918\/revisions\/74846"}],"wp:featuredmedia":[{"embeddable":true,"href":"https:\/\/www.iskreni.net\/trgovina\/wp-json\/wp\/v2\/media\/71797"}],"wp:attachment":[{"href":"https:\/\/www.iskreni.net\/trgovina\/wp-json\/wp\/v2\/media?parent=71918"}],"wp:term":[{"taxonomy":"product_brand","embeddable":true,"href":"https:\/\/www.iskreni.net\/trgovina\/wp-json\/wp\/v2\/product_brand?post=71918"},{"taxonomy":"product_cat","embeddable":true,"href":"https:\/\/www.iskreni.net\/trgovina\/wp-json\/wp\/v2\/product_cat?post=71918"},{"taxonomy":"product_tag","embeddable":true,"href":"https:\/\/www.iskreni.net\/trgovina\/wp-json\/wp\/v2\/product_tag?post=71918"},{"taxonomy":"avtor","embeddable":true,"href":"https:\/\/www.iskreni.net\/trgovina\/wp-json\/wp\/v2\/avtor?post=71918"},{"taxonomy":"zalozba","embeddable":true,"href":"https:\/\/www.iskreni.net\/trgovina\/wp-json\/wp\/v2\/zalozba?post=71918"},{"taxonomy":"vezava","embeddable":true,"href":"https:\/\/www.iskreni.net\/trgovina\/wp-json\/wp\/v2\/vezava?post=71918"}],"curies":[{"name":"wp","href":"https:\/\/api.w.org\/{rel}","templated":true}]}}