{"id":71777,"date":"2023-12-20T12:02:44","date_gmt":"2023-12-20T11:02:44","guid":{"rendered":"https:\/\/www.iskreni.net\/trgovina\/?post_type=product&#038;p=71777"},"modified":"2025-11-28T11:32:41","modified_gmt":"2025-11-28T10:32:41","slug":"spregovorimo-o-smrti-in-zalovanju","status":"publish","type":"product","link":"https:\/\/www.iskreni.net\/trgovina\/product\/spregovorimo-o-smrti-in-zalovanju\/","title":{"rendered":"Spregovorimo o smrti in \u017ealovanju"},"content":{"rendered":"<h3><strong>O knjigi:<\/strong><\/h3>\n<p>Smrt globoko in bole\u010de pose\u017ee v \u017eivljenje posameznika. Zlasti \u0161e v \u017eivljenje otrok, ki so v iskanju podpore popolnoma odvisni od ravnanja odraslih oseb v njihovi bli\u017eini.<\/p>\n<p>Knjiga <strong>Spregovorimo o smrti in \u017ealovanju<\/strong> odpira prostor temam, ob katerih je pogosto te\u017eko najti primerno besedo in ki so pogosto potisnjene na rob na\u0161ega razmi\u0161ljanja. V knjigi najdemo informacije o tem\u200b, kako smrt dojemajo otroci skozi razli\u010dna starostna obdobja, kaj so zna\u010dilnosti \u017ealovanja otrok ter kako pristopiti k otroku, ki se soo\u010da s smrtjo bli\u017enje osebe.<\/p>\n<p>Knjiga bo dobrodo\u0161el ka\u017eipot vsem, ki se sre\u010dujejo z otroki\u200b, tako pedago\u0161kim kot ostalim strokovnim delavcem pa tudi star\u0161em.<\/p>\n<p>V knjigi\u00a0<strong>Spregovorimo o smrti in \u017ealovanju<\/strong> bodo bralci dobili osnovne informacije o do\u017eivljanju smrti pri otrocih v razli\u010dnih starostnih obodbjih in o temeljnih zna\u010dilnostih procesa \u017ealovanja. Predvsem pa knjiga predstavlja glavne smernice, kako ravnati, ko se soo\u010damo s smrtjo u\u010denca ali njegovega bli\u017enjega, posebej \u0161e, ko se soo\u010damo s samomor0m u\u010denca ali dijaka.<\/p>\n<h3><strong>O avtorici:<\/strong><\/h3>\n<p><strong>Ur\u0161ka Petak<\/strong> je radovedna in neizmerno pogumna raziskovalka \u017eivljenja. Pre\u017eemajo jo \u017eivljenjska modrost, osebnostna \u010dvrstost in so\u010dutje, s katerim vedno znova sprejme in podpre ljudi okoli sebe. Je iskren in zanesljiv sopotnik, na katerega se lahko zanese\u0161. Je tudi iskrena in igriva ustvarjalka pronicljivega duha. Po poklicu je psihosocialna svetovalka, edukantka psihoterapije. Skozi lastne izku\u0161nje poti \u017ealovanja in ob strokovnih izku\u0161njah tenko\u010dutno odpira prostor posameznikom, ki na svoji poti potrebujejo sopotnika. Deluje na podro\u010dju psihosocialnih stisk, zlasti na podro\u010dju \u017ealovanja otrok in mladostnikov. Poleg knji\u017eice <strong>Spregovorimo o smrti in \u017ealovanju\u00a0<\/strong>je napisala tudi priro\u010dnik za otroke, ki se soo\u010dajo z izgubo bli\u017enjega, z naslovom\u00a0<strong><a href=\"https:\/\/www.iskreni.net\/trgovina\/product\/tvoja-pot-sopotnik-skozi-izkusnjo-zalovanja\/\">Tvoja pot<\/a>.<\/strong><\/p>\n","protected":false},"excerpt":{"rendered":"<p><strong>\u0160tevilo strani:<\/strong> 47<br \/>\n<strong>Leto izdaje:<\/strong> 2023<\/p>\n<h4>Priporo\u010dila in smernice ravnanja v primerih soo\u010danja z dogodkom smrti v \u0161olah.<\/h4>\n","protected":false},"featured_media":71809,"comment_status":"open","ping_status":"closed","template":"","meta":[],"product_brand":[],"product_cat":[2327,1430,63],"product_tag":[2429,1554,1429],"avtor":[2646],"zalozba":[2647,2305],"vezava":[2307],"class_list":{"0":"post-71777","1":"product","2":"type-product","3":"status-publish","4":"has-post-thumbnail","6":"product_cat-prirocniki-in-vodniki","7":"product_cat-iz-nase-zalozbe","8":"product_cat-knjige","9":"product_tag-zalni-program","10":"product_tag-zalovanje","11":"product_tag-zavod-iskreni","12":"avtor-urska-petak","13":"zalozba-institut-tvoja-pot","14":"zalozba-zavod-iskreni","15":"vezava-mehka","17":"first","18":"instock","19":"taxable","20":"shipping-taxable","21":"purchasable","22":"product-type-simple"},"yoast_head":"<!-- This site is optimized with the Yoast SEO plugin v26.3 - https:\/\/yoast.com\/wordpress\/plugins\/seo\/ -->\n<title>Spregovorimo o smrti in \u017ealovanju - trgovina Iskreni<\/title>\n<meta name=\"description\" content=\"Spregovorimo o smrti in \u017ealovanju bo dobrodo\u0161el ka\u017eipot vsem, ki se sre\u010dujejo z otroki\u200b, tako pedago\u0161kim kot ostalim strokovnim delavcem pa tudi star\u0161em.\" \/>\n<meta name=\"robots\" content=\"index, follow, max-snippet:-1, max-image-preview:large, max-video-preview:-1\" \/>\n<link rel=\"canonical\" href=\"https:\/\/www.iskreni.net\/trgovina\/product\/spregovorimo-o-smrti-in-zalovanju\/\" \/>\n<meta property=\"og:locale\" content=\"sl_SI\" \/>\n<meta property=\"og:type\" content=\"article\" \/>\n<meta property=\"og:title\" content=\"Spregovorimo o smrti in \u017ealovanju\" \/>\n<meta property=\"og:description\" content=\"Spregovorimo o smrti in \u017ealovanju bo dobrodo\u0161el ka\u017eipot vsem, ki se sre\u010dujejo z otroki\u200b, tako pedago\u0161kim kot ostalim strokovnim delavcem pa tudi star\u0161em.\" \/>\n<meta property=\"og:url\" content=\"https:\/\/www.iskreni.net\/trgovina\/product\/spregovorimo-o-smrti-in-zalovanju\/\" \/>\n<meta property=\"og:site_name\" content=\"Zavod Iskreni\" \/>\n<meta property=\"article:modified_time\" content=\"2025-11-28T10:32:41+00:00\" \/>\n<meta property=\"og:image\" content=\"https:\/\/www.iskreni.net\/trgovina\/wp-content\/uploads\/2023\/12\/DN_1165_Iskreni_brosura_November_Tvoja-pot_zalovanje_FINALE-1.png\" \/>\n\t<meta property=\"og:image:width\" content=\"1767\" \/>\n\t<meta property=\"og:image:height\" content=\"2495\" \/>\n\t<meta property=\"og:image:type\" content=\"image\/png\" \/>\n<meta name=\"twitter:card\" content=\"summary_large_image\" \/>\n<meta name=\"twitter:label1\" content=\"Est. reading time\" \/>\n\t<meta name=\"twitter:data1\" content=\"2 minuti\" \/>\n<script type=\"application\/ld+json\" class=\"yoast-schema-graph\">{\"@context\":\"https:\/\/schema.org\",\"@graph\":[{\"@type\":\"WebPage\",\"@id\":\"https:\/\/www.iskreni.net\/trgovina\/product\/spregovorimo-o-smrti-in-zalovanju\/\",\"url\":\"https:\/\/www.iskreni.net\/trgovina\/product\/spregovorimo-o-smrti-in-zalovanju\/\",\"name\":\"Spregovorimo o smrti in \u017ealovanju - trgovina Iskreni\",\"isPartOf\":{\"@id\":\"https:\/\/www.iskreni.net\/trgovina\/#website\"},\"primaryImageOfPage\":{\"@id\":\"https:\/\/www.iskreni.net\/trgovina\/product\/spregovorimo-o-smrti-in-zalovanju\/#primaryimage\"},\"image\":{\"@id\":\"https:\/\/www.iskreni.net\/trgovina\/product\/spregovorimo-o-smrti-in-zalovanju\/#primaryimage\"},\"thumbnailUrl\":\"https:\/\/www.iskreni.net\/trgovina\/wp-content\/uploads\/2023\/12\/DN_1165_Iskreni_brosura_November_Tvoja-pot_zalovanje_FINALE-1.png\",\"datePublished\":\"2023-12-20T11:02:44+00:00\",\"dateModified\":\"2025-11-28T10:32:41+00:00\",\"description\":\"Spregovorimo o smrti in \u017ealovanju bo dobrodo\u0161el ka\u017eipot vsem, ki se sre\u010dujejo z otroki\u200b, tako pedago\u0161kim kot ostalim strokovnim delavcem pa tudi star\u0161em.\",\"breadcrumb\":{\"@id\":\"https:\/\/www.iskreni.net\/trgovina\/product\/spregovorimo-o-smrti-in-zalovanju\/#breadcrumb\"},\"inLanguage\":\"sl-SI\",\"potentialAction\":[{\"@type\":\"ReadAction\",\"target\":[\"https:\/\/www.iskreni.net\/trgovina\/product\/spregovorimo-o-smrti-in-zalovanju\/\"]}]},{\"@type\":\"ImageObject\",\"inLanguage\":\"sl-SI\",\"@id\":\"https:\/\/www.iskreni.net\/trgovina\/product\/spregovorimo-o-smrti-in-zalovanju\/#primaryimage\",\"url\":\"https:\/\/www.iskreni.net\/trgovina\/wp-content\/uploads\/2023\/12\/DN_1165_Iskreni_brosura_November_Tvoja-pot_zalovanje_FINALE-1.png\",\"contentUrl\":\"https:\/\/www.iskreni.net\/trgovina\/wp-content\/uploads\/2023\/12\/DN_1165_Iskreni_brosura_November_Tvoja-pot_zalovanje_FINALE-1.png\",\"width\":1767,\"height\":2495},{\"@type\":\"BreadcrumbList\",\"@id\":\"https:\/\/www.iskreni.net\/trgovina\/product\/spregovorimo-o-smrti-in-zalovanju\/#breadcrumb\",\"itemListElement\":[{\"@type\":\"ListItem\",\"position\":1,\"name\":\"Home\",\"item\":\"https:\/\/www.iskreni.net\/trgovina\/\"},{\"@type\":\"ListItem\",\"position\":2,\"name\":\"Trgovina\",\"item\":\"https:\/\/www.iskreni.net\/trgovina\/trgovina\/\"},{\"@type\":\"ListItem\",\"position\":3,\"name\":\"Spregovorimo o smrti in \u017ealovanju\"}]},{\"@type\":\"WebSite\",\"@id\":\"https:\/\/www.iskreni.net\/trgovina\/#website\",\"url\":\"https:\/\/www.iskreni.net\/trgovina\/\",\"name\":\"Zavod Iskreni\",\"description\":\"trgovina\",\"potentialAction\":[{\"@type\":\"SearchAction\",\"target\":{\"@type\":\"EntryPoint\",\"urlTemplate\":\"https:\/\/www.iskreni.net\/trgovina\/?s={search_term_string}\"},\"query-input\":{\"@type\":\"PropertyValueSpecification\",\"valueRequired\":true,\"valueName\":\"search_term_string\"}}],\"inLanguage\":\"sl-SI\"}]}<\/script>\n<!-- \/ Yoast SEO plugin. -->","yoast_head_json":{"title":"Spregovorimo o smrti in \u017ealovanju - trgovina Iskreni","description":"Spregovorimo o smrti in \u017ealovanju bo dobrodo\u0161el ka\u017eipot vsem, ki se sre\u010dujejo z otroki\u200b, tako pedago\u0161kim kot ostalim strokovnim delavcem pa tudi star\u0161em.","robots":{"index":"index","follow":"follow","max-snippet":"max-snippet:-1","max-image-preview":"max-image-preview:large","max-video-preview":"max-video-preview:-1"},"canonical":"https:\/\/www.iskreni.net\/trgovina\/product\/spregovorimo-o-smrti-in-zalovanju\/","og_locale":"sl_SI","og_type":"article","og_title":"Spregovorimo o smrti in \u017ealovanju","og_description":"Spregovorimo o smrti in \u017ealovanju bo dobrodo\u0161el ka\u017eipot vsem, ki se sre\u010dujejo z otroki\u200b, tako pedago\u0161kim kot ostalim strokovnim delavcem pa tudi star\u0161em.","og_url":"https:\/\/www.iskreni.net\/trgovina\/product\/spregovorimo-o-smrti-in-zalovanju\/","og_site_name":"Zavod Iskreni","article_modified_time":"2025-11-28T10:32:41+00:00","og_image":[{"width":1767,"height":2495,"url":"https:\/\/www.iskreni.net\/trgovina\/wp-content\/uploads\/2023\/12\/DN_1165_Iskreni_brosura_November_Tvoja-pot_zalovanje_FINALE-1.png","type":"image\/png"}],"twitter_card":"summary_large_image","twitter_misc":{"Est. reading time":"2 minuti"},"schema":{"@context":"https:\/\/schema.org","@graph":[{"@type":"WebPage","@id":"https:\/\/www.iskreni.net\/trgovina\/product\/spregovorimo-o-smrti-in-zalovanju\/","url":"https:\/\/www.iskreni.net\/trgovina\/product\/spregovorimo-o-smrti-in-zalovanju\/","name":"Spregovorimo o smrti in \u017ealovanju - trgovina Iskreni","isPartOf":{"@id":"https:\/\/www.iskreni.net\/trgovina\/#website"},"primaryImageOfPage":{"@id":"https:\/\/www.iskreni.net\/trgovina\/product\/spregovorimo-o-smrti-in-zalovanju\/#primaryimage"},"image":{"@id":"https:\/\/www.iskreni.net\/trgovina\/product\/spregovorimo-o-smrti-in-zalovanju\/#primaryimage"},"thumbnailUrl":"https:\/\/www.iskreni.net\/trgovina\/wp-content\/uploads\/2023\/12\/DN_1165_Iskreni_brosura_November_Tvoja-pot_zalovanje_FINALE-1.png","datePublished":"2023-12-20T11:02:44+00:00","dateModified":"2025-11-28T10:32:41+00:00","description":"Spregovorimo o smrti in \u017ealovanju bo dobrodo\u0161el ka\u017eipot vsem, ki se sre\u010dujejo z otroki\u200b, tako pedago\u0161kim kot ostalim strokovnim delavcem pa tudi star\u0161em.","breadcrumb":{"@id":"https:\/\/www.iskreni.net\/trgovina\/product\/spregovorimo-o-smrti-in-zalovanju\/#breadcrumb"},"inLanguage":"sl-SI","potentialAction":[{"@type":"ReadAction","target":["https:\/\/www.iskreni.net\/trgovina\/product\/spregovorimo-o-smrti-in-zalovanju\/"]}]},{"@type":"ImageObject","inLanguage":"sl-SI","@id":"https:\/\/www.iskreni.net\/trgovina\/product\/spregovorimo-o-smrti-in-zalovanju\/#primaryimage","url":"https:\/\/www.iskreni.net\/trgovina\/wp-content\/uploads\/2023\/12\/DN_1165_Iskreni_brosura_November_Tvoja-pot_zalovanje_FINALE-1.png","contentUrl":"https:\/\/www.iskreni.net\/trgovina\/wp-content\/uploads\/2023\/12\/DN_1165_Iskreni_brosura_November_Tvoja-pot_zalovanje_FINALE-1.png","width":1767,"height":2495},{"@type":"BreadcrumbList","@id":"https:\/\/www.iskreni.net\/trgovina\/product\/spregovorimo-o-smrti-in-zalovanju\/#breadcrumb","itemListElement":[{"@type":"ListItem","position":1,"name":"Home","item":"https:\/\/www.iskreni.net\/trgovina\/"},{"@type":"ListItem","position":2,"name":"Trgovina","item":"https:\/\/www.iskreni.net\/trgovina\/trgovina\/"},{"@type":"ListItem","position":3,"name":"Spregovorimo o smrti in \u017ealovanju"}]},{"@type":"WebSite","@id":"https:\/\/www.iskreni.net\/trgovina\/#website","url":"https:\/\/www.iskreni.net\/trgovina\/","name":"Zavod Iskreni","description":"trgovina","potentialAction":[{"@type":"SearchAction","target":{"@type":"EntryPoint","urlTemplate":"https:\/\/www.iskreni.net\/trgovina\/?s={search_term_string}"},"query-input":{"@type":"PropertyValueSpecification","valueRequired":true,"valueName":"search_term_string"}}],"inLanguage":"sl-SI"}]}},"_links":{"self":[{"href":"https:\/\/www.iskreni.net\/trgovina\/wp-json\/wp\/v2\/product\/71777","targetHints":{"allow":["GET"]}}],"collection":[{"href":"https:\/\/www.iskreni.net\/trgovina\/wp-json\/wp\/v2\/product"}],"about":[{"href":"https:\/\/www.iskreni.net\/trgovina\/wp-json\/wp\/v2\/types\/product"}],"replies":[{"embeddable":true,"href":"https:\/\/www.iskreni.net\/trgovina\/wp-json\/wp\/v2\/comments?post=71777"}],"version-history":[{"count":9,"href":"https:\/\/www.iskreni.net\/trgovina\/wp-json\/wp\/v2\/product\/71777\/revisions"}],"predecessor-version":[{"id":72675,"href":"https:\/\/www.iskreni.net\/trgovina\/wp-json\/wp\/v2\/product\/71777\/revisions\/72675"}],"wp:featuredmedia":[{"embeddable":true,"href":"https:\/\/www.iskreni.net\/trgovina\/wp-json\/wp\/v2\/media\/71809"}],"wp:attachment":[{"href":"https:\/\/www.iskreni.net\/trgovina\/wp-json\/wp\/v2\/media?parent=71777"}],"wp:term":[{"taxonomy":"product_brand","embeddable":true,"href":"https:\/\/www.iskreni.net\/trgovina\/wp-json\/wp\/v2\/product_brand?post=71777"},{"taxonomy":"product_cat","embeddable":true,"href":"https:\/\/www.iskreni.net\/trgovina\/wp-json\/wp\/v2\/product_cat?post=71777"},{"taxonomy":"product_tag","embeddable":true,"href":"https:\/\/www.iskreni.net\/trgovina\/wp-json\/wp\/v2\/product_tag?post=71777"},{"taxonomy":"avtor","embeddable":true,"href":"https:\/\/www.iskreni.net\/trgovina\/wp-json\/wp\/v2\/avtor?post=71777"},{"taxonomy":"zalozba","embeddable":true,"href":"https:\/\/www.iskreni.net\/trgovina\/wp-json\/wp\/v2\/zalozba?post=71777"},{"taxonomy":"vezava","embeddable":true,"href":"https:\/\/www.iskreni.net\/trgovina\/wp-json\/wp\/v2\/vezava?post=71777"}],"curies":[{"name":"wp","href":"https:\/\/api.w.org\/{rel}","templated":true}]}}