{"id":71281,"date":"2023-12-08T14:17:36","date_gmt":"2023-12-08T13:17:36","guid":{"rendered":"https:\/\/www.iskreni.net\/trgovina\/?post_type=product&#038;p=71281"},"modified":"2023-12-28T15:02:27","modified_gmt":"2023-12-28T14:02:27","slug":"prijatelji-s-svetniskim-sijem","status":"publish","type":"product","link":"https:\/\/www.iskreni.net\/trgovina\/product\/prijatelji-s-svetniskim-sijem\/","title":{"rendered":"Prijatelji s svetni\u0161kim sijem"},"content":{"rendered":"<h4>O knjigi Prijatelji s svetni\u0161kim sijem<\/h4>\n<p>\u017deli\u0161 spoznati 32 svetnikov? To so mo\u017eje in \u017eene, majhni in veliki, iz preteklosti in sedanjosti, ki \u017eelijo tudi tebi sporo\u010diti nekaj izredno pomembnega. Morda ima\u0161 tudi ti kak\u0161nega svetnika ali svetnico, ki ti je zelo pri srcu. Zakaj ne bi odkril \u0161e drugih? Vsi prina\u0161ajo isto sporo\u010dilo:<\/p>\n<p>\u00bbPotopi se v evangelij, nato pa pojdi po svetu poln ljubezni!\u00ab<\/p>\n<p>Vsak od njih nam ka\u017ee, kako lahko to povabilo spremenimo v resni\u010dnost.<\/p>\n<p>V knjigi bo\u0161 na\u0161el 32 kratkih zgodb in nekaj zabavnih nalog, da bo\u0161 spoznal njihovo \u017eivljenje in simbole, ki jih predstavljajo.<\/p>\n<h4><strong>Odlomek iz knjige<\/strong><\/h4>\n<p><strong>Lucija<\/strong><\/p>\n<p>Lucija je zavetnica Sirakuz, kjer je bila rojena in kjer so jo med preganjanjem leta 304 tudi usmrtili.<\/p>\n<p>O njej nimamo trdnih podatkov: po izro\u010dilu naj bi se Lucija po \u010dude\u017enem ozdravljenju svoje matere odlo\u010dila, da se ne bo poro\u010dila, temve\u010d bo svoje \u017eivljenje posvetila Bogu. Njen zaro\u010denec jo je sku\u0161al prepri\u010dati v nasprotno, a mu ni uspelo, zato je oblastem prijavil, da je kristjanka. Ker je bilo kr\u0161\u010danstvo takrat prepovedano, so Lucijo zaprli.<\/p>\n<p>\u010ceprav je bila zelo mlada, je pogumno prena\u0161ala mu\u010denje, celo takrat, ko so jo oslepili. Lucija se je raje odpovedala temu, da bi \u0161e kdaj videla lu\u010d sonca, kot da bi se odpovedala lu\u010di vere.<\/p>\n<p>Po neki drugi legendi naj bi si Lucija, katere ime pomeni prina\u0161alka lu\u010di, na glavo posadila sve\u010do, da bi lahko hodila po temnih katakombah, podzemnem zato\u010di\u0161\u010du kristjanov. Na \u0160vedskem, Norve\u0161kem in Danskem svetnico upodabljajo s krono iz sedmih sve\u010d. Tam se deklice 13. decembra oble\u010dejo v bela obla\u010dila in se odpravijo na ulice, kjer pojejo pesmi, na glavi pa nosijo krono iz sve\u010d.<\/p>\n<p>V skandinavskih de\u017eelah, pa tudi v nekaterih italijanskih mestih, sveta Lucija skupaj z osli\u010dkom prina\u0161a darila. Za osli\u010dka pripravijo nekaj sena in korenje. \u010ce pa kak\u0161en otrok ostane buden, da bi oprezal za Lucijo, mu v o\u010di vr\u017ee prgi\u0161\u010de pepela, darila pa odnese s seboj.<\/p>\n<p>Lucija je zavetnica o\u010di in okulistov.<\/p>\n","protected":false},"excerpt":{"rendered":"<p><strong>Leto izdaje:<\/strong> 2023<br \/>\n<strong>\u0160tevilo strani:<\/strong> 80<br \/>\n<strong>Mere:<\/strong> 115 x 185 mm<\/p>\n<p>Ilustrirana knjiga o 32 svetnikih za mlade bralce z zabavnimi nalogami za re\u0161evanje ter prilo\u017eenimi karticami za igro spomin.<\/p>\n","protected":false},"featured_media":71290,"comment_status":"open","ping_status":"closed","template":"","meta":[],"product_brand":[],"product_cat":[2324,2350,135],"product_tag":[1619],"avtor":[2632],"zalozba":[2311],"vezava":[2307],"class_list":{"0":"post-71281","1":"product","2":"type-product","3":"status-publish","4":"has-post-thumbnail","6":"product_cat-duhovnost-in-osebna-rast","7":"product_cat-za-mlade","8":"product_cat-za-otroke","9":"product_tag-svetniki","10":"avtor-maria-vago","11":"zalozba-druzina","12":"vezava-mehka","14":"first","15":"instock","16":"taxable","17":"shipping-taxable","18":"purchasable","19":"product-type-simple"},"yoast_head":"<!-- This site is optimized with the Yoast SEO plugin v26.3 - https:\/\/yoast.com\/wordpress\/plugins\/seo\/ -->\n<title>Prijatelji s svetni\u0161kim sijem - trgovina Iskreni<\/title>\n<meta name=\"description\" content=\"Prijatelji s svetni\u0161kim sijem - knjiga za mlade bralce o 32 svetnikih, z zabavnimi nalogami za re\u0161evanje ter prilo\u017eenimi karticami za igro spomin.\" \/>\n<meta name=\"robots\" content=\"index, follow, max-snippet:-1, max-image-preview:large, max-video-preview:-1\" \/>\n<link rel=\"canonical\" href=\"https:\/\/www.iskreni.net\/trgovina\/product\/prijatelji-s-svetniskim-sijem\/\" \/>\n<meta property=\"og:locale\" content=\"sl_SI\" \/>\n<meta property=\"og:type\" content=\"article\" \/>\n<meta property=\"og:title\" content=\"Prijatelji s svetni\u0161kim sijem\" \/>\n<meta property=\"og:description\" content=\"Prijatelji s svetni\u0161kim sijem - Ilustrirana knjiga o 32 svetnikih za mlade bralce z zabavnimi nalogami za re\u0161evanje ter prilo\u017eenimi karticami za igro spomin.\" \/>\n<meta property=\"og:url\" content=\"https:\/\/www.iskreni.net\/trgovina\/product\/prijatelji-s-svetniskim-sijem\/\" \/>\n<meta property=\"og:site_name\" content=\"Zavod Iskreni\" \/>\n<meta property=\"article:modified_time\" content=\"2023-12-28T14:02:27+00:00\" \/>\n<meta property=\"og:image\" content=\"https:\/\/www.iskreni.net\/trgovina\/wp-content\/uploads\/2023\/12\/3.jpg\" \/>\n\t<meta property=\"og:image:width\" content=\"600\" \/>\n\t<meta property=\"og:image:height\" content=\"600\" \/>\n\t<meta property=\"og:image:type\" content=\"image\/jpeg\" \/>\n<meta name=\"twitter:card\" content=\"summary_large_image\" \/>\n<meta name=\"twitter:label1\" content=\"Est. reading time\" \/>\n\t<meta name=\"twitter:data1\" content=\"2 minuti\" \/>\n<script type=\"application\/ld+json\" class=\"yoast-schema-graph\">{\"@context\":\"https:\/\/schema.org\",\"@graph\":[{\"@type\":\"WebPage\",\"@id\":\"https:\/\/www.iskreni.net\/trgovina\/product\/prijatelji-s-svetniskim-sijem\/\",\"url\":\"https:\/\/www.iskreni.net\/trgovina\/product\/prijatelji-s-svetniskim-sijem\/\",\"name\":\"Prijatelji s svetni\u0161kim sijem - trgovina Iskreni\",\"isPartOf\":{\"@id\":\"https:\/\/www.iskreni.net\/trgovina\/#website\"},\"primaryImageOfPage\":{\"@id\":\"https:\/\/www.iskreni.net\/trgovina\/product\/prijatelji-s-svetniskim-sijem\/#primaryimage\"},\"image\":{\"@id\":\"https:\/\/www.iskreni.net\/trgovina\/product\/prijatelji-s-svetniskim-sijem\/#primaryimage\"},\"thumbnailUrl\":\"https:\/\/www.iskreni.net\/trgovina\/wp-content\/uploads\/2023\/12\/3.jpg\",\"datePublished\":\"2023-12-08T13:17:36+00:00\",\"dateModified\":\"2023-12-28T14:02:27+00:00\",\"description\":\"Prijatelji s svetni\u0161kim sijem - knjiga za mlade bralce o 32 svetnikih, z zabavnimi nalogami za re\u0161evanje ter prilo\u017eenimi karticami za igro spomin.\",\"breadcrumb\":{\"@id\":\"https:\/\/www.iskreni.net\/trgovina\/product\/prijatelji-s-svetniskim-sijem\/#breadcrumb\"},\"inLanguage\":\"sl-SI\",\"potentialAction\":[{\"@type\":\"ReadAction\",\"target\":[\"https:\/\/www.iskreni.net\/trgovina\/product\/prijatelji-s-svetniskim-sijem\/\"]}]},{\"@type\":\"ImageObject\",\"inLanguage\":\"sl-SI\",\"@id\":\"https:\/\/www.iskreni.net\/trgovina\/product\/prijatelji-s-svetniskim-sijem\/#primaryimage\",\"url\":\"https:\/\/www.iskreni.net\/trgovina\/wp-content\/uploads\/2023\/12\/3.jpg\",\"contentUrl\":\"https:\/\/www.iskreni.net\/trgovina\/wp-content\/uploads\/2023\/12\/3.jpg\",\"width\":600,\"height\":600},{\"@type\":\"BreadcrumbList\",\"@id\":\"https:\/\/www.iskreni.net\/trgovina\/product\/prijatelji-s-svetniskim-sijem\/#breadcrumb\",\"itemListElement\":[{\"@type\":\"ListItem\",\"position\":1,\"name\":\"Home\",\"item\":\"https:\/\/www.iskreni.net\/trgovina\/\"},{\"@type\":\"ListItem\",\"position\":2,\"name\":\"Trgovina\",\"item\":\"https:\/\/www.iskreni.net\/trgovina\/trgovina\/\"},{\"@type\":\"ListItem\",\"position\":3,\"name\":\"Prijatelji s svetni\u0161kim sijem\"}]},{\"@type\":\"WebSite\",\"@id\":\"https:\/\/www.iskreni.net\/trgovina\/#website\",\"url\":\"https:\/\/www.iskreni.net\/trgovina\/\",\"name\":\"Zavod Iskreni\",\"description\":\"trgovina\",\"potentialAction\":[{\"@type\":\"SearchAction\",\"target\":{\"@type\":\"EntryPoint\",\"urlTemplate\":\"https:\/\/www.iskreni.net\/trgovina\/?s={search_term_string}\"},\"query-input\":{\"@type\":\"PropertyValueSpecification\",\"valueRequired\":true,\"valueName\":\"search_term_string\"}}],\"inLanguage\":\"sl-SI\"}]}<\/script>\n<!-- \/ Yoast SEO plugin. -->","yoast_head_json":{"title":"Prijatelji s svetni\u0161kim sijem - trgovina Iskreni","description":"Prijatelji s svetni\u0161kim sijem - knjiga za mlade bralce o 32 svetnikih, z zabavnimi nalogami za re\u0161evanje ter prilo\u017eenimi karticami za igro spomin.","robots":{"index":"index","follow":"follow","max-snippet":"max-snippet:-1","max-image-preview":"max-image-preview:large","max-video-preview":"max-video-preview:-1"},"canonical":"https:\/\/www.iskreni.net\/trgovina\/product\/prijatelji-s-svetniskim-sijem\/","og_locale":"sl_SI","og_type":"article","og_title":"Prijatelji s svetni\u0161kim sijem","og_description":"Prijatelji s svetni\u0161kim sijem - Ilustrirana knjiga o 32 svetnikih za mlade bralce z zabavnimi nalogami za re\u0161evanje ter prilo\u017eenimi karticami za igro spomin.","og_url":"https:\/\/www.iskreni.net\/trgovina\/product\/prijatelji-s-svetniskim-sijem\/","og_site_name":"Zavod Iskreni","article_modified_time":"2023-12-28T14:02:27+00:00","og_image":[{"width":600,"height":600,"url":"https:\/\/www.iskreni.net\/trgovina\/wp-content\/uploads\/2023\/12\/3.jpg","type":"image\/jpeg"}],"twitter_card":"summary_large_image","twitter_misc":{"Est. reading time":"2 minuti"},"schema":{"@context":"https:\/\/schema.org","@graph":[{"@type":"WebPage","@id":"https:\/\/www.iskreni.net\/trgovina\/product\/prijatelji-s-svetniskim-sijem\/","url":"https:\/\/www.iskreni.net\/trgovina\/product\/prijatelji-s-svetniskim-sijem\/","name":"Prijatelji s svetni\u0161kim sijem - trgovina Iskreni","isPartOf":{"@id":"https:\/\/www.iskreni.net\/trgovina\/#website"},"primaryImageOfPage":{"@id":"https:\/\/www.iskreni.net\/trgovina\/product\/prijatelji-s-svetniskim-sijem\/#primaryimage"},"image":{"@id":"https:\/\/www.iskreni.net\/trgovina\/product\/prijatelji-s-svetniskim-sijem\/#primaryimage"},"thumbnailUrl":"https:\/\/www.iskreni.net\/trgovina\/wp-content\/uploads\/2023\/12\/3.jpg","datePublished":"2023-12-08T13:17:36+00:00","dateModified":"2023-12-28T14:02:27+00:00","description":"Prijatelji s svetni\u0161kim sijem - knjiga za mlade bralce o 32 svetnikih, z zabavnimi nalogami za re\u0161evanje ter prilo\u017eenimi karticami za igro spomin.","breadcrumb":{"@id":"https:\/\/www.iskreni.net\/trgovina\/product\/prijatelji-s-svetniskim-sijem\/#breadcrumb"},"inLanguage":"sl-SI","potentialAction":[{"@type":"ReadAction","target":["https:\/\/www.iskreni.net\/trgovina\/product\/prijatelji-s-svetniskim-sijem\/"]}]},{"@type":"ImageObject","inLanguage":"sl-SI","@id":"https:\/\/www.iskreni.net\/trgovina\/product\/prijatelji-s-svetniskim-sijem\/#primaryimage","url":"https:\/\/www.iskreni.net\/trgovina\/wp-content\/uploads\/2023\/12\/3.jpg","contentUrl":"https:\/\/www.iskreni.net\/trgovina\/wp-content\/uploads\/2023\/12\/3.jpg","width":600,"height":600},{"@type":"BreadcrumbList","@id":"https:\/\/www.iskreni.net\/trgovina\/product\/prijatelji-s-svetniskim-sijem\/#breadcrumb","itemListElement":[{"@type":"ListItem","position":1,"name":"Home","item":"https:\/\/www.iskreni.net\/trgovina\/"},{"@type":"ListItem","position":2,"name":"Trgovina","item":"https:\/\/www.iskreni.net\/trgovina\/trgovina\/"},{"@type":"ListItem","position":3,"name":"Prijatelji s svetni\u0161kim sijem"}]},{"@type":"WebSite","@id":"https:\/\/www.iskreni.net\/trgovina\/#website","url":"https:\/\/www.iskreni.net\/trgovina\/","name":"Zavod Iskreni","description":"trgovina","potentialAction":[{"@type":"SearchAction","target":{"@type":"EntryPoint","urlTemplate":"https:\/\/www.iskreni.net\/trgovina\/?s={search_term_string}"},"query-input":{"@type":"PropertyValueSpecification","valueRequired":true,"valueName":"search_term_string"}}],"inLanguage":"sl-SI"}]}},"_links":{"self":[{"href":"https:\/\/www.iskreni.net\/trgovina\/wp-json\/wp\/v2\/product\/71281","targetHints":{"allow":["GET"]}}],"collection":[{"href":"https:\/\/www.iskreni.net\/trgovina\/wp-json\/wp\/v2\/product"}],"about":[{"href":"https:\/\/www.iskreni.net\/trgovina\/wp-json\/wp\/v2\/types\/product"}],"replies":[{"embeddable":true,"href":"https:\/\/www.iskreni.net\/trgovina\/wp-json\/wp\/v2\/comments?post=71281"}],"version-history":[{"count":3,"href":"https:\/\/www.iskreni.net\/trgovina\/wp-json\/wp\/v2\/product\/71281\/revisions"}],"predecessor-version":[{"id":71296,"href":"https:\/\/www.iskreni.net\/trgovina\/wp-json\/wp\/v2\/product\/71281\/revisions\/71296"}],"wp:featuredmedia":[{"embeddable":true,"href":"https:\/\/www.iskreni.net\/trgovina\/wp-json\/wp\/v2\/media\/71290"}],"wp:attachment":[{"href":"https:\/\/www.iskreni.net\/trgovina\/wp-json\/wp\/v2\/media?parent=71281"}],"wp:term":[{"taxonomy":"product_brand","embeddable":true,"href":"https:\/\/www.iskreni.net\/trgovina\/wp-json\/wp\/v2\/product_brand?post=71281"},{"taxonomy":"product_cat","embeddable":true,"href":"https:\/\/www.iskreni.net\/trgovina\/wp-json\/wp\/v2\/product_cat?post=71281"},{"taxonomy":"product_tag","embeddable":true,"href":"https:\/\/www.iskreni.net\/trgovina\/wp-json\/wp\/v2\/product_tag?post=71281"},{"taxonomy":"avtor","embeddable":true,"href":"https:\/\/www.iskreni.net\/trgovina\/wp-json\/wp\/v2\/avtor?post=71281"},{"taxonomy":"zalozba","embeddable":true,"href":"https:\/\/www.iskreni.net\/trgovina\/wp-json\/wp\/v2\/zalozba?post=71281"},{"taxonomy":"vezava","embeddable":true,"href":"https:\/\/www.iskreni.net\/trgovina\/wp-json\/wp\/v2\/vezava?post=71281"}],"curies":[{"name":"wp","href":"https:\/\/api.w.org\/{rel}","templated":true}]}}