{"id":71273,"date":"2023-12-08T14:09:15","date_gmt":"2023-12-08T13:09:15","guid":{"rendered":"https:\/\/www.iskreni.net\/trgovina\/?post_type=product&#038;p=71273"},"modified":"2023-12-08T14:09:16","modified_gmt":"2023-12-08T13:09:16","slug":"praznim-pred-prazniki-bozicna-devetdnevnica","status":"publish","type":"product","link":"https:\/\/www.iskreni.net\/trgovina\/product\/praznim-pred-prazniki-bozicna-devetdnevnica\/","title":{"rendered":"Praznim pred prazniki &#8211; bo\u017ei\u010dna devetdnevnica"},"content":{"rendered":"<h3 id=\"anchor-o-izdelku\" class=\"title\">O knjigi Praznim pred prazniki<\/h3>\n<div class=\"tab-description js-tab-singleProduct-description content-tab\">\n<p>Praznike naredijo priprave. Na praznike lahko zelo hitro ostanemo prazni.<br \/>\nPozabimo, da je bistvo bo\u017ei\u010da v tem, da se je vsemogo\u010dni, vseljube\u010di Bog spustil k nam na Zemljo in se rodil kot nebogljen dojen\u010dek, da bi nam dal sebe. Da bi nam dal svojo ljubezen, usmiljenje, so\u010dutje, milino in nam sporo\u010dil: \u201cRad te imam. To\u010dno takega, kot si.\u201d In to je v resnici dale\u010d najve\u010dje darilo. Najve\u010dje polnjenje na\u0161ih src. Ne lu\u010dke, ne omamno di\u0161e\u010di vonj po cimetu in sladkorju, ne bo\u017ei\u010dna glasba iz zvo\u010dnikov, kopica dogodkov \u2026<\/p>\n<p>To je povabilo leto\u0161nje bo\u017ei\u010dne devetdnevnice: odpravimo se skupaj na pot iskanja najve\u010djega darila.<\/p>\n<\/div>\n<p><a href=\"https:\/\/www.iskreni.net\/trgovina\/wp-content\/uploads\/2023\/11\/Bozicna_devetdnevnica2023_splet.pdf\">PRELISTAJ<\/a><\/p>\n<p>&nbsp;<\/p>\n","protected":false},"excerpt":{"rendered":"<p><strong>Leto izdaje:<\/strong> 2023<br \/>\n<strong>\u0160tevilo strani:<\/strong> 40<\/p>\n<p>Odpravimo se skupaj na pot iskanja najve\u010djega darila.<\/p>\n<p><a href=\"https:\/\/www.iskreni.net\/trgovina\/wp-content\/uploads\/2023\/11\/Bozicna_devetdnevnica2023_splet.pdf\">PRELISTAJ<\/a><\/p>\n<p>&nbsp;<\/p>\n","protected":false},"featured_media":71042,"comment_status":"open","ping_status":"closed","template":"","meta":[],"product_brand":[],"product_cat":[2324,63],"product_tag":[1344],"avtor":[2630],"zalozba":[2336],"vezava":[2307],"class_list":{"0":"post-71273","1":"product","2":"type-product","3":"status-publish","4":"has-post-thumbnail","6":"product_cat-duhovnost-in-osebna-rast","7":"product_cat-knjige","8":"product_tag-advent-in-bozic","9":"avtor-darja-ovsenik","10":"zalozba-salve","11":"vezava-mehka","13":"first","14":"instock","15":"taxable","16":"shipping-taxable","17":"purchasable","18":"product-type-simple"},"yoast_head":"<!-- This site is optimized with the Yoast SEO plugin v26.3 - https:\/\/yoast.com\/wordpress\/plugins\/seo\/ -->\n<title>Praznim pred prazniki - trgovina Iskreni<\/title>\n<meta name=\"description\" content=\"Praznim pred prazniki - bo\u017ei\u010dna devetdnevnica, ki nas vabi, da se skupaj odpravimo na pot iskanja najve\u010djega darila, da na praznike ne bomo ostali prazni.\" \/>\n<meta name=\"robots\" content=\"index, follow, max-snippet:-1, max-image-preview:large, max-video-preview:-1\" \/>\n<link rel=\"canonical\" href=\"https:\/\/www.iskreni.net\/trgovina\/product\/praznim-pred-prazniki-bozicna-devetdnevnica\/\" \/>\n<meta property=\"og:locale\" content=\"sl_SI\" \/>\n<meta property=\"og:type\" content=\"article\" \/>\n<meta property=\"og:title\" content=\"Praznim pred prazniki\" \/>\n<meta property=\"og:description\" content=\"Praznim pred prazniki - bo\u017ei\u010dna devetdnevnica, ki nas vabi, da se skupaj odpravimo na pot iskanja najve\u010djega darila, da na praznike ne bomo ostali prazni.\" \/>\n<meta property=\"og:url\" content=\"https:\/\/www.iskreni.net\/trgovina\/product\/praznim-pred-prazniki-bozicna-devetdnevnica\/\" \/>\n<meta property=\"og:site_name\" content=\"Zavod Iskreni\" \/>\n<meta property=\"article:modified_time\" content=\"2023-12-08T13:09:16+00:00\" \/>\n<meta property=\"og:image\" content=\"https:\/\/www.iskreni.net\/trgovina\/wp-content\/uploads\/2023\/11\/1-1.jpg\" \/>\n\t<meta property=\"og:image:width\" content=\"600\" \/>\n\t<meta property=\"og:image:height\" content=\"600\" \/>\n\t<meta property=\"og:image:type\" content=\"image\/jpeg\" \/>\n<meta name=\"twitter:card\" content=\"summary_large_image\" \/>\n<meta name=\"twitter:label1\" content=\"Est. reading time\" \/>\n\t<meta name=\"twitter:data1\" content=\"1 minuta\" \/>\n<script type=\"application\/ld+json\" class=\"yoast-schema-graph\">{\"@context\":\"https:\/\/schema.org\",\"@graph\":[{\"@type\":\"WebPage\",\"@id\":\"https:\/\/www.iskreni.net\/trgovina\/product\/praznim-pred-prazniki-bozicna-devetdnevnica\/\",\"url\":\"https:\/\/www.iskreni.net\/trgovina\/product\/praznim-pred-prazniki-bozicna-devetdnevnica\/\",\"name\":\"Praznim pred prazniki - trgovina Iskreni\",\"isPartOf\":{\"@id\":\"https:\/\/www.iskreni.net\/trgovina\/#website\"},\"primaryImageOfPage\":{\"@id\":\"https:\/\/www.iskreni.net\/trgovina\/product\/praznim-pred-prazniki-bozicna-devetdnevnica\/#primaryimage\"},\"image\":{\"@id\":\"https:\/\/www.iskreni.net\/trgovina\/product\/praznim-pred-prazniki-bozicna-devetdnevnica\/#primaryimage\"},\"thumbnailUrl\":\"https:\/\/www.iskreni.net\/trgovina\/wp-content\/uploads\/2023\/11\/1-1.jpg\",\"datePublished\":\"2023-12-08T13:09:15+00:00\",\"dateModified\":\"2023-12-08T13:09:16+00:00\",\"description\":\"Praznim pred prazniki - bo\u017ei\u010dna devetdnevnica, ki nas vabi, da se skupaj odpravimo na pot iskanja najve\u010djega darila, da na praznike ne bomo ostali prazni.\",\"breadcrumb\":{\"@id\":\"https:\/\/www.iskreni.net\/trgovina\/product\/praznim-pred-prazniki-bozicna-devetdnevnica\/#breadcrumb\"},\"inLanguage\":\"sl-SI\",\"potentialAction\":[{\"@type\":\"ReadAction\",\"target\":[\"https:\/\/www.iskreni.net\/trgovina\/product\/praznim-pred-prazniki-bozicna-devetdnevnica\/\"]}]},{\"@type\":\"ImageObject\",\"inLanguage\":\"sl-SI\",\"@id\":\"https:\/\/www.iskreni.net\/trgovina\/product\/praznim-pred-prazniki-bozicna-devetdnevnica\/#primaryimage\",\"url\":\"https:\/\/www.iskreni.net\/trgovina\/wp-content\/uploads\/2023\/11\/1-1.jpg\",\"contentUrl\":\"https:\/\/www.iskreni.net\/trgovina\/wp-content\/uploads\/2023\/11\/1-1.jpg\",\"width\":600,\"height\":600},{\"@type\":\"BreadcrumbList\",\"@id\":\"https:\/\/www.iskreni.net\/trgovina\/product\/praznim-pred-prazniki-bozicna-devetdnevnica\/#breadcrumb\",\"itemListElement\":[{\"@type\":\"ListItem\",\"position\":1,\"name\":\"Home\",\"item\":\"https:\/\/www.iskreni.net\/trgovina\/\"},{\"@type\":\"ListItem\",\"position\":2,\"name\":\"Trgovina\",\"item\":\"https:\/\/www.iskreni.net\/trgovina\/trgovina\/\"},{\"@type\":\"ListItem\",\"position\":3,\"name\":\"Praznim pred prazniki &#8211; bo\u017ei\u010dna devetdnevnica\"}]},{\"@type\":\"WebSite\",\"@id\":\"https:\/\/www.iskreni.net\/trgovina\/#website\",\"url\":\"https:\/\/www.iskreni.net\/trgovina\/\",\"name\":\"Zavod Iskreni\",\"description\":\"trgovina\",\"potentialAction\":[{\"@type\":\"SearchAction\",\"target\":{\"@type\":\"EntryPoint\",\"urlTemplate\":\"https:\/\/www.iskreni.net\/trgovina\/?s={search_term_string}\"},\"query-input\":{\"@type\":\"PropertyValueSpecification\",\"valueRequired\":true,\"valueName\":\"search_term_string\"}}],\"inLanguage\":\"sl-SI\"}]}<\/script>\n<!-- \/ Yoast SEO plugin. -->","yoast_head_json":{"title":"Praznim pred prazniki - trgovina Iskreni","description":"Praznim pred prazniki - bo\u017ei\u010dna devetdnevnica, ki nas vabi, da se skupaj odpravimo na pot iskanja najve\u010djega darila, da na praznike ne bomo ostali prazni.","robots":{"index":"index","follow":"follow","max-snippet":"max-snippet:-1","max-image-preview":"max-image-preview:large","max-video-preview":"max-video-preview:-1"},"canonical":"https:\/\/www.iskreni.net\/trgovina\/product\/praznim-pred-prazniki-bozicna-devetdnevnica\/","og_locale":"sl_SI","og_type":"article","og_title":"Praznim pred prazniki","og_description":"Praznim pred prazniki - bo\u017ei\u010dna devetdnevnica, ki nas vabi, da se skupaj odpravimo na pot iskanja najve\u010djega darila, da na praznike ne bomo ostali prazni.","og_url":"https:\/\/www.iskreni.net\/trgovina\/product\/praznim-pred-prazniki-bozicna-devetdnevnica\/","og_site_name":"Zavod Iskreni","article_modified_time":"2023-12-08T13:09:16+00:00","og_image":[{"width":600,"height":600,"url":"https:\/\/www.iskreni.net\/trgovina\/wp-content\/uploads\/2023\/11\/1-1.jpg","type":"image\/jpeg"}],"twitter_card":"summary_large_image","twitter_misc":{"Est. reading time":"1 minuta"},"schema":{"@context":"https:\/\/schema.org","@graph":[{"@type":"WebPage","@id":"https:\/\/www.iskreni.net\/trgovina\/product\/praznim-pred-prazniki-bozicna-devetdnevnica\/","url":"https:\/\/www.iskreni.net\/trgovina\/product\/praznim-pred-prazniki-bozicna-devetdnevnica\/","name":"Praznim pred prazniki - trgovina Iskreni","isPartOf":{"@id":"https:\/\/www.iskreni.net\/trgovina\/#website"},"primaryImageOfPage":{"@id":"https:\/\/www.iskreni.net\/trgovina\/product\/praznim-pred-prazniki-bozicna-devetdnevnica\/#primaryimage"},"image":{"@id":"https:\/\/www.iskreni.net\/trgovina\/product\/praznim-pred-prazniki-bozicna-devetdnevnica\/#primaryimage"},"thumbnailUrl":"https:\/\/www.iskreni.net\/trgovina\/wp-content\/uploads\/2023\/11\/1-1.jpg","datePublished":"2023-12-08T13:09:15+00:00","dateModified":"2023-12-08T13:09:16+00:00","description":"Praznim pred prazniki - bo\u017ei\u010dna devetdnevnica, ki nas vabi, da se skupaj odpravimo na pot iskanja najve\u010djega darila, da na praznike ne bomo ostali prazni.","breadcrumb":{"@id":"https:\/\/www.iskreni.net\/trgovina\/product\/praznim-pred-prazniki-bozicna-devetdnevnica\/#breadcrumb"},"inLanguage":"sl-SI","potentialAction":[{"@type":"ReadAction","target":["https:\/\/www.iskreni.net\/trgovina\/product\/praznim-pred-prazniki-bozicna-devetdnevnica\/"]}]},{"@type":"ImageObject","inLanguage":"sl-SI","@id":"https:\/\/www.iskreni.net\/trgovina\/product\/praznim-pred-prazniki-bozicna-devetdnevnica\/#primaryimage","url":"https:\/\/www.iskreni.net\/trgovina\/wp-content\/uploads\/2023\/11\/1-1.jpg","contentUrl":"https:\/\/www.iskreni.net\/trgovina\/wp-content\/uploads\/2023\/11\/1-1.jpg","width":600,"height":600},{"@type":"BreadcrumbList","@id":"https:\/\/www.iskreni.net\/trgovina\/product\/praznim-pred-prazniki-bozicna-devetdnevnica\/#breadcrumb","itemListElement":[{"@type":"ListItem","position":1,"name":"Home","item":"https:\/\/www.iskreni.net\/trgovina\/"},{"@type":"ListItem","position":2,"name":"Trgovina","item":"https:\/\/www.iskreni.net\/trgovina\/trgovina\/"},{"@type":"ListItem","position":3,"name":"Praznim pred prazniki &#8211; bo\u017ei\u010dna devetdnevnica"}]},{"@type":"WebSite","@id":"https:\/\/www.iskreni.net\/trgovina\/#website","url":"https:\/\/www.iskreni.net\/trgovina\/","name":"Zavod Iskreni","description":"trgovina","potentialAction":[{"@type":"SearchAction","target":{"@type":"EntryPoint","urlTemplate":"https:\/\/www.iskreni.net\/trgovina\/?s={search_term_string}"},"query-input":{"@type":"PropertyValueSpecification","valueRequired":true,"valueName":"search_term_string"}}],"inLanguage":"sl-SI"}]}},"_links":{"self":[{"href":"https:\/\/www.iskreni.net\/trgovina\/wp-json\/wp\/v2\/product\/71273","targetHints":{"allow":["GET"]}}],"collection":[{"href":"https:\/\/www.iskreni.net\/trgovina\/wp-json\/wp\/v2\/product"}],"about":[{"href":"https:\/\/www.iskreni.net\/trgovina\/wp-json\/wp\/v2\/types\/product"}],"replies":[{"embeddable":true,"href":"https:\/\/www.iskreni.net\/trgovina\/wp-json\/wp\/v2\/comments?post=71273"}],"version-history":[{"count":3,"href":"https:\/\/www.iskreni.net\/trgovina\/wp-json\/wp\/v2\/product\/71273\/revisions"}],"predecessor-version":[{"id":71276,"href":"https:\/\/www.iskreni.net\/trgovina\/wp-json\/wp\/v2\/product\/71273\/revisions\/71276"}],"wp:featuredmedia":[{"embeddable":true,"href":"https:\/\/www.iskreni.net\/trgovina\/wp-json\/wp\/v2\/media\/71042"}],"wp:attachment":[{"href":"https:\/\/www.iskreni.net\/trgovina\/wp-json\/wp\/v2\/media?parent=71273"}],"wp:term":[{"taxonomy":"product_brand","embeddable":true,"href":"https:\/\/www.iskreni.net\/trgovina\/wp-json\/wp\/v2\/product_brand?post=71273"},{"taxonomy":"product_cat","embeddable":true,"href":"https:\/\/www.iskreni.net\/trgovina\/wp-json\/wp\/v2\/product_cat?post=71273"},{"taxonomy":"product_tag","embeddable":true,"href":"https:\/\/www.iskreni.net\/trgovina\/wp-json\/wp\/v2\/product_tag?post=71273"},{"taxonomy":"avtor","embeddable":true,"href":"https:\/\/www.iskreni.net\/trgovina\/wp-json\/wp\/v2\/avtor?post=71273"},{"taxonomy":"zalozba","embeddable":true,"href":"https:\/\/www.iskreni.net\/trgovina\/wp-json\/wp\/v2\/zalozba?post=71273"},{"taxonomy":"vezava","embeddable":true,"href":"https:\/\/www.iskreni.net\/trgovina\/wp-json\/wp\/v2\/vezava?post=71273"}],"curies":[{"name":"wp","href":"https:\/\/api.w.org\/{rel}","templated":true}]}}