{"id":71235,"date":"2023-12-08T10:19:30","date_gmt":"2023-12-08T09:19:30","guid":{"rendered":"https:\/\/www.iskreni.net\/trgovina\/?post_type=product&#038;p=71235"},"modified":"2023-12-08T10:31:38","modified_gmt":"2023-12-08T09:31:38","slug":"marta-v-vesolju","status":"publish","type":"product","link":"https:\/\/www.iskreni.net\/trgovina\/product\/marta-v-vesolju\/","title":{"rendered":"Marta v vesolju"},"content":{"rendered":"<h3 id=\"anchor-o-izdelku\" class=\"title\">O knjigi Marta v vesolju<\/h3>\n<p>Branje domi\u0161ljijskih zgodb odpira otroku izjemen korak v svet do\u017eivetij in sanj, v svet nerealnih situacij, v svet neznanega, a obenem vzbuja v njem radovednost, razkriva mu celo vrsto asociacij in bogati njegovo ustvarjalnost. Tovrstno je tudi knji\u017eno delo\u00a0<strong><em>Marta v vesolju,\u00a0<\/em><\/strong>avtorice Nike Coti\u010d, ki se v svojem pedago\u0161kem poklicu nenehno sre\u010duje z razli\u010dnimi oblikami otro\u0161kih kreativnih zanimanj. In\u00a0 tokrat je malemu bralcu ponudila polet v razgibani svet vesolja.<\/p>\n<p>S svojimi astronavtskimi \u010devlji Marta poleti v svet planetov, kjer spoznava posamezne junake, premaguje njihove stiske, strah, poni\u017eanje, kdaj pa kdaj tudi \u017ealost, in tako z ob\u010dutljivim pristopom vsaki\u010d uspe\u0161no re\u0161i te\u017eave malim junakom, ki ji svojo hvale\u017enost izka\u017eejo tako, da ji podarijo barvano ro\u017eo.\u00a0In kon\u010dno po svojem \u017eivahnem poletu v vesolje si Marta za\u017eeli vrnitve na Zemljo. Mali bralec bo tako s svojo radovednostjo polagoma razkril, da \u2026 so sanje \u017eivi svet otrokovih hrepenenj, \u017eelja in presene\u010denja.<\/p>\n<p>Domiselno oblikovane ilustracije Ivane Coti\u010d se nelo\u010dljivo prepletajo z zgodbo o Marti in vzbujajo v malem bralcu soo\u010danje s \u010dustvi, ki jih morda \u0161e ni do\u017eivel, obenem pa mu razgrinjajo vpetost v \u010dude\u017eni in pravlji\u010dni svet.\u00a0<em><b>S svojimi krili naj mali otrok poleti v ta svet ustvarjalnosti, domi\u0161ljije in sre\u010de!<\/b><\/em><\/p>\n<p>&nbsp;<\/p>\n<p>&nbsp;<\/p>\n","protected":false},"excerpt":{"rendered":"<div id=\"tab-opis_tab\" class=\"tab-pane active\">\n<p><strong>Ilustracije: <\/strong>Ivana Coti\u010d<strong><br \/>\n<\/strong><strong>Leto izdaje:<\/strong> 2023<br \/>\n<strong>\u0160tevilo strani:<\/strong> 32<br \/>\n<strong>Format:<\/strong> 290 x 210 mm<\/p>\n<p>&nbsp;<\/p>\n<\/div>\n","protected":false},"featured_media":71237,"comment_status":"open","ping_status":"closed","template":"","meta":[],"product_brand":[],"product_cat":[63,135],"product_tag":[],"avtor":[2624],"zalozba":[2337],"vezava":[2307],"class_list":{"0":"post-71235","1":"product","2":"type-product","3":"status-publish","4":"has-post-thumbnail","6":"product_cat-knjige","7":"product_cat-za-otroke","8":"avtor-nika-cotic","9":"zalozba-celjska-mohorjeva-druzba","10":"vezava-mehka","12":"first","13":"instock","14":"taxable","15":"shipping-taxable","16":"purchasable","17":"product-type-simple"},"yoast_head":"<!-- This site is optimized with the Yoast SEO plugin v26.3 - https:\/\/yoast.com\/wordpress\/plugins\/seo\/ -->\n<title>Marta v vesolju - trgovina Iskreni<\/title>\n<meta name=\"description\" content=\"Marta v vesolju je domi\u0161ljijska zgodba, ki otroku odpira izjemen korak v svet do\u017eivetij in sanj, v svet neznanega in vzbuja v njem radovednost.\" \/>\n<meta name=\"robots\" content=\"index, follow, max-snippet:-1, max-image-preview:large, max-video-preview:-1\" \/>\n<link rel=\"canonical\" href=\"https:\/\/www.iskreni.net\/trgovina\/product\/marta-v-vesolju\/\" \/>\n<meta property=\"og:locale\" content=\"sl_SI\" \/>\n<meta property=\"og:type\" content=\"article\" \/>\n<meta property=\"og:title\" content=\"Marta v vesolju\" \/>\n<meta property=\"og:description\" content=\"Marta v vesolju je domi\u0161ljijska zgodba, ki otroku odpira izjemen korak v svet do\u017eivetij in sanj, v svet neznanega in vzbuja v njem radovednost.\" \/>\n<meta property=\"og:url\" content=\"https:\/\/www.iskreni.net\/trgovina\/product\/marta-v-vesolju\/\" \/>\n<meta property=\"og:site_name\" content=\"Zavod Iskreni\" \/>\n<meta property=\"article:modified_time\" content=\"2023-12-08T09:31:38+00:00\" \/>\n<meta property=\"og:image\" content=\"https:\/\/www.iskreni.net\/trgovina\/wp-content\/uploads\/2023\/12\/Slike-za-v-spletno-trgovino-44.jpg\" \/>\n\t<meta property=\"og:image:width\" content=\"600\" \/>\n\t<meta property=\"og:image:height\" content=\"600\" \/>\n\t<meta property=\"og:image:type\" content=\"image\/jpeg\" \/>\n<meta name=\"twitter:card\" content=\"summary_large_image\" \/>\n<meta name=\"twitter:label1\" content=\"Est. reading time\" \/>\n\t<meta name=\"twitter:data1\" content=\"2 minuti\" \/>\n<script type=\"application\/ld+json\" class=\"yoast-schema-graph\">{\"@context\":\"https:\/\/schema.org\",\"@graph\":[{\"@type\":\"WebPage\",\"@id\":\"https:\/\/www.iskreni.net\/trgovina\/product\/marta-v-vesolju\/\",\"url\":\"https:\/\/www.iskreni.net\/trgovina\/product\/marta-v-vesolju\/\",\"name\":\"Marta v vesolju - trgovina Iskreni\",\"isPartOf\":{\"@id\":\"https:\/\/www.iskreni.net\/trgovina\/#website\"},\"primaryImageOfPage\":{\"@id\":\"https:\/\/www.iskreni.net\/trgovina\/product\/marta-v-vesolju\/#primaryimage\"},\"image\":{\"@id\":\"https:\/\/www.iskreni.net\/trgovina\/product\/marta-v-vesolju\/#primaryimage\"},\"thumbnailUrl\":\"https:\/\/www.iskreni.net\/trgovina\/wp-content\/uploads\/2023\/12\/Slike-za-v-spletno-trgovino-44.jpg\",\"datePublished\":\"2023-12-08T09:19:30+00:00\",\"dateModified\":\"2023-12-08T09:31:38+00:00\",\"description\":\"Marta v vesolju je domi\u0161ljijska zgodba, ki otroku odpira izjemen korak v svet do\u017eivetij in sanj, v svet neznanega in vzbuja v njem radovednost.\",\"breadcrumb\":{\"@id\":\"https:\/\/www.iskreni.net\/trgovina\/product\/marta-v-vesolju\/#breadcrumb\"},\"inLanguage\":\"sl-SI\",\"potentialAction\":[{\"@type\":\"ReadAction\",\"target\":[\"https:\/\/www.iskreni.net\/trgovina\/product\/marta-v-vesolju\/\"]}]},{\"@type\":\"ImageObject\",\"inLanguage\":\"sl-SI\",\"@id\":\"https:\/\/www.iskreni.net\/trgovina\/product\/marta-v-vesolju\/#primaryimage\",\"url\":\"https:\/\/www.iskreni.net\/trgovina\/wp-content\/uploads\/2023\/12\/Slike-za-v-spletno-trgovino-44.jpg\",\"contentUrl\":\"https:\/\/www.iskreni.net\/trgovina\/wp-content\/uploads\/2023\/12\/Slike-za-v-spletno-trgovino-44.jpg\",\"width\":600,\"height\":600},{\"@type\":\"BreadcrumbList\",\"@id\":\"https:\/\/www.iskreni.net\/trgovina\/product\/marta-v-vesolju\/#breadcrumb\",\"itemListElement\":[{\"@type\":\"ListItem\",\"position\":1,\"name\":\"Home\",\"item\":\"https:\/\/www.iskreni.net\/trgovina\/\"},{\"@type\":\"ListItem\",\"position\":2,\"name\":\"Trgovina\",\"item\":\"https:\/\/www.iskreni.net\/trgovina\/trgovina\/\"},{\"@type\":\"ListItem\",\"position\":3,\"name\":\"Marta v vesolju\"}]},{\"@type\":\"WebSite\",\"@id\":\"https:\/\/www.iskreni.net\/trgovina\/#website\",\"url\":\"https:\/\/www.iskreni.net\/trgovina\/\",\"name\":\"Zavod Iskreni\",\"description\":\"trgovina\",\"potentialAction\":[{\"@type\":\"SearchAction\",\"target\":{\"@type\":\"EntryPoint\",\"urlTemplate\":\"https:\/\/www.iskreni.net\/trgovina\/?s={search_term_string}\"},\"query-input\":{\"@type\":\"PropertyValueSpecification\",\"valueRequired\":true,\"valueName\":\"search_term_string\"}}],\"inLanguage\":\"sl-SI\"}]}<\/script>\n<!-- \/ Yoast SEO plugin. -->","yoast_head_json":{"title":"Marta v vesolju - trgovina Iskreni","description":"Marta v vesolju je domi\u0161ljijska zgodba, ki otroku odpira izjemen korak v svet do\u017eivetij in sanj, v svet neznanega in vzbuja v njem radovednost.","robots":{"index":"index","follow":"follow","max-snippet":"max-snippet:-1","max-image-preview":"max-image-preview:large","max-video-preview":"max-video-preview:-1"},"canonical":"https:\/\/www.iskreni.net\/trgovina\/product\/marta-v-vesolju\/","og_locale":"sl_SI","og_type":"article","og_title":"Marta v vesolju","og_description":"Marta v vesolju je domi\u0161ljijska zgodba, ki otroku odpira izjemen korak v svet do\u017eivetij in sanj, v svet neznanega in vzbuja v njem radovednost.","og_url":"https:\/\/www.iskreni.net\/trgovina\/product\/marta-v-vesolju\/","og_site_name":"Zavod Iskreni","article_modified_time":"2023-12-08T09:31:38+00:00","og_image":[{"width":600,"height":600,"url":"https:\/\/www.iskreni.net\/trgovina\/wp-content\/uploads\/2023\/12\/Slike-za-v-spletno-trgovino-44.jpg","type":"image\/jpeg"}],"twitter_card":"summary_large_image","twitter_misc":{"Est. reading time":"2 minuti"},"schema":{"@context":"https:\/\/schema.org","@graph":[{"@type":"WebPage","@id":"https:\/\/www.iskreni.net\/trgovina\/product\/marta-v-vesolju\/","url":"https:\/\/www.iskreni.net\/trgovina\/product\/marta-v-vesolju\/","name":"Marta v vesolju - trgovina Iskreni","isPartOf":{"@id":"https:\/\/www.iskreni.net\/trgovina\/#website"},"primaryImageOfPage":{"@id":"https:\/\/www.iskreni.net\/trgovina\/product\/marta-v-vesolju\/#primaryimage"},"image":{"@id":"https:\/\/www.iskreni.net\/trgovina\/product\/marta-v-vesolju\/#primaryimage"},"thumbnailUrl":"https:\/\/www.iskreni.net\/trgovina\/wp-content\/uploads\/2023\/12\/Slike-za-v-spletno-trgovino-44.jpg","datePublished":"2023-12-08T09:19:30+00:00","dateModified":"2023-12-08T09:31:38+00:00","description":"Marta v vesolju je domi\u0161ljijska zgodba, ki otroku odpira izjemen korak v svet do\u017eivetij in sanj, v svet neznanega in vzbuja v njem radovednost.","breadcrumb":{"@id":"https:\/\/www.iskreni.net\/trgovina\/product\/marta-v-vesolju\/#breadcrumb"},"inLanguage":"sl-SI","potentialAction":[{"@type":"ReadAction","target":["https:\/\/www.iskreni.net\/trgovina\/product\/marta-v-vesolju\/"]}]},{"@type":"ImageObject","inLanguage":"sl-SI","@id":"https:\/\/www.iskreni.net\/trgovina\/product\/marta-v-vesolju\/#primaryimage","url":"https:\/\/www.iskreni.net\/trgovina\/wp-content\/uploads\/2023\/12\/Slike-za-v-spletno-trgovino-44.jpg","contentUrl":"https:\/\/www.iskreni.net\/trgovina\/wp-content\/uploads\/2023\/12\/Slike-za-v-spletno-trgovino-44.jpg","width":600,"height":600},{"@type":"BreadcrumbList","@id":"https:\/\/www.iskreni.net\/trgovina\/product\/marta-v-vesolju\/#breadcrumb","itemListElement":[{"@type":"ListItem","position":1,"name":"Home","item":"https:\/\/www.iskreni.net\/trgovina\/"},{"@type":"ListItem","position":2,"name":"Trgovina","item":"https:\/\/www.iskreni.net\/trgovina\/trgovina\/"},{"@type":"ListItem","position":3,"name":"Marta v vesolju"}]},{"@type":"WebSite","@id":"https:\/\/www.iskreni.net\/trgovina\/#website","url":"https:\/\/www.iskreni.net\/trgovina\/","name":"Zavod Iskreni","description":"trgovina","potentialAction":[{"@type":"SearchAction","target":{"@type":"EntryPoint","urlTemplate":"https:\/\/www.iskreni.net\/trgovina\/?s={search_term_string}"},"query-input":{"@type":"PropertyValueSpecification","valueRequired":true,"valueName":"search_term_string"}}],"inLanguage":"sl-SI"}]}},"_links":{"self":[{"href":"https:\/\/www.iskreni.net\/trgovina\/wp-json\/wp\/v2\/product\/71235","targetHints":{"allow":["GET"]}}],"collection":[{"href":"https:\/\/www.iskreni.net\/trgovina\/wp-json\/wp\/v2\/product"}],"about":[{"href":"https:\/\/www.iskreni.net\/trgovina\/wp-json\/wp\/v2\/types\/product"}],"replies":[{"embeddable":true,"href":"https:\/\/www.iskreni.net\/trgovina\/wp-json\/wp\/v2\/comments?post=71235"}],"version-history":[{"count":3,"href":"https:\/\/www.iskreni.net\/trgovina\/wp-json\/wp\/v2\/product\/71235\/revisions"}],"predecessor-version":[{"id":71239,"href":"https:\/\/www.iskreni.net\/trgovina\/wp-json\/wp\/v2\/product\/71235\/revisions\/71239"}],"wp:featuredmedia":[{"embeddable":true,"href":"https:\/\/www.iskreni.net\/trgovina\/wp-json\/wp\/v2\/media\/71237"}],"wp:attachment":[{"href":"https:\/\/www.iskreni.net\/trgovina\/wp-json\/wp\/v2\/media?parent=71235"}],"wp:term":[{"taxonomy":"product_brand","embeddable":true,"href":"https:\/\/www.iskreni.net\/trgovina\/wp-json\/wp\/v2\/product_brand?post=71235"},{"taxonomy":"product_cat","embeddable":true,"href":"https:\/\/www.iskreni.net\/trgovina\/wp-json\/wp\/v2\/product_cat?post=71235"},{"taxonomy":"product_tag","embeddable":true,"href":"https:\/\/www.iskreni.net\/trgovina\/wp-json\/wp\/v2\/product_tag?post=71235"},{"taxonomy":"avtor","embeddable":true,"href":"https:\/\/www.iskreni.net\/trgovina\/wp-json\/wp\/v2\/avtor?post=71235"},{"taxonomy":"zalozba","embeddable":true,"href":"https:\/\/www.iskreni.net\/trgovina\/wp-json\/wp\/v2\/zalozba?post=71235"},{"taxonomy":"vezava","embeddable":true,"href":"https:\/\/www.iskreni.net\/trgovina\/wp-json\/wp\/v2\/vezava?post=71235"}],"curies":[{"name":"wp","href":"https:\/\/api.w.org\/{rel}","templated":true}]}}