{"id":70939,"date":"2023-11-27T11:47:13","date_gmt":"2023-11-27T10:47:13","guid":{"rendered":"https:\/\/www.iskreni.net\/trgovina\/?post_type=product&#038;p=70939"},"modified":"2023-12-04T11:20:36","modified_gmt":"2023-12-04T10:20:36","slug":"pravica-do-sladkega","status":"publish","type":"product","link":"https:\/\/www.iskreni.net\/trgovina\/product\/pravica-do-sladkega\/","title":{"rendered":"Pravica do sladkega"},"content":{"rendered":"<h4 id=\"anchor-o-izdelku\" class=\"title\">O knjigi <em>Pravica do sladkega<\/em><\/h4>\n<div id=\"tab-opis_tab\" class=\"tab-pane active\">\n<div id=\"tab-opis_tab\" class=\"tab-pane active\">\n<p>Preprosti recepti, ki vsako stanovanje spremenijo v dom<\/p>\n<p><em>Ko se sre\u010dujemo na kri\u017ei\u0161\u010dih sveta, \u0161e posebej radi delimo kak\u0161en dragocen biser iz svoje domovine, svojih izku\u0161enj in spoznanj. S svojimi zgodbami se drug drugega dotaknemo in se vzajemno obogatimo. Najlep\u0161i je ob\u010dutek, ko sebi in drugim podarimo topel in \u00bbslasten\u00ab vonj po domu. Ustvarimo ga lahko v vsaki kuhinji, ne glede na to, kje na svetu se znajdemo. Tega nas v Pravici do sladkega u\u010dita Ana in Fernando, pravnica in arhitekt, Slovenka in \u0160panec, ki \u017eivita in delata v \u0160vici.<\/em><\/p>\n<p>Ana obo\u017euje peko, ker jo ta povezuje z domovino in njeno babico, Fernando se navdu\u0161uje nad slovensko arhitekturno dedi\u0161\u010dino. V srcu svojega doma sta zdru\u017eila ljubezen do obojega. V \u010dasu koronavirusa je tudi v \u0160vici \u017eivljenje za ve\u010d mesecev obstalo in takrat je Ana skoraj vsako popoldne kaj spekla. To je zanjo ena najbolj spro\u0161\u010dujo\u010dih aktivnosti. Za Fernanda je prijeten vonj iz kuhinje tisto, kar hi\u0161o oziroma stanovanje spremeni v dom. \u017divljenje v tujini ju je nau\u010dilo, kako dragocena je slovenska tradicija obdarovanja in doma\u010dnost, ki jo ustvarimo sami. Podarjanje doma\u010dih pi\u0161kotov je ena tistih stvari, ki prav vsem polep\u0161ajo sre\u010danja. Recepti v knjigi ne vzamejo preve\u010d \u010dasa in ne zahtevajo zelo posebnih sestavin. Ker Ana vsem polaga na srce: \u00bbVedno imejte v mislih, da sta pri peki \u2013 ne glede na kon\u010dni izdelek \u2013 najpomembnej\u0161a vlo\u017eena trud in energija\u00ab. Ker je topel in di\u0161e\u010d doma\u010d pi\u0161kot simbol vsega, kar si lahko za\u017eelimo. Zato je knjiga kot prijazno vabilo \u2013 vzemite si pravico do sladkega, s sladkorjem ali brez njega.<\/p>\n<\/div>\n<p><a href=\"https:\/\/www.iskreni.net\/trgovina\/wp-content\/uploads\/2023\/11\/Srovin-Ana-Pravica-do-sladkega_Prelistaj-knjigo.pdf\">Prelistajte knjigo<\/a><\/p>\n<\/div>\n","protected":false},"excerpt":{"rendered":"<p><strong>Drugi avtorji: <\/strong>Fernando Alonso Tuero<strong><br \/>\nLeto izdaje:<\/strong> 2023<br \/>\n<strong>\u0160tevilo strani:<\/strong> 128<br \/>\n<strong>Dimenzije<\/strong>: 210 x 270 mm<\/p>\n<p><a href=\"https:\/\/www.iskreni.net\/trgovina\/wp-content\/uploads\/2023\/11\/Srovin-Ana-Pravica-do-sladkega_Prelistaj-knjigo.pdf\">Prelistajte knjigo<\/a><\/p>\n","protected":false},"featured_media":70646,"comment_status":"open","ping_status":"closed","template":"","meta":[],"product_brand":[],"product_cat":[2327,63],"product_tag":[468,1663],"avtor":[2619],"zalozba":[2337],"vezava":[2306],"class_list":{"0":"post-70939","1":"product","2":"type-product","3":"status-publish","4":"has-post-thumbnail","6":"product_cat-prirocniki-in-vodniki","7":"product_cat-knjige","8":"product_tag-hrana","9":"product_tag-recepti","10":"avtor-ana-srovin-coralli","11":"zalozba-celjska-mohorjeva-druzba","12":"vezava-trda","14":"first","15":"instock","16":"taxable","17":"shipping-taxable","18":"purchasable","19":"product-type-simple"},"yoast_head":"<!-- This site is optimized with the Yoast SEO plugin v26.3 - https:\/\/yoast.com\/wordpress\/plugins\/seo\/ -->\n<title>Pravica do sladkega - trgovina Iskreni<\/title>\n<meta name=\"description\" content=\"Pravica do sladkega - zbirka preprostih receptov in prijazno vabilo: vzemite si pravico do sladkega, s sladkorjem ali brez njega.\" \/>\n<meta name=\"robots\" content=\"index, follow, max-snippet:-1, max-image-preview:large, max-video-preview:-1\" \/>\n<link rel=\"canonical\" href=\"https:\/\/www.iskreni.net\/trgovina\/product\/pravica-do-sladkega\/\" \/>\n<meta property=\"og:locale\" content=\"sl_SI\" \/>\n<meta property=\"og:type\" content=\"article\" \/>\n<meta property=\"og:title\" content=\"Pravica do sladkega\" \/>\n<meta property=\"og:description\" content=\"Pravica do sladkega - zbirka preprostih receptov in prijazno vabilo: vzemite si pravico do sladkega, s sladkorjem ali brez njega.\" \/>\n<meta property=\"og:url\" content=\"https:\/\/www.iskreni.net\/trgovina\/product\/pravica-do-sladkega\/\" \/>\n<meta property=\"og:site_name\" content=\"Zavod Iskreni\" \/>\n<meta property=\"article:modified_time\" content=\"2023-12-04T10:20:36+00:00\" \/>\n<meta property=\"og:image\" content=\"https:\/\/www.iskreni.net\/trgovina\/wp-content\/uploads\/2023\/11\/1.jpg\" \/>\n\t<meta property=\"og:image:width\" content=\"600\" \/>\n\t<meta property=\"og:image:height\" content=\"600\" \/>\n\t<meta property=\"og:image:type\" content=\"image\/jpeg\" \/>\n<meta name=\"twitter:card\" content=\"summary_large_image\" \/>\n<meta name=\"twitter:label1\" content=\"Est. reading time\" \/>\n\t<meta name=\"twitter:data1\" content=\"2 minuti\" \/>\n<script type=\"application\/ld+json\" class=\"yoast-schema-graph\">{\"@context\":\"https:\/\/schema.org\",\"@graph\":[{\"@type\":\"WebPage\",\"@id\":\"https:\/\/www.iskreni.net\/trgovina\/product\/pravica-do-sladkega\/\",\"url\":\"https:\/\/www.iskreni.net\/trgovina\/product\/pravica-do-sladkega\/\",\"name\":\"Pravica do sladkega - trgovina Iskreni\",\"isPartOf\":{\"@id\":\"https:\/\/www.iskreni.net\/trgovina\/#website\"},\"primaryImageOfPage\":{\"@id\":\"https:\/\/www.iskreni.net\/trgovina\/product\/pravica-do-sladkega\/#primaryimage\"},\"image\":{\"@id\":\"https:\/\/www.iskreni.net\/trgovina\/product\/pravica-do-sladkega\/#primaryimage\"},\"thumbnailUrl\":\"https:\/\/www.iskreni.net\/trgovina\/wp-content\/uploads\/2023\/11\/1.jpg\",\"datePublished\":\"2023-11-27T10:47:13+00:00\",\"dateModified\":\"2023-12-04T10:20:36+00:00\",\"description\":\"Pravica do sladkega - zbirka preprostih receptov in prijazno vabilo: vzemite si pravico do sladkega, s sladkorjem ali brez njega.\",\"breadcrumb\":{\"@id\":\"https:\/\/www.iskreni.net\/trgovina\/product\/pravica-do-sladkega\/#breadcrumb\"},\"inLanguage\":\"sl-SI\",\"potentialAction\":[{\"@type\":\"ReadAction\",\"target\":[\"https:\/\/www.iskreni.net\/trgovina\/product\/pravica-do-sladkega\/\"]}]},{\"@type\":\"ImageObject\",\"inLanguage\":\"sl-SI\",\"@id\":\"https:\/\/www.iskreni.net\/trgovina\/product\/pravica-do-sladkega\/#primaryimage\",\"url\":\"https:\/\/www.iskreni.net\/trgovina\/wp-content\/uploads\/2023\/11\/1.jpg\",\"contentUrl\":\"https:\/\/www.iskreni.net\/trgovina\/wp-content\/uploads\/2023\/11\/1.jpg\",\"width\":600,\"height\":600},{\"@type\":\"BreadcrumbList\",\"@id\":\"https:\/\/www.iskreni.net\/trgovina\/product\/pravica-do-sladkega\/#breadcrumb\",\"itemListElement\":[{\"@type\":\"ListItem\",\"position\":1,\"name\":\"Home\",\"item\":\"https:\/\/www.iskreni.net\/trgovina\/\"},{\"@type\":\"ListItem\",\"position\":2,\"name\":\"Trgovina\",\"item\":\"https:\/\/www.iskreni.net\/trgovina\/trgovina\/\"},{\"@type\":\"ListItem\",\"position\":3,\"name\":\"Pravica do sladkega\"}]},{\"@type\":\"WebSite\",\"@id\":\"https:\/\/www.iskreni.net\/trgovina\/#website\",\"url\":\"https:\/\/www.iskreni.net\/trgovina\/\",\"name\":\"Zavod Iskreni\",\"description\":\"trgovina\",\"potentialAction\":[{\"@type\":\"SearchAction\",\"target\":{\"@type\":\"EntryPoint\",\"urlTemplate\":\"https:\/\/www.iskreni.net\/trgovina\/?s={search_term_string}\"},\"query-input\":{\"@type\":\"PropertyValueSpecification\",\"valueRequired\":true,\"valueName\":\"search_term_string\"}}],\"inLanguage\":\"sl-SI\"}]}<\/script>\n<!-- \/ Yoast SEO plugin. -->","yoast_head_json":{"title":"Pravica do sladkega - trgovina Iskreni","description":"Pravica do sladkega - zbirka preprostih receptov in prijazno vabilo: vzemite si pravico do sladkega, s sladkorjem ali brez njega.","robots":{"index":"index","follow":"follow","max-snippet":"max-snippet:-1","max-image-preview":"max-image-preview:large","max-video-preview":"max-video-preview:-1"},"canonical":"https:\/\/www.iskreni.net\/trgovina\/product\/pravica-do-sladkega\/","og_locale":"sl_SI","og_type":"article","og_title":"Pravica do sladkega","og_description":"Pravica do sladkega - zbirka preprostih receptov in prijazno vabilo: vzemite si pravico do sladkega, s sladkorjem ali brez njega.","og_url":"https:\/\/www.iskreni.net\/trgovina\/product\/pravica-do-sladkega\/","og_site_name":"Zavod Iskreni","article_modified_time":"2023-12-04T10:20:36+00:00","og_image":[{"width":600,"height":600,"url":"https:\/\/www.iskreni.net\/trgovina\/wp-content\/uploads\/2023\/11\/1.jpg","type":"image\/jpeg"}],"twitter_card":"summary_large_image","twitter_misc":{"Est. reading time":"2 minuti"},"schema":{"@context":"https:\/\/schema.org","@graph":[{"@type":"WebPage","@id":"https:\/\/www.iskreni.net\/trgovina\/product\/pravica-do-sladkega\/","url":"https:\/\/www.iskreni.net\/trgovina\/product\/pravica-do-sladkega\/","name":"Pravica do sladkega - trgovina Iskreni","isPartOf":{"@id":"https:\/\/www.iskreni.net\/trgovina\/#website"},"primaryImageOfPage":{"@id":"https:\/\/www.iskreni.net\/trgovina\/product\/pravica-do-sladkega\/#primaryimage"},"image":{"@id":"https:\/\/www.iskreni.net\/trgovina\/product\/pravica-do-sladkega\/#primaryimage"},"thumbnailUrl":"https:\/\/www.iskreni.net\/trgovina\/wp-content\/uploads\/2023\/11\/1.jpg","datePublished":"2023-11-27T10:47:13+00:00","dateModified":"2023-12-04T10:20:36+00:00","description":"Pravica do sladkega - zbirka preprostih receptov in prijazno vabilo: vzemite si pravico do sladkega, s sladkorjem ali brez njega.","breadcrumb":{"@id":"https:\/\/www.iskreni.net\/trgovina\/product\/pravica-do-sladkega\/#breadcrumb"},"inLanguage":"sl-SI","potentialAction":[{"@type":"ReadAction","target":["https:\/\/www.iskreni.net\/trgovina\/product\/pravica-do-sladkega\/"]}]},{"@type":"ImageObject","inLanguage":"sl-SI","@id":"https:\/\/www.iskreni.net\/trgovina\/product\/pravica-do-sladkega\/#primaryimage","url":"https:\/\/www.iskreni.net\/trgovina\/wp-content\/uploads\/2023\/11\/1.jpg","contentUrl":"https:\/\/www.iskreni.net\/trgovina\/wp-content\/uploads\/2023\/11\/1.jpg","width":600,"height":600},{"@type":"BreadcrumbList","@id":"https:\/\/www.iskreni.net\/trgovina\/product\/pravica-do-sladkega\/#breadcrumb","itemListElement":[{"@type":"ListItem","position":1,"name":"Home","item":"https:\/\/www.iskreni.net\/trgovina\/"},{"@type":"ListItem","position":2,"name":"Trgovina","item":"https:\/\/www.iskreni.net\/trgovina\/trgovina\/"},{"@type":"ListItem","position":3,"name":"Pravica do sladkega"}]},{"@type":"WebSite","@id":"https:\/\/www.iskreni.net\/trgovina\/#website","url":"https:\/\/www.iskreni.net\/trgovina\/","name":"Zavod Iskreni","description":"trgovina","potentialAction":[{"@type":"SearchAction","target":{"@type":"EntryPoint","urlTemplate":"https:\/\/www.iskreni.net\/trgovina\/?s={search_term_string}"},"query-input":{"@type":"PropertyValueSpecification","valueRequired":true,"valueName":"search_term_string"}}],"inLanguage":"sl-SI"}]}},"_links":{"self":[{"href":"https:\/\/www.iskreni.net\/trgovina\/wp-json\/wp\/v2\/product\/70939","targetHints":{"allow":["GET"]}}],"collection":[{"href":"https:\/\/www.iskreni.net\/trgovina\/wp-json\/wp\/v2\/product"}],"about":[{"href":"https:\/\/www.iskreni.net\/trgovina\/wp-json\/wp\/v2\/types\/product"}],"replies":[{"embeddable":true,"href":"https:\/\/www.iskreni.net\/trgovina\/wp-json\/wp\/v2\/comments?post=70939"}],"version-history":[{"count":3,"href":"https:\/\/www.iskreni.net\/trgovina\/wp-json\/wp\/v2\/product\/70939\/revisions"}],"predecessor-version":[{"id":70979,"href":"https:\/\/www.iskreni.net\/trgovina\/wp-json\/wp\/v2\/product\/70939\/revisions\/70979"}],"wp:featuredmedia":[{"embeddable":true,"href":"https:\/\/www.iskreni.net\/trgovina\/wp-json\/wp\/v2\/media\/70646"}],"wp:attachment":[{"href":"https:\/\/www.iskreni.net\/trgovina\/wp-json\/wp\/v2\/media?parent=70939"}],"wp:term":[{"taxonomy":"product_brand","embeddable":true,"href":"https:\/\/www.iskreni.net\/trgovina\/wp-json\/wp\/v2\/product_brand?post=70939"},{"taxonomy":"product_cat","embeddable":true,"href":"https:\/\/www.iskreni.net\/trgovina\/wp-json\/wp\/v2\/product_cat?post=70939"},{"taxonomy":"product_tag","embeddable":true,"href":"https:\/\/www.iskreni.net\/trgovina\/wp-json\/wp\/v2\/product_tag?post=70939"},{"taxonomy":"avtor","embeddable":true,"href":"https:\/\/www.iskreni.net\/trgovina\/wp-json\/wp\/v2\/avtor?post=70939"},{"taxonomy":"zalozba","embeddable":true,"href":"https:\/\/www.iskreni.net\/trgovina\/wp-json\/wp\/v2\/zalozba?post=70939"},{"taxonomy":"vezava","embeddable":true,"href":"https:\/\/www.iskreni.net\/trgovina\/wp-json\/wp\/v2\/vezava?post=70939"}],"curies":[{"name":"wp","href":"https:\/\/api.w.org\/{rel}","templated":true}]}}