{"id":70842,"date":"2023-11-22T15:27:27","date_gmt":"2023-11-22T14:27:27","guid":{"rendered":"https:\/\/www.iskreni.net\/trgovina\/?post_type=product&#038;p=70842"},"modified":"2026-01-01T23:34:03","modified_gmt":"2026-01-01T22:34:03","slug":"prava-bozicna-zgodba","status":"publish","type":"product","link":"https:\/\/www.iskreni.net\/trgovina\/product\/prava-bozicna-zgodba\/","title":{"rendered":"Pr(a)va bo\u017ei\u010dna zgodba"},"content":{"rendered":"<h3><strong>O knjigi:<\/strong><\/h3>\n<p>Knjiga <strong>Pr(a)va bo\u017ei\u010dna zgodba: Kot sta jo zapisala evangelista Matej in Luka<\/strong> govori predvsem o prvih dveh poglavjih Matejevega in Lukovega evangelija, ki opisujeta Jezusovo otro\u0161tvo. Pri razlagi odlomkov sledi mednarodno priznanemu biblicistu Raymondu E. Brownu in z namenom odstiranja tan\u010dice skrivnostnosti, ki se je na teh pripovedih nabrala v stoletjih, poglablja razumevanje okoli\u0161\u010din njihovega nastanka, predstavlja skupnosti, za katere sta evangelista pisala, in razkriva zgodovinske in duhovne teme, ki sta jih avtorja vpletala v svoje delo.<\/p>\n<p>S knjigo <strong>Pr(a)va bo\u017ei\u010dna zgodba<\/strong> je avtor po\u010dastil spomin na 800-letnico dogodka, ko je sv. Fran\u010di\u0161ek Asi\u0161ki v Grecciu postavil prve jaslice. Tudi temu dogodku, s katerim se je pravzaprav za\u010dela tradicija postavljanja jaslic po cerkvah in domovih, je posvetil posebno poglavje. Vseeno pa ho\u010de pri razlagi evangelijev iti onkraj predstav, kakr\u0161ne smo si o Jezusovem rojstvu ustvarili ob doma\u010dih jaslicah, v samo jedro Odre\u0161enikovega prihoda na svet. Predvsem zato, da bi ob odkrivanju in prepoznavanju globin, starozaveznih ozadij, teolo\u0161kih povezav in pomenov vstopili \u010dim globlje v pristnost bo\u017ei\u010dne zgodbe, ki jo prina\u0161ata prvi dve poglavji v Matejevem in Lukovem evangeliju.<\/p>\n<p>Namen knjige <strong>Pr(a)va bo\u017ei\u010dna zgodba<\/strong> nikakor ni ru\u0161iti lepote prazni\u010dnega vzdu\u0161ja ob jaslicah. Prav nasprotno! S poglabljanjem v bo\u017ei\u010dno skrivnost nam \u017eeli pomagati, da bi nas jaslice vedno znova odpirale k hvale\u017enosti Bogu za njegovo ljubezen: \u00bbBo\u017eja ljubezen do nas pa se je razodela v tem, da je Bog poslal v svet svojega edinorojenega Sina, da bi \u017eiveli po njem\u00ab (1 Jn 4,9).<\/p>\n<h3><strong>O avtorju:<\/strong><\/h3>\n<p><strong>Andra\u017e Arko<\/strong> se je rodil leta 1977 v Ljubljani. Po maturi na gimnaziji Moste leta 1996 se je vpisal na \u0161tudij socialne pedagogike na Pedago\u0161ki fakulteti v Ljubljani, ki ga je zaklju\u010dil leta 2002. V naslednjem akademskem letu je vstopil v fran\u010di\u0161kanski red in se vpisal na Teolo\u0161ko fakulteto v Ljubljani, kjer je \u0161tudij zaklju\u010dil leta 2007. V \u0161tudijskem letu 2007\/08 se je na Teolo\u0161ki fakulteti v Ljubljani vpisal na podiplomski \u0161tudij, ki ga je zaklju\u010dil leta 2013 z doktoratom <em>Edukativna razse\u017enost in katehetsko-pastoralna uporabnost filma Kristusov pasijon re\u017eiserja Mela Gibsona,<\/em> ki je nastal\u00a0pod mentorstvom dr. Stanka Gerjolja.<\/p>\n<p>V \u010dasu \u0161tudija se je tudi aktivno udejstvoval na podro\u010dju dela z otroki in mladostniki. Od leta 2000 se posve\u010da podro\u010dju filmske produkcije z objavami recenzij filmov ter pripravo in izvajanjem interaktivne analize filmov za mladostnike in \u0161tudente. Od leta 2022 je \u017eupnik v Nazarjah. Andra\u017e Arko je avtor ve\u010d slikanic, stripov in radijskih iger za otroke, med drugim tudi slikanic<em> Iskalca pradednih \u010dasti, Pri nas doma 1: Ko pogovor nanese na &#8230;<\/em> in <em>Pri nas doma 2: O jajcih, torti in no\u017eu<\/em> ter CD-ja <em>Ciril in Metod \u2013 sozavetnika Evrope<\/em>. Posve\u010dal se je tudi podro\u010dju filmske vzgoje in objavil ve\u010d \u010dlankov in knjig. Leta 2016 je pri Znanstveni knji\u017enici iz\u0161el del njegovega doktorata <em>Pasijon po Gibsonu.<\/em><\/p>\n<h3><strong>Odlomek iz knjige:<\/strong><\/h3>\n<p><em>Kako pa je bilo glede Jezusovega rojstva? Pri njem ni bil navzo\u010d nobeden od u\u010dencev. Celo nasprotno: ko za\u010dnemo spremljati Jezusovo javno delovanje, izvemo, da njegovi rojaki Nazare\u010dani, med katerimi je odra\u0161\u010dal, o njegovem otro\u0161tvu ne vedo ni\u010desar. Tako Matej poro\u010da, da je Jezus \u00bbpri\u0161el v doma\u010di kraj in jih u\u010dil v njihovi shodnici, tako da so se zelo \u010dudili in govorili: &#8216;Od kod temu ta modrost in ta mogo\u010dna dela? Ali ni to tesarjev sin? Ali ni njegovi materi ime Marija, njegovim bratom pa Jakob, Jo\u017eef, Simon in Juda? In njegove sestre, ali niso vse pri nas? Od kod torej njemu vse to?&#8217; In spotikali so se nad njim\u00ab (Mt 13,54-56). <\/em><\/p>\n<p><em>Kdo je bil torej vir podatkov? Marija in Jo\u017eef? Iz evangelijev se sicer zdi, da Marija ni bila tako zelo povezana z apostoli, medtem ko na za\u010detku Apostolskih del beremo, da je bila skupaj z ostalimi u\u010denci dele\u017ena prihoda Svetega Duha ob binko\u0161tih in je torej bila povezana s povstajenjsko skupnostjo. Mo\u017eno je torej, da je evangelistu Luku ona posredovala informacije o Jezusovem otro\u0161tvu, o svojih do\u017eivetjih, o angelovem oznanjenju in o obisku pri Elizabeti &#8230; To, da bi Jo\u017eef posredoval podatke evangelistu Mateju, pri katerem je prav on osrednja figura, pa je skorajda neverjetno, saj evangeliji v \u010dasu Jezusovega javnega delovanja glede Jo\u017eefa mol\u010dijo celo tam, kjer bi pri\u010dakovali omembo, zato lahko logi\u010dno predvidevamo, da je bil takrat \u017ee mrtev in torej ni mogel biti vir informacij.<\/em><\/p>\n","protected":false},"excerpt":{"rendered":"<h3>Kot sta jo zapisala evangelista Matej in Luka<\/h3>\n<p><strong>Spremna beseda: <\/strong>br. Miran \u0160peli\u010d OFM<br \/>\n<strong>Leto izdaje:<\/strong> 2023<br \/>\n<strong>\u0160tevilo strani:<\/strong> 156<strong><br \/>\n<\/strong><strong>Mere: <\/strong>160 x 220 mm<\/p>\n","protected":false},"featured_media":71030,"comment_status":"open","ping_status":"closed","template":"","meta":[],"product_brand":[],"product_cat":[2324,1430,63],"product_tag":[1344,3227,390,1429],"avtor":[2618],"zalozba":[2305],"vezava":[2307],"class_list":{"0":"post-70842","1":"product","2":"type-product","3":"status-publish","4":"has-post-thumbnail","6":"product_cat-duhovnost-in-osebna-rast","7":"product_cat-iz-nase-zalozbe","8":"product_cat-knjige","9":"product_tag-advent-in-bozic","10":"product_tag-miklavz-2025","11":"product_tag-sveto-pismo","12":"product_tag-zavod-iskreni","13":"avtor-andraz-arko","14":"zalozba-zavod-iskreni","15":"vezava-mehka","17":"first","18":"instock","19":"taxable","20":"shipping-taxable","21":"purchasable","22":"product-type-simple"},"yoast_head":"<!-- This site is optimized with the Yoast SEO plugin v26.3 - https:\/\/yoast.com\/wordpress\/plugins\/seo\/ -->\n<title>Andra\u017e Arko - Pr(a)va bo\u017ei\u010dna zgodba - trgovina Iskreni<\/title>\n<meta name=\"description\" content=\"Andra\u017e Arko v knjigi Pr(a)va bo\u017ei\u010dna zgodba, kot sta jo zapisala evangelista Matej in Luka, razlaga poglavja evangelijev, ki govorijo o Jezusovem otro\u0161tvu.\" \/>\n<meta name=\"robots\" content=\"index, follow, max-snippet:-1, max-image-preview:large, max-video-preview:-1\" \/>\n<link rel=\"canonical\" href=\"https:\/\/www.iskreni.net\/trgovina\/product\/prava-bozicna-zgodba\/\" \/>\n<meta property=\"og:locale\" content=\"sl_SI\" \/>\n<meta property=\"og:type\" content=\"article\" \/>\n<meta property=\"og:title\" content=\"Andra\u017e Arko - Pr(a)va bo\u017ei\u010dna zgodba\" \/>\n<meta property=\"og:description\" content=\"Andra\u017e Arko v knjigi Pr(a)va bo\u017ei\u010dna zgodba, kot sta jo zapisala evangelista Matej in Luka, razlaga poglavja evangelijev, ki govorijo o Jezusovem otro\u0161tvu.\" \/>\n<meta property=\"og:url\" content=\"https:\/\/www.iskreni.net\/trgovina\/product\/prava-bozicna-zgodba\/\" \/>\n<meta property=\"og:site_name\" content=\"Zavod Iskreni\" \/>\n<meta property=\"article:modified_time\" content=\"2026-01-01T22:34:03+00:00\" \/>\n<meta property=\"og:image\" content=\"https:\/\/www.iskreni.net\/trgovina\/wp-content\/uploads\/2023\/11\/Slike-za-v-spletno-trgovino10.jpg\" \/>\n\t<meta property=\"og:image:width\" content=\"600\" \/>\n\t<meta property=\"og:image:height\" content=\"600\" \/>\n\t<meta property=\"og:image:type\" content=\"image\/jpeg\" \/>\n<meta name=\"twitter:card\" content=\"summary_large_image\" \/>\n<meta name=\"twitter:label1\" content=\"Est. reading time\" \/>\n\t<meta name=\"twitter:data1\" content=\"5 minut\" \/>\n<script type=\"application\/ld+json\" class=\"yoast-schema-graph\">{\"@context\":\"https:\/\/schema.org\",\"@graph\":[{\"@type\":\"WebPage\",\"@id\":\"https:\/\/www.iskreni.net\/trgovina\/product\/prava-bozicna-zgodba\/\",\"url\":\"https:\/\/www.iskreni.net\/trgovina\/product\/prava-bozicna-zgodba\/\",\"name\":\"Andra\u017e Arko - Pr(a)va bo\u017ei\u010dna zgodba - trgovina Iskreni\",\"isPartOf\":{\"@id\":\"https:\/\/www.iskreni.net\/trgovina\/#website\"},\"primaryImageOfPage\":{\"@id\":\"https:\/\/www.iskreni.net\/trgovina\/product\/prava-bozicna-zgodba\/#primaryimage\"},\"image\":{\"@id\":\"https:\/\/www.iskreni.net\/trgovina\/product\/prava-bozicna-zgodba\/#primaryimage\"},\"thumbnailUrl\":\"https:\/\/www.iskreni.net\/trgovina\/wp-content\/uploads\/2023\/11\/Slike-za-v-spletno-trgovino10.jpg\",\"datePublished\":\"2023-11-22T14:27:27+00:00\",\"dateModified\":\"2026-01-01T22:34:03+00:00\",\"description\":\"Andra\u017e Arko v knjigi Pr(a)va bo\u017ei\u010dna zgodba, kot sta jo zapisala evangelista Matej in Luka, razlaga poglavja evangelijev, ki govorijo o Jezusovem otro\u0161tvu.\",\"breadcrumb\":{\"@id\":\"https:\/\/www.iskreni.net\/trgovina\/product\/prava-bozicna-zgodba\/#breadcrumb\"},\"inLanguage\":\"sl-SI\",\"potentialAction\":[{\"@type\":\"ReadAction\",\"target\":[\"https:\/\/www.iskreni.net\/trgovina\/product\/prava-bozicna-zgodba\/\"]}]},{\"@type\":\"ImageObject\",\"inLanguage\":\"sl-SI\",\"@id\":\"https:\/\/www.iskreni.net\/trgovina\/product\/prava-bozicna-zgodba\/#primaryimage\",\"url\":\"https:\/\/www.iskreni.net\/trgovina\/wp-content\/uploads\/2023\/11\/Slike-za-v-spletno-trgovino10.jpg\",\"contentUrl\":\"https:\/\/www.iskreni.net\/trgovina\/wp-content\/uploads\/2023\/11\/Slike-za-v-spletno-trgovino10.jpg\",\"width\":600,\"height\":600},{\"@type\":\"BreadcrumbList\",\"@id\":\"https:\/\/www.iskreni.net\/trgovina\/product\/prava-bozicna-zgodba\/#breadcrumb\",\"itemListElement\":[{\"@type\":\"ListItem\",\"position\":1,\"name\":\"Home\",\"item\":\"https:\/\/www.iskreni.net\/trgovina\/\"},{\"@type\":\"ListItem\",\"position\":2,\"name\":\"Trgovina\",\"item\":\"https:\/\/www.iskreni.net\/trgovina\/trgovina\/\"},{\"@type\":\"ListItem\",\"position\":3,\"name\":\"Pr(a)va bo\u017ei\u010dna zgodba\"}]},{\"@type\":\"WebSite\",\"@id\":\"https:\/\/www.iskreni.net\/trgovina\/#website\",\"url\":\"https:\/\/www.iskreni.net\/trgovina\/\",\"name\":\"Zavod Iskreni\",\"description\":\"trgovina\",\"potentialAction\":[{\"@type\":\"SearchAction\",\"target\":{\"@type\":\"EntryPoint\",\"urlTemplate\":\"https:\/\/www.iskreni.net\/trgovina\/?s={search_term_string}\"},\"query-input\":{\"@type\":\"PropertyValueSpecification\",\"valueRequired\":true,\"valueName\":\"search_term_string\"}}],\"inLanguage\":\"sl-SI\"}]}<\/script>\n<!-- \/ Yoast SEO plugin. -->","yoast_head_json":{"title":"Andra\u017e Arko - Pr(a)va bo\u017ei\u010dna zgodba - trgovina Iskreni","description":"Andra\u017e Arko v knjigi Pr(a)va bo\u017ei\u010dna zgodba, kot sta jo zapisala evangelista Matej in Luka, razlaga poglavja evangelijev, ki govorijo o Jezusovem otro\u0161tvu.","robots":{"index":"index","follow":"follow","max-snippet":"max-snippet:-1","max-image-preview":"max-image-preview:large","max-video-preview":"max-video-preview:-1"},"canonical":"https:\/\/www.iskreni.net\/trgovina\/product\/prava-bozicna-zgodba\/","og_locale":"sl_SI","og_type":"article","og_title":"Andra\u017e Arko - Pr(a)va bo\u017ei\u010dna zgodba","og_description":"Andra\u017e Arko v knjigi Pr(a)va bo\u017ei\u010dna zgodba, kot sta jo zapisala evangelista Matej in Luka, razlaga poglavja evangelijev, ki govorijo o Jezusovem otro\u0161tvu.","og_url":"https:\/\/www.iskreni.net\/trgovina\/product\/prava-bozicna-zgodba\/","og_site_name":"Zavod Iskreni","article_modified_time":"2026-01-01T22:34:03+00:00","og_image":[{"width":600,"height":600,"url":"https:\/\/www.iskreni.net\/trgovina\/wp-content\/uploads\/2023\/11\/Slike-za-v-spletno-trgovino10.jpg","type":"image\/jpeg"}],"twitter_card":"summary_large_image","twitter_misc":{"Est. reading time":"5 minut"},"schema":{"@context":"https:\/\/schema.org","@graph":[{"@type":"WebPage","@id":"https:\/\/www.iskreni.net\/trgovina\/product\/prava-bozicna-zgodba\/","url":"https:\/\/www.iskreni.net\/trgovina\/product\/prava-bozicna-zgodba\/","name":"Andra\u017e Arko - Pr(a)va bo\u017ei\u010dna zgodba - trgovina Iskreni","isPartOf":{"@id":"https:\/\/www.iskreni.net\/trgovina\/#website"},"primaryImageOfPage":{"@id":"https:\/\/www.iskreni.net\/trgovina\/product\/prava-bozicna-zgodba\/#primaryimage"},"image":{"@id":"https:\/\/www.iskreni.net\/trgovina\/product\/prava-bozicna-zgodba\/#primaryimage"},"thumbnailUrl":"https:\/\/www.iskreni.net\/trgovina\/wp-content\/uploads\/2023\/11\/Slike-za-v-spletno-trgovino10.jpg","datePublished":"2023-11-22T14:27:27+00:00","dateModified":"2026-01-01T22:34:03+00:00","description":"Andra\u017e Arko v knjigi Pr(a)va bo\u017ei\u010dna zgodba, kot sta jo zapisala evangelista Matej in Luka, razlaga poglavja evangelijev, ki govorijo o Jezusovem otro\u0161tvu.","breadcrumb":{"@id":"https:\/\/www.iskreni.net\/trgovina\/product\/prava-bozicna-zgodba\/#breadcrumb"},"inLanguage":"sl-SI","potentialAction":[{"@type":"ReadAction","target":["https:\/\/www.iskreni.net\/trgovina\/product\/prava-bozicna-zgodba\/"]}]},{"@type":"ImageObject","inLanguage":"sl-SI","@id":"https:\/\/www.iskreni.net\/trgovina\/product\/prava-bozicna-zgodba\/#primaryimage","url":"https:\/\/www.iskreni.net\/trgovina\/wp-content\/uploads\/2023\/11\/Slike-za-v-spletno-trgovino10.jpg","contentUrl":"https:\/\/www.iskreni.net\/trgovina\/wp-content\/uploads\/2023\/11\/Slike-za-v-spletno-trgovino10.jpg","width":600,"height":600},{"@type":"BreadcrumbList","@id":"https:\/\/www.iskreni.net\/trgovina\/product\/prava-bozicna-zgodba\/#breadcrumb","itemListElement":[{"@type":"ListItem","position":1,"name":"Home","item":"https:\/\/www.iskreni.net\/trgovina\/"},{"@type":"ListItem","position":2,"name":"Trgovina","item":"https:\/\/www.iskreni.net\/trgovina\/trgovina\/"},{"@type":"ListItem","position":3,"name":"Pr(a)va bo\u017ei\u010dna zgodba"}]},{"@type":"WebSite","@id":"https:\/\/www.iskreni.net\/trgovina\/#website","url":"https:\/\/www.iskreni.net\/trgovina\/","name":"Zavod Iskreni","description":"trgovina","potentialAction":[{"@type":"SearchAction","target":{"@type":"EntryPoint","urlTemplate":"https:\/\/www.iskreni.net\/trgovina\/?s={search_term_string}"},"query-input":{"@type":"PropertyValueSpecification","valueRequired":true,"valueName":"search_term_string"}}],"inLanguage":"sl-SI"}]}},"_links":{"self":[{"href":"https:\/\/www.iskreni.net\/trgovina\/wp-json\/wp\/v2\/product\/70842","targetHints":{"allow":["GET"]}}],"collection":[{"href":"https:\/\/www.iskreni.net\/trgovina\/wp-json\/wp\/v2\/product"}],"about":[{"href":"https:\/\/www.iskreni.net\/trgovina\/wp-json\/wp\/v2\/types\/product"}],"replies":[{"embeddable":true,"href":"https:\/\/www.iskreni.net\/trgovina\/wp-json\/wp\/v2\/comments?post=70842"}],"version-history":[{"count":13,"href":"https:\/\/www.iskreni.net\/trgovina\/wp-json\/wp\/v2\/product\/70842\/revisions"}],"predecessor-version":[{"id":70858,"href":"https:\/\/www.iskreni.net\/trgovina\/wp-json\/wp\/v2\/product\/70842\/revisions\/70858"}],"wp:featuredmedia":[{"embeddable":true,"href":"https:\/\/www.iskreni.net\/trgovina\/wp-json\/wp\/v2\/media\/71030"}],"wp:attachment":[{"href":"https:\/\/www.iskreni.net\/trgovina\/wp-json\/wp\/v2\/media?parent=70842"}],"wp:term":[{"taxonomy":"product_brand","embeddable":true,"href":"https:\/\/www.iskreni.net\/trgovina\/wp-json\/wp\/v2\/product_brand?post=70842"},{"taxonomy":"product_cat","embeddable":true,"href":"https:\/\/www.iskreni.net\/trgovina\/wp-json\/wp\/v2\/product_cat?post=70842"},{"taxonomy":"product_tag","embeddable":true,"href":"https:\/\/www.iskreni.net\/trgovina\/wp-json\/wp\/v2\/product_tag?post=70842"},{"taxonomy":"avtor","embeddable":true,"href":"https:\/\/www.iskreni.net\/trgovina\/wp-json\/wp\/v2\/avtor?post=70842"},{"taxonomy":"zalozba","embeddable":true,"href":"https:\/\/www.iskreni.net\/trgovina\/wp-json\/wp\/v2\/zalozba?post=70842"},{"taxonomy":"vezava","embeddable":true,"href":"https:\/\/www.iskreni.net\/trgovina\/wp-json\/wp\/v2\/vezava?post=70842"}],"curies":[{"name":"wp","href":"https:\/\/api.w.org\/{rel}","templated":true}]}}