{"id":70652,"date":"2023-11-27T11:45:55","date_gmt":"2023-11-27T10:45:55","guid":{"rendered":"https:\/\/www.iskreni.net\/trgovina\/?post_type=product&#038;p=70652"},"modified":"2025-01-29T15:56:58","modified_gmt":"2025-01-29T14:56:58","slug":"ampak-danes-hocem-drugace","status":"publish","type":"product","link":"https:\/\/www.iskreni.net\/trgovina\/product\/ampak-danes-hocem-drugace\/","title":{"rendered":"Ampak danes ho\u010dem druga\u010de"},"content":{"rendered":"<h3 id=\"anchor-o-izdelku\" class=\"title\">O knjigi Ampak danes ho\u010dem druga\u010de<em><br \/>\n<\/em><\/h3>\n<p><strong>Druga\u010dnost kot prilo\u017enost za rast<\/strong><\/p>\n<p><em>Pri\u010dujo\u010de delo Lidije \u0160ket Kamen\u0161ek je skozi njene lastne izku\u0161nje in bogato znanje na podro\u010dju motenj s pozornostjo in\/ali hiperaktivnostjo zorelo ve\u010d let. V tem \u010dasu se je \u0161iril nabor opa\u017eanj in dobrih praks, ki jih je avtorica uporabila pri svojem delu. Sad tega je z nasveti in uporabnimi re\u0161itvami bogat priro\u010dnik; ta predstavlja nepogre\u0161ljiv pripomo\u010dek za vse, ki se sre\u010dujejo s to problematiko: star\u0161e, vzgojitelje, u\u010ditelje in posameznike, ki \u017eivijo z izzivi ADHD.<\/em><\/p>\n<p>Avtorica se v priro\u010dniku problematike motenj s pozornostjo in\/ali hiperaktivnostjo loteva na jasen in sistemati\u010den na\u010din: predstavi jo glede na \u017eivljenjska obdobja, vse od novorojen\u010dka do odrasle osebe. Za vsako obdobje posebej opi\u0161e znake in zna\u010dilna ved\u00eanja, po katerih lahko prepoznamo ADHD, ob tem pa navaja tudi re\u0161itve, s katerimi lahko star\u0161i, vzgojitelji in u\u010ditelji otroku olaj\u0161ajo izzive, s katerimi se sre\u010duje. S prakti\u010dnimi nasveti avtorica bralca opolnomo\u010di tudi za to, da posameznikove posebnosti vidi kot pozitivne danosti, ki tako posameznika samega kot okolico bogatijo. Druga\u010dnost je torej prikazana kot prilo\u017enost za razvijanje talentov in danosti, ki jih otrok lahko uporabi v svoj prid.<br \/>\nVseskozi je v priro\u010dniku \u010dutiti avtori\u010dino sr\u010dnost in veselje do raziskovanja obravnavane problematike, o kateri se sicer danes govori ve\u010d, a je v vzgojno-izobra\u017eevalnem procesu kljub temu ve\u010dkrat spregledana. Prispevek avtorice je tako v na\u0161em prostoru ve\u010d kot dobrodo\u0161el, \u010de ne \u017ee nujen: vse\u017eivljenjsko (samo)izobra\u017eevanje star\u0161ev, vzgojiteljev in u\u010diteljev ter njihov pozitivno naravnan odnos do tovrstne problematike lahko v veliki meri spremenita na bolje \u017eivljenja otrok, ki se sre\u010dujejo z opisanimi izzivi.<\/p>\n<h3 id=\"anchor-o-izdelku\" class=\"title\">Iz knjige<\/h3>\n<p>Otrok s posebnostmi izra\u017ea mo\u010dno potrebo po ljubezni, pozornosti, sprejemanju, razumevanju in tolerantnosti. Z njim je treba biti dosleden, hkrati pa dovolj ljube\u010d, empati\u010den in \u010duje\u010d. \u010ce je mogo\u010de, je priporo\u010dljivo spregledati manj\u0161e spodrsljaje, vedno pa opaziti napredek in ga pohvaliti.<br \/>\n(Str. 42)<\/p>\n<p>Dobro je vedeti, da so star\u0161i in dru\u017eina tisti, ki s svojim ravnanjem in odlo\u010ditvami v prvi vrsti vplivajo na otroka in omogo\u010dajo, da so te\u017eave obvladljive, da otrok spoznava svoje talente in sposobnosti ter jih razvija, hkrati pa utrjuje tudi svoja \u0161ibka podro\u010dja in primanjkljaje. Na ta na\u010din spoznava svojo druga\u010dnost ter se u\u010di socialnih ve\u0161\u010din in zdravih socialnih odnosov. (Str. 84)<br \/>\nResnici na ljubo imamo vsi drobec ADHD: vsi smo v\u010dasih vihravi, nepozorni, \u010dustveni, hiperaktivni, zasanjani, prav vsi pa imamo tudi kak\u0161no mo\u010dno podro\u010dje in talent. Potrebujemo razumevanje, sprejemanje, podporo, objem in prilo\u017enost, da se spoznamo in se poka\u017eemo drugim.<br \/>\n(Str. 145)<\/p>\n<p>&nbsp;<\/p>\n","protected":false},"excerpt":{"rendered":"<div><strong>Drugi sodelujo\u010di avtorji: <\/strong>Alenka Kobolt<strong><br \/>\nLeto izdaje:<\/strong> 2023<br \/>\n<strong>\u0160tevilo strani:<\/strong> 180<br \/>\n<strong>Format:<\/strong> 135 x 210 mm<\/div>\n<p><em>Prepoznati, razumeti in sprejeti posebnosti te\u017eav s pozornostjo in\/ali hiperaktivnostjo. Priro\u010dnik za star\u0161e, vzgojitelje, u\u010ditelje in posameznike.<\/em><\/p>\n<p>&nbsp;<\/p>\n","protected":false},"featured_media":70638,"comment_status":"open","ping_status":"closed","template":"","meta":[],"product_brand":[],"product_cat":[2322,2327,2323,63],"product_tag":[],"avtor":[2617],"zalozba":[2337],"vezava":[2307],"class_list":{"0":"post-70652","1":"product","2":"type-product","3":"status-publish","4":"has-post-thumbnail","6":"product_cat-druzina-in-odnosi","7":"product_cat-prirocniki-in-vodniki","8":"product_cat-vzgoja","9":"product_cat-knjige","10":"avtor-lidija-sket-kamensek","11":"zalozba-celjska-mohorjeva-druzba","12":"vezava-mehka","14":"first","15":"instock","16":"taxable","17":"shipping-taxable","18":"purchasable","19":"product-type-simple"},"yoast_head":"<!-- This site is optimized with the Yoast SEO plugin v26.3 - https:\/\/yoast.com\/wordpress\/plugins\/seo\/ -->\n<title>Ampak danes ho\u010dem druga\u010de - trgovina Iskreni<\/title>\n<meta name=\"description\" content=\"Ampak danes ho\u010dem druga\u010de - Prepoznati, razumeti in sprejeti posebnosti te\u017eav s pozornostjo in\/ali hiperaktivnostjo.\" \/>\n<meta name=\"robots\" content=\"index, follow, max-snippet:-1, max-image-preview:large, max-video-preview:-1\" \/>\n<link rel=\"canonical\" href=\"https:\/\/www.iskreni.net\/trgovina\/product\/ampak-danes-hocem-drugace\/\" \/>\n<meta property=\"og:locale\" content=\"sl_SI\" \/>\n<meta property=\"og:type\" content=\"article\" \/>\n<meta property=\"og:title\" content=\"Ampak danes ho\u010dem druga\u010de\" \/>\n<meta property=\"og:description\" content=\"Ampak danes ho\u010dem druga\u010de - Prepoznati, razumeti in sprejeti posebnosti te\u017eav s pozornostjo in\/ali hiperaktivnostjo.\" \/>\n<meta property=\"og:url\" content=\"https:\/\/www.iskreni.net\/trgovina\/product\/ampak-danes-hocem-drugace\/\" \/>\n<meta property=\"og:site_name\" content=\"Zavod Iskreni\" \/>\n<meta property=\"article:modified_time\" content=\"2025-01-29T14:56:58+00:00\" \/>\n<meta property=\"og:image\" content=\"https:\/\/www.iskreni.net\/trgovina\/wp-content\/uploads\/2023\/11\/2.jpg\" \/>\n\t<meta property=\"og:image:width\" content=\"600\" \/>\n\t<meta property=\"og:image:height\" content=\"600\" \/>\n\t<meta property=\"og:image:type\" content=\"image\/jpeg\" \/>\n<meta name=\"twitter:card\" content=\"summary_large_image\" \/>\n<meta name=\"twitter:label1\" content=\"Est. reading time\" \/>\n\t<meta name=\"twitter:data1\" content=\"3 minute\" \/>\n<script type=\"application\/ld+json\" class=\"yoast-schema-graph\">{\"@context\":\"https:\/\/schema.org\",\"@graph\":[{\"@type\":\"WebPage\",\"@id\":\"https:\/\/www.iskreni.net\/trgovina\/product\/ampak-danes-hocem-drugace\/\",\"url\":\"https:\/\/www.iskreni.net\/trgovina\/product\/ampak-danes-hocem-drugace\/\",\"name\":\"Ampak danes ho\u010dem druga\u010de - trgovina Iskreni\",\"isPartOf\":{\"@id\":\"https:\/\/www.iskreni.net\/trgovina\/#website\"},\"primaryImageOfPage\":{\"@id\":\"https:\/\/www.iskreni.net\/trgovina\/product\/ampak-danes-hocem-drugace\/#primaryimage\"},\"image\":{\"@id\":\"https:\/\/www.iskreni.net\/trgovina\/product\/ampak-danes-hocem-drugace\/#primaryimage\"},\"thumbnailUrl\":\"https:\/\/www.iskreni.net\/trgovina\/wp-content\/uploads\/2023\/11\/2.jpg\",\"datePublished\":\"2023-11-27T10:45:55+00:00\",\"dateModified\":\"2025-01-29T14:56:58+00:00\",\"description\":\"Ampak danes ho\u010dem druga\u010de - Prepoznati, razumeti in sprejeti posebnosti te\u017eav s pozornostjo in\/ali hiperaktivnostjo.\",\"breadcrumb\":{\"@id\":\"https:\/\/www.iskreni.net\/trgovina\/product\/ampak-danes-hocem-drugace\/#breadcrumb\"},\"inLanguage\":\"sl-SI\",\"potentialAction\":[{\"@type\":\"ReadAction\",\"target\":[\"https:\/\/www.iskreni.net\/trgovina\/product\/ampak-danes-hocem-drugace\/\"]}]},{\"@type\":\"ImageObject\",\"inLanguage\":\"sl-SI\",\"@id\":\"https:\/\/www.iskreni.net\/trgovina\/product\/ampak-danes-hocem-drugace\/#primaryimage\",\"url\":\"https:\/\/www.iskreni.net\/trgovina\/wp-content\/uploads\/2023\/11\/2.jpg\",\"contentUrl\":\"https:\/\/www.iskreni.net\/trgovina\/wp-content\/uploads\/2023\/11\/2.jpg\",\"width\":600,\"height\":600},{\"@type\":\"BreadcrumbList\",\"@id\":\"https:\/\/www.iskreni.net\/trgovina\/product\/ampak-danes-hocem-drugace\/#breadcrumb\",\"itemListElement\":[{\"@type\":\"ListItem\",\"position\":1,\"name\":\"Home\",\"item\":\"https:\/\/www.iskreni.net\/trgovina\/\"},{\"@type\":\"ListItem\",\"position\":2,\"name\":\"Trgovina\",\"item\":\"https:\/\/www.iskreni.net\/trgovina\/trgovina\/\"},{\"@type\":\"ListItem\",\"position\":3,\"name\":\"Ampak danes ho\u010dem druga\u010de\"}]},{\"@type\":\"WebSite\",\"@id\":\"https:\/\/www.iskreni.net\/trgovina\/#website\",\"url\":\"https:\/\/www.iskreni.net\/trgovina\/\",\"name\":\"Zavod Iskreni\",\"description\":\"trgovina\",\"potentialAction\":[{\"@type\":\"SearchAction\",\"target\":{\"@type\":\"EntryPoint\",\"urlTemplate\":\"https:\/\/www.iskreni.net\/trgovina\/?s={search_term_string}\"},\"query-input\":{\"@type\":\"PropertyValueSpecification\",\"valueRequired\":true,\"valueName\":\"search_term_string\"}}],\"inLanguage\":\"sl-SI\"}]}<\/script>\n<!-- \/ Yoast SEO plugin. -->","yoast_head_json":{"title":"Ampak danes ho\u010dem druga\u010de - trgovina Iskreni","description":"Ampak danes ho\u010dem druga\u010de - Prepoznati, razumeti in sprejeti posebnosti te\u017eav s pozornostjo in\/ali hiperaktivnostjo.","robots":{"index":"index","follow":"follow","max-snippet":"max-snippet:-1","max-image-preview":"max-image-preview:large","max-video-preview":"max-video-preview:-1"},"canonical":"https:\/\/www.iskreni.net\/trgovina\/product\/ampak-danes-hocem-drugace\/","og_locale":"sl_SI","og_type":"article","og_title":"Ampak danes ho\u010dem druga\u010de","og_description":"Ampak danes ho\u010dem druga\u010de - Prepoznati, razumeti in sprejeti posebnosti te\u017eav s pozornostjo in\/ali hiperaktivnostjo.","og_url":"https:\/\/www.iskreni.net\/trgovina\/product\/ampak-danes-hocem-drugace\/","og_site_name":"Zavod Iskreni","article_modified_time":"2025-01-29T14:56:58+00:00","og_image":[{"width":600,"height":600,"url":"https:\/\/www.iskreni.net\/trgovina\/wp-content\/uploads\/2023\/11\/2.jpg","type":"image\/jpeg"}],"twitter_card":"summary_large_image","twitter_misc":{"Est. reading time":"3 minute"},"schema":{"@context":"https:\/\/schema.org","@graph":[{"@type":"WebPage","@id":"https:\/\/www.iskreni.net\/trgovina\/product\/ampak-danes-hocem-drugace\/","url":"https:\/\/www.iskreni.net\/trgovina\/product\/ampak-danes-hocem-drugace\/","name":"Ampak danes ho\u010dem druga\u010de - trgovina Iskreni","isPartOf":{"@id":"https:\/\/www.iskreni.net\/trgovina\/#website"},"primaryImageOfPage":{"@id":"https:\/\/www.iskreni.net\/trgovina\/product\/ampak-danes-hocem-drugace\/#primaryimage"},"image":{"@id":"https:\/\/www.iskreni.net\/trgovina\/product\/ampak-danes-hocem-drugace\/#primaryimage"},"thumbnailUrl":"https:\/\/www.iskreni.net\/trgovina\/wp-content\/uploads\/2023\/11\/2.jpg","datePublished":"2023-11-27T10:45:55+00:00","dateModified":"2025-01-29T14:56:58+00:00","description":"Ampak danes ho\u010dem druga\u010de - Prepoznati, razumeti in sprejeti posebnosti te\u017eav s pozornostjo in\/ali hiperaktivnostjo.","breadcrumb":{"@id":"https:\/\/www.iskreni.net\/trgovina\/product\/ampak-danes-hocem-drugace\/#breadcrumb"},"inLanguage":"sl-SI","potentialAction":[{"@type":"ReadAction","target":["https:\/\/www.iskreni.net\/trgovina\/product\/ampak-danes-hocem-drugace\/"]}]},{"@type":"ImageObject","inLanguage":"sl-SI","@id":"https:\/\/www.iskreni.net\/trgovina\/product\/ampak-danes-hocem-drugace\/#primaryimage","url":"https:\/\/www.iskreni.net\/trgovina\/wp-content\/uploads\/2023\/11\/2.jpg","contentUrl":"https:\/\/www.iskreni.net\/trgovina\/wp-content\/uploads\/2023\/11\/2.jpg","width":600,"height":600},{"@type":"BreadcrumbList","@id":"https:\/\/www.iskreni.net\/trgovina\/product\/ampak-danes-hocem-drugace\/#breadcrumb","itemListElement":[{"@type":"ListItem","position":1,"name":"Home","item":"https:\/\/www.iskreni.net\/trgovina\/"},{"@type":"ListItem","position":2,"name":"Trgovina","item":"https:\/\/www.iskreni.net\/trgovina\/trgovina\/"},{"@type":"ListItem","position":3,"name":"Ampak danes ho\u010dem druga\u010de"}]},{"@type":"WebSite","@id":"https:\/\/www.iskreni.net\/trgovina\/#website","url":"https:\/\/www.iskreni.net\/trgovina\/","name":"Zavod Iskreni","description":"trgovina","potentialAction":[{"@type":"SearchAction","target":{"@type":"EntryPoint","urlTemplate":"https:\/\/www.iskreni.net\/trgovina\/?s={search_term_string}"},"query-input":{"@type":"PropertyValueSpecification","valueRequired":true,"valueName":"search_term_string"}}],"inLanguage":"sl-SI"}]}},"_links":{"self":[{"href":"https:\/\/www.iskreni.net\/trgovina\/wp-json\/wp\/v2\/product\/70652","targetHints":{"allow":["GET"]}}],"collection":[{"href":"https:\/\/www.iskreni.net\/trgovina\/wp-json\/wp\/v2\/product"}],"about":[{"href":"https:\/\/www.iskreni.net\/trgovina\/wp-json\/wp\/v2\/types\/product"}],"replies":[{"embeddable":true,"href":"https:\/\/www.iskreni.net\/trgovina\/wp-json\/wp\/v2\/comments?post=70652"}],"version-history":[{"count":4,"href":"https:\/\/www.iskreni.net\/trgovina\/wp-json\/wp\/v2\/product\/70652\/revisions"}],"predecessor-version":[{"id":83877,"href":"https:\/\/www.iskreni.net\/trgovina\/wp-json\/wp\/v2\/product\/70652\/revisions\/83877"}],"wp:featuredmedia":[{"embeddable":true,"href":"https:\/\/www.iskreni.net\/trgovina\/wp-json\/wp\/v2\/media\/70638"}],"wp:attachment":[{"href":"https:\/\/www.iskreni.net\/trgovina\/wp-json\/wp\/v2\/media?parent=70652"}],"wp:term":[{"taxonomy":"product_brand","embeddable":true,"href":"https:\/\/www.iskreni.net\/trgovina\/wp-json\/wp\/v2\/product_brand?post=70652"},{"taxonomy":"product_cat","embeddable":true,"href":"https:\/\/www.iskreni.net\/trgovina\/wp-json\/wp\/v2\/product_cat?post=70652"},{"taxonomy":"product_tag","embeddable":true,"href":"https:\/\/www.iskreni.net\/trgovina\/wp-json\/wp\/v2\/product_tag?post=70652"},{"taxonomy":"avtor","embeddable":true,"href":"https:\/\/www.iskreni.net\/trgovina\/wp-json\/wp\/v2\/avtor?post=70652"},{"taxonomy":"zalozba","embeddable":true,"href":"https:\/\/www.iskreni.net\/trgovina\/wp-json\/wp\/v2\/zalozba?post=70652"},{"taxonomy":"vezava","embeddable":true,"href":"https:\/\/www.iskreni.net\/trgovina\/wp-json\/wp\/v2\/vezava?post=70652"}],"curies":[{"name":"wp","href":"https:\/\/api.w.org\/{rel}","templated":true}]}}