{"id":70624,"date":"2023-11-08T10:58:17","date_gmt":"2023-11-08T09:58:17","guid":{"rendered":"https:\/\/www.iskreni.net\/trgovina\/?post_type=product&#038;p=70624"},"modified":"2023-12-04T11:18:49","modified_gmt":"2023-12-04T10:18:49","slug":"berti-in-vohljacek","status":"publish","type":"product","link":"https:\/\/www.iskreni.net\/trgovina\/product\/berti-in-vohljacek\/","title":{"rendered":"Berti in vohlja\u010dek"},"content":{"rendered":"<h3 id=\"anchor-o-izdelku\" class=\"title\">O knjigi Berti in vohlja\u010dek<\/h3>\n<div id=\"tab-opis_tab\" class=\"tab-pane active\">\n<p>Ko ti ob strani stojijo pravi ljudje, je vse la\u017eje<\/p>\n<p><em>Bertijeva star\u0161a sta se lo\u010dila in njegova mami si je na\u0161la novega partnerja Riharda, ki Bertiju ni niti malo v\u0161e\u010d. \u017deli si, da bi mami ostala z o\u010dkom, ki ga Berti obo\u017euje. Poleti se de\u010dek z mami in Rihardom odpravi na vikend, kjer sitnari, nagaja in sam kolovrati naokrog. Nekega dne pa v gozdu naleti na nenavadno bitje, vohlja\u010dka, ki lahko govori in spreminja barvo. Nenavadna \u017eivalca prisluhne njegovi stiski in mu pomaga, da sam pride do sklepa, ki spremeni njegovo \u017eivljenje\u2026<\/em><\/p>\n<p>Berti se z mami in Rihardom pelje na po\u010ditnice in se na vse pretege trudi, da bi jima zagrenil \u017eivljenje. V njem se kopi\u010di jeza, saj se nikakor ne more sprijazniti, da sta se mami in o\u010dka lo\u010dila. \u017deli si, da bi lahko ostal pri o\u010dku v Pragi. Na Rihardovem vikendu spozna njegova ne\u010daka in njuni prijateljici, s katerimi se ne \u017eeli dru\u017eiti. Raje razmi\u0161lja, kako bi \u0161e lahko ponagajal Rilcu, kot kli\u010de Riharda. Na videz nedol\u017ena past, ki mu jo nastavi, pa se kon\u010da klavrno, saj je ne skupi Rilec, temve\u010d eno od deklet, Suzana. Vsi se jezijo na Bertija, \u0161e zlasti njegova mami. Tako se de\u010dek zate\u010de v gozd, kjer naleti na nenavadno \u017eivalco, vohlja\u010dka. Ta poslu\u0161a njegovo stisko, a mu hkrati nastavi ogledalo: po pogovorih z vohlja\u010dkom de\u010dek po\u010dasi pride do spoznanja, da ni ravnal prav. Ko se opravi\u010di Suzani, se stvari za\u010dnejo obra\u010dati na bolje. In ko izve nepri\u010dakovano novico, za\u010duda sploh ni ve\u010d tako jezen \u2026<\/p>\n<\/div>\n<h3 id=\"anchor-o-izdelku\" class=\"title\">Iz knjige<\/h3>\n<p>Nisem navadna \u017eival.<br \/>\n\u00bbKdo pa si potem?\u00ab<br \/>\nVohlja\u010dek.<br \/>\n\u00bbNi\u010d takega ne obstaja.\u00ab<br \/>\nMiga s smr\u010dkom in ni\u010d ne re\u010de.<br \/>\nMalo si oddahnem, mogo\u010de se mi je res samo sanjalo.<br \/>\n\u00bbVohlja\u010dek,\u00ab re\u010dem na glas, kak\u0161na sme\u0161na beseda.<br \/>\nMoram se zasmejati.<br \/>\nJa, vohlja\u010dek, re\u010de vohlja\u010dek.<br \/>\n(Str. 45)<\/p>\n<p>&nbsp;<\/p>\n<p>Vse se stalno spreminja. Prej si mislil, da je Rihard bedak, pa ni. Z otroki se nisi dru\u017eil, zdaj ste pa ena ekipa in rad ima\u0161 Anico. V \u017eivljenju je z vsemi stvarmi tako. Stalno se kaj dogaja. \u010ce ve\u0161, kam sodi\u0161 in kateri ljudje bodo ostali s tabo, se ti ni treba bati novih stvari.<br \/>\n(Str. 124)<\/p>\n","protected":false},"excerpt":{"rendered":"<div id=\"tab-opis_tab\" class=\"tab-pane active\">\n<p><strong>Avtor prevoda: <\/strong>Nives Vidrih<br \/>\n<strong>Ilustracije: <\/strong>Petr Korunka<strong><br \/>\n<\/strong><strong>Leto izdaje:<\/strong> 2023<br \/>\n<strong>\u0160tevilo strani:<\/strong> 132<br \/>\n<strong>Format:<\/strong> 165 x 230 mm<\/p>\n<\/div>\n<h4><\/h4>\n","protected":false},"featured_media":70626,"comment_status":"open","ping_status":"closed","template":"","meta":[],"product_brand":[],"product_cat":[63,135],"product_tag":[734],"avtor":[2615],"zalozba":[2337],"vezava":[2306],"class_list":{"0":"post-70624","1":"product","2":"type-product","3":"status-publish","4":"has-post-thumbnail","6":"product_cat-knjige","7":"product_cat-za-otroke","8":"product_tag-roman","9":"avtor-petra-soukupova","10":"zalozba-celjska-mohorjeva-druzba","11":"vezava-trda","13":"first","14":"instock","15":"taxable","16":"shipping-taxable","17":"purchasable","18":"product-type-simple"},"yoast_head":"<!-- This site is optimized with the Yoast SEO plugin v26.3 - https:\/\/yoast.com\/wordpress\/plugins\/seo\/ -->\n<title>Berti in vohlja\u010dek - trgovina Iskreni<\/title>\n<meta name=\"description\" content=\"Berti in vohlja\u010dek pripoveduje o de\u010dku Bertiju, ki se pomo\u010djo \u017eivalice vohlja\u010dka predeluje svojo stisko ob lo\u010ditvi star\u0161ev.\" \/>\n<meta name=\"robots\" content=\"index, follow, max-snippet:-1, max-image-preview:large, max-video-preview:-1\" \/>\n<link rel=\"canonical\" href=\"https:\/\/www.iskreni.net\/trgovina\/product\/berti-in-vohljacek\/\" \/>\n<meta property=\"og:locale\" content=\"sl_SI\" \/>\n<meta property=\"og:type\" content=\"article\" \/>\n<meta property=\"og:title\" content=\"Berti in vohlja\u010dek\" \/>\n<meta property=\"og:description\" content=\"Berti in vohlja\u010dek pripoveduje o de\u010dku Bertiju, ki se pomo\u010djo \u017eivalice vohlja\u010dka predeluje svojo stisko ob lo\u010ditvi star\u0161ev.\" \/>\n<meta property=\"og:url\" content=\"https:\/\/www.iskreni.net\/trgovina\/product\/berti-in-vohljacek\/\" \/>\n<meta property=\"og:site_name\" content=\"Zavod Iskreni\" \/>\n<meta property=\"article:modified_time\" content=\"2023-12-04T10:18:49+00:00\" \/>\n<meta property=\"og:image\" content=\"https:\/\/www.iskreni.net\/trgovina\/wp-content\/uploads\/2023\/11\/Slike-za-v-spletno-trgovino-42.jpg\" \/>\n\t<meta property=\"og:image:width\" content=\"600\" \/>\n\t<meta property=\"og:image:height\" content=\"600\" \/>\n\t<meta property=\"og:image:type\" content=\"image\/jpeg\" \/>\n<meta name=\"twitter:card\" content=\"summary_large_image\" \/>\n<meta name=\"twitter:label1\" content=\"Est. reading time\" \/>\n\t<meta name=\"twitter:data1\" content=\"3 minute\" \/>\n<script type=\"application\/ld+json\" class=\"yoast-schema-graph\">{\"@context\":\"https:\/\/schema.org\",\"@graph\":[{\"@type\":\"WebPage\",\"@id\":\"https:\/\/www.iskreni.net\/trgovina\/product\/berti-in-vohljacek\/\",\"url\":\"https:\/\/www.iskreni.net\/trgovina\/product\/berti-in-vohljacek\/\",\"name\":\"Berti in vohlja\u010dek - trgovina Iskreni\",\"isPartOf\":{\"@id\":\"https:\/\/www.iskreni.net\/trgovina\/#website\"},\"primaryImageOfPage\":{\"@id\":\"https:\/\/www.iskreni.net\/trgovina\/product\/berti-in-vohljacek\/#primaryimage\"},\"image\":{\"@id\":\"https:\/\/www.iskreni.net\/trgovina\/product\/berti-in-vohljacek\/#primaryimage\"},\"thumbnailUrl\":\"https:\/\/www.iskreni.net\/trgovina\/wp-content\/uploads\/2023\/11\/Slike-za-v-spletno-trgovino-42.jpg\",\"datePublished\":\"2023-11-08T09:58:17+00:00\",\"dateModified\":\"2023-12-04T10:18:49+00:00\",\"description\":\"Berti in vohlja\u010dek pripoveduje o de\u010dku Bertiju, ki se pomo\u010djo \u017eivalice vohlja\u010dka predeluje svojo stisko ob lo\u010ditvi star\u0161ev.\",\"breadcrumb\":{\"@id\":\"https:\/\/www.iskreni.net\/trgovina\/product\/berti-in-vohljacek\/#breadcrumb\"},\"inLanguage\":\"sl-SI\",\"potentialAction\":[{\"@type\":\"ReadAction\",\"target\":[\"https:\/\/www.iskreni.net\/trgovina\/product\/berti-in-vohljacek\/\"]}]},{\"@type\":\"ImageObject\",\"inLanguage\":\"sl-SI\",\"@id\":\"https:\/\/www.iskreni.net\/trgovina\/product\/berti-in-vohljacek\/#primaryimage\",\"url\":\"https:\/\/www.iskreni.net\/trgovina\/wp-content\/uploads\/2023\/11\/Slike-za-v-spletno-trgovino-42.jpg\",\"contentUrl\":\"https:\/\/www.iskreni.net\/trgovina\/wp-content\/uploads\/2023\/11\/Slike-za-v-spletno-trgovino-42.jpg\",\"width\":600,\"height\":600},{\"@type\":\"BreadcrumbList\",\"@id\":\"https:\/\/www.iskreni.net\/trgovina\/product\/berti-in-vohljacek\/#breadcrumb\",\"itemListElement\":[{\"@type\":\"ListItem\",\"position\":1,\"name\":\"Home\",\"item\":\"https:\/\/www.iskreni.net\/trgovina\/\"},{\"@type\":\"ListItem\",\"position\":2,\"name\":\"Trgovina\",\"item\":\"https:\/\/www.iskreni.net\/trgovina\/trgovina\/\"},{\"@type\":\"ListItem\",\"position\":3,\"name\":\"Berti in vohlja\u010dek\"}]},{\"@type\":\"WebSite\",\"@id\":\"https:\/\/www.iskreni.net\/trgovina\/#website\",\"url\":\"https:\/\/www.iskreni.net\/trgovina\/\",\"name\":\"Zavod Iskreni\",\"description\":\"trgovina\",\"potentialAction\":[{\"@type\":\"SearchAction\",\"target\":{\"@type\":\"EntryPoint\",\"urlTemplate\":\"https:\/\/www.iskreni.net\/trgovina\/?s={search_term_string}\"},\"query-input\":{\"@type\":\"PropertyValueSpecification\",\"valueRequired\":true,\"valueName\":\"search_term_string\"}}],\"inLanguage\":\"sl-SI\"}]}<\/script>\n<!-- \/ Yoast SEO plugin. -->","yoast_head_json":{"title":"Berti in vohlja\u010dek - trgovina Iskreni","description":"Berti in vohlja\u010dek pripoveduje o de\u010dku Bertiju, ki se pomo\u010djo \u017eivalice vohlja\u010dka predeluje svojo stisko ob lo\u010ditvi star\u0161ev.","robots":{"index":"index","follow":"follow","max-snippet":"max-snippet:-1","max-image-preview":"max-image-preview:large","max-video-preview":"max-video-preview:-1"},"canonical":"https:\/\/www.iskreni.net\/trgovina\/product\/berti-in-vohljacek\/","og_locale":"sl_SI","og_type":"article","og_title":"Berti in vohlja\u010dek","og_description":"Berti in vohlja\u010dek pripoveduje o de\u010dku Bertiju, ki se pomo\u010djo \u017eivalice vohlja\u010dka predeluje svojo stisko ob lo\u010ditvi star\u0161ev.","og_url":"https:\/\/www.iskreni.net\/trgovina\/product\/berti-in-vohljacek\/","og_site_name":"Zavod Iskreni","article_modified_time":"2023-12-04T10:18:49+00:00","og_image":[{"width":600,"height":600,"url":"https:\/\/www.iskreni.net\/trgovina\/wp-content\/uploads\/2023\/11\/Slike-za-v-spletno-trgovino-42.jpg","type":"image\/jpeg"}],"twitter_card":"summary_large_image","twitter_misc":{"Est. reading time":"3 minute"},"schema":{"@context":"https:\/\/schema.org","@graph":[{"@type":"WebPage","@id":"https:\/\/www.iskreni.net\/trgovina\/product\/berti-in-vohljacek\/","url":"https:\/\/www.iskreni.net\/trgovina\/product\/berti-in-vohljacek\/","name":"Berti in vohlja\u010dek - trgovina Iskreni","isPartOf":{"@id":"https:\/\/www.iskreni.net\/trgovina\/#website"},"primaryImageOfPage":{"@id":"https:\/\/www.iskreni.net\/trgovina\/product\/berti-in-vohljacek\/#primaryimage"},"image":{"@id":"https:\/\/www.iskreni.net\/trgovina\/product\/berti-in-vohljacek\/#primaryimage"},"thumbnailUrl":"https:\/\/www.iskreni.net\/trgovina\/wp-content\/uploads\/2023\/11\/Slike-za-v-spletno-trgovino-42.jpg","datePublished":"2023-11-08T09:58:17+00:00","dateModified":"2023-12-04T10:18:49+00:00","description":"Berti in vohlja\u010dek pripoveduje o de\u010dku Bertiju, ki se pomo\u010djo \u017eivalice vohlja\u010dka predeluje svojo stisko ob lo\u010ditvi star\u0161ev.","breadcrumb":{"@id":"https:\/\/www.iskreni.net\/trgovina\/product\/berti-in-vohljacek\/#breadcrumb"},"inLanguage":"sl-SI","potentialAction":[{"@type":"ReadAction","target":["https:\/\/www.iskreni.net\/trgovina\/product\/berti-in-vohljacek\/"]}]},{"@type":"ImageObject","inLanguage":"sl-SI","@id":"https:\/\/www.iskreni.net\/trgovina\/product\/berti-in-vohljacek\/#primaryimage","url":"https:\/\/www.iskreni.net\/trgovina\/wp-content\/uploads\/2023\/11\/Slike-za-v-spletno-trgovino-42.jpg","contentUrl":"https:\/\/www.iskreni.net\/trgovina\/wp-content\/uploads\/2023\/11\/Slike-za-v-spletno-trgovino-42.jpg","width":600,"height":600},{"@type":"BreadcrumbList","@id":"https:\/\/www.iskreni.net\/trgovina\/product\/berti-in-vohljacek\/#breadcrumb","itemListElement":[{"@type":"ListItem","position":1,"name":"Home","item":"https:\/\/www.iskreni.net\/trgovina\/"},{"@type":"ListItem","position":2,"name":"Trgovina","item":"https:\/\/www.iskreni.net\/trgovina\/trgovina\/"},{"@type":"ListItem","position":3,"name":"Berti in vohlja\u010dek"}]},{"@type":"WebSite","@id":"https:\/\/www.iskreni.net\/trgovina\/#website","url":"https:\/\/www.iskreni.net\/trgovina\/","name":"Zavod Iskreni","description":"trgovina","potentialAction":[{"@type":"SearchAction","target":{"@type":"EntryPoint","urlTemplate":"https:\/\/www.iskreni.net\/trgovina\/?s={search_term_string}"},"query-input":{"@type":"PropertyValueSpecification","valueRequired":true,"valueName":"search_term_string"}}],"inLanguage":"sl-SI"}]}},"_links":{"self":[{"href":"https:\/\/www.iskreni.net\/trgovina\/wp-json\/wp\/v2\/product\/70624","targetHints":{"allow":["GET"]}}],"collection":[{"href":"https:\/\/www.iskreni.net\/trgovina\/wp-json\/wp\/v2\/product"}],"about":[{"href":"https:\/\/www.iskreni.net\/trgovina\/wp-json\/wp\/v2\/types\/product"}],"replies":[{"embeddable":true,"href":"https:\/\/www.iskreni.net\/trgovina\/wp-json\/wp\/v2\/comments?post=70624"}],"version-history":[{"count":4,"href":"https:\/\/www.iskreni.net\/trgovina\/wp-json\/wp\/v2\/product\/70624\/revisions"}],"predecessor-version":[{"id":70634,"href":"https:\/\/www.iskreni.net\/trgovina\/wp-json\/wp\/v2\/product\/70624\/revisions\/70634"}],"wp:featuredmedia":[{"embeddable":true,"href":"https:\/\/www.iskreni.net\/trgovina\/wp-json\/wp\/v2\/media\/70626"}],"wp:attachment":[{"href":"https:\/\/www.iskreni.net\/trgovina\/wp-json\/wp\/v2\/media?parent=70624"}],"wp:term":[{"taxonomy":"product_brand","embeddable":true,"href":"https:\/\/www.iskreni.net\/trgovina\/wp-json\/wp\/v2\/product_brand?post=70624"},{"taxonomy":"product_cat","embeddable":true,"href":"https:\/\/www.iskreni.net\/trgovina\/wp-json\/wp\/v2\/product_cat?post=70624"},{"taxonomy":"product_tag","embeddable":true,"href":"https:\/\/www.iskreni.net\/trgovina\/wp-json\/wp\/v2\/product_tag?post=70624"},{"taxonomy":"avtor","embeddable":true,"href":"https:\/\/www.iskreni.net\/trgovina\/wp-json\/wp\/v2\/avtor?post=70624"},{"taxonomy":"zalozba","embeddable":true,"href":"https:\/\/www.iskreni.net\/trgovina\/wp-json\/wp\/v2\/zalozba?post=70624"},{"taxonomy":"vezava","embeddable":true,"href":"https:\/\/www.iskreni.net\/trgovina\/wp-json\/wp\/v2\/vezava?post=70624"}],"curies":[{"name":"wp","href":"https:\/\/api.w.org\/{rel}","templated":true}]}}