{"id":70518,"date":"2023-11-02T11:04:26","date_gmt":"2023-11-02T10:04:26","guid":{"rendered":"https:\/\/www.iskreni.net\/trgovina\/?post_type=product&#038;p=70518"},"modified":"2023-11-02T11:18:43","modified_gmt":"2023-11-02T10:18:43","slug":"kviz-jezusovo-zivljenje","status":"publish","type":"product","link":"https:\/\/www.iskreni.net\/trgovina\/product\/kviz-jezusovo-zivljenje\/","title":{"rendered":"Kviz Jezusovo \u017eivljenje"},"content":{"rendered":"<h4>O dru\u017eabni igri Kviz Jezusovo \u017eivljenje:<\/h4>\n<div class=\"tab-description js-tab-singleProduct-description content-tab\">\n<p>Na igriv na\u010din, preko kviza, \u00a0spoznamo celotno Jezusovo \u017eivljenje in njegov nauk.<\/p>\n<p>Zanimivo za otroke in odrasle, za vso dru\u017eino in verou\u010dne skupine.<\/p>\n<p>Ve\u010d te\u017eavnostnih stopenj, zato je primerno tudi za majhne otroke.<\/p>\n<p><strong>Odli\u010dno darilo izdelano v Sloveniji!<\/strong><\/p>\n<\/div>\n<p>&nbsp;<\/p>\n","protected":false},"excerpt":{"rendered":"<p>&nbsp;<\/p>\n<p>Izvirna, hitra igra za dva igralca ali dve skupini igralcev, ki zdru\u017euje znanje, sklepanje, taktiko in nekaj sre\u010de.<\/p>\n<ul>\n<li>110 zanimivosti iz Jezusovega \u017eivljenja<\/li>\n<li>2 igralca ali 2 skupini igralcev<\/li>\n<li>8-99 let<\/li>\n<li>\u010das igranja: 10 minut<\/li>\n<\/ul>\n<h5><\/h5>\n","protected":false},"featured_media":70494,"comment_status":"open","ping_status":"closed","template":"","meta":[],"product_brand":[],"product_cat":[2324,2350,668,855,135],"product_tag":[578,391,1000],"avtor":[],"zalozba":[2311],"vezava":[2306],"class_list":{"0":"post-70518","1":"product","2":"type-product","3":"status-publish","4":"has-post-thumbnail","6":"product_cat-duhovnost-in-osebna-rast","7":"product_cat-za-mlade","8":"product_cat-darilni-program","9":"product_cat-druzabne-igre-ostala-ponudba","10":"product_cat-za-otroke","11":"product_tag-druzabna-igra","12":"product_tag-jezus","13":"product_tag-slovenija","14":"zalozba-druzina","15":"vezava-trda","17":"first","18":"instock","19":"taxable","20":"shipping-taxable","21":"purchasable","22":"product-type-simple"},"yoast_head":"<!-- This site is optimized with the Yoast SEO plugin v26.3 - https:\/\/yoast.com\/wordpress\/plugins\/seo\/ -->\n<title>Kviz Jezusovo \u017eivljenje - trgovina Iskreni<\/title>\n<meta name=\"description\" content=\"Kviz Jezusovo \u017eivljenje - Dr\u017ei ali ne dr\u017ei? Na igriv na\u010din, preko kviza, spoznamo celotno Jezusovo \u017eivljenje in njegov nauk.\" \/>\n<meta name=\"robots\" content=\"index, follow, max-snippet:-1, max-image-preview:large, max-video-preview:-1\" \/>\n<link rel=\"canonical\" href=\"https:\/\/www.iskreni.net\/trgovina\/product\/kviz-jezusovo-zivljenje\/\" \/>\n<meta property=\"og:locale\" content=\"sl_SI\" \/>\n<meta property=\"og:type\" content=\"article\" \/>\n<meta property=\"og:title\" content=\"Kviz Jezusovo \u017eivljenje\" \/>\n<meta property=\"og:description\" content=\"Kviz Jezusovo \u017eivljenje - Dr\u017ei ali ne dr\u017ei? Na igriv na\u010din, preko kviza, spoznamo celotno Jezusovo \u017eivljenje in njegov nauk.\" \/>\n<meta property=\"og:url\" content=\"https:\/\/www.iskreni.net\/trgovina\/product\/kviz-jezusovo-zivljenje\/\" \/>\n<meta property=\"og:site_name\" content=\"Zavod Iskreni\" \/>\n<meta property=\"article:modified_time\" content=\"2023-11-02T10:18:43+00:00\" \/>\n<meta property=\"og:image\" content=\"https:\/\/www.iskreni.net\/trgovina\/wp-content\/uploads\/2023\/10\/Slike-za-v-spletno-trgovino-40.jpg\" \/>\n\t<meta property=\"og:image:width\" content=\"600\" \/>\n\t<meta property=\"og:image:height\" content=\"600\" \/>\n\t<meta property=\"og:image:type\" content=\"image\/jpeg\" \/>\n<meta name=\"twitter:card\" content=\"summary_large_image\" \/>\n<meta name=\"twitter:label1\" content=\"Est. reading time\" \/>\n\t<meta name=\"twitter:data1\" content=\"1 minuta\" \/>\n<script type=\"application\/ld+json\" class=\"yoast-schema-graph\">{\"@context\":\"https:\/\/schema.org\",\"@graph\":[{\"@type\":\"WebPage\",\"@id\":\"https:\/\/www.iskreni.net\/trgovina\/product\/kviz-jezusovo-zivljenje\/\",\"url\":\"https:\/\/www.iskreni.net\/trgovina\/product\/kviz-jezusovo-zivljenje\/\",\"name\":\"Kviz Jezusovo \u017eivljenje - trgovina Iskreni\",\"isPartOf\":{\"@id\":\"https:\/\/www.iskreni.net\/trgovina\/#website\"},\"primaryImageOfPage\":{\"@id\":\"https:\/\/www.iskreni.net\/trgovina\/product\/kviz-jezusovo-zivljenje\/#primaryimage\"},\"image\":{\"@id\":\"https:\/\/www.iskreni.net\/trgovina\/product\/kviz-jezusovo-zivljenje\/#primaryimage\"},\"thumbnailUrl\":\"https:\/\/www.iskreni.net\/trgovina\/wp-content\/uploads\/2023\/10\/Slike-za-v-spletno-trgovino-40.jpg\",\"datePublished\":\"2023-11-02T10:04:26+00:00\",\"dateModified\":\"2023-11-02T10:18:43+00:00\",\"description\":\"Kviz Jezusovo \u017eivljenje - Dr\u017ei ali ne dr\u017ei? Na igriv na\u010din, preko kviza, spoznamo celotno Jezusovo \u017eivljenje in njegov nauk.\",\"breadcrumb\":{\"@id\":\"https:\/\/www.iskreni.net\/trgovina\/product\/kviz-jezusovo-zivljenje\/#breadcrumb\"},\"inLanguage\":\"sl-SI\",\"potentialAction\":[{\"@type\":\"ReadAction\",\"target\":[\"https:\/\/www.iskreni.net\/trgovina\/product\/kviz-jezusovo-zivljenje\/\"]}]},{\"@type\":\"ImageObject\",\"inLanguage\":\"sl-SI\",\"@id\":\"https:\/\/www.iskreni.net\/trgovina\/product\/kviz-jezusovo-zivljenje\/#primaryimage\",\"url\":\"https:\/\/www.iskreni.net\/trgovina\/wp-content\/uploads\/2023\/10\/Slike-za-v-spletno-trgovino-40.jpg\",\"contentUrl\":\"https:\/\/www.iskreni.net\/trgovina\/wp-content\/uploads\/2023\/10\/Slike-za-v-spletno-trgovino-40.jpg\",\"width\":600,\"height\":600},{\"@type\":\"BreadcrumbList\",\"@id\":\"https:\/\/www.iskreni.net\/trgovina\/product\/kviz-jezusovo-zivljenje\/#breadcrumb\",\"itemListElement\":[{\"@type\":\"ListItem\",\"position\":1,\"name\":\"Home\",\"item\":\"https:\/\/www.iskreni.net\/trgovina\/\"},{\"@type\":\"ListItem\",\"position\":2,\"name\":\"Trgovina\",\"item\":\"https:\/\/www.iskreni.net\/trgovina\/trgovina\/\"},{\"@type\":\"ListItem\",\"position\":3,\"name\":\"Kviz Jezusovo \u017eivljenje\"}]},{\"@type\":\"WebSite\",\"@id\":\"https:\/\/www.iskreni.net\/trgovina\/#website\",\"url\":\"https:\/\/www.iskreni.net\/trgovina\/\",\"name\":\"Zavod Iskreni\",\"description\":\"trgovina\",\"potentialAction\":[{\"@type\":\"SearchAction\",\"target\":{\"@type\":\"EntryPoint\",\"urlTemplate\":\"https:\/\/www.iskreni.net\/trgovina\/?s={search_term_string}\"},\"query-input\":{\"@type\":\"PropertyValueSpecification\",\"valueRequired\":true,\"valueName\":\"search_term_string\"}}],\"inLanguage\":\"sl-SI\"}]}<\/script>\n<!-- \/ Yoast SEO plugin. -->","yoast_head_json":{"title":"Kviz Jezusovo \u017eivljenje - trgovina Iskreni","description":"Kviz Jezusovo \u017eivljenje - Dr\u017ei ali ne dr\u017ei? Na igriv na\u010din, preko kviza, spoznamo celotno Jezusovo \u017eivljenje in njegov nauk.","robots":{"index":"index","follow":"follow","max-snippet":"max-snippet:-1","max-image-preview":"max-image-preview:large","max-video-preview":"max-video-preview:-1"},"canonical":"https:\/\/www.iskreni.net\/trgovina\/product\/kviz-jezusovo-zivljenje\/","og_locale":"sl_SI","og_type":"article","og_title":"Kviz Jezusovo \u017eivljenje","og_description":"Kviz Jezusovo \u017eivljenje - Dr\u017ei ali ne dr\u017ei? Na igriv na\u010din, preko kviza, spoznamo celotno Jezusovo \u017eivljenje in njegov nauk.","og_url":"https:\/\/www.iskreni.net\/trgovina\/product\/kviz-jezusovo-zivljenje\/","og_site_name":"Zavod Iskreni","article_modified_time":"2023-11-02T10:18:43+00:00","og_image":[{"width":600,"height":600,"url":"https:\/\/www.iskreni.net\/trgovina\/wp-content\/uploads\/2023\/10\/Slike-za-v-spletno-trgovino-40.jpg","type":"image\/jpeg"}],"twitter_card":"summary_large_image","twitter_misc":{"Est. reading time":"1 minuta"},"schema":{"@context":"https:\/\/schema.org","@graph":[{"@type":"WebPage","@id":"https:\/\/www.iskreni.net\/trgovina\/product\/kviz-jezusovo-zivljenje\/","url":"https:\/\/www.iskreni.net\/trgovina\/product\/kviz-jezusovo-zivljenje\/","name":"Kviz Jezusovo \u017eivljenje - trgovina Iskreni","isPartOf":{"@id":"https:\/\/www.iskreni.net\/trgovina\/#website"},"primaryImageOfPage":{"@id":"https:\/\/www.iskreni.net\/trgovina\/product\/kviz-jezusovo-zivljenje\/#primaryimage"},"image":{"@id":"https:\/\/www.iskreni.net\/trgovina\/product\/kviz-jezusovo-zivljenje\/#primaryimage"},"thumbnailUrl":"https:\/\/www.iskreni.net\/trgovina\/wp-content\/uploads\/2023\/10\/Slike-za-v-spletno-trgovino-40.jpg","datePublished":"2023-11-02T10:04:26+00:00","dateModified":"2023-11-02T10:18:43+00:00","description":"Kviz Jezusovo \u017eivljenje - Dr\u017ei ali ne dr\u017ei? Na igriv na\u010din, preko kviza, spoznamo celotno Jezusovo \u017eivljenje in njegov nauk.","breadcrumb":{"@id":"https:\/\/www.iskreni.net\/trgovina\/product\/kviz-jezusovo-zivljenje\/#breadcrumb"},"inLanguage":"sl-SI","potentialAction":[{"@type":"ReadAction","target":["https:\/\/www.iskreni.net\/trgovina\/product\/kviz-jezusovo-zivljenje\/"]}]},{"@type":"ImageObject","inLanguage":"sl-SI","@id":"https:\/\/www.iskreni.net\/trgovina\/product\/kviz-jezusovo-zivljenje\/#primaryimage","url":"https:\/\/www.iskreni.net\/trgovina\/wp-content\/uploads\/2023\/10\/Slike-za-v-spletno-trgovino-40.jpg","contentUrl":"https:\/\/www.iskreni.net\/trgovina\/wp-content\/uploads\/2023\/10\/Slike-za-v-spletno-trgovino-40.jpg","width":600,"height":600},{"@type":"BreadcrumbList","@id":"https:\/\/www.iskreni.net\/trgovina\/product\/kviz-jezusovo-zivljenje\/#breadcrumb","itemListElement":[{"@type":"ListItem","position":1,"name":"Home","item":"https:\/\/www.iskreni.net\/trgovina\/"},{"@type":"ListItem","position":2,"name":"Trgovina","item":"https:\/\/www.iskreni.net\/trgovina\/trgovina\/"},{"@type":"ListItem","position":3,"name":"Kviz Jezusovo \u017eivljenje"}]},{"@type":"WebSite","@id":"https:\/\/www.iskreni.net\/trgovina\/#website","url":"https:\/\/www.iskreni.net\/trgovina\/","name":"Zavod Iskreni","description":"trgovina","potentialAction":[{"@type":"SearchAction","target":{"@type":"EntryPoint","urlTemplate":"https:\/\/www.iskreni.net\/trgovina\/?s={search_term_string}"},"query-input":{"@type":"PropertyValueSpecification","valueRequired":true,"valueName":"search_term_string"}}],"inLanguage":"sl-SI"}]}},"_links":{"self":[{"href":"https:\/\/www.iskreni.net\/trgovina\/wp-json\/wp\/v2\/product\/70518","targetHints":{"allow":["GET"]}}],"collection":[{"href":"https:\/\/www.iskreni.net\/trgovina\/wp-json\/wp\/v2\/product"}],"about":[{"href":"https:\/\/www.iskreni.net\/trgovina\/wp-json\/wp\/v2\/types\/product"}],"replies":[{"embeddable":true,"href":"https:\/\/www.iskreni.net\/trgovina\/wp-json\/wp\/v2\/comments?post=70518"}],"version-history":[{"count":4,"href":"https:\/\/www.iskreni.net\/trgovina\/wp-json\/wp\/v2\/product\/70518\/revisions"}],"predecessor-version":[{"id":70523,"href":"https:\/\/www.iskreni.net\/trgovina\/wp-json\/wp\/v2\/product\/70518\/revisions\/70523"}],"wp:featuredmedia":[{"embeddable":true,"href":"https:\/\/www.iskreni.net\/trgovina\/wp-json\/wp\/v2\/media\/70494"}],"wp:attachment":[{"href":"https:\/\/www.iskreni.net\/trgovina\/wp-json\/wp\/v2\/media?parent=70518"}],"wp:term":[{"taxonomy":"product_brand","embeddable":true,"href":"https:\/\/www.iskreni.net\/trgovina\/wp-json\/wp\/v2\/product_brand?post=70518"},{"taxonomy":"product_cat","embeddable":true,"href":"https:\/\/www.iskreni.net\/trgovina\/wp-json\/wp\/v2\/product_cat?post=70518"},{"taxonomy":"product_tag","embeddable":true,"href":"https:\/\/www.iskreni.net\/trgovina\/wp-json\/wp\/v2\/product_tag?post=70518"},{"taxonomy":"avtor","embeddable":true,"href":"https:\/\/www.iskreni.net\/trgovina\/wp-json\/wp\/v2\/avtor?post=70518"},{"taxonomy":"zalozba","embeddable":true,"href":"https:\/\/www.iskreni.net\/trgovina\/wp-json\/wp\/v2\/zalozba?post=70518"},{"taxonomy":"vezava","embeddable":true,"href":"https:\/\/www.iskreni.net\/trgovina\/wp-json\/wp\/v2\/vezava?post=70518"}],"curies":[{"name":"wp","href":"https:\/\/api.w.org\/{rel}","templated":true}]}}