{"id":70417,"date":"2023-10-23T22:44:24","date_gmt":"2023-10-23T20:44:24","guid":{"rendered":"https:\/\/www.iskreni.net\/trgovina\/?post_type=product&#038;p=70417"},"modified":"2026-03-02T07:58:46","modified_gmt":"2026-03-02T06:58:46","slug":"vrtiljak-praznine-zasvojenost-odnosi-in-druzinska-dinamika","status":"publish","type":"product","link":"https:\/\/www.iskreni.net\/trgovina\/product\/vrtiljak-praznine-zasvojenost-odnosi-in-druzinska-dinamika\/","title":{"rendered":"Vrtiljak praznine: zasvojenost, odnosi in dru\u017einska dinamika"},"content":{"rendered":"<h3 id=\"anchor-o-izdelku\" class=\"title\">O knjigi Vrtiljak praznine<em><br \/>\n<\/em><\/h3>\n<p>Iz za\u010daranega kroga zasvojenosti je mogo\u010de izstopiti<\/p>\n<p>Znanstvena monografija Vrtiljak praznine: zasvojenost, odnosi in dru\u017einska dinamika celostno naslavlja eno najbolj pere\u010dih vpra\u0161anj sodobnih dru\u017eb, slovenske \u2013 z visokimi odstotki tveganega ved\u00eanja \u2013 \u0161e posebej.<br \/>\nVsaka oblika zasvojenosti je na\u010din samozdravljenja \u010dustvene in psiholo\u0161ke bole\u010dine, ki jo je posamezniku nalo\u017eila \u017eivljenjska travma. Pogosto stigmatizirano podro\u010dje zlorabe alkohola in drugih substanc pa je v resnici samo kletka \u017ertve, ki iz za\u010daranega kroga spopadanja z notranjo bole\u010dino posku\u0161a izstopiti na razli\u010dne disfunkcionalne na\u010dine. Zlorabe, zgodnja zanemarjenost, izgube, zavr\u017eenost in izdajstva so rane, ki jih \u010das v resnici nikoli ne zaceli. Tragi\u010dne zgodbe zlomljenih in zaznamovanih dru\u017ein se tako prena\u0161ajo iz roda v rod, iz generacijo v generacijo. Knjiga za strokovno in splo\u0161no javnost nosi pomembno sporo\u010dilo \u2013 vrtiljak praznine je mogo\u010de tudi ustaviti, polnost in smisel bivanja pa (znova) poiskati.<\/p>\n<p>Delo na znanstven, sistemati\u010den, iz\u010drpen in celosten na\u010din predstavlja sodoben pogled na pojavnost in dinamiko zasvojenosti, pri \u010demer avtorji izhajajo iz globljega relacijskega konteksta. Avtorji so delo zasnovali tako, da vsak predstavlja in osvetljuje pomembne vidike pojavnosti zasvojenosti, ki so podkrepljeni z aplikativnimi vidiki relacijske dru\u017einske terapije. Je aktualno in izvirno delo, dobrodo\u0161la osnova za razumevanje in raziskovanje zasvojenosti predvsem v doma\u010di znanstveni in strokovni javnosti.<br \/>\nIz recenzije izr. prof. dr. Sebastjana Kristovi\u010da Alma Mater Europaea \u2013 ECM<\/p>\n<p>Delo je dragocen doprinos predvsem zato, ker nam \u0161iri obzorja razumevanja globine zasvojenosti ter posku\u0161a osvetliti vidike, ki predstavljajo vzroke za pojav zasvojenosti, njeno dinamiko in prispevajo tudi k njenemu ohranjanju. V slovenski prostor bo knjiga vnesla nov, sve\u017e pogled na \u010dloveka, ki se velikokrat znajde v za\u010daranem krogu zasvojenosti in bo dobrodo\u0161la spodbuda pri re\u0161evanju kriti\u010dnega polo\u017eaja \u010dlove\u0161tva danes, saj spodbuja znanstvenike, strokovnjake in tudi \u0161ir\u0161o javnost k raziskovanju in razumevanju tega podro\u010dja.<br \/>\nIz recenzije dr. Metke Skubic<br \/>\nZdravstvena fakulteta Univerze v Ljubljani<\/p>\n<p>&nbsp;<\/p>\n<h3><\/h3>\n<p>&nbsp;<\/p>\n","protected":false},"excerpt":{"rendered":"<div><strong>Leto izdaje:<\/strong> 2023<br \/>\n<strong>\u0160tevilo strani:<\/strong> 244<br \/>\n<strong>Format:<\/strong> 135 x 210 mm<\/div>\n<p>&nbsp;<\/p>\n<p>&nbsp;<\/p>\n","protected":false},"featured_media":70425,"comment_status":"open","ping_status":"closed","template":"","meta":[],"product_brand":[],"product_cat":[2325,63],"product_tag":[],"avtor":[2590],"zalozba":[2337],"vezava":[2307],"class_list":{"0":"post-70417","1":"product","2":"type-product","3":"status-publish","4":"has-post-thumbnail","6":"product_cat-leposlovje","7":"product_cat-knjige","8":"avtor-barbara-simonic","9":"zalozba-celjska-mohorjeva-druzba","10":"vezava-mehka","12":"first","13":"onbackorder","14":"taxable","15":"shipping-taxable","16":"purchasable","17":"product-type-simple","18":"nyp-product"},"yoast_head":"<!-- This site is optimized with the Yoast SEO plugin v26.3 - https:\/\/yoast.com\/wordpress\/plugins\/seo\/ -->\n<title>Vrtiljak praznine - trgovina Iskreni<\/title>\n<meta name=\"description\" content=\"Vrtiljak praznine: zasvojenost, odnosi in dru\u017einska dinamika celostno naslavlja eno najbolj pere\u010dih vpra\u0161anj sodobnih dru\u017eb.\" \/>\n<meta name=\"robots\" content=\"index, follow, max-snippet:-1, max-image-preview:large, max-video-preview:-1\" \/>\n<link rel=\"canonical\" href=\"https:\/\/www.iskreni.net\/trgovina\/product\/vrtiljak-praznine-zasvojenost-odnosi-in-druzinska-dinamika\/\" \/>\n<meta property=\"og:locale\" content=\"sl_SI\" \/>\n<meta property=\"og:type\" content=\"article\" \/>\n<meta property=\"og:title\" content=\"Vrtiljak praznine\" \/>\n<meta property=\"og:description\" content=\"Vrtiljak praznine: zasvojenost, odnosi in dru\u017einska dinamika celostno naslavlja eno najbolj pere\u010dih vpra\u0161anj sodobnih dru\u017eb.\" \/>\n<meta property=\"og:url\" content=\"https:\/\/www.iskreni.net\/trgovina\/product\/vrtiljak-praznine-zasvojenost-odnosi-in-druzinska-dinamika\/\" \/>\n<meta property=\"og:site_name\" content=\"Zavod Iskreni\" \/>\n<meta property=\"article:modified_time\" content=\"2026-03-02T06:58:46+00:00\" \/>\n<meta property=\"og:image\" content=\"https:\/\/www.iskreni.net\/trgovina\/wp-content\/uploads\/2023\/10\/Slike-za-v-spletno-trgovino6.jpg\" \/>\n\t<meta property=\"og:image:width\" content=\"600\" \/>\n\t<meta property=\"og:image:height\" content=\"600\" \/>\n\t<meta property=\"og:image:type\" content=\"image\/jpeg\" \/>\n<meta name=\"twitter:card\" content=\"summary_large_image\" \/>\n<meta name=\"twitter:label1\" content=\"Est. reading time\" \/>\n\t<meta name=\"twitter:data1\" content=\"2 minuti\" \/>\n<script type=\"application\/ld+json\" class=\"yoast-schema-graph\">{\"@context\":\"https:\/\/schema.org\",\"@graph\":[{\"@type\":\"WebPage\",\"@id\":\"https:\/\/www.iskreni.net\/trgovina\/product\/vrtiljak-praznine-zasvojenost-odnosi-in-druzinska-dinamika\/\",\"url\":\"https:\/\/www.iskreni.net\/trgovina\/product\/vrtiljak-praznine-zasvojenost-odnosi-in-druzinska-dinamika\/\",\"name\":\"Vrtiljak praznine - trgovina Iskreni\",\"isPartOf\":{\"@id\":\"https:\/\/www.iskreni.net\/trgovina\/#website\"},\"primaryImageOfPage\":{\"@id\":\"https:\/\/www.iskreni.net\/trgovina\/product\/vrtiljak-praznine-zasvojenost-odnosi-in-druzinska-dinamika\/#primaryimage\"},\"image\":{\"@id\":\"https:\/\/www.iskreni.net\/trgovina\/product\/vrtiljak-praznine-zasvojenost-odnosi-in-druzinska-dinamika\/#primaryimage\"},\"thumbnailUrl\":\"https:\/\/www.iskreni.net\/trgovina\/wp-content\/uploads\/2023\/10\/Slike-za-v-spletno-trgovino6.jpg\",\"datePublished\":\"2023-10-23T20:44:24+00:00\",\"dateModified\":\"2026-03-02T06:58:46+00:00\",\"description\":\"Vrtiljak praznine: zasvojenost, odnosi in dru\u017einska dinamika celostno naslavlja eno najbolj pere\u010dih vpra\u0161anj sodobnih dru\u017eb.\",\"breadcrumb\":{\"@id\":\"https:\/\/www.iskreni.net\/trgovina\/product\/vrtiljak-praznine-zasvojenost-odnosi-in-druzinska-dinamika\/#breadcrumb\"},\"inLanguage\":\"sl-SI\",\"potentialAction\":[{\"@type\":\"ReadAction\",\"target\":[\"https:\/\/www.iskreni.net\/trgovina\/product\/vrtiljak-praznine-zasvojenost-odnosi-in-druzinska-dinamika\/\"]}]},{\"@type\":\"ImageObject\",\"inLanguage\":\"sl-SI\",\"@id\":\"https:\/\/www.iskreni.net\/trgovina\/product\/vrtiljak-praznine-zasvojenost-odnosi-in-druzinska-dinamika\/#primaryimage\",\"url\":\"https:\/\/www.iskreni.net\/trgovina\/wp-content\/uploads\/2023\/10\/Slike-za-v-spletno-trgovino6.jpg\",\"contentUrl\":\"https:\/\/www.iskreni.net\/trgovina\/wp-content\/uploads\/2023\/10\/Slike-za-v-spletno-trgovino6.jpg\",\"width\":600,\"height\":600},{\"@type\":\"BreadcrumbList\",\"@id\":\"https:\/\/www.iskreni.net\/trgovina\/product\/vrtiljak-praznine-zasvojenost-odnosi-in-druzinska-dinamika\/#breadcrumb\",\"itemListElement\":[{\"@type\":\"ListItem\",\"position\":1,\"name\":\"Home\",\"item\":\"https:\/\/www.iskreni.net\/trgovina\/\"},{\"@type\":\"ListItem\",\"position\":2,\"name\":\"Trgovina\",\"item\":\"https:\/\/www.iskreni.net\/trgovina\/trgovina\/\"},{\"@type\":\"ListItem\",\"position\":3,\"name\":\"Vrtiljak praznine: zasvojenost, odnosi in dru\u017einska dinamika\"}]},{\"@type\":\"WebSite\",\"@id\":\"https:\/\/www.iskreni.net\/trgovina\/#website\",\"url\":\"https:\/\/www.iskreni.net\/trgovina\/\",\"name\":\"Zavod Iskreni\",\"description\":\"trgovina\",\"potentialAction\":[{\"@type\":\"SearchAction\",\"target\":{\"@type\":\"EntryPoint\",\"urlTemplate\":\"https:\/\/www.iskreni.net\/trgovina\/?s={search_term_string}\"},\"query-input\":{\"@type\":\"PropertyValueSpecification\",\"valueRequired\":true,\"valueName\":\"search_term_string\"}}],\"inLanguage\":\"sl-SI\"}]}<\/script>\n<!-- \/ Yoast SEO plugin. -->","yoast_head_json":{"title":"Vrtiljak praznine - trgovina Iskreni","description":"Vrtiljak praznine: zasvojenost, odnosi in dru\u017einska dinamika celostno naslavlja eno najbolj pere\u010dih vpra\u0161anj sodobnih dru\u017eb.","robots":{"index":"index","follow":"follow","max-snippet":"max-snippet:-1","max-image-preview":"max-image-preview:large","max-video-preview":"max-video-preview:-1"},"canonical":"https:\/\/www.iskreni.net\/trgovina\/product\/vrtiljak-praznine-zasvojenost-odnosi-in-druzinska-dinamika\/","og_locale":"sl_SI","og_type":"article","og_title":"Vrtiljak praznine","og_description":"Vrtiljak praznine: zasvojenost, odnosi in dru\u017einska dinamika celostno naslavlja eno najbolj pere\u010dih vpra\u0161anj sodobnih dru\u017eb.","og_url":"https:\/\/www.iskreni.net\/trgovina\/product\/vrtiljak-praznine-zasvojenost-odnosi-in-druzinska-dinamika\/","og_site_name":"Zavod Iskreni","article_modified_time":"2026-03-02T06:58:46+00:00","og_image":[{"width":600,"height":600,"url":"https:\/\/www.iskreni.net\/trgovina\/wp-content\/uploads\/2023\/10\/Slike-za-v-spletno-trgovino6.jpg","type":"image\/jpeg"}],"twitter_card":"summary_large_image","twitter_misc":{"Est. reading time":"2 minuti"},"schema":{"@context":"https:\/\/schema.org","@graph":[{"@type":"WebPage","@id":"https:\/\/www.iskreni.net\/trgovina\/product\/vrtiljak-praznine-zasvojenost-odnosi-in-druzinska-dinamika\/","url":"https:\/\/www.iskreni.net\/trgovina\/product\/vrtiljak-praznine-zasvojenost-odnosi-in-druzinska-dinamika\/","name":"Vrtiljak praznine - trgovina Iskreni","isPartOf":{"@id":"https:\/\/www.iskreni.net\/trgovina\/#website"},"primaryImageOfPage":{"@id":"https:\/\/www.iskreni.net\/trgovina\/product\/vrtiljak-praznine-zasvojenost-odnosi-in-druzinska-dinamika\/#primaryimage"},"image":{"@id":"https:\/\/www.iskreni.net\/trgovina\/product\/vrtiljak-praznine-zasvojenost-odnosi-in-druzinska-dinamika\/#primaryimage"},"thumbnailUrl":"https:\/\/www.iskreni.net\/trgovina\/wp-content\/uploads\/2023\/10\/Slike-za-v-spletno-trgovino6.jpg","datePublished":"2023-10-23T20:44:24+00:00","dateModified":"2026-03-02T06:58:46+00:00","description":"Vrtiljak praznine: zasvojenost, odnosi in dru\u017einska dinamika celostno naslavlja eno najbolj pere\u010dih vpra\u0161anj sodobnih dru\u017eb.","breadcrumb":{"@id":"https:\/\/www.iskreni.net\/trgovina\/product\/vrtiljak-praznine-zasvojenost-odnosi-in-druzinska-dinamika\/#breadcrumb"},"inLanguage":"sl-SI","potentialAction":[{"@type":"ReadAction","target":["https:\/\/www.iskreni.net\/trgovina\/product\/vrtiljak-praznine-zasvojenost-odnosi-in-druzinska-dinamika\/"]}]},{"@type":"ImageObject","inLanguage":"sl-SI","@id":"https:\/\/www.iskreni.net\/trgovina\/product\/vrtiljak-praznine-zasvojenost-odnosi-in-druzinska-dinamika\/#primaryimage","url":"https:\/\/www.iskreni.net\/trgovina\/wp-content\/uploads\/2023\/10\/Slike-za-v-spletno-trgovino6.jpg","contentUrl":"https:\/\/www.iskreni.net\/trgovina\/wp-content\/uploads\/2023\/10\/Slike-za-v-spletno-trgovino6.jpg","width":600,"height":600},{"@type":"BreadcrumbList","@id":"https:\/\/www.iskreni.net\/trgovina\/product\/vrtiljak-praznine-zasvojenost-odnosi-in-druzinska-dinamika\/#breadcrumb","itemListElement":[{"@type":"ListItem","position":1,"name":"Home","item":"https:\/\/www.iskreni.net\/trgovina\/"},{"@type":"ListItem","position":2,"name":"Trgovina","item":"https:\/\/www.iskreni.net\/trgovina\/trgovina\/"},{"@type":"ListItem","position":3,"name":"Vrtiljak praznine: zasvojenost, odnosi in dru\u017einska dinamika"}]},{"@type":"WebSite","@id":"https:\/\/www.iskreni.net\/trgovina\/#website","url":"https:\/\/www.iskreni.net\/trgovina\/","name":"Zavod Iskreni","description":"trgovina","potentialAction":[{"@type":"SearchAction","target":{"@type":"EntryPoint","urlTemplate":"https:\/\/www.iskreni.net\/trgovina\/?s={search_term_string}"},"query-input":{"@type":"PropertyValueSpecification","valueRequired":true,"valueName":"search_term_string"}}],"inLanguage":"sl-SI"}]}},"_links":{"self":[{"href":"https:\/\/www.iskreni.net\/trgovina\/wp-json\/wp\/v2\/product\/70417","targetHints":{"allow":["GET"]}}],"collection":[{"href":"https:\/\/www.iskreni.net\/trgovina\/wp-json\/wp\/v2\/product"}],"about":[{"href":"https:\/\/www.iskreni.net\/trgovina\/wp-json\/wp\/v2\/types\/product"}],"replies":[{"embeddable":true,"href":"https:\/\/www.iskreni.net\/trgovina\/wp-json\/wp\/v2\/comments?post=70417"}],"version-history":[{"count":3,"href":"https:\/\/www.iskreni.net\/trgovina\/wp-json\/wp\/v2\/product\/70417\/revisions"}],"predecessor-version":[{"id":70427,"href":"https:\/\/www.iskreni.net\/trgovina\/wp-json\/wp\/v2\/product\/70417\/revisions\/70427"}],"wp:featuredmedia":[{"embeddable":true,"href":"https:\/\/www.iskreni.net\/trgovina\/wp-json\/wp\/v2\/media\/70425"}],"wp:attachment":[{"href":"https:\/\/www.iskreni.net\/trgovina\/wp-json\/wp\/v2\/media?parent=70417"}],"wp:term":[{"taxonomy":"product_brand","embeddable":true,"href":"https:\/\/www.iskreni.net\/trgovina\/wp-json\/wp\/v2\/product_brand?post=70417"},{"taxonomy":"product_cat","embeddable":true,"href":"https:\/\/www.iskreni.net\/trgovina\/wp-json\/wp\/v2\/product_cat?post=70417"},{"taxonomy":"product_tag","embeddable":true,"href":"https:\/\/www.iskreni.net\/trgovina\/wp-json\/wp\/v2\/product_tag?post=70417"},{"taxonomy":"avtor","embeddable":true,"href":"https:\/\/www.iskreni.net\/trgovina\/wp-json\/wp\/v2\/avtor?post=70417"},{"taxonomy":"zalozba","embeddable":true,"href":"https:\/\/www.iskreni.net\/trgovina\/wp-json\/wp\/v2\/zalozba?post=70417"},{"taxonomy":"vezava","embeddable":true,"href":"https:\/\/www.iskreni.net\/trgovina\/wp-json\/wp\/v2\/vezava?post=70417"}],"curies":[{"name":"wp","href":"https:\/\/api.w.org\/{rel}","templated":true}]}}