{"id":70414,"date":"2023-10-23T22:34:11","date_gmt":"2023-10-23T20:34:11","guid":{"rendered":"https:\/\/www.iskreni.net\/trgovina\/?post_type=product&#038;p=70414"},"modified":"2023-10-24T09:51:10","modified_gmt":"2023-10-24T07:51:10","slug":"v-prah-strti-prestol","status":"publish","type":"product","link":"https:\/\/www.iskreni.net\/trgovina\/product\/v-prah-strti-prestol\/","title":{"rendered":"V prah strti prestol"},"content":{"rendered":"<h3 id=\"anchor-o-izdelku\" class=\"title\">O knjigi V prah strti prestol<em><br \/>\n<\/em><\/h3>\n<p>Nesojeni monarh v slu\u017ebi idealov zdru\u017eene Evrope<\/p>\n<p>Navadili smo se, da slovensko slovo od habsbur\u0161ke dinastije jeseni 1918 ponazorimo z besedami voditelja slovenskih katoli\u0161kih narodnjakov Antona Koro\u0161ca, ki je zadnjemu cesarju Karlu dejal: \u00bbVeli\u010danstvo, prepozno je. Usoda je \u017ee odlo\u010dila!\u00ab To je ena izmed izto\u010dnic, ki uvede monografijo o poslednjem nesojenem pretendentu na habsbur\u0161ki prestol, intelektualcu, svetovljanu in zaprise\u017eenem Evropejcu, Ottu von Habsburgu. Delo celostno zaokro\u017ea poglobljeno in vsestransko analizo \u010dasa ter prostora avtorjevih predhodnih del Od majni\u0161ke deklaracije do habsbur\u0161ke detronizacije (2016) in Po razpadu skupne dr\u017eave (2020).<\/p>\n<p>Monografija Andreja Rahtena ni samo zgodba o zadnjem cesarskem kandidatu za habsbur\u0161ki prestol, temve\u010d veliko ve\u010d. Besedilo monografije je zato poglobljen in \u0161iroko zastavljen pregled slovenskih gledanj in dojemanj habsbur\u0161ke dinastije v \u010dasu, ko ta ni bila ve\u010d na prestolu, a je po svojih posameznikih \u0161e vedno imela dolo\u010den vpliv. Nekronani cesar Otto von Habsburg je bil nosilec ideje svojih prednikov in je imel izvirno oseben odnos do dr\u017eav, ki so se razvile na pogori\u0161\u010du podonavske monarhije, vklju\u010dno z novonastalo ju\u017enoslovansko dr\u017eavo. Usoda dru\u017eine, ki se je morala zaradi nenaklonjenosti uradne Avstrije ve\u010dkrat seliti in iskati prostor pod soncem, pa mu je pomagala, da je pre\u0161el stopnjo zgolj \u010dakajo\u010dega pretendenta ter se razvil v razgledanega in uglednega politika, ki je s svojimi kozmopolitskimi dr\u017eami zastopal klasi\u010dne vrednote srednjeevropske dru\u017ebe in nato prispeval pri priznanju osamosvojitvenih te\u017eenj vrste narodov, med temi tudi Slovencev, ter pri njihovem vklju\u010devanju v Evropsko unijo.<br \/>\nIz recenzije prof. dr. Bogdana Kolarja<\/p>\n<p>Andrej Rahten v pri\u010dujo\u010dem delu zaokro\u017ea trojni monografski prikaz konca habsbur\u0161ke monarhije, slovensko-avstrijskih razhajanj in vrednostnih pogledov v slovenskem in mednarodnem prostoru na Habsbur\u017eane po njihovi ugasli m\u00f4\u010di. Skozi njegovo celotno \u017eivljenjsko pot se posebej posveti osebnosti in \u0161irokemu politi\u010dnemu delovanju prvorojenca zadnjega habsbur\u0161kega vladarja Karla, Otta von Habsburga \u2013 od njegovih restavracijskih prizadevanj v razli\u010dnih politi\u010dnih polo\u017eajih, kasnej\u0161i odpovedi dru\u017einskemu prestolu, vodenju panevropskega gibanja in dela v Evropskem parlamentu, do podpore slovenski osamosvojitvi in vklju\u010devanju Slovenije v evropski integracijski proces.<br \/>\nIz recenzije dr. Jurija Perov\u0161ka<\/p>\n<p>&nbsp;<\/p>\n<h3>Iz knjige:<\/h3>\n<p>Redko pa se vpra\u0161amo, zakaj (ve\u010dinoma resda samo delno ohranjeni) spomeniki iz obdobja pred komunisti\u010dno Jugoslavijo \u010demijo v kleteh muzejev in se jih ne restavrira ter vrne na stara mesta? Tudi tisti, ki danes na\u010deloma nasprotujejo podiranju spomenikov, o tem sploh ne spregovorijo. Podobno velja za res nenavaden izbor imen ulic, za katera se pogosto zdi, da so kombinacija nekak\u0161ne inercije zate\u010denega stanja, oblastni\u0161ke samovolje in nepou\u010denosti. Zakaj se ne sledi zgledu narodov, ki imajo ve\u010dje spo\u0161tovanje do zgodovine? V evropski prestolnici, v Bruslju imata vsak svojo ulico tako Marija Terezija kot tudi Jo\u017eef II., pa tega nih\u010de ne \u0161teje za znak nekak\u0161ne habsbur\u0161ke nostalgije ali zgodovinskega revizionizma. V Opatiji, na primer, se lahko sprehajamo tako po Ulici mar\u0161ala Tita kot tudi Obalnom \u0161etali\u0161tu Franje Josipa. Kljub temu (ali pa morda tudi zato) je hrva\u0161ka historiografija zmogla vzpostaviti kriti\u010dno distanco do obeh oblastnikov. Celo v neko\u010d iredentisti\u010dnem Trstu, kjer je eden od osrednjih trgov poimenovan po atentatorju na Franca Jo\u017eefa Oberdan(k)u, stojita danes ponovno spomenika cesarici Sisi in miramarskemu gospodarju Maksimiljanu. Habsbur\u0161ki prestol je res ostal strt v prahu. A to ne bi smela biti ovira za vsestransko vrednotenje slovenskega dojemanja nekdanje dinastije v postimperialni dobi, ki sega tudi preko starih floskul o \u00bbje\u010di narodov\u00ab in \u00bbgnili monarhiji\u00ab. Tajiti ali prikrajati zgodovinsko vlogo vladarjev je seveda mo\u017eno nekaj \u010dasa, nikakor pa ne ve\u010dno. Pa naj bodo z Dunaja, iz Beograda ali Kumrovca.<br \/>\n(Str. 366)<\/p>\n","protected":false},"excerpt":{"rendered":"<div><strong>Drugi sodelujo\u010di avtorji:<\/strong> Bogdan Kolar, Jurij Perov\u0161ek<br \/>\n<strong>Leto izdaje:<\/strong> 2023<br \/>\n<strong>\u0160tevilo strani:<\/strong> 388<br \/>\n<strong>Format:<\/strong> 165 x 235 mm<\/div>\n<div><\/div>\n<div>\n<h5>Slovensko dojemanje habsbur\u0161ke dinastije v postimperialni dobi<\/h5>\n<\/div>\n<p>&nbsp;<\/p>\n<p>&nbsp;<\/p>\n","protected":false},"featured_media":70424,"comment_status":"open","ping_status":"closed","template":"","meta":[],"product_brand":[],"product_cat":[2325,63],"product_tag":[],"avtor":[2589],"zalozba":[2337],"vezava":[2306],"class_list":{"0":"post-70414","1":"product","2":"type-product","3":"status-publish","4":"has-post-thumbnail","6":"product_cat-leposlovje","7":"product_cat-knjige","8":"avtor-andrej-rahten","9":"zalozba-celjska-mohorjeva-druzba","10":"vezava-trda","12":"first","13":"onbackorder","14":"taxable","15":"shipping-taxable","16":"purchasable","17":"product-type-simple"},"yoast_head":"<!-- This site is optimized with the Yoast SEO plugin v26.3 - https:\/\/yoast.com\/wordpress\/plugins\/seo\/ -->\n<title>V prah strti prestol - trgovina Iskreni<\/title>\n<meta name=\"description\" content=\"V prah strti prestol - monografija Andreja Rahtena je veliko ve\u010d kot samo zgodba o zadnjem cesarskem kandidatu za habsbur\u0161ki prestol.\" \/>\n<meta name=\"robots\" content=\"index, follow, max-snippet:-1, max-image-preview:large, max-video-preview:-1\" \/>\n<link rel=\"canonical\" href=\"https:\/\/www.iskreni.net\/trgovina\/product\/v-prah-strti-prestol\/\" \/>\n<meta property=\"og:locale\" content=\"sl_SI\" \/>\n<meta property=\"og:type\" content=\"article\" \/>\n<meta property=\"og:title\" content=\"V prah strti prestol\" \/>\n<meta property=\"og:description\" content=\"V prah strti prestol - monografija Andreja Rahtena je veliko ve\u010d kot samo zgodba o zadnjem cesarskem kandidatu za habsbur\u0161ki prestol.\" \/>\n<meta property=\"og:url\" content=\"https:\/\/www.iskreni.net\/trgovina\/product\/v-prah-strti-prestol\/\" \/>\n<meta property=\"og:site_name\" content=\"Zavod Iskreni\" \/>\n<meta property=\"article:modified_time\" content=\"2023-10-24T07:51:10+00:00\" \/>\n<meta property=\"og:image\" content=\"https:\/\/www.iskreni.net\/trgovina\/wp-content\/uploads\/2023\/10\/Slike-za-v-spletno-trgovino7.jpg\" \/>\n\t<meta property=\"og:image:width\" content=\"600\" \/>\n\t<meta property=\"og:image:height\" content=\"600\" \/>\n\t<meta property=\"og:image:type\" content=\"image\/jpeg\" \/>\n<meta name=\"twitter:card\" content=\"summary_large_image\" \/>\n<meta name=\"twitter:label1\" content=\"Est. reading time\" \/>\n\t<meta name=\"twitter:data1\" content=\"4 minute\" \/>\n<script type=\"application\/ld+json\" class=\"yoast-schema-graph\">{\"@context\":\"https:\/\/schema.org\",\"@graph\":[{\"@type\":\"WebPage\",\"@id\":\"https:\/\/www.iskreni.net\/trgovina\/product\/v-prah-strti-prestol\/\",\"url\":\"https:\/\/www.iskreni.net\/trgovina\/product\/v-prah-strti-prestol\/\",\"name\":\"V prah strti prestol - trgovina Iskreni\",\"isPartOf\":{\"@id\":\"https:\/\/www.iskreni.net\/trgovina\/#website\"},\"primaryImageOfPage\":{\"@id\":\"https:\/\/www.iskreni.net\/trgovina\/product\/v-prah-strti-prestol\/#primaryimage\"},\"image\":{\"@id\":\"https:\/\/www.iskreni.net\/trgovina\/product\/v-prah-strti-prestol\/#primaryimage\"},\"thumbnailUrl\":\"https:\/\/www.iskreni.net\/trgovina\/wp-content\/uploads\/2023\/10\/Slike-za-v-spletno-trgovino7.jpg\",\"datePublished\":\"2023-10-23T20:34:11+00:00\",\"dateModified\":\"2023-10-24T07:51:10+00:00\",\"description\":\"V prah strti prestol - monografija Andreja Rahtena je veliko ve\u010d kot samo zgodba o zadnjem cesarskem kandidatu za habsbur\u0161ki prestol.\",\"breadcrumb\":{\"@id\":\"https:\/\/www.iskreni.net\/trgovina\/product\/v-prah-strti-prestol\/#breadcrumb\"},\"inLanguage\":\"sl-SI\",\"potentialAction\":[{\"@type\":\"ReadAction\",\"target\":[\"https:\/\/www.iskreni.net\/trgovina\/product\/v-prah-strti-prestol\/\"]}]},{\"@type\":\"ImageObject\",\"inLanguage\":\"sl-SI\",\"@id\":\"https:\/\/www.iskreni.net\/trgovina\/product\/v-prah-strti-prestol\/#primaryimage\",\"url\":\"https:\/\/www.iskreni.net\/trgovina\/wp-content\/uploads\/2023\/10\/Slike-za-v-spletno-trgovino7.jpg\",\"contentUrl\":\"https:\/\/www.iskreni.net\/trgovina\/wp-content\/uploads\/2023\/10\/Slike-za-v-spletno-trgovino7.jpg\",\"width\":600,\"height\":600},{\"@type\":\"BreadcrumbList\",\"@id\":\"https:\/\/www.iskreni.net\/trgovina\/product\/v-prah-strti-prestol\/#breadcrumb\",\"itemListElement\":[{\"@type\":\"ListItem\",\"position\":1,\"name\":\"Home\",\"item\":\"https:\/\/www.iskreni.net\/trgovina\/\"},{\"@type\":\"ListItem\",\"position\":2,\"name\":\"Trgovina\",\"item\":\"https:\/\/www.iskreni.net\/trgovina\/trgovina\/\"},{\"@type\":\"ListItem\",\"position\":3,\"name\":\"V prah strti prestol\"}]},{\"@type\":\"WebSite\",\"@id\":\"https:\/\/www.iskreni.net\/trgovina\/#website\",\"url\":\"https:\/\/www.iskreni.net\/trgovina\/\",\"name\":\"Zavod Iskreni\",\"description\":\"trgovina\",\"potentialAction\":[{\"@type\":\"SearchAction\",\"target\":{\"@type\":\"EntryPoint\",\"urlTemplate\":\"https:\/\/www.iskreni.net\/trgovina\/?s={search_term_string}\"},\"query-input\":{\"@type\":\"PropertyValueSpecification\",\"valueRequired\":true,\"valueName\":\"search_term_string\"}}],\"inLanguage\":\"sl-SI\"}]}<\/script>\n<!-- \/ Yoast SEO plugin. -->","yoast_head_json":{"title":"V prah strti prestol - trgovina Iskreni","description":"V prah strti prestol - monografija Andreja Rahtena je veliko ve\u010d kot samo zgodba o zadnjem cesarskem kandidatu za habsbur\u0161ki prestol.","robots":{"index":"index","follow":"follow","max-snippet":"max-snippet:-1","max-image-preview":"max-image-preview:large","max-video-preview":"max-video-preview:-1"},"canonical":"https:\/\/www.iskreni.net\/trgovina\/product\/v-prah-strti-prestol\/","og_locale":"sl_SI","og_type":"article","og_title":"V prah strti prestol","og_description":"V prah strti prestol - monografija Andreja Rahtena je veliko ve\u010d kot samo zgodba o zadnjem cesarskem kandidatu za habsbur\u0161ki prestol.","og_url":"https:\/\/www.iskreni.net\/trgovina\/product\/v-prah-strti-prestol\/","og_site_name":"Zavod Iskreni","article_modified_time":"2023-10-24T07:51:10+00:00","og_image":[{"width":600,"height":600,"url":"https:\/\/www.iskreni.net\/trgovina\/wp-content\/uploads\/2023\/10\/Slike-za-v-spletno-trgovino7.jpg","type":"image\/jpeg"}],"twitter_card":"summary_large_image","twitter_misc":{"Est. reading time":"4 minute"},"schema":{"@context":"https:\/\/schema.org","@graph":[{"@type":"WebPage","@id":"https:\/\/www.iskreni.net\/trgovina\/product\/v-prah-strti-prestol\/","url":"https:\/\/www.iskreni.net\/trgovina\/product\/v-prah-strti-prestol\/","name":"V prah strti prestol - trgovina Iskreni","isPartOf":{"@id":"https:\/\/www.iskreni.net\/trgovina\/#website"},"primaryImageOfPage":{"@id":"https:\/\/www.iskreni.net\/trgovina\/product\/v-prah-strti-prestol\/#primaryimage"},"image":{"@id":"https:\/\/www.iskreni.net\/trgovina\/product\/v-prah-strti-prestol\/#primaryimage"},"thumbnailUrl":"https:\/\/www.iskreni.net\/trgovina\/wp-content\/uploads\/2023\/10\/Slike-za-v-spletno-trgovino7.jpg","datePublished":"2023-10-23T20:34:11+00:00","dateModified":"2023-10-24T07:51:10+00:00","description":"V prah strti prestol - monografija Andreja Rahtena je veliko ve\u010d kot samo zgodba o zadnjem cesarskem kandidatu za habsbur\u0161ki prestol.","breadcrumb":{"@id":"https:\/\/www.iskreni.net\/trgovina\/product\/v-prah-strti-prestol\/#breadcrumb"},"inLanguage":"sl-SI","potentialAction":[{"@type":"ReadAction","target":["https:\/\/www.iskreni.net\/trgovina\/product\/v-prah-strti-prestol\/"]}]},{"@type":"ImageObject","inLanguage":"sl-SI","@id":"https:\/\/www.iskreni.net\/trgovina\/product\/v-prah-strti-prestol\/#primaryimage","url":"https:\/\/www.iskreni.net\/trgovina\/wp-content\/uploads\/2023\/10\/Slike-za-v-spletno-trgovino7.jpg","contentUrl":"https:\/\/www.iskreni.net\/trgovina\/wp-content\/uploads\/2023\/10\/Slike-za-v-spletno-trgovino7.jpg","width":600,"height":600},{"@type":"BreadcrumbList","@id":"https:\/\/www.iskreni.net\/trgovina\/product\/v-prah-strti-prestol\/#breadcrumb","itemListElement":[{"@type":"ListItem","position":1,"name":"Home","item":"https:\/\/www.iskreni.net\/trgovina\/"},{"@type":"ListItem","position":2,"name":"Trgovina","item":"https:\/\/www.iskreni.net\/trgovina\/trgovina\/"},{"@type":"ListItem","position":3,"name":"V prah strti prestol"}]},{"@type":"WebSite","@id":"https:\/\/www.iskreni.net\/trgovina\/#website","url":"https:\/\/www.iskreni.net\/trgovina\/","name":"Zavod Iskreni","description":"trgovina","potentialAction":[{"@type":"SearchAction","target":{"@type":"EntryPoint","urlTemplate":"https:\/\/www.iskreni.net\/trgovina\/?s={search_term_string}"},"query-input":{"@type":"PropertyValueSpecification","valueRequired":true,"valueName":"search_term_string"}}],"inLanguage":"sl-SI"}]}},"_links":{"self":[{"href":"https:\/\/www.iskreni.net\/trgovina\/wp-json\/wp\/v2\/product\/70414","targetHints":{"allow":["GET"]}}],"collection":[{"href":"https:\/\/www.iskreni.net\/trgovina\/wp-json\/wp\/v2\/product"}],"about":[{"href":"https:\/\/www.iskreni.net\/trgovina\/wp-json\/wp\/v2\/types\/product"}],"replies":[{"embeddable":true,"href":"https:\/\/www.iskreni.net\/trgovina\/wp-json\/wp\/v2\/comments?post=70414"}],"version-history":[{"count":3,"href":"https:\/\/www.iskreni.net\/trgovina\/wp-json\/wp\/v2\/product\/70414\/revisions"}],"predecessor-version":[{"id":70426,"href":"https:\/\/www.iskreni.net\/trgovina\/wp-json\/wp\/v2\/product\/70414\/revisions\/70426"}],"wp:featuredmedia":[{"embeddable":true,"href":"https:\/\/www.iskreni.net\/trgovina\/wp-json\/wp\/v2\/media\/70424"}],"wp:attachment":[{"href":"https:\/\/www.iskreni.net\/trgovina\/wp-json\/wp\/v2\/media?parent=70414"}],"wp:term":[{"taxonomy":"product_brand","embeddable":true,"href":"https:\/\/www.iskreni.net\/trgovina\/wp-json\/wp\/v2\/product_brand?post=70414"},{"taxonomy":"product_cat","embeddable":true,"href":"https:\/\/www.iskreni.net\/trgovina\/wp-json\/wp\/v2\/product_cat?post=70414"},{"taxonomy":"product_tag","embeddable":true,"href":"https:\/\/www.iskreni.net\/trgovina\/wp-json\/wp\/v2\/product_tag?post=70414"},{"taxonomy":"avtor","embeddable":true,"href":"https:\/\/www.iskreni.net\/trgovina\/wp-json\/wp\/v2\/avtor?post=70414"},{"taxonomy":"zalozba","embeddable":true,"href":"https:\/\/www.iskreni.net\/trgovina\/wp-json\/wp\/v2\/zalozba?post=70414"},{"taxonomy":"vezava","embeddable":true,"href":"https:\/\/www.iskreni.net\/trgovina\/wp-json\/wp\/v2\/vezava?post=70414"}],"curies":[{"name":"wp","href":"https:\/\/api.w.org\/{rel}","templated":true}]}}