{"id":70409,"date":"2023-10-23T22:15:48","date_gmt":"2023-10-23T20:15:48","guid":{"rendered":"https:\/\/www.iskreni.net\/trgovina\/?post_type=product&#038;p=70409"},"modified":"2023-12-04T11:19:26","modified_gmt":"2023-12-04T10:19:26","slug":"zmaga-je-zacetek","status":"publish","type":"product","link":"https:\/\/www.iskreni.net\/trgovina\/product\/zmaga-je-zacetek\/","title":{"rendered":"Zmaga je za\u010detek"},"content":{"rendered":"<h4>O knjigi Zmaga je za\u010detek<\/h4>\n<h5>Priro\u010dnik za politi\u010dne in druge za\u010detnike<\/h5>\n<p>Vse \u017eivljenje nas u\u010dijo, da je pot pomembnej\u0161a od cilja, nih\u010de pa nam ne pove, da so najpomembnej\u0161e in najbolj odlo\u010dilne tiste poti, ki jih za\u010drtamo in opravimo \u0161ele po tem, ko zastavljeni cilj dose\u017eemo.<\/p>\n<p>Pahorjev knji\u017eni prvenec Zmaga je za\u010detek nam s pomo\u010djo avtorjeve neizpodbitne avtoritete serijskega zmagovalca in njegovih dolgoletnih \u017eivljenjskih in politi\u010dnih izku\u0161enj to pot uspe predstaviti v nadvse nazorni, razgibani in s prakti\u010dnimi primeri iz doma\u010dega in mednarodnega dru\u017ebenega prostora podprti pripovedi.<\/p>\n<p>Poti, ki jih zmagovalci uberejo po osvojenem cilju, so namre\u010d tiste, ki med njimi za\u010drtajo pomembne osebnostne razlike, te pa imajo velik vpliv na celo dru\u017ebo. Kajti samo prvaki lahko v izpolnitvi zastavljene naloge uzrejo mo\u017enost novega za\u010detka. In prav ta je tisto, zaradi \u010desar se je bilo vredno potruditi vse do cilja, saj zmagovalcu omogo\u010da vplivati na tok dru\u017ebenih dogodkov in utreti pot tudi prikraj\u0161anim in \u0161ibkej\u0161im od sebe.<\/p>\n<p>Borut Pahor je v svojem dosedanjem politi\u010dnem delovanju dokazal, da svoje poslanstvo razume precej \u0161ir\u0161e in odgovorneje od zasedanja poslanskega sede\u017ea. In ker je njegova knjiga v podnaslovu in po poreklu pisave zastavljena kot priro\u010dnik za politi\u010dne in druge za\u010detnike, smemo upati, da mu bo po poti, ki je bila polna s te\u017eavo poiskanih sti\u010di\u0161\u010d in premo\u0161\u010denih razpotij, v prihodnosti sledilo \u010dim ve\u010d politikov in poslovne\u017eev.<\/p>\n<h4>O avtorju<\/h4>\n<p>Borut Pahor (1963) je del slovenske politike \u017ee ve\u010d kot trideset let. Od leta 1990, ko je bil prvi\u010d izvoljen v Skup\u0161\u010dino Republike Slovenije, je bil na volitvah za razli\u010dne politi\u010dne polo\u017eaje izvoljen kar devetkrat zapored. Bil je slovenski in evropski poslanec, predsednik parlamenta in vlade ter predsednik dr\u017eave. V tem smislu je najzmagovitej\u0161i slovenski politik samostojne in demokrati\u010dne Republike Slovenije. V politiko je vstopil \u017ee v srednje\u0161olskih letih. Leta 2008 je stranko Socialni demokrati popeljal do zmage na volitvah in nato postal predsednik devete vlade Republike Slovenije.<\/p>\n<p>Za predsednika dr\u017eave je bil prvi\u010d izvoljen leta 2012, leta 2017 pa so mu volivci podelili \u0161e drugi mandat. V desetih letih na \u010delu dr\u017eave si je prizadeval biti predsednik vseh, tvorno je sku\u0161al povezovati narodno in dr\u017eavljansko skupnost in se \u0161e posebej zavzeto trudil za spravo zaradi dr\u017eavljanskega razkola med drugo svetovno vojno in po njej. Ves \u010das svojega politi\u010dnega udejstvovanja je bil privr\u017een Evropejec in zagovornik mirnega re\u0161evanja sporov. Borut Pahor je prejemnik \u0161tevilnih odlikovanj, nagrade Alcida De Gasperija, \u010dastnega doktorata Univerze v Lizboni in Nove univerze v Ljubljani, priznanja Univerze v Bologni \u00bbSigillum Magnum\u00ab. Je tudi protektor Evropske akademije znanosti in umetnosti ter \u010dastni podpredsednik Svetovne diplomatske akademije Foruma Crans Montana. Zmaga je za\u010detek (Priro\u010dnik za politi\u010dne &amp; druge za\u010detnike) je njegova prva knjiga.<\/p>\n<p>&nbsp;<\/p>\n","protected":false},"excerpt":{"rendered":"<p><strong>\u0160tevilo strani:<\/strong> 290<br \/>\n<strong>Leto izida:<\/strong> 2023<br \/>\n<strong>Mere:<\/strong> 21 x 14,5 cm<\/p>\n<p>Vse \u017eivljenje nas u\u010dijo, da je pot pomembnej\u0161a od cilja, nih\u010de pa nam ne pove, da so najpomembnej\u0161e in najbolj odlo\u010dilne tiste poti, ki jih za\u010drtamo in opravimo \u0161ele po tem, ko zastavljeni cilj dose\u017eemo. Pahorjev knji\u017eni prvenec Zmaga je za\u010detek nam s pomo\u010djo avtorjeve neizpodbitne avtoritete serijskega zmagovalca in njegovih dolgoletnih \u017eivljenjskih in politi\u010dnih izku\u0161enj to pot uspe predstaviti v nadvse nazorni, razgibani in s prakti\u010dnimi primeri iz doma\u010dega in mednarodnega dru\u017ebenega prostora podprti pripovedi.<\/p>\n<p>&nbsp;<\/p>\n","protected":false},"featured_media":71022,"comment_status":"closed","ping_status":"closed","template":"","meta":[],"product_brand":[],"product_cat":[2326,2327,63],"product_tag":[2392,2622],"avtor":[2621],"zalozba":[2355],"vezava":[2307],"class_list":{"0":"post-70409","1":"product","2":"type-product","3":"status-publish","4":"has-post-thumbnail","6":"product_cat-druzbena-vprasanja-in-humanistika","7":"product_cat-prirocniki-in-vodniki","8":"product_cat-knjige","9":"product_tag-politika","10":"product_tag-spomini","11":"avtor-borut-pahor","12":"zalozba-beletrina","13":"vezava-mehka","15":"first","16":"instock","17":"taxable","18":"shipping-taxable","19":"purchasable","20":"product-type-simple"},"yoast_head":"<!-- This site is optimized with the Yoast SEO plugin v26.3 - https:\/\/yoast.com\/wordpress\/plugins\/seo\/ -->\n<title>Zmaga je za\u010detek - trgovina Iskreni<\/title>\n<meta name=\"description\" content=\"Zmaga je za\u010detek: Priro\u010dnik za politi\u010dne in druge za\u010detnike je knji\u017eni prvenec Boruta Pahorja, politika in nekdanjega predsednika Republike Slovenije.\" \/>\n<meta name=\"robots\" content=\"index, follow, max-snippet:-1, max-image-preview:large, max-video-preview:-1\" \/>\n<link rel=\"canonical\" href=\"https:\/\/www.iskreni.net\/trgovina\/product\/zmaga-je-zacetek\/\" \/>\n<meta property=\"og:locale\" content=\"sl_SI\" \/>\n<meta property=\"og:type\" content=\"article\" \/>\n<meta property=\"og:title\" content=\"Zmaga je za\u010detek\" \/>\n<meta property=\"og:description\" content=\"Zmaga je za\u010detek: Priro\u010dnik za politi\u010dne in druge za\u010detnike je knji\u017eni prvenec Boruta Pahorja, politika in nekdanjega predsednika Republike Slovenije.\" \/>\n<meta property=\"og:url\" content=\"https:\/\/www.iskreni.net\/trgovina\/product\/zmaga-je-zacetek\/\" \/>\n<meta property=\"og:site_name\" content=\"Zavod Iskreni\" \/>\n<meta property=\"article:modified_time\" content=\"2023-12-04T10:19:26+00:00\" \/>\n<meta property=\"og:image\" content=\"https:\/\/www.iskreni.net\/trgovina\/wp-content\/uploads\/2023\/10\/Slike-za-v-spletno-trgovino8.jpg\" \/>\n\t<meta property=\"og:image:width\" content=\"600\" \/>\n\t<meta property=\"og:image:height\" content=\"600\" \/>\n\t<meta property=\"og:image:type\" content=\"image\/jpeg\" \/>\n<meta name=\"twitter:card\" content=\"summary_large_image\" \/>\n<meta name=\"twitter:label1\" content=\"Est. reading time\" \/>\n\t<meta name=\"twitter:data1\" content=\"3 minute\" \/>\n<script type=\"application\/ld+json\" class=\"yoast-schema-graph\">{\"@context\":\"https:\/\/schema.org\",\"@graph\":[{\"@type\":\"WebPage\",\"@id\":\"https:\/\/www.iskreni.net\/trgovina\/product\/zmaga-je-zacetek\/\",\"url\":\"https:\/\/www.iskreni.net\/trgovina\/product\/zmaga-je-zacetek\/\",\"name\":\"Zmaga je za\u010detek - trgovina Iskreni\",\"isPartOf\":{\"@id\":\"https:\/\/www.iskreni.net\/trgovina\/#website\"},\"primaryImageOfPage\":{\"@id\":\"https:\/\/www.iskreni.net\/trgovina\/product\/zmaga-je-zacetek\/#primaryimage\"},\"image\":{\"@id\":\"https:\/\/www.iskreni.net\/trgovina\/product\/zmaga-je-zacetek\/#primaryimage\"},\"thumbnailUrl\":\"https:\/\/www.iskreni.net\/trgovina\/wp-content\/uploads\/2023\/10\/Slike-za-v-spletno-trgovino8.jpg\",\"datePublished\":\"2023-10-23T20:15:48+00:00\",\"dateModified\":\"2023-12-04T10:19:26+00:00\",\"description\":\"Zmaga je za\u010detek: Priro\u010dnik za politi\u010dne in druge za\u010detnike je knji\u017eni prvenec Boruta Pahorja, politika in nekdanjega predsednika Republike Slovenije.\",\"breadcrumb\":{\"@id\":\"https:\/\/www.iskreni.net\/trgovina\/product\/zmaga-je-zacetek\/#breadcrumb\"},\"inLanguage\":\"sl-SI\",\"potentialAction\":[{\"@type\":\"ReadAction\",\"target\":[\"https:\/\/www.iskreni.net\/trgovina\/product\/zmaga-je-zacetek\/\"]}]},{\"@type\":\"ImageObject\",\"inLanguage\":\"sl-SI\",\"@id\":\"https:\/\/www.iskreni.net\/trgovina\/product\/zmaga-je-zacetek\/#primaryimage\",\"url\":\"https:\/\/www.iskreni.net\/trgovina\/wp-content\/uploads\/2023\/10\/Slike-za-v-spletno-trgovino8.jpg\",\"contentUrl\":\"https:\/\/www.iskreni.net\/trgovina\/wp-content\/uploads\/2023\/10\/Slike-za-v-spletno-trgovino8.jpg\",\"width\":600,\"height\":600},{\"@type\":\"BreadcrumbList\",\"@id\":\"https:\/\/www.iskreni.net\/trgovina\/product\/zmaga-je-zacetek\/#breadcrumb\",\"itemListElement\":[{\"@type\":\"ListItem\",\"position\":1,\"name\":\"Home\",\"item\":\"https:\/\/www.iskreni.net\/trgovina\/\"},{\"@type\":\"ListItem\",\"position\":2,\"name\":\"Trgovina\",\"item\":\"https:\/\/www.iskreni.net\/trgovina\/trgovina\/\"},{\"@type\":\"ListItem\",\"position\":3,\"name\":\"Zmaga je za\u010detek\"}]},{\"@type\":\"WebSite\",\"@id\":\"https:\/\/www.iskreni.net\/trgovina\/#website\",\"url\":\"https:\/\/www.iskreni.net\/trgovina\/\",\"name\":\"Zavod Iskreni\",\"description\":\"trgovina\",\"potentialAction\":[{\"@type\":\"SearchAction\",\"target\":{\"@type\":\"EntryPoint\",\"urlTemplate\":\"https:\/\/www.iskreni.net\/trgovina\/?s={search_term_string}\"},\"query-input\":{\"@type\":\"PropertyValueSpecification\",\"valueRequired\":true,\"valueName\":\"search_term_string\"}}],\"inLanguage\":\"sl-SI\"}]}<\/script>\n<!-- \/ Yoast SEO plugin. -->","yoast_head_json":{"title":"Zmaga je za\u010detek - trgovina Iskreni","description":"Zmaga je za\u010detek: Priro\u010dnik za politi\u010dne in druge za\u010detnike je knji\u017eni prvenec Boruta Pahorja, politika in nekdanjega predsednika Republike Slovenije.","robots":{"index":"index","follow":"follow","max-snippet":"max-snippet:-1","max-image-preview":"max-image-preview:large","max-video-preview":"max-video-preview:-1"},"canonical":"https:\/\/www.iskreni.net\/trgovina\/product\/zmaga-je-zacetek\/","og_locale":"sl_SI","og_type":"article","og_title":"Zmaga je za\u010detek","og_description":"Zmaga je za\u010detek: Priro\u010dnik za politi\u010dne in druge za\u010detnike je knji\u017eni prvenec Boruta Pahorja, politika in nekdanjega predsednika Republike Slovenije.","og_url":"https:\/\/www.iskreni.net\/trgovina\/product\/zmaga-je-zacetek\/","og_site_name":"Zavod Iskreni","article_modified_time":"2023-12-04T10:19:26+00:00","og_image":[{"width":600,"height":600,"url":"https:\/\/www.iskreni.net\/trgovina\/wp-content\/uploads\/2023\/10\/Slike-za-v-spletno-trgovino8.jpg","type":"image\/jpeg"}],"twitter_card":"summary_large_image","twitter_misc":{"Est. reading time":"3 minute"},"schema":{"@context":"https:\/\/schema.org","@graph":[{"@type":"WebPage","@id":"https:\/\/www.iskreni.net\/trgovina\/product\/zmaga-je-zacetek\/","url":"https:\/\/www.iskreni.net\/trgovina\/product\/zmaga-je-zacetek\/","name":"Zmaga je za\u010detek - trgovina Iskreni","isPartOf":{"@id":"https:\/\/www.iskreni.net\/trgovina\/#website"},"primaryImageOfPage":{"@id":"https:\/\/www.iskreni.net\/trgovina\/product\/zmaga-je-zacetek\/#primaryimage"},"image":{"@id":"https:\/\/www.iskreni.net\/trgovina\/product\/zmaga-je-zacetek\/#primaryimage"},"thumbnailUrl":"https:\/\/www.iskreni.net\/trgovina\/wp-content\/uploads\/2023\/10\/Slike-za-v-spletno-trgovino8.jpg","datePublished":"2023-10-23T20:15:48+00:00","dateModified":"2023-12-04T10:19:26+00:00","description":"Zmaga je za\u010detek: Priro\u010dnik za politi\u010dne in druge za\u010detnike je knji\u017eni prvenec Boruta Pahorja, politika in nekdanjega predsednika Republike Slovenije.","breadcrumb":{"@id":"https:\/\/www.iskreni.net\/trgovina\/product\/zmaga-je-zacetek\/#breadcrumb"},"inLanguage":"sl-SI","potentialAction":[{"@type":"ReadAction","target":["https:\/\/www.iskreni.net\/trgovina\/product\/zmaga-je-zacetek\/"]}]},{"@type":"ImageObject","inLanguage":"sl-SI","@id":"https:\/\/www.iskreni.net\/trgovina\/product\/zmaga-je-zacetek\/#primaryimage","url":"https:\/\/www.iskreni.net\/trgovina\/wp-content\/uploads\/2023\/10\/Slike-za-v-spletno-trgovino8.jpg","contentUrl":"https:\/\/www.iskreni.net\/trgovina\/wp-content\/uploads\/2023\/10\/Slike-za-v-spletno-trgovino8.jpg","width":600,"height":600},{"@type":"BreadcrumbList","@id":"https:\/\/www.iskreni.net\/trgovina\/product\/zmaga-je-zacetek\/#breadcrumb","itemListElement":[{"@type":"ListItem","position":1,"name":"Home","item":"https:\/\/www.iskreni.net\/trgovina\/"},{"@type":"ListItem","position":2,"name":"Trgovina","item":"https:\/\/www.iskreni.net\/trgovina\/trgovina\/"},{"@type":"ListItem","position":3,"name":"Zmaga je za\u010detek"}]},{"@type":"WebSite","@id":"https:\/\/www.iskreni.net\/trgovina\/#website","url":"https:\/\/www.iskreni.net\/trgovina\/","name":"Zavod Iskreni","description":"trgovina","potentialAction":[{"@type":"SearchAction","target":{"@type":"EntryPoint","urlTemplate":"https:\/\/www.iskreni.net\/trgovina\/?s={search_term_string}"},"query-input":{"@type":"PropertyValueSpecification","valueRequired":true,"valueName":"search_term_string"}}],"inLanguage":"sl-SI"}]}},"_links":{"self":[{"href":"https:\/\/www.iskreni.net\/trgovina\/wp-json\/wp\/v2\/product\/70409","targetHints":{"allow":["GET"]}}],"collection":[{"href":"https:\/\/www.iskreni.net\/trgovina\/wp-json\/wp\/v2\/product"}],"about":[{"href":"https:\/\/www.iskreni.net\/trgovina\/wp-json\/wp\/v2\/types\/product"}],"replies":[{"embeddable":true,"href":"https:\/\/www.iskreni.net\/trgovina\/wp-json\/wp\/v2\/comments?post=70409"}],"version-history":[{"count":3,"href":"https:\/\/www.iskreni.net\/trgovina\/wp-json\/wp\/v2\/product\/70409\/revisions"}],"predecessor-version":[{"id":71037,"href":"https:\/\/www.iskreni.net\/trgovina\/wp-json\/wp\/v2\/product\/70409\/revisions\/71037"}],"wp:featuredmedia":[{"embeddable":true,"href":"https:\/\/www.iskreni.net\/trgovina\/wp-json\/wp\/v2\/media\/71022"}],"wp:attachment":[{"href":"https:\/\/www.iskreni.net\/trgovina\/wp-json\/wp\/v2\/media?parent=70409"}],"wp:term":[{"taxonomy":"product_brand","embeddable":true,"href":"https:\/\/www.iskreni.net\/trgovina\/wp-json\/wp\/v2\/product_brand?post=70409"},{"taxonomy":"product_cat","embeddable":true,"href":"https:\/\/www.iskreni.net\/trgovina\/wp-json\/wp\/v2\/product_cat?post=70409"},{"taxonomy":"product_tag","embeddable":true,"href":"https:\/\/www.iskreni.net\/trgovina\/wp-json\/wp\/v2\/product_tag?post=70409"},{"taxonomy":"avtor","embeddable":true,"href":"https:\/\/www.iskreni.net\/trgovina\/wp-json\/wp\/v2\/avtor?post=70409"},{"taxonomy":"zalozba","embeddable":true,"href":"https:\/\/www.iskreni.net\/trgovina\/wp-json\/wp\/v2\/zalozba?post=70409"},{"taxonomy":"vezava","embeddable":true,"href":"https:\/\/www.iskreni.net\/trgovina\/wp-json\/wp\/v2\/vezava?post=70409"}],"curies":[{"name":"wp","href":"https:\/\/api.w.org\/{rel}","templated":true}]}}