{"id":70405,"date":"2023-10-23T22:04:19","date_gmt":"2023-10-23T20:04:19","guid":{"rendered":"https:\/\/www.iskreni.net\/trgovina\/?post_type=product&#038;p=70405"},"modified":"2025-07-09T13:54:43","modified_gmt":"2025-07-09T11:54:43","slug":"atlas-sveta-dinozavrov","status":"publish","type":"product","link":"https:\/\/www.iskreni.net\/trgovina\/product\/atlas-sveta-dinozavrov\/","title":{"rendered":"Atlas sveta dinozavrov"},"content":{"rendered":"<h4>O knjigi Atlas sveta dinozavrov<\/h4>\n<p>ATLAS SVETA DINOZAVROV! Stopi v PRAZGODOVINSKI svet in OBI\u0160\u010cI NAJOSUPLJIVEJ\u0160E DINOZAVRE in najbolj NEVERJETNE PLAZILCE iz pradavnine.<\/p>\n<p>Odpravi se na izlet v dobo dinozavrov v dru\u017ebi te \u010dudovito ilustrirane knjige, ki preu\u010duje davno izgubljeni svet. Prepotuj zemeljsko oblo na prazgodovinski pustolov\u0161\u010dini skozi obdobje triasa, jure in krede, obi\u0161\u010di takratne dinozavre, ko po\u010dnejo tisto, kar najbolj znajo \u2013 se skrivajo, lovijo, spopadajo ali jedo \u2026 pogosto drug drugega!<\/p>\n<p>S 30 dramati\u010dnimi, podrobnimi prizori, ki jih lahko razi\u0161\u010de\u0161, zemljevidi premikajo\u010dih se celin Zemlje in najdb fosilov je ta knjiga pravi zaklad za vsakega ljubitelja dinozavrov. Naj se pustolov\u0161\u010dina za\u010dne!<\/p>\n<p>&nbsp;<\/p>\n","protected":false},"excerpt":{"rendered":"<p><strong>\u0160tevilo strani:<\/strong> 82<br \/>\n<strong>Leto izdaje:<\/strong> 2023<br \/>\n<strong>Mere:<\/strong> 38 x 28 cm<\/p>\n<p>&nbsp;<\/p>\n","protected":false},"featured_media":70018,"comment_status":"open","ping_status":"closed","template":"","meta":[],"product_brand":[],"product_cat":[2327,63,135],"product_tag":[],"avtor":[2438],"zalozba":[2360],"vezava":[2306],"class_list":{"0":"post-70405","1":"product","2":"type-product","3":"status-publish","4":"has-post-thumbnail","6":"product_cat-prirocniki-in-vodniki","7":"product_cat-knjige","8":"product_cat-za-otroke","9":"avtor-emily-hawkins","10":"zalozba-morfem","11":"vezava-trda","13":"first","14":"onbackorder","15":"taxable","16":"shipping-taxable","17":"purchasable","18":"product-type-simple"},"yoast_head":"<!-- This site is optimized with the Yoast SEO plugin v26.3 - https:\/\/yoast.com\/wordpress\/plugins\/seo\/ -->\n<title>Atlas sveta dinozavrov - trgovina Iskreni<\/title>\n<meta name=\"description\" content=\"Atlas sveta dinozavrov - Stopi v PRAZGODOVINSKI svet in OBI\u0160\u010cI NAJOSUPLJIVEJ\u0160E DINOZAVRE in najbolj NEVERJETNE PLAZILCE iz pradavnine.\" \/>\n<meta name=\"robots\" content=\"index, follow, max-snippet:-1, max-image-preview:large, max-video-preview:-1\" \/>\n<link rel=\"canonical\" href=\"https:\/\/www.iskreni.net\/trgovina\/product\/atlas-sveta-dinozavrov\/\" \/>\n<meta property=\"og:locale\" content=\"sl_SI\" \/>\n<meta property=\"og:type\" content=\"article\" \/>\n<meta property=\"og:title\" content=\"Atlas sveta dinozavrov\" \/>\n<meta property=\"og:description\" content=\"Atlas sveta dinozavrov - Stopi v PRAZGODOVINSKI svet in OBI\u0160\u010cI NAJOSUPLJIVEJ\u0160E DINOZAVRE in najbolj NEVERJETNE PLAZILCE iz pradavnine.\" \/>\n<meta property=\"og:url\" content=\"https:\/\/www.iskreni.net\/trgovina\/product\/atlas-sveta-dinozavrov\/\" \/>\n<meta property=\"og:site_name\" content=\"Zavod Iskreni\" \/>\n<meta property=\"article:modified_time\" content=\"2025-07-09T11:54:43+00:00\" \/>\n<meta property=\"og:image\" content=\"https:\/\/www.iskreni.net\/trgovina\/wp-content\/uploads\/2023\/10\/8.jpg\" \/>\n\t<meta property=\"og:image:width\" content=\"600\" \/>\n\t<meta property=\"og:image:height\" content=\"600\" \/>\n\t<meta property=\"og:image:type\" content=\"image\/jpeg\" \/>\n<meta name=\"twitter:card\" content=\"summary_large_image\" \/>\n<meta name=\"twitter:label1\" content=\"Est. reading time\" \/>\n\t<meta name=\"twitter:data1\" content=\"1 minuta\" \/>\n<script type=\"application\/ld+json\" class=\"yoast-schema-graph\">{\"@context\":\"https:\/\/schema.org\",\"@graph\":[{\"@type\":\"WebPage\",\"@id\":\"https:\/\/www.iskreni.net\/trgovina\/product\/atlas-sveta-dinozavrov\/\",\"url\":\"https:\/\/www.iskreni.net\/trgovina\/product\/atlas-sveta-dinozavrov\/\",\"name\":\"Atlas sveta dinozavrov - trgovina Iskreni\",\"isPartOf\":{\"@id\":\"https:\/\/www.iskreni.net\/trgovina\/#website\"},\"primaryImageOfPage\":{\"@id\":\"https:\/\/www.iskreni.net\/trgovina\/product\/atlas-sveta-dinozavrov\/#primaryimage\"},\"image\":{\"@id\":\"https:\/\/www.iskreni.net\/trgovina\/product\/atlas-sveta-dinozavrov\/#primaryimage\"},\"thumbnailUrl\":\"https:\/\/www.iskreni.net\/trgovina\/wp-content\/uploads\/2023\/10\/8.jpg\",\"datePublished\":\"2023-10-23T20:04:19+00:00\",\"dateModified\":\"2025-07-09T11:54:43+00:00\",\"description\":\"Atlas sveta dinozavrov - Stopi v PRAZGODOVINSKI svet in OBI\u0160\u010cI NAJOSUPLJIVEJ\u0160E DINOZAVRE in najbolj NEVERJETNE PLAZILCE iz pradavnine.\",\"breadcrumb\":{\"@id\":\"https:\/\/www.iskreni.net\/trgovina\/product\/atlas-sveta-dinozavrov\/#breadcrumb\"},\"inLanguage\":\"sl-SI\",\"potentialAction\":[{\"@type\":\"ReadAction\",\"target\":[\"https:\/\/www.iskreni.net\/trgovina\/product\/atlas-sveta-dinozavrov\/\"]}]},{\"@type\":\"ImageObject\",\"inLanguage\":\"sl-SI\",\"@id\":\"https:\/\/www.iskreni.net\/trgovina\/product\/atlas-sveta-dinozavrov\/#primaryimage\",\"url\":\"https:\/\/www.iskreni.net\/trgovina\/wp-content\/uploads\/2023\/10\/8.jpg\",\"contentUrl\":\"https:\/\/www.iskreni.net\/trgovina\/wp-content\/uploads\/2023\/10\/8.jpg\",\"width\":600,\"height\":600},{\"@type\":\"BreadcrumbList\",\"@id\":\"https:\/\/www.iskreni.net\/trgovina\/product\/atlas-sveta-dinozavrov\/#breadcrumb\",\"itemListElement\":[{\"@type\":\"ListItem\",\"position\":1,\"name\":\"Home\",\"item\":\"https:\/\/www.iskreni.net\/trgovina\/\"},{\"@type\":\"ListItem\",\"position\":2,\"name\":\"Trgovina\",\"item\":\"https:\/\/www.iskreni.net\/trgovina\/trgovina\/\"},{\"@type\":\"ListItem\",\"position\":3,\"name\":\"Atlas sveta dinozavrov\"}]},{\"@type\":\"WebSite\",\"@id\":\"https:\/\/www.iskreni.net\/trgovina\/#website\",\"url\":\"https:\/\/www.iskreni.net\/trgovina\/\",\"name\":\"Zavod Iskreni\",\"description\":\"trgovina\",\"potentialAction\":[{\"@type\":\"SearchAction\",\"target\":{\"@type\":\"EntryPoint\",\"urlTemplate\":\"https:\/\/www.iskreni.net\/trgovina\/?s={search_term_string}\"},\"query-input\":{\"@type\":\"PropertyValueSpecification\",\"valueRequired\":true,\"valueName\":\"search_term_string\"}}],\"inLanguage\":\"sl-SI\"}]}<\/script>\n<!-- \/ Yoast SEO plugin. -->","yoast_head_json":{"title":"Atlas sveta dinozavrov - trgovina Iskreni","description":"Atlas sveta dinozavrov - Stopi v PRAZGODOVINSKI svet in OBI\u0160\u010cI NAJOSUPLJIVEJ\u0160E DINOZAVRE in najbolj NEVERJETNE PLAZILCE iz pradavnine.","robots":{"index":"index","follow":"follow","max-snippet":"max-snippet:-1","max-image-preview":"max-image-preview:large","max-video-preview":"max-video-preview:-1"},"canonical":"https:\/\/www.iskreni.net\/trgovina\/product\/atlas-sveta-dinozavrov\/","og_locale":"sl_SI","og_type":"article","og_title":"Atlas sveta dinozavrov","og_description":"Atlas sveta dinozavrov - Stopi v PRAZGODOVINSKI svet in OBI\u0160\u010cI NAJOSUPLJIVEJ\u0160E DINOZAVRE in najbolj NEVERJETNE PLAZILCE iz pradavnine.","og_url":"https:\/\/www.iskreni.net\/trgovina\/product\/atlas-sveta-dinozavrov\/","og_site_name":"Zavod Iskreni","article_modified_time":"2025-07-09T11:54:43+00:00","og_image":[{"width":600,"height":600,"url":"https:\/\/www.iskreni.net\/trgovina\/wp-content\/uploads\/2023\/10\/8.jpg","type":"image\/jpeg"}],"twitter_card":"summary_large_image","twitter_misc":{"Est. reading time":"1 minuta"},"schema":{"@context":"https:\/\/schema.org","@graph":[{"@type":"WebPage","@id":"https:\/\/www.iskreni.net\/trgovina\/product\/atlas-sveta-dinozavrov\/","url":"https:\/\/www.iskreni.net\/trgovina\/product\/atlas-sveta-dinozavrov\/","name":"Atlas sveta dinozavrov - trgovina Iskreni","isPartOf":{"@id":"https:\/\/www.iskreni.net\/trgovina\/#website"},"primaryImageOfPage":{"@id":"https:\/\/www.iskreni.net\/trgovina\/product\/atlas-sveta-dinozavrov\/#primaryimage"},"image":{"@id":"https:\/\/www.iskreni.net\/trgovina\/product\/atlas-sveta-dinozavrov\/#primaryimage"},"thumbnailUrl":"https:\/\/www.iskreni.net\/trgovina\/wp-content\/uploads\/2023\/10\/8.jpg","datePublished":"2023-10-23T20:04:19+00:00","dateModified":"2025-07-09T11:54:43+00:00","description":"Atlas sveta dinozavrov - Stopi v PRAZGODOVINSKI svet in OBI\u0160\u010cI NAJOSUPLJIVEJ\u0160E DINOZAVRE in najbolj NEVERJETNE PLAZILCE iz pradavnine.","breadcrumb":{"@id":"https:\/\/www.iskreni.net\/trgovina\/product\/atlas-sveta-dinozavrov\/#breadcrumb"},"inLanguage":"sl-SI","potentialAction":[{"@type":"ReadAction","target":["https:\/\/www.iskreni.net\/trgovina\/product\/atlas-sveta-dinozavrov\/"]}]},{"@type":"ImageObject","inLanguage":"sl-SI","@id":"https:\/\/www.iskreni.net\/trgovina\/product\/atlas-sveta-dinozavrov\/#primaryimage","url":"https:\/\/www.iskreni.net\/trgovina\/wp-content\/uploads\/2023\/10\/8.jpg","contentUrl":"https:\/\/www.iskreni.net\/trgovina\/wp-content\/uploads\/2023\/10\/8.jpg","width":600,"height":600},{"@type":"BreadcrumbList","@id":"https:\/\/www.iskreni.net\/trgovina\/product\/atlas-sveta-dinozavrov\/#breadcrumb","itemListElement":[{"@type":"ListItem","position":1,"name":"Home","item":"https:\/\/www.iskreni.net\/trgovina\/"},{"@type":"ListItem","position":2,"name":"Trgovina","item":"https:\/\/www.iskreni.net\/trgovina\/trgovina\/"},{"@type":"ListItem","position":3,"name":"Atlas sveta dinozavrov"}]},{"@type":"WebSite","@id":"https:\/\/www.iskreni.net\/trgovina\/#website","url":"https:\/\/www.iskreni.net\/trgovina\/","name":"Zavod Iskreni","description":"trgovina","potentialAction":[{"@type":"SearchAction","target":{"@type":"EntryPoint","urlTemplate":"https:\/\/www.iskreni.net\/trgovina\/?s={search_term_string}"},"query-input":{"@type":"PropertyValueSpecification","valueRequired":true,"valueName":"search_term_string"}}],"inLanguage":"sl-SI"}]}},"_links":{"self":[{"href":"https:\/\/www.iskreni.net\/trgovina\/wp-json\/wp\/v2\/product\/70405","targetHints":{"allow":["GET"]}}],"collection":[{"href":"https:\/\/www.iskreni.net\/trgovina\/wp-json\/wp\/v2\/product"}],"about":[{"href":"https:\/\/www.iskreni.net\/trgovina\/wp-json\/wp\/v2\/types\/product"}],"replies":[{"embeddable":true,"href":"https:\/\/www.iskreni.net\/trgovina\/wp-json\/wp\/v2\/comments?post=70405"}],"version-history":[{"count":2,"href":"https:\/\/www.iskreni.net\/trgovina\/wp-json\/wp\/v2\/product\/70405\/revisions"}],"predecessor-version":[{"id":88058,"href":"https:\/\/www.iskreni.net\/trgovina\/wp-json\/wp\/v2\/product\/70405\/revisions\/88058"}],"wp:featuredmedia":[{"embeddable":true,"href":"https:\/\/www.iskreni.net\/trgovina\/wp-json\/wp\/v2\/media\/70018"}],"wp:attachment":[{"href":"https:\/\/www.iskreni.net\/trgovina\/wp-json\/wp\/v2\/media?parent=70405"}],"wp:term":[{"taxonomy":"product_brand","embeddable":true,"href":"https:\/\/www.iskreni.net\/trgovina\/wp-json\/wp\/v2\/product_brand?post=70405"},{"taxonomy":"product_cat","embeddable":true,"href":"https:\/\/www.iskreni.net\/trgovina\/wp-json\/wp\/v2\/product_cat?post=70405"},{"taxonomy":"product_tag","embeddable":true,"href":"https:\/\/www.iskreni.net\/trgovina\/wp-json\/wp\/v2\/product_tag?post=70405"},{"taxonomy":"avtor","embeddable":true,"href":"https:\/\/www.iskreni.net\/trgovina\/wp-json\/wp\/v2\/avtor?post=70405"},{"taxonomy":"zalozba","embeddable":true,"href":"https:\/\/www.iskreni.net\/trgovina\/wp-json\/wp\/v2\/zalozba?post=70405"},{"taxonomy":"vezava","embeddable":true,"href":"https:\/\/www.iskreni.net\/trgovina\/wp-json\/wp\/v2\/vezava?post=70405"}],"curies":[{"name":"wp","href":"https:\/\/api.w.org\/{rel}","templated":true}]}}