{"id":70384,"date":"2023-11-09T00:01:17","date_gmt":"2023-11-08T23:01:17","guid":{"rendered":"https:\/\/www.iskreni.net\/trgovina\/?post_type=product&#038;p=70384"},"modified":"2026-02-01T23:44:02","modified_gmt":"2026-02-01T22:44:02","slug":"nepozabno-zivljenje","status":"publish","type":"product","link":"https:\/\/www.iskreni.net\/trgovina\/product\/nepozabno-zivljenje\/","title":{"rendered":"Nepozabno \u017eivljenje: \u017divljenje in delo priljubljenega pevca Rafka Irgoli\u010da"},"content":{"rendered":"<h3><strong>O knjigi:<\/strong><\/h3>\n<p><strong>Rafko Irgoli\u010d<\/strong> je zagotovo eden najbolj prepoznavnih in priljubljenih pevcev slovenske zabavne in narodne glasbe. Le kdo ne pozna njegovih, tako reko\u010d \u017ee ponarodelih, pevskih izvedb skladb, kot so Moj \u010drni konj, Oh, Suzana, De\u010dek s planine in drugih kavbojskih pesmi, pa tudi izjemno lepih doma\u010dih popevk, kot so Sivi zidovi starega mesta, Pred mano je poletje in Ve\u010der v planinah, pa v na\u0161e ob\u010dutje prestavljeni Beli cvet, To je moj dragi dom, \u010cemu naj \u0161e \u017eivim ter seveda nepozabne narodne pesmi, kot sta Zabu\u010dale gore in Polje, kdo bo tebe ljubil, ter izjemne narodno-zabavne pesmi, kot so Dober dan, sonce, Titanic in Domovina?<\/p>\n<p>Ob devetdesetletnici \u017eivljenja Rafko bralcem v knjigi\u00a0<strong>Nepozabno \u017eivljenje<\/strong> razgrinja svojo dolgo in razgibano pevsko pot, med spomine pa prepleta tudi sladko-grenke izku\u0161nje ter svoje poglede na zgledno dru\u017einsko \u017eivljenje, ki sta ga stkala skupaj z \u017eeno Nado.<\/p>\n<h3><strong>O avtorju:<\/strong><\/h3>\n<p>Slovenski pisatelj Ivan Sivec je najplodovitej\u0161i in \u017ee dve desetletji eden najbolj branih slovenskih avtorjev. Napisal je 179 knjig. Rojen je bil v Mostah pri Komendi, od leta 1972 naprej pa \u017eivi in ustvarja v Meng\u0161u. Po izobrazbi je diplomiran slovenist, na oddelku ljubljanske Filozofske fakultete za etnografijo in antropologijo pa si je pridobil tudi naziv magister etnolo\u0161kih znanosti.<br \/>\nMed drugim je napisal 25 zgodovinskih romanov in 26 biografskih del, pa tudi veliko mladinskih del in slikanic za otroke. \u0160tiri Siv\u010deva mladinska dela so na\u0161la tudi pot na velika platna in male zaslone: Pozabljeni zaklad, Vlomilci delajo poleti, Zakleta bajta in Princ na belem konju.<br \/>\nZaposlen je bil na Radiu Ljubljana oziroma Radiu Slovenija, najdlje kot novinar in urednik dokumentarno-feljtonskega uredni\u0161tva. Pripravil je ve\u010d kot 1100 radijskih reporta\u017e. Ustvaril je tudi ve\u010d kot 3000 besedil za popularno glasbo ter napisal ve\u010d monografij o znanih slovenskih glasbenikih.<br \/>\nZa svoje delo je prejel ve\u010d nagrad, med katerimi je najbolj vidno dr\u017eavno odlikovanje <em>Red za zasluge za slovenski narod<\/em>. V obrazlo\u017eitvi pi\u0161e, da ga je prejel \u00bbza izjemno obse\u017een, raznolik in odmeven avtorski opus, ki neguje narodno zavest.\u00ab Ob\u010dina Kostel ga je imenovala za \u010dastnega ob\u010dana, na spletnem portalu <em>Notable people<\/em> pa je uvr\u0161\u010den med najpomembnej\u0161e in najuglednej\u0161e Slovence.<\/p>\n<p>&nbsp;<\/p>\n<h3><strong>Odlomek iz knjige:<\/strong><\/h3>\n<p><em>Slovenci imamo radi pesem. Spremlja nas od zibelke do groba. Z nami je ob delu, ob praznikih, ob najbolj vznesenih in najbolj \u017ealostnih trenutkih. Pesem je del nas. <\/em><\/p>\n<p><em>V na\u0161i du\u0161i odmeva na tiso\u010de pesmi. Najve\u010d o ljubezni, domovini, ponosu in poni\u017eanju, sprejemanju in zavra\u010danju. A v vseh primerih je na\u0161a pesem izvirna, pristna, na\u0161a in neponarejena.<\/em><\/p>\n<p><em>Nekje iz daljave pa se v na\u0161i du\u0161i med mnogimi pesmimi vedno oglasi tudi glas visokoraslega mladeni\u010da, prijaznega gospoda, \u010dute\u010dega \u010dloveka, pokon\u010dnega Slovenca.<\/em><\/p>\n<p><em>Glas Rafka Irgoli\u010da.<\/em><\/p>\n<p><em>Njegov glas se je prvi\u010d pojavil med poslu\u0161alci \u017ee pred ve\u010d kot \u0161estimi desetletji. A \u0161e vedno je tu, kot da bi v\u010deraj potrkal na na\u0161o du\u0161o, kot da bi se pred nedavnim dotaknil na\u0161ega sveta, kot da se je \u017ee pred ve\u010d kot pol stoletja za vedno naselil v na\u0161i podzavesti.<\/em><\/p>\n<p><em>Skupaj z njim ob\u010dudujemo sive zidove starega mesta, skupaj z njim jahamo prek svojih klancev v dolino Kolorada, skupaj z njim ob\u010dudujemo lepoto domovine in izku\u0161amo trpkost slovesa od nje, skupaj z njim se veselimo jutra njega sonca in skupaj z njim padamo v mrak oto\u017enosti in samoizpra\u0161evanja.<\/em><\/p>\n<p><em>Glas Rafka Irgoli\u010da se je tako globoko vtisnil v na\u0161 spomin, da je dovolj, \u010de re\u010demo samo Rafko, pa \u017ee vemo, za \u010digav glas gre. Njegov \u017eametni zven nam bo\u017ea du\u0161o, njegova toplina nas greje, njegova izpoved je tako mila in hkrati globoka, da se zlahka v trenutku poistovetimo z njim. Tako se nam zmorejo pribli\u017eati samo najbolj\u0161i.<\/em><\/p>\n<h3><\/h3>\n<h3><strong>Objave o knjigi:<\/strong><\/h3>\n<p>Jo\u017ee Bartolj:\u00a0<strong>Ivan Sivec o knjigi Nepozabno \u017eivljenje (Rafko Igroli\u010d 90 let), <\/strong>Radio ognji\u0161\u010de &#8211; avdio arhiv, 20. 12. 2023:<a href=\"https:\/\/avdio.ognjisce.si\/oddaja\/ku_2023_12_20_Ivan_Sivec_Knjiga_Rafko_Irgolic_90_let\" target=\"_blank\" rel=\"noopener\"> https:\/\/avdio.ognjisce.si\/oddaja\/ku_2023_12_20_Ivan_Sivec_Knjiga_Rafko_Irgolic_90_let<\/a><\/p>\n<p>J. U.: <strong>Rafko Irgoli\u010d, slovenski kavboj, ki je navdu\u0161il \u0161tevilne generacije,<\/strong> Veseljak TV, 22. 12. 2023: <a href=\"https:\/\/veseljak.svet24.si\/novice\/6584c4ada178c\/rafko-irgolic-slovenski-kavboj-ki-je-navdusil-stevilne-generacije\" target=\"_blank\" rel=\"noopener\">https:\/\/veseljak.svet24.si\/novice\/6584c4ada178c\/rafko-irgolic-slovenski-kavboj-ki-je-navdusil-stevilne-generacije<\/a><\/p>\n<p>N. \u010c.:\u00a0<strong>Legenda slovenske glasbe pri svojih 90-ih letih do\u010dakal to lepo novico (VIDEO),\u00a0<\/strong>Slovenske novice, 24. 12. 2023:\u00a0<a href=\"https:\/\/www.slovenskenovice.si\/bulvar\/domaci-traci\/rafko-irgolic-pri-svojih-90-ih-letih-docakal-to-lepo-novico-video\/\" target=\"_blank\" rel=\"noopener\">https:\/\/www.slovenskenovice.si\/bulvar\/domaci-traci\/rafko-irgolic-pri-svojih-90-ih-letih-docakal-to-lepo-novico-video\/<\/a><\/p>\n<p>S. R.:\u00a0<strong>Nepozabno \u017eivljenje Rafka Irgoli\u010da in njegove \u017eene Nade,\u00a0<\/strong>Posavski obzornik, 23.2.2024: <a href=\"https:\/\/www.posavskiobzornik.si\/kultura\/nepozabno-zivljenje-rafka-irgolica-in-njegove-zene-nade-102850\" target=\"_blank\" rel=\"noopener\">https:\/\/www.posavskiobzornik.si\/kultura\/nepozabno-zivljenje-rafka-irgolica-in-njegove-zene-nade-102850<\/a><\/p>\n<p>Matej Krajnc: <strong>Kavboj z licenco za petje, <\/strong>SIGIC &#8211; Slovenski glasboeno informacijski center, 5. 3. 2024: <a href=\"https:\/\/www.sigic.si\/kavboj-z-licenco-za-petje.html\" target=\"_blank\" rel=\"noopener\">https:\/\/www.sigic.si\/kavboj-z-licenco-za-petje.html<\/a><\/p>\n","protected":false},"excerpt":{"rendered":"<p><strong>Leto izdaje:<\/strong> 2023<br \/>\n<strong>\u0160tevilo strani:<\/strong> 151<strong><br \/>\n<\/strong><strong>Mere: <\/strong>180 x 250 mm<\/p>\n<p>\u017divljenje in delo priljubljenega pevca Rafka Irgoli\u010da<\/p>\n<p><strong>avtorizirana biografija<\/strong><\/p>\n<p><strong><span style=\"color: #ff0000;\">Iz\u0161lo ob 90-letnici Rafka Irgoli\u010da.<\/span><\/strong><\/p>\n","protected":false},"featured_media":70447,"comment_status":"open","ping_status":"closed","template":"","meta":[],"product_brand":[],"product_cat":[1430,63],"product_tag":[793,1429],"avtor":[2304],"zalozba":[2305],"vezava":[2306],"class_list":{"0":"post-70384","1":"product","2":"type-product","3":"status-publish","4":"has-post-thumbnail","6":"product_cat-iz-nase-zalozbe","7":"product_cat-knjige","8":"product_tag-biografija","9":"product_tag-zavod-iskreni","10":"avtor-ivan-sivec","11":"zalozba-zavod-iskreni","12":"vezava-trda","14":"first","15":"instock","16":"taxable","17":"shipping-taxable","18":"purchasable","19":"product-type-simple"},"yoast_head":"<!-- This site is optimized with the Yoast SEO plugin v26.3 - https:\/\/yoast.com\/wordpress\/plugins\/seo\/ -->\n<title>Ivan Sivec - Nepozabno \u017eivljenje - biografija Rafka Irgoli\u010da<\/title>\n<meta name=\"description\" content=\"Rafko Irgoli\u010d v knjigi\u00a0Nepozabno \u017eivljenje razgrinja svojo pevsko pot, med spomine pa vpleta tudi svoje dru\u017einsko \u017eivljenje, ki sta ga stkala z \u017eeno Nado.\" \/>\n<meta name=\"robots\" content=\"index, follow, max-snippet:-1, max-image-preview:large, max-video-preview:-1\" \/>\n<link rel=\"canonical\" href=\"https:\/\/www.iskreni.net\/trgovina\/product\/nepozabno-zivljenje\/\" \/>\n<meta property=\"og:locale\" content=\"sl_SI\" \/>\n<meta property=\"og:type\" content=\"article\" \/>\n<meta property=\"og:title\" content=\"Nepozabno \u017eivljenje\" \/>\n<meta property=\"og:description\" content=\"Rafko Irgoli\u010d v knjigi\u00a0Nepozabno \u017eivljenje razgrinja svojo pevsko pot, med spomine pa vpleta tudi svoje dru\u017einsko \u017eivljenje, ki sta ga stkala z \u017eeno Nado.\" \/>\n<meta property=\"og:url\" content=\"https:\/\/www.iskreni.net\/trgovina\/product\/nepozabno-zivljenje\/\" \/>\n<meta property=\"og:site_name\" content=\"Zavod Iskreni\" \/>\n<meta property=\"article:modified_time\" content=\"2026-02-01T22:44:02+00:00\" \/>\n<meta property=\"og:image\" content=\"https:\/\/www.iskreni.net\/trgovina\/wp-content\/uploads\/2023\/10\/nepozabno-zivlj-3D-1.jpg\" \/>\n\t<meta property=\"og:image:width\" content=\"1772\" \/>\n\t<meta property=\"og:image:height\" content=\"1772\" \/>\n\t<meta property=\"og:image:type\" content=\"image\/jpeg\" \/>\n<meta name=\"twitter:card\" content=\"summary_large_image\" \/>\n<meta name=\"twitter:label1\" content=\"Est. reading time\" \/>\n\t<meta name=\"twitter:data1\" content=\"5 minut\" \/>\n<script type=\"application\/ld+json\" class=\"yoast-schema-graph\">{\"@context\":\"https:\/\/schema.org\",\"@graph\":[{\"@type\":\"WebPage\",\"@id\":\"https:\/\/www.iskreni.net\/trgovina\/product\/nepozabno-zivljenje\/\",\"url\":\"https:\/\/www.iskreni.net\/trgovina\/product\/nepozabno-zivljenje\/\",\"name\":\"Ivan Sivec - Nepozabno \u017eivljenje - biografija Rafka Irgoli\u010da\",\"isPartOf\":{\"@id\":\"https:\/\/www.iskreni.net\/trgovina\/#website\"},\"primaryImageOfPage\":{\"@id\":\"https:\/\/www.iskreni.net\/trgovina\/product\/nepozabno-zivljenje\/#primaryimage\"},\"image\":{\"@id\":\"https:\/\/www.iskreni.net\/trgovina\/product\/nepozabno-zivljenje\/#primaryimage\"},\"thumbnailUrl\":\"https:\/\/www.iskreni.net\/trgovina\/wp-content\/uploads\/2023\/10\/nepozabno-zivlj-3D-1.jpg\",\"datePublished\":\"2023-11-08T23:01:17+00:00\",\"dateModified\":\"2026-02-01T22:44:02+00:00\",\"description\":\"Rafko Irgoli\u010d v knjigi\u00a0Nepozabno \u017eivljenje razgrinja svojo pevsko pot, med spomine pa vpleta tudi svoje dru\u017einsko \u017eivljenje, ki sta ga stkala z \u017eeno Nado.\",\"breadcrumb\":{\"@id\":\"https:\/\/www.iskreni.net\/trgovina\/product\/nepozabno-zivljenje\/#breadcrumb\"},\"inLanguage\":\"sl-SI\",\"potentialAction\":[{\"@type\":\"ReadAction\",\"target\":[\"https:\/\/www.iskreni.net\/trgovina\/product\/nepozabno-zivljenje\/\"]}]},{\"@type\":\"ImageObject\",\"inLanguage\":\"sl-SI\",\"@id\":\"https:\/\/www.iskreni.net\/trgovina\/product\/nepozabno-zivljenje\/#primaryimage\",\"url\":\"https:\/\/www.iskreni.net\/trgovina\/wp-content\/uploads\/2023\/10\/nepozabno-zivlj-3D-1.jpg\",\"contentUrl\":\"https:\/\/www.iskreni.net\/trgovina\/wp-content\/uploads\/2023\/10\/nepozabno-zivlj-3D-1.jpg\",\"width\":1772,\"height\":1772,\"caption\":\"Nepozabno \u017eivljenje\"},{\"@type\":\"BreadcrumbList\",\"@id\":\"https:\/\/www.iskreni.net\/trgovina\/product\/nepozabno-zivljenje\/#breadcrumb\",\"itemListElement\":[{\"@type\":\"ListItem\",\"position\":1,\"name\":\"Home\",\"item\":\"https:\/\/www.iskreni.net\/trgovina\/\"},{\"@type\":\"ListItem\",\"position\":2,\"name\":\"Trgovina\",\"item\":\"https:\/\/www.iskreni.net\/trgovina\/trgovina\/\"},{\"@type\":\"ListItem\",\"position\":3,\"name\":\"Nepozabno \u017eivljenje: \u017divljenje in delo priljubljenega pevca Rafka Irgoli\u010da\"}]},{\"@type\":\"WebSite\",\"@id\":\"https:\/\/www.iskreni.net\/trgovina\/#website\",\"url\":\"https:\/\/www.iskreni.net\/trgovina\/\",\"name\":\"Zavod Iskreni\",\"description\":\"trgovina\",\"potentialAction\":[{\"@type\":\"SearchAction\",\"target\":{\"@type\":\"EntryPoint\",\"urlTemplate\":\"https:\/\/www.iskreni.net\/trgovina\/?s={search_term_string}\"},\"query-input\":{\"@type\":\"PropertyValueSpecification\",\"valueRequired\":true,\"valueName\":\"search_term_string\"}}],\"inLanguage\":\"sl-SI\"}]}<\/script>\n<!-- \/ Yoast SEO plugin. -->","yoast_head_json":{"title":"Ivan Sivec - Nepozabno \u017eivljenje - biografija Rafka Irgoli\u010da","description":"Rafko Irgoli\u010d v knjigi\u00a0Nepozabno \u017eivljenje razgrinja svojo pevsko pot, med spomine pa vpleta tudi svoje dru\u017einsko \u017eivljenje, ki sta ga stkala z \u017eeno Nado.","robots":{"index":"index","follow":"follow","max-snippet":"max-snippet:-1","max-image-preview":"max-image-preview:large","max-video-preview":"max-video-preview:-1"},"canonical":"https:\/\/www.iskreni.net\/trgovina\/product\/nepozabno-zivljenje\/","og_locale":"sl_SI","og_type":"article","og_title":"Nepozabno \u017eivljenje","og_description":"Rafko Irgoli\u010d v knjigi\u00a0Nepozabno \u017eivljenje razgrinja svojo pevsko pot, med spomine pa vpleta tudi svoje dru\u017einsko \u017eivljenje, ki sta ga stkala z \u017eeno Nado.","og_url":"https:\/\/www.iskreni.net\/trgovina\/product\/nepozabno-zivljenje\/","og_site_name":"Zavod Iskreni","article_modified_time":"2026-02-01T22:44:02+00:00","og_image":[{"width":1772,"height":1772,"url":"https:\/\/www.iskreni.net\/trgovina\/wp-content\/uploads\/2023\/10\/nepozabno-zivlj-3D-1.jpg","type":"image\/jpeg"}],"twitter_card":"summary_large_image","twitter_misc":{"Est. reading time":"5 minut"},"schema":{"@context":"https:\/\/schema.org","@graph":[{"@type":"WebPage","@id":"https:\/\/www.iskreni.net\/trgovina\/product\/nepozabno-zivljenje\/","url":"https:\/\/www.iskreni.net\/trgovina\/product\/nepozabno-zivljenje\/","name":"Ivan Sivec - Nepozabno \u017eivljenje - biografija Rafka Irgoli\u010da","isPartOf":{"@id":"https:\/\/www.iskreni.net\/trgovina\/#website"},"primaryImageOfPage":{"@id":"https:\/\/www.iskreni.net\/trgovina\/product\/nepozabno-zivljenje\/#primaryimage"},"image":{"@id":"https:\/\/www.iskreni.net\/trgovina\/product\/nepozabno-zivljenje\/#primaryimage"},"thumbnailUrl":"https:\/\/www.iskreni.net\/trgovina\/wp-content\/uploads\/2023\/10\/nepozabno-zivlj-3D-1.jpg","datePublished":"2023-11-08T23:01:17+00:00","dateModified":"2026-02-01T22:44:02+00:00","description":"Rafko Irgoli\u010d v knjigi\u00a0Nepozabno \u017eivljenje razgrinja svojo pevsko pot, med spomine pa vpleta tudi svoje dru\u017einsko \u017eivljenje, ki sta ga stkala z \u017eeno Nado.","breadcrumb":{"@id":"https:\/\/www.iskreni.net\/trgovina\/product\/nepozabno-zivljenje\/#breadcrumb"},"inLanguage":"sl-SI","potentialAction":[{"@type":"ReadAction","target":["https:\/\/www.iskreni.net\/trgovina\/product\/nepozabno-zivljenje\/"]}]},{"@type":"ImageObject","inLanguage":"sl-SI","@id":"https:\/\/www.iskreni.net\/trgovina\/product\/nepozabno-zivljenje\/#primaryimage","url":"https:\/\/www.iskreni.net\/trgovina\/wp-content\/uploads\/2023\/10\/nepozabno-zivlj-3D-1.jpg","contentUrl":"https:\/\/www.iskreni.net\/trgovina\/wp-content\/uploads\/2023\/10\/nepozabno-zivlj-3D-1.jpg","width":1772,"height":1772,"caption":"Nepozabno \u017eivljenje"},{"@type":"BreadcrumbList","@id":"https:\/\/www.iskreni.net\/trgovina\/product\/nepozabno-zivljenje\/#breadcrumb","itemListElement":[{"@type":"ListItem","position":1,"name":"Home","item":"https:\/\/www.iskreni.net\/trgovina\/"},{"@type":"ListItem","position":2,"name":"Trgovina","item":"https:\/\/www.iskreni.net\/trgovina\/trgovina\/"},{"@type":"ListItem","position":3,"name":"Nepozabno \u017eivljenje: \u017divljenje in delo priljubljenega pevca Rafka Irgoli\u010da"}]},{"@type":"WebSite","@id":"https:\/\/www.iskreni.net\/trgovina\/#website","url":"https:\/\/www.iskreni.net\/trgovina\/","name":"Zavod Iskreni","description":"trgovina","potentialAction":[{"@type":"SearchAction","target":{"@type":"EntryPoint","urlTemplate":"https:\/\/www.iskreni.net\/trgovina\/?s={search_term_string}"},"query-input":{"@type":"PropertyValueSpecification","valueRequired":true,"valueName":"search_term_string"}}],"inLanguage":"sl-SI"}]}},"_links":{"self":[{"href":"https:\/\/www.iskreni.net\/trgovina\/wp-json\/wp\/v2\/product\/70384","targetHints":{"allow":["GET"]}}],"collection":[{"href":"https:\/\/www.iskreni.net\/trgovina\/wp-json\/wp\/v2\/product"}],"about":[{"href":"https:\/\/www.iskreni.net\/trgovina\/wp-json\/wp\/v2\/types\/product"}],"replies":[{"embeddable":true,"href":"https:\/\/www.iskreni.net\/trgovina\/wp-json\/wp\/v2\/comments?post=70384"}],"version-history":[{"count":9,"href":"https:\/\/www.iskreni.net\/trgovina\/wp-json\/wp\/v2\/product\/70384\/revisions"}],"predecessor-version":[{"id":70602,"href":"https:\/\/www.iskreni.net\/trgovina\/wp-json\/wp\/v2\/product\/70384\/revisions\/70602"}],"wp:featuredmedia":[{"embeddable":true,"href":"https:\/\/www.iskreni.net\/trgovina\/wp-json\/wp\/v2\/media\/70447"}],"wp:attachment":[{"href":"https:\/\/www.iskreni.net\/trgovina\/wp-json\/wp\/v2\/media?parent=70384"}],"wp:term":[{"taxonomy":"product_brand","embeddable":true,"href":"https:\/\/www.iskreni.net\/trgovina\/wp-json\/wp\/v2\/product_brand?post=70384"},{"taxonomy":"product_cat","embeddable":true,"href":"https:\/\/www.iskreni.net\/trgovina\/wp-json\/wp\/v2\/product_cat?post=70384"},{"taxonomy":"product_tag","embeddable":true,"href":"https:\/\/www.iskreni.net\/trgovina\/wp-json\/wp\/v2\/product_tag?post=70384"},{"taxonomy":"avtor","embeddable":true,"href":"https:\/\/www.iskreni.net\/trgovina\/wp-json\/wp\/v2\/avtor?post=70384"},{"taxonomy":"zalozba","embeddable":true,"href":"https:\/\/www.iskreni.net\/trgovina\/wp-json\/wp\/v2\/zalozba?post=70384"},{"taxonomy":"vezava","embeddable":true,"href":"https:\/\/www.iskreni.net\/trgovina\/wp-json\/wp\/v2\/vezava?post=70384"}],"curies":[{"name":"wp","href":"https:\/\/api.w.org\/{rel}","templated":true}]}}