{"id":7022,"date":"2020-02-12T23:41:40","date_gmt":"2020-02-12T22:41:40","guid":{"rendered":"https:\/\/www.iskreni.net\/trgovina\/?post_type=product&#038;p=7022"},"modified":"2024-10-04T11:34:49","modified_gmt":"2024-10-04T09:34:49","slug":"pet-jezikov-ljubezni-skrivnost-trajne-ljubezni","status":"publish","type":"product","link":"https:\/\/www.iskreni.net\/trgovina\/product\/pet-jezikov-ljubezni-skrivnost-trajne-ljubezni\/","title":{"rendered":"5 jezikov ljubezni &#8211; Skrivnost trajne ljubezni"},"content":{"rendered":"<h4>O knjigi\u00a0<b><em>5 jezikov ljubezni: Skrivnost trajne ljubezni<\/em> \u2013 posodobljena izdaja:<\/b><\/h4>\n<p>Ker ljudje izra\u017eamo in sprejemamo ljubezen na razli\u010dne na\u010dine, prihaja med nami do moten in kratkih stikov. Partner na\u0161e globoke naklonjenosti ne razume kot dajanje ljubezni. Ker na\u0161ega akta ljubezni ne prepozna kot takega, se mu zdi, da ga sploh ne ljubimo in ostaja hladen. To pa s\u010dasoma odbije tudi nas. Posledica je, da si postanemo vedno bolj tuji. Svojega partnerja posku\u0161ate nagovoriti v ljubezenskem jeziku. Pripravite mu izvrstno ve\u010derjo, pravo kulinari\u010dno presene\u010denje. A reagira nezainteresirano in sivo. Cvetni \u0161opek vam ne more pribli\u017eati va\u0161e partnerice, pa \u010deprav ste ga nabrali sami. Ne pove ji, da jo resni\u010dno ljubite. Ste pomislili, da mogo\u010de va\u0161 \u017eivljenjski sopotnik potrebuje \u00bble\u00ab vzpodbudno besedo. Morda bi izbranka va\u0161ega srca rada pre\u017eivela ve\u010d \u010dasa sama z vami &#8211; brez otrok in televizije.<\/p>\n<p>Vpra\u0161anje, ki si ga v svoji knjigi zastavlja Gary Chapman je: Ali \u017eivljenjska sopotnika govorita isti jezik ljubezni? \u017dal je odgovor vse prepogosto: Ne! Od tod izvira veliko te\u017eav, ki lomijo partnerske odnose. A te niso nepremagljive. Avtor razlikuje pet na\u010dinov sprejemanja drugega, pet jezikov ljubezni: posve\u010den \u010das, besede potrditve, darila, usluge in dotik. Le priu\u010diti se je treba na\u010dina, kako prepoznati jezik va\u0161ega najbli\u017ejega sopotnika\/sopotnice.<\/p>\n<p>&nbsp;<\/p>\n<h4>O avtorju:<\/h4>\n<p>Dr. Gary Chapman je s svojo metodo petih jezikov ljubezni navdu\u0161il bralce vsepovsod po svetu zaradi preprostega recepta, kako odkriti klju\u010d trajnega in ljube\u010dega zakona. Po dolgoletnem svetovanju zakoncem je ugotovil, da obstaja pet \u010dustvenih jezikov ljubezni \u2013 pet na\u010dinov, kako ljudje izra\u017eajo in razumejo ljubezen.<\/p>\n<p><a href=\"https:\/\/www.iskreni.net\/trgovina\/wp-content\/uploads\/2024\/01\/pet-jezikov-ljubezni.pdf\">Prelistajte knjigo:<\/a><\/p>\n<h4>Odlomek iz knjige:<\/h4>\n<p><em>Mo\u017e in \u017eena redko govorita isti prvi jezik ljubezni. Obi\u010dajno govorimo svoj prvi jezik ljubezni, zato nas zmede, ko sozakonec ne razume, kaj mu sporo\u010damo. Izra\u017eamo ljubezen, sporo\u010dilo pa ne pride do sogovornika, ker govorimo njemu tuj jezik. Tu se skriva temeljna te\u017eava, namen knjige pa je ponuditi re\u0161itev. Zato sem si drznil napisati \u0161e eno knjigo o ljubezni. Ko bomo odkrili pet osnovnih jezikov ljubezni ter razumeli svoj in sozakon\u010dev prvi jezik ljubezni, bomo imeli potrebne podatke za uporabo predlogov iz knjig in \u010dlankov. <\/em><br \/>\n<em>Ko boste prepoznali sozakon\u010dev prvi jezik ljubezni in se ga nau\u010dili govoriti, boste po mojem mnenju odkrili klju\u010d trajnega in ljube\u010dega zakona. Ni treba, da se ljubezen po poroki razblini, toda \u010de jo ho\u010demo ohranjati, se bo ve\u010dina med nami morala potruditi, da se bomo nau\u010dili drugega jezika ljubezni. Ne smemo se zana\u0161ati na svoj prvi jezik, \u010de ga sozakonec ne razume. \u010ce ho\u010demo, da bo ob\u010dutil ljubezen, ki jo \u017eelimo izkazati, jo moramo izra\u017eati v njegovem prvem jeziku ljubezni. <\/em><\/p>\n","protected":false},"excerpt":{"rendered":"<p><strong>Prevod:<\/strong> Klementina Logar<br \/>\n<strong>\u0160tevilo strani: <\/strong>196<br \/>\n<strong>Leto izdaje:<\/strong> 2017<\/p>\n<p><a href=\"https:\/\/www.iskreni.net\/trgovina\/wp-content\/uploads\/2024\/01\/pet-jezikov-ljubezni.pdf\">Prelistajte knjigo<\/a><\/p>\n<p>Hrepenenje po romanti\u010dni ljubezni v zakonu je globoko zakoreninjeno v na\u0161o du\u0161evnost. Ogromno knjig govori o tej temi. Z njo se ukvarjajo v televizijskih in radijskih pogovornih oddajah. Na spletu mrgoli nasvetov. Ohranjanje ljubezni v zakonu je resen posel.<\/p>\n","protected":false},"featured_media":5997,"comment_status":"open","ping_status":"closed","template":"","meta":[],"product_brand":[],"product_cat":[2322,63],"product_tag":[654,410],"avtor":[2366],"zalozba":[2311],"vezava":[2306],"class_list":{"0":"post-7022","1":"product","2":"type-product","3":"status-publish","4":"has-post-thumbnail","6":"product_cat-druzina-in-odnosi","7":"product_cat-knjige","8":"product_tag-pet-jezikov-ljubezni","9":"product_tag-poroka","10":"avtor-gary-chapman","11":"zalozba-druzina","12":"vezava-trda","14":"first","15":"instock","16":"taxable","17":"shipping-taxable","18":"purchasable","19":"product-type-simple"},"yoast_head":"<!-- This site is optimized with the Yoast SEO plugin v26.3 - https:\/\/yoast.com\/wordpress\/plugins\/seo\/ -->\n<title>Gary Chapman: Pet jezikov ljubezni - trgovina Iskreni<\/title>\n<meta name=\"description\" content=\"Gary Chapman v knjigi Pet jezikov ljubezni razkriva u\u010dinkovit recept za ljube\u010d zakon. Klju\u010d do uspeha je, da se nau\u010dimo jezika ljubezni svojega partnerja.\" \/>\n<meta name=\"robots\" content=\"index, follow, max-snippet:-1, max-image-preview:large, max-video-preview:-1\" \/>\n<link rel=\"canonical\" href=\"https:\/\/www.iskreni.net\/trgovina\/product\/pet-jezikov-ljubezni-skrivnost-trajne-ljubezni\/\" \/>\n<meta property=\"og:locale\" content=\"sl_SI\" \/>\n<meta property=\"og:type\" content=\"article\" \/>\n<meta property=\"og:title\" content=\"Gary Chapman: Pet jezikov ljubezni - trgovina Iskreni\" \/>\n<meta property=\"og:description\" content=\"Gary Chapman v knjigi Pet jezikov ljubezni razkriva u\u010dinkovit recept za ljube\u010d zakon. Klju\u010d do uspeha je, da se nau\u010dimo jezika ljubezni svojega partnerja.\" \/>\n<meta property=\"og:url\" content=\"https:\/\/www.iskreni.net\/trgovina\/product\/pet-jezikov-ljubezni-skrivnost-trajne-ljubezni\/\" \/>\n<meta property=\"og:site_name\" content=\"Zavod Iskreni\" \/>\n<meta property=\"article:modified_time\" content=\"2024-10-04T09:34:49+00:00\" \/>\n<meta property=\"og:image\" content=\"https:\/\/www.iskreni.net\/trgovina\/wp-content\/uploads\/2018\/11\/5-jezikov-ljubezni-1.jpg\" \/>\n\t<meta property=\"og:image:width\" content=\"627\" \/>\n\t<meta property=\"og:image:height\" content=\"627\" \/>\n\t<meta property=\"og:image:type\" content=\"image\/jpeg\" \/>\n<meta name=\"twitter:card\" content=\"summary_large_image\" \/>\n<meta name=\"twitter:label1\" content=\"Est. reading time\" \/>\n\t<meta name=\"twitter:data1\" content=\"3 minute\" \/>\n<script type=\"application\/ld+json\" class=\"yoast-schema-graph\">{\"@context\":\"https:\/\/schema.org\",\"@graph\":[{\"@type\":\"WebPage\",\"@id\":\"https:\/\/www.iskreni.net\/trgovina\/product\/pet-jezikov-ljubezni-skrivnost-trajne-ljubezni\/\",\"url\":\"https:\/\/www.iskreni.net\/trgovina\/product\/pet-jezikov-ljubezni-skrivnost-trajne-ljubezni\/\",\"name\":\"Gary Chapman: Pet jezikov ljubezni - trgovina Iskreni\",\"isPartOf\":{\"@id\":\"https:\/\/www.iskreni.net\/trgovina\/#website\"},\"primaryImageOfPage\":{\"@id\":\"https:\/\/www.iskreni.net\/trgovina\/product\/pet-jezikov-ljubezni-skrivnost-trajne-ljubezni\/#primaryimage\"},\"image\":{\"@id\":\"https:\/\/www.iskreni.net\/trgovina\/product\/pet-jezikov-ljubezni-skrivnost-trajne-ljubezni\/#primaryimage\"},\"thumbnailUrl\":\"https:\/\/www.iskreni.net\/trgovina\/wp-content\/uploads\/2018\/11\/5-jezikov-ljubezni-1.jpg\",\"datePublished\":\"2020-02-12T22:41:40+00:00\",\"dateModified\":\"2024-10-04T09:34:49+00:00\",\"description\":\"Gary Chapman v knjigi Pet jezikov ljubezni razkriva u\u010dinkovit recept za ljube\u010d zakon. Klju\u010d do uspeha je, da se nau\u010dimo jezika ljubezni svojega partnerja.\",\"breadcrumb\":{\"@id\":\"https:\/\/www.iskreni.net\/trgovina\/product\/pet-jezikov-ljubezni-skrivnost-trajne-ljubezni\/#breadcrumb\"},\"inLanguage\":\"sl-SI\",\"potentialAction\":[{\"@type\":\"ReadAction\",\"target\":[\"https:\/\/www.iskreni.net\/trgovina\/product\/pet-jezikov-ljubezni-skrivnost-trajne-ljubezni\/\"]}]},{\"@type\":\"ImageObject\",\"inLanguage\":\"sl-SI\",\"@id\":\"https:\/\/www.iskreni.net\/trgovina\/product\/pet-jezikov-ljubezni-skrivnost-trajne-ljubezni\/#primaryimage\",\"url\":\"https:\/\/www.iskreni.net\/trgovina\/wp-content\/uploads\/2018\/11\/5-jezikov-ljubezni-1.jpg\",\"contentUrl\":\"https:\/\/www.iskreni.net\/trgovina\/wp-content\/uploads\/2018\/11\/5-jezikov-ljubezni-1.jpg\",\"width\":627,\"height\":627,\"caption\":\"Pet jezikov ljubezni\"},{\"@type\":\"BreadcrumbList\",\"@id\":\"https:\/\/www.iskreni.net\/trgovina\/product\/pet-jezikov-ljubezni-skrivnost-trajne-ljubezni\/#breadcrumb\",\"itemListElement\":[{\"@type\":\"ListItem\",\"position\":1,\"name\":\"Home\",\"item\":\"https:\/\/www.iskreni.net\/trgovina\/\"},{\"@type\":\"ListItem\",\"position\":2,\"name\":\"Trgovina\",\"item\":\"https:\/\/www.iskreni.net\/trgovina\/trgovina\/\"},{\"@type\":\"ListItem\",\"position\":3,\"name\":\"5 jezikov ljubezni &#8211; Skrivnost trajne ljubezni\"}]},{\"@type\":\"WebSite\",\"@id\":\"https:\/\/www.iskreni.net\/trgovina\/#website\",\"url\":\"https:\/\/www.iskreni.net\/trgovina\/\",\"name\":\"Zavod Iskreni\",\"description\":\"trgovina\",\"potentialAction\":[{\"@type\":\"SearchAction\",\"target\":{\"@type\":\"EntryPoint\",\"urlTemplate\":\"https:\/\/www.iskreni.net\/trgovina\/?s={search_term_string}\"},\"query-input\":{\"@type\":\"PropertyValueSpecification\",\"valueRequired\":true,\"valueName\":\"search_term_string\"}}],\"inLanguage\":\"sl-SI\"}]}<\/script>\n<!-- \/ Yoast SEO plugin. -->","yoast_head_json":{"title":"Gary Chapman: Pet jezikov ljubezni - trgovina Iskreni","description":"Gary Chapman v knjigi Pet jezikov ljubezni razkriva u\u010dinkovit recept za ljube\u010d zakon. Klju\u010d do uspeha je, da se nau\u010dimo jezika ljubezni svojega partnerja.","robots":{"index":"index","follow":"follow","max-snippet":"max-snippet:-1","max-image-preview":"max-image-preview:large","max-video-preview":"max-video-preview:-1"},"canonical":"https:\/\/www.iskreni.net\/trgovina\/product\/pet-jezikov-ljubezni-skrivnost-trajne-ljubezni\/","og_locale":"sl_SI","og_type":"article","og_title":"Gary Chapman: Pet jezikov ljubezni - trgovina Iskreni","og_description":"Gary Chapman v knjigi Pet jezikov ljubezni razkriva u\u010dinkovit recept za ljube\u010d zakon. Klju\u010d do uspeha je, da se nau\u010dimo jezika ljubezni svojega partnerja.","og_url":"https:\/\/www.iskreni.net\/trgovina\/product\/pet-jezikov-ljubezni-skrivnost-trajne-ljubezni\/","og_site_name":"Zavod Iskreni","article_modified_time":"2024-10-04T09:34:49+00:00","og_image":[{"width":627,"height":627,"url":"https:\/\/www.iskreni.net\/trgovina\/wp-content\/uploads\/2018\/11\/5-jezikov-ljubezni-1.jpg","type":"image\/jpeg"}],"twitter_card":"summary_large_image","twitter_misc":{"Est. reading time":"3 minute"},"schema":{"@context":"https:\/\/schema.org","@graph":[{"@type":"WebPage","@id":"https:\/\/www.iskreni.net\/trgovina\/product\/pet-jezikov-ljubezni-skrivnost-trajne-ljubezni\/","url":"https:\/\/www.iskreni.net\/trgovina\/product\/pet-jezikov-ljubezni-skrivnost-trajne-ljubezni\/","name":"Gary Chapman: Pet jezikov ljubezni - trgovina Iskreni","isPartOf":{"@id":"https:\/\/www.iskreni.net\/trgovina\/#website"},"primaryImageOfPage":{"@id":"https:\/\/www.iskreni.net\/trgovina\/product\/pet-jezikov-ljubezni-skrivnost-trajne-ljubezni\/#primaryimage"},"image":{"@id":"https:\/\/www.iskreni.net\/trgovina\/product\/pet-jezikov-ljubezni-skrivnost-trajne-ljubezni\/#primaryimage"},"thumbnailUrl":"https:\/\/www.iskreni.net\/trgovina\/wp-content\/uploads\/2018\/11\/5-jezikov-ljubezni-1.jpg","datePublished":"2020-02-12T22:41:40+00:00","dateModified":"2024-10-04T09:34:49+00:00","description":"Gary Chapman v knjigi Pet jezikov ljubezni razkriva u\u010dinkovit recept za ljube\u010d zakon. Klju\u010d do uspeha je, da se nau\u010dimo jezika ljubezni svojega partnerja.","breadcrumb":{"@id":"https:\/\/www.iskreni.net\/trgovina\/product\/pet-jezikov-ljubezni-skrivnost-trajne-ljubezni\/#breadcrumb"},"inLanguage":"sl-SI","potentialAction":[{"@type":"ReadAction","target":["https:\/\/www.iskreni.net\/trgovina\/product\/pet-jezikov-ljubezni-skrivnost-trajne-ljubezni\/"]}]},{"@type":"ImageObject","inLanguage":"sl-SI","@id":"https:\/\/www.iskreni.net\/trgovina\/product\/pet-jezikov-ljubezni-skrivnost-trajne-ljubezni\/#primaryimage","url":"https:\/\/www.iskreni.net\/trgovina\/wp-content\/uploads\/2018\/11\/5-jezikov-ljubezni-1.jpg","contentUrl":"https:\/\/www.iskreni.net\/trgovina\/wp-content\/uploads\/2018\/11\/5-jezikov-ljubezni-1.jpg","width":627,"height":627,"caption":"Pet jezikov ljubezni"},{"@type":"BreadcrumbList","@id":"https:\/\/www.iskreni.net\/trgovina\/product\/pet-jezikov-ljubezni-skrivnost-trajne-ljubezni\/#breadcrumb","itemListElement":[{"@type":"ListItem","position":1,"name":"Home","item":"https:\/\/www.iskreni.net\/trgovina\/"},{"@type":"ListItem","position":2,"name":"Trgovina","item":"https:\/\/www.iskreni.net\/trgovina\/trgovina\/"},{"@type":"ListItem","position":3,"name":"5 jezikov ljubezni &#8211; Skrivnost trajne ljubezni"}]},{"@type":"WebSite","@id":"https:\/\/www.iskreni.net\/trgovina\/#website","url":"https:\/\/www.iskreni.net\/trgovina\/","name":"Zavod Iskreni","description":"trgovina","potentialAction":[{"@type":"SearchAction","target":{"@type":"EntryPoint","urlTemplate":"https:\/\/www.iskreni.net\/trgovina\/?s={search_term_string}"},"query-input":{"@type":"PropertyValueSpecification","valueRequired":true,"valueName":"search_term_string"}}],"inLanguage":"sl-SI"}]}},"_links":{"self":[{"href":"https:\/\/www.iskreni.net\/trgovina\/wp-json\/wp\/v2\/product\/7022","targetHints":{"allow":["GET"]}}],"collection":[{"href":"https:\/\/www.iskreni.net\/trgovina\/wp-json\/wp\/v2\/product"}],"about":[{"href":"https:\/\/www.iskreni.net\/trgovina\/wp-json\/wp\/v2\/types\/product"}],"replies":[{"embeddable":true,"href":"https:\/\/www.iskreni.net\/trgovina\/wp-json\/wp\/v2\/comments?post=7022"}],"version-history":[{"count":4,"href":"https:\/\/www.iskreni.net\/trgovina\/wp-json\/wp\/v2\/product\/7022\/revisions"}],"predecessor-version":[{"id":72374,"href":"https:\/\/www.iskreni.net\/trgovina\/wp-json\/wp\/v2\/product\/7022\/revisions\/72374"}],"wp:featuredmedia":[{"embeddable":true,"href":"https:\/\/www.iskreni.net\/trgovina\/wp-json\/wp\/v2\/media\/5997"}],"wp:attachment":[{"href":"https:\/\/www.iskreni.net\/trgovina\/wp-json\/wp\/v2\/media?parent=7022"}],"wp:term":[{"taxonomy":"product_brand","embeddable":true,"href":"https:\/\/www.iskreni.net\/trgovina\/wp-json\/wp\/v2\/product_brand?post=7022"},{"taxonomy":"product_cat","embeddable":true,"href":"https:\/\/www.iskreni.net\/trgovina\/wp-json\/wp\/v2\/product_cat?post=7022"},{"taxonomy":"product_tag","embeddable":true,"href":"https:\/\/www.iskreni.net\/trgovina\/wp-json\/wp\/v2\/product_tag?post=7022"},{"taxonomy":"avtor","embeddable":true,"href":"https:\/\/www.iskreni.net\/trgovina\/wp-json\/wp\/v2\/avtor?post=7022"},{"taxonomy":"zalozba","embeddable":true,"href":"https:\/\/www.iskreni.net\/trgovina\/wp-json\/wp\/v2\/zalozba?post=7022"},{"taxonomy":"vezava","embeddable":true,"href":"https:\/\/www.iskreni.net\/trgovina\/wp-json\/wp\/v2\/vezava?post=7022"}],"curies":[{"name":"wp","href":"https:\/\/api.w.org\/{rel}","templated":true}]}}