{"id":70029,"date":"2023-10-18T11:37:06","date_gmt":"2023-10-18T09:37:06","guid":{"rendered":"https:\/\/www.iskreni.net\/trgovina\/?post_type=product&#038;p=70029"},"modified":"2023-10-18T11:48:04","modified_gmt":"2023-10-18T09:48:04","slug":"kako-izdelati-ptico","status":"publish","type":"product","link":"https:\/\/www.iskreni.net\/trgovina\/product\/kako-izdelati-ptico\/","title":{"rendered":"Kako izdelati ptico"},"content":{"rendered":"<h4>O knjigi Kako izdelati ptico<\/h4>\n<p>Kako izdelati ptico \u2026 Krila, ki si jih oblikoval s toliko pozornosti, se bodo povsem narahlo razprla. Tvoja ptica bo zadrhtela, ko se bo njeno drobno, urno srce napolnilo s sanjami, ki jih zmore sanjati le ptica.<\/p>\n<p>Z nagrajenima umetnikoma Meg McKinlay in Mattom Ottleyjem zapluj na krilih domi\u0161ljije, sr\u010dnosti in \u010darovnije.<\/p>\n","protected":false},"excerpt":{"rendered":"<p><strong>Prevod:<\/strong> Tja\u0161a Koprivec Vuga<br \/>\n<strong>\u0160tevilo strani:<\/strong> 40<br \/>\n<strong>Leto izdaje:<\/strong> 2023<br \/>\n<strong>Mere:<\/strong> 25 x 27,5 cm<\/p>\n<p>&nbsp;<\/p>\n","protected":false},"featured_media":70012,"comment_status":"open","ping_status":"closed","template":"","meta":[],"product_brand":[],"product_cat":[63,135],"product_tag":[],"avtor":[2458,2457],"zalozba":[2360],"vezava":[2306],"class_list":{"0":"post-70029","1":"product","2":"type-product","3":"status-publish","4":"has-post-thumbnail","6":"product_cat-knjige","7":"product_cat-za-otroke","8":"avtor-matt-otley","9":"avtor-meg-mckinlay","10":"zalozba-morfem","11":"vezava-trda","13":"first","14":"onbackorder","15":"taxable","16":"shipping-taxable","17":"purchasable","18":"product-type-simple"},"yoast_head":"<!-- This site is optimized with the Yoast SEO plugin v26.3 - https:\/\/yoast.com\/wordpress\/plugins\/seo\/ -->\n<title>Kako izdelati ptico - trgovina Iskreni<\/title>\n<meta name=\"description\" content=\"Kako izdelati ptico? S krili domi\u0161ljije in sr\u010dnosti. Tvoja ptica bo zadrhtela, ko se bo njeno srce napolnilo s sanjami, ki jih zmore sanjati le ptica.\" \/>\n<meta name=\"robots\" content=\"index, follow, max-snippet:-1, max-image-preview:large, max-video-preview:-1\" \/>\n<link rel=\"canonical\" href=\"https:\/\/www.iskreni.net\/trgovina\/product\/kako-izdelati-ptico\/\" \/>\n<meta property=\"og:locale\" content=\"sl_SI\" \/>\n<meta property=\"og:type\" content=\"article\" \/>\n<meta property=\"og:title\" content=\"Kako izdelati ptico\" \/>\n<meta property=\"og:description\" content=\"Kako izdelati ptico? S krili domi\u0161ljije in sr\u010dnosti. Tvoja ptica bo zadrhtela, ko se bo njeno srce napolnilo s sanjami, ki jih zmore sanjati le ptica.\" \/>\n<meta property=\"og:url\" content=\"https:\/\/www.iskreni.net\/trgovina\/product\/kako-izdelati-ptico\/\" \/>\n<meta property=\"og:site_name\" content=\"Zavod Iskreni\" \/>\n<meta property=\"article:modified_time\" content=\"2023-10-18T09:48:04+00:00\" \/>\n<meta property=\"og:image\" content=\"https:\/\/www.iskreni.net\/trgovina\/wp-content\/uploads\/2023\/10\/2.jpg\" \/>\n\t<meta property=\"og:image:width\" content=\"600\" \/>\n\t<meta property=\"og:image:height\" content=\"600\" \/>\n\t<meta property=\"og:image:type\" content=\"image\/jpeg\" \/>\n<meta name=\"twitter:card\" content=\"summary_large_image\" \/>\n<meta name=\"twitter:label1\" content=\"Est. reading time\" \/>\n\t<meta name=\"twitter:data1\" content=\"1 minuta\" \/>\n<script type=\"application\/ld+json\" class=\"yoast-schema-graph\">{\"@context\":\"https:\/\/schema.org\",\"@graph\":[{\"@type\":\"WebPage\",\"@id\":\"https:\/\/www.iskreni.net\/trgovina\/product\/kako-izdelati-ptico\/\",\"url\":\"https:\/\/www.iskreni.net\/trgovina\/product\/kako-izdelati-ptico\/\",\"name\":\"Kako izdelati ptico - trgovina Iskreni\",\"isPartOf\":{\"@id\":\"https:\/\/www.iskreni.net\/trgovina\/#website\"},\"primaryImageOfPage\":{\"@id\":\"https:\/\/www.iskreni.net\/trgovina\/product\/kako-izdelati-ptico\/#primaryimage\"},\"image\":{\"@id\":\"https:\/\/www.iskreni.net\/trgovina\/product\/kako-izdelati-ptico\/#primaryimage\"},\"thumbnailUrl\":\"https:\/\/www.iskreni.net\/trgovina\/wp-content\/uploads\/2023\/10\/2.jpg\",\"datePublished\":\"2023-10-18T09:37:06+00:00\",\"dateModified\":\"2023-10-18T09:48:04+00:00\",\"description\":\"Kako izdelati ptico? S krili domi\u0161ljije in sr\u010dnosti. Tvoja ptica bo zadrhtela, ko se bo njeno srce napolnilo s sanjami, ki jih zmore sanjati le ptica.\",\"breadcrumb\":{\"@id\":\"https:\/\/www.iskreni.net\/trgovina\/product\/kako-izdelati-ptico\/#breadcrumb\"},\"inLanguage\":\"sl-SI\",\"potentialAction\":[{\"@type\":\"ReadAction\",\"target\":[\"https:\/\/www.iskreni.net\/trgovina\/product\/kako-izdelati-ptico\/\"]}]},{\"@type\":\"ImageObject\",\"inLanguage\":\"sl-SI\",\"@id\":\"https:\/\/www.iskreni.net\/trgovina\/product\/kako-izdelati-ptico\/#primaryimage\",\"url\":\"https:\/\/www.iskreni.net\/trgovina\/wp-content\/uploads\/2023\/10\/2.jpg\",\"contentUrl\":\"https:\/\/www.iskreni.net\/trgovina\/wp-content\/uploads\/2023\/10\/2.jpg\",\"width\":600,\"height\":600},{\"@type\":\"BreadcrumbList\",\"@id\":\"https:\/\/www.iskreni.net\/trgovina\/product\/kako-izdelati-ptico\/#breadcrumb\",\"itemListElement\":[{\"@type\":\"ListItem\",\"position\":1,\"name\":\"Home\",\"item\":\"https:\/\/www.iskreni.net\/trgovina\/\"},{\"@type\":\"ListItem\",\"position\":2,\"name\":\"Trgovina\",\"item\":\"https:\/\/www.iskreni.net\/trgovina\/trgovina\/\"},{\"@type\":\"ListItem\",\"position\":3,\"name\":\"Kako izdelati ptico\"}]},{\"@type\":\"WebSite\",\"@id\":\"https:\/\/www.iskreni.net\/trgovina\/#website\",\"url\":\"https:\/\/www.iskreni.net\/trgovina\/\",\"name\":\"Zavod Iskreni\",\"description\":\"trgovina\",\"potentialAction\":[{\"@type\":\"SearchAction\",\"target\":{\"@type\":\"EntryPoint\",\"urlTemplate\":\"https:\/\/www.iskreni.net\/trgovina\/?s={search_term_string}\"},\"query-input\":{\"@type\":\"PropertyValueSpecification\",\"valueRequired\":true,\"valueName\":\"search_term_string\"}}],\"inLanguage\":\"sl-SI\"}]}<\/script>\n<!-- \/ Yoast SEO plugin. -->","yoast_head_json":{"title":"Kako izdelati ptico - trgovina Iskreni","description":"Kako izdelati ptico? S krili domi\u0161ljije in sr\u010dnosti. Tvoja ptica bo zadrhtela, ko se bo njeno srce napolnilo s sanjami, ki jih zmore sanjati le ptica.","robots":{"index":"index","follow":"follow","max-snippet":"max-snippet:-1","max-image-preview":"max-image-preview:large","max-video-preview":"max-video-preview:-1"},"canonical":"https:\/\/www.iskreni.net\/trgovina\/product\/kako-izdelati-ptico\/","og_locale":"sl_SI","og_type":"article","og_title":"Kako izdelati ptico","og_description":"Kako izdelati ptico? S krili domi\u0161ljije in sr\u010dnosti. Tvoja ptica bo zadrhtela, ko se bo njeno srce napolnilo s sanjami, ki jih zmore sanjati le ptica.","og_url":"https:\/\/www.iskreni.net\/trgovina\/product\/kako-izdelati-ptico\/","og_site_name":"Zavod Iskreni","article_modified_time":"2023-10-18T09:48:04+00:00","og_image":[{"width":600,"height":600,"url":"https:\/\/www.iskreni.net\/trgovina\/wp-content\/uploads\/2023\/10\/2.jpg","type":"image\/jpeg"}],"twitter_card":"summary_large_image","twitter_misc":{"Est. reading time":"1 minuta"},"schema":{"@context":"https:\/\/schema.org","@graph":[{"@type":"WebPage","@id":"https:\/\/www.iskreni.net\/trgovina\/product\/kako-izdelati-ptico\/","url":"https:\/\/www.iskreni.net\/trgovina\/product\/kako-izdelati-ptico\/","name":"Kako izdelati ptico - trgovina Iskreni","isPartOf":{"@id":"https:\/\/www.iskreni.net\/trgovina\/#website"},"primaryImageOfPage":{"@id":"https:\/\/www.iskreni.net\/trgovina\/product\/kako-izdelati-ptico\/#primaryimage"},"image":{"@id":"https:\/\/www.iskreni.net\/trgovina\/product\/kako-izdelati-ptico\/#primaryimage"},"thumbnailUrl":"https:\/\/www.iskreni.net\/trgovina\/wp-content\/uploads\/2023\/10\/2.jpg","datePublished":"2023-10-18T09:37:06+00:00","dateModified":"2023-10-18T09:48:04+00:00","description":"Kako izdelati ptico? S krili domi\u0161ljije in sr\u010dnosti. Tvoja ptica bo zadrhtela, ko se bo njeno srce napolnilo s sanjami, ki jih zmore sanjati le ptica.","breadcrumb":{"@id":"https:\/\/www.iskreni.net\/trgovina\/product\/kako-izdelati-ptico\/#breadcrumb"},"inLanguage":"sl-SI","potentialAction":[{"@type":"ReadAction","target":["https:\/\/www.iskreni.net\/trgovina\/product\/kako-izdelati-ptico\/"]}]},{"@type":"ImageObject","inLanguage":"sl-SI","@id":"https:\/\/www.iskreni.net\/trgovina\/product\/kako-izdelati-ptico\/#primaryimage","url":"https:\/\/www.iskreni.net\/trgovina\/wp-content\/uploads\/2023\/10\/2.jpg","contentUrl":"https:\/\/www.iskreni.net\/trgovina\/wp-content\/uploads\/2023\/10\/2.jpg","width":600,"height":600},{"@type":"BreadcrumbList","@id":"https:\/\/www.iskreni.net\/trgovina\/product\/kako-izdelati-ptico\/#breadcrumb","itemListElement":[{"@type":"ListItem","position":1,"name":"Home","item":"https:\/\/www.iskreni.net\/trgovina\/"},{"@type":"ListItem","position":2,"name":"Trgovina","item":"https:\/\/www.iskreni.net\/trgovina\/trgovina\/"},{"@type":"ListItem","position":3,"name":"Kako izdelati ptico"}]},{"@type":"WebSite","@id":"https:\/\/www.iskreni.net\/trgovina\/#website","url":"https:\/\/www.iskreni.net\/trgovina\/","name":"Zavod Iskreni","description":"trgovina","potentialAction":[{"@type":"SearchAction","target":{"@type":"EntryPoint","urlTemplate":"https:\/\/www.iskreni.net\/trgovina\/?s={search_term_string}"},"query-input":{"@type":"PropertyValueSpecification","valueRequired":true,"valueName":"search_term_string"}}],"inLanguage":"sl-SI"}]}},"_links":{"self":[{"href":"https:\/\/www.iskreni.net\/trgovina\/wp-json\/wp\/v2\/product\/70029","targetHints":{"allow":["GET"]}}],"collection":[{"href":"https:\/\/www.iskreni.net\/trgovina\/wp-json\/wp\/v2\/product"}],"about":[{"href":"https:\/\/www.iskreni.net\/trgovina\/wp-json\/wp\/v2\/types\/product"}],"replies":[{"embeddable":true,"href":"https:\/\/www.iskreni.net\/trgovina\/wp-json\/wp\/v2\/comments?post=70029"}],"version-history":[{"count":2,"href":"https:\/\/www.iskreni.net\/trgovina\/wp-json\/wp\/v2\/product\/70029\/revisions"}],"predecessor-version":[{"id":70032,"href":"https:\/\/www.iskreni.net\/trgovina\/wp-json\/wp\/v2\/product\/70029\/revisions\/70032"}],"wp:featuredmedia":[{"embeddable":true,"href":"https:\/\/www.iskreni.net\/trgovina\/wp-json\/wp\/v2\/media\/70012"}],"wp:attachment":[{"href":"https:\/\/www.iskreni.net\/trgovina\/wp-json\/wp\/v2\/media?parent=70029"}],"wp:term":[{"taxonomy":"product_brand","embeddable":true,"href":"https:\/\/www.iskreni.net\/trgovina\/wp-json\/wp\/v2\/product_brand?post=70029"},{"taxonomy":"product_cat","embeddable":true,"href":"https:\/\/www.iskreni.net\/trgovina\/wp-json\/wp\/v2\/product_cat?post=70029"},{"taxonomy":"product_tag","embeddable":true,"href":"https:\/\/www.iskreni.net\/trgovina\/wp-json\/wp\/v2\/product_tag?post=70029"},{"taxonomy":"avtor","embeddable":true,"href":"https:\/\/www.iskreni.net\/trgovina\/wp-json\/wp\/v2\/avtor?post=70029"},{"taxonomy":"zalozba","embeddable":true,"href":"https:\/\/www.iskreni.net\/trgovina\/wp-json\/wp\/v2\/zalozba?post=70029"},{"taxonomy":"vezava","embeddable":true,"href":"https:\/\/www.iskreni.net\/trgovina\/wp-json\/wp\/v2\/vezava?post=70029"}],"curies":[{"name":"wp","href":"https:\/\/api.w.org\/{rel}","templated":true}]}}