{"id":70023,"date":"2023-10-18T11:24:11","date_gmt":"2023-10-18T09:24:11","guid":{"rendered":"https:\/\/www.iskreni.net\/trgovina\/?post_type=product&#038;p=70023"},"modified":"2023-10-18T11:36:23","modified_gmt":"2023-10-18T09:36:23","slug":"cudo-je-padlo-z-neba","status":"publish","type":"product","link":"https:\/\/www.iskreni.net\/trgovina\/product\/cudo-je-padlo-z-neba\/","title":{"rendered":"\u010cudo je padlo z neba"},"content":{"rendered":"<h4>O knjigi \u010cudo je padlo z neba<\/h4>\n<p>V \u010detrtek je \u010dudo padlo z neba. Nih\u010de ni vedel, od kod izvira, in tudi ne, kaj natanko je. Toda strinjali so se, da zrejo v najosupljivej\u0161o stvar, kar so jih dotlej sre\u010dali.<\/p>\n<p>Elegantno ilustrirana slikanica govori o skupnosti, umetnosti in o pomembnosti tega, da dajemo, kar smo prejeli.<\/p>\n<p>Knjiga je prejela mnoge nagrade in priznanja.<\/p>\n<h5>Ogled slikanice v angle\u0161ki izdaji, prebirata jo avtorja, brata Terry in Eric Fan:<\/h5>\n<p><iframe title=\"It Fell From the Sky Read-Aloud with Authors Terry Fan and Eric Fan | Read &amp; Learn with Simon Kids\" width=\"640\" height=\"360\" src=\"https:\/\/www.youtube.com\/embed\/r07ho6YDwgo?feature=oembed\" frameborder=\"0\" allow=\"accelerometer; autoplay; clipboard-write; encrypted-media; gyroscope; picture-in-picture; web-share\" referrerpolicy=\"strict-origin-when-cross-origin\" allowfullscreen><\/iframe><\/p>\n","protected":false},"excerpt":{"rendered":"<p><strong>Prevod:<\/strong> Tja\u0161a Koprivec Vuga<br \/>\n<strong>\u0160tevilo strani:<\/strong> 56<br \/>\n<strong>Leto izdaje:<\/strong> 2023<br \/>\n<strong>Mere:<\/strong> 10,5 x 10,5 cm<\/p>\n<p>&nbsp;<\/p>\n","protected":false},"featured_media":70014,"comment_status":"open","ping_status":"closed","template":"","meta":[],"product_brand":[],"product_cat":[63,135],"product_tag":[],"avtor":[2439],"zalozba":[2360],"vezava":[2306],"class_list":{"0":"post-70023","1":"product","2":"type-product","3":"status-publish","4":"has-post-thumbnail","6":"product_cat-knjige","7":"product_cat-za-otroke","8":"avtor-brata-fan","9":"zalozba-morfem","10":"vezava-trda","12":"first","13":"onbackorder","14":"taxable","15":"shipping-taxable","16":"purchasable","17":"product-type-simple"},"yoast_head":"<!-- This site is optimized with the Yoast SEO plugin v26.3 - https:\/\/yoast.com\/wordpress\/plugins\/seo\/ -->\n<title>\u010cudo je padlo z neba - trgovina Iskreni<\/title>\n<meta name=\"description\" content=\"\u010cudo je padlo z neba je elegantno ilustrirana slikanica, ki govori o skupnosti, umetnosti in o pomembnosti tega, da dajemo, kar smo prejeli.\u00a0\" \/>\n<meta name=\"robots\" content=\"index, follow, max-snippet:-1, max-image-preview:large, max-video-preview:-1\" \/>\n<link rel=\"canonical\" href=\"https:\/\/www.iskreni.net\/trgovina\/product\/cudo-je-padlo-z-neba\/\" \/>\n<meta property=\"og:locale\" content=\"sl_SI\" \/>\n<meta property=\"og:type\" content=\"article\" \/>\n<meta property=\"og:title\" content=\"\u010cudo je padlo z neba\" \/>\n<meta property=\"og:description\" content=\"\u010cudo je padlo z neba je elegantno ilustrirana slikanica, ki govori o skupnosti, umetnosti in o pomembnosti tega, da dajemo, kar smo prejeli.\u00a0\" \/>\n<meta property=\"og:url\" content=\"https:\/\/www.iskreni.net\/trgovina\/product\/cudo-je-padlo-z-neba\/\" \/>\n<meta property=\"og:site_name\" content=\"Zavod Iskreni\" \/>\n<meta property=\"article:modified_time\" content=\"2023-10-18T09:36:23+00:00\" \/>\n<meta property=\"og:image\" content=\"https:\/\/www.iskreni.net\/trgovina\/wp-content\/uploads\/2023\/10\/4.jpg\" \/>\n\t<meta property=\"og:image:width\" content=\"600\" \/>\n\t<meta property=\"og:image:height\" content=\"600\" \/>\n\t<meta property=\"og:image:type\" content=\"image\/jpeg\" \/>\n<meta name=\"twitter:card\" content=\"summary_large_image\" \/>\n<meta name=\"twitter:label1\" content=\"Est. reading time\" \/>\n\t<meta name=\"twitter:data1\" content=\"1 minuta\" \/>\n<script type=\"application\/ld+json\" class=\"yoast-schema-graph\">{\"@context\":\"https:\/\/schema.org\",\"@graph\":[{\"@type\":\"WebPage\",\"@id\":\"https:\/\/www.iskreni.net\/trgovina\/product\/cudo-je-padlo-z-neba\/\",\"url\":\"https:\/\/www.iskreni.net\/trgovina\/product\/cudo-je-padlo-z-neba\/\",\"name\":\"\u010cudo je padlo z neba - trgovina Iskreni\",\"isPartOf\":{\"@id\":\"https:\/\/www.iskreni.net\/trgovina\/#website\"},\"primaryImageOfPage\":{\"@id\":\"https:\/\/www.iskreni.net\/trgovina\/product\/cudo-je-padlo-z-neba\/#primaryimage\"},\"image\":{\"@id\":\"https:\/\/www.iskreni.net\/trgovina\/product\/cudo-je-padlo-z-neba\/#primaryimage\"},\"thumbnailUrl\":\"https:\/\/www.iskreni.net\/trgovina\/wp-content\/uploads\/2023\/10\/4.jpg\",\"datePublished\":\"2023-10-18T09:24:11+00:00\",\"dateModified\":\"2023-10-18T09:36:23+00:00\",\"description\":\"\u010cudo je padlo z neba je elegantno ilustrirana slikanica, ki govori o skupnosti, umetnosti in o pomembnosti tega, da dajemo, kar smo prejeli.\u00a0\",\"breadcrumb\":{\"@id\":\"https:\/\/www.iskreni.net\/trgovina\/product\/cudo-je-padlo-z-neba\/#breadcrumb\"},\"inLanguage\":\"sl-SI\",\"potentialAction\":[{\"@type\":\"ReadAction\",\"target\":[\"https:\/\/www.iskreni.net\/trgovina\/product\/cudo-je-padlo-z-neba\/\"]}]},{\"@type\":\"ImageObject\",\"inLanguage\":\"sl-SI\",\"@id\":\"https:\/\/www.iskreni.net\/trgovina\/product\/cudo-je-padlo-z-neba\/#primaryimage\",\"url\":\"https:\/\/www.iskreni.net\/trgovina\/wp-content\/uploads\/2023\/10\/4.jpg\",\"contentUrl\":\"https:\/\/www.iskreni.net\/trgovina\/wp-content\/uploads\/2023\/10\/4.jpg\",\"width\":600,\"height\":600},{\"@type\":\"BreadcrumbList\",\"@id\":\"https:\/\/www.iskreni.net\/trgovina\/product\/cudo-je-padlo-z-neba\/#breadcrumb\",\"itemListElement\":[{\"@type\":\"ListItem\",\"position\":1,\"name\":\"Home\",\"item\":\"https:\/\/www.iskreni.net\/trgovina\/\"},{\"@type\":\"ListItem\",\"position\":2,\"name\":\"Trgovina\",\"item\":\"https:\/\/www.iskreni.net\/trgovina\/trgovina\/\"},{\"@type\":\"ListItem\",\"position\":3,\"name\":\"\u010cudo je padlo z neba\"}]},{\"@type\":\"WebSite\",\"@id\":\"https:\/\/www.iskreni.net\/trgovina\/#website\",\"url\":\"https:\/\/www.iskreni.net\/trgovina\/\",\"name\":\"Zavod Iskreni\",\"description\":\"trgovina\",\"potentialAction\":[{\"@type\":\"SearchAction\",\"target\":{\"@type\":\"EntryPoint\",\"urlTemplate\":\"https:\/\/www.iskreni.net\/trgovina\/?s={search_term_string}\"},\"query-input\":{\"@type\":\"PropertyValueSpecification\",\"valueRequired\":true,\"valueName\":\"search_term_string\"}}],\"inLanguage\":\"sl-SI\"}]}<\/script>\n<!-- \/ Yoast SEO plugin. -->","yoast_head_json":{"title":"\u010cudo je padlo z neba - trgovina Iskreni","description":"\u010cudo je padlo z neba je elegantno ilustrirana slikanica, ki govori o skupnosti, umetnosti in o pomembnosti tega, da dajemo, kar smo prejeli.\u00a0","robots":{"index":"index","follow":"follow","max-snippet":"max-snippet:-1","max-image-preview":"max-image-preview:large","max-video-preview":"max-video-preview:-1"},"canonical":"https:\/\/www.iskreni.net\/trgovina\/product\/cudo-je-padlo-z-neba\/","og_locale":"sl_SI","og_type":"article","og_title":"\u010cudo je padlo z neba","og_description":"\u010cudo je padlo z neba je elegantno ilustrirana slikanica, ki govori o skupnosti, umetnosti in o pomembnosti tega, da dajemo, kar smo prejeli.\u00a0","og_url":"https:\/\/www.iskreni.net\/trgovina\/product\/cudo-je-padlo-z-neba\/","og_site_name":"Zavod Iskreni","article_modified_time":"2023-10-18T09:36:23+00:00","og_image":[{"width":600,"height":600,"url":"https:\/\/www.iskreni.net\/trgovina\/wp-content\/uploads\/2023\/10\/4.jpg","type":"image\/jpeg"}],"twitter_card":"summary_large_image","twitter_misc":{"Est. reading time":"1 minuta"},"schema":{"@context":"https:\/\/schema.org","@graph":[{"@type":"WebPage","@id":"https:\/\/www.iskreni.net\/trgovina\/product\/cudo-je-padlo-z-neba\/","url":"https:\/\/www.iskreni.net\/trgovina\/product\/cudo-je-padlo-z-neba\/","name":"\u010cudo je padlo z neba - trgovina Iskreni","isPartOf":{"@id":"https:\/\/www.iskreni.net\/trgovina\/#website"},"primaryImageOfPage":{"@id":"https:\/\/www.iskreni.net\/trgovina\/product\/cudo-je-padlo-z-neba\/#primaryimage"},"image":{"@id":"https:\/\/www.iskreni.net\/trgovina\/product\/cudo-je-padlo-z-neba\/#primaryimage"},"thumbnailUrl":"https:\/\/www.iskreni.net\/trgovina\/wp-content\/uploads\/2023\/10\/4.jpg","datePublished":"2023-10-18T09:24:11+00:00","dateModified":"2023-10-18T09:36:23+00:00","description":"\u010cudo je padlo z neba je elegantno ilustrirana slikanica, ki govori o skupnosti, umetnosti in o pomembnosti tega, da dajemo, kar smo prejeli.\u00a0","breadcrumb":{"@id":"https:\/\/www.iskreni.net\/trgovina\/product\/cudo-je-padlo-z-neba\/#breadcrumb"},"inLanguage":"sl-SI","potentialAction":[{"@type":"ReadAction","target":["https:\/\/www.iskreni.net\/trgovina\/product\/cudo-je-padlo-z-neba\/"]}]},{"@type":"ImageObject","inLanguage":"sl-SI","@id":"https:\/\/www.iskreni.net\/trgovina\/product\/cudo-je-padlo-z-neba\/#primaryimage","url":"https:\/\/www.iskreni.net\/trgovina\/wp-content\/uploads\/2023\/10\/4.jpg","contentUrl":"https:\/\/www.iskreni.net\/trgovina\/wp-content\/uploads\/2023\/10\/4.jpg","width":600,"height":600},{"@type":"BreadcrumbList","@id":"https:\/\/www.iskreni.net\/trgovina\/product\/cudo-je-padlo-z-neba\/#breadcrumb","itemListElement":[{"@type":"ListItem","position":1,"name":"Home","item":"https:\/\/www.iskreni.net\/trgovina\/"},{"@type":"ListItem","position":2,"name":"Trgovina","item":"https:\/\/www.iskreni.net\/trgovina\/trgovina\/"},{"@type":"ListItem","position":3,"name":"\u010cudo je padlo z neba"}]},{"@type":"WebSite","@id":"https:\/\/www.iskreni.net\/trgovina\/#website","url":"https:\/\/www.iskreni.net\/trgovina\/","name":"Zavod Iskreni","description":"trgovina","potentialAction":[{"@type":"SearchAction","target":{"@type":"EntryPoint","urlTemplate":"https:\/\/www.iskreni.net\/trgovina\/?s={search_term_string}"},"query-input":{"@type":"PropertyValueSpecification","valueRequired":true,"valueName":"search_term_string"}}],"inLanguage":"sl-SI"}]}},"_links":{"self":[{"href":"https:\/\/www.iskreni.net\/trgovina\/wp-json\/wp\/v2\/product\/70023","targetHints":{"allow":["GET"]}}],"collection":[{"href":"https:\/\/www.iskreni.net\/trgovina\/wp-json\/wp\/v2\/product"}],"about":[{"href":"https:\/\/www.iskreni.net\/trgovina\/wp-json\/wp\/v2\/types\/product"}],"replies":[{"embeddable":true,"href":"https:\/\/www.iskreni.net\/trgovina\/wp-json\/wp\/v2\/comments?post=70023"}],"version-history":[{"count":5,"href":"https:\/\/www.iskreni.net\/trgovina\/wp-json\/wp\/v2\/product\/70023\/revisions"}],"predecessor-version":[{"id":70028,"href":"https:\/\/www.iskreni.net\/trgovina\/wp-json\/wp\/v2\/product\/70023\/revisions\/70028"}],"wp:featuredmedia":[{"embeddable":true,"href":"https:\/\/www.iskreni.net\/trgovina\/wp-json\/wp\/v2\/media\/70014"}],"wp:attachment":[{"href":"https:\/\/www.iskreni.net\/trgovina\/wp-json\/wp\/v2\/media?parent=70023"}],"wp:term":[{"taxonomy":"product_brand","embeddable":true,"href":"https:\/\/www.iskreni.net\/trgovina\/wp-json\/wp\/v2\/product_brand?post=70023"},{"taxonomy":"product_cat","embeddable":true,"href":"https:\/\/www.iskreni.net\/trgovina\/wp-json\/wp\/v2\/product_cat?post=70023"},{"taxonomy":"product_tag","embeddable":true,"href":"https:\/\/www.iskreni.net\/trgovina\/wp-json\/wp\/v2\/product_tag?post=70023"},{"taxonomy":"avtor","embeddable":true,"href":"https:\/\/www.iskreni.net\/trgovina\/wp-json\/wp\/v2\/avtor?post=70023"},{"taxonomy":"zalozba","embeddable":true,"href":"https:\/\/www.iskreni.net\/trgovina\/wp-json\/wp\/v2\/zalozba?post=70023"},{"taxonomy":"vezava","embeddable":true,"href":"https:\/\/www.iskreni.net\/trgovina\/wp-json\/wp\/v2\/vezava?post=70023"}],"curies":[{"name":"wp","href":"https:\/\/api.w.org\/{rel}","templated":true}]}}