{"id":70020,"date":"2023-10-18T10:50:40","date_gmt":"2023-10-18T08:50:40","guid":{"rendered":"https:\/\/www.iskreni.net\/trgovina\/?post_type=product&#038;p=70020"},"modified":"2023-10-18T11:24:03","modified_gmt":"2023-10-18T09:24:03","slug":"pridni-medo-oskrbnik-zivali","status":"publish","type":"product","link":"https:\/\/www.iskreni.net\/trgovina\/product\/pridni-medo-oskrbnik-zivali\/","title":{"rendered":"Pridni medo oskrbnik \u017eivali"},"content":{"rendered":"<h4>O knjigi Pridni medo oskrbnik \u017eivali<em><br \/>\n<\/em><\/h4>\n<p>Pridni medo je oskrbnik \u017eivali! Danes ima pridni medo v \u017eivalskem vrtu veliko dela. Mu lahko pomaga\u0161 nahraniti \u017eivali? Koliko \u017eivali bo\u0161 spoznal?<\/p>\n<p>&nbsp;<\/p>\n","protected":false},"excerpt":{"rendered":"<p><strong>Prevod:<\/strong> Milan Dekleva<br \/>\n<strong>\u0160tevilo strani:<\/strong> 10<br \/>\n<strong>Leto izdaje:<\/strong> 2023<br \/>\n<strong>Mere:<\/strong> 18 x 18 cm<\/p>\n<p>&nbsp;<\/p>\n","protected":false},"featured_media":70011,"comment_status":"open","ping_status":"closed","template":"","meta":[],"product_brand":[],"product_cat":[63,135],"product_tag":[1922],"avtor":[2450],"zalozba":[2360],"vezava":[2306],"class_list":{"0":"post-70020","1":"product","2":"type-product","3":"status-publish","4":"has-post-thumbnail","6":"product_cat-knjige","7":"product_cat-za-otroke","8":"product_tag-kartonka","9":"avtor-benji-davies","10":"zalozba-morfem","11":"vezava-trda","13":"first","14":"onbackorder","15":"taxable","16":"shipping-taxable","17":"purchasable","18":"product-type-simple"},"yoast_head":"<!-- This site is optimized with the Yoast SEO plugin v26.3 - https:\/\/yoast.com\/wordpress\/plugins\/seo\/ -->\n<title>Pridni medo oskrbnik \u017eivali - trgovina Iskreni<\/title>\n<meta name=\"description\" content=\"Pridni medo oskrbnik \u017eivali ima danes v \u017eivalskem vrtu veliko dela. Mu lahko pomaga\u0161 nahraniti \u017eivali? Koliko \u017eivali bo\u0161 spoznal?\" \/>\n<meta name=\"robots\" content=\"index, follow, max-snippet:-1, max-image-preview:large, max-video-preview:-1\" \/>\n<link rel=\"canonical\" href=\"https:\/\/www.iskreni.net\/trgovina\/product\/pridni-medo-oskrbnik-zivali\/\" \/>\n<meta property=\"og:locale\" content=\"sl_SI\" \/>\n<meta property=\"og:type\" content=\"article\" \/>\n<meta property=\"og:title\" content=\"Pridni medo oskrbnik \u017eivali\" \/>\n<meta property=\"og:description\" content=\"Pridni medo oskrbnik \u017eivali ima danes v \u017eivalskem vrtu veliko dela. Mu lahko pomaga\u0161 nahraniti \u017eivali? Koliko \u017eivali bo\u0161 spoznal?\" \/>\n<meta property=\"og:url\" content=\"https:\/\/www.iskreni.net\/trgovina\/product\/pridni-medo-oskrbnik-zivali\/\" \/>\n<meta property=\"og:site_name\" content=\"Zavod Iskreni\" \/>\n<meta property=\"article:modified_time\" content=\"2023-10-18T09:24:03+00:00\" \/>\n<meta property=\"og:image\" content=\"https:\/\/www.iskreni.net\/trgovina\/wp-content\/uploads\/2023\/10\/1.jpg\" \/>\n\t<meta property=\"og:image:width\" content=\"600\" \/>\n\t<meta property=\"og:image:height\" content=\"600\" \/>\n\t<meta property=\"og:image:type\" content=\"image\/jpeg\" \/>\n<meta name=\"twitter:card\" content=\"summary_large_image\" \/>\n<meta name=\"twitter:label1\" content=\"Est. reading time\" \/>\n\t<meta name=\"twitter:data1\" content=\"1 minuta\" \/>\n<script type=\"application\/ld+json\" class=\"yoast-schema-graph\">{\"@context\":\"https:\/\/schema.org\",\"@graph\":[{\"@type\":\"WebPage\",\"@id\":\"https:\/\/www.iskreni.net\/trgovina\/product\/pridni-medo-oskrbnik-zivali\/\",\"url\":\"https:\/\/www.iskreni.net\/trgovina\/product\/pridni-medo-oskrbnik-zivali\/\",\"name\":\"Pridni medo oskrbnik \u017eivali - trgovina Iskreni\",\"isPartOf\":{\"@id\":\"https:\/\/www.iskreni.net\/trgovina\/#website\"},\"primaryImageOfPage\":{\"@id\":\"https:\/\/www.iskreni.net\/trgovina\/product\/pridni-medo-oskrbnik-zivali\/#primaryimage\"},\"image\":{\"@id\":\"https:\/\/www.iskreni.net\/trgovina\/product\/pridni-medo-oskrbnik-zivali\/#primaryimage\"},\"thumbnailUrl\":\"https:\/\/www.iskreni.net\/trgovina\/wp-content\/uploads\/2023\/10\/1.jpg\",\"datePublished\":\"2023-10-18T08:50:40+00:00\",\"dateModified\":\"2023-10-18T09:24:03+00:00\",\"description\":\"Pridni medo oskrbnik \u017eivali ima danes v \u017eivalskem vrtu veliko dela. Mu lahko pomaga\u0161 nahraniti \u017eivali? Koliko \u017eivali bo\u0161 spoznal?\",\"breadcrumb\":{\"@id\":\"https:\/\/www.iskreni.net\/trgovina\/product\/pridni-medo-oskrbnik-zivali\/#breadcrumb\"},\"inLanguage\":\"sl-SI\",\"potentialAction\":[{\"@type\":\"ReadAction\",\"target\":[\"https:\/\/www.iskreni.net\/trgovina\/product\/pridni-medo-oskrbnik-zivali\/\"]}]},{\"@type\":\"ImageObject\",\"inLanguage\":\"sl-SI\",\"@id\":\"https:\/\/www.iskreni.net\/trgovina\/product\/pridni-medo-oskrbnik-zivali\/#primaryimage\",\"url\":\"https:\/\/www.iskreni.net\/trgovina\/wp-content\/uploads\/2023\/10\/1.jpg\",\"contentUrl\":\"https:\/\/www.iskreni.net\/trgovina\/wp-content\/uploads\/2023\/10\/1.jpg\",\"width\":600,\"height\":600},{\"@type\":\"BreadcrumbList\",\"@id\":\"https:\/\/www.iskreni.net\/trgovina\/product\/pridni-medo-oskrbnik-zivali\/#breadcrumb\",\"itemListElement\":[{\"@type\":\"ListItem\",\"position\":1,\"name\":\"Home\",\"item\":\"https:\/\/www.iskreni.net\/trgovina\/\"},{\"@type\":\"ListItem\",\"position\":2,\"name\":\"Trgovina\",\"item\":\"https:\/\/www.iskreni.net\/trgovina\/trgovina\/\"},{\"@type\":\"ListItem\",\"position\":3,\"name\":\"Pridni medo oskrbnik \u017eivali\"}]},{\"@type\":\"WebSite\",\"@id\":\"https:\/\/www.iskreni.net\/trgovina\/#website\",\"url\":\"https:\/\/www.iskreni.net\/trgovina\/\",\"name\":\"Zavod Iskreni\",\"description\":\"trgovina\",\"potentialAction\":[{\"@type\":\"SearchAction\",\"target\":{\"@type\":\"EntryPoint\",\"urlTemplate\":\"https:\/\/www.iskreni.net\/trgovina\/?s={search_term_string}\"},\"query-input\":{\"@type\":\"PropertyValueSpecification\",\"valueRequired\":true,\"valueName\":\"search_term_string\"}}],\"inLanguage\":\"sl-SI\"}]}<\/script>\n<!-- \/ Yoast SEO plugin. -->","yoast_head_json":{"title":"Pridni medo oskrbnik \u017eivali - trgovina Iskreni","description":"Pridni medo oskrbnik \u017eivali ima danes v \u017eivalskem vrtu veliko dela. Mu lahko pomaga\u0161 nahraniti \u017eivali? Koliko \u017eivali bo\u0161 spoznal?","robots":{"index":"index","follow":"follow","max-snippet":"max-snippet:-1","max-image-preview":"max-image-preview:large","max-video-preview":"max-video-preview:-1"},"canonical":"https:\/\/www.iskreni.net\/trgovina\/product\/pridni-medo-oskrbnik-zivali\/","og_locale":"sl_SI","og_type":"article","og_title":"Pridni medo oskrbnik \u017eivali","og_description":"Pridni medo oskrbnik \u017eivali ima danes v \u017eivalskem vrtu veliko dela. Mu lahko pomaga\u0161 nahraniti \u017eivali? Koliko \u017eivali bo\u0161 spoznal?","og_url":"https:\/\/www.iskreni.net\/trgovina\/product\/pridni-medo-oskrbnik-zivali\/","og_site_name":"Zavod Iskreni","article_modified_time":"2023-10-18T09:24:03+00:00","og_image":[{"width":600,"height":600,"url":"https:\/\/www.iskreni.net\/trgovina\/wp-content\/uploads\/2023\/10\/1.jpg","type":"image\/jpeg"}],"twitter_card":"summary_large_image","twitter_misc":{"Est. reading time":"1 minuta"},"schema":{"@context":"https:\/\/schema.org","@graph":[{"@type":"WebPage","@id":"https:\/\/www.iskreni.net\/trgovina\/product\/pridni-medo-oskrbnik-zivali\/","url":"https:\/\/www.iskreni.net\/trgovina\/product\/pridni-medo-oskrbnik-zivali\/","name":"Pridni medo oskrbnik \u017eivali - trgovina Iskreni","isPartOf":{"@id":"https:\/\/www.iskreni.net\/trgovina\/#website"},"primaryImageOfPage":{"@id":"https:\/\/www.iskreni.net\/trgovina\/product\/pridni-medo-oskrbnik-zivali\/#primaryimage"},"image":{"@id":"https:\/\/www.iskreni.net\/trgovina\/product\/pridni-medo-oskrbnik-zivali\/#primaryimage"},"thumbnailUrl":"https:\/\/www.iskreni.net\/trgovina\/wp-content\/uploads\/2023\/10\/1.jpg","datePublished":"2023-10-18T08:50:40+00:00","dateModified":"2023-10-18T09:24:03+00:00","description":"Pridni medo oskrbnik \u017eivali ima danes v \u017eivalskem vrtu veliko dela. Mu lahko pomaga\u0161 nahraniti \u017eivali? Koliko \u017eivali bo\u0161 spoznal?","breadcrumb":{"@id":"https:\/\/www.iskreni.net\/trgovina\/product\/pridni-medo-oskrbnik-zivali\/#breadcrumb"},"inLanguage":"sl-SI","potentialAction":[{"@type":"ReadAction","target":["https:\/\/www.iskreni.net\/trgovina\/product\/pridni-medo-oskrbnik-zivali\/"]}]},{"@type":"ImageObject","inLanguage":"sl-SI","@id":"https:\/\/www.iskreni.net\/trgovina\/product\/pridni-medo-oskrbnik-zivali\/#primaryimage","url":"https:\/\/www.iskreni.net\/trgovina\/wp-content\/uploads\/2023\/10\/1.jpg","contentUrl":"https:\/\/www.iskreni.net\/trgovina\/wp-content\/uploads\/2023\/10\/1.jpg","width":600,"height":600},{"@type":"BreadcrumbList","@id":"https:\/\/www.iskreni.net\/trgovina\/product\/pridni-medo-oskrbnik-zivali\/#breadcrumb","itemListElement":[{"@type":"ListItem","position":1,"name":"Home","item":"https:\/\/www.iskreni.net\/trgovina\/"},{"@type":"ListItem","position":2,"name":"Trgovina","item":"https:\/\/www.iskreni.net\/trgovina\/trgovina\/"},{"@type":"ListItem","position":3,"name":"Pridni medo oskrbnik \u017eivali"}]},{"@type":"WebSite","@id":"https:\/\/www.iskreni.net\/trgovina\/#website","url":"https:\/\/www.iskreni.net\/trgovina\/","name":"Zavod Iskreni","description":"trgovina","potentialAction":[{"@type":"SearchAction","target":{"@type":"EntryPoint","urlTemplate":"https:\/\/www.iskreni.net\/trgovina\/?s={search_term_string}"},"query-input":{"@type":"PropertyValueSpecification","valueRequired":true,"valueName":"search_term_string"}}],"inLanguage":"sl-SI"}]}},"_links":{"self":[{"href":"https:\/\/www.iskreni.net\/trgovina\/wp-json\/wp\/v2\/product\/70020","targetHints":{"allow":["GET"]}}],"collection":[{"href":"https:\/\/www.iskreni.net\/trgovina\/wp-json\/wp\/v2\/product"}],"about":[{"href":"https:\/\/www.iskreni.net\/trgovina\/wp-json\/wp\/v2\/types\/product"}],"replies":[{"embeddable":true,"href":"https:\/\/www.iskreni.net\/trgovina\/wp-json\/wp\/v2\/comments?post=70020"}],"version-history":[{"count":2,"href":"https:\/\/www.iskreni.net\/trgovina\/wp-json\/wp\/v2\/product\/70020\/revisions"}],"predecessor-version":[{"id":70022,"href":"https:\/\/www.iskreni.net\/trgovina\/wp-json\/wp\/v2\/product\/70020\/revisions\/70022"}],"wp:featuredmedia":[{"embeddable":true,"href":"https:\/\/www.iskreni.net\/trgovina\/wp-json\/wp\/v2\/media\/70011"}],"wp:attachment":[{"href":"https:\/\/www.iskreni.net\/trgovina\/wp-json\/wp\/v2\/media?parent=70020"}],"wp:term":[{"taxonomy":"product_brand","embeddable":true,"href":"https:\/\/www.iskreni.net\/trgovina\/wp-json\/wp\/v2\/product_brand?post=70020"},{"taxonomy":"product_cat","embeddable":true,"href":"https:\/\/www.iskreni.net\/trgovina\/wp-json\/wp\/v2\/product_cat?post=70020"},{"taxonomy":"product_tag","embeddable":true,"href":"https:\/\/www.iskreni.net\/trgovina\/wp-json\/wp\/v2\/product_tag?post=70020"},{"taxonomy":"avtor","embeddable":true,"href":"https:\/\/www.iskreni.net\/trgovina\/wp-json\/wp\/v2\/avtor?post=70020"},{"taxonomy":"zalozba","embeddable":true,"href":"https:\/\/www.iskreni.net\/trgovina\/wp-json\/wp\/v2\/zalozba?post=70020"},{"taxonomy":"vezava","embeddable":true,"href":"https:\/\/www.iskreni.net\/trgovina\/wp-json\/wp\/v2\/vezava?post=70020"}],"curies":[{"name":"wp","href":"https:\/\/api.w.org\/{rel}","templated":true}]}}