{"id":70004,"date":"2023-10-18T10:29:06","date_gmt":"2023-10-18T08:29:06","guid":{"rendered":"https:\/\/www.iskreni.net\/trgovina\/?post_type=product&#038;p=70004"},"modified":"2023-10-18T11:50:06","modified_gmt":"2023-10-18T09:50:06","slug":"pikica","status":"publish","type":"product","link":"https:\/\/www.iskreni.net\/trgovina\/product\/pikica\/","title":{"rendered":"Pikica"},"content":{"rendered":"<h4>O knjigi Pikica<\/h4>\n<div class=\"flex-viewport\">\n<div class=\"container detail_text\">\n<div class=\"row\">\n<div class=\"col-xs-12\">\n<p>Helena je deklica veselega srca. Na njej pa je nekaj povsem nenavadnega: vidi se, da ji obrazek prekrivajo bele pegice, kajti Helena trpi za nedol\u017eno ko\u017eno boleznijo vitiligo. Ko jih opazijo drugi otroci, Heleni bele lise niso ve\u010d v\u0161e\u010d in bi si jih rada v kopalni kadi zdrgnila s ko\u017ee \u2013 a zaman!<\/p>\n<p>Dru\u017einski \u010dlani in prijatelji pa Heleni prav previdno razlo\u017eijo, da so njene pike nekaj enkratnega in \u010dudovitega \u2013 kot sne\u017einke, zvezdica na nebu ali jajce dinozavra.<\/p>\n<p>Zgodbica pripoveduje \u2013 \u010disto v duhu pojma \u201ebody positivity\u201c \u2013, kako je vsak otrok na svoj na\u010din in prav posebej lep.<\/p>\n<\/div>\n<\/div>\n<\/div>\n<\/div>\n<h5><a href=\"https:\/\/www.iskreni.net\/trgovina\/wp-content\/uploads\/2023\/10\/lorenz-pia-Helena-leseprobe-slovenska-novo.pdf\">Prelistajte knjigo<\/a><\/h5>\n<p>&nbsp;<\/p>\n<p>&nbsp;<\/p>\n","protected":false},"excerpt":{"rendered":"<p><strong>Ilustracije: <\/strong>Kristina Krhin<br \/>\n<strong>Avtor prevoda: <\/strong>Bo\u0161tjan Dvo\u0159\u00e1k<strong><br \/>\nLeto izdaje:<\/strong> 2023<br \/>\n<strong>\u0160tevilo strani:<\/strong> 24<br \/>\n<strong>Mere:<\/strong> 22 x 30,5 cm<\/p>\n<h5><a href=\"https:\/\/www.iskreni.net\/trgovina\/wp-content\/uploads\/2023\/10\/lorenz-pia-Helena-leseprobe-slovenska-novo.pdf\">Prelistajte knjigo<\/a><\/h5>\n","protected":false},"featured_media":70006,"comment_status":"open","ping_status":"closed","template":"","meta":[],"product_brand":[],"product_cat":[135],"product_tag":[],"avtor":[2456],"zalozba":[2356],"vezava":[2306],"class_list":{"0":"post-70004","1":"product","2":"type-product","3":"status-publish","4":"has-post-thumbnail","6":"product_cat-za-otroke","7":"avtor-pia-lorenz","8":"zalozba-mohorjeva-celovec","9":"vezava-trda","11":"first","12":"instock","13":"taxable","14":"shipping-taxable","15":"purchasable","16":"product-type-simple"},"yoast_head":"<!-- This site is optimized with the Yoast SEO plugin v26.3 - https:\/\/yoast.com\/wordpress\/plugins\/seo\/ -->\n<title>Pikica - trgovina Iskreni<\/title>\n<meta name=\"description\" content=\"Pikica pripoveduje o Heleni, deklici veselega srca z nenavadnimi belimi pegicami na obrazu, ker trpi za nedol\u017eno ko\u017eno boleznijo vitiligo.\" \/>\n<meta name=\"robots\" content=\"index, follow, max-snippet:-1, max-image-preview:large, max-video-preview:-1\" \/>\n<link rel=\"canonical\" href=\"https:\/\/www.iskreni.net\/trgovina\/product\/pikica\/\" \/>\n<meta property=\"og:locale\" content=\"sl_SI\" \/>\n<meta property=\"og:type\" content=\"article\" \/>\n<meta property=\"og:title\" content=\"Pikica\" \/>\n<meta property=\"og:description\" content=\"Pikica pripoveduje o Heleni, deklici veselega srca z nenavadnimi belimi pegicami na obrazu, ker trpi za nedol\u017eno ko\u017eno boleznijo vitiligo.\" \/>\n<meta property=\"og:url\" content=\"https:\/\/www.iskreni.net\/trgovina\/product\/pikica\/\" \/>\n<meta property=\"og:site_name\" content=\"Zavod Iskreni\" \/>\n<meta property=\"article:modified_time\" content=\"2023-10-18T09:50:06+00:00\" \/>\n<meta property=\"og:image\" content=\"https:\/\/www.iskreni.net\/trgovina\/wp-content\/uploads\/2023\/10\/Slike-za-v-spletno-trgovino-36.jpg\" \/>\n\t<meta property=\"og:image:width\" content=\"600\" \/>\n\t<meta property=\"og:image:height\" content=\"600\" \/>\n\t<meta property=\"og:image:type\" content=\"image\/jpeg\" \/>\n<meta name=\"twitter:card\" content=\"summary_large_image\" \/>\n<meta name=\"twitter:label1\" content=\"Est. reading time\" \/>\n\t<meta name=\"twitter:data1\" content=\"1 minuta\" \/>\n<script type=\"application\/ld+json\" class=\"yoast-schema-graph\">{\"@context\":\"https:\/\/schema.org\",\"@graph\":[{\"@type\":\"WebPage\",\"@id\":\"https:\/\/www.iskreni.net\/trgovina\/product\/pikica\/\",\"url\":\"https:\/\/www.iskreni.net\/trgovina\/product\/pikica\/\",\"name\":\"Pikica - trgovina Iskreni\",\"isPartOf\":{\"@id\":\"https:\/\/www.iskreni.net\/trgovina\/#website\"},\"primaryImageOfPage\":{\"@id\":\"https:\/\/www.iskreni.net\/trgovina\/product\/pikica\/#primaryimage\"},\"image\":{\"@id\":\"https:\/\/www.iskreni.net\/trgovina\/product\/pikica\/#primaryimage\"},\"thumbnailUrl\":\"https:\/\/www.iskreni.net\/trgovina\/wp-content\/uploads\/2023\/10\/Slike-za-v-spletno-trgovino-36.jpg\",\"datePublished\":\"2023-10-18T08:29:06+00:00\",\"dateModified\":\"2023-10-18T09:50:06+00:00\",\"description\":\"Pikica pripoveduje o Heleni, deklici veselega srca z nenavadnimi belimi pegicami na obrazu, ker trpi za nedol\u017eno ko\u017eno boleznijo vitiligo.\",\"breadcrumb\":{\"@id\":\"https:\/\/www.iskreni.net\/trgovina\/product\/pikica\/#breadcrumb\"},\"inLanguage\":\"sl-SI\",\"potentialAction\":[{\"@type\":\"ReadAction\",\"target\":[\"https:\/\/www.iskreni.net\/trgovina\/product\/pikica\/\"]}]},{\"@type\":\"ImageObject\",\"inLanguage\":\"sl-SI\",\"@id\":\"https:\/\/www.iskreni.net\/trgovina\/product\/pikica\/#primaryimage\",\"url\":\"https:\/\/www.iskreni.net\/trgovina\/wp-content\/uploads\/2023\/10\/Slike-za-v-spletno-trgovino-36.jpg\",\"contentUrl\":\"https:\/\/www.iskreni.net\/trgovina\/wp-content\/uploads\/2023\/10\/Slike-za-v-spletno-trgovino-36.jpg\",\"width\":600,\"height\":600},{\"@type\":\"BreadcrumbList\",\"@id\":\"https:\/\/www.iskreni.net\/trgovina\/product\/pikica\/#breadcrumb\",\"itemListElement\":[{\"@type\":\"ListItem\",\"position\":1,\"name\":\"Home\",\"item\":\"https:\/\/www.iskreni.net\/trgovina\/\"},{\"@type\":\"ListItem\",\"position\":2,\"name\":\"Trgovina\",\"item\":\"https:\/\/www.iskreni.net\/trgovina\/trgovina\/\"},{\"@type\":\"ListItem\",\"position\":3,\"name\":\"Pikica\"}]},{\"@type\":\"WebSite\",\"@id\":\"https:\/\/www.iskreni.net\/trgovina\/#website\",\"url\":\"https:\/\/www.iskreni.net\/trgovina\/\",\"name\":\"Zavod Iskreni\",\"description\":\"trgovina\",\"potentialAction\":[{\"@type\":\"SearchAction\",\"target\":{\"@type\":\"EntryPoint\",\"urlTemplate\":\"https:\/\/www.iskreni.net\/trgovina\/?s={search_term_string}\"},\"query-input\":{\"@type\":\"PropertyValueSpecification\",\"valueRequired\":true,\"valueName\":\"search_term_string\"}}],\"inLanguage\":\"sl-SI\"}]}<\/script>\n<!-- \/ Yoast SEO plugin. -->","yoast_head_json":{"title":"Pikica - trgovina Iskreni","description":"Pikica pripoveduje o Heleni, deklici veselega srca z nenavadnimi belimi pegicami na obrazu, ker trpi za nedol\u017eno ko\u017eno boleznijo vitiligo.","robots":{"index":"index","follow":"follow","max-snippet":"max-snippet:-1","max-image-preview":"max-image-preview:large","max-video-preview":"max-video-preview:-1"},"canonical":"https:\/\/www.iskreni.net\/trgovina\/product\/pikica\/","og_locale":"sl_SI","og_type":"article","og_title":"Pikica","og_description":"Pikica pripoveduje o Heleni, deklici veselega srca z nenavadnimi belimi pegicami na obrazu, ker trpi za nedol\u017eno ko\u017eno boleznijo vitiligo.","og_url":"https:\/\/www.iskreni.net\/trgovina\/product\/pikica\/","og_site_name":"Zavod Iskreni","article_modified_time":"2023-10-18T09:50:06+00:00","og_image":[{"width":600,"height":600,"url":"https:\/\/www.iskreni.net\/trgovina\/wp-content\/uploads\/2023\/10\/Slike-za-v-spletno-trgovino-36.jpg","type":"image\/jpeg"}],"twitter_card":"summary_large_image","twitter_misc":{"Est. reading time":"1 minuta"},"schema":{"@context":"https:\/\/schema.org","@graph":[{"@type":"WebPage","@id":"https:\/\/www.iskreni.net\/trgovina\/product\/pikica\/","url":"https:\/\/www.iskreni.net\/trgovina\/product\/pikica\/","name":"Pikica - trgovina Iskreni","isPartOf":{"@id":"https:\/\/www.iskreni.net\/trgovina\/#website"},"primaryImageOfPage":{"@id":"https:\/\/www.iskreni.net\/trgovina\/product\/pikica\/#primaryimage"},"image":{"@id":"https:\/\/www.iskreni.net\/trgovina\/product\/pikica\/#primaryimage"},"thumbnailUrl":"https:\/\/www.iskreni.net\/trgovina\/wp-content\/uploads\/2023\/10\/Slike-za-v-spletno-trgovino-36.jpg","datePublished":"2023-10-18T08:29:06+00:00","dateModified":"2023-10-18T09:50:06+00:00","description":"Pikica pripoveduje o Heleni, deklici veselega srca z nenavadnimi belimi pegicami na obrazu, ker trpi za nedol\u017eno ko\u017eno boleznijo vitiligo.","breadcrumb":{"@id":"https:\/\/www.iskreni.net\/trgovina\/product\/pikica\/#breadcrumb"},"inLanguage":"sl-SI","potentialAction":[{"@type":"ReadAction","target":["https:\/\/www.iskreni.net\/trgovina\/product\/pikica\/"]}]},{"@type":"ImageObject","inLanguage":"sl-SI","@id":"https:\/\/www.iskreni.net\/trgovina\/product\/pikica\/#primaryimage","url":"https:\/\/www.iskreni.net\/trgovina\/wp-content\/uploads\/2023\/10\/Slike-za-v-spletno-trgovino-36.jpg","contentUrl":"https:\/\/www.iskreni.net\/trgovina\/wp-content\/uploads\/2023\/10\/Slike-za-v-spletno-trgovino-36.jpg","width":600,"height":600},{"@type":"BreadcrumbList","@id":"https:\/\/www.iskreni.net\/trgovina\/product\/pikica\/#breadcrumb","itemListElement":[{"@type":"ListItem","position":1,"name":"Home","item":"https:\/\/www.iskreni.net\/trgovina\/"},{"@type":"ListItem","position":2,"name":"Trgovina","item":"https:\/\/www.iskreni.net\/trgovina\/trgovina\/"},{"@type":"ListItem","position":3,"name":"Pikica"}]},{"@type":"WebSite","@id":"https:\/\/www.iskreni.net\/trgovina\/#website","url":"https:\/\/www.iskreni.net\/trgovina\/","name":"Zavod Iskreni","description":"trgovina","potentialAction":[{"@type":"SearchAction","target":{"@type":"EntryPoint","urlTemplate":"https:\/\/www.iskreni.net\/trgovina\/?s={search_term_string}"},"query-input":{"@type":"PropertyValueSpecification","valueRequired":true,"valueName":"search_term_string"}}],"inLanguage":"sl-SI"}]}},"_links":{"self":[{"href":"https:\/\/www.iskreni.net\/trgovina\/wp-json\/wp\/v2\/product\/70004","targetHints":{"allow":["GET"]}}],"collection":[{"href":"https:\/\/www.iskreni.net\/trgovina\/wp-json\/wp\/v2\/product"}],"about":[{"href":"https:\/\/www.iskreni.net\/trgovina\/wp-json\/wp\/v2\/types\/product"}],"replies":[{"embeddable":true,"href":"https:\/\/www.iskreni.net\/trgovina\/wp-json\/wp\/v2\/comments?post=70004"}],"version-history":[{"count":3,"href":"https:\/\/www.iskreni.net\/trgovina\/wp-json\/wp\/v2\/product\/70004\/revisions"}],"predecessor-version":[{"id":70009,"href":"https:\/\/www.iskreni.net\/trgovina\/wp-json\/wp\/v2\/product\/70004\/revisions\/70009"}],"wp:featuredmedia":[{"embeddable":true,"href":"https:\/\/www.iskreni.net\/trgovina\/wp-json\/wp\/v2\/media\/70006"}],"wp:attachment":[{"href":"https:\/\/www.iskreni.net\/trgovina\/wp-json\/wp\/v2\/media?parent=70004"}],"wp:term":[{"taxonomy":"product_brand","embeddable":true,"href":"https:\/\/www.iskreni.net\/trgovina\/wp-json\/wp\/v2\/product_brand?post=70004"},{"taxonomy":"product_cat","embeddable":true,"href":"https:\/\/www.iskreni.net\/trgovina\/wp-json\/wp\/v2\/product_cat?post=70004"},{"taxonomy":"product_tag","embeddable":true,"href":"https:\/\/www.iskreni.net\/trgovina\/wp-json\/wp\/v2\/product_tag?post=70004"},{"taxonomy":"avtor","embeddable":true,"href":"https:\/\/www.iskreni.net\/trgovina\/wp-json\/wp\/v2\/avtor?post=70004"},{"taxonomy":"zalozba","embeddable":true,"href":"https:\/\/www.iskreni.net\/trgovina\/wp-json\/wp\/v2\/zalozba?post=70004"},{"taxonomy":"vezava","embeddable":true,"href":"https:\/\/www.iskreni.net\/trgovina\/wp-json\/wp\/v2\/vezava?post=70004"}],"curies":[{"name":"wp","href":"https:\/\/api.w.org\/{rel}","templated":true}]}}