{"id":70000,"date":"2023-10-18T10:17:45","date_gmt":"2023-10-18T08:17:45","guid":{"rendered":"https:\/\/www.iskreni.net\/trgovina\/?post_type=product&#038;p=70000"},"modified":"2023-10-18T11:50:16","modified_gmt":"2023-10-18T09:50:16","slug":"prijatelj-z-ostrimi-zobmi-v-dolini-volkov","status":"publish","type":"product","link":"https:\/\/www.iskreni.net\/trgovina\/product\/prijatelj-z-ostrimi-zobmi-v-dolini-volkov\/","title":{"rendered":"Prijatelj z ostrimi zobmi: V Dolini volkov"},"content":{"rendered":"<h4>O knjigi Prijatelj z ostrimi zobmi: V Dolini volkov<\/h4>\n<div class=\"flex-viewport\">\n<div class=\"container detail_text\">\n<div class=\"row\">\n<div class=\"col-xs-12\">\n<p>Tomi in Jar se razposajena podita po planjavi. Videla se nista vso dolgo zimo! Ko za\u010dne zahajati sonce, se mora Tomi vrniti k svoji dru\u017eini v vas tekunic. Toda reka, ki jo je zjutraj \u0161e brez te\u017eav pre\u010dkal, je zdaj narasla v mo\u010dan, pobesnel tok. Tomiju ne preostane drugega, kot da si zavetje poi\u0161\u010de pri Jarovem krdelu. S cmokom v grlu sledi svojemu prijatelju v Dolino volkov.<\/p>\n<\/div>\n<\/div>\n<\/div>\n<\/div>\n<h5><a href=\"https:\/\/www.iskreni.net\/trgovina\/wp-content\/uploads\/2023\/10\/Scherz_VDoliniVolkov_prelistaj.pdf\">Prelistajte knjigo<\/a><\/h5>\n<p>&nbsp;<\/p>\n<p>&nbsp;<\/p>\n","protected":false},"excerpt":{"rendered":"<p><strong>Ilustracije: <\/strong>Barbara Scholz<strong><br \/>\nLeto izdaje:<\/strong> 2023<br \/>\n<strong>\u0160tevilo strani:<\/strong> 126<br \/>\n<strong>Mere:<\/strong> 18 x 24,5 cm<\/p>\n<h5><a href=\"https:\/\/www.iskreni.net\/trgovina\/wp-content\/uploads\/2023\/10\/Scherz_VDoliniVolkov_prelistaj.pdf\">Prelistajte knjigo<\/a><\/h5>\n","protected":false},"featured_media":69999,"comment_status":"open","ping_status":"closed","template":"","meta":[],"product_brand":[],"product_cat":[135],"product_tag":[],"avtor":[2455],"zalozba":[2356],"vezava":[2306],"class_list":{"0":"post-70000","1":"product","2":"type-product","3":"status-publish","4":"has-post-thumbnail","6":"product_cat-za-otroke","7":"avtor-oliver-scherz","8":"zalozba-mohorjeva-celovec","9":"vezava-trda","11":"first","12":"instock","13":"taxable","14":"shipping-taxable","15":"purchasable","16":"product-type-simple"},"yoast_head":"<!-- This site is optimized with the Yoast SEO plugin v26.3 - https:\/\/yoast.com\/wordpress\/plugins\/seo\/ -->\n<title>Prijatelj z ostrimi zobmi: V Dolini volkov - trgovina Iskreni<\/title>\n<meta name=\"description\" content=\"Prijatelj z ostrimi zobmi: V Dolini volkov je zgodba o nenavadnem, a prisr\u010dnem prijateljstvu med volkom in tekunico, ki mu je re\u0161ila \u017eivljenje.\" \/>\n<meta name=\"robots\" content=\"index, follow, max-snippet:-1, max-image-preview:large, max-video-preview:-1\" \/>\n<link rel=\"canonical\" href=\"https:\/\/www.iskreni.net\/trgovina\/product\/prijatelj-z-ostrimi-zobmi-v-dolini-volkov\/\" \/>\n<meta property=\"og:locale\" content=\"sl_SI\" \/>\n<meta property=\"og:type\" content=\"article\" \/>\n<meta property=\"og:title\" content=\"Prijatelj z ostrimi zobmi: V Dolini volkov\" \/>\n<meta property=\"og:description\" content=\"Prijatelj z ostrimi zobmi: V Dolini volkov je zgodba o nenavadnem, a prisr\u010dnem prijateljstvu med volkom in tekunico, ki mu je re\u0161ila \u017eivljenje.\" \/>\n<meta property=\"og:url\" content=\"https:\/\/www.iskreni.net\/trgovina\/product\/prijatelj-z-ostrimi-zobmi-v-dolini-volkov\/\" \/>\n<meta property=\"og:site_name\" content=\"Zavod Iskreni\" \/>\n<meta property=\"article:modified_time\" content=\"2023-10-18T09:50:16+00:00\" \/>\n<meta property=\"og:image\" content=\"https:\/\/www.iskreni.net\/trgovina\/wp-content\/uploads\/2023\/10\/Slike-za-v-spletno-trgovino-35.jpg\" \/>\n\t<meta property=\"og:image:width\" content=\"600\" \/>\n\t<meta property=\"og:image:height\" content=\"600\" \/>\n\t<meta property=\"og:image:type\" content=\"image\/jpeg\" \/>\n<meta name=\"twitter:card\" content=\"summary_large_image\" \/>\n<meta name=\"twitter:label1\" content=\"Est. reading time\" \/>\n\t<meta name=\"twitter:data1\" content=\"1 minuta\" \/>\n<script type=\"application\/ld+json\" class=\"yoast-schema-graph\">{\"@context\":\"https:\/\/schema.org\",\"@graph\":[{\"@type\":\"WebPage\",\"@id\":\"https:\/\/www.iskreni.net\/trgovina\/product\/prijatelj-z-ostrimi-zobmi-v-dolini-volkov\/\",\"url\":\"https:\/\/www.iskreni.net\/trgovina\/product\/prijatelj-z-ostrimi-zobmi-v-dolini-volkov\/\",\"name\":\"Prijatelj z ostrimi zobmi: V Dolini volkov - trgovina Iskreni\",\"isPartOf\":{\"@id\":\"https:\/\/www.iskreni.net\/trgovina\/#website\"},\"primaryImageOfPage\":{\"@id\":\"https:\/\/www.iskreni.net\/trgovina\/product\/prijatelj-z-ostrimi-zobmi-v-dolini-volkov\/#primaryimage\"},\"image\":{\"@id\":\"https:\/\/www.iskreni.net\/trgovina\/product\/prijatelj-z-ostrimi-zobmi-v-dolini-volkov\/#primaryimage\"},\"thumbnailUrl\":\"https:\/\/www.iskreni.net\/trgovina\/wp-content\/uploads\/2023\/10\/Slike-za-v-spletno-trgovino-35.jpg\",\"datePublished\":\"2023-10-18T08:17:45+00:00\",\"dateModified\":\"2023-10-18T09:50:16+00:00\",\"description\":\"Prijatelj z ostrimi zobmi: V Dolini volkov je zgodba o nenavadnem, a prisr\u010dnem prijateljstvu med volkom in tekunico, ki mu je re\u0161ila \u017eivljenje.\",\"breadcrumb\":{\"@id\":\"https:\/\/www.iskreni.net\/trgovina\/product\/prijatelj-z-ostrimi-zobmi-v-dolini-volkov\/#breadcrumb\"},\"inLanguage\":\"sl-SI\",\"potentialAction\":[{\"@type\":\"ReadAction\",\"target\":[\"https:\/\/www.iskreni.net\/trgovina\/product\/prijatelj-z-ostrimi-zobmi-v-dolini-volkov\/\"]}]},{\"@type\":\"ImageObject\",\"inLanguage\":\"sl-SI\",\"@id\":\"https:\/\/www.iskreni.net\/trgovina\/product\/prijatelj-z-ostrimi-zobmi-v-dolini-volkov\/#primaryimage\",\"url\":\"https:\/\/www.iskreni.net\/trgovina\/wp-content\/uploads\/2023\/10\/Slike-za-v-spletno-trgovino-35.jpg\",\"contentUrl\":\"https:\/\/www.iskreni.net\/trgovina\/wp-content\/uploads\/2023\/10\/Slike-za-v-spletno-trgovino-35.jpg\",\"width\":600,\"height\":600},{\"@type\":\"BreadcrumbList\",\"@id\":\"https:\/\/www.iskreni.net\/trgovina\/product\/prijatelj-z-ostrimi-zobmi-v-dolini-volkov\/#breadcrumb\",\"itemListElement\":[{\"@type\":\"ListItem\",\"position\":1,\"name\":\"Home\",\"item\":\"https:\/\/www.iskreni.net\/trgovina\/\"},{\"@type\":\"ListItem\",\"position\":2,\"name\":\"Trgovina\",\"item\":\"https:\/\/www.iskreni.net\/trgovina\/trgovina\/\"},{\"@type\":\"ListItem\",\"position\":3,\"name\":\"Prijatelj z ostrimi zobmi: V Dolini volkov\"}]},{\"@type\":\"WebSite\",\"@id\":\"https:\/\/www.iskreni.net\/trgovina\/#website\",\"url\":\"https:\/\/www.iskreni.net\/trgovina\/\",\"name\":\"Zavod Iskreni\",\"description\":\"trgovina\",\"potentialAction\":[{\"@type\":\"SearchAction\",\"target\":{\"@type\":\"EntryPoint\",\"urlTemplate\":\"https:\/\/www.iskreni.net\/trgovina\/?s={search_term_string}\"},\"query-input\":{\"@type\":\"PropertyValueSpecification\",\"valueRequired\":true,\"valueName\":\"search_term_string\"}}],\"inLanguage\":\"sl-SI\"}]}<\/script>\n<!-- \/ Yoast SEO plugin. -->","yoast_head_json":{"title":"Prijatelj z ostrimi zobmi: V Dolini volkov - trgovina Iskreni","description":"Prijatelj z ostrimi zobmi: V Dolini volkov je zgodba o nenavadnem, a prisr\u010dnem prijateljstvu med volkom in tekunico, ki mu je re\u0161ila \u017eivljenje.","robots":{"index":"index","follow":"follow","max-snippet":"max-snippet:-1","max-image-preview":"max-image-preview:large","max-video-preview":"max-video-preview:-1"},"canonical":"https:\/\/www.iskreni.net\/trgovina\/product\/prijatelj-z-ostrimi-zobmi-v-dolini-volkov\/","og_locale":"sl_SI","og_type":"article","og_title":"Prijatelj z ostrimi zobmi: V Dolini volkov","og_description":"Prijatelj z ostrimi zobmi: V Dolini volkov je zgodba o nenavadnem, a prisr\u010dnem prijateljstvu med volkom in tekunico, ki mu je re\u0161ila \u017eivljenje.","og_url":"https:\/\/www.iskreni.net\/trgovina\/product\/prijatelj-z-ostrimi-zobmi-v-dolini-volkov\/","og_site_name":"Zavod Iskreni","article_modified_time":"2023-10-18T09:50:16+00:00","og_image":[{"width":600,"height":600,"url":"https:\/\/www.iskreni.net\/trgovina\/wp-content\/uploads\/2023\/10\/Slike-za-v-spletno-trgovino-35.jpg","type":"image\/jpeg"}],"twitter_card":"summary_large_image","twitter_misc":{"Est. reading time":"1 minuta"},"schema":{"@context":"https:\/\/schema.org","@graph":[{"@type":"WebPage","@id":"https:\/\/www.iskreni.net\/trgovina\/product\/prijatelj-z-ostrimi-zobmi-v-dolini-volkov\/","url":"https:\/\/www.iskreni.net\/trgovina\/product\/prijatelj-z-ostrimi-zobmi-v-dolini-volkov\/","name":"Prijatelj z ostrimi zobmi: V Dolini volkov - trgovina Iskreni","isPartOf":{"@id":"https:\/\/www.iskreni.net\/trgovina\/#website"},"primaryImageOfPage":{"@id":"https:\/\/www.iskreni.net\/trgovina\/product\/prijatelj-z-ostrimi-zobmi-v-dolini-volkov\/#primaryimage"},"image":{"@id":"https:\/\/www.iskreni.net\/trgovina\/product\/prijatelj-z-ostrimi-zobmi-v-dolini-volkov\/#primaryimage"},"thumbnailUrl":"https:\/\/www.iskreni.net\/trgovina\/wp-content\/uploads\/2023\/10\/Slike-za-v-spletno-trgovino-35.jpg","datePublished":"2023-10-18T08:17:45+00:00","dateModified":"2023-10-18T09:50:16+00:00","description":"Prijatelj z ostrimi zobmi: V Dolini volkov je zgodba o nenavadnem, a prisr\u010dnem prijateljstvu med volkom in tekunico, ki mu je re\u0161ila \u017eivljenje.","breadcrumb":{"@id":"https:\/\/www.iskreni.net\/trgovina\/product\/prijatelj-z-ostrimi-zobmi-v-dolini-volkov\/#breadcrumb"},"inLanguage":"sl-SI","potentialAction":[{"@type":"ReadAction","target":["https:\/\/www.iskreni.net\/trgovina\/product\/prijatelj-z-ostrimi-zobmi-v-dolini-volkov\/"]}]},{"@type":"ImageObject","inLanguage":"sl-SI","@id":"https:\/\/www.iskreni.net\/trgovina\/product\/prijatelj-z-ostrimi-zobmi-v-dolini-volkov\/#primaryimage","url":"https:\/\/www.iskreni.net\/trgovina\/wp-content\/uploads\/2023\/10\/Slike-za-v-spletno-trgovino-35.jpg","contentUrl":"https:\/\/www.iskreni.net\/trgovina\/wp-content\/uploads\/2023\/10\/Slike-za-v-spletno-trgovino-35.jpg","width":600,"height":600},{"@type":"BreadcrumbList","@id":"https:\/\/www.iskreni.net\/trgovina\/product\/prijatelj-z-ostrimi-zobmi-v-dolini-volkov\/#breadcrumb","itemListElement":[{"@type":"ListItem","position":1,"name":"Home","item":"https:\/\/www.iskreni.net\/trgovina\/"},{"@type":"ListItem","position":2,"name":"Trgovina","item":"https:\/\/www.iskreni.net\/trgovina\/trgovina\/"},{"@type":"ListItem","position":3,"name":"Prijatelj z ostrimi zobmi: V Dolini volkov"}]},{"@type":"WebSite","@id":"https:\/\/www.iskreni.net\/trgovina\/#website","url":"https:\/\/www.iskreni.net\/trgovina\/","name":"Zavod Iskreni","description":"trgovina","potentialAction":[{"@type":"SearchAction","target":{"@type":"EntryPoint","urlTemplate":"https:\/\/www.iskreni.net\/trgovina\/?s={search_term_string}"},"query-input":{"@type":"PropertyValueSpecification","valueRequired":true,"valueName":"search_term_string"}}],"inLanguage":"sl-SI"}]}},"_links":{"self":[{"href":"https:\/\/www.iskreni.net\/trgovina\/wp-json\/wp\/v2\/product\/70000","targetHints":{"allow":["GET"]}}],"collection":[{"href":"https:\/\/www.iskreni.net\/trgovina\/wp-json\/wp\/v2\/product"}],"about":[{"href":"https:\/\/www.iskreni.net\/trgovina\/wp-json\/wp\/v2\/types\/product"}],"replies":[{"embeddable":true,"href":"https:\/\/www.iskreni.net\/trgovina\/wp-json\/wp\/v2\/comments?post=70000"}],"version-history":[{"count":2,"href":"https:\/\/www.iskreni.net\/trgovina\/wp-json\/wp\/v2\/product\/70000\/revisions"}],"predecessor-version":[{"id":70003,"href":"https:\/\/www.iskreni.net\/trgovina\/wp-json\/wp\/v2\/product\/70000\/revisions\/70003"}],"wp:featuredmedia":[{"embeddable":true,"href":"https:\/\/www.iskreni.net\/trgovina\/wp-json\/wp\/v2\/media\/69999"}],"wp:attachment":[{"href":"https:\/\/www.iskreni.net\/trgovina\/wp-json\/wp\/v2\/media?parent=70000"}],"wp:term":[{"taxonomy":"product_brand","embeddable":true,"href":"https:\/\/www.iskreni.net\/trgovina\/wp-json\/wp\/v2\/product_brand?post=70000"},{"taxonomy":"product_cat","embeddable":true,"href":"https:\/\/www.iskreni.net\/trgovina\/wp-json\/wp\/v2\/product_cat?post=70000"},{"taxonomy":"product_tag","embeddable":true,"href":"https:\/\/www.iskreni.net\/trgovina\/wp-json\/wp\/v2\/product_tag?post=70000"},{"taxonomy":"avtor","embeddable":true,"href":"https:\/\/www.iskreni.net\/trgovina\/wp-json\/wp\/v2\/avtor?post=70000"},{"taxonomy":"zalozba","embeddable":true,"href":"https:\/\/www.iskreni.net\/trgovina\/wp-json\/wp\/v2\/zalozba?post=70000"},{"taxonomy":"vezava","embeddable":true,"href":"https:\/\/www.iskreni.net\/trgovina\/wp-json\/wp\/v2\/vezava?post=70000"}],"curies":[{"name":"wp","href":"https:\/\/api.w.org\/{rel}","templated":true}]}}