{"id":69992,"date":"2023-11-02T11:00:11","date_gmt":"2023-11-02T10:00:11","guid":{"rendered":"https:\/\/www.iskreni.net\/trgovina\/?post_type=product&#038;p=69992"},"modified":"2023-11-02T11:03:12","modified_gmt":"2023-11-02T10:03:12","slug":"kaj-za-vraga-naj-kupim-za-darilo","status":"publish","type":"product","link":"https:\/\/www.iskreni.net\/trgovina\/product\/kaj-za-vraga-naj-kupim-za-darilo\/","title":{"rendered":"Kaj za vraga naj kupim za darilo?"},"content":{"rendered":"<h4><strong>O izdelku:<\/strong><\/h4>\n<p>Vsaki\u010d znova eno in isto vpra\u0161anje: \u201cKaj za vraga naj kupim za darilo?\u201d<\/p>\n<p>Zabavne in izvirne ideje za malo denarja! Prvi priro\u010dnik, ki ti kon\u010dno vse to nudi na enem mestu. Natanko 446 simpati\u010dnih idej, zdru\u017eenih v 33 tem (npr. upokojenec, mladi o\u010dka, mladoporo\u010denca, vselitev v novi dom \u2026), te odre\u0161i KAJ KUPITI hkrati pa tudi KAKO PODARITI, da resni\u010dno navdu\u0161i\u0161. Poleg izvirnih idej dobi\u0161 tudi humorno besedilo, da lahko darilo zaokro\u017ei\u0161 v celovito in hecno zgodbo. Priro\u010dnik, ki ga preprosto MORA\u0160 IMETI!<\/p>\n<p>&nbsp;<\/p>\n","protected":false},"excerpt":{"rendered":"<p><strong>Leto izdaje:<\/strong> 2015<br \/>\n<strong>\u0160tevilo strani:<\/strong> 149<br \/>\n<strong>Mere:<\/strong> 21,5 x 21,5 cm<\/p>\n<p>Zabavne in izvirne ideje za malo denarja!<\/p>\n<h4><\/h4>\n","protected":false},"featured_media":70495,"comment_status":"open","ping_status":"closed","template":"","meta":[],"product_brand":[],"product_cat":[2327,668,63],"product_tag":[],"avtor":[2591],"zalozba":[],"vezava":[2306],"class_list":{"0":"post-69992","1":"product","2":"type-product","3":"status-publish","4":"has-post-thumbnail","6":"product_cat-prirocniki-in-vodniki","7":"product_cat-darilni-program","8":"product_cat-knjige","9":"avtor-brigita-oblak","10":"vezava-trda","12":"first","13":"instock","14":"taxable","15":"shipping-taxable","16":"purchasable","17":"product-type-simple"},"yoast_head":"<!-- This site is optimized with the Yoast SEO plugin v26.3 - https:\/\/yoast.com\/wordpress\/plugins\/seo\/ -->\n<title>Kaj za vraga naj kupim za darilo? - trgovina Iskreni<\/title>\n<meta name=\"description\" content=\"Kaj za vraga naj kupim za darilo?, se spra\u0161uje marsikdo. Konec te\u017eav z obdarovanjem! ve\u010d kot 300 idej, 33 tem, opremljenih tudi z nasveti, KAKO PODARITI.\" \/>\n<meta name=\"robots\" content=\"index, follow, max-snippet:-1, max-image-preview:large, max-video-preview:-1\" \/>\n<link rel=\"canonical\" href=\"https:\/\/www.iskreni.net\/trgovina\/product\/kaj-za-vraga-naj-kupim-za-darilo\/\" \/>\n<meta property=\"og:locale\" content=\"sl_SI\" \/>\n<meta property=\"og:type\" content=\"article\" \/>\n<meta property=\"og:title\" content=\"Kaj za vraga naj kupim za darilo?\" \/>\n<meta property=\"og:description\" content=\"Kaj za vraga naj kupim za darilo?, se spra\u0161uje marsikdo. Konec te\u017eav z obdarovanjem! ve\u010d kot 300 idej, 33 tem, opremljenih tudi z nasveti, KAKO PODARITI.\" \/>\n<meta property=\"og:url\" content=\"https:\/\/www.iskreni.net\/trgovina\/product\/kaj-za-vraga-naj-kupim-za-darilo\/\" \/>\n<meta property=\"og:site_name\" content=\"Zavod Iskreni\" \/>\n<meta property=\"article:modified_time\" content=\"2023-11-02T10:03:12+00:00\" \/>\n<meta property=\"og:image\" content=\"https:\/\/www.iskreni.net\/trgovina\/wp-content\/uploads\/2023\/10\/Slike-za-v-spletno-trgovino-41.jpg\" \/>\n\t<meta property=\"og:image:width\" content=\"600\" \/>\n\t<meta property=\"og:image:height\" content=\"600\" \/>\n\t<meta property=\"og:image:type\" content=\"image\/jpeg\" \/>\n<meta name=\"twitter:card\" content=\"summary_large_image\" \/>\n<meta name=\"twitter:label1\" content=\"Est. reading time\" \/>\n\t<meta name=\"twitter:data1\" content=\"1 minuta\" \/>\n<script type=\"application\/ld+json\" class=\"yoast-schema-graph\">{\"@context\":\"https:\/\/schema.org\",\"@graph\":[{\"@type\":\"WebPage\",\"@id\":\"https:\/\/www.iskreni.net\/trgovina\/product\/kaj-za-vraga-naj-kupim-za-darilo\/\",\"url\":\"https:\/\/www.iskreni.net\/trgovina\/product\/kaj-za-vraga-naj-kupim-za-darilo\/\",\"name\":\"Kaj za vraga naj kupim za darilo? - trgovina Iskreni\",\"isPartOf\":{\"@id\":\"https:\/\/www.iskreni.net\/trgovina\/#website\"},\"primaryImageOfPage\":{\"@id\":\"https:\/\/www.iskreni.net\/trgovina\/product\/kaj-za-vraga-naj-kupim-za-darilo\/#primaryimage\"},\"image\":{\"@id\":\"https:\/\/www.iskreni.net\/trgovina\/product\/kaj-za-vraga-naj-kupim-za-darilo\/#primaryimage\"},\"thumbnailUrl\":\"https:\/\/www.iskreni.net\/trgovina\/wp-content\/uploads\/2023\/10\/Slike-za-v-spletno-trgovino-41.jpg\",\"datePublished\":\"2023-11-02T10:00:11+00:00\",\"dateModified\":\"2023-11-02T10:03:12+00:00\",\"description\":\"Kaj za vraga naj kupim za darilo?, se spra\u0161uje marsikdo. Konec te\u017eav z obdarovanjem! ve\u010d kot 300 idej, 33 tem, opremljenih tudi z nasveti, KAKO PODARITI.\",\"breadcrumb\":{\"@id\":\"https:\/\/www.iskreni.net\/trgovina\/product\/kaj-za-vraga-naj-kupim-za-darilo\/#breadcrumb\"},\"inLanguage\":\"sl-SI\",\"potentialAction\":[{\"@type\":\"ReadAction\",\"target\":[\"https:\/\/www.iskreni.net\/trgovina\/product\/kaj-za-vraga-naj-kupim-za-darilo\/\"]}]},{\"@type\":\"ImageObject\",\"inLanguage\":\"sl-SI\",\"@id\":\"https:\/\/www.iskreni.net\/trgovina\/product\/kaj-za-vraga-naj-kupim-za-darilo\/#primaryimage\",\"url\":\"https:\/\/www.iskreni.net\/trgovina\/wp-content\/uploads\/2023\/10\/Slike-za-v-spletno-trgovino-41.jpg\",\"contentUrl\":\"https:\/\/www.iskreni.net\/trgovina\/wp-content\/uploads\/2023\/10\/Slike-za-v-spletno-trgovino-41.jpg\",\"width\":600,\"height\":600},{\"@type\":\"BreadcrumbList\",\"@id\":\"https:\/\/www.iskreni.net\/trgovina\/product\/kaj-za-vraga-naj-kupim-za-darilo\/#breadcrumb\",\"itemListElement\":[{\"@type\":\"ListItem\",\"position\":1,\"name\":\"Home\",\"item\":\"https:\/\/www.iskreni.net\/trgovina\/\"},{\"@type\":\"ListItem\",\"position\":2,\"name\":\"Trgovina\",\"item\":\"https:\/\/www.iskreni.net\/trgovina\/trgovina\/\"},{\"@type\":\"ListItem\",\"position\":3,\"name\":\"Kaj za vraga naj kupim za darilo?\"}]},{\"@type\":\"WebSite\",\"@id\":\"https:\/\/www.iskreni.net\/trgovina\/#website\",\"url\":\"https:\/\/www.iskreni.net\/trgovina\/\",\"name\":\"Zavod Iskreni\",\"description\":\"trgovina\",\"potentialAction\":[{\"@type\":\"SearchAction\",\"target\":{\"@type\":\"EntryPoint\",\"urlTemplate\":\"https:\/\/www.iskreni.net\/trgovina\/?s={search_term_string}\"},\"query-input\":{\"@type\":\"PropertyValueSpecification\",\"valueRequired\":true,\"valueName\":\"search_term_string\"}}],\"inLanguage\":\"sl-SI\"}]}<\/script>\n<!-- \/ Yoast SEO plugin. -->","yoast_head_json":{"title":"Kaj za vraga naj kupim za darilo? - trgovina Iskreni","description":"Kaj za vraga naj kupim za darilo?, se spra\u0161uje marsikdo. Konec te\u017eav z obdarovanjem! ve\u010d kot 300 idej, 33 tem, opremljenih tudi z nasveti, KAKO PODARITI.","robots":{"index":"index","follow":"follow","max-snippet":"max-snippet:-1","max-image-preview":"max-image-preview:large","max-video-preview":"max-video-preview:-1"},"canonical":"https:\/\/www.iskreni.net\/trgovina\/product\/kaj-za-vraga-naj-kupim-za-darilo\/","og_locale":"sl_SI","og_type":"article","og_title":"Kaj za vraga naj kupim za darilo?","og_description":"Kaj za vraga naj kupim za darilo?, se spra\u0161uje marsikdo. Konec te\u017eav z obdarovanjem! ve\u010d kot 300 idej, 33 tem, opremljenih tudi z nasveti, KAKO PODARITI.","og_url":"https:\/\/www.iskreni.net\/trgovina\/product\/kaj-za-vraga-naj-kupim-za-darilo\/","og_site_name":"Zavod Iskreni","article_modified_time":"2023-11-02T10:03:12+00:00","og_image":[{"width":600,"height":600,"url":"https:\/\/www.iskreni.net\/trgovina\/wp-content\/uploads\/2023\/10\/Slike-za-v-spletno-trgovino-41.jpg","type":"image\/jpeg"}],"twitter_card":"summary_large_image","twitter_misc":{"Est. reading time":"1 minuta"},"schema":{"@context":"https:\/\/schema.org","@graph":[{"@type":"WebPage","@id":"https:\/\/www.iskreni.net\/trgovina\/product\/kaj-za-vraga-naj-kupim-za-darilo\/","url":"https:\/\/www.iskreni.net\/trgovina\/product\/kaj-za-vraga-naj-kupim-za-darilo\/","name":"Kaj za vraga naj kupim za darilo? - trgovina Iskreni","isPartOf":{"@id":"https:\/\/www.iskreni.net\/trgovina\/#website"},"primaryImageOfPage":{"@id":"https:\/\/www.iskreni.net\/trgovina\/product\/kaj-za-vraga-naj-kupim-za-darilo\/#primaryimage"},"image":{"@id":"https:\/\/www.iskreni.net\/trgovina\/product\/kaj-za-vraga-naj-kupim-za-darilo\/#primaryimage"},"thumbnailUrl":"https:\/\/www.iskreni.net\/trgovina\/wp-content\/uploads\/2023\/10\/Slike-za-v-spletno-trgovino-41.jpg","datePublished":"2023-11-02T10:00:11+00:00","dateModified":"2023-11-02T10:03:12+00:00","description":"Kaj za vraga naj kupim za darilo?, se spra\u0161uje marsikdo. Konec te\u017eav z obdarovanjem! ve\u010d kot 300 idej, 33 tem, opremljenih tudi z nasveti, KAKO PODARITI.","breadcrumb":{"@id":"https:\/\/www.iskreni.net\/trgovina\/product\/kaj-za-vraga-naj-kupim-za-darilo\/#breadcrumb"},"inLanguage":"sl-SI","potentialAction":[{"@type":"ReadAction","target":["https:\/\/www.iskreni.net\/trgovina\/product\/kaj-za-vraga-naj-kupim-za-darilo\/"]}]},{"@type":"ImageObject","inLanguage":"sl-SI","@id":"https:\/\/www.iskreni.net\/trgovina\/product\/kaj-za-vraga-naj-kupim-za-darilo\/#primaryimage","url":"https:\/\/www.iskreni.net\/trgovina\/wp-content\/uploads\/2023\/10\/Slike-za-v-spletno-trgovino-41.jpg","contentUrl":"https:\/\/www.iskreni.net\/trgovina\/wp-content\/uploads\/2023\/10\/Slike-za-v-spletno-trgovino-41.jpg","width":600,"height":600},{"@type":"BreadcrumbList","@id":"https:\/\/www.iskreni.net\/trgovina\/product\/kaj-za-vraga-naj-kupim-za-darilo\/#breadcrumb","itemListElement":[{"@type":"ListItem","position":1,"name":"Home","item":"https:\/\/www.iskreni.net\/trgovina\/"},{"@type":"ListItem","position":2,"name":"Trgovina","item":"https:\/\/www.iskreni.net\/trgovina\/trgovina\/"},{"@type":"ListItem","position":3,"name":"Kaj za vraga naj kupim za darilo?"}]},{"@type":"WebSite","@id":"https:\/\/www.iskreni.net\/trgovina\/#website","url":"https:\/\/www.iskreni.net\/trgovina\/","name":"Zavod Iskreni","description":"trgovina","potentialAction":[{"@type":"SearchAction","target":{"@type":"EntryPoint","urlTemplate":"https:\/\/www.iskreni.net\/trgovina\/?s={search_term_string}"},"query-input":{"@type":"PropertyValueSpecification","valueRequired":true,"valueName":"search_term_string"}}],"inLanguage":"sl-SI"}]}},"_links":{"self":[{"href":"https:\/\/www.iskreni.net\/trgovina\/wp-json\/wp\/v2\/product\/69992","targetHints":{"allow":["GET"]}}],"collection":[{"href":"https:\/\/www.iskreni.net\/trgovina\/wp-json\/wp\/v2\/product"}],"about":[{"href":"https:\/\/www.iskreni.net\/trgovina\/wp-json\/wp\/v2\/types\/product"}],"replies":[{"embeddable":true,"href":"https:\/\/www.iskreni.net\/trgovina\/wp-json\/wp\/v2\/comments?post=69992"}],"version-history":[{"count":2,"href":"https:\/\/www.iskreni.net\/trgovina\/wp-json\/wp\/v2\/product\/69992\/revisions"}],"predecessor-version":[{"id":70517,"href":"https:\/\/www.iskreni.net\/trgovina\/wp-json\/wp\/v2\/product\/69992\/revisions\/70517"}],"wp:featuredmedia":[{"embeddable":true,"href":"https:\/\/www.iskreni.net\/trgovina\/wp-json\/wp\/v2\/media\/70495"}],"wp:attachment":[{"href":"https:\/\/www.iskreni.net\/trgovina\/wp-json\/wp\/v2\/media?parent=69992"}],"wp:term":[{"taxonomy":"product_brand","embeddable":true,"href":"https:\/\/www.iskreni.net\/trgovina\/wp-json\/wp\/v2\/product_brand?post=69992"},{"taxonomy":"product_cat","embeddable":true,"href":"https:\/\/www.iskreni.net\/trgovina\/wp-json\/wp\/v2\/product_cat?post=69992"},{"taxonomy":"product_tag","embeddable":true,"href":"https:\/\/www.iskreni.net\/trgovina\/wp-json\/wp\/v2\/product_tag?post=69992"},{"taxonomy":"avtor","embeddable":true,"href":"https:\/\/www.iskreni.net\/trgovina\/wp-json\/wp\/v2\/avtor?post=69992"},{"taxonomy":"zalozba","embeddable":true,"href":"https:\/\/www.iskreni.net\/trgovina\/wp-json\/wp\/v2\/zalozba?post=69992"},{"taxonomy":"vezava","embeddable":true,"href":"https:\/\/www.iskreni.net\/trgovina\/wp-json\/wp\/v2\/vezava?post=69992"}],"curies":[{"name":"wp","href":"https:\/\/api.w.org\/{rel}","templated":true}]}}