{"id":69888,"date":"2023-10-13T11:32:13","date_gmt":"2023-10-13T09:32:13","guid":{"rendered":"https:\/\/www.iskreni.net\/trgovina\/?post_type=product&#038;p=69888"},"modified":"2025-07-09T14:01:28","modified_gmt":"2025-07-09T12:01:28","slug":"velik-korak-glasbena-slikanica","status":"publish","type":"product","link":"https:\/\/www.iskreni.net\/trgovina\/product\/velik-korak-glasbena-slikanica\/","title":{"rendered":"Velik korak (glasbena slikanica)"},"content":{"rendered":"<h4>O knjigi Velik korak<\/h4>\n<p>Velik korak je glasbena slikanica, ki ponuja 22 pesmi za otroke, zraven pa so prilo\u017eeni tudi notni zapisi. Slikanica je delo Jane Vidovi\u010d in Andreje Vekar, ki je s svojim unikatnim slogom ilustracij pesmim dodala vrednost.<\/p>\n<p>Pesmi so razli\u010dnih vsebin, v katerih se vsak otrok lahko prepozna. Melodije so enostavne in nalezljive. Pozor! Ko se jih enkrat nau\u010di\u0161, ti ne gredo ve\u010d iz glave. Pesmi so uporabne tako doma, v vrtcu, \u0161oli. Primerne so tudi za otro\u0161ke pevske zbore.<\/p>\n<p>Najve\u010dje korake delajo otroci, ko odra\u0161\u010dajo. Zato so oni prvi, ki jim je namenjena ta knjiga. Njihovi star\u0161i, stari star\u0161i, vzgojitelji, u\u010ditelji, strici in tete pa boste otroke za en korak bolje razumeli, predvsem pa se boste ob prebiranju in prepevanju pesmi skupaj z otroki nasmejali in zabavali. Dovoljene so tudi solze. Le-te so zlate kot smeh, vsi smo polni obeh.<\/p>\n","protected":false},"excerpt":{"rendered":"<p><strong>\u0160tevilo strani<\/strong>: 52<br \/>\n<strong>Leto izdaje:<\/strong> 2022<br \/>\n<strong>Mere:<\/strong> 20,5 x 25,5 cm<\/p>\n","protected":false},"featured_media":69885,"comment_status":"open","ping_status":"closed","template":"","meta":[],"product_brand":[],"product_cat":[63,135],"product_tag":[],"avtor":[2435],"zalozba":[2434],"vezava":[2306],"class_list":{"0":"post-69888","1":"product","2":"type-product","3":"status-publish","4":"has-post-thumbnail","6":"product_cat-knjige","7":"product_cat-za-otroke","8":"avtor-jana-vidovic","9":"zalozba-impala","10":"vezava-trda","12":"first","13":"onbackorder","14":"taxable","15":"shipping-taxable","16":"purchasable","17":"product-type-simple"},"yoast_head":"<!-- This site is optimized with the Yoast SEO plugin v26.3 - https:\/\/yoast.com\/wordpress\/plugins\/seo\/ -->\n<title>Velik korak - trgovina Iskreni<\/title>\n<meta name=\"description\" content=\"Velik korak je glasbena slikanica, ki ponuja 22 pesmi za otroke, zraven pa so prilo\u017eeni tudi notni zapisi. Melodije so enostavne in nalezljive.\" \/>\n<meta name=\"robots\" content=\"index, follow, max-snippet:-1, max-image-preview:large, max-video-preview:-1\" \/>\n<link rel=\"canonical\" href=\"https:\/\/www.iskreni.net\/trgovina\/product\/velik-korak-glasbena-slikanica\/\" \/>\n<meta property=\"og:locale\" content=\"sl_SI\" \/>\n<meta property=\"og:type\" content=\"article\" \/>\n<meta property=\"og:title\" content=\"Velik korak\" \/>\n<meta property=\"og:description\" content=\"Velik korak je glasbena slikanica, ki ponuja 22 pesmi za otroke, zraven pa so prilo\u017eeni tudi notni zapisi. Melodije so enostavne in nalezljive.\" \/>\n<meta property=\"og:url\" content=\"https:\/\/www.iskreni.net\/trgovina\/product\/velik-korak-glasbena-slikanica\/\" \/>\n<meta property=\"og:site_name\" content=\"Zavod Iskreni\" \/>\n<meta property=\"article:modified_time\" content=\"2025-07-09T12:01:28+00:00\" \/>\n<meta property=\"og:image\" content=\"https:\/\/www.iskreni.net\/trgovina\/wp-content\/uploads\/2023\/10\/Slike-za-v-spletno-trgovino-31.jpg\" \/>\n\t<meta property=\"og:image:width\" content=\"600\" \/>\n\t<meta property=\"og:image:height\" content=\"600\" \/>\n\t<meta property=\"og:image:type\" content=\"image\/jpeg\" \/>\n<meta name=\"twitter:card\" content=\"summary_large_image\" \/>\n<meta name=\"twitter:label1\" content=\"Est. reading time\" \/>\n\t<meta name=\"twitter:data1\" content=\"1 minuta\" \/>\n<script type=\"application\/ld+json\" class=\"yoast-schema-graph\">{\"@context\":\"https:\/\/schema.org\",\"@graph\":[{\"@type\":\"WebPage\",\"@id\":\"https:\/\/www.iskreni.net\/trgovina\/product\/velik-korak-glasbena-slikanica\/\",\"url\":\"https:\/\/www.iskreni.net\/trgovina\/product\/velik-korak-glasbena-slikanica\/\",\"name\":\"Velik korak - trgovina Iskreni\",\"isPartOf\":{\"@id\":\"https:\/\/www.iskreni.net\/trgovina\/#website\"},\"primaryImageOfPage\":{\"@id\":\"https:\/\/www.iskreni.net\/trgovina\/product\/velik-korak-glasbena-slikanica\/#primaryimage\"},\"image\":{\"@id\":\"https:\/\/www.iskreni.net\/trgovina\/product\/velik-korak-glasbena-slikanica\/#primaryimage\"},\"thumbnailUrl\":\"https:\/\/www.iskreni.net\/trgovina\/wp-content\/uploads\/2023\/10\/Slike-za-v-spletno-trgovino-31.jpg\",\"datePublished\":\"2023-10-13T09:32:13+00:00\",\"dateModified\":\"2025-07-09T12:01:28+00:00\",\"description\":\"Velik korak je glasbena slikanica, ki ponuja 22 pesmi za otroke, zraven pa so prilo\u017eeni tudi notni zapisi. Melodije so enostavne in nalezljive.\",\"breadcrumb\":{\"@id\":\"https:\/\/www.iskreni.net\/trgovina\/product\/velik-korak-glasbena-slikanica\/#breadcrumb\"},\"inLanguage\":\"sl-SI\",\"potentialAction\":[{\"@type\":\"ReadAction\",\"target\":[\"https:\/\/www.iskreni.net\/trgovina\/product\/velik-korak-glasbena-slikanica\/\"]}]},{\"@type\":\"ImageObject\",\"inLanguage\":\"sl-SI\",\"@id\":\"https:\/\/www.iskreni.net\/trgovina\/product\/velik-korak-glasbena-slikanica\/#primaryimage\",\"url\":\"https:\/\/www.iskreni.net\/trgovina\/wp-content\/uploads\/2023\/10\/Slike-za-v-spletno-trgovino-31.jpg\",\"contentUrl\":\"https:\/\/www.iskreni.net\/trgovina\/wp-content\/uploads\/2023\/10\/Slike-za-v-spletno-trgovino-31.jpg\",\"width\":600,\"height\":600},{\"@type\":\"BreadcrumbList\",\"@id\":\"https:\/\/www.iskreni.net\/trgovina\/product\/velik-korak-glasbena-slikanica\/#breadcrumb\",\"itemListElement\":[{\"@type\":\"ListItem\",\"position\":1,\"name\":\"Home\",\"item\":\"https:\/\/www.iskreni.net\/trgovina\/\"},{\"@type\":\"ListItem\",\"position\":2,\"name\":\"Trgovina\",\"item\":\"https:\/\/www.iskreni.net\/trgovina\/trgovina\/\"},{\"@type\":\"ListItem\",\"position\":3,\"name\":\"Velik korak (glasbena slikanica)\"}]},{\"@type\":\"WebSite\",\"@id\":\"https:\/\/www.iskreni.net\/trgovina\/#website\",\"url\":\"https:\/\/www.iskreni.net\/trgovina\/\",\"name\":\"Zavod Iskreni\",\"description\":\"trgovina\",\"potentialAction\":[{\"@type\":\"SearchAction\",\"target\":{\"@type\":\"EntryPoint\",\"urlTemplate\":\"https:\/\/www.iskreni.net\/trgovina\/?s={search_term_string}\"},\"query-input\":{\"@type\":\"PropertyValueSpecification\",\"valueRequired\":true,\"valueName\":\"search_term_string\"}}],\"inLanguage\":\"sl-SI\"}]}<\/script>\n<!-- \/ Yoast SEO plugin. -->","yoast_head_json":{"title":"Velik korak - trgovina Iskreni","description":"Velik korak je glasbena slikanica, ki ponuja 22 pesmi za otroke, zraven pa so prilo\u017eeni tudi notni zapisi. Melodije so enostavne in nalezljive.","robots":{"index":"index","follow":"follow","max-snippet":"max-snippet:-1","max-image-preview":"max-image-preview:large","max-video-preview":"max-video-preview:-1"},"canonical":"https:\/\/www.iskreni.net\/trgovina\/product\/velik-korak-glasbena-slikanica\/","og_locale":"sl_SI","og_type":"article","og_title":"Velik korak","og_description":"Velik korak je glasbena slikanica, ki ponuja 22 pesmi za otroke, zraven pa so prilo\u017eeni tudi notni zapisi. Melodije so enostavne in nalezljive.","og_url":"https:\/\/www.iskreni.net\/trgovina\/product\/velik-korak-glasbena-slikanica\/","og_site_name":"Zavod Iskreni","article_modified_time":"2025-07-09T12:01:28+00:00","og_image":[{"width":600,"height":600,"url":"https:\/\/www.iskreni.net\/trgovina\/wp-content\/uploads\/2023\/10\/Slike-za-v-spletno-trgovino-31.jpg","type":"image\/jpeg"}],"twitter_card":"summary_large_image","twitter_misc":{"Est. reading time":"1 minuta"},"schema":{"@context":"https:\/\/schema.org","@graph":[{"@type":"WebPage","@id":"https:\/\/www.iskreni.net\/trgovina\/product\/velik-korak-glasbena-slikanica\/","url":"https:\/\/www.iskreni.net\/trgovina\/product\/velik-korak-glasbena-slikanica\/","name":"Velik korak - trgovina Iskreni","isPartOf":{"@id":"https:\/\/www.iskreni.net\/trgovina\/#website"},"primaryImageOfPage":{"@id":"https:\/\/www.iskreni.net\/trgovina\/product\/velik-korak-glasbena-slikanica\/#primaryimage"},"image":{"@id":"https:\/\/www.iskreni.net\/trgovina\/product\/velik-korak-glasbena-slikanica\/#primaryimage"},"thumbnailUrl":"https:\/\/www.iskreni.net\/trgovina\/wp-content\/uploads\/2023\/10\/Slike-za-v-spletno-trgovino-31.jpg","datePublished":"2023-10-13T09:32:13+00:00","dateModified":"2025-07-09T12:01:28+00:00","description":"Velik korak je glasbena slikanica, ki ponuja 22 pesmi za otroke, zraven pa so prilo\u017eeni tudi notni zapisi. Melodije so enostavne in nalezljive.","breadcrumb":{"@id":"https:\/\/www.iskreni.net\/trgovina\/product\/velik-korak-glasbena-slikanica\/#breadcrumb"},"inLanguage":"sl-SI","potentialAction":[{"@type":"ReadAction","target":["https:\/\/www.iskreni.net\/trgovina\/product\/velik-korak-glasbena-slikanica\/"]}]},{"@type":"ImageObject","inLanguage":"sl-SI","@id":"https:\/\/www.iskreni.net\/trgovina\/product\/velik-korak-glasbena-slikanica\/#primaryimage","url":"https:\/\/www.iskreni.net\/trgovina\/wp-content\/uploads\/2023\/10\/Slike-za-v-spletno-trgovino-31.jpg","contentUrl":"https:\/\/www.iskreni.net\/trgovina\/wp-content\/uploads\/2023\/10\/Slike-za-v-spletno-trgovino-31.jpg","width":600,"height":600},{"@type":"BreadcrumbList","@id":"https:\/\/www.iskreni.net\/trgovina\/product\/velik-korak-glasbena-slikanica\/#breadcrumb","itemListElement":[{"@type":"ListItem","position":1,"name":"Home","item":"https:\/\/www.iskreni.net\/trgovina\/"},{"@type":"ListItem","position":2,"name":"Trgovina","item":"https:\/\/www.iskreni.net\/trgovina\/trgovina\/"},{"@type":"ListItem","position":3,"name":"Velik korak (glasbena slikanica)"}]},{"@type":"WebSite","@id":"https:\/\/www.iskreni.net\/trgovina\/#website","url":"https:\/\/www.iskreni.net\/trgovina\/","name":"Zavod Iskreni","description":"trgovina","potentialAction":[{"@type":"SearchAction","target":{"@type":"EntryPoint","urlTemplate":"https:\/\/www.iskreni.net\/trgovina\/?s={search_term_string}"},"query-input":{"@type":"PropertyValueSpecification","valueRequired":true,"valueName":"search_term_string"}}],"inLanguage":"sl-SI"}]}},"_links":{"self":[{"href":"https:\/\/www.iskreni.net\/trgovina\/wp-json\/wp\/v2\/product\/69888","targetHints":{"allow":["GET"]}}],"collection":[{"href":"https:\/\/www.iskreni.net\/trgovina\/wp-json\/wp\/v2\/product"}],"about":[{"href":"https:\/\/www.iskreni.net\/trgovina\/wp-json\/wp\/v2\/types\/product"}],"replies":[{"embeddable":true,"href":"https:\/\/www.iskreni.net\/trgovina\/wp-json\/wp\/v2\/comments?post=69888"}],"version-history":[{"count":2,"href":"https:\/\/www.iskreni.net\/trgovina\/wp-json\/wp\/v2\/product\/69888\/revisions"}],"predecessor-version":[{"id":69893,"href":"https:\/\/www.iskreni.net\/trgovina\/wp-json\/wp\/v2\/product\/69888\/revisions\/69893"}],"wp:featuredmedia":[{"embeddable":true,"href":"https:\/\/www.iskreni.net\/trgovina\/wp-json\/wp\/v2\/media\/69885"}],"wp:attachment":[{"href":"https:\/\/www.iskreni.net\/trgovina\/wp-json\/wp\/v2\/media?parent=69888"}],"wp:term":[{"taxonomy":"product_brand","embeddable":true,"href":"https:\/\/www.iskreni.net\/trgovina\/wp-json\/wp\/v2\/product_brand?post=69888"},{"taxonomy":"product_cat","embeddable":true,"href":"https:\/\/www.iskreni.net\/trgovina\/wp-json\/wp\/v2\/product_cat?post=69888"},{"taxonomy":"product_tag","embeddable":true,"href":"https:\/\/www.iskreni.net\/trgovina\/wp-json\/wp\/v2\/product_tag?post=69888"},{"taxonomy":"avtor","embeddable":true,"href":"https:\/\/www.iskreni.net\/trgovina\/wp-json\/wp\/v2\/avtor?post=69888"},{"taxonomy":"zalozba","embeddable":true,"href":"https:\/\/www.iskreni.net\/trgovina\/wp-json\/wp\/v2\/zalozba?post=69888"},{"taxonomy":"vezava","embeddable":true,"href":"https:\/\/www.iskreni.net\/trgovina\/wp-json\/wp\/v2\/vezava?post=69888"}],"curies":[{"name":"wp","href":"https:\/\/api.w.org\/{rel}","templated":true}]}}