{"id":69829,"date":"2023-10-11T10:44:16","date_gmt":"2023-10-11T08:44:16","guid":{"rendered":"https:\/\/www.iskreni.net\/trgovina\/?post_type=product&#038;p=69829"},"modified":"2023-10-11T14:25:23","modified_gmt":"2023-10-11T12:25:23","slug":"vstajenjsko-materinstvo","status":"publish","type":"product","link":"https:\/\/www.iskreni.net\/trgovina\/product\/vstajenjsko-materinstvo\/","title":{"rendered":"Vstajenjsko materinstvo"},"content":{"rendered":"<h4><strong>O izdelku:<\/strong><\/h4>\n<p>Vstajenjsko materinstvo: uresni\u010devanje evangelija v materinstvu vam bo pomagalo razumeti in uporabiti evangelij pri pogostih te\u017eavah, s katerimi se soo\u010dajo mame, da bi lahko svojo nedeljsko veroizpoved povezali s ponedeljkovim jutranjim napadom jeze.<\/p>\n<p>Knjiga vabi, da odkrijete, kako tesno je evangelij povezan z vsakodnevnim materinstvom. Pridru\u017eite se avtoricama, ko se sprehajata skozi zgodbo odre\u0161enja in razkrivata, kako se evangelij nana\u0161a na va\u0161e vsakdanje \u017eivljenje ter prina\u0161a upanje, svobodo in veselje na vseh podro\u010djih materinstva.<\/p>\n<h4><strong>O avtoricah:<\/strong><\/h4>\n<p>Emily Jensen in Laura Wifler sta soustanoviteljici organizacije Vstajenjsko materinstvo in sovoditeljici popularnega podkasta. Sta tudi globoko sredi materinstva skupaj s svojimi bralkami. S kombinacijo dostopnosti, sorodnosti in dobrega poznavanja Svetega pisma znata Emily in Laura preprosto podati svetopisemske resnice, jih povezati in uporabiti v vsakdanjem \u017eivljenju. Bog redno in mogo\u010dno uporablja glasova teh dveh mamic, da bi \u017eenske po svetu navdu\u0161eval za evangelij. Kot svakinji Emily in Laura \u017eivita v osrednji Iowi s svojima dru\u017einama.<\/p>\n<h4>Odlomek iz knjige:<\/h4>\n<p>Ne glede na to, kak\u0161en je tvoj odnos z Bogom, se spomni, da te bo Sveti Duh, ko se bo\u0161 spokorila in verovala v Jezusa, pri\u010dvrstil na \u017eivo vinsko trto, samega Jezusa. Ko biva\u0161 v njem, se bo\u0161 za\u010dela spreminjati in dajati sadove, kar izhaja iz pristnega odnosa s to \u017eivo vinsko trto. Ko bo sad Duha rasel v tvojem \u017eivljenju, bo\u0161 za\u010dela ljubiti druge, kot Kristus ljubi tebe. Imela bo\u0161 veselje v Gospodu v vseh okoli\u0161\u010dinah. Tvoja du\u0161a bo poznala pravi mir, ko se bo vse drugo zdelo kaoti\u010dno. Izra\u017eala bo\u0161 potrpe\u017eljivost z nemirnimi otroki in se odzivala na nepravi\u010dno ravnanje in neprijetnosti s prijaznostjo. Do drugih bo\u0161 dobra, tudi ko drugi ne bodo dobri do tebe. Verovala bo\u0161 v stvari, ki jih bo\u0161 videla, ne\u017ena bo\u0161 do malih src in obvladovala bo\u0161 sebe. Ali je tak\u0161no materinstvo sploh mogo\u010de? Ne v popolnosti, seveda, ampak postopoma. Ko bo\u0161 ostajala v njem, se bo\u0161 spreminjala. In ni prepozno, da za\u010dne\u0161 ali za\u010dne\u0161 znova. Prav zdaj.<\/p>\n","protected":false},"excerpt":{"rendered":"<p><strong>Leto izdaje:<\/strong>\u00a02023<br \/>\n<strong>\u0160tevilo strani:<\/strong> 264<br \/>\n<strong>Mere:<\/strong> 173 x 225 mm<\/p>\n<h4><\/h4>\n","protected":false},"featured_media":69833,"comment_status":"open","ping_status":"closed","template":"","meta":[],"product_brand":[],"product_cat":[2322,2324,63],"product_tag":[1321,1896],"avtor":[2427,2428],"zalozba":[2311],"vezava":[2307],"class_list":{"0":"post-69829","1":"product","2":"type-product","3":"status-publish","4":"has-post-thumbnail","6":"product_cat-druzina-in-odnosi","7":"product_cat-duhovnost-in-osebna-rast","8":"product_cat-knjige","9":"product_tag-materinstvo","10":"product_tag-molitev","11":"avtor-emily-jensen","12":"avtor-laura-wifler","13":"zalozba-druzina","14":"vezava-mehka","16":"first","17":"instock","18":"taxable","19":"shipping-taxable","20":"purchasable","21":"product-type-simple"},"yoast_head":"<!-- This site is optimized with the Yoast SEO plugin v26.3 - https:\/\/yoast.com\/wordpress\/plugins\/seo\/ -->\n<title>Vstajenjsko materinstvo - trgovina Iskreni<\/title>\n<meta name=\"description\" content=\"Vstajenjsko materinstvo je v pomo\u010d vsem mamam, ki \u017eelijo \u017eiveti in uresni\u010devati evangelij na vseh podro\u010djih materinstva.\" \/>\n<meta name=\"robots\" content=\"index, follow, max-snippet:-1, max-image-preview:large, max-video-preview:-1\" \/>\n<link rel=\"canonical\" href=\"https:\/\/www.iskreni.net\/trgovina\/product\/vstajenjsko-materinstvo\/\" \/>\n<meta property=\"og:locale\" content=\"sl_SI\" \/>\n<meta property=\"og:type\" content=\"article\" \/>\n<meta property=\"og:title\" content=\"Vstajenjsko materinstvo\" \/>\n<meta property=\"og:description\" content=\"Vstajenjsko materinstvo je v pomo\u010d vsem mamam, ki \u017eelijo \u017eiveti in uresni\u010devati evangelij na vseh podro\u010djih materinstva.\" \/>\n<meta property=\"og:url\" content=\"https:\/\/www.iskreni.net\/trgovina\/product\/vstajenjsko-materinstvo\/\" \/>\n<meta property=\"og:site_name\" content=\"Zavod Iskreni\" \/>\n<meta property=\"article:modified_time\" content=\"2023-10-11T12:25:23+00:00\" \/>\n<meta property=\"og:image\" content=\"https:\/\/www.iskreni.net\/trgovina\/wp-content\/uploads\/2023\/10\/Slike-za-v-spletno-trgovino-17.jpg\" \/>\n\t<meta property=\"og:image:width\" content=\"600\" \/>\n\t<meta property=\"og:image:height\" content=\"600\" \/>\n\t<meta property=\"og:image:type\" content=\"image\/jpeg\" \/>\n<meta name=\"twitter:card\" content=\"summary_large_image\" \/>\n<meta name=\"twitter:label1\" content=\"Est. reading time\" \/>\n\t<meta name=\"twitter:data1\" content=\"2 minuti\" \/>\n<script type=\"application\/ld+json\" class=\"yoast-schema-graph\">{\"@context\":\"https:\/\/schema.org\",\"@graph\":[{\"@type\":\"WebPage\",\"@id\":\"https:\/\/www.iskreni.net\/trgovina\/product\/vstajenjsko-materinstvo\/\",\"url\":\"https:\/\/www.iskreni.net\/trgovina\/product\/vstajenjsko-materinstvo\/\",\"name\":\"Vstajenjsko materinstvo - trgovina Iskreni\",\"isPartOf\":{\"@id\":\"https:\/\/www.iskreni.net\/trgovina\/#website\"},\"primaryImageOfPage\":{\"@id\":\"https:\/\/www.iskreni.net\/trgovina\/product\/vstajenjsko-materinstvo\/#primaryimage\"},\"image\":{\"@id\":\"https:\/\/www.iskreni.net\/trgovina\/product\/vstajenjsko-materinstvo\/#primaryimage\"},\"thumbnailUrl\":\"https:\/\/www.iskreni.net\/trgovina\/wp-content\/uploads\/2023\/10\/Slike-za-v-spletno-trgovino-17.jpg\",\"datePublished\":\"2023-10-11T08:44:16+00:00\",\"dateModified\":\"2023-10-11T12:25:23+00:00\",\"description\":\"Vstajenjsko materinstvo je v pomo\u010d vsem mamam, ki \u017eelijo \u017eiveti in uresni\u010devati evangelij na vseh podro\u010djih materinstva.\",\"breadcrumb\":{\"@id\":\"https:\/\/www.iskreni.net\/trgovina\/product\/vstajenjsko-materinstvo\/#breadcrumb\"},\"inLanguage\":\"sl-SI\",\"potentialAction\":[{\"@type\":\"ReadAction\",\"target\":[\"https:\/\/www.iskreni.net\/trgovina\/product\/vstajenjsko-materinstvo\/\"]}]},{\"@type\":\"ImageObject\",\"inLanguage\":\"sl-SI\",\"@id\":\"https:\/\/www.iskreni.net\/trgovina\/product\/vstajenjsko-materinstvo\/#primaryimage\",\"url\":\"https:\/\/www.iskreni.net\/trgovina\/wp-content\/uploads\/2023\/10\/Slike-za-v-spletno-trgovino-17.jpg\",\"contentUrl\":\"https:\/\/www.iskreni.net\/trgovina\/wp-content\/uploads\/2023\/10\/Slike-za-v-spletno-trgovino-17.jpg\",\"width\":600,\"height\":600},{\"@type\":\"BreadcrumbList\",\"@id\":\"https:\/\/www.iskreni.net\/trgovina\/product\/vstajenjsko-materinstvo\/#breadcrumb\",\"itemListElement\":[{\"@type\":\"ListItem\",\"position\":1,\"name\":\"Home\",\"item\":\"https:\/\/www.iskreni.net\/trgovina\/\"},{\"@type\":\"ListItem\",\"position\":2,\"name\":\"Trgovina\",\"item\":\"https:\/\/www.iskreni.net\/trgovina\/trgovina\/\"},{\"@type\":\"ListItem\",\"position\":3,\"name\":\"Vstajenjsko materinstvo\"}]},{\"@type\":\"WebSite\",\"@id\":\"https:\/\/www.iskreni.net\/trgovina\/#website\",\"url\":\"https:\/\/www.iskreni.net\/trgovina\/\",\"name\":\"Zavod Iskreni\",\"description\":\"trgovina\",\"potentialAction\":[{\"@type\":\"SearchAction\",\"target\":{\"@type\":\"EntryPoint\",\"urlTemplate\":\"https:\/\/www.iskreni.net\/trgovina\/?s={search_term_string}\"},\"query-input\":{\"@type\":\"PropertyValueSpecification\",\"valueRequired\":true,\"valueName\":\"search_term_string\"}}],\"inLanguage\":\"sl-SI\"}]}<\/script>\n<!-- \/ Yoast SEO plugin. -->","yoast_head_json":{"title":"Vstajenjsko materinstvo - trgovina Iskreni","description":"Vstajenjsko materinstvo je v pomo\u010d vsem mamam, ki \u017eelijo \u017eiveti in uresni\u010devati evangelij na vseh podro\u010djih materinstva.","robots":{"index":"index","follow":"follow","max-snippet":"max-snippet:-1","max-image-preview":"max-image-preview:large","max-video-preview":"max-video-preview:-1"},"canonical":"https:\/\/www.iskreni.net\/trgovina\/product\/vstajenjsko-materinstvo\/","og_locale":"sl_SI","og_type":"article","og_title":"Vstajenjsko materinstvo","og_description":"Vstajenjsko materinstvo je v pomo\u010d vsem mamam, ki \u017eelijo \u017eiveti in uresni\u010devati evangelij na vseh podro\u010djih materinstva.","og_url":"https:\/\/www.iskreni.net\/trgovina\/product\/vstajenjsko-materinstvo\/","og_site_name":"Zavod Iskreni","article_modified_time":"2023-10-11T12:25:23+00:00","og_image":[{"width":600,"height":600,"url":"https:\/\/www.iskreni.net\/trgovina\/wp-content\/uploads\/2023\/10\/Slike-za-v-spletno-trgovino-17.jpg","type":"image\/jpeg"}],"twitter_card":"summary_large_image","twitter_misc":{"Est. reading time":"2 minuti"},"schema":{"@context":"https:\/\/schema.org","@graph":[{"@type":"WebPage","@id":"https:\/\/www.iskreni.net\/trgovina\/product\/vstajenjsko-materinstvo\/","url":"https:\/\/www.iskreni.net\/trgovina\/product\/vstajenjsko-materinstvo\/","name":"Vstajenjsko materinstvo - trgovina Iskreni","isPartOf":{"@id":"https:\/\/www.iskreni.net\/trgovina\/#website"},"primaryImageOfPage":{"@id":"https:\/\/www.iskreni.net\/trgovina\/product\/vstajenjsko-materinstvo\/#primaryimage"},"image":{"@id":"https:\/\/www.iskreni.net\/trgovina\/product\/vstajenjsko-materinstvo\/#primaryimage"},"thumbnailUrl":"https:\/\/www.iskreni.net\/trgovina\/wp-content\/uploads\/2023\/10\/Slike-za-v-spletno-trgovino-17.jpg","datePublished":"2023-10-11T08:44:16+00:00","dateModified":"2023-10-11T12:25:23+00:00","description":"Vstajenjsko materinstvo je v pomo\u010d vsem mamam, ki \u017eelijo \u017eiveti in uresni\u010devati evangelij na vseh podro\u010djih materinstva.","breadcrumb":{"@id":"https:\/\/www.iskreni.net\/trgovina\/product\/vstajenjsko-materinstvo\/#breadcrumb"},"inLanguage":"sl-SI","potentialAction":[{"@type":"ReadAction","target":["https:\/\/www.iskreni.net\/trgovina\/product\/vstajenjsko-materinstvo\/"]}]},{"@type":"ImageObject","inLanguage":"sl-SI","@id":"https:\/\/www.iskreni.net\/trgovina\/product\/vstajenjsko-materinstvo\/#primaryimage","url":"https:\/\/www.iskreni.net\/trgovina\/wp-content\/uploads\/2023\/10\/Slike-za-v-spletno-trgovino-17.jpg","contentUrl":"https:\/\/www.iskreni.net\/trgovina\/wp-content\/uploads\/2023\/10\/Slike-za-v-spletno-trgovino-17.jpg","width":600,"height":600},{"@type":"BreadcrumbList","@id":"https:\/\/www.iskreni.net\/trgovina\/product\/vstajenjsko-materinstvo\/#breadcrumb","itemListElement":[{"@type":"ListItem","position":1,"name":"Home","item":"https:\/\/www.iskreni.net\/trgovina\/"},{"@type":"ListItem","position":2,"name":"Trgovina","item":"https:\/\/www.iskreni.net\/trgovina\/trgovina\/"},{"@type":"ListItem","position":3,"name":"Vstajenjsko materinstvo"}]},{"@type":"WebSite","@id":"https:\/\/www.iskreni.net\/trgovina\/#website","url":"https:\/\/www.iskreni.net\/trgovina\/","name":"Zavod Iskreni","description":"trgovina","potentialAction":[{"@type":"SearchAction","target":{"@type":"EntryPoint","urlTemplate":"https:\/\/www.iskreni.net\/trgovina\/?s={search_term_string}"},"query-input":{"@type":"PropertyValueSpecification","valueRequired":true,"valueName":"search_term_string"}}],"inLanguage":"sl-SI"}]}},"_links":{"self":[{"href":"https:\/\/www.iskreni.net\/trgovina\/wp-json\/wp\/v2\/product\/69829","targetHints":{"allow":["GET"]}}],"collection":[{"href":"https:\/\/www.iskreni.net\/trgovina\/wp-json\/wp\/v2\/product"}],"about":[{"href":"https:\/\/www.iskreni.net\/trgovina\/wp-json\/wp\/v2\/types\/product"}],"replies":[{"embeddable":true,"href":"https:\/\/www.iskreni.net\/trgovina\/wp-json\/wp\/v2\/comments?post=69829"}],"version-history":[{"count":3,"href":"https:\/\/www.iskreni.net\/trgovina\/wp-json\/wp\/v2\/product\/69829\/revisions"}],"predecessor-version":[{"id":69835,"href":"https:\/\/www.iskreni.net\/trgovina\/wp-json\/wp\/v2\/product\/69829\/revisions\/69835"}],"wp:featuredmedia":[{"embeddable":true,"href":"https:\/\/www.iskreni.net\/trgovina\/wp-json\/wp\/v2\/media\/69833"}],"wp:attachment":[{"href":"https:\/\/www.iskreni.net\/trgovina\/wp-json\/wp\/v2\/media?parent=69829"}],"wp:term":[{"taxonomy":"product_brand","embeddable":true,"href":"https:\/\/www.iskreni.net\/trgovina\/wp-json\/wp\/v2\/product_brand?post=69829"},{"taxonomy":"product_cat","embeddable":true,"href":"https:\/\/www.iskreni.net\/trgovina\/wp-json\/wp\/v2\/product_cat?post=69829"},{"taxonomy":"product_tag","embeddable":true,"href":"https:\/\/www.iskreni.net\/trgovina\/wp-json\/wp\/v2\/product_tag?post=69829"},{"taxonomy":"avtor","embeddable":true,"href":"https:\/\/www.iskreni.net\/trgovina\/wp-json\/wp\/v2\/avtor?post=69829"},{"taxonomy":"zalozba","embeddable":true,"href":"https:\/\/www.iskreni.net\/trgovina\/wp-json\/wp\/v2\/zalozba?post=69829"},{"taxonomy":"vezava","embeddable":true,"href":"https:\/\/www.iskreni.net\/trgovina\/wp-json\/wp\/v2\/vezava?post=69829"}],"curies":[{"name":"wp","href":"https:\/\/api.w.org\/{rel}","templated":true}]}}