{"id":69450,"date":"2023-09-27T10:13:39","date_gmt":"2023-09-27T08:13:39","guid":{"rendered":"https:\/\/www.iskreni.net\/trgovina\/?post_type=product&#038;p=69450"},"modified":"2023-09-27T10:47:32","modified_gmt":"2023-09-27T08:47:32","slug":"sprasevanje-o-spolu-pri-otrocih-in-mladostnikih","status":"publish","type":"product","link":"https:\/\/www.iskreni.net\/trgovina\/product\/sprasevanje-o-spolu-pri-otrocih-in-mladostnikih\/","title":{"rendered":"Spra\u0161evanje o spolu pri otrocih in mladostnikih"},"content":{"rendered":"<h4><strong>O izdelku<\/strong><\/h4>\n<p>Leta 2021 so v Parizu zaradi \u00bbspolne disforije\u00ab, ker naj se torej ne bi istovetili s svojim spolom, obravnavali ve\u010d kakor 700 otrok, starih od 3 do 18 let. Dogajanje v Franciji (kjer je nastala ta knjiga) in v nekaterih drugih dr\u017eavah je sicer bolj napeto, a filmi, resni\u010dnostni \u0161ovi, najrazli\u010dnej\u0161i televizijski programi, programi aktivistov in politi\u010dne usmeritve tudi nas silijo, da se ovemo krize identitete, ki danes pretresa otroke in mladostnike, prihodnost na\u0161e dru\u017ebe.<\/p>\n<p>Strokovni prispevki in pri\u010devanja, zbrani v tej knjigi, nam brez olep\u0161evanja ka\u017eejo resni\u010dnost o konceptih dru\u017ebenega spola, medicinskih in psiholo\u0161kih vidikih \u00bbtranzicije\u00ab, pravnih posledicah ter ranljivosti \u0161olskega prostora, ko je izpostavljen zahtevam, povezanim s spolno identiteto u\u010dencev. Glede na vse, kar je napisano na teh straneh, jasno povejmo: spra\u0161evanje otrok in mladostnikov o spolu zadeva druga\u010den pristop kot zgolj nekriti\u010dno sprejemanje \u2013 dejstvo, da se otroci in mladostniki v \u010dasu oblikovanja svoje osebnosti spra\u0161ujejo o svoji spolni identiteti in se i\u0161\u010dejo, je namre\u010d nekaj najbolj normalnega.<\/p>\n<p>S teh strani pa poleg stiske otrok odseva tudi zaskrbljenost strokovnjakov za otroke: pedopsihiatrov, psihologov, zdravnikov, vzgojiteljev, \u0161olskih ravnateljev, pravnikov, filozofov, star\u0161ev, ki se vsi sre\u010dujejo s tem ob\u010dutljivim vpra\u0161anjem kot ljudje, ki so poklicani odgovoriti na klice na pomo\u010d, a jih sku\u0161ajo uti\u0161ati mogo\u010dni lobiji, ki jim o\u010ditajo homofobnost in transfobnost, br\u017e ko s svojimi raziskavami in priporo\u010dili pose\u017eejo zunaj poenostavljene re\u0161itve, da bi soglasno ustregli vsakr\u0161ni \u017eelji otroka ali mladostnika.<\/p>\n<h4><strong>O avtorju<\/strong><\/h4>\n<p><strong>Anne-Laure Boch<\/strong>, nevrokirurginja, doktorica filozofije;\u00a0<strong>J\u00e9r\u00f4me Brunet<\/strong>, nekdanji \u0161olski ravnatelj, svetovalec, kov\u010d, vodja izobra\u017eevanj;\u00a0<strong>Christian Flavigny<\/strong>, pedopsihiater, psihoanalitik;\u00a0<strong>In\u00e8s de Franclieu<\/strong>, glavna poobla\u0161\u010denka dru\u0161tva\u00a0<em>Com&#8217; je t&#8217;aime<\/em>, vodja usposabljanj za star\u0161e v okviru\u00a0<em>Com&#8217; Parents<\/em>;\u00a0<strong>Claire de Gatellier<\/strong>, predsednica zdru\u017eenja\u00a0<em>Famille et Libert\u00e9<\/em>;\u00a0<strong>Sabine Le Conte<\/strong>, nekdanja odvetnica pri pari\u0161ki odvetni\u0161ki zbornici, referentka za \u00bb\u0161olstvo\u00ab pri zdru\u017eenju\u00a0<em>Juristes Pour l&#8217;Enfance<\/em>;\u00a0<strong>Aude Mirkovic<\/strong>, predavateljica zasebnega prava, habilitirana za vodenje raziskav, pravna direktorica zdru\u017eenja\u00a0<em>Juristes<\/em><em>\u00a0pour l\u2019enfance<\/em>;\u00a0<strong>Rita de Roucy<\/strong>, klini\u010dna psihologinja psihoterapevtka;\u00a0<strong>Olivia Sarton<\/strong>, nekdanja odvetnica pari\u0161ke odvetni\u0161ke zbornice, znanstvena direktorica zdru\u017eenja\u00a0<em>Juristes pour l\u2019enfance<\/em><\/p>\n<h4><strong>Odlomek iz knjige:<\/strong><\/h4>\n<p>Namesto da to nezmernost iz ustre\u017eljivosti pritiramo do dozdevno povsem preprostega zahtevanja neke pravice, ki dejansko vodi v ujetost, bi bilo bolje, ko bi mlade podpirali v njihovem iskanju identitete. Seveda tako, da jih u\u010dimo sprejemanja in ne izmikanja resni\u010dnosti, da znotraj omejitev in z njihovo pomo\u010djo poi\u0161\u010dejo svojo pot v tem ozkem, a hkrati tako \u0161irokem hodniku mo\u017enosti, kako lahko svojo svobodo uresni\u010dujejo.<\/p>\n","protected":false},"excerpt":{"rendered":"<p><strong>Avtor prevoda: <\/strong>Tadeja Petrov\u010di\u010d Jerina<strong><br \/>\nLeto izdaje:<\/strong>\u00a02023<br \/>\n<strong>\u0160tevilo strani:<\/strong> 192<br \/>\n<strong>Mere:<\/strong> 140 x 210 mm<\/p>\n<h4>Spra\u0161evanje otrok in mladostnikov o spolu zadeva druga\u010den pristop kot zgolj nekriti\u010dno sprejemanje \u2013 dejstvo, da se otroci in mladostniki v \u010dasu oblikovanja svoje osebnosti spra\u0161ujejo o svoji spolni identiteti in se i\u0161\u010dejo, je namre\u010d nekaj najbolj normalnega.<\/h4>\n","protected":false},"featured_media":69577,"comment_status":"open","ping_status":"closed","template":"","meta":[],"product_brand":[],"product_cat":[2326,63],"product_tag":[],"avtor":[2422,2423],"zalozba":[2311],"vezava":[2307],"class_list":{"0":"post-69450","1":"product","2":"type-product","3":"status-publish","4":"has-post-thumbnail","6":"product_cat-druzbena-vprasanja-in-humanistika","7":"product_cat-knjige","8":"avtor-aude-mirkovic","9":"avtor-claire-de-gatellier","10":"zalozba-druzina","11":"vezava-mehka","13":"first","14":"instock","15":"taxable","16":"shipping-taxable","17":"purchasable","18":"product-type-simple"},"yoast_head":"<!-- This site is optimized with the Yoast SEO plugin v26.3 - https:\/\/yoast.com\/wordpress\/plugins\/seo\/ -->\n<title>Spra\u0161evanje o spolu pri otrocih in mladostnikih - Iskreni<\/title>\n<meta name=\"description\" content=\"Spra\u0161evanje o spolu pri otrocih in mladostnikih vsebuje strokovne prispevke in pri\u010devanja, ki govorijo o resni\u010dnosti konceptov dru\u017ebenega spola.\" \/>\n<meta name=\"robots\" content=\"index, follow, max-snippet:-1, max-image-preview:large, max-video-preview:-1\" \/>\n<link rel=\"canonical\" href=\"https:\/\/www.iskreni.net\/trgovina\/product\/sprasevanje-o-spolu-pri-otrocih-in-mladostnikih\/\" \/>\n<meta property=\"og:locale\" content=\"sl_SI\" \/>\n<meta property=\"og:type\" content=\"article\" \/>\n<meta property=\"og:title\" content=\"Spra\u0161evanje o spolu pri otrocih in mladostnikih\" \/>\n<meta property=\"og:description\" content=\"Spra\u0161evanje o spolu pri otrocih in mladostnikih vsebuje strokovne prispevke in pri\u010devanja, ki govorijo o resni\u010dnosti konceptov dru\u017ebenega spola.\" \/>\n<meta property=\"og:url\" content=\"https:\/\/www.iskreni.net\/trgovina\/product\/sprasevanje-o-spolu-pri-otrocih-in-mladostnikih\/\" \/>\n<meta property=\"og:site_name\" content=\"Zavod Iskreni\" \/>\n<meta property=\"article:modified_time\" content=\"2023-09-27T08:47:32+00:00\" \/>\n<meta property=\"og:image\" content=\"https:\/\/www.iskreni.net\/trgovina\/wp-content\/uploads\/2023\/09\/Slike-za-v-spletno-trgovino-13.jpg\" \/>\n\t<meta property=\"og:image:width\" content=\"600\" \/>\n\t<meta property=\"og:image:height\" content=\"600\" \/>\n\t<meta property=\"og:image:type\" content=\"image\/jpeg\" \/>\n<meta name=\"twitter:card\" content=\"summary_large_image\" \/>\n<meta name=\"twitter:label1\" content=\"Est. reading time\" \/>\n\t<meta name=\"twitter:data1\" content=\"3 minute\" \/>\n<script type=\"application\/ld+json\" class=\"yoast-schema-graph\">{\"@context\":\"https:\/\/schema.org\",\"@graph\":[{\"@type\":\"WebPage\",\"@id\":\"https:\/\/www.iskreni.net\/trgovina\/product\/sprasevanje-o-spolu-pri-otrocih-in-mladostnikih\/\",\"url\":\"https:\/\/www.iskreni.net\/trgovina\/product\/sprasevanje-o-spolu-pri-otrocih-in-mladostnikih\/\",\"name\":\"Spra\u0161evanje o spolu pri otrocih in mladostnikih - Iskreni\",\"isPartOf\":{\"@id\":\"https:\/\/www.iskreni.net\/trgovina\/#website\"},\"primaryImageOfPage\":{\"@id\":\"https:\/\/www.iskreni.net\/trgovina\/product\/sprasevanje-o-spolu-pri-otrocih-in-mladostnikih\/#primaryimage\"},\"image\":{\"@id\":\"https:\/\/www.iskreni.net\/trgovina\/product\/sprasevanje-o-spolu-pri-otrocih-in-mladostnikih\/#primaryimage\"},\"thumbnailUrl\":\"https:\/\/www.iskreni.net\/trgovina\/wp-content\/uploads\/2023\/09\/Slike-za-v-spletno-trgovino-13.jpg\",\"datePublished\":\"2023-09-27T08:13:39+00:00\",\"dateModified\":\"2023-09-27T08:47:32+00:00\",\"description\":\"Spra\u0161evanje o spolu pri otrocih in mladostnikih vsebuje strokovne prispevke in pri\u010devanja, ki govorijo o resni\u010dnosti konceptov dru\u017ebenega spola.\",\"breadcrumb\":{\"@id\":\"https:\/\/www.iskreni.net\/trgovina\/product\/sprasevanje-o-spolu-pri-otrocih-in-mladostnikih\/#breadcrumb\"},\"inLanguage\":\"sl-SI\",\"potentialAction\":[{\"@type\":\"ReadAction\",\"target\":[\"https:\/\/www.iskreni.net\/trgovina\/product\/sprasevanje-o-spolu-pri-otrocih-in-mladostnikih\/\"]}]},{\"@type\":\"ImageObject\",\"inLanguage\":\"sl-SI\",\"@id\":\"https:\/\/www.iskreni.net\/trgovina\/product\/sprasevanje-o-spolu-pri-otrocih-in-mladostnikih\/#primaryimage\",\"url\":\"https:\/\/www.iskreni.net\/trgovina\/wp-content\/uploads\/2023\/09\/Slike-za-v-spletno-trgovino-13.jpg\",\"contentUrl\":\"https:\/\/www.iskreni.net\/trgovina\/wp-content\/uploads\/2023\/09\/Slike-za-v-spletno-trgovino-13.jpg\",\"width\":600,\"height\":600},{\"@type\":\"BreadcrumbList\",\"@id\":\"https:\/\/www.iskreni.net\/trgovina\/product\/sprasevanje-o-spolu-pri-otrocih-in-mladostnikih\/#breadcrumb\",\"itemListElement\":[{\"@type\":\"ListItem\",\"position\":1,\"name\":\"Home\",\"item\":\"https:\/\/www.iskreni.net\/trgovina\/\"},{\"@type\":\"ListItem\",\"position\":2,\"name\":\"Trgovina\",\"item\":\"https:\/\/www.iskreni.net\/trgovina\/trgovina\/\"},{\"@type\":\"ListItem\",\"position\":3,\"name\":\"Spra\u0161evanje o spolu pri otrocih in mladostnikih\"}]},{\"@type\":\"WebSite\",\"@id\":\"https:\/\/www.iskreni.net\/trgovina\/#website\",\"url\":\"https:\/\/www.iskreni.net\/trgovina\/\",\"name\":\"Zavod Iskreni\",\"description\":\"trgovina\",\"potentialAction\":[{\"@type\":\"SearchAction\",\"target\":{\"@type\":\"EntryPoint\",\"urlTemplate\":\"https:\/\/www.iskreni.net\/trgovina\/?s={search_term_string}\"},\"query-input\":{\"@type\":\"PropertyValueSpecification\",\"valueRequired\":true,\"valueName\":\"search_term_string\"}}],\"inLanguage\":\"sl-SI\"}]}<\/script>\n<!-- \/ Yoast SEO plugin. -->","yoast_head_json":{"title":"Spra\u0161evanje o spolu pri otrocih in mladostnikih - Iskreni","description":"Spra\u0161evanje o spolu pri otrocih in mladostnikih vsebuje strokovne prispevke in pri\u010devanja, ki govorijo o resni\u010dnosti konceptov dru\u017ebenega spola.","robots":{"index":"index","follow":"follow","max-snippet":"max-snippet:-1","max-image-preview":"max-image-preview:large","max-video-preview":"max-video-preview:-1"},"canonical":"https:\/\/www.iskreni.net\/trgovina\/product\/sprasevanje-o-spolu-pri-otrocih-in-mladostnikih\/","og_locale":"sl_SI","og_type":"article","og_title":"Spra\u0161evanje o spolu pri otrocih in mladostnikih","og_description":"Spra\u0161evanje o spolu pri otrocih in mladostnikih vsebuje strokovne prispevke in pri\u010devanja, ki govorijo o resni\u010dnosti konceptov dru\u017ebenega spola.","og_url":"https:\/\/www.iskreni.net\/trgovina\/product\/sprasevanje-o-spolu-pri-otrocih-in-mladostnikih\/","og_site_name":"Zavod Iskreni","article_modified_time":"2023-09-27T08:47:32+00:00","og_image":[{"width":600,"height":600,"url":"https:\/\/www.iskreni.net\/trgovina\/wp-content\/uploads\/2023\/09\/Slike-za-v-spletno-trgovino-13.jpg","type":"image\/jpeg"}],"twitter_card":"summary_large_image","twitter_misc":{"Est. reading time":"3 minute"},"schema":{"@context":"https:\/\/schema.org","@graph":[{"@type":"WebPage","@id":"https:\/\/www.iskreni.net\/trgovina\/product\/sprasevanje-o-spolu-pri-otrocih-in-mladostnikih\/","url":"https:\/\/www.iskreni.net\/trgovina\/product\/sprasevanje-o-spolu-pri-otrocih-in-mladostnikih\/","name":"Spra\u0161evanje o spolu pri otrocih in mladostnikih - Iskreni","isPartOf":{"@id":"https:\/\/www.iskreni.net\/trgovina\/#website"},"primaryImageOfPage":{"@id":"https:\/\/www.iskreni.net\/trgovina\/product\/sprasevanje-o-spolu-pri-otrocih-in-mladostnikih\/#primaryimage"},"image":{"@id":"https:\/\/www.iskreni.net\/trgovina\/product\/sprasevanje-o-spolu-pri-otrocih-in-mladostnikih\/#primaryimage"},"thumbnailUrl":"https:\/\/www.iskreni.net\/trgovina\/wp-content\/uploads\/2023\/09\/Slike-za-v-spletno-trgovino-13.jpg","datePublished":"2023-09-27T08:13:39+00:00","dateModified":"2023-09-27T08:47:32+00:00","description":"Spra\u0161evanje o spolu pri otrocih in mladostnikih vsebuje strokovne prispevke in pri\u010devanja, ki govorijo o resni\u010dnosti konceptov dru\u017ebenega spola.","breadcrumb":{"@id":"https:\/\/www.iskreni.net\/trgovina\/product\/sprasevanje-o-spolu-pri-otrocih-in-mladostnikih\/#breadcrumb"},"inLanguage":"sl-SI","potentialAction":[{"@type":"ReadAction","target":["https:\/\/www.iskreni.net\/trgovina\/product\/sprasevanje-o-spolu-pri-otrocih-in-mladostnikih\/"]}]},{"@type":"ImageObject","inLanguage":"sl-SI","@id":"https:\/\/www.iskreni.net\/trgovina\/product\/sprasevanje-o-spolu-pri-otrocih-in-mladostnikih\/#primaryimage","url":"https:\/\/www.iskreni.net\/trgovina\/wp-content\/uploads\/2023\/09\/Slike-za-v-spletno-trgovino-13.jpg","contentUrl":"https:\/\/www.iskreni.net\/trgovina\/wp-content\/uploads\/2023\/09\/Slike-za-v-spletno-trgovino-13.jpg","width":600,"height":600},{"@type":"BreadcrumbList","@id":"https:\/\/www.iskreni.net\/trgovina\/product\/sprasevanje-o-spolu-pri-otrocih-in-mladostnikih\/#breadcrumb","itemListElement":[{"@type":"ListItem","position":1,"name":"Home","item":"https:\/\/www.iskreni.net\/trgovina\/"},{"@type":"ListItem","position":2,"name":"Trgovina","item":"https:\/\/www.iskreni.net\/trgovina\/trgovina\/"},{"@type":"ListItem","position":3,"name":"Spra\u0161evanje o spolu pri otrocih in mladostnikih"}]},{"@type":"WebSite","@id":"https:\/\/www.iskreni.net\/trgovina\/#website","url":"https:\/\/www.iskreni.net\/trgovina\/","name":"Zavod Iskreni","description":"trgovina","potentialAction":[{"@type":"SearchAction","target":{"@type":"EntryPoint","urlTemplate":"https:\/\/www.iskreni.net\/trgovina\/?s={search_term_string}"},"query-input":{"@type":"PropertyValueSpecification","valueRequired":true,"valueName":"search_term_string"}}],"inLanguage":"sl-SI"}]}},"_links":{"self":[{"href":"https:\/\/www.iskreni.net\/trgovina\/wp-json\/wp\/v2\/product\/69450","targetHints":{"allow":["GET"]}}],"collection":[{"href":"https:\/\/www.iskreni.net\/trgovina\/wp-json\/wp\/v2\/product"}],"about":[{"href":"https:\/\/www.iskreni.net\/trgovina\/wp-json\/wp\/v2\/types\/product"}],"replies":[{"embeddable":true,"href":"https:\/\/www.iskreni.net\/trgovina\/wp-json\/wp\/v2\/comments?post=69450"}],"version-history":[{"count":8,"href":"https:\/\/www.iskreni.net\/trgovina\/wp-json\/wp\/v2\/product\/69450\/revisions"}],"predecessor-version":[{"id":69584,"href":"https:\/\/www.iskreni.net\/trgovina\/wp-json\/wp\/v2\/product\/69450\/revisions\/69584"}],"wp:featuredmedia":[{"embeddable":true,"href":"https:\/\/www.iskreni.net\/trgovina\/wp-json\/wp\/v2\/media\/69577"}],"wp:attachment":[{"href":"https:\/\/www.iskreni.net\/trgovina\/wp-json\/wp\/v2\/media?parent=69450"}],"wp:term":[{"taxonomy":"product_brand","embeddable":true,"href":"https:\/\/www.iskreni.net\/trgovina\/wp-json\/wp\/v2\/product_brand?post=69450"},{"taxonomy":"product_cat","embeddable":true,"href":"https:\/\/www.iskreni.net\/trgovina\/wp-json\/wp\/v2\/product_cat?post=69450"},{"taxonomy":"product_tag","embeddable":true,"href":"https:\/\/www.iskreni.net\/trgovina\/wp-json\/wp\/v2\/product_tag?post=69450"},{"taxonomy":"avtor","embeddable":true,"href":"https:\/\/www.iskreni.net\/trgovina\/wp-json\/wp\/v2\/avtor?post=69450"},{"taxonomy":"zalozba","embeddable":true,"href":"https:\/\/www.iskreni.net\/trgovina\/wp-json\/wp\/v2\/zalozba?post=69450"},{"taxonomy":"vezava","embeddable":true,"href":"https:\/\/www.iskreni.net\/trgovina\/wp-json\/wp\/v2\/vezava?post=69450"}],"curies":[{"name":"wp","href":"https:\/\/api.w.org\/{rel}","templated":true}]}}