{"id":69129,"date":"2023-09-01T09:58:16","date_gmt":"2023-09-01T07:58:16","guid":{"rendered":"https:\/\/www.iskreni.net\/trgovina\/?post_type=product&#038;p=69129"},"modified":"2026-02-20T12:04:42","modified_gmt":"2026-02-20T11:04:42","slug":"pater-pij-cudezi-patra-pija","status":"publish","type":"product","link":"https:\/\/www.iskreni.net\/trgovina\/product\/pater-pij-cudezi-patra-pija\/","title":{"rendered":"Pater Pij &#8211; \u010cude\u017ei patra Pija"},"content":{"rendered":"<h4>O knjigi Pater Pij &#8211; \u010cude\u017ei patra Pija:<\/h4>\n<p>Gre za eno od najpopularnej\u0161ih knjig o priljubljenem svetniku na\u0161ega \u010dasa!<\/p>\n<p><strong>\u010cude\u017eno \u017eivljenje?<\/strong><\/p>\n<p>\u010cude\u017ei, stigme (Kristusove rane), bilokacije (biti isto\u010dasno prisoten na dveh razli\u010dnih mestih), napovedovanje prihodnjih dogodkov, \u0161tevilna ozdravljenja in spreobrnjenja \u2026 To so samo nekateri \u010dude\u017eni pojavi iz \u017eivljenja patra Pija, ki jih znanost ne uspe razlo\u017eiti, v knjigi pa so \u017eivo opisani!<\/p>\n<p>V procesu razglasitve za svetnika je Cerkev zbrala pri\u010devanja, dokumente, dokaze o \u0161tevilnih \u010dude\u017eih. Zaradi prevelikega \u0161tevila jih je izbrala in priznala sto.<\/p>\n<p><strong>Kdo je bil pater Pij?<\/strong><\/p>\n<p>Njegovo rojstno ime je Francesco Forgione. Odra\u0161\u010dal je v zelo revni dru\u017eini. Pri \u0161estnajstih letih je vstopil v noviciat bratov kapucinov (red kapucinov je iz\u0161el iz prvotno enotnega reda manj\u0161ih bratov Fran\u010di\u0161ka Asi\u0161kega) in postal brat Pij. Potem ko je postal duhovnik, ga je ljudstvo imenovalo pater Pij (padre Pio). Znan je po tem, da je prvi duhovnik s stigmami v zgodovini Cerkve. Umrl je leta 1968, v 81. letu \u017eivljenja. Pape\u017e Janez Pavel II. ga je leta 2002 razglasil za svetega.<\/p>\n<p><strong>Svetnik, ki \u0161e vedno \u017eivi<\/strong><\/p>\n<p>Pater Pij je obljubil, da ne bo nikoli prenehal skrbeti za tiste, ki se bodo k njemu obra\u010dali po pomo\u010d. Od njegove zemeljske smrti pa do danes se v svetu neprestano dogajajo \u0161tevilni \u010dude\u017ei na njegovo pripro\u0161njo; \u0161tevilnim ljudem, ki \u017eivijo na razli\u010dnih delih sveta, se je pokazal in jih re\u0161il smrti ali pa jim je pri Bogu izprosil drug \u010dude\u017e.<\/p>\n<p>Mnogi so \u017ee med prebiranjem o njem na \u010dude\u017een na\u010din na\u0161li oziroma obnovili vero v vstalega Gospoda Jezusa Kristusa. \u0160tevilni so bili spodbujeni, da odidejo v San Giovanni Rotondo, kjer se nahaja njegovo nestrohnjeno telo in kjer se na poseben na\u010din \u010duti njegova pripro\u0161nja.<\/p>\n<p><strong>O knjigi<\/strong><\/p>\n<p>Znani italijanski novinar Renzo Allegri je raziskal na tiso\u010de dokumentov, ki so shranjeni v arhivu, da bi izpovedal \u010dude\u017eno \u017eivljenjsko zgodbo patra Pija iz Pietrelcine.<\/p>\n<p><strong>V knjigi lahko preberete:<\/strong><\/p>\n<p>&#8211; pri\u010devanja o ozdravljenjih, spreobrnjenjih, \u010dude\u017enih posegih na pripro\u0161njo patra Pija;<\/p>\n<p>&#8211; kako je prejel stigme, Kristusove rane, ki jih je nosil 50 let;<\/p>\n<p>&#8211; o sku\u0161njavah in bojih s silami zla;<\/p>\n<p>&#8211; kako je zgradil eno najmodernej\u0161ih evropskih bolnic \u2013 Hi\u0161o laj\u0161anja trpljenja;<\/p>\n<p>&#8211; kako so bili videti njegovi zadnji dnevi zemeljskega \u017eivljenja \u2026<\/p>\n<p>&nbsp;<\/p>\n<p><strong>Mnenja o patru Piju<\/strong><\/p>\n<p><em>\u00bb\u010clovek se je tekom vseh teh let zelo spremenil. Morda je manj ob\u010dutljiv za probleme duha, ni pa se prenehal \u010duditi patru Piju.\u00ab<\/em><\/p>\n<p>Renzo Allegri, avtor<\/p>\n<p><em>\u00bbMenim, da je pater Pij ena od najve\u010djih karizmati\u010dnih osebnosti na\u0161ega \u010dasa in ena od najpomembnej\u0161ih v zgodovini Cerkve.\u00ab<\/em><\/p>\n<p>Kardinal Giuseppe Siri<\/p>\n<p><em>\u00bbPater Pij je svetu pokazal, da je Bog resni\u010den in da je edini pravi uspeh v \u017eivljenju svetost.\u00ab<\/em><\/p>\n<p>Kardinal Sean P. O&#8217; Malley<\/p>\n","protected":false},"excerpt":{"rendered":"<div>\n<p><strong>Prevedel:<\/strong> Janko Jo\u017eef Pirc<br \/>\n<strong>Leto izdaje:<\/strong> 2022<br \/>\n<strong>\u0160tevilo strani:<\/strong> 341<\/p>\n<\/div>\n<div>\n<h4>Ena najpopularnej\u0161ih knjig o priljubljenem svetniku na\u0161ega \u010dasa!<\/h4>\n<\/div>\n","protected":false},"featured_media":69209,"comment_status":"open","ping_status":"closed","template":"","meta":[],"product_brand":[],"product_cat":[2324,63],"product_tag":[1619],"avtor":[2416],"zalozba":[2345],"vezava":[2306],"class_list":{"0":"post-69129","1":"product","2":"type-product","3":"status-publish","4":"has-post-thumbnail","6":"product_cat-duhovnost-in-osebna-rast","7":"product_cat-knjige","8":"product_tag-svetniki","9":"avtor-renzo-allegri","10":"zalozba-kerigma","11":"vezava-trda","13":"first","14":"instock","15":"taxable","16":"shipping-taxable","17":"purchasable","18":"product-type-simple"},"yoast_head":"<!-- This site is optimized with the Yoast SEO plugin v26.3 - https:\/\/yoast.com\/wordpress\/plugins\/seo\/ -->\n<title>Pater Pij - \u010cude\u017ei patra Pija - trgovina Iskreni<\/title>\n<meta name=\"description\" content=\"\u010cude\u017ei patra Pija nam skozi o\u010di novinarja Renza Allegrija, ki je raziskal na tiso\u010de arhivskih dokumentov, predstavi \u010dude\u017eno \u017eivljenjsko zgodbo patra Pija.\" \/>\n<meta name=\"robots\" content=\"index, follow, max-snippet:-1, max-image-preview:large, max-video-preview:-1\" \/>\n<link rel=\"canonical\" href=\"https:\/\/www.iskreni.net\/trgovina\/product\/pater-pij-cudezi-patra-pija\/\" \/>\n<meta property=\"og:locale\" content=\"sl_SI\" \/>\n<meta property=\"og:type\" content=\"article\" \/>\n<meta property=\"og:title\" content=\"\u010cude\u017ei patra Pija\" \/>\n<meta property=\"og:description\" content=\"\u010cude\u017ei patra Pija nam skozi o\u010di novinarja Renza Allegrija, ki je raziskal na tiso\u010de arhivskih dokumentov, predstavi \u010dude\u017eno \u017eivljenjsko zgodbo patra Pija.\" \/>\n<meta property=\"og:url\" content=\"https:\/\/www.iskreni.net\/trgovina\/product\/pater-pij-cudezi-patra-pija\/\" \/>\n<meta property=\"og:site_name\" content=\"Zavod Iskreni\" \/>\n<meta property=\"article:modified_time\" content=\"2026-02-20T11:04:42+00:00\" \/>\n<meta property=\"og:image\" content=\"https:\/\/www.iskreni.net\/trgovina\/wp-content\/uploads\/2023\/09\/Slike-za-v-spletno-trgovino-9.jpg\" \/>\n\t<meta property=\"og:image:width\" content=\"600\" \/>\n\t<meta property=\"og:image:height\" content=\"600\" \/>\n\t<meta property=\"og:image:type\" content=\"image\/jpeg\" \/>\n<meta name=\"twitter:card\" content=\"summary_large_image\" \/>\n<meta name=\"twitter:label1\" content=\"Est. reading time\" \/>\n\t<meta name=\"twitter:data1\" content=\"3 minute\" \/>\n<script type=\"application\/ld+json\" class=\"yoast-schema-graph\">{\"@context\":\"https:\/\/schema.org\",\"@graph\":[{\"@type\":\"WebPage\",\"@id\":\"https:\/\/www.iskreni.net\/trgovina\/product\/pater-pij-cudezi-patra-pija\/\",\"url\":\"https:\/\/www.iskreni.net\/trgovina\/product\/pater-pij-cudezi-patra-pija\/\",\"name\":\"Pater Pij - \u010cude\u017ei patra Pija - trgovina Iskreni\",\"isPartOf\":{\"@id\":\"https:\/\/www.iskreni.net\/trgovina\/#website\"},\"primaryImageOfPage\":{\"@id\":\"https:\/\/www.iskreni.net\/trgovina\/product\/pater-pij-cudezi-patra-pija\/#primaryimage\"},\"image\":{\"@id\":\"https:\/\/www.iskreni.net\/trgovina\/product\/pater-pij-cudezi-patra-pija\/#primaryimage\"},\"thumbnailUrl\":\"https:\/\/www.iskreni.net\/trgovina\/wp-content\/uploads\/2023\/09\/Slike-za-v-spletno-trgovino-9.jpg\",\"datePublished\":\"2023-09-01T07:58:16+00:00\",\"dateModified\":\"2026-02-20T11:04:42+00:00\",\"description\":\"\u010cude\u017ei patra Pija nam skozi o\u010di novinarja Renza Allegrija, ki je raziskal na tiso\u010de arhivskih dokumentov, predstavi \u010dude\u017eno \u017eivljenjsko zgodbo patra Pija.\",\"breadcrumb\":{\"@id\":\"https:\/\/www.iskreni.net\/trgovina\/product\/pater-pij-cudezi-patra-pija\/#breadcrumb\"},\"inLanguage\":\"sl-SI\",\"potentialAction\":[{\"@type\":\"ReadAction\",\"target\":[\"https:\/\/www.iskreni.net\/trgovina\/product\/pater-pij-cudezi-patra-pija\/\"]}]},{\"@type\":\"ImageObject\",\"inLanguage\":\"sl-SI\",\"@id\":\"https:\/\/www.iskreni.net\/trgovina\/product\/pater-pij-cudezi-patra-pija\/#primaryimage\",\"url\":\"https:\/\/www.iskreni.net\/trgovina\/wp-content\/uploads\/2023\/09\/Slike-za-v-spletno-trgovino-9.jpg\",\"contentUrl\":\"https:\/\/www.iskreni.net\/trgovina\/wp-content\/uploads\/2023\/09\/Slike-za-v-spletno-trgovino-9.jpg\",\"width\":600,\"height\":600},{\"@type\":\"BreadcrumbList\",\"@id\":\"https:\/\/www.iskreni.net\/trgovina\/product\/pater-pij-cudezi-patra-pija\/#breadcrumb\",\"itemListElement\":[{\"@type\":\"ListItem\",\"position\":1,\"name\":\"Home\",\"item\":\"https:\/\/www.iskreni.net\/trgovina\/\"},{\"@type\":\"ListItem\",\"position\":2,\"name\":\"Trgovina\",\"item\":\"https:\/\/www.iskreni.net\/trgovina\/trgovina\/\"},{\"@type\":\"ListItem\",\"position\":3,\"name\":\"Pater Pij &#8211; \u010cude\u017ei patra Pija\"}]},{\"@type\":\"WebSite\",\"@id\":\"https:\/\/www.iskreni.net\/trgovina\/#website\",\"url\":\"https:\/\/www.iskreni.net\/trgovina\/\",\"name\":\"Zavod Iskreni\",\"description\":\"trgovina\",\"potentialAction\":[{\"@type\":\"SearchAction\",\"target\":{\"@type\":\"EntryPoint\",\"urlTemplate\":\"https:\/\/www.iskreni.net\/trgovina\/?s={search_term_string}\"},\"query-input\":{\"@type\":\"PropertyValueSpecification\",\"valueRequired\":true,\"valueName\":\"search_term_string\"}}],\"inLanguage\":\"sl-SI\"}]}<\/script>\n<!-- \/ Yoast SEO plugin. -->","yoast_head_json":{"title":"Pater Pij - \u010cude\u017ei patra Pija - trgovina Iskreni","description":"\u010cude\u017ei patra Pija nam skozi o\u010di novinarja Renza Allegrija, ki je raziskal na tiso\u010de arhivskih dokumentov, predstavi \u010dude\u017eno \u017eivljenjsko zgodbo patra Pija.","robots":{"index":"index","follow":"follow","max-snippet":"max-snippet:-1","max-image-preview":"max-image-preview:large","max-video-preview":"max-video-preview:-1"},"canonical":"https:\/\/www.iskreni.net\/trgovina\/product\/pater-pij-cudezi-patra-pija\/","og_locale":"sl_SI","og_type":"article","og_title":"\u010cude\u017ei patra Pija","og_description":"\u010cude\u017ei patra Pija nam skozi o\u010di novinarja Renza Allegrija, ki je raziskal na tiso\u010de arhivskih dokumentov, predstavi \u010dude\u017eno \u017eivljenjsko zgodbo patra Pija.","og_url":"https:\/\/www.iskreni.net\/trgovina\/product\/pater-pij-cudezi-patra-pija\/","og_site_name":"Zavod Iskreni","article_modified_time":"2026-02-20T11:04:42+00:00","og_image":[{"width":600,"height":600,"url":"https:\/\/www.iskreni.net\/trgovina\/wp-content\/uploads\/2023\/09\/Slike-za-v-spletno-trgovino-9.jpg","type":"image\/jpeg"}],"twitter_card":"summary_large_image","twitter_misc":{"Est. reading time":"3 minute"},"schema":{"@context":"https:\/\/schema.org","@graph":[{"@type":"WebPage","@id":"https:\/\/www.iskreni.net\/trgovina\/product\/pater-pij-cudezi-patra-pija\/","url":"https:\/\/www.iskreni.net\/trgovina\/product\/pater-pij-cudezi-patra-pija\/","name":"Pater Pij - \u010cude\u017ei patra Pija - trgovina Iskreni","isPartOf":{"@id":"https:\/\/www.iskreni.net\/trgovina\/#website"},"primaryImageOfPage":{"@id":"https:\/\/www.iskreni.net\/trgovina\/product\/pater-pij-cudezi-patra-pija\/#primaryimage"},"image":{"@id":"https:\/\/www.iskreni.net\/trgovina\/product\/pater-pij-cudezi-patra-pija\/#primaryimage"},"thumbnailUrl":"https:\/\/www.iskreni.net\/trgovina\/wp-content\/uploads\/2023\/09\/Slike-za-v-spletno-trgovino-9.jpg","datePublished":"2023-09-01T07:58:16+00:00","dateModified":"2026-02-20T11:04:42+00:00","description":"\u010cude\u017ei patra Pija nam skozi o\u010di novinarja Renza Allegrija, ki je raziskal na tiso\u010de arhivskih dokumentov, predstavi \u010dude\u017eno \u017eivljenjsko zgodbo patra Pija.","breadcrumb":{"@id":"https:\/\/www.iskreni.net\/trgovina\/product\/pater-pij-cudezi-patra-pija\/#breadcrumb"},"inLanguage":"sl-SI","potentialAction":[{"@type":"ReadAction","target":["https:\/\/www.iskreni.net\/trgovina\/product\/pater-pij-cudezi-patra-pija\/"]}]},{"@type":"ImageObject","inLanguage":"sl-SI","@id":"https:\/\/www.iskreni.net\/trgovina\/product\/pater-pij-cudezi-patra-pija\/#primaryimage","url":"https:\/\/www.iskreni.net\/trgovina\/wp-content\/uploads\/2023\/09\/Slike-za-v-spletno-trgovino-9.jpg","contentUrl":"https:\/\/www.iskreni.net\/trgovina\/wp-content\/uploads\/2023\/09\/Slike-za-v-spletno-trgovino-9.jpg","width":600,"height":600},{"@type":"BreadcrumbList","@id":"https:\/\/www.iskreni.net\/trgovina\/product\/pater-pij-cudezi-patra-pija\/#breadcrumb","itemListElement":[{"@type":"ListItem","position":1,"name":"Home","item":"https:\/\/www.iskreni.net\/trgovina\/"},{"@type":"ListItem","position":2,"name":"Trgovina","item":"https:\/\/www.iskreni.net\/trgovina\/trgovina\/"},{"@type":"ListItem","position":3,"name":"Pater Pij &#8211; \u010cude\u017ei patra Pija"}]},{"@type":"WebSite","@id":"https:\/\/www.iskreni.net\/trgovina\/#website","url":"https:\/\/www.iskreni.net\/trgovina\/","name":"Zavod Iskreni","description":"trgovina","potentialAction":[{"@type":"SearchAction","target":{"@type":"EntryPoint","urlTemplate":"https:\/\/www.iskreni.net\/trgovina\/?s={search_term_string}"},"query-input":{"@type":"PropertyValueSpecification","valueRequired":true,"valueName":"search_term_string"}}],"inLanguage":"sl-SI"}]}},"_links":{"self":[{"href":"https:\/\/www.iskreni.net\/trgovina\/wp-json\/wp\/v2\/product\/69129","targetHints":{"allow":["GET"]}}],"collection":[{"href":"https:\/\/www.iskreni.net\/trgovina\/wp-json\/wp\/v2\/product"}],"about":[{"href":"https:\/\/www.iskreni.net\/trgovina\/wp-json\/wp\/v2\/types\/product"}],"replies":[{"embeddable":true,"href":"https:\/\/www.iskreni.net\/trgovina\/wp-json\/wp\/v2\/comments?post=69129"}],"version-history":[{"count":4,"href":"https:\/\/www.iskreni.net\/trgovina\/wp-json\/wp\/v2\/product\/69129\/revisions"}],"predecessor-version":[{"id":69139,"href":"https:\/\/www.iskreni.net\/trgovina\/wp-json\/wp\/v2\/product\/69129\/revisions\/69139"}],"wp:featuredmedia":[{"embeddable":true,"href":"https:\/\/www.iskreni.net\/trgovina\/wp-json\/wp\/v2\/media\/69209"}],"wp:attachment":[{"href":"https:\/\/www.iskreni.net\/trgovina\/wp-json\/wp\/v2\/media?parent=69129"}],"wp:term":[{"taxonomy":"product_brand","embeddable":true,"href":"https:\/\/www.iskreni.net\/trgovina\/wp-json\/wp\/v2\/product_brand?post=69129"},{"taxonomy":"product_cat","embeddable":true,"href":"https:\/\/www.iskreni.net\/trgovina\/wp-json\/wp\/v2\/product_cat?post=69129"},{"taxonomy":"product_tag","embeddable":true,"href":"https:\/\/www.iskreni.net\/trgovina\/wp-json\/wp\/v2\/product_tag?post=69129"},{"taxonomy":"avtor","embeddable":true,"href":"https:\/\/www.iskreni.net\/trgovina\/wp-json\/wp\/v2\/avtor?post=69129"},{"taxonomy":"zalozba","embeddable":true,"href":"https:\/\/www.iskreni.net\/trgovina\/wp-json\/wp\/v2\/zalozba?post=69129"},{"taxonomy":"vezava","embeddable":true,"href":"https:\/\/www.iskreni.net\/trgovina\/wp-json\/wp\/v2\/vezava?post=69129"}],"curies":[{"name":"wp","href":"https:\/\/api.w.org\/{rel}","templated":true}]}}