{"id":69108,"date":"2023-08-31T11:08:11","date_gmt":"2023-08-31T09:08:11","guid":{"rendered":"https:\/\/www.iskreni.net\/trgovina\/?post_type=product&#038;p=69108"},"modified":"2025-12-12T10:37:46","modified_gmt":"2025-12-12T09:37:46","slug":"voscilnica-angel-pa-jim-je-rekel","status":"publish","type":"product","link":"https:\/\/www.iskreni.net\/trgovina\/product\/voscilnica-angel-pa-jim-je-rekel\/","title":{"rendered":"Vo\u0161\u010dilnica Angel pa jim je rekel"},"content":{"rendered":"<p>&nbsp;<\/p>\n<p>&nbsp;<\/p>\n","protected":false},"excerpt":{"rendered":"<p>Vo\u0161\u010dilnica z izpisanim napisom <em>Angel pa jim je rekel: \u00bbNe bojte se! Glejte, oznanjam vam veliko veselje, ki bo za vse ljudstvo. Danes se vam je v Davidovem mestu rodil Odre\u0161enik, ki je Mesija, Gospod. To vam bo v znamenje: na\u0161li boste dete, povito in polo\u017eeno v jasli.\u00ab.<\/em><\/p>\n<p>145 x 145 mm, s kuverto.<\/p>\n","protected":false},"featured_media":69079,"comment_status":"open","ping_status":"closed","template":"","meta":[],"product_brand":[],"product_cat":[668,499],"product_tag":[1344,500],"avtor":[],"zalozba":[],"vezava":[],"class_list":{"0":"post-69108","1":"product","2":"type-product","3":"status-publish","4":"has-post-thumbnail","6":"product_cat-darilni-program","7":"product_cat-voscilnice","8":"product_tag-advent-in-bozic","9":"product_tag-voscilnica","11":"first","12":"instock","13":"taxable","14":"shipping-taxable","15":"purchasable","16":"product-type-simple"},"yoast_head":"<!-- This site is optimized with the Yoast SEO plugin v26.3 - https:\/\/yoast.com\/wordpress\/plugins\/seo\/ -->\n<title>Vo\u0161\u010dilnica Angel pa jim je rekel - trgovina Iskreni<\/title>\n<meta name=\"robots\" content=\"index, follow, max-snippet:-1, max-image-preview:large, max-video-preview:-1\" \/>\n<link rel=\"canonical\" href=\"https:\/\/www.iskreni.net\/trgovina\/product\/voscilnica-angel-pa-jim-je-rekel\/\" \/>\n<meta property=\"og:locale\" content=\"sl_SI\" \/>\n<meta property=\"og:type\" content=\"article\" \/>\n<meta property=\"og:title\" content=\"Vo\u0161\u010dilnica Angel pa jim je rekel - trgovina Iskreni\" \/>\n<meta property=\"og:description\" content=\"Vo\u0161\u010dilnica z izpisanim napisom Angel pa jim je rekel: \u00bbNe bojte se! Glejte, oznanjam vam veliko veselje, ki bo za vse ljudstvo. Danes se vam je v Davidovem mestu rodil Odre\u0161enik, ki je Mesija, Gospod. To vam bo v znamenje: na\u0161li boste dete, povito in polo\u017eeno v jasli.\u00ab.  145 x 145 mm, s kuverto.\" \/>\n<meta property=\"og:url\" content=\"https:\/\/www.iskreni.net\/trgovina\/product\/voscilnica-angel-pa-jim-je-rekel\/\" \/>\n<meta property=\"og:site_name\" content=\"Zavod Iskreni\" \/>\n<meta property=\"article:modified_time\" content=\"2025-12-12T09:37:46+00:00\" \/>\n<meta property=\"og:image\" content=\"https:\/\/www.iskreni.net\/trgovina\/wp-content\/uploads\/2023\/08\/Angel-jim-je-rekel.jpg\" \/>\n\t<meta property=\"og:image:width\" content=\"600\" \/>\n\t<meta property=\"og:image:height\" content=\"600\" \/>\n\t<meta property=\"og:image:type\" content=\"image\/jpeg\" \/>\n<meta name=\"twitter:card\" content=\"summary_large_image\" \/>\n<meta name=\"twitter:label1\" content=\"Est. reading time\" \/>\n\t<meta name=\"twitter:data1\" content=\"1 minuta\" \/>\n<script type=\"application\/ld+json\" class=\"yoast-schema-graph\">{\"@context\":\"https:\/\/schema.org\",\"@graph\":[{\"@type\":\"WebPage\",\"@id\":\"https:\/\/www.iskreni.net\/trgovina\/product\/voscilnica-angel-pa-jim-je-rekel\/\",\"url\":\"https:\/\/www.iskreni.net\/trgovina\/product\/voscilnica-angel-pa-jim-je-rekel\/\",\"name\":\"Vo\u0161\u010dilnica Angel pa jim je rekel - trgovina Iskreni\",\"isPartOf\":{\"@id\":\"https:\/\/www.iskreni.net\/trgovina\/#website\"},\"primaryImageOfPage\":{\"@id\":\"https:\/\/www.iskreni.net\/trgovina\/product\/voscilnica-angel-pa-jim-je-rekel\/#primaryimage\"},\"image\":{\"@id\":\"https:\/\/www.iskreni.net\/trgovina\/product\/voscilnica-angel-pa-jim-je-rekel\/#primaryimage\"},\"thumbnailUrl\":\"https:\/\/www.iskreni.net\/trgovina\/wp-content\/uploads\/2023\/08\/Angel-jim-je-rekel.jpg\",\"datePublished\":\"2023-08-31T09:08:11+00:00\",\"dateModified\":\"2025-12-12T09:37:46+00:00\",\"breadcrumb\":{\"@id\":\"https:\/\/www.iskreni.net\/trgovina\/product\/voscilnica-angel-pa-jim-je-rekel\/#breadcrumb\"},\"inLanguage\":\"sl-SI\",\"potentialAction\":[{\"@type\":\"ReadAction\",\"target\":[\"https:\/\/www.iskreni.net\/trgovina\/product\/voscilnica-angel-pa-jim-je-rekel\/\"]}]},{\"@type\":\"ImageObject\",\"inLanguage\":\"sl-SI\",\"@id\":\"https:\/\/www.iskreni.net\/trgovina\/product\/voscilnica-angel-pa-jim-je-rekel\/#primaryimage\",\"url\":\"https:\/\/www.iskreni.net\/trgovina\/wp-content\/uploads\/2023\/08\/Angel-jim-je-rekel.jpg\",\"contentUrl\":\"https:\/\/www.iskreni.net\/trgovina\/wp-content\/uploads\/2023\/08\/Angel-jim-je-rekel.jpg\",\"width\":600,\"height\":600},{\"@type\":\"BreadcrumbList\",\"@id\":\"https:\/\/www.iskreni.net\/trgovina\/product\/voscilnica-angel-pa-jim-je-rekel\/#breadcrumb\",\"itemListElement\":[{\"@type\":\"ListItem\",\"position\":1,\"name\":\"Home\",\"item\":\"https:\/\/www.iskreni.net\/trgovina\/\"},{\"@type\":\"ListItem\",\"position\":2,\"name\":\"Trgovina\",\"item\":\"https:\/\/www.iskreni.net\/trgovina\/trgovina\/\"},{\"@type\":\"ListItem\",\"position\":3,\"name\":\"Vo\u0161\u010dilnica Angel pa jim je rekel\"}]},{\"@type\":\"WebSite\",\"@id\":\"https:\/\/www.iskreni.net\/trgovina\/#website\",\"url\":\"https:\/\/www.iskreni.net\/trgovina\/\",\"name\":\"Zavod Iskreni\",\"description\":\"trgovina\",\"potentialAction\":[{\"@type\":\"SearchAction\",\"target\":{\"@type\":\"EntryPoint\",\"urlTemplate\":\"https:\/\/www.iskreni.net\/trgovina\/?s={search_term_string}\"},\"query-input\":{\"@type\":\"PropertyValueSpecification\",\"valueRequired\":true,\"valueName\":\"search_term_string\"}}],\"inLanguage\":\"sl-SI\"}]}<\/script>\n<!-- \/ Yoast SEO plugin. -->","yoast_head_json":{"title":"Vo\u0161\u010dilnica Angel pa jim je rekel - trgovina Iskreni","robots":{"index":"index","follow":"follow","max-snippet":"max-snippet:-1","max-image-preview":"max-image-preview:large","max-video-preview":"max-video-preview:-1"},"canonical":"https:\/\/www.iskreni.net\/trgovina\/product\/voscilnica-angel-pa-jim-je-rekel\/","og_locale":"sl_SI","og_type":"article","og_title":"Vo\u0161\u010dilnica Angel pa jim je rekel - trgovina Iskreni","og_description":"Vo\u0161\u010dilnica z izpisanim napisom Angel pa jim je rekel: \u00bbNe bojte se! Glejte, oznanjam vam veliko veselje, ki bo za vse ljudstvo. Danes se vam je v Davidovem mestu rodil Odre\u0161enik, ki je Mesija, Gospod. To vam bo v znamenje: na\u0161li boste dete, povito in polo\u017eeno v jasli.\u00ab.  145 x 145 mm, s kuverto.","og_url":"https:\/\/www.iskreni.net\/trgovina\/product\/voscilnica-angel-pa-jim-je-rekel\/","og_site_name":"Zavod Iskreni","article_modified_time":"2025-12-12T09:37:46+00:00","og_image":[{"width":600,"height":600,"url":"https:\/\/www.iskreni.net\/trgovina\/wp-content\/uploads\/2023\/08\/Angel-jim-je-rekel.jpg","type":"image\/jpeg"}],"twitter_card":"summary_large_image","twitter_misc":{"Est. reading time":"1 minuta"},"schema":{"@context":"https:\/\/schema.org","@graph":[{"@type":"WebPage","@id":"https:\/\/www.iskreni.net\/trgovina\/product\/voscilnica-angel-pa-jim-je-rekel\/","url":"https:\/\/www.iskreni.net\/trgovina\/product\/voscilnica-angel-pa-jim-je-rekel\/","name":"Vo\u0161\u010dilnica Angel pa jim je rekel - trgovina Iskreni","isPartOf":{"@id":"https:\/\/www.iskreni.net\/trgovina\/#website"},"primaryImageOfPage":{"@id":"https:\/\/www.iskreni.net\/trgovina\/product\/voscilnica-angel-pa-jim-je-rekel\/#primaryimage"},"image":{"@id":"https:\/\/www.iskreni.net\/trgovina\/product\/voscilnica-angel-pa-jim-je-rekel\/#primaryimage"},"thumbnailUrl":"https:\/\/www.iskreni.net\/trgovina\/wp-content\/uploads\/2023\/08\/Angel-jim-je-rekel.jpg","datePublished":"2023-08-31T09:08:11+00:00","dateModified":"2025-12-12T09:37:46+00:00","breadcrumb":{"@id":"https:\/\/www.iskreni.net\/trgovina\/product\/voscilnica-angel-pa-jim-je-rekel\/#breadcrumb"},"inLanguage":"sl-SI","potentialAction":[{"@type":"ReadAction","target":["https:\/\/www.iskreni.net\/trgovina\/product\/voscilnica-angel-pa-jim-je-rekel\/"]}]},{"@type":"ImageObject","inLanguage":"sl-SI","@id":"https:\/\/www.iskreni.net\/trgovina\/product\/voscilnica-angel-pa-jim-je-rekel\/#primaryimage","url":"https:\/\/www.iskreni.net\/trgovina\/wp-content\/uploads\/2023\/08\/Angel-jim-je-rekel.jpg","contentUrl":"https:\/\/www.iskreni.net\/trgovina\/wp-content\/uploads\/2023\/08\/Angel-jim-je-rekel.jpg","width":600,"height":600},{"@type":"BreadcrumbList","@id":"https:\/\/www.iskreni.net\/trgovina\/product\/voscilnica-angel-pa-jim-je-rekel\/#breadcrumb","itemListElement":[{"@type":"ListItem","position":1,"name":"Home","item":"https:\/\/www.iskreni.net\/trgovina\/"},{"@type":"ListItem","position":2,"name":"Trgovina","item":"https:\/\/www.iskreni.net\/trgovina\/trgovina\/"},{"@type":"ListItem","position":3,"name":"Vo\u0161\u010dilnica Angel pa jim je rekel"}]},{"@type":"WebSite","@id":"https:\/\/www.iskreni.net\/trgovina\/#website","url":"https:\/\/www.iskreni.net\/trgovina\/","name":"Zavod Iskreni","description":"trgovina","potentialAction":[{"@type":"SearchAction","target":{"@type":"EntryPoint","urlTemplate":"https:\/\/www.iskreni.net\/trgovina\/?s={search_term_string}"},"query-input":{"@type":"PropertyValueSpecification","valueRequired":true,"valueName":"search_term_string"}}],"inLanguage":"sl-SI"}]}},"_links":{"self":[{"href":"https:\/\/www.iskreni.net\/trgovina\/wp-json\/wp\/v2\/product\/69108","targetHints":{"allow":["GET"]}}],"collection":[{"href":"https:\/\/www.iskreni.net\/trgovina\/wp-json\/wp\/v2\/product"}],"about":[{"href":"https:\/\/www.iskreni.net\/trgovina\/wp-json\/wp\/v2\/types\/product"}],"replies":[{"embeddable":true,"href":"https:\/\/www.iskreni.net\/trgovina\/wp-json\/wp\/v2\/comments?post=69108"}],"version-history":[{"count":2,"href":"https:\/\/www.iskreni.net\/trgovina\/wp-json\/wp\/v2\/product\/69108\/revisions"}],"predecessor-version":[{"id":69114,"href":"https:\/\/www.iskreni.net\/trgovina\/wp-json\/wp\/v2\/product\/69108\/revisions\/69114"}],"wp:featuredmedia":[{"embeddable":true,"href":"https:\/\/www.iskreni.net\/trgovina\/wp-json\/wp\/v2\/media\/69079"}],"wp:attachment":[{"href":"https:\/\/www.iskreni.net\/trgovina\/wp-json\/wp\/v2\/media?parent=69108"}],"wp:term":[{"taxonomy":"product_brand","embeddable":true,"href":"https:\/\/www.iskreni.net\/trgovina\/wp-json\/wp\/v2\/product_brand?post=69108"},{"taxonomy":"product_cat","embeddable":true,"href":"https:\/\/www.iskreni.net\/trgovina\/wp-json\/wp\/v2\/product_cat?post=69108"},{"taxonomy":"product_tag","embeddable":true,"href":"https:\/\/www.iskreni.net\/trgovina\/wp-json\/wp\/v2\/product_tag?post=69108"},{"taxonomy":"avtor","embeddable":true,"href":"https:\/\/www.iskreni.net\/trgovina\/wp-json\/wp\/v2\/avtor?post=69108"},{"taxonomy":"zalozba","embeddable":true,"href":"https:\/\/www.iskreni.net\/trgovina\/wp-json\/wp\/v2\/zalozba?post=69108"},{"taxonomy":"vezava","embeddable":true,"href":"https:\/\/www.iskreni.net\/trgovina\/wp-json\/wp\/v2\/vezava?post=69108"}],"curies":[{"name":"wp","href":"https:\/\/api.w.org\/{rel}","templated":true}]}}