{"id":68989,"date":"2023-08-28T19:08:59","date_gmt":"2023-08-28T17:08:59","guid":{"rendered":"https:\/\/www.iskreni.net\/trgovina\/?post_type=product&#038;p=68989"},"modified":"2023-08-28T19:20:54","modified_gmt":"2023-08-28T17:20:54","slug":"dehtece-spomincice-ljubezni","status":"publish","type":"product","link":"https:\/\/www.iskreni.net\/trgovina\/product\/dehtece-spomincice-ljubezni\/","title":{"rendered":"Dehte\u010de spomin\u010dice ljubezni"},"content":{"rendered":"<h3 id=\"anchor-o-izdelku\" class=\"title\">O knjigi\u00a0<em>Dehte\u010de spomin\u010dice ljubezni<\/em><\/h3>\n<div id=\"tab-opis_tab\" class=\"tab-pane active\">\n<div id=\"tab-opis_tab\" class=\"tab-pane active\">\n<p>Ne\u017eno odstiranje du\u0161e prve slovenske pisateljice<\/p>\n<p><em>Pisemski roman <\/em>Dehte\u010de spomin\u010dice ljubezni <em>odstira pogled v intimno pisemsko korespondenco med Josipino Urban\u010di\u010d Turnograjsko in Lovrom Tomanom. Pisma, ki sta si jih ve\u010d kot tri leta redno izmenjevala, povezuje tanko\u010dutno zapisana zgodba dru\u017eine Urban\u010di\u010d, ki jo mestoma bogatijo pripovedovalkina ne\u017ena razmi\u0161ljanja o ljubezni in \u017eivljenju. Roman predstavlja dragocen vpogled v \u010das, ki je bil klju\u010dnega pomena za razvoj narodne identitete in slovenskega jezika.<\/em><\/p>\n<p>Rahlo\u010dutno zapisana pisma, ki sta si jih Jospina in Lovro izmenjevala po po\u0161ti, tkejo pot zgodbi glavnih dveh junakov, ki je polna hrepenenja in iskrene mladostni\u0161ke ljubezni.. Kot drobne dehte\u010de spomin\u010dice z vsakim novim pismom rasteta njuna naklonjenost in ljubezen. A to ni le zgodba o ljubezni prve slovenske pisateljice in prepoznavnega slovenskega pesnika, pravnika in politika; je tudi zgodba o zorenju slovenske narodne identitete in slovenskega jezika, ki sta ga tako Josipina kot Lovro sr\u010dno ljubila in si na razli\u010dne na\u010dine prizadevala za njegovo rabo v dru\u017ebi. Preko zapisov povestic in pesmi za\u010dutimo globok sentiment pripadnosti narodu, ki \u017ee v svojem formiranju hrepeni po lastnem jeziku. Pri\u010dujo\u010di roman je med drugim tudi pomemben dokument dobe, v kateri sta \u017eivela glavna junaka, in zarisuje podobe me\u0161\u010danstva in kulture osemnajstega stoletja, ki bi ju brez najbogatej\u0161e pisemske korespondence te\u017eko uvideli v tako raznolikih odtenkih. Ljubezen Josipine in Lovra, ki jo je prehitro zatrla neusmiljena usoda, tako v pri\u010dujo\u010dem romanu raste na cveto\u010dem polju prvih popkov slovenstva. Knjiga je iz\u0161la v sodelovanju s Kulturnim dru\u0161tvom Josipine Turnograjske.<\/p>\n<h3 id=\"anchor-o-izdelku\" class=\"title\">Iz knjige<\/h3>\n<\/div>\n<p>Spomnim se, ko je tistega dne pri\u0161la s sprehoda od potoka Bistrice. \u010cakala sem jo pri lipah. Tekla je in njen obraz je \u017earel v soju popoldanskega sonca. \u017de dolgo je nisem videla tako vesele. Uzrla sem njene roke, v njih se je skrivalo pismo. Dvakrat zape\u010dateno. Zardela je. Spogledali sva se. Takoj sem vedela, da ni pismo njenega u\u010ditelja, preddvorskega kaplana Lovra Pintarja, ampak pismo nekoga, ki je pred dvema meseca povsem spremenil ritem njenega srca. V njej se je naselila sre\u010da, \u010deprav se je je v\u010dasih tudi bala. Ni \u0161e zmogla \u010dutiti, ali je resni\u010dna, ni razumela, kako dolgo bo trajala. Preplavljal jo je strah. Zajedal se je v vse pore njenega \u017eivljenja in nikoli ni razumela, zakaj se je prikradel vedno v najbolj pomembnih trenutkih njenega \u017eivljenja. Skrivnostno in previdno je odprla \u010dudovito pismo.<br \/>\n(Str. 14)<\/p>\n<\/div>\n<h4><\/h4>\n","protected":false},"excerpt":{"rendered":"<p><strong>Leto izdaje:<\/strong> 2023<br \/>\n<strong>\u0160tevilo strani:<\/strong> 304<br \/>\n<strong>Format: <\/strong>135 x 210 mm<\/p>\n<p><em>Pisemski roman <\/em>Dehte\u010de spomin\u010dice ljubezni <em>odstira pogled v intimno pisemsko korespondenco med Josipino Urban\u010di\u010d Turnograjsko in Lovrom Tomanom. <\/em><\/p>\n","protected":false},"featured_media":68991,"comment_status":"open","ping_status":"closed","template":"","meta":[],"product_brand":[],"product_cat":[2325,63],"product_tag":[2403,734],"avtor":[2402],"zalozba":[2337],"vezava":[],"class_list":{"0":"post-68989","1":"product","2":"type-product","3":"status-publish","4":"has-post-thumbnail","6":"product_cat-leposlovje","7":"product_cat-knjige","8":"product_tag-josipina-turnograjska","9":"product_tag-roman","10":"avtor-mira-delavec-touhami","11":"zalozba-celjska-mohorjeva-druzba","13":"first","14":"instock","15":"taxable","16":"shipping-taxable","17":"purchasable","18":"product-type-simple"},"yoast_head":"<!-- This site is optimized with the Yoast SEO plugin v26.3 - https:\/\/yoast.com\/wordpress\/plugins\/seo\/ -->\n<title>Dehte\u010de spomin\u010dice ljubezni - trgovina Iskreni<\/title>\n<meta name=\"description\" content=\"Dehte\u010de spomin\u010dice ljubezni je roman, ki odstira du\u0161o prve slovenske pisateljice v rahlo\u010dutno zapisanih pismih, ki si jih je izmenjevala z Lovrom Tomanom.\" \/>\n<meta name=\"robots\" content=\"index, follow, max-snippet:-1, max-image-preview:large, max-video-preview:-1\" \/>\n<link rel=\"canonical\" href=\"https:\/\/www.iskreni.net\/trgovina\/product\/dehtece-spomincice-ljubezni\/\" \/>\n<meta property=\"og:locale\" content=\"sl_SI\" \/>\n<meta property=\"og:type\" content=\"article\" \/>\n<meta property=\"og:title\" content=\"Dehte\u010de spomin\u010dice ljubezni\" \/>\n<meta property=\"og:description\" content=\"Dehte\u010de spomin\u010dice ljubezni je roman, ki odstira du\u0161o prve slovenske pisateljice v rahlo\u010dutno zapisanih pismih, ki si jih je izmenjevala z Lovrom Tomanom.\" \/>\n<meta property=\"og:url\" content=\"https:\/\/www.iskreni.net\/trgovina\/product\/dehtece-spomincice-ljubezni\/\" \/>\n<meta property=\"og:site_name\" content=\"Zavod Iskreni\" \/>\n<meta property=\"article:modified_time\" content=\"2023-08-28T17:20:54+00:00\" \/>\n<meta property=\"og:image\" content=\"https:\/\/www.iskreni.net\/trgovina\/wp-content\/uploads\/2023\/08\/Slike-za-v-spletno-trgovino1.jpg\" \/>\n\t<meta property=\"og:image:width\" content=\"600\" \/>\n\t<meta property=\"og:image:height\" content=\"600\" \/>\n\t<meta property=\"og:image:type\" content=\"image\/jpeg\" \/>\n<meta name=\"twitter:card\" content=\"summary_large_image\" \/>\n<meta name=\"twitter:label1\" content=\"Est. reading time\" \/>\n\t<meta name=\"twitter:data1\" content=\"3 minute\" \/>\n<script type=\"application\/ld+json\" class=\"yoast-schema-graph\">{\"@context\":\"https:\/\/schema.org\",\"@graph\":[{\"@type\":\"WebPage\",\"@id\":\"https:\/\/www.iskreni.net\/trgovina\/product\/dehtece-spomincice-ljubezni\/\",\"url\":\"https:\/\/www.iskreni.net\/trgovina\/product\/dehtece-spomincice-ljubezni\/\",\"name\":\"Dehte\u010de spomin\u010dice ljubezni - trgovina Iskreni\",\"isPartOf\":{\"@id\":\"https:\/\/www.iskreni.net\/trgovina\/#website\"},\"primaryImageOfPage\":{\"@id\":\"https:\/\/www.iskreni.net\/trgovina\/product\/dehtece-spomincice-ljubezni\/#primaryimage\"},\"image\":{\"@id\":\"https:\/\/www.iskreni.net\/trgovina\/product\/dehtece-spomincice-ljubezni\/#primaryimage\"},\"thumbnailUrl\":\"https:\/\/www.iskreni.net\/trgovina\/wp-content\/uploads\/2023\/08\/Slike-za-v-spletno-trgovino1.jpg\",\"datePublished\":\"2023-08-28T17:08:59+00:00\",\"dateModified\":\"2023-08-28T17:20:54+00:00\",\"description\":\"Dehte\u010de spomin\u010dice ljubezni je roman, ki odstira du\u0161o prve slovenske pisateljice v rahlo\u010dutno zapisanih pismih, ki si jih je izmenjevala z Lovrom Tomanom.\",\"breadcrumb\":{\"@id\":\"https:\/\/www.iskreni.net\/trgovina\/product\/dehtece-spomincice-ljubezni\/#breadcrumb\"},\"inLanguage\":\"sl-SI\",\"potentialAction\":[{\"@type\":\"ReadAction\",\"target\":[\"https:\/\/www.iskreni.net\/trgovina\/product\/dehtece-spomincice-ljubezni\/\"]}]},{\"@type\":\"ImageObject\",\"inLanguage\":\"sl-SI\",\"@id\":\"https:\/\/www.iskreni.net\/trgovina\/product\/dehtece-spomincice-ljubezni\/#primaryimage\",\"url\":\"https:\/\/www.iskreni.net\/trgovina\/wp-content\/uploads\/2023\/08\/Slike-za-v-spletno-trgovino1.jpg\",\"contentUrl\":\"https:\/\/www.iskreni.net\/trgovina\/wp-content\/uploads\/2023\/08\/Slike-za-v-spletno-trgovino1.jpg\",\"width\":600,\"height\":600},{\"@type\":\"BreadcrumbList\",\"@id\":\"https:\/\/www.iskreni.net\/trgovina\/product\/dehtece-spomincice-ljubezni\/#breadcrumb\",\"itemListElement\":[{\"@type\":\"ListItem\",\"position\":1,\"name\":\"Home\",\"item\":\"https:\/\/www.iskreni.net\/trgovina\/\"},{\"@type\":\"ListItem\",\"position\":2,\"name\":\"Trgovina\",\"item\":\"https:\/\/www.iskreni.net\/trgovina\/trgovina\/\"},{\"@type\":\"ListItem\",\"position\":3,\"name\":\"Dehte\u010de spomin\u010dice ljubezni\"}]},{\"@type\":\"WebSite\",\"@id\":\"https:\/\/www.iskreni.net\/trgovina\/#website\",\"url\":\"https:\/\/www.iskreni.net\/trgovina\/\",\"name\":\"Zavod Iskreni\",\"description\":\"trgovina\",\"potentialAction\":[{\"@type\":\"SearchAction\",\"target\":{\"@type\":\"EntryPoint\",\"urlTemplate\":\"https:\/\/www.iskreni.net\/trgovina\/?s={search_term_string}\"},\"query-input\":{\"@type\":\"PropertyValueSpecification\",\"valueRequired\":true,\"valueName\":\"search_term_string\"}}],\"inLanguage\":\"sl-SI\"}]}<\/script>\n<!-- \/ Yoast SEO plugin. -->","yoast_head_json":{"title":"Dehte\u010de spomin\u010dice ljubezni - trgovina Iskreni","description":"Dehte\u010de spomin\u010dice ljubezni je roman, ki odstira du\u0161o prve slovenske pisateljice v rahlo\u010dutno zapisanih pismih, ki si jih je izmenjevala z Lovrom Tomanom.","robots":{"index":"index","follow":"follow","max-snippet":"max-snippet:-1","max-image-preview":"max-image-preview:large","max-video-preview":"max-video-preview:-1"},"canonical":"https:\/\/www.iskreni.net\/trgovina\/product\/dehtece-spomincice-ljubezni\/","og_locale":"sl_SI","og_type":"article","og_title":"Dehte\u010de spomin\u010dice ljubezni","og_description":"Dehte\u010de spomin\u010dice ljubezni je roman, ki odstira du\u0161o prve slovenske pisateljice v rahlo\u010dutno zapisanih pismih, ki si jih je izmenjevala z Lovrom Tomanom.","og_url":"https:\/\/www.iskreni.net\/trgovina\/product\/dehtece-spomincice-ljubezni\/","og_site_name":"Zavod Iskreni","article_modified_time":"2023-08-28T17:20:54+00:00","og_image":[{"width":600,"height":600,"url":"https:\/\/www.iskreni.net\/trgovina\/wp-content\/uploads\/2023\/08\/Slike-za-v-spletno-trgovino1.jpg","type":"image\/jpeg"}],"twitter_card":"summary_large_image","twitter_misc":{"Est. reading time":"3 minute"},"schema":{"@context":"https:\/\/schema.org","@graph":[{"@type":"WebPage","@id":"https:\/\/www.iskreni.net\/trgovina\/product\/dehtece-spomincice-ljubezni\/","url":"https:\/\/www.iskreni.net\/trgovina\/product\/dehtece-spomincice-ljubezni\/","name":"Dehte\u010de spomin\u010dice ljubezni - trgovina Iskreni","isPartOf":{"@id":"https:\/\/www.iskreni.net\/trgovina\/#website"},"primaryImageOfPage":{"@id":"https:\/\/www.iskreni.net\/trgovina\/product\/dehtece-spomincice-ljubezni\/#primaryimage"},"image":{"@id":"https:\/\/www.iskreni.net\/trgovina\/product\/dehtece-spomincice-ljubezni\/#primaryimage"},"thumbnailUrl":"https:\/\/www.iskreni.net\/trgovina\/wp-content\/uploads\/2023\/08\/Slike-za-v-spletno-trgovino1.jpg","datePublished":"2023-08-28T17:08:59+00:00","dateModified":"2023-08-28T17:20:54+00:00","description":"Dehte\u010de spomin\u010dice ljubezni je roman, ki odstira du\u0161o prve slovenske pisateljice v rahlo\u010dutno zapisanih pismih, ki si jih je izmenjevala z Lovrom Tomanom.","breadcrumb":{"@id":"https:\/\/www.iskreni.net\/trgovina\/product\/dehtece-spomincice-ljubezni\/#breadcrumb"},"inLanguage":"sl-SI","potentialAction":[{"@type":"ReadAction","target":["https:\/\/www.iskreni.net\/trgovina\/product\/dehtece-spomincice-ljubezni\/"]}]},{"@type":"ImageObject","inLanguage":"sl-SI","@id":"https:\/\/www.iskreni.net\/trgovina\/product\/dehtece-spomincice-ljubezni\/#primaryimage","url":"https:\/\/www.iskreni.net\/trgovina\/wp-content\/uploads\/2023\/08\/Slike-za-v-spletno-trgovino1.jpg","contentUrl":"https:\/\/www.iskreni.net\/trgovina\/wp-content\/uploads\/2023\/08\/Slike-za-v-spletno-trgovino1.jpg","width":600,"height":600},{"@type":"BreadcrumbList","@id":"https:\/\/www.iskreni.net\/trgovina\/product\/dehtece-spomincice-ljubezni\/#breadcrumb","itemListElement":[{"@type":"ListItem","position":1,"name":"Home","item":"https:\/\/www.iskreni.net\/trgovina\/"},{"@type":"ListItem","position":2,"name":"Trgovina","item":"https:\/\/www.iskreni.net\/trgovina\/trgovina\/"},{"@type":"ListItem","position":3,"name":"Dehte\u010de spomin\u010dice ljubezni"}]},{"@type":"WebSite","@id":"https:\/\/www.iskreni.net\/trgovina\/#website","url":"https:\/\/www.iskreni.net\/trgovina\/","name":"Zavod Iskreni","description":"trgovina","potentialAction":[{"@type":"SearchAction","target":{"@type":"EntryPoint","urlTemplate":"https:\/\/www.iskreni.net\/trgovina\/?s={search_term_string}"},"query-input":{"@type":"PropertyValueSpecification","valueRequired":true,"valueName":"search_term_string"}}],"inLanguage":"sl-SI"}]}},"_links":{"self":[{"href":"https:\/\/www.iskreni.net\/trgovina\/wp-json\/wp\/v2\/product\/68989","targetHints":{"allow":["GET"]}}],"collection":[{"href":"https:\/\/www.iskreni.net\/trgovina\/wp-json\/wp\/v2\/product"}],"about":[{"href":"https:\/\/www.iskreni.net\/trgovina\/wp-json\/wp\/v2\/types\/product"}],"replies":[{"embeddable":true,"href":"https:\/\/www.iskreni.net\/trgovina\/wp-json\/wp\/v2\/comments?post=68989"}],"version-history":[{"count":2,"href":"https:\/\/www.iskreni.net\/trgovina\/wp-json\/wp\/v2\/product\/68989\/revisions"}],"predecessor-version":[{"id":68992,"href":"https:\/\/www.iskreni.net\/trgovina\/wp-json\/wp\/v2\/product\/68989\/revisions\/68992"}],"wp:featuredmedia":[{"embeddable":true,"href":"https:\/\/www.iskreni.net\/trgovina\/wp-json\/wp\/v2\/media\/68991"}],"wp:attachment":[{"href":"https:\/\/www.iskreni.net\/trgovina\/wp-json\/wp\/v2\/media?parent=68989"}],"wp:term":[{"taxonomy":"product_brand","embeddable":true,"href":"https:\/\/www.iskreni.net\/trgovina\/wp-json\/wp\/v2\/product_brand?post=68989"},{"taxonomy":"product_cat","embeddable":true,"href":"https:\/\/www.iskreni.net\/trgovina\/wp-json\/wp\/v2\/product_cat?post=68989"},{"taxonomy":"product_tag","embeddable":true,"href":"https:\/\/www.iskreni.net\/trgovina\/wp-json\/wp\/v2\/product_tag?post=68989"},{"taxonomy":"avtor","embeddable":true,"href":"https:\/\/www.iskreni.net\/trgovina\/wp-json\/wp\/v2\/avtor?post=68989"},{"taxonomy":"zalozba","embeddable":true,"href":"https:\/\/www.iskreni.net\/trgovina\/wp-json\/wp\/v2\/zalozba?post=68989"},{"taxonomy":"vezava","embeddable":true,"href":"https:\/\/www.iskreni.net\/trgovina\/wp-json\/wp\/v2\/vezava?post=68989"}],"curies":[{"name":"wp","href":"https:\/\/api.w.org\/{rel}","templated":true}]}}