{"id":68985,"date":"2023-08-28T18:46:30","date_gmt":"2023-08-28T16:46:30","guid":{"rendered":"https:\/\/www.iskreni.net\/trgovina\/?post_type=product&#038;p=68985"},"modified":"2023-08-28T19:10:05","modified_gmt":"2023-08-28T17:10:05","slug":"dedek-me-ne-pozna-vec","status":"publish","type":"product","link":"https:\/\/www.iskreni.net\/trgovina\/product\/dedek-me-ne-pozna-vec\/","title":{"rendered":"Dedek me ne pozna ve\u010d"},"content":{"rendered":"<h3 id=\"anchor-o-izdelku\" class=\"title\">O knjigi\u00a0<em>Dedek me ne pozna ve\u010d<\/em><\/h3>\n<div id=\"tab-opis_tab\" class=\"tab-pane active\">\n<div id=\"tab-opis_tab\" class=\"tab-pane active\">\n<p>Nov Alzheimerjev bolnik vsake 4 sekunde<\/p>\n<p><em>Ema je stara osem let in pogosto pre\u017eivlja \u010das s svojim dedkom Vladimirjem. Toda dedkove potegav\u0161\u010dine in izguba spomina prerastejo v bolezen, zaradi katere dedek ne more ve\u010d \u017eiveti sam. Emina zgodba nas popelje v soo\u010danje s staranjem in odlo\u010ditvijo za \u017eivljenje v domu za starostnike.<\/em><\/p>\n<p>Peta knjiga v zbirki <em>Prijazna dru\u017eba<\/em> otrokom pribli\u017ea Alzheimerjevo bolezen, ki prina\u0161a \u0161tevilne spremembe v vedenju starostnikov, vendar ne zmanj\u0161a ljubezni do bli\u017enjih, ki se soo\u010dajo s tem obolenjem. Knjige v zbirki so zasnovane tako, da obravnavajo pomembne dru\u017ebene pojave, s katerimi se sre\u010dujejo \u017ee otroci, in jim jih pomagajo razumeti. Otroci tako razvijajo strpnost ter se u\u010dijo sprejemati druga\u010dnost in razlike razumeti ne kot ovire, temve\u010d kot bogastvo.<br \/>\nZlahka se poistovetijo z osemletno Emo, ki nam spremembe v dedkovem vedenju opisuje v sedanjem \u010dasu, mladi bralci se zato v\u017eivijo v pripoved in tudi sami za\u010dutijo njeno radost in zaskrbljenost, nemo\u010d in veselje. Z v\u017eivljanjem v \u010dustveni svet vrstnikov se otroci namre\u010d u\u010dijo izra\u017eati \u010dustva in tudi so\u010dutje do drugih.<br \/>\nEmini zgodbi pa je avtorica dodala tudi izto\u010dnice za star\u0161e, vzgojitelje in u\u010ditelje oziroma odrasle, ki berejo skupaj z otrokom, ob katerih zlahka ste\u010de pogovor, ter vpra\u0161anja in aktivnosti po branju, opremi pa nas tudi z razumljivimi osnovnimi podatki o Alzheimerjevi bolezni. Vsake \u0161tiri sekunde namre\u010d odkrijejo novega bolnika z Alzheimerjevo boleznijo, zaradi staranja prebivalstva pa se \u0161tevilo teh bolnikov hitro pove\u010duje. V prizadevanjih za medgeneracijsko so\u017eitje je torej ve\u010d kot dobrodo\u0161lo, da se \u017ee otroci \u010dim prej nau\u010dijo soo\u010dati s starostnimi spremembami in boleznijo.<\/p>\n<\/div>\n<\/div>\n<h4><\/h4>\n","protected":false},"excerpt":{"rendered":"<p><strong>Ilustracije:<\/strong> Ana Ko\u0161ir<br \/>\n<strong>Leto izdaje:<\/strong> 2023<br \/>\n<strong>\u0160tevilo strani:<\/strong> 28<br \/>\n<strong>Format:<\/strong> 165 x 235 mm<\/p>\n<p><em>Ema je stara osem let in pogosto pre\u017eivlja \u010das s svojim dedkom Vladimirjem. Toda dedkove potegav\u0161\u010dine in izguba spomina prerastejo v bolezen, zaradi katere dedek ne more ve\u010d \u017eiveti sam. Emina zgodba nas popelje v soo\u010danje s staranjem in odlo\u010ditvijo za \u017eivljenje v domu za starostnike.<\/em><\/p>\n","protected":false},"featured_media":68987,"comment_status":"open","ping_status":"closed","template":"","meta":[],"product_brand":[],"product_cat":[2322,63,135],"product_tag":[2002],"avtor":[2401],"zalozba":[2337],"vezava":[2306],"class_list":{"0":"post-68985","1":"product","2":"type-product","3":"status-publish","4":"has-post-thumbnail","6":"product_cat-druzina-in-odnosi","7":"product_cat-knjige","8":"product_cat-za-otroke","9":"product_tag-velike-tiskane-crke","10":"avtor-nina-novak-kerbler","11":"zalozba-celjska-mohorjeva-druzba","12":"vezava-trda","14":"first","15":"instock","16":"taxable","17":"shipping-taxable","18":"purchasable","19":"product-type-simple"},"yoast_head":"<!-- This site is optimized with the Yoast SEO plugin v26.3 - https:\/\/yoast.com\/wordpress\/plugins\/seo\/ -->\n<title>Dedek me ne pozna ve\u010d - trgovina Iskreni<\/title>\n<meta name=\"description\" content=\"Dedek me ne pozna ve\u010d je knjiga iz zbirke Prijazna dru\u017eba, v kateri se skupaj z Emo soo\u010damo s staranjem in odlo\u010ditvijo za \u017eivljenje v domu za starostnike.\" \/>\n<meta name=\"robots\" content=\"index, follow, max-snippet:-1, max-image-preview:large, max-video-preview:-1\" \/>\n<link rel=\"canonical\" href=\"https:\/\/www.iskreni.net\/trgovina\/product\/dedek-me-ne-pozna-vec\/\" \/>\n<meta property=\"og:locale\" content=\"sl_SI\" \/>\n<meta property=\"og:type\" content=\"article\" \/>\n<meta property=\"og:title\" content=\"Dedek me ne pozna ve\u010d\" \/>\n<meta property=\"og:description\" content=\"Dedek me ne pozna ve\u010d je knjiga iz zbirke Prijazna dru\u017eba, v kateri se skupaj z Emo soo\u010damo s staranjem in odlo\u010ditvijo za \u017eivljenje v domu za starostnike.\" \/>\n<meta property=\"og:url\" content=\"https:\/\/www.iskreni.net\/trgovina\/product\/dedek-me-ne-pozna-vec\/\" \/>\n<meta property=\"og:site_name\" content=\"Zavod Iskreni\" \/>\n<meta property=\"article:modified_time\" content=\"2023-08-28T17:10:05+00:00\" \/>\n<meta property=\"og:image\" content=\"https:\/\/www.iskreni.net\/trgovina\/wp-content\/uploads\/2023\/08\/Slike-za-v-spletno-trgovino.jpg\" \/>\n\t<meta property=\"og:image:width\" content=\"600\" \/>\n\t<meta property=\"og:image:height\" content=\"600\" \/>\n\t<meta property=\"og:image:type\" content=\"image\/jpeg\" \/>\n<meta name=\"twitter:card\" content=\"summary_large_image\" \/>\n<meta name=\"twitter:label1\" content=\"Est. reading time\" \/>\n\t<meta name=\"twitter:data1\" content=\"2 minuti\" \/>\n<script type=\"application\/ld+json\" class=\"yoast-schema-graph\">{\"@context\":\"https:\/\/schema.org\",\"@graph\":[{\"@type\":\"WebPage\",\"@id\":\"https:\/\/www.iskreni.net\/trgovina\/product\/dedek-me-ne-pozna-vec\/\",\"url\":\"https:\/\/www.iskreni.net\/trgovina\/product\/dedek-me-ne-pozna-vec\/\",\"name\":\"Dedek me ne pozna ve\u010d - trgovina Iskreni\",\"isPartOf\":{\"@id\":\"https:\/\/www.iskreni.net\/trgovina\/#website\"},\"primaryImageOfPage\":{\"@id\":\"https:\/\/www.iskreni.net\/trgovina\/product\/dedek-me-ne-pozna-vec\/#primaryimage\"},\"image\":{\"@id\":\"https:\/\/www.iskreni.net\/trgovina\/product\/dedek-me-ne-pozna-vec\/#primaryimage\"},\"thumbnailUrl\":\"https:\/\/www.iskreni.net\/trgovina\/wp-content\/uploads\/2023\/08\/Slike-za-v-spletno-trgovino.jpg\",\"datePublished\":\"2023-08-28T16:46:30+00:00\",\"dateModified\":\"2023-08-28T17:10:05+00:00\",\"description\":\"Dedek me ne pozna ve\u010d je knjiga iz zbirke Prijazna dru\u017eba, v kateri se skupaj z Emo soo\u010damo s staranjem in odlo\u010ditvijo za \u017eivljenje v domu za starostnike.\",\"breadcrumb\":{\"@id\":\"https:\/\/www.iskreni.net\/trgovina\/product\/dedek-me-ne-pozna-vec\/#breadcrumb\"},\"inLanguage\":\"sl-SI\",\"potentialAction\":[{\"@type\":\"ReadAction\",\"target\":[\"https:\/\/www.iskreni.net\/trgovina\/product\/dedek-me-ne-pozna-vec\/\"]}]},{\"@type\":\"ImageObject\",\"inLanguage\":\"sl-SI\",\"@id\":\"https:\/\/www.iskreni.net\/trgovina\/product\/dedek-me-ne-pozna-vec\/#primaryimage\",\"url\":\"https:\/\/www.iskreni.net\/trgovina\/wp-content\/uploads\/2023\/08\/Slike-za-v-spletno-trgovino.jpg\",\"contentUrl\":\"https:\/\/www.iskreni.net\/trgovina\/wp-content\/uploads\/2023\/08\/Slike-za-v-spletno-trgovino.jpg\",\"width\":600,\"height\":600},{\"@type\":\"BreadcrumbList\",\"@id\":\"https:\/\/www.iskreni.net\/trgovina\/product\/dedek-me-ne-pozna-vec\/#breadcrumb\",\"itemListElement\":[{\"@type\":\"ListItem\",\"position\":1,\"name\":\"Home\",\"item\":\"https:\/\/www.iskreni.net\/trgovina\/\"},{\"@type\":\"ListItem\",\"position\":2,\"name\":\"Trgovina\",\"item\":\"https:\/\/www.iskreni.net\/trgovina\/trgovina\/\"},{\"@type\":\"ListItem\",\"position\":3,\"name\":\"Dedek me ne pozna ve\u010d\"}]},{\"@type\":\"WebSite\",\"@id\":\"https:\/\/www.iskreni.net\/trgovina\/#website\",\"url\":\"https:\/\/www.iskreni.net\/trgovina\/\",\"name\":\"Zavod Iskreni\",\"description\":\"trgovina\",\"potentialAction\":[{\"@type\":\"SearchAction\",\"target\":{\"@type\":\"EntryPoint\",\"urlTemplate\":\"https:\/\/www.iskreni.net\/trgovina\/?s={search_term_string}\"},\"query-input\":{\"@type\":\"PropertyValueSpecification\",\"valueRequired\":true,\"valueName\":\"search_term_string\"}}],\"inLanguage\":\"sl-SI\"}]}<\/script>\n<!-- \/ Yoast SEO plugin. -->","yoast_head_json":{"title":"Dedek me ne pozna ve\u010d - trgovina Iskreni","description":"Dedek me ne pozna ve\u010d je knjiga iz zbirke Prijazna dru\u017eba, v kateri se skupaj z Emo soo\u010damo s staranjem in odlo\u010ditvijo za \u017eivljenje v domu za starostnike.","robots":{"index":"index","follow":"follow","max-snippet":"max-snippet:-1","max-image-preview":"max-image-preview:large","max-video-preview":"max-video-preview:-1"},"canonical":"https:\/\/www.iskreni.net\/trgovina\/product\/dedek-me-ne-pozna-vec\/","og_locale":"sl_SI","og_type":"article","og_title":"Dedek me ne pozna ve\u010d","og_description":"Dedek me ne pozna ve\u010d je knjiga iz zbirke Prijazna dru\u017eba, v kateri se skupaj z Emo soo\u010damo s staranjem in odlo\u010ditvijo za \u017eivljenje v domu za starostnike.","og_url":"https:\/\/www.iskreni.net\/trgovina\/product\/dedek-me-ne-pozna-vec\/","og_site_name":"Zavod Iskreni","article_modified_time":"2023-08-28T17:10:05+00:00","og_image":[{"width":600,"height":600,"url":"https:\/\/www.iskreni.net\/trgovina\/wp-content\/uploads\/2023\/08\/Slike-za-v-spletno-trgovino.jpg","type":"image\/jpeg"}],"twitter_card":"summary_large_image","twitter_misc":{"Est. reading time":"2 minuti"},"schema":{"@context":"https:\/\/schema.org","@graph":[{"@type":"WebPage","@id":"https:\/\/www.iskreni.net\/trgovina\/product\/dedek-me-ne-pozna-vec\/","url":"https:\/\/www.iskreni.net\/trgovina\/product\/dedek-me-ne-pozna-vec\/","name":"Dedek me ne pozna ve\u010d - trgovina Iskreni","isPartOf":{"@id":"https:\/\/www.iskreni.net\/trgovina\/#website"},"primaryImageOfPage":{"@id":"https:\/\/www.iskreni.net\/trgovina\/product\/dedek-me-ne-pozna-vec\/#primaryimage"},"image":{"@id":"https:\/\/www.iskreni.net\/trgovina\/product\/dedek-me-ne-pozna-vec\/#primaryimage"},"thumbnailUrl":"https:\/\/www.iskreni.net\/trgovina\/wp-content\/uploads\/2023\/08\/Slike-za-v-spletno-trgovino.jpg","datePublished":"2023-08-28T16:46:30+00:00","dateModified":"2023-08-28T17:10:05+00:00","description":"Dedek me ne pozna ve\u010d je knjiga iz zbirke Prijazna dru\u017eba, v kateri se skupaj z Emo soo\u010damo s staranjem in odlo\u010ditvijo za \u017eivljenje v domu za starostnike.","breadcrumb":{"@id":"https:\/\/www.iskreni.net\/trgovina\/product\/dedek-me-ne-pozna-vec\/#breadcrumb"},"inLanguage":"sl-SI","potentialAction":[{"@type":"ReadAction","target":["https:\/\/www.iskreni.net\/trgovina\/product\/dedek-me-ne-pozna-vec\/"]}]},{"@type":"ImageObject","inLanguage":"sl-SI","@id":"https:\/\/www.iskreni.net\/trgovina\/product\/dedek-me-ne-pozna-vec\/#primaryimage","url":"https:\/\/www.iskreni.net\/trgovina\/wp-content\/uploads\/2023\/08\/Slike-za-v-spletno-trgovino.jpg","contentUrl":"https:\/\/www.iskreni.net\/trgovina\/wp-content\/uploads\/2023\/08\/Slike-za-v-spletno-trgovino.jpg","width":600,"height":600},{"@type":"BreadcrumbList","@id":"https:\/\/www.iskreni.net\/trgovina\/product\/dedek-me-ne-pozna-vec\/#breadcrumb","itemListElement":[{"@type":"ListItem","position":1,"name":"Home","item":"https:\/\/www.iskreni.net\/trgovina\/"},{"@type":"ListItem","position":2,"name":"Trgovina","item":"https:\/\/www.iskreni.net\/trgovina\/trgovina\/"},{"@type":"ListItem","position":3,"name":"Dedek me ne pozna ve\u010d"}]},{"@type":"WebSite","@id":"https:\/\/www.iskreni.net\/trgovina\/#website","url":"https:\/\/www.iskreni.net\/trgovina\/","name":"Zavod Iskreni","description":"trgovina","potentialAction":[{"@type":"SearchAction","target":{"@type":"EntryPoint","urlTemplate":"https:\/\/www.iskreni.net\/trgovina\/?s={search_term_string}"},"query-input":{"@type":"PropertyValueSpecification","valueRequired":true,"valueName":"search_term_string"}}],"inLanguage":"sl-SI"}]}},"_links":{"self":[{"href":"https:\/\/www.iskreni.net\/trgovina\/wp-json\/wp\/v2\/product\/68985","targetHints":{"allow":["GET"]}}],"collection":[{"href":"https:\/\/www.iskreni.net\/trgovina\/wp-json\/wp\/v2\/product"}],"about":[{"href":"https:\/\/www.iskreni.net\/trgovina\/wp-json\/wp\/v2\/types\/product"}],"replies":[{"embeddable":true,"href":"https:\/\/www.iskreni.net\/trgovina\/wp-json\/wp\/v2\/comments?post=68985"}],"version-history":[{"count":2,"href":"https:\/\/www.iskreni.net\/trgovina\/wp-json\/wp\/v2\/product\/68985\/revisions"}],"predecessor-version":[{"id":68988,"href":"https:\/\/www.iskreni.net\/trgovina\/wp-json\/wp\/v2\/product\/68985\/revisions\/68988"}],"wp:featuredmedia":[{"embeddable":true,"href":"https:\/\/www.iskreni.net\/trgovina\/wp-json\/wp\/v2\/media\/68987"}],"wp:attachment":[{"href":"https:\/\/www.iskreni.net\/trgovina\/wp-json\/wp\/v2\/media?parent=68985"}],"wp:term":[{"taxonomy":"product_brand","embeddable":true,"href":"https:\/\/www.iskreni.net\/trgovina\/wp-json\/wp\/v2\/product_brand?post=68985"},{"taxonomy":"product_cat","embeddable":true,"href":"https:\/\/www.iskreni.net\/trgovina\/wp-json\/wp\/v2\/product_cat?post=68985"},{"taxonomy":"product_tag","embeddable":true,"href":"https:\/\/www.iskreni.net\/trgovina\/wp-json\/wp\/v2\/product_tag?post=68985"},{"taxonomy":"avtor","embeddable":true,"href":"https:\/\/www.iskreni.net\/trgovina\/wp-json\/wp\/v2\/avtor?post=68985"},{"taxonomy":"zalozba","embeddable":true,"href":"https:\/\/www.iskreni.net\/trgovina\/wp-json\/wp\/v2\/zalozba?post=68985"},{"taxonomy":"vezava","embeddable":true,"href":"https:\/\/www.iskreni.net\/trgovina\/wp-json\/wp\/v2\/vezava?post=68985"}],"curies":[{"name":"wp","href":"https:\/\/api.w.org\/{rel}","templated":true}]}}