{"id":68728,"date":"2023-08-10T16:56:45","date_gmt":"2023-08-10T14:56:45","guid":{"rendered":"https:\/\/www.iskreni.net\/trgovina\/?post_type=product&#038;p=68728"},"modified":"2026-02-20T10:45:55","modified_gmt":"2026-02-20T09:45:55","slug":"brian-mcneill-panikus","status":"publish","type":"product","link":"https:\/\/www.iskreni.net\/trgovina\/product\/brian-mcneill-panikus\/","title":{"rendered":"Panikus"},"content":{"rendered":"<h3 id=\"anchor-o-izdelku\" class=\"title\">O knjigi <em>Panikus<\/em> iz zbirke Brian McNeill<\/h3>\n<div class=\"tab-description js-tab-singleProduct-description content-tab\">\n<p>Po razre\u0161itvi primerov <a href=\"https:\/\/www.iskreni.net\/trgovina\/product\/plasticus\/\">Plasticus<\/a> in <a href=\"https:\/\/www.iskreni.net\/trgovina\/product\/love-com\/\">Love.Com<\/a> je Brian Mcneill med iskanjem vsakodnevnih sedmih kamnov na pla\u017ei znova na\u0161el nekaj nenavadnega.<\/p>\n<p>Tokrat na sre\u010do ne gre za truplo. \u010ceprav tudi to ni najbolj\u0161a novica&#8230;<\/p>\n<p>Na\u0161 junak tokrat naleti na \u017eensko, pokrito s \u010drno kapuco in z najtemnej\u0161im poslanstvom, kar jih je. Pri\u0161la je v Aill, da bi enega od njegovih prebivalcev nepovratno in za vedno odnesla.<\/p>\n<p>Seveda se takoj, ko Brian sosedom pove, kaj je videl, najprej raz\u0161iri Panikus. Nato pa se vsi lotijo dela in izdelajo na\u010drt, kako odkriti, kdo je tisti nesre\u010dne\u017e, ki ga bo obiskala \u017eenska, in kako ji prepre\u010diti, da bi opravila svoje poslanstvo.<\/p>\n<p>In \u010deprav se tokrat malce preve\u010d zaplete, se vseeno odpravijo na pot! Z zelo norim na\u010drtom, kakr\u0161ne so si izmislili v Aillu, ki pa jih \u017eene ogromno srce, ki ga imajo vsi, \u010deprav se nekateri preve\u010d trudijo, da bi ga skrili &#8230;<\/p>\n<p>V tej novi pustolov\u0161\u010dini Briana Mcneilla so prebivalci Ailla \u017eiva podoba pregovora &#8220;ne ve\u0161, kaj ima\u0161, dokler tega ne izgubi\u0161&#8221;. Ali skoraj, skoraj. Ko namre\u010d vidijo, da jih smrt tako tesno in otipljivo zasleduje, se za\u010dnejo zavedati svojih prednostnih nalog, tega, kar si mo\u010dno \u017eelijo, a si \u0161e niso upali storiti, in se lotijo dela, pripravljeni kar najbolje izkoristiti \u017eivljenje in \u010das, ki jim je ostal, pa naj bo tega preve\u010d ali premalo.<\/p>\n<p>In seveda nam bo Brian vsem (tudi svojim sosedom) spet dal odli\u010dno lekcijo o premetenosti in po\u0161tenosti.<\/p>\n<\/div>\n","protected":false},"excerpt":{"rendered":"<p><strong>Ilustracije: <\/strong>Monica Arminio<br \/>\n<strong>Leto izdaje:<\/strong> 2023<br \/>\n<strong>\u0160tevilo strani:<\/strong> 122 strani<br \/>\n<strong>Mere:<\/strong> 119 x 130 mm<\/p>\n<p>Humor in obilica zapletov v viharni in grozljivi zgodbi: tudi strah je v\u010dasih lahko zabaven! Takoj, ko mladi Brian sosedom pove, kaj je videl, se raz\u0161iri panika.<\/p>\n<p>&nbsp;<\/p>\n","protected":false},"featured_media":68730,"comment_status":"open","ping_status":"closed","template":"","meta":[],"product_brand":[],"product_cat":[2350,63],"product_tag":[2133,2419],"avtor":[2397],"zalozba":[2336],"vezava":[2307],"class_list":{"0":"post-68728","1":"product","2":"type-product","3":"status-publish","4":"has-post-thumbnail","6":"product_cat-za-mlade","7":"product_cat-knjige","8":"product_tag-avtizem","9":"product_tag-otroci-s-posebnimi-potrebami","10":"avtor-beatriz-oses","11":"zalozba-salve","12":"vezava-mehka","14":"first","15":"instock","16":"taxable","17":"shipping-taxable","18":"purchasable","19":"product-type-simple"},"yoast_head":"<!-- This site is optimized with the Yoast SEO plugin v26.3 - https:\/\/yoast.com\/wordpress\/plugins\/seo\/ -->\n<title>Brian McNeill: Panikus - trgovina Iskreni<\/title>\n<meta name=\"description\" content=\"Panikus je pustolovska knjiga, ki skriva obilico humorja in zapletov v viharni in grozljivi zgodbi de\u010dka Briana: tudi strah je v\u010dasih lahko zabaven!\" \/>\n<meta name=\"robots\" content=\"index, follow, max-snippet:-1, max-image-preview:large, max-video-preview:-1\" \/>\n<link rel=\"canonical\" href=\"https:\/\/www.iskreni.net\/trgovina\/product\/brian-mcneill-panikus\/\" \/>\n<meta property=\"og:locale\" content=\"sl_SI\" \/>\n<meta property=\"og:type\" content=\"article\" \/>\n<meta property=\"og:title\" content=\"Brian McNeill: Panikus\" \/>\n<meta property=\"og:description\" content=\"Panikus je pustolovska knjiga, ki skriva obilico humorja in zapletov v viharni in grozljivi zgodbi de\u010dka Briana: tudi strah je v\u010dasih lahko zabaven!\" \/>\n<meta property=\"og:url\" content=\"https:\/\/www.iskreni.net\/trgovina\/product\/brian-mcneill-panikus\/\" \/>\n<meta property=\"og:site_name\" content=\"Zavod Iskreni\" \/>\n<meta property=\"article:modified_time\" content=\"2026-02-20T09:45:55+00:00\" \/>\n<meta property=\"og:image\" content=\"https:\/\/www.iskreni.net\/trgovina\/wp-content\/uploads\/2023\/08\/Panikus.png\" \/>\n\t<meta property=\"og:image:width\" content=\"600\" \/>\n\t<meta property=\"og:image:height\" content=\"600\" \/>\n\t<meta property=\"og:image:type\" content=\"image\/png\" \/>\n<meta name=\"twitter:card\" content=\"summary_large_image\" \/>\n<meta name=\"twitter:label1\" content=\"Est. reading time\" \/>\n\t<meta name=\"twitter:data1\" content=\"2 minuti\" \/>\n<script type=\"application\/ld+json\" class=\"yoast-schema-graph\">{\"@context\":\"https:\/\/schema.org\",\"@graph\":[{\"@type\":\"WebPage\",\"@id\":\"https:\/\/www.iskreni.net\/trgovina\/product\/brian-mcneill-panikus\/\",\"url\":\"https:\/\/www.iskreni.net\/trgovina\/product\/brian-mcneill-panikus\/\",\"name\":\"Brian McNeill: Panikus - trgovina Iskreni\",\"isPartOf\":{\"@id\":\"https:\/\/www.iskreni.net\/trgovina\/#website\"},\"primaryImageOfPage\":{\"@id\":\"https:\/\/www.iskreni.net\/trgovina\/product\/brian-mcneill-panikus\/#primaryimage\"},\"image\":{\"@id\":\"https:\/\/www.iskreni.net\/trgovina\/product\/brian-mcneill-panikus\/#primaryimage\"},\"thumbnailUrl\":\"https:\/\/www.iskreni.net\/trgovina\/wp-content\/uploads\/2023\/08\/Panikus.png\",\"datePublished\":\"2023-08-10T14:56:45+00:00\",\"dateModified\":\"2026-02-20T09:45:55+00:00\",\"description\":\"Panikus je pustolovska knjiga, ki skriva obilico humorja in zapletov v viharni in grozljivi zgodbi de\u010dka Briana: tudi strah je v\u010dasih lahko zabaven!\",\"breadcrumb\":{\"@id\":\"https:\/\/www.iskreni.net\/trgovina\/product\/brian-mcneill-panikus\/#breadcrumb\"},\"inLanguage\":\"sl-SI\",\"potentialAction\":[{\"@type\":\"ReadAction\",\"target\":[\"https:\/\/www.iskreni.net\/trgovina\/product\/brian-mcneill-panikus\/\"]}]},{\"@type\":\"ImageObject\",\"inLanguage\":\"sl-SI\",\"@id\":\"https:\/\/www.iskreni.net\/trgovina\/product\/brian-mcneill-panikus\/#primaryimage\",\"url\":\"https:\/\/www.iskreni.net\/trgovina\/wp-content\/uploads\/2023\/08\/Panikus.png\",\"contentUrl\":\"https:\/\/www.iskreni.net\/trgovina\/wp-content\/uploads\/2023\/08\/Panikus.png\",\"width\":600,\"height\":600},{\"@type\":\"BreadcrumbList\",\"@id\":\"https:\/\/www.iskreni.net\/trgovina\/product\/brian-mcneill-panikus\/#breadcrumb\",\"itemListElement\":[{\"@type\":\"ListItem\",\"position\":1,\"name\":\"Home\",\"item\":\"https:\/\/www.iskreni.net\/trgovina\/\"},{\"@type\":\"ListItem\",\"position\":2,\"name\":\"Trgovina\",\"item\":\"https:\/\/www.iskreni.net\/trgovina\/trgovina\/\"},{\"@type\":\"ListItem\",\"position\":3,\"name\":\"Panikus\"}]},{\"@type\":\"WebSite\",\"@id\":\"https:\/\/www.iskreni.net\/trgovina\/#website\",\"url\":\"https:\/\/www.iskreni.net\/trgovina\/\",\"name\":\"Zavod Iskreni\",\"description\":\"trgovina\",\"potentialAction\":[{\"@type\":\"SearchAction\",\"target\":{\"@type\":\"EntryPoint\",\"urlTemplate\":\"https:\/\/www.iskreni.net\/trgovina\/?s={search_term_string}\"},\"query-input\":{\"@type\":\"PropertyValueSpecification\",\"valueRequired\":true,\"valueName\":\"search_term_string\"}}],\"inLanguage\":\"sl-SI\"}]}<\/script>\n<!-- \/ Yoast SEO plugin. -->","yoast_head_json":{"title":"Brian McNeill: Panikus - trgovina Iskreni","description":"Panikus je pustolovska knjiga, ki skriva obilico humorja in zapletov v viharni in grozljivi zgodbi de\u010dka Briana: tudi strah je v\u010dasih lahko zabaven!","robots":{"index":"index","follow":"follow","max-snippet":"max-snippet:-1","max-image-preview":"max-image-preview:large","max-video-preview":"max-video-preview:-1"},"canonical":"https:\/\/www.iskreni.net\/trgovina\/product\/brian-mcneill-panikus\/","og_locale":"sl_SI","og_type":"article","og_title":"Brian McNeill: Panikus","og_description":"Panikus je pustolovska knjiga, ki skriva obilico humorja in zapletov v viharni in grozljivi zgodbi de\u010dka Briana: tudi strah je v\u010dasih lahko zabaven!","og_url":"https:\/\/www.iskreni.net\/trgovina\/product\/brian-mcneill-panikus\/","og_site_name":"Zavod Iskreni","article_modified_time":"2026-02-20T09:45:55+00:00","og_image":[{"width":600,"height":600,"url":"https:\/\/www.iskreni.net\/trgovina\/wp-content\/uploads\/2023\/08\/Panikus.png","type":"image\/png"}],"twitter_card":"summary_large_image","twitter_misc":{"Est. reading time":"2 minuti"},"schema":{"@context":"https:\/\/schema.org","@graph":[{"@type":"WebPage","@id":"https:\/\/www.iskreni.net\/trgovina\/product\/brian-mcneill-panikus\/","url":"https:\/\/www.iskreni.net\/trgovina\/product\/brian-mcneill-panikus\/","name":"Brian McNeill: Panikus - trgovina Iskreni","isPartOf":{"@id":"https:\/\/www.iskreni.net\/trgovina\/#website"},"primaryImageOfPage":{"@id":"https:\/\/www.iskreni.net\/trgovina\/product\/brian-mcneill-panikus\/#primaryimage"},"image":{"@id":"https:\/\/www.iskreni.net\/trgovina\/product\/brian-mcneill-panikus\/#primaryimage"},"thumbnailUrl":"https:\/\/www.iskreni.net\/trgovina\/wp-content\/uploads\/2023\/08\/Panikus.png","datePublished":"2023-08-10T14:56:45+00:00","dateModified":"2026-02-20T09:45:55+00:00","description":"Panikus je pustolovska knjiga, ki skriva obilico humorja in zapletov v viharni in grozljivi zgodbi de\u010dka Briana: tudi strah je v\u010dasih lahko zabaven!","breadcrumb":{"@id":"https:\/\/www.iskreni.net\/trgovina\/product\/brian-mcneill-panikus\/#breadcrumb"},"inLanguage":"sl-SI","potentialAction":[{"@type":"ReadAction","target":["https:\/\/www.iskreni.net\/trgovina\/product\/brian-mcneill-panikus\/"]}]},{"@type":"ImageObject","inLanguage":"sl-SI","@id":"https:\/\/www.iskreni.net\/trgovina\/product\/brian-mcneill-panikus\/#primaryimage","url":"https:\/\/www.iskreni.net\/trgovina\/wp-content\/uploads\/2023\/08\/Panikus.png","contentUrl":"https:\/\/www.iskreni.net\/trgovina\/wp-content\/uploads\/2023\/08\/Panikus.png","width":600,"height":600},{"@type":"BreadcrumbList","@id":"https:\/\/www.iskreni.net\/trgovina\/product\/brian-mcneill-panikus\/#breadcrumb","itemListElement":[{"@type":"ListItem","position":1,"name":"Home","item":"https:\/\/www.iskreni.net\/trgovina\/"},{"@type":"ListItem","position":2,"name":"Trgovina","item":"https:\/\/www.iskreni.net\/trgovina\/trgovina\/"},{"@type":"ListItem","position":3,"name":"Panikus"}]},{"@type":"WebSite","@id":"https:\/\/www.iskreni.net\/trgovina\/#website","url":"https:\/\/www.iskreni.net\/trgovina\/","name":"Zavod Iskreni","description":"trgovina","potentialAction":[{"@type":"SearchAction","target":{"@type":"EntryPoint","urlTemplate":"https:\/\/www.iskreni.net\/trgovina\/?s={search_term_string}"},"query-input":{"@type":"PropertyValueSpecification","valueRequired":true,"valueName":"search_term_string"}}],"inLanguage":"sl-SI"}]}},"_links":{"self":[{"href":"https:\/\/www.iskreni.net\/trgovina\/wp-json\/wp\/v2\/product\/68728","targetHints":{"allow":["GET"]}}],"collection":[{"href":"https:\/\/www.iskreni.net\/trgovina\/wp-json\/wp\/v2\/product"}],"about":[{"href":"https:\/\/www.iskreni.net\/trgovina\/wp-json\/wp\/v2\/types\/product"}],"replies":[{"embeddable":true,"href":"https:\/\/www.iskreni.net\/trgovina\/wp-json\/wp\/v2\/comments?post=68728"}],"version-history":[{"count":6,"href":"https:\/\/www.iskreni.net\/trgovina\/wp-json\/wp\/v2\/product\/68728\/revisions"}],"predecessor-version":[{"id":68821,"href":"https:\/\/www.iskreni.net\/trgovina\/wp-json\/wp\/v2\/product\/68728\/revisions\/68821"}],"wp:featuredmedia":[{"embeddable":true,"href":"https:\/\/www.iskreni.net\/trgovina\/wp-json\/wp\/v2\/media\/68730"}],"wp:attachment":[{"href":"https:\/\/www.iskreni.net\/trgovina\/wp-json\/wp\/v2\/media?parent=68728"}],"wp:term":[{"taxonomy":"product_brand","embeddable":true,"href":"https:\/\/www.iskreni.net\/trgovina\/wp-json\/wp\/v2\/product_brand?post=68728"},{"taxonomy":"product_cat","embeddable":true,"href":"https:\/\/www.iskreni.net\/trgovina\/wp-json\/wp\/v2\/product_cat?post=68728"},{"taxonomy":"product_tag","embeddable":true,"href":"https:\/\/www.iskreni.net\/trgovina\/wp-json\/wp\/v2\/product_tag?post=68728"},{"taxonomy":"avtor","embeddable":true,"href":"https:\/\/www.iskreni.net\/trgovina\/wp-json\/wp\/v2\/avtor?post=68728"},{"taxonomy":"zalozba","embeddable":true,"href":"https:\/\/www.iskreni.net\/trgovina\/wp-json\/wp\/v2\/zalozba?post=68728"},{"taxonomy":"vezava","embeddable":true,"href":"https:\/\/www.iskreni.net\/trgovina\/wp-json\/wp\/v2\/vezava?post=68728"}],"curies":[{"name":"wp","href":"https:\/\/api.w.org\/{rel}","templated":true}]}}